{"id":5592,"date":"2022-02-22T02:23:26","date_gmt":"2022-02-22T02:23:26","guid":{"rendered":"https:\/\/medicinasinc.com\/sk\/?post_type=product&#038;p=5592"},"modified":"2022-03-22T00:54:35","modified_gmt":"2022-03-22T00:54:35","slug":"kupit-eth-lad-prasok","status":"publish","type":"product","link":"https:\/\/medicinasinc.com\/sk\/product\/kupit-eth-lad-prasok\/","title":{"rendered":"K\u00fapte si pr\u00e1\u0161ok ETH-LAD"},"content":{"rendered":"<p>Zdroj na z\u00edskanie pr\u00e1\u0161ku ETH-LAD, ETH-LAD na predaj<\/p>\n<p>V\u00fdrobca pr\u00e1\u0161ku ETH-LAD v \u010c\u00edne. Dod\u00e1vatelia a ve\u013ekoobchodn\u00edci pr\u00e1\u0161ku ETH-LAD. \u010c\u00ednske v\u00fdskumn\u00e9 chemik\u00e1lie na predaj: ETH-LAD pr\u00e1\u0161ok<\/p>\n<p>Ladd, tie\u017e zn\u00e1my ako ETH-LAD, je cyklick\u00fd tetrahydroindol (zn\u00e1my aj ako ETH-LAD alebo ETH-LAD).<\/p>\n<p> \u010clen lysergamidovej rodiny chinol\u00edn-9-karboxamid. ETH-LAD je anal\u00f3g LSD, ktor\u00fd bol len ned\u00e1vno dostupn\u00fd v\u00fdskumnej komunite, \u010d\u00edm sa otvorilo mno\u017estvo mo\u017enost\u00ed na \u0161t\u00fadium jeho \u00fa\u010dinkov. Ako je podrobne uveden\u00e9 v knihe TiHKAL Alexandra Shulgina zo 70. rokov, ETH-LAD syntetizovala japonsk\u00e1 v\u00fdskumn\u00e1 skupina v 70. rokoch.<\/p>\n<p>Popis produktu:<\/p>\n<p>Krajiny p\u00f4vodu: \u010c\u00edna; Holandsko; Litva; Spojen\u00e9 \u0161t\u00e1ty americk\u00e9<br \/> ETH-LAD Powder je jeho ofici\u00e1lny n\u00e1zov.<br \/> MF: Moment\u00e1lne \u017eiadne.<br \/> \u010distota: v\u00e4\u010d\u0161ia alebo rovn\u00e1 99,5 percenta<br \/> Vzh\u013ead blotterov<br \/> Plastov\u00e9 alebo hlin\u00edkov\u00e9 f\u00f3liov\u00e9 vrecko na balenie<\/p>\n<p>Platobn\u00e9 podmienky:<\/p>\n<p>Minim\u00e1lne mno\u017estvo objedn\u00e1vky je desa\u0165 jednotiek. Pla\u0165te bitcoinmi, Money Gram, bankov\u00fdm prevodom alebo ak\u00fdmko\u013evek sp\u00f4sobom, ktor\u00fd sa v\u00e1m p\u00e1\u010di.<\/p>\n<p>Vzorky s\u00fa k dispoz\u00edcii zadarmo.<\/p>\n<p>Ka\u017ed\u00e1 objedn\u00e1vka obsahuje bezplatn\u00e9 bonusov\u00e9 vzorky. P\u00e4\u0165 r\u00f4znych polo\u017eiek, z ktor\u00fdch ka\u017ed\u00e1 v\u00e1\u017ei dva gramy.<br \/> Vzorov\u00e1 sada 10 alebo viacer\u00fdch tovarov, ka\u017ed\u00e1 s hmotnos\u0165ou 5-10 gramov, stoj\u00ed 400 USD a zah\u0155\u0148a doru\u010denie. Ak chcete zada\u0165 objedn\u00e1vku, kontaktujte n\u00e1s.<\/p>\n<p>Dodacie a prepravn\u00e9 podmienky:<\/p>\n<p>Po prijat\u00ed platby bud\u00fa produkty odoslan\u00e9 do jedn\u00e9ho pracovn\u00e9ho d\u0148a.<br \/> UPS, EMS, Na odoslanie polo\u017eiek sa pou\u017eij\u00fa DHL, TNT alebo FEDEX. Pre ka\u017ed\u00fa krajinu vyberieme pre v\u00e1s najlep\u0161ieho kuri\u00e9ra a najbezpe\u010dnej\u0161\u00ed sp\u00f4sob dopravy.<br \/> 5.-14 dn\u00ed pre \u010das doru\u010denia EMS. 4-7 dn\u00ed pre DHL, UPS a FedEx.<br \/> Rusko, Austr\u00e1lia a Kanada maj\u00fa pr\u00edsne coln\u00e9 predpisy, s ktor\u00fdmi v\u00e1m m\u00f4\u017eeme pom\u00f4c\u0165.<br \/> Vo v\u00e4\u010d\u0161ine pr\u00edpadov dostanete svoju objedn\u00e1vku do \u0161tyroch do siedmich dn\u00ed. Polo\u017eky bud\u00fa znova odoslan\u00e9, ak sa stratia alebo z ak\u00e9hoko\u013evek d\u00f4vodu nebud\u00fa prijat\u00e9.<\/p>\n<p>Ak potrebujete \u010fal\u0161ie inform\u00e1cie, kontaktujte n\u00e1s.<\/p>\n<p>Pozn\u00e1mka:<\/p>\n<p>My m\u00e1me ve\u013ek\u00fa glob\u00e1lnu z\u00e1kazn\u00edcku z\u00e1klad\u0148u a te\u0161\u00edme sa na dlhodob\u00fa spolupr\u00e1cu s vami. Pre \u010fal\u0161ie inform\u00e1cie n\u00e1s nev\u00e1hajte kontaktova\u0165. Urob\u00edme v\u0161etko pre to, aby sme v\u00e1m pomohli. \u010eakujem ve\u013emi pekne!<\/p>\n","protected":false},"excerpt":{"rendered":"<div class=\"g\">\n<div data-hveid=\"CAUQAA\" data-ved=\"2ahUKEwiXmcfFl6nzAhVLQEEAHXkQAPMQFSgAegQIBRAA\">\n<div class=\"tF2Cxc\">\n<div class=\"IsZvec\">\n<div>\n<p>Na\u0161i Best GlobalMeds online shop pon\u00faka r\u00fdchle celosvetov\u00e9 dodanie pr\u00e1\u0161ku ETH-LAD, ktor\u00fd sa vyr\u00e1ba v Eur\u00f3pe a Spojenom kr\u00e1\u013eovstve. N\u00e1jdite najlep\u0161\u00ed pr\u00e1\u0161ok ETH-LAD na trhu priamo tu.<br \/> Distrib\u00fator farmaceutick\u00fdch medziproduktov a v\u00fdskumn\u00fdch chemik\u00e1li\u00ed od \u010d\u00ednskeho dod\u00e1vate\u013ea pr\u00e1\u0161ku ETH-LAD<br \/> M\u00f4\u017eete si k\u00fapi\u0165 pr\u00e1\u0161ok ETH-LAD z tejto str\u00e1nky. <br \/> Eur\u00f3psky dod\u00e1vate\u013e pr\u00e1\u0161ku ETH-LAD.<br \/> Anal\u00f3g LSD s n\u00e1zvom ETH-LAD Powder je mo\u017en\u00e9 zak\u00fapi\u0165 online.<br \/> Podobne ako LSD je ETH-LAD halucinog\u00e9nna l\u00e1tka.<\/p>\n<p>LSD anal\u00f3gov\u00fd pr\u00e1\u0161ok ETH-LAD. Akt\u00edvna d\u00e1vka ETH-LAD, psychedelickej drogy s rozsahom \u00fa\u010dinnosti medzi 20 a 150 mikrogramami, je porovnate\u013en\u00e1 s d\u00e1vkou LSD.<\/p>\n<p>ETH-LAD pr\u00e1\u0161ok je mo\u017en\u00e9 zak\u00fapi\u0165.<\/p>\n<p>Dietylamid kyseliny 6-etyl-6-nor-lysergovej IUPAC je pr\u00e1\u0161ok ETH-LAD<\/p>\n<p>Objedn\u00e1vky bud\u00fa odoslan\u00e9 z nasleduj\u00facich kraj\u00edn: Franc\u00fazsko, Nemecko, Spojen\u00e9 kr\u00e1\u013eovstvo a \u0160v\u00e9dsko.<\/p>\n<\/p><\/div>\n<\/p><\/div>\n<\/p><\/div>\n<\/p><\/div>\n<\/p><\/div>\n","protected":false},"featured_media":5604,"comment_status":"open","ping_status":"closed","template":"","meta":[],"product_brand":[],"product_cat":[2014],"product_tag":[3264,3266,3276,3268,3269,3270,3274,3273,3275,3280,3265,3263,3272,3279,3267,3271,3277,3278],"class_list":{"0":"post-5592","1":"product","2":"type-product","3":"status-publish","4":"has-post-thumbnail","6":"product_cat-k-c3-bapi-c5-a5-v-c3-bdskumn-c3-a9-chemik-c3-a1lie","7":"product_tag-buy-eth-lad-powder-uk","8":"product_tag-eth-lad-efekt","9":"product_tag-eth-lad-retails","10":"product_tag-eth-lad-powder","11":"product_tag-eth-lad-powder-effect","12":"product_tag-eth-lad-powder-europe","13":"product_tag-eth-lad-powder-wholesale","14":"product_tag-eth-lad-powder-uk","15":"product_tag-eth-lad-reddit","16":"product_tag-kde-kpi-eth-mlad-prok","17":"product_tag-eth-lad-buy","18":"product_tag-kpi-eth-lad-prok","19":"product_tag-eth-lad-powder-retail","20":"product_tag-poriadok-eth-lad-prok","21":"product_tag-eth-lad-order","22":"product_tag-eth-lad-powder-for-sale","23":"product_tag-eth-lad-review","24":"product_tag-eth-lad-vekoobchod","26":"first","27":"instock","28":"shipping-taxable","29":"purchasable","30":"product-type-variable","31":"has-default-attributes"},"yoast_head":"<!-- This site is optimized with the Yoast SEO plugin v27.3 - https:\/\/yoast.com\/product\/yoast-seo-wordpress\/ -->\n<title>K\u00fapte si pr\u00e1\u0161ok ETH-LAD - pr\u00e1\u0161ok ETH-LAD online - najlep\u0161ie glob\u00e1lne lieky<\/title>\n<meta name=\"description\" content=\"K\u00fapte si pr\u00e1\u0161ok ETH-LAD Europe, UK Online v na\u0161om internetovom obchode Bestglobalmeds s r\u00fdchlym celosvetov\u00fdm doru\u010den\u00edm! Najlep\u0161\u00ed pr\u00e1\u0161ok ETH-LAD na objedn\u00e1vku n\u00e1jdete tu!\" \/>\n<meta name=\"robots\" content=\"index, follow, max-snippet:-1, max-image-preview:large, max-video-preview:-1\" \/>\n<link rel=\"canonical\" href=\"https:\/\/medicinasinc.com\/sk\/product\/kupit-eth-lad-prasok\/\" \/>\n<meta property=\"og:locale\" content=\"en_US\" \/>\n<meta property=\"og:type\" content=\"article\" \/>\n<meta property=\"og:title\" content=\"K\u00fapte si pr\u00e1\u0161ok ETH-LAD - pr\u00e1\u0161ok ETH-LAD online - najlep\u0161ie glob\u00e1lne lieky\" \/>\n<meta property=\"og:description\" content=\"K\u00fapte si pr\u00e1\u0161ok ETH-LAD Europe, UK Online v na\u0161om internetovom obchode Bestglobalmeds s r\u00fdchlym celosvetov\u00fdm doru\u010den\u00edm! Najlep\u0161\u00ed pr\u00e1\u0161ok ETH-LAD na objedn\u00e1vku n\u00e1jdete tu!\" \/>\n<meta property=\"og:url\" content=\"https:\/\/medicinasinc.com\/sk\/product\/kupit-eth-lad-prasok\/\" \/>\n<meta property=\"og:site_name\" content=\"Medicinas Inc\" \/>\n<meta property=\"article:modified_time\" content=\"2022-03-22T00:54:35+00:00\" \/>\n<meta property=\"og:image\" content=\"https:\/\/medicinasinc.com\/sk\/wp-content\/uploads\/sites\/10\/2022\/02\/Buy-ETH-LAD-Powder.jpg\" \/>\n\t<meta property=\"og:image:width\" content=\"600\" \/>\n\t<meta property=\"og:image:height\" content=\"600\" \/>\n\t<meta property=\"og:image:type\" content=\"image\/jpeg\" \/>\n<meta name=\"twitter:card\" content=\"summary_large_image\" \/>\n<meta name=\"twitter:label1\" content=\"Est. reading time\" \/>\n\t<meta name=\"twitter:data1\" content=\"2 minutes\" \/>\n<script type=\"application\/ld+json\" class=\"yoast-schema-graph\">{\"@context\":\"https:\\\/\\\/schema.org\",\"@graph\":[{\"@type\":\"WebPage\",\"@id\":\"https:\\\/\\\/medicinasinc.com\\\/sk\\\/product\\\/kupit-eth-lad-prasok\\\/\",\"url\":\"https:\\\/\\\/medicinasinc.com\\\/sk\\\/product\\\/kupit-eth-lad-prasok\\\/\",\"name\":\"K\u00fapte si pr\u00e1\u0161ok ETH-LAD - pr\u00e1\u0161ok ETH-LAD online - najlep\u0161ie glob\u00e1lne lieky\",\"isPartOf\":{\"@id\":\"https:\\\/\\\/medicinasinc.com\\\/sk\\\/#website\"},\"primaryImageOfPage\":{\"@id\":\"https:\\\/\\\/medicinasinc.com\\\/sk\\\/product\\\/kupit-eth-lad-prasok\\\/#primaryimage\"},\"image\":{\"@id\":\"https:\\\/\\\/medicinasinc.com\\\/sk\\\/product\\\/kupit-eth-lad-prasok\\\/#primaryimage\"},\"thumbnailUrl\":\"https:\\\/\\\/medicinasinc.com\\\/sk\\\/wp-content\\\/uploads\\\/sites\\\/10\\\/2022\\\/02\\\/Buy-ETH-LAD-Powder.jpg\",\"datePublished\":\"2022-02-22T02:23:26+00:00\",\"dateModified\":\"2022-03-22T00:54:35+00:00\",\"description\":\"K\u00fapte si pr\u00e1\u0161ok ETH-LAD Europe, UK Online v na\u0161om internetovom obchode Bestglobalmeds s r\u00fdchlym celosvetov\u00fdm doru\u010den\u00edm! Najlep\u0161\u00ed pr\u00e1\u0161ok ETH-LAD na objedn\u00e1vku n\u00e1jdete tu!\",\"breadcrumb\":{\"@id\":\"https:\\\/\\\/medicinasinc.com\\\/sk\\\/product\\\/kupit-eth-lad-prasok\\\/#breadcrumb\"},\"inLanguage\":\"en-US\",\"potentialAction\":[{\"@type\":\"ReadAction\",\"target\":[\"https:\\\/\\\/medicinasinc.com\\\/sk\\\/product\\\/kupit-eth-lad-prasok\\\/\"]}]},{\"@type\":\"ImageObject\",\"inLanguage\":\"en-US\",\"@id\":\"https:\\\/\\\/medicinasinc.com\\\/sk\\\/product\\\/kupit-eth-lad-prasok\\\/#primaryimage\",\"url\":\"https:\\\/\\\/medicinasinc.com\\\/sk\\\/wp-content\\\/uploads\\\/sites\\\/10\\\/2022\\\/02\\\/Buy-ETH-LAD-Powder.jpg\",\"contentUrl\":\"https:\\\/\\\/medicinasinc.com\\\/sk\\\/wp-content\\\/uploads\\\/sites\\\/10\\\/2022\\\/02\\\/Buy-ETH-LAD-Powder.jpg\",\"width\":600,\"height\":600},{\"@type\":\"BreadcrumbList\",\"@id\":\"https:\\\/\\\/medicinasinc.com\\\/sk\\\/product\\\/kupit-eth-lad-prasok\\\/#breadcrumb\",\"itemListElement\":[{\"@type\":\"ListItem\",\"position\":1,\"name\":\"Obchod\",\"item\":\"https:\\\/\\\/medicinasinc.com\\\/sk\\\/obchod\\\/\"},{\"@type\":\"ListItem\",\"position\":2,\"name\":\"K\u00fapte si pr\u00e1\u0161ok ETH-LAD\"}]},{\"@type\":\"WebSite\",\"@id\":\"https:\\\/\\\/medicinasinc.com\\\/sk\\\/#website\",\"url\":\"https:\\\/\\\/medicinasinc.com\\\/sk\\\/\",\"name\":\"Medicinas Inc\",\"description\":\"Health Medical Clinic\",\"potentialAction\":[{\"@type\":\"SearchAction\",\"target\":{\"@type\":\"EntryPoint\",\"urlTemplate\":\"https:\\\/\\\/medicinasinc.com\\\/sk\\\/?s={search_term_string}\"},\"query-input\":{\"@type\":\"PropertyValueSpecification\",\"valueRequired\":true,\"valueName\":\"search_term_string\"}}],\"inLanguage\":\"en-US\"}]}<\/script>\n<!-- \/ Yoast SEO plugin. -->","yoast_head_json":{"title":"K\u00fapte si pr\u00e1\u0161ok ETH-LAD - pr\u00e1\u0161ok ETH-LAD online - najlep\u0161ie glob\u00e1lne lieky","description":"K\u00fapte si pr\u00e1\u0161ok ETH-LAD Europe, UK Online v na\u0161om internetovom obchode Bestglobalmeds s r\u00fdchlym celosvetov\u00fdm doru\u010den\u00edm! Najlep\u0161\u00ed pr\u00e1\u0161ok ETH-LAD na objedn\u00e1vku n\u00e1jdete tu!","robots":{"index":"index","follow":"follow","max-snippet":"max-snippet:-1","max-image-preview":"max-image-preview:large","max-video-preview":"max-video-preview:-1"},"canonical":"https:\/\/medicinasinc.com\/sk\/product\/kupit-eth-lad-prasok\/","og_locale":"en_US","og_type":"article","og_title":"K\u00fapte si pr\u00e1\u0161ok ETH-LAD - pr\u00e1\u0161ok ETH-LAD online - najlep\u0161ie glob\u00e1lne lieky","og_description":"K\u00fapte si pr\u00e1\u0161ok ETH-LAD Europe, UK Online v na\u0161om internetovom obchode Bestglobalmeds s r\u00fdchlym celosvetov\u00fdm doru\u010den\u00edm! Najlep\u0161\u00ed pr\u00e1\u0161ok ETH-LAD na objedn\u00e1vku n\u00e1jdete tu!","og_url":"https:\/\/medicinasinc.com\/sk\/product\/kupit-eth-lad-prasok\/","og_site_name":"Medicinas Inc","article_modified_time":"2022-03-22T00:54:35+00:00","og_image":[{"width":600,"height":600,"url":"https:\/\/medicinasinc.com\/sk\/wp-content\/uploads\/sites\/10\/2022\/02\/Buy-ETH-LAD-Powder.jpg","type":"image\/jpeg"}],"twitter_card":"summary_large_image","twitter_misc":{"Est. reading time":"2 minutes"},"schema":{"@context":"https:\/\/schema.org","@graph":[{"@type":"WebPage","@id":"https:\/\/medicinasinc.com\/sk\/product\/kupit-eth-lad-prasok\/","url":"https:\/\/medicinasinc.com\/sk\/product\/kupit-eth-lad-prasok\/","name":"K\u00fapte si pr\u00e1\u0161ok ETH-LAD - pr\u00e1\u0161ok ETH-LAD online - najlep\u0161ie glob\u00e1lne lieky","isPartOf":{"@id":"https:\/\/medicinasinc.com\/sk\/#website"},"primaryImageOfPage":{"@id":"https:\/\/medicinasinc.com\/sk\/product\/kupit-eth-lad-prasok\/#primaryimage"},"image":{"@id":"https:\/\/medicinasinc.com\/sk\/product\/kupit-eth-lad-prasok\/#primaryimage"},"thumbnailUrl":"https:\/\/medicinasinc.com\/sk\/wp-content\/uploads\/sites\/10\/2022\/02\/Buy-ETH-LAD-Powder.jpg","datePublished":"2022-02-22T02:23:26+00:00","dateModified":"2022-03-22T00:54:35+00:00","description":"K\u00fapte si pr\u00e1\u0161ok ETH-LAD Europe, UK Online v na\u0161om internetovom obchode Bestglobalmeds s r\u00fdchlym celosvetov\u00fdm doru\u010den\u00edm! Najlep\u0161\u00ed pr\u00e1\u0161ok ETH-LAD na objedn\u00e1vku n\u00e1jdete tu!","breadcrumb":{"@id":"https:\/\/medicinasinc.com\/sk\/product\/kupit-eth-lad-prasok\/#breadcrumb"},"inLanguage":"en-US","potentialAction":[{"@type":"ReadAction","target":["https:\/\/medicinasinc.com\/sk\/product\/kupit-eth-lad-prasok\/"]}]},{"@type":"ImageObject","inLanguage":"en-US","@id":"https:\/\/medicinasinc.com\/sk\/product\/kupit-eth-lad-prasok\/#primaryimage","url":"https:\/\/medicinasinc.com\/sk\/wp-content\/uploads\/sites\/10\/2022\/02\/Buy-ETH-LAD-Powder.jpg","contentUrl":"https:\/\/medicinasinc.com\/sk\/wp-content\/uploads\/sites\/10\/2022\/02\/Buy-ETH-LAD-Powder.jpg","width":600,"height":600},{"@type":"BreadcrumbList","@id":"https:\/\/medicinasinc.com\/sk\/product\/kupit-eth-lad-prasok\/#breadcrumb","itemListElement":[{"@type":"ListItem","position":1,"name":"Obchod","item":"https:\/\/medicinasinc.com\/sk\/obchod\/"},{"@type":"ListItem","position":2,"name":"K\u00fapte si pr\u00e1\u0161ok ETH-LAD"}]},{"@type":"WebSite","@id":"https:\/\/medicinasinc.com\/sk\/#website","url":"https:\/\/medicinasinc.com\/sk\/","name":"Medicinas Inc","description":"Health Medical Clinic","potentialAction":[{"@type":"SearchAction","target":{"@type":"EntryPoint","urlTemplate":"https:\/\/medicinasinc.com\/sk\/?s={search_term_string}"},"query-input":{"@type":"PropertyValueSpecification","valueRequired":true,"valueName":"search_term_string"}}],"inLanguage":"en-US"}]}},"_links":{"self":[{"href":"https:\/\/medicinasinc.com\/sk\/wp-json\/wp\/v2\/product\/5592","targetHints":{"allow":["GET"]}}],"collection":[{"href":"https:\/\/medicinasinc.com\/sk\/wp-json\/wp\/v2\/product"}],"about":[{"href":"https:\/\/medicinasinc.com\/sk\/wp-json\/wp\/v2\/types\/product"}],"replies":[{"embeddable":true,"href":"https:\/\/medicinasinc.com\/sk\/wp-json\/wp\/v2\/comments?post=5592"}],"wp:featuredmedia":[{"embeddable":true,"href":"https:\/\/medicinasinc.com\/sk\/wp-json\/wp\/v2\/media\/5604"}],"wp:attachment":[{"href":"https:\/\/medicinasinc.com\/sk\/wp-json\/wp\/v2\/media?parent=5592"}],"wp:term":[{"taxonomy":"product_brand","embeddable":true,"href":"https:\/\/medicinasinc.com\/sk\/wp-json\/wp\/v2\/product_brand?post=5592"},{"taxonomy":"product_cat","embeddable":true,"href":"https:\/\/medicinasinc.com\/sk\/wp-json\/wp\/v2\/product_cat?post=5592"},{"taxonomy":"product_tag","embeddable":true,"href":"https:\/\/medicinasinc.com\/sk\/wp-json\/wp\/v2\/product_tag?post=5592"}],"curies":[{"name":"wp","href":"https:\/\/api.w.org\/{rel}","templated":true}]}}