{"id":5591,"date":"2022-02-22T02:21:39","date_gmt":"2022-02-22T02:21:39","guid":{"rendered":"https:\/\/medicinasinc.com\/sk\/?post_type=product&#038;p=5591"},"modified":"2022-03-22T00:54:47","modified_gmt":"2022-03-22T00:54:47","slug":"kupit-mexedrone-krystal","status":"publish","type":"product","link":"https:\/\/medicinasinc.com\/sk\/product\/kupit-mexedrone-krystal\/","title":{"rendered":"K\u00fapte si Mexedrone Crystal"},"content":{"rendered":"<p>K\u00fapte si Mexedrone MXE Crystal na internete.<\/p>\n<p>Existuje chemik\u00e1lia s n\u00e1zvom Mexedrone, o ktorej sa predpoklad\u00e1, \u017ee je stimulantom a mo\u017enou euf\u00f3riou. Naz\u00fdva sa 3-metoxy-2-(metylamino)-1-(p-tolyl)prop\u00e1n-1-\u00f3n. Mexedrone je nov\u00fd druh mmc.<\/p>\n<p>\u010c. pr\u00edpadu: Vzorec je C12H17NO2. IUPAC je: 3-metoxy-2-(metylamino)-1-(p-tolyl)prop\u00e1n-1-\u00f3n<\/p>\n<div class=\"ProductDescriptionContainer\">\n<p>&nbsp;<\/p>\n<\/p><\/div>\n","protected":false},"excerpt":{"rendered":"<p>Mexedrone Crystal si m\u00f4\u017eete k\u00fapi\u0165 online v Spojenom kr\u00e1\u013eovstve a Eur\u00f3pe. Mexedrone MXE Power, niekedy zn\u00e1my ako MEX alebo 4-MMC-Ome, je skratka pre Mexedrone MXE. Okam\u017eite si objednajte v Best Global Meds!<\/p>\n<p>K\u00fapte si Mexedrone Crystal online za bitcoiny &#8211; je to bezpe\u010dn\u00e9 a zabezpe\u010den\u00e9.<\/p>\n<p>M\u00f4\u017eete si k\u00fapi\u0165 leg\u00e1lne lie\u010div\u00e1 online, ako aj v\u00fdskumn\u00e9 zl\u00fa\u010deniny, surov\u00e9 farmaceutick\u00e9 kry\u0161t\u00e1ly a \u010fal\u0161ie.<\/p>\n<p>Kde k\u00fapi\u0165 Mexedrone MXE Crystal? Kry\u0161t\u00e1l MXE pre Mexedrone. Tie\u017e zn\u00e1my ako MEX, 4-MMC-Ome a Mexedrone.<\/p>\n","protected":false},"featured_media":5602,"comment_status":"open","ping_status":"closed","template":"","meta":[],"product_brand":[],"product_cat":[2014],"product_tag":[3250,3259,3251,3260,3249,3257,3254,3255,3256,3252,3261,3262,3253,3258],"class_list":{"0":"post-5591","1":"product","2":"type-product","3":"status-publish","4":"has-post-thumbnail","6":"product_cat-k-c3-bapi-c5-a5-v-c3-bdskumn-c3-a9-chemik-c3-a1lie","7":"product_tag-buy-mxe-crystal","8":"product_tag-mxe-crystal","9":"product_tag-mexedrone-crystal-buy","10":"product_tag-mxe-crystal-buy","11":"product_tag-kpi-mexedrone-krytl","12":"product_tag-mexedrone-crystal-maloobchod","13":"product_tag-mexedrone-crystal-online","14":"product_tag-mexedrone-crystal-order","15":"product_tag-mexedrone-crystal-reddit","16":"product_tag-mexedrnov-krytlov-efekt","17":"product_tag-mxe-crystal-for-sale","18":"product_tag-mxe-crystal-order","19":"product_tag-mexedrone-crystal-na-predaj","20":"product_tag-mexedrone-crystal-vekoobchod","22":"first","23":"instock","24":"shipping-taxable","25":"purchasable","26":"product-type-variable","27":"has-default-attributes"},"yoast_head":"<!-- This site is optimized with the Yoast SEO plugin v27.3 - https:\/\/yoast.com\/product\/yoast-seo-wordpress\/ -->\n<title>K\u00fapte si Mexedrone MXE Crystal - najlep\u0161ie glob\u00e1lne lieky<\/title>\n<meta name=\"description\" content=\"K\u00fapte si Mexedrone Crystal na predaj vo Ve\u013ekej Brit\u00e1nii, Eur\u00f3pe Online. Mexedrone MXE Power, Mexedrone, tie\u017e ozna\u010dovan\u00fd ako MEX alebo 4-MMC-Ome. Objednajte si teraz v Best Global Meds\" \/>\n<meta name=\"robots\" content=\"index, follow, max-snippet:-1, max-image-preview:large, max-video-preview:-1\" \/>\n<link rel=\"canonical\" href=\"https:\/\/medicinasinc.com\/sk\/product\/kupit-mexedrone-krystal\/\" \/>\n<meta property=\"og:locale\" content=\"en_US\" \/>\n<meta property=\"og:type\" content=\"article\" \/>\n<meta property=\"og:title\" content=\"K\u00fapte si Mexedrone MXE Crystal - najlep\u0161ie glob\u00e1lne lieky\" \/>\n<meta property=\"og:description\" content=\"K\u00fapte si Mexedrone Crystal na predaj vo Ve\u013ekej Brit\u00e1nii, Eur\u00f3pe Online. Mexedrone MXE Power, Mexedrone, tie\u017e ozna\u010dovan\u00fd ako MEX alebo 4-MMC-Ome. Objednajte si teraz v Best Global Meds\" \/>\n<meta property=\"og:url\" content=\"https:\/\/medicinasinc.com\/sk\/product\/kupit-mexedrone-krystal\/\" \/>\n<meta property=\"og:site_name\" content=\"Medicinas Inc\" \/>\n<meta property=\"article:modified_time\" content=\"2022-03-22T00:54:47+00:00\" \/>\n<meta property=\"og:image\" content=\"https:\/\/medicinasinc.com\/sk\/wp-content\/uploads\/sites\/10\/2022\/02\/Buy-Mexedrone-Crystal.jpg\" \/>\n\t<meta property=\"og:image:width\" content=\"600\" \/>\n\t<meta property=\"og:image:height\" content=\"600\" \/>\n\t<meta property=\"og:image:type\" content=\"image\/jpeg\" \/>\n<meta name=\"twitter:card\" content=\"summary_large_image\" \/>\n<meta name=\"twitter:label1\" content=\"Est. reading time\" \/>\n\t<meta name=\"twitter:data1\" content=\"1 minute\" \/>\n<script type=\"application\/ld+json\" class=\"yoast-schema-graph\">{\"@context\":\"https:\\\/\\\/schema.org\",\"@graph\":[{\"@type\":\"WebPage\",\"@id\":\"https:\\\/\\\/medicinasinc.com\\\/sk\\\/product\\\/kupit-mexedrone-krystal\\\/\",\"url\":\"https:\\\/\\\/medicinasinc.com\\\/sk\\\/product\\\/kupit-mexedrone-krystal\\\/\",\"name\":\"K\u00fapte si Mexedrone MXE Crystal - najlep\u0161ie glob\u00e1lne lieky\",\"isPartOf\":{\"@id\":\"https:\\\/\\\/medicinasinc.com\\\/sk\\\/#website\"},\"primaryImageOfPage\":{\"@id\":\"https:\\\/\\\/medicinasinc.com\\\/sk\\\/product\\\/kupit-mexedrone-krystal\\\/#primaryimage\"},\"image\":{\"@id\":\"https:\\\/\\\/medicinasinc.com\\\/sk\\\/product\\\/kupit-mexedrone-krystal\\\/#primaryimage\"},\"thumbnailUrl\":\"https:\\\/\\\/medicinasinc.com\\\/sk\\\/wp-content\\\/uploads\\\/sites\\\/10\\\/2022\\\/02\\\/Buy-Mexedrone-Crystal.jpg\",\"datePublished\":\"2022-02-22T02:21:39+00:00\",\"dateModified\":\"2022-03-22T00:54:47+00:00\",\"description\":\"K\u00fapte si Mexedrone Crystal na predaj vo Ve\u013ekej Brit\u00e1nii, Eur\u00f3pe Online. Mexedrone MXE Power, Mexedrone, tie\u017e ozna\u010dovan\u00fd ako MEX alebo 4-MMC-Ome. Objednajte si teraz v Best Global Meds\",\"breadcrumb\":{\"@id\":\"https:\\\/\\\/medicinasinc.com\\\/sk\\\/product\\\/kupit-mexedrone-krystal\\\/#breadcrumb\"},\"inLanguage\":\"en-US\",\"potentialAction\":[{\"@type\":\"ReadAction\",\"target\":[\"https:\\\/\\\/medicinasinc.com\\\/sk\\\/product\\\/kupit-mexedrone-krystal\\\/\"]}]},{\"@type\":\"ImageObject\",\"inLanguage\":\"en-US\",\"@id\":\"https:\\\/\\\/medicinasinc.com\\\/sk\\\/product\\\/kupit-mexedrone-krystal\\\/#primaryimage\",\"url\":\"https:\\\/\\\/medicinasinc.com\\\/sk\\\/wp-content\\\/uploads\\\/sites\\\/10\\\/2022\\\/02\\\/Buy-Mexedrone-Crystal.jpg\",\"contentUrl\":\"https:\\\/\\\/medicinasinc.com\\\/sk\\\/wp-content\\\/uploads\\\/sites\\\/10\\\/2022\\\/02\\\/Buy-Mexedrone-Crystal.jpg\",\"width\":600,\"height\":600},{\"@type\":\"BreadcrumbList\",\"@id\":\"https:\\\/\\\/medicinasinc.com\\\/sk\\\/product\\\/kupit-mexedrone-krystal\\\/#breadcrumb\",\"itemListElement\":[{\"@type\":\"ListItem\",\"position\":1,\"name\":\"Obchod\",\"item\":\"https:\\\/\\\/medicinasinc.com\\\/sk\\\/obchod\\\/\"},{\"@type\":\"ListItem\",\"position\":2,\"name\":\"K\u00fapte si Mexedrone Crystal\"}]},{\"@type\":\"WebSite\",\"@id\":\"https:\\\/\\\/medicinasinc.com\\\/sk\\\/#website\",\"url\":\"https:\\\/\\\/medicinasinc.com\\\/sk\\\/\",\"name\":\"Medicinas Inc\",\"description\":\"Health Medical Clinic\",\"potentialAction\":[{\"@type\":\"SearchAction\",\"target\":{\"@type\":\"EntryPoint\",\"urlTemplate\":\"https:\\\/\\\/medicinasinc.com\\\/sk\\\/?s={search_term_string}\"},\"query-input\":{\"@type\":\"PropertyValueSpecification\",\"valueRequired\":true,\"valueName\":\"search_term_string\"}}],\"inLanguage\":\"en-US\"}]}<\/script>\n<!-- \/ Yoast SEO plugin. -->","yoast_head_json":{"title":"K\u00fapte si Mexedrone MXE Crystal - najlep\u0161ie glob\u00e1lne lieky","description":"K\u00fapte si Mexedrone Crystal na predaj vo Ve\u013ekej Brit\u00e1nii, Eur\u00f3pe Online. Mexedrone MXE Power, Mexedrone, tie\u017e ozna\u010dovan\u00fd ako MEX alebo 4-MMC-Ome. Objednajte si teraz v Best Global Meds","robots":{"index":"index","follow":"follow","max-snippet":"max-snippet:-1","max-image-preview":"max-image-preview:large","max-video-preview":"max-video-preview:-1"},"canonical":"https:\/\/medicinasinc.com\/sk\/product\/kupit-mexedrone-krystal\/","og_locale":"en_US","og_type":"article","og_title":"K\u00fapte si Mexedrone MXE Crystal - najlep\u0161ie glob\u00e1lne lieky","og_description":"K\u00fapte si Mexedrone Crystal na predaj vo Ve\u013ekej Brit\u00e1nii, Eur\u00f3pe Online. Mexedrone MXE Power, Mexedrone, tie\u017e ozna\u010dovan\u00fd ako MEX alebo 4-MMC-Ome. Objednajte si teraz v Best Global Meds","og_url":"https:\/\/medicinasinc.com\/sk\/product\/kupit-mexedrone-krystal\/","og_site_name":"Medicinas Inc","article_modified_time":"2022-03-22T00:54:47+00:00","og_image":[{"width":600,"height":600,"url":"https:\/\/medicinasinc.com\/sk\/wp-content\/uploads\/sites\/10\/2022\/02\/Buy-Mexedrone-Crystal.jpg","type":"image\/jpeg"}],"twitter_card":"summary_large_image","twitter_misc":{"Est. reading time":"1 minute"},"schema":{"@context":"https:\/\/schema.org","@graph":[{"@type":"WebPage","@id":"https:\/\/medicinasinc.com\/sk\/product\/kupit-mexedrone-krystal\/","url":"https:\/\/medicinasinc.com\/sk\/product\/kupit-mexedrone-krystal\/","name":"K\u00fapte si Mexedrone MXE Crystal - najlep\u0161ie glob\u00e1lne lieky","isPartOf":{"@id":"https:\/\/medicinasinc.com\/sk\/#website"},"primaryImageOfPage":{"@id":"https:\/\/medicinasinc.com\/sk\/product\/kupit-mexedrone-krystal\/#primaryimage"},"image":{"@id":"https:\/\/medicinasinc.com\/sk\/product\/kupit-mexedrone-krystal\/#primaryimage"},"thumbnailUrl":"https:\/\/medicinasinc.com\/sk\/wp-content\/uploads\/sites\/10\/2022\/02\/Buy-Mexedrone-Crystal.jpg","datePublished":"2022-02-22T02:21:39+00:00","dateModified":"2022-03-22T00:54:47+00:00","description":"K\u00fapte si Mexedrone Crystal na predaj vo Ve\u013ekej Brit\u00e1nii, Eur\u00f3pe Online. Mexedrone MXE Power, Mexedrone, tie\u017e ozna\u010dovan\u00fd ako MEX alebo 4-MMC-Ome. Objednajte si teraz v Best Global Meds","breadcrumb":{"@id":"https:\/\/medicinasinc.com\/sk\/product\/kupit-mexedrone-krystal\/#breadcrumb"},"inLanguage":"en-US","potentialAction":[{"@type":"ReadAction","target":["https:\/\/medicinasinc.com\/sk\/product\/kupit-mexedrone-krystal\/"]}]},{"@type":"ImageObject","inLanguage":"en-US","@id":"https:\/\/medicinasinc.com\/sk\/product\/kupit-mexedrone-krystal\/#primaryimage","url":"https:\/\/medicinasinc.com\/sk\/wp-content\/uploads\/sites\/10\/2022\/02\/Buy-Mexedrone-Crystal.jpg","contentUrl":"https:\/\/medicinasinc.com\/sk\/wp-content\/uploads\/sites\/10\/2022\/02\/Buy-Mexedrone-Crystal.jpg","width":600,"height":600},{"@type":"BreadcrumbList","@id":"https:\/\/medicinasinc.com\/sk\/product\/kupit-mexedrone-krystal\/#breadcrumb","itemListElement":[{"@type":"ListItem","position":1,"name":"Obchod","item":"https:\/\/medicinasinc.com\/sk\/obchod\/"},{"@type":"ListItem","position":2,"name":"K\u00fapte si Mexedrone Crystal"}]},{"@type":"WebSite","@id":"https:\/\/medicinasinc.com\/sk\/#website","url":"https:\/\/medicinasinc.com\/sk\/","name":"Medicinas Inc","description":"Health Medical Clinic","potentialAction":[{"@type":"SearchAction","target":{"@type":"EntryPoint","urlTemplate":"https:\/\/medicinasinc.com\/sk\/?s={search_term_string}"},"query-input":{"@type":"PropertyValueSpecification","valueRequired":true,"valueName":"search_term_string"}}],"inLanguage":"en-US"}]}},"_links":{"self":[{"href":"https:\/\/medicinasinc.com\/sk\/wp-json\/wp\/v2\/product\/5591","targetHints":{"allow":["GET"]}}],"collection":[{"href":"https:\/\/medicinasinc.com\/sk\/wp-json\/wp\/v2\/product"}],"about":[{"href":"https:\/\/medicinasinc.com\/sk\/wp-json\/wp\/v2\/types\/product"}],"replies":[{"embeddable":true,"href":"https:\/\/medicinasinc.com\/sk\/wp-json\/wp\/v2\/comments?post=5591"}],"wp:featuredmedia":[{"embeddable":true,"href":"https:\/\/medicinasinc.com\/sk\/wp-json\/wp\/v2\/media\/5602"}],"wp:attachment":[{"href":"https:\/\/medicinasinc.com\/sk\/wp-json\/wp\/v2\/media?parent=5591"}],"wp:term":[{"taxonomy":"product_brand","embeddable":true,"href":"https:\/\/medicinasinc.com\/sk\/wp-json\/wp\/v2\/product_brand?post=5591"},{"taxonomy":"product_cat","embeddable":true,"href":"https:\/\/medicinasinc.com\/sk\/wp-json\/wp\/v2\/product_cat?post=5591"},{"taxonomy":"product_tag","embeddable":true,"href":"https:\/\/medicinasinc.com\/sk\/wp-json\/wp\/v2\/product_tag?post=5591"}],"curies":[{"name":"wp","href":"https:\/\/api.w.org\/{rel}","templated":true}]}}