{"id":5590,"date":"2022-02-22T02:20:06","date_gmt":"2022-02-22T02:20:06","guid":{"rendered":"https:\/\/medicinasinc.com\/sk\/?post_type=product&#038;p=5590"},"modified":"2022-03-22T00:54:55","modified_gmt":"2022-03-22T00:54:55","slug":"kupit-metiopropamin-prasok","status":"publish","type":"product","link":"https:\/\/medicinasinc.com\/sk\/product\/kupit-metiopropamin-prasok\/","title":{"rendered":"K\u00fapte si metiopropam\u00ednov\u00fd pr\u00e1\u0161ok"},"content":{"rendered":"<p><strong>Nakupujte MPA Metiopropam\u00ednov\u00fd pr\u00e1\u0161ok na internete.<\/strong><\/p>\n<p>Metiopropam\u00edn, tie\u017e zn\u00e1my ako MPA, Methedrene a Syndrax, je \u0161truktur\u00e1lny anal\u00f3g metamfetam\u00ednu. M\u00e1 tiof\u00e9nov\u00fd kruh ako metamfetam\u00edn. Metiopropam\u00edn \u00fadajne okrem in\u00e9ho sp\u00f4sobuje miernu euf\u00f3riu a zv\u00fd\u0161enie povedomia. Je asi o tretinu silnej\u0161\u00ed ako dextroamfetam\u00edn.<\/p>\n<p>Cas number: 801156-47-8<br \/> Vzorec funguje takto: C8H13NS<br \/> IUPAC: 1-(Tiof\u00e9n-2- yl) 2-metylaminoprop\u00e1n je n\u00e1zov.<br \/> Vzh\u013ead:<br \/> \u010cistota:<\/p>\n<div class=\"product-next-previous\">\n<div class=\"product-prev\"><\/div><\/div>\n","protected":false},"excerpt":{"rendered":"<p>V na\u0161om internetovom obchode Bestglobalmeds.com si m\u00f4\u017eete k\u00fapi\u0165 pr\u00e1\u0161ok MPA metiopropam\u00edn na predaj vo Ve\u013ekej Brit\u00e1nii, Eur\u00f3pe a po celom svete! M\u00e1me na predaj najlep\u0161\u00ed metiopropam\u00edn MPA a m\u00f4\u017eete si ho u n\u00e1s k\u00fapi\u0165!<\/p>\n<p>Nakupujte MPA metiopropam\u00ednov\u00fd pr\u00e1\u0161ok na webe. Metiopropam\u00edn je n\u00e1zov lieku. Rovnako ako metamfetam\u00edn<br \/> Odpor\u00fa\u010dan\u00e1 d\u00e1vka je 100 a\u017e 200 mg.<\/p>\n<p>Nakupujte \u010dist\u00fd, vysokokvalitn\u00fd metiopropam\u00ednov\u00fd pr\u00e1\u0161ok online za bitcoiny \u2013 m\u00f4\u017eete to urobi\u0165.<\/p>\n<p>Nakupujte leg\u00e1lne drogy online, nakupujte chemik\u00e1lie na v\u00fdskum, surov\u00e9 farmaceutick\u00e9 pr\u00e1\u0161ky a \u010fal\u0161ie v obchode.<\/p>\n<p>Metiopropam\u00edn (MPA) je syntetick\u00e1 droga, ktor\u00e1 sa ve\u013emi podob\u00e1 amfetam\u00ednu a kedysi sa pred\u00e1vala ako leg\u00e1lna alternat\u00edvne&#8221; na koka\u00edn. Poradn\u00fd v\u00fdbor pre zneu\u017e\u00edvanie drog odporu\u010dil, aby bola MPA klasifikovan\u00e1 ako liek triedy B (ACMD).<\/p>\n","protected":false},"featured_media":5600,"comment_status":"open","ping_status":"closed","template":"","meta":[],"product_brand":[],"product_cat":[2014],"product_tag":[3233,3232,3242,3248,3234,3245,3240,3236,3237,3238,3243,3241,3239,3235,3247,3244,3246],"class_list":{"0":"post-5590","1":"product","2":"type-product","3":"status-publish","4":"has-post-thumbnail","6":"product_cat-k-c3-bapi-c5-a5-v-c3-bdskumn-c3-a9-chemik-c3-a1lie","7":"product_tag-ako-kpi-metiopropamn-online","8":"product_tag-buy-methiopropamine-online","9":"product_tag-dodvate-metiopropamnu","10":"product_tag-kde-kpi-metiopropamn-online","11":"product_tag-metiopropamn-kpi","12":"product_tag-nkup-metiopropamn-online","13":"product_tag-maloobchodn-predaj-metiopropamnu","14":"product_tag-methiopropamine-europe-wholesale","15":"product_tag-methiopropamine-for-sale","16":"product_tag-methiopropamine-order","17":"product_tag-methiopropamine-wholesale","18":"product_tag-metiopropam-c3-dna-prehad","19":"product_tag-metiopropamn-reddit","20":"product_tag-metiopropamnov-efekt","21":"product_tag-najlepie-miesto-na-nkup-metiopropamnu-online","22":"product_tag-objedna-metiopropamn-online","23":"product_tag-supplier-of-methiopropamine","25":"first","26":"instock","27":"shipping-taxable","28":"purchasable","29":"product-type-variable","30":"has-default-attributes"},"yoast_head":"<!-- This site is optimized with the Yoast SEO plugin v27.3 - https:\/\/yoast.com\/product\/yoast-seo-wordpress\/ -->\n<title>K\u00fapi\u0165 metiopropam\u00ednov\u00fd pr\u00e1\u0161ok \u2013 k\u00fapi\u0165 MPA \u2013 najlep\u0161ie glob\u00e1lne lieky<\/title>\n<meta name=\"description\" content=\"K\u00fapte si MPA Methiopropamine pr\u00e1\u0161ok vo Ve\u013ekej Brit\u00e1nii, Eur\u00f3pe v na\u0161om internetovom obchode Bestglobalmeds.com s r\u00fdchlym celosvetov\u00fdm doru\u010den\u00edm! Najlep\u0161\u00ed MPA metiopropam\u00edn na predaj n\u00e1jdete tu!\" \/>\n<meta name=\"robots\" content=\"index, follow, max-snippet:-1, max-image-preview:large, max-video-preview:-1\" \/>\n<link rel=\"canonical\" href=\"https:\/\/medicinasinc.com\/sk\/product\/kupit-metiopropamin-prasok\/\" \/>\n<meta property=\"og:locale\" content=\"en_US\" \/>\n<meta property=\"og:type\" content=\"article\" \/>\n<meta property=\"og:title\" content=\"K\u00fapi\u0165 metiopropam\u00ednov\u00fd pr\u00e1\u0161ok \u2013 k\u00fapi\u0165 MPA \u2013 najlep\u0161ie glob\u00e1lne lieky\" \/>\n<meta property=\"og:description\" content=\"K\u00fapte si MPA Methiopropamine pr\u00e1\u0161ok vo Ve\u013ekej Brit\u00e1nii, Eur\u00f3pe v na\u0161om internetovom obchode Bestglobalmeds.com s r\u00fdchlym celosvetov\u00fdm doru\u010den\u00edm! Najlep\u0161\u00ed MPA metiopropam\u00edn na predaj n\u00e1jdete tu!\" \/>\n<meta property=\"og:url\" content=\"https:\/\/medicinasinc.com\/sk\/product\/kupit-metiopropamin-prasok\/\" \/>\n<meta property=\"og:site_name\" content=\"Medicinas Inc\" \/>\n<meta property=\"article:modified_time\" content=\"2022-03-22T00:54:55+00:00\" \/>\n<meta property=\"og:image\" content=\"https:\/\/medicinasinc.com\/sk\/wp-content\/uploads\/sites\/10\/2022\/02\/Buy-Methiopropamine-powder.png\" \/>\n\t<meta property=\"og:image:width\" content=\"457\" \/>\n\t<meta property=\"og:image:height\" content=\"323\" \/>\n\t<meta property=\"og:image:type\" content=\"image\/png\" \/>\n<meta name=\"twitter:card\" content=\"summary_large_image\" \/>\n<meta name=\"twitter:label1\" content=\"Est. reading time\" \/>\n\t<meta name=\"twitter:data1\" content=\"1 minute\" \/>\n<script type=\"application\/ld+json\" class=\"yoast-schema-graph\">{\"@context\":\"https:\\\/\\\/schema.org\",\"@graph\":[{\"@type\":\"WebPage\",\"@id\":\"https:\\\/\\\/medicinasinc.com\\\/sk\\\/product\\\/kupit-metiopropamin-prasok\\\/\",\"url\":\"https:\\\/\\\/medicinasinc.com\\\/sk\\\/product\\\/kupit-metiopropamin-prasok\\\/\",\"name\":\"K\u00fapi\u0165 metiopropam\u00ednov\u00fd pr\u00e1\u0161ok \u2013 k\u00fapi\u0165 MPA \u2013 najlep\u0161ie glob\u00e1lne lieky\",\"isPartOf\":{\"@id\":\"https:\\\/\\\/medicinasinc.com\\\/sk\\\/#website\"},\"primaryImageOfPage\":{\"@id\":\"https:\\\/\\\/medicinasinc.com\\\/sk\\\/product\\\/kupit-metiopropamin-prasok\\\/#primaryimage\"},\"image\":{\"@id\":\"https:\\\/\\\/medicinasinc.com\\\/sk\\\/product\\\/kupit-metiopropamin-prasok\\\/#primaryimage\"},\"thumbnailUrl\":\"https:\\\/\\\/medicinasinc.com\\\/sk\\\/wp-content\\\/uploads\\\/sites\\\/10\\\/2022\\\/02\\\/Buy-Methiopropamine-powder.png\",\"datePublished\":\"2022-02-22T02:20:06+00:00\",\"dateModified\":\"2022-03-22T00:54:55+00:00\",\"description\":\"K\u00fapte si MPA Methiopropamine pr\u00e1\u0161ok vo Ve\u013ekej Brit\u00e1nii, Eur\u00f3pe v na\u0161om internetovom obchode Bestglobalmeds.com s r\u00fdchlym celosvetov\u00fdm doru\u010den\u00edm! Najlep\u0161\u00ed MPA metiopropam\u00edn na predaj n\u00e1jdete tu!\",\"breadcrumb\":{\"@id\":\"https:\\\/\\\/medicinasinc.com\\\/sk\\\/product\\\/kupit-metiopropamin-prasok\\\/#breadcrumb\"},\"inLanguage\":\"en-US\",\"potentialAction\":[{\"@type\":\"ReadAction\",\"target\":[\"https:\\\/\\\/medicinasinc.com\\\/sk\\\/product\\\/kupit-metiopropamin-prasok\\\/\"]}]},{\"@type\":\"ImageObject\",\"inLanguage\":\"en-US\",\"@id\":\"https:\\\/\\\/medicinasinc.com\\\/sk\\\/product\\\/kupit-metiopropamin-prasok\\\/#primaryimage\",\"url\":\"https:\\\/\\\/medicinasinc.com\\\/sk\\\/wp-content\\\/uploads\\\/sites\\\/10\\\/2022\\\/02\\\/Buy-Methiopropamine-powder.png\",\"contentUrl\":\"https:\\\/\\\/medicinasinc.com\\\/sk\\\/wp-content\\\/uploads\\\/sites\\\/10\\\/2022\\\/02\\\/Buy-Methiopropamine-powder.png\",\"width\":457,\"height\":323},{\"@type\":\"BreadcrumbList\",\"@id\":\"https:\\\/\\\/medicinasinc.com\\\/sk\\\/product\\\/kupit-metiopropamin-prasok\\\/#breadcrumb\",\"itemListElement\":[{\"@type\":\"ListItem\",\"position\":1,\"name\":\"Obchod\",\"item\":\"https:\\\/\\\/medicinasinc.com\\\/sk\\\/obchod\\\/\"},{\"@type\":\"ListItem\",\"position\":2,\"name\":\"K\u00fapte si metiopropam\u00ednov\u00fd pr\u00e1\u0161ok\"}]},{\"@type\":\"WebSite\",\"@id\":\"https:\\\/\\\/medicinasinc.com\\\/sk\\\/#website\",\"url\":\"https:\\\/\\\/medicinasinc.com\\\/sk\\\/\",\"name\":\"Medicinas Inc\",\"description\":\"Health Medical Clinic\",\"potentialAction\":[{\"@type\":\"SearchAction\",\"target\":{\"@type\":\"EntryPoint\",\"urlTemplate\":\"https:\\\/\\\/medicinasinc.com\\\/sk\\\/?s={search_term_string}\"},\"query-input\":{\"@type\":\"PropertyValueSpecification\",\"valueRequired\":true,\"valueName\":\"search_term_string\"}}],\"inLanguage\":\"en-US\"}]}<\/script>\n<!-- \/ Yoast SEO plugin. -->","yoast_head_json":{"title":"K\u00fapi\u0165 metiopropam\u00ednov\u00fd pr\u00e1\u0161ok \u2013 k\u00fapi\u0165 MPA \u2013 najlep\u0161ie glob\u00e1lne lieky","description":"K\u00fapte si MPA Methiopropamine pr\u00e1\u0161ok vo Ve\u013ekej Brit\u00e1nii, Eur\u00f3pe v na\u0161om internetovom obchode Bestglobalmeds.com s r\u00fdchlym celosvetov\u00fdm doru\u010den\u00edm! Najlep\u0161\u00ed MPA metiopropam\u00edn na predaj n\u00e1jdete tu!","robots":{"index":"index","follow":"follow","max-snippet":"max-snippet:-1","max-image-preview":"max-image-preview:large","max-video-preview":"max-video-preview:-1"},"canonical":"https:\/\/medicinasinc.com\/sk\/product\/kupit-metiopropamin-prasok\/","og_locale":"en_US","og_type":"article","og_title":"K\u00fapi\u0165 metiopropam\u00ednov\u00fd pr\u00e1\u0161ok \u2013 k\u00fapi\u0165 MPA \u2013 najlep\u0161ie glob\u00e1lne lieky","og_description":"K\u00fapte si MPA Methiopropamine pr\u00e1\u0161ok vo Ve\u013ekej Brit\u00e1nii, Eur\u00f3pe v na\u0161om internetovom obchode Bestglobalmeds.com s r\u00fdchlym celosvetov\u00fdm doru\u010den\u00edm! Najlep\u0161\u00ed MPA metiopropam\u00edn na predaj n\u00e1jdete tu!","og_url":"https:\/\/medicinasinc.com\/sk\/product\/kupit-metiopropamin-prasok\/","og_site_name":"Medicinas Inc","article_modified_time":"2022-03-22T00:54:55+00:00","og_image":[{"width":457,"height":323,"url":"https:\/\/medicinasinc.com\/sk\/wp-content\/uploads\/sites\/10\/2022\/02\/Buy-Methiopropamine-powder.png","type":"image\/png"}],"twitter_card":"summary_large_image","twitter_misc":{"Est. reading time":"1 minute"},"schema":{"@context":"https:\/\/schema.org","@graph":[{"@type":"WebPage","@id":"https:\/\/medicinasinc.com\/sk\/product\/kupit-metiopropamin-prasok\/","url":"https:\/\/medicinasinc.com\/sk\/product\/kupit-metiopropamin-prasok\/","name":"K\u00fapi\u0165 metiopropam\u00ednov\u00fd pr\u00e1\u0161ok \u2013 k\u00fapi\u0165 MPA \u2013 najlep\u0161ie glob\u00e1lne lieky","isPartOf":{"@id":"https:\/\/medicinasinc.com\/sk\/#website"},"primaryImageOfPage":{"@id":"https:\/\/medicinasinc.com\/sk\/product\/kupit-metiopropamin-prasok\/#primaryimage"},"image":{"@id":"https:\/\/medicinasinc.com\/sk\/product\/kupit-metiopropamin-prasok\/#primaryimage"},"thumbnailUrl":"https:\/\/medicinasinc.com\/sk\/wp-content\/uploads\/sites\/10\/2022\/02\/Buy-Methiopropamine-powder.png","datePublished":"2022-02-22T02:20:06+00:00","dateModified":"2022-03-22T00:54:55+00:00","description":"K\u00fapte si MPA Methiopropamine pr\u00e1\u0161ok vo Ve\u013ekej Brit\u00e1nii, Eur\u00f3pe v na\u0161om internetovom obchode Bestglobalmeds.com s r\u00fdchlym celosvetov\u00fdm doru\u010den\u00edm! Najlep\u0161\u00ed MPA metiopropam\u00edn na predaj n\u00e1jdete tu!","breadcrumb":{"@id":"https:\/\/medicinasinc.com\/sk\/product\/kupit-metiopropamin-prasok\/#breadcrumb"},"inLanguage":"en-US","potentialAction":[{"@type":"ReadAction","target":["https:\/\/medicinasinc.com\/sk\/product\/kupit-metiopropamin-prasok\/"]}]},{"@type":"ImageObject","inLanguage":"en-US","@id":"https:\/\/medicinasinc.com\/sk\/product\/kupit-metiopropamin-prasok\/#primaryimage","url":"https:\/\/medicinasinc.com\/sk\/wp-content\/uploads\/sites\/10\/2022\/02\/Buy-Methiopropamine-powder.png","contentUrl":"https:\/\/medicinasinc.com\/sk\/wp-content\/uploads\/sites\/10\/2022\/02\/Buy-Methiopropamine-powder.png","width":457,"height":323},{"@type":"BreadcrumbList","@id":"https:\/\/medicinasinc.com\/sk\/product\/kupit-metiopropamin-prasok\/#breadcrumb","itemListElement":[{"@type":"ListItem","position":1,"name":"Obchod","item":"https:\/\/medicinasinc.com\/sk\/obchod\/"},{"@type":"ListItem","position":2,"name":"K\u00fapte si metiopropam\u00ednov\u00fd pr\u00e1\u0161ok"}]},{"@type":"WebSite","@id":"https:\/\/medicinasinc.com\/sk\/#website","url":"https:\/\/medicinasinc.com\/sk\/","name":"Medicinas Inc","description":"Health Medical Clinic","potentialAction":[{"@type":"SearchAction","target":{"@type":"EntryPoint","urlTemplate":"https:\/\/medicinasinc.com\/sk\/?s={search_term_string}"},"query-input":{"@type":"PropertyValueSpecification","valueRequired":true,"valueName":"search_term_string"}}],"inLanguage":"en-US"}]}},"_links":{"self":[{"href":"https:\/\/medicinasinc.com\/sk\/wp-json\/wp\/v2\/product\/5590","targetHints":{"allow":["GET"]}}],"collection":[{"href":"https:\/\/medicinasinc.com\/sk\/wp-json\/wp\/v2\/product"}],"about":[{"href":"https:\/\/medicinasinc.com\/sk\/wp-json\/wp\/v2\/types\/product"}],"replies":[{"embeddable":true,"href":"https:\/\/medicinasinc.com\/sk\/wp-json\/wp\/v2\/comments?post=5590"}],"wp:featuredmedia":[{"embeddable":true,"href":"https:\/\/medicinasinc.com\/sk\/wp-json\/wp\/v2\/media\/5600"}],"wp:attachment":[{"href":"https:\/\/medicinasinc.com\/sk\/wp-json\/wp\/v2\/media?parent=5590"}],"wp:term":[{"taxonomy":"product_brand","embeddable":true,"href":"https:\/\/medicinasinc.com\/sk\/wp-json\/wp\/v2\/product_brand?post=5590"},{"taxonomy":"product_cat","embeddable":true,"href":"https:\/\/medicinasinc.com\/sk\/wp-json\/wp\/v2\/product_cat?post=5590"},{"taxonomy":"product_tag","embeddable":true,"href":"https:\/\/medicinasinc.com\/sk\/wp-json\/wp\/v2\/product_tag?post=5590"}],"curies":[{"name":"wp","href":"https:\/\/api.w.org\/{rel}","templated":true}]}}