{"id":5589,"date":"2022-02-22T02:18:17","date_gmt":"2022-02-22T02:18:17","guid":{"rendered":"https:\/\/medicinasinc.com\/sk\/?post_type=product&#038;p=5589"},"modified":"2022-03-22T00:55:04","modified_gmt":"2022-03-22T00:55:04","slug":"kupit-metizolam-2mg-pelety-online","status":"publish","type":"product","link":"https:\/\/medicinasinc.com\/sk\/product\/kupit-metizolam-2mg-pelety-online\/","title":{"rendered":"K\u00fapte si pelety Metizolam 2 mg online"},"content":{"rendered":"<p>Najlep\u0161ie miesto na n\u00e1kup peliet Metizolamu 2 mg je online.<\/p>\n<p>K\u00fapte si pelety 2 mg metizolamu. Skratka pre 4-(2-chl\u00f3rfenyl)-2-etyl-6H-tieno. [3,2-f] [1,2,4] triazolo[4,3-a][1,4] Diazep\u00edn, ktor\u00fd sa tie\u017e naz\u00fdva etizolam, je jeho N-desmetylovou verziou. preto si k\u00fapte 2 mg pelety metizolamu. Metizolam je alosterick\u00fd modul\u00e1tor pre Gaba receptory v laborat\u00f3riu. metizolamov\u00fd pr\u00e1\u0161ok sa pred\u00e1va na webe.<\/p>\n<p>M\u00e1me aj chemik\u00e1lie, ktor\u00e9 nie s\u00fa schv\u00e1len\u00e9 na v\u00fdskum in vivo. K\u00fapte si pelety Metizolam 2 mg, tak\u017ee ak ich niekto n\u00e1hodou po\u017eije, mal by \u00eds\u0165 ihne\u010f k lek\u00e1rovi a z\u00edskajte pomoc. Dodr\u017eiavajte \u0161tandardn\u00e9 laborat\u00f3rne bezpe\u010dnostn\u00e9 pravidl\u00e1, ako je nosenie spr\u00e1vnej ochrany poko\u017eky, o\u010d\u00ed a odevu.<\/p>\n<p>K\u00fapte si 2 mg metizolamu. Pelety metizolamu sa daj\u00fa k\u00fapi\u0165 v obchode.<br \/> K\u00fapi\u0165\u00a0Metizolam\u00a02 mg Pelety klonazolamu s\u00fa na predaj online.<br \/> pr\u00e1\u0161ok pyrazolamu je mo\u017en\u00e9 k\u00fapi\u0165 online.<br \/> online si m\u00f4\u017eete k\u00fapi\u0165 diklazepam na v\u00fdskum. <br \/> online obchod pre etizolam<br \/> Fluclotizolam je mo\u017en\u00e9 zak\u00fapi\u0165.<br \/> metizolamov\u00fd pr\u00e1\u0161ok sa pred\u00e1va na webe.<br \/> Pr\u00e1\u0161ok metizolamu sa pred\u00e1va na webe. Metizolam, ktor\u00fd sa tie\u017e naz\u00fdva desmethyletizolam, je tienodiazep\u00edn, ktor\u00fd je ve\u013emi podobn\u00fd Etizolamu. Dostupn\u00e9 s\u00fa len 2 mg pelety metizolamu. Pre pokro\u010dilej\u0161\u00edch v\u00fdskumn\u00edkov, ktor\u00ed si chc\u00fa vyrobi\u0165 vlastn\u00fd pr\u00e1\u0161ok, ho m\u00e1me aj vo forme \u010dist\u00e9ho pr\u00e1\u0161ku. Metizolam, rovnako ako v\u0161etky na\u0161e ostatn\u00e9 produkty, by mali v\u00fdskumn\u00edci pou\u017e\u00edva\u0165 bezpe\u010dn\u00fdm sp\u00f4sobom. Tento produkt sa pred\u00e1va iba v\u00fdskumn\u00fdm centr\u00e1m, ktor\u00e9 u\u017e boli zriaden\u00e9. metizolamov\u00fd pr\u00e1\u0161ok je na predaj na webe.<\/p>\n<p>Etizolam je p\u00f4vodcom metizolamu, ktor\u00fd sa tie\u017e naz\u00fdva desmetyletizolam.<\/p>\n<p>Pred\u00e1vaj\u00fa sa vo forme peliet. Len na v\u00fdskum! Bestglobalmeds nechce, aby \u013eudia pou\u017e\u00edvali v\u00fdskumn\u00e9 chemik\u00e1lie na nie\u010do in\u00e9 ako na v\u00fdskum. Metizolam pred\u00e1vaj\u00fa iba na v\u00fdskumn\u00e9 \u00fa\u010dely.<\/p>\n","protected":false},"excerpt":{"rendered":"<p>Najlep\u0161\u00edm miestom na n\u00e1kup peliet Metizolam 2 mg na predaj vo Ve\u013ekej Brit\u00e1nii a Eur\u00f3pe je Bestglobalmeds.com. M\u00e1me r\u00fdchle dodanie do cel\u00e9ho sveta. Tu si m\u00f4\u017eete k\u00fapi\u0165 najlep\u0161ie pelety Metizolam 2 mg na predaj.<\/p>\n<p>2 mg pelety pr\u00e1\u0161ku metizolamu na predaj online. Klonazolamov\u00e9 pelety s\u00fa skladom a m\u00f4\u017eu by\u0165 odoslan\u00e9 kamko\u013evek na svete. Dnes si m\u00f4\u017eete k\u00fapi\u0165 pelety Clonazolam 0,5 mg v obchode.<\/p>\n<p>K\u00fapte si 2 mg pelety metizolamu online teraz. Je to ve\u013emi lacn\u00e9 s dopravou zdarma pri hromadn\u00fdch objedn\u00e1vkach. Samozrejmos\u0165ou je \u0161pi\u010dkov\u00e1 kvalita.<\/p>\n<p>Metizolam, tie\u017e zn\u00e1my ako Desmethyletizolam, je syntetick\u00fd tlmiv\u00fd prostriedok z chemickej triedy tienodiazep\u00ednov. Pri u\u017e\u00edvan\u00ed sa uv\u00e1dza, \u017ee m\u00e1 \u00fa\u010dinky podobn\u00e9 etizolamu, ako je potla\u010denie \u00fazkosti, dezinhib\u00edcia, sed\u00e1cia, svalov\u00e1 relax\u00e1cia a potla\u010denie pam\u00e4te.<\/p>\n","protected":false},"featured_media":5598,"comment_status":"open","ping_status":"closed","template":"","meta":[],"product_brand":[],"product_cat":[2014],"product_tag":[3212,3213,3214,3215,3218,3219,3220,3210,3211,3217,3216,3227,3223,3225,3228,3221,3222,3226,3229,3230,3224,3231],"class_list":{"0":"post-5589","1":"product","2":"type-product","3":"status-publish","4":"has-post-thumbnail","6":"product_cat-k-c3-bapi-c5-a5-v-c3-bdskumn-c3-a9-chemik-c3-a1lie","7":"product_tag-buy-metizolam-2mg-pellets","8":"product_tag-buy-metizolam-powder-online","9":"product_tag-buy-metizolam-powder-online-australia","10":"product_tag-buy-metizolam-powder-online-canada","11":"product_tag-buy-pyrazolam-powder-online","12":"product_tag-clonazolam-for-sale-online","13":"product_tag-etizolam-shop-online","14":"product_tag-k-c3-bapi-c5-a5-diclazepam-online","15":"product_tag-k-c3-bapi-c5-a5-fluuclotizolam","16":"product_tag-kpi-metizolam-prok-online-usa","17":"product_tag-kpi-metizolam-prok-online-uk","18":"product_tag-metizolam-2mg-pelety-maloobchod","19":"product_tag-metizolam-2mg-pelety-europe","20":"product_tag-metizolam-2mg-pelety-obj","21":"product_tag-metizolam-2mg-pelety-vekoobchod","22":"product_tag-metizolam-2mg-pellets-buy","23":"product_tag-metizolam-2mg-pelety-inok","24":"product_tag-metizolam-2mg-pellets-reddit","25":"product_tag-metizolam-kpi","26":"product_tag-metizolam-prok-na-predaj-online","27":"product_tag-metizolam-2mg-pelety-na-predaj","28":"product_tag-vskum-chemiklie-na-predaj","30":"first","31":"instock","32":"shipping-taxable","33":"purchasable","34":"product-type-variable"},"yoast_head":"<!-- This site is optimized with the Yoast SEO plugin v27.3 - https:\/\/yoast.com\/product\/yoast-seo-wordpress\/ -->\n<title>K\u00fapte si pelety Metizolam 2 mg online - najlep\u0161ie glob\u00e1lne lieky<\/title>\n<meta name=\"description\" content=\"h\u013ead\u00e1me k\u00fapu peliet Metizolam 2 mg na predaj vo Ve\u013ekej Brit\u00e1nii, Eur\u00f3pe v na\u0161om obchode Bestglobalmeds s r\u00fdchlou dopravou do cel\u00e9ho sveta! Najlep\u0161ie pelety Metizolam 2 mg na objedn\u00e1vku n\u00e1jdete tu!\" \/>\n<meta name=\"robots\" content=\"index, follow, max-snippet:-1, max-image-preview:large, max-video-preview:-1\" \/>\n<link rel=\"canonical\" href=\"https:\/\/medicinasinc.com\/sk\/product\/kupit-metizolam-2mg-pelety-online\/\" \/>\n<meta property=\"og:locale\" content=\"en_US\" \/>\n<meta property=\"og:type\" content=\"article\" \/>\n<meta property=\"og:title\" content=\"K\u00fapte si pelety Metizolam 2 mg online - najlep\u0161ie glob\u00e1lne lieky\" \/>\n<meta property=\"og:description\" content=\"h\u013ead\u00e1me k\u00fapu peliet Metizolam 2 mg na predaj vo Ve\u013ekej Brit\u00e1nii, Eur\u00f3pe v na\u0161om obchode Bestglobalmeds s r\u00fdchlou dopravou do cel\u00e9ho sveta! Najlep\u0161ie pelety Metizolam 2 mg na objedn\u00e1vku n\u00e1jdete tu!\" \/>\n<meta property=\"og:url\" content=\"https:\/\/medicinasinc.com\/sk\/product\/kupit-metizolam-2mg-pelety-online\/\" \/>\n<meta property=\"og:site_name\" content=\"Medicinas Inc\" \/>\n<meta property=\"article:modified_time\" content=\"2022-03-22T00:55:04+00:00\" \/>\n<meta property=\"og:image\" content=\"https:\/\/medicinasinc.com\/sk\/wp-content\/uploads\/sites\/10\/2022\/02\/Buy-Metizolam-2mg-Pellets.jpg\" \/>\n\t<meta property=\"og:image:width\" content=\"600\" \/>\n\t<meta property=\"og:image:height\" content=\"600\" \/>\n\t<meta property=\"og:image:type\" content=\"image\/jpeg\" \/>\n<meta name=\"twitter:card\" content=\"summary_large_image\" \/>\n<meta name=\"twitter:label1\" content=\"Est. reading time\" \/>\n\t<meta name=\"twitter:data1\" content=\"2 minutes\" \/>\n<script type=\"application\/ld+json\" class=\"yoast-schema-graph\">{\"@context\":\"https:\\\/\\\/schema.org\",\"@graph\":[{\"@type\":\"WebPage\",\"@id\":\"https:\\\/\\\/medicinasinc.com\\\/sk\\\/product\\\/kupit-metizolam-2mg-pelety-online\\\/\",\"url\":\"https:\\\/\\\/medicinasinc.com\\\/sk\\\/product\\\/kupit-metizolam-2mg-pelety-online\\\/\",\"name\":\"K\u00fapte si pelety Metizolam 2 mg online - najlep\u0161ie glob\u00e1lne lieky\",\"isPartOf\":{\"@id\":\"https:\\\/\\\/medicinasinc.com\\\/sk\\\/#website\"},\"primaryImageOfPage\":{\"@id\":\"https:\\\/\\\/medicinasinc.com\\\/sk\\\/product\\\/kupit-metizolam-2mg-pelety-online\\\/#primaryimage\"},\"image\":{\"@id\":\"https:\\\/\\\/medicinasinc.com\\\/sk\\\/product\\\/kupit-metizolam-2mg-pelety-online\\\/#primaryimage\"},\"thumbnailUrl\":\"https:\\\/\\\/medicinasinc.com\\\/sk\\\/wp-content\\\/uploads\\\/sites\\\/10\\\/2022\\\/02\\\/Buy-Metizolam-2mg-Pellets.jpg\",\"datePublished\":\"2022-02-22T02:18:17+00:00\",\"dateModified\":\"2022-03-22T00:55:04+00:00\",\"description\":\"h\u013ead\u00e1me k\u00fapu peliet Metizolam 2 mg na predaj vo Ve\u013ekej Brit\u00e1nii, Eur\u00f3pe v na\u0161om obchode Bestglobalmeds s r\u00fdchlou dopravou do cel\u00e9ho sveta! Najlep\u0161ie pelety Metizolam 2 mg na objedn\u00e1vku n\u00e1jdete tu!\",\"breadcrumb\":{\"@id\":\"https:\\\/\\\/medicinasinc.com\\\/sk\\\/product\\\/kupit-metizolam-2mg-pelety-online\\\/#breadcrumb\"},\"inLanguage\":\"en-US\",\"potentialAction\":[{\"@type\":\"ReadAction\",\"target\":[\"https:\\\/\\\/medicinasinc.com\\\/sk\\\/product\\\/kupit-metizolam-2mg-pelety-online\\\/\"]}]},{\"@type\":\"ImageObject\",\"inLanguage\":\"en-US\",\"@id\":\"https:\\\/\\\/medicinasinc.com\\\/sk\\\/product\\\/kupit-metizolam-2mg-pelety-online\\\/#primaryimage\",\"url\":\"https:\\\/\\\/medicinasinc.com\\\/sk\\\/wp-content\\\/uploads\\\/sites\\\/10\\\/2022\\\/02\\\/Buy-Metizolam-2mg-Pellets.jpg\",\"contentUrl\":\"https:\\\/\\\/medicinasinc.com\\\/sk\\\/wp-content\\\/uploads\\\/sites\\\/10\\\/2022\\\/02\\\/Buy-Metizolam-2mg-Pellets.jpg\",\"width\":600,\"height\":600},{\"@type\":\"BreadcrumbList\",\"@id\":\"https:\\\/\\\/medicinasinc.com\\\/sk\\\/product\\\/kupit-metizolam-2mg-pelety-online\\\/#breadcrumb\",\"itemListElement\":[{\"@type\":\"ListItem\",\"position\":1,\"name\":\"Obchod\",\"item\":\"https:\\\/\\\/medicinasinc.com\\\/sk\\\/obchod\\\/\"},{\"@type\":\"ListItem\",\"position\":2,\"name\":\"K\u00fapte si pelety Metizolam 2 mg online\"}]},{\"@type\":\"WebSite\",\"@id\":\"https:\\\/\\\/medicinasinc.com\\\/sk\\\/#website\",\"url\":\"https:\\\/\\\/medicinasinc.com\\\/sk\\\/\",\"name\":\"Medicinas Inc\",\"description\":\"Health Medical Clinic\",\"potentialAction\":[{\"@type\":\"SearchAction\",\"target\":{\"@type\":\"EntryPoint\",\"urlTemplate\":\"https:\\\/\\\/medicinasinc.com\\\/sk\\\/?s={search_term_string}\"},\"query-input\":{\"@type\":\"PropertyValueSpecification\",\"valueRequired\":true,\"valueName\":\"search_term_string\"}}],\"inLanguage\":\"en-US\"}]}<\/script>\n<!-- \/ Yoast SEO plugin. -->","yoast_head_json":{"title":"K\u00fapte si pelety Metizolam 2 mg online - najlep\u0161ie glob\u00e1lne lieky","description":"h\u013ead\u00e1me k\u00fapu peliet Metizolam 2 mg na predaj vo Ve\u013ekej Brit\u00e1nii, Eur\u00f3pe v na\u0161om obchode Bestglobalmeds s r\u00fdchlou dopravou do cel\u00e9ho sveta! Najlep\u0161ie pelety Metizolam 2 mg na objedn\u00e1vku n\u00e1jdete tu!","robots":{"index":"index","follow":"follow","max-snippet":"max-snippet:-1","max-image-preview":"max-image-preview:large","max-video-preview":"max-video-preview:-1"},"canonical":"https:\/\/medicinasinc.com\/sk\/product\/kupit-metizolam-2mg-pelety-online\/","og_locale":"en_US","og_type":"article","og_title":"K\u00fapte si pelety Metizolam 2 mg online - najlep\u0161ie glob\u00e1lne lieky","og_description":"h\u013ead\u00e1me k\u00fapu peliet Metizolam 2 mg na predaj vo Ve\u013ekej Brit\u00e1nii, Eur\u00f3pe v na\u0161om obchode Bestglobalmeds s r\u00fdchlou dopravou do cel\u00e9ho sveta! Najlep\u0161ie pelety Metizolam 2 mg na objedn\u00e1vku n\u00e1jdete tu!","og_url":"https:\/\/medicinasinc.com\/sk\/product\/kupit-metizolam-2mg-pelety-online\/","og_site_name":"Medicinas Inc","article_modified_time":"2022-03-22T00:55:04+00:00","og_image":[{"width":600,"height":600,"url":"https:\/\/medicinasinc.com\/sk\/wp-content\/uploads\/sites\/10\/2022\/02\/Buy-Metizolam-2mg-Pellets.jpg","type":"image\/jpeg"}],"twitter_card":"summary_large_image","twitter_misc":{"Est. reading time":"2 minutes"},"schema":{"@context":"https:\/\/schema.org","@graph":[{"@type":"WebPage","@id":"https:\/\/medicinasinc.com\/sk\/product\/kupit-metizolam-2mg-pelety-online\/","url":"https:\/\/medicinasinc.com\/sk\/product\/kupit-metizolam-2mg-pelety-online\/","name":"K\u00fapte si pelety Metizolam 2 mg online - najlep\u0161ie glob\u00e1lne lieky","isPartOf":{"@id":"https:\/\/medicinasinc.com\/sk\/#website"},"primaryImageOfPage":{"@id":"https:\/\/medicinasinc.com\/sk\/product\/kupit-metizolam-2mg-pelety-online\/#primaryimage"},"image":{"@id":"https:\/\/medicinasinc.com\/sk\/product\/kupit-metizolam-2mg-pelety-online\/#primaryimage"},"thumbnailUrl":"https:\/\/medicinasinc.com\/sk\/wp-content\/uploads\/sites\/10\/2022\/02\/Buy-Metizolam-2mg-Pellets.jpg","datePublished":"2022-02-22T02:18:17+00:00","dateModified":"2022-03-22T00:55:04+00:00","description":"h\u013ead\u00e1me k\u00fapu peliet Metizolam 2 mg na predaj vo Ve\u013ekej Brit\u00e1nii, Eur\u00f3pe v na\u0161om obchode Bestglobalmeds s r\u00fdchlou dopravou do cel\u00e9ho sveta! Najlep\u0161ie pelety Metizolam 2 mg na objedn\u00e1vku n\u00e1jdete tu!","breadcrumb":{"@id":"https:\/\/medicinasinc.com\/sk\/product\/kupit-metizolam-2mg-pelety-online\/#breadcrumb"},"inLanguage":"en-US","potentialAction":[{"@type":"ReadAction","target":["https:\/\/medicinasinc.com\/sk\/product\/kupit-metizolam-2mg-pelety-online\/"]}]},{"@type":"ImageObject","inLanguage":"en-US","@id":"https:\/\/medicinasinc.com\/sk\/product\/kupit-metizolam-2mg-pelety-online\/#primaryimage","url":"https:\/\/medicinasinc.com\/sk\/wp-content\/uploads\/sites\/10\/2022\/02\/Buy-Metizolam-2mg-Pellets.jpg","contentUrl":"https:\/\/medicinasinc.com\/sk\/wp-content\/uploads\/sites\/10\/2022\/02\/Buy-Metizolam-2mg-Pellets.jpg","width":600,"height":600},{"@type":"BreadcrumbList","@id":"https:\/\/medicinasinc.com\/sk\/product\/kupit-metizolam-2mg-pelety-online\/#breadcrumb","itemListElement":[{"@type":"ListItem","position":1,"name":"Obchod","item":"https:\/\/medicinasinc.com\/sk\/obchod\/"},{"@type":"ListItem","position":2,"name":"K\u00fapte si pelety Metizolam 2 mg online"}]},{"@type":"WebSite","@id":"https:\/\/medicinasinc.com\/sk\/#website","url":"https:\/\/medicinasinc.com\/sk\/","name":"Medicinas Inc","description":"Health Medical Clinic","potentialAction":[{"@type":"SearchAction","target":{"@type":"EntryPoint","urlTemplate":"https:\/\/medicinasinc.com\/sk\/?s={search_term_string}"},"query-input":{"@type":"PropertyValueSpecification","valueRequired":true,"valueName":"search_term_string"}}],"inLanguage":"en-US"}]}},"_links":{"self":[{"href":"https:\/\/medicinasinc.com\/sk\/wp-json\/wp\/v2\/product\/5589","targetHints":{"allow":["GET"]}}],"collection":[{"href":"https:\/\/medicinasinc.com\/sk\/wp-json\/wp\/v2\/product"}],"about":[{"href":"https:\/\/medicinasinc.com\/sk\/wp-json\/wp\/v2\/types\/product"}],"replies":[{"embeddable":true,"href":"https:\/\/medicinasinc.com\/sk\/wp-json\/wp\/v2\/comments?post=5589"}],"wp:featuredmedia":[{"embeddable":true,"href":"https:\/\/medicinasinc.com\/sk\/wp-json\/wp\/v2\/media\/5598"}],"wp:attachment":[{"href":"https:\/\/medicinasinc.com\/sk\/wp-json\/wp\/v2\/media?parent=5589"}],"wp:term":[{"taxonomy":"product_brand","embeddable":true,"href":"https:\/\/medicinasinc.com\/sk\/wp-json\/wp\/v2\/product_brand?post=5589"},{"taxonomy":"product_cat","embeddable":true,"href":"https:\/\/medicinasinc.com\/sk\/wp-json\/wp\/v2\/product_cat?post=5589"},{"taxonomy":"product_tag","embeddable":true,"href":"https:\/\/medicinasinc.com\/sk\/wp-json\/wp\/v2\/product_tag?post=5589"}],"curies":[{"name":"wp","href":"https:\/\/api.w.org\/{rel}","templated":true}]}}