{"id":5566,"date":"2022-02-22T01:53:35","date_gmt":"2022-02-22T01:53:35","guid":{"rendered":"https:\/\/medicinasinc.com\/sk\/?post_type=product&#038;p=5566"},"modified":"2022-03-22T00:55:13","modified_gmt":"2022-03-22T00:55:13","slug":"metadon-hydrochlorid-usp-prasok-na-oralne-pouzitie","status":"publish","type":"product","link":"https:\/\/medicinasinc.com\/sk\/product\/metadon-hydrochlorid-usp-prasok-na-oralne-pouzitie\/","title":{"rendered":"Metadon Hydrochloride USP PR\u00c1\u0160OK NA PEROR\u00c1LNE POU\u017dITIE"},"content":{"rendered":"<p>N\u00e1kup methomethadone hydrochloridu v pr\u00e1\u0161ku<\/p>\n<p>Metadon je opioidn\u00e1 droga, ktor\u00e1 sa pou\u017e\u00edva na lie\u010dbu z\u00e1vislosti od opioidov a silnej bolesti.<\/p>\n<p>Metadon sa m\u00f4\u017ee u\u017e\u00edva\u0165 ako pilulka alebo peror\u00e1lny roztok zmierni\u0165 siln\u00fa boles\u0165.<\/p>\n<p>N\u00e1poje s ovocnou pr\u00edchu\u0165ou s\u00fa najbe\u017enej\u0161ou formou metad\u00f3nu, ke\u010f sa pou\u017e\u00edva na lie\u010dbu z\u00e1vislosti od opi\u00e1tov. Raz denne sa pr\u00e1\u0161ok rozpust\u00ed a prehltne cel\u00fd.<\/p>\n<p>Metadon je liek, ktor\u00fd sa pou\u017e\u00edva na lie\u010dbu z\u00e1vislosti.<\/p>\n<p>Hero\u00edn, oxykod\u00f3n, fentanyl a hydromorf\u00f3n m\u00f4\u017eu by\u0165 nahraden\u00e9 metad\u00f3nom pri lie\u010dbe z\u00e1vislosti od opioidov. Pojem &#8220;dlhodobo p\u00f4sobiaci&#8221; ozna\u010duje liek, ktor\u00fd m\u00e1 pomal\u0161\u00ed n\u00e1stup \u00fa\u010dinku a v tele vydr\u017e\u00ed dlh\u0161ie. \u00da\u010dinky metad\u00f3nu m\u00f4\u017eu trva\u0165 od 24 do 36 hod\u00edn v z\u00e1vislosti od d\u00e1vky. Na druhej strane, kr\u00e1tkodobo p\u00f4sobiace opioidy mus\u00ed niekto, kto sa sna\u017e\u00ed vyhn\u00fa\u0165 abstinen\u010dn\u00e9mu syndr\u00f3mu, u\u017e\u00edva\u0165 tri a\u017e \u0161tyrikr\u00e1t denne.<\/p>\n<p>Pokia\u013e sa pou\u017e\u00edva spr\u00e1vna d\u00e1vka metad\u00f3nu, m\u00f4\u017ee zmierni\u0165 t\u00fa\u017ebu po droge a predch\u00e1dza\u0165 abstinen\u010dn\u00fdm pr\u00edznakom. Rizik\u00e1 zneu\u017e\u00edvania opi\u00e1tov sa zni\u017euj\u00fa a t\u00ed, ktor\u00ed s\u00fa z\u00e1visl\u00ed na opioidoch, maj\u00fa v\u00e4\u010d\u0161iu \u0161ancu dosta\u0165 svoj \u017eivot sp\u00e4\u0165 do star\u00fdch ko\u013eaj\u00ed. Metad\u00f3nov\u00e1 udr\u017eiavacia lie\u010dba je typ lie\u010dby opioidn\u00fdmi agonistami, ktor\u00fd sa pou\u017e\u00edva na lie\u010dbu z\u00e1vislosti od opioidov. Buprenorf\u00edn, \u010fal\u0161\u00ed opioidn\u00fd agonista, sa pou\u017e\u00edva pri lie\u010dbe z\u00e1vislosti od opioidov, rovnako ako metad\u00f3n.<\/p>\n<p>Metadon aj buprenorf\u00edn s\u00fa \u00fa\u010dinn\u00e9 terapie z\u00e1vislosti od opioidov, ke\u010f sa pou\u017e\u00edvaj\u00fa v spojen\u00ed s lek\u00e1rskou a podpornou starostlivos\u0165ou, akoko\u013evek m\u00f4\u017ee by\u0165 u niektor\u00fdch \u013eud\u00ed \u00faspe\u0161nej\u0161\u00ed ako ten druh\u00fd.<\/p>\n<p>Vy\u017eaduje sa dlhodob\u00e1 metad\u00f3nov\u00e1 lie\u010dba. Trvanie lie\u010dby sa pohybuje od nieko\u013ek\u00fdch mesiacov a\u017e po dve desa\u0165ro\u010dia. Ke\u010f sa u\u017e\u00edvate\u013e metad\u00f3nu rozhodne presta\u0165 u\u017e\u00edva\u0165 drogu, jeho lek\u00e1r v priebehu t\u00fd\u017ed\u0148ov alebo mesiacov postupne zni\u017euje mno\u017estvo metad\u00f3nu, ktor\u00e9 u\u017e\u00edva.<\/p>\n<p>Ne\u017eiaduce \u00fa\u010dinky metad\u00f3nu<\/p>\n<p>Medzi mo\u017en\u00e9 ved\u013eaj\u0161ie \u00fa\u010dinky:<\/p>\n<p>To\u010denie hlavy je sp\u00f4soben\u00e9 z\u00e1pchou siln\u00e9 potenie sucho v \u00fastach a zmenami pohlavia.<\/p>\n<p>&nbsp;<\/p>\n","protected":false},"excerpt":{"rendered":"<p>K\u00fapte si pr\u00e1\u0161ok Metho Metadon HCL online. Ve\u013ekoobchodn\u00fd predaj pr\u00e1\u0161ku Metho Metadon HCL\u00a099,8 % Pure @ ve\u013ekoobchodn\u00e9 ceny. Metho (Metadon HCL) lie\u010di stredne siln\u00fa a\u017e siln\u00fa boles\u0165.<\/p>\n","protected":false},"featured_media":5578,"comment_status":"open","ping_status":"closed","template":"","meta":[],"product_brand":[],"product_cat":[2014],"product_tag":[3191,3192,3193,3207,3208,3190,3200,3201,3203,3196,3197,3198,3199,3204,3202,3205,3206,3194,3209,3195],"class_list":{"0":"post-5566","1":"product","2":"type-product","3":"status-publish","4":"has-post-thumbnail","6":"product_cat-k-c3-bapi-c5-a5-v-c3-bdskumn-c3-a9-chemik-c3-a1lie","7":"product_tag-buy-methadone-powder","8":"product_tag-buy-metho-hcl","9":"product_tag-buy-metho-powder","10":"product_tag-kde-kpi-metadnov-prok","11":"product_tag-kde-si-objedna-metadnov-prok","12":"product_tag-kpi-metadn-hydrochlorid","13":"product_tag-metadnov-prok-na-predaj-online","14":"product_tag-metadn-prok-online","15":"product_tag-metadon-powder-reddit","16":"product_tag-methadone-powder","17":"product_tag-methadone-powder-buy","18":"product_tag-methadone-powder-effect","19":"product_tag-methadone-powder-for-sale","20":"product_tag-methadone-powder-retail","21":"product_tag-metad-c3-b3n-pr-c3-a1-c5-a1ok-objedn-c3-a1vka","22":"product_tag-metadn-prok-predaj","23":"product_tag-metadn-prok-preda","24":"product_tag-metad-c3-b3n-hydrochloridov-c3-bd-c3-ba-c4-8dinok","25":"product_tag-vekoobchodn-metadnov-prok","26":"product_tag-metadn-hydrochlorid-vekoobchod","28":"first","29":"instock","30":"shipping-taxable","31":"purchasable","32":"product-type-variable","33":"has-default-attributes"},"yoast_head":"<!-- This site is optimized with the Yoast SEO plugin v27.3 - https:\/\/yoast.com\/product\/yoast-seo-wordpress\/ -->\n<title>Metadon Hydrochloride USP PR\u00c1\u0160OK NA PEROR\u00c1LNE POU\u017dITIE<\/title>\n<meta name=\"description\" content=\"K\u00fapi\u0165 Metho Metadon HCL pr\u00e1\u0161ok online. Metho Metadon HCL pr\u00e1\u0161ok ve\u013ekoobchodn\u00fd 99,8% \u010dist\u00fd @ ve\u013ekoobchodn\u00e9 ceny. Metho (Metadon HCL) lie\u010di stredne siln\u00fa a\u017e siln\u00fa boles\u0165.\" \/>\n<meta name=\"robots\" content=\"index, follow, max-snippet:-1, max-image-preview:large, max-video-preview:-1\" \/>\n<link rel=\"canonical\" href=\"https:\/\/medicinasinc.com\/sk\/product\/metadon-hydrochlorid-usp-prasok-na-oralne-pouzitie\/\" \/>\n<meta property=\"og:locale\" content=\"en_US\" \/>\n<meta property=\"og:type\" content=\"article\" \/>\n<meta property=\"og:title\" content=\"Metadon Hydrochloride USP PR\u00c1\u0160OK NA PEROR\u00c1LNE POU\u017dITIE\" \/>\n<meta property=\"og:description\" content=\"K\u00fapi\u0165 Metho Metadon HCL pr\u00e1\u0161ok online. Metho Metadon HCL pr\u00e1\u0161ok ve\u013ekoobchodn\u00fd 99,8% \u010dist\u00fd @ ve\u013ekoobchodn\u00e9 ceny. Metho (Metadon HCL) lie\u010di stredne siln\u00fa a\u017e siln\u00fa boles\u0165.\" \/>\n<meta property=\"og:url\" content=\"https:\/\/medicinasinc.com\/sk\/product\/metadon-hydrochlorid-usp-prasok-na-oralne-pouzitie\/\" \/>\n<meta property=\"og:site_name\" content=\"Medicinas Inc\" \/>\n<meta property=\"article:modified_time\" content=\"2022-03-22T00:55:13+00:00\" \/>\n<meta property=\"og:image\" content=\"https:\/\/medicinasinc.com\/sk\/wp-content\/uploads\/sites\/10\/2022\/02\/Buy-Methadone.jpg\" \/>\n\t<meta property=\"og:image:width\" content=\"600\" \/>\n\t<meta property=\"og:image:height\" content=\"600\" \/>\n\t<meta property=\"og:image:type\" content=\"image\/jpeg\" \/>\n<meta name=\"twitter:card\" content=\"summary_large_image\" \/>\n<meta name=\"twitter:label1\" content=\"Est. reading time\" \/>\n\t<meta name=\"twitter:data1\" content=\"2 minutes\" \/>\n<script type=\"application\/ld+json\" class=\"yoast-schema-graph\">{\"@context\":\"https:\\\/\\\/schema.org\",\"@graph\":[{\"@type\":\"WebPage\",\"@id\":\"https:\\\/\\\/medicinasinc.com\\\/sk\\\/product\\\/metadon-hydrochlorid-usp-prasok-na-oralne-pouzitie\\\/\",\"url\":\"https:\\\/\\\/medicinasinc.com\\\/sk\\\/product\\\/metadon-hydrochlorid-usp-prasok-na-oralne-pouzitie\\\/\",\"name\":\"Metadon Hydrochloride USP PR\u00c1\u0160OK NA PEROR\u00c1LNE POU\u017dITIE\",\"isPartOf\":{\"@id\":\"https:\\\/\\\/medicinasinc.com\\\/sk\\\/#website\"},\"primaryImageOfPage\":{\"@id\":\"https:\\\/\\\/medicinasinc.com\\\/sk\\\/product\\\/metadon-hydrochlorid-usp-prasok-na-oralne-pouzitie\\\/#primaryimage\"},\"image\":{\"@id\":\"https:\\\/\\\/medicinasinc.com\\\/sk\\\/product\\\/metadon-hydrochlorid-usp-prasok-na-oralne-pouzitie\\\/#primaryimage\"},\"thumbnailUrl\":\"https:\\\/\\\/medicinasinc.com\\\/sk\\\/wp-content\\\/uploads\\\/sites\\\/10\\\/2022\\\/02\\\/Buy-Methadone.jpg\",\"datePublished\":\"2022-02-22T01:53:35+00:00\",\"dateModified\":\"2022-03-22T00:55:13+00:00\",\"description\":\"K\u00fapi\u0165 Metho Metadon HCL pr\u00e1\u0161ok online. Metho Metadon HCL pr\u00e1\u0161ok ve\u013ekoobchodn\u00fd 99,8% \u010dist\u00fd @ ve\u013ekoobchodn\u00e9 ceny. Metho (Metadon HCL) lie\u010di stredne siln\u00fa a\u017e siln\u00fa boles\u0165.\",\"breadcrumb\":{\"@id\":\"https:\\\/\\\/medicinasinc.com\\\/sk\\\/product\\\/metadon-hydrochlorid-usp-prasok-na-oralne-pouzitie\\\/#breadcrumb\"},\"inLanguage\":\"en-US\",\"potentialAction\":[{\"@type\":\"ReadAction\",\"target\":[\"https:\\\/\\\/medicinasinc.com\\\/sk\\\/product\\\/metadon-hydrochlorid-usp-prasok-na-oralne-pouzitie\\\/\"]}]},{\"@type\":\"ImageObject\",\"inLanguage\":\"en-US\",\"@id\":\"https:\\\/\\\/medicinasinc.com\\\/sk\\\/product\\\/metadon-hydrochlorid-usp-prasok-na-oralne-pouzitie\\\/#primaryimage\",\"url\":\"https:\\\/\\\/medicinasinc.com\\\/sk\\\/wp-content\\\/uploads\\\/sites\\\/10\\\/2022\\\/02\\\/Buy-Methadone.jpg\",\"contentUrl\":\"https:\\\/\\\/medicinasinc.com\\\/sk\\\/wp-content\\\/uploads\\\/sites\\\/10\\\/2022\\\/02\\\/Buy-Methadone.jpg\",\"width\":600,\"height\":600},{\"@type\":\"BreadcrumbList\",\"@id\":\"https:\\\/\\\/medicinasinc.com\\\/sk\\\/product\\\/metadon-hydrochlorid-usp-prasok-na-oralne-pouzitie\\\/#breadcrumb\",\"itemListElement\":[{\"@type\":\"ListItem\",\"position\":1,\"name\":\"Obchod\",\"item\":\"https:\\\/\\\/medicinasinc.com\\\/sk\\\/obchod\\\/\"},{\"@type\":\"ListItem\",\"position\":2,\"name\":\"Metadon Hydrochloride USP PR\u00c1\u0160OK NA PEROR\u00c1LNE POU\u017dITIE\"}]},{\"@type\":\"WebSite\",\"@id\":\"https:\\\/\\\/medicinasinc.com\\\/sk\\\/#website\",\"url\":\"https:\\\/\\\/medicinasinc.com\\\/sk\\\/\",\"name\":\"Medicinas Inc\",\"description\":\"Health Medical Clinic\",\"potentialAction\":[{\"@type\":\"SearchAction\",\"target\":{\"@type\":\"EntryPoint\",\"urlTemplate\":\"https:\\\/\\\/medicinasinc.com\\\/sk\\\/?s={search_term_string}\"},\"query-input\":{\"@type\":\"PropertyValueSpecification\",\"valueRequired\":true,\"valueName\":\"search_term_string\"}}],\"inLanguage\":\"en-US\"}]}<\/script>\n<!-- \/ Yoast SEO plugin. -->","yoast_head_json":{"title":"Metadon Hydrochloride USP PR\u00c1\u0160OK NA PEROR\u00c1LNE POU\u017dITIE","description":"K\u00fapi\u0165 Metho Metadon HCL pr\u00e1\u0161ok online. Metho Metadon HCL pr\u00e1\u0161ok ve\u013ekoobchodn\u00fd 99,8% \u010dist\u00fd @ ve\u013ekoobchodn\u00e9 ceny. Metho (Metadon HCL) lie\u010di stredne siln\u00fa a\u017e siln\u00fa boles\u0165.","robots":{"index":"index","follow":"follow","max-snippet":"max-snippet:-1","max-image-preview":"max-image-preview:large","max-video-preview":"max-video-preview:-1"},"canonical":"https:\/\/medicinasinc.com\/sk\/product\/metadon-hydrochlorid-usp-prasok-na-oralne-pouzitie\/","og_locale":"en_US","og_type":"article","og_title":"Metadon Hydrochloride USP PR\u00c1\u0160OK NA PEROR\u00c1LNE POU\u017dITIE","og_description":"K\u00fapi\u0165 Metho Metadon HCL pr\u00e1\u0161ok online. Metho Metadon HCL pr\u00e1\u0161ok ve\u013ekoobchodn\u00fd 99,8% \u010dist\u00fd @ ve\u013ekoobchodn\u00e9 ceny. Metho (Metadon HCL) lie\u010di stredne siln\u00fa a\u017e siln\u00fa boles\u0165.","og_url":"https:\/\/medicinasinc.com\/sk\/product\/metadon-hydrochlorid-usp-prasok-na-oralne-pouzitie\/","og_site_name":"Medicinas Inc","article_modified_time":"2022-03-22T00:55:13+00:00","og_image":[{"width":600,"height":600,"url":"https:\/\/medicinasinc.com\/sk\/wp-content\/uploads\/sites\/10\/2022\/02\/Buy-Methadone.jpg","type":"image\/jpeg"}],"twitter_card":"summary_large_image","twitter_misc":{"Est. reading time":"2 minutes"},"schema":{"@context":"https:\/\/schema.org","@graph":[{"@type":"WebPage","@id":"https:\/\/medicinasinc.com\/sk\/product\/metadon-hydrochlorid-usp-prasok-na-oralne-pouzitie\/","url":"https:\/\/medicinasinc.com\/sk\/product\/metadon-hydrochlorid-usp-prasok-na-oralne-pouzitie\/","name":"Metadon Hydrochloride USP PR\u00c1\u0160OK NA PEROR\u00c1LNE POU\u017dITIE","isPartOf":{"@id":"https:\/\/medicinasinc.com\/sk\/#website"},"primaryImageOfPage":{"@id":"https:\/\/medicinasinc.com\/sk\/product\/metadon-hydrochlorid-usp-prasok-na-oralne-pouzitie\/#primaryimage"},"image":{"@id":"https:\/\/medicinasinc.com\/sk\/product\/metadon-hydrochlorid-usp-prasok-na-oralne-pouzitie\/#primaryimage"},"thumbnailUrl":"https:\/\/medicinasinc.com\/sk\/wp-content\/uploads\/sites\/10\/2022\/02\/Buy-Methadone.jpg","datePublished":"2022-02-22T01:53:35+00:00","dateModified":"2022-03-22T00:55:13+00:00","description":"K\u00fapi\u0165 Metho Metadon HCL pr\u00e1\u0161ok online. Metho Metadon HCL pr\u00e1\u0161ok ve\u013ekoobchodn\u00fd 99,8% \u010dist\u00fd @ ve\u013ekoobchodn\u00e9 ceny. Metho (Metadon HCL) lie\u010di stredne siln\u00fa a\u017e siln\u00fa boles\u0165.","breadcrumb":{"@id":"https:\/\/medicinasinc.com\/sk\/product\/metadon-hydrochlorid-usp-prasok-na-oralne-pouzitie\/#breadcrumb"},"inLanguage":"en-US","potentialAction":[{"@type":"ReadAction","target":["https:\/\/medicinasinc.com\/sk\/product\/metadon-hydrochlorid-usp-prasok-na-oralne-pouzitie\/"]}]},{"@type":"ImageObject","inLanguage":"en-US","@id":"https:\/\/medicinasinc.com\/sk\/product\/metadon-hydrochlorid-usp-prasok-na-oralne-pouzitie\/#primaryimage","url":"https:\/\/medicinasinc.com\/sk\/wp-content\/uploads\/sites\/10\/2022\/02\/Buy-Methadone.jpg","contentUrl":"https:\/\/medicinasinc.com\/sk\/wp-content\/uploads\/sites\/10\/2022\/02\/Buy-Methadone.jpg","width":600,"height":600},{"@type":"BreadcrumbList","@id":"https:\/\/medicinasinc.com\/sk\/product\/metadon-hydrochlorid-usp-prasok-na-oralne-pouzitie\/#breadcrumb","itemListElement":[{"@type":"ListItem","position":1,"name":"Obchod","item":"https:\/\/medicinasinc.com\/sk\/obchod\/"},{"@type":"ListItem","position":2,"name":"Metadon Hydrochloride USP PR\u00c1\u0160OK NA PEROR\u00c1LNE POU\u017dITIE"}]},{"@type":"WebSite","@id":"https:\/\/medicinasinc.com\/sk\/#website","url":"https:\/\/medicinasinc.com\/sk\/","name":"Medicinas Inc","description":"Health Medical Clinic","potentialAction":[{"@type":"SearchAction","target":{"@type":"EntryPoint","urlTemplate":"https:\/\/medicinasinc.com\/sk\/?s={search_term_string}"},"query-input":{"@type":"PropertyValueSpecification","valueRequired":true,"valueName":"search_term_string"}}],"inLanguage":"en-US"}]}},"_links":{"self":[{"href":"https:\/\/medicinasinc.com\/sk\/wp-json\/wp\/v2\/product\/5566","targetHints":{"allow":["GET"]}}],"collection":[{"href":"https:\/\/medicinasinc.com\/sk\/wp-json\/wp\/v2\/product"}],"about":[{"href":"https:\/\/medicinasinc.com\/sk\/wp-json\/wp\/v2\/types\/product"}],"replies":[{"embeddable":true,"href":"https:\/\/medicinasinc.com\/sk\/wp-json\/wp\/v2\/comments?post=5566"}],"wp:featuredmedia":[{"embeddable":true,"href":"https:\/\/medicinasinc.com\/sk\/wp-json\/wp\/v2\/media\/5578"}],"wp:attachment":[{"href":"https:\/\/medicinasinc.com\/sk\/wp-json\/wp\/v2\/media?parent=5566"}],"wp:term":[{"taxonomy":"product_brand","embeddable":true,"href":"https:\/\/medicinasinc.com\/sk\/wp-json\/wp\/v2\/product_brand?post=5566"},{"taxonomy":"product_cat","embeddable":true,"href":"https:\/\/medicinasinc.com\/sk\/wp-json\/wp\/v2\/product_cat?post=5566"},{"taxonomy":"product_tag","embeddable":true,"href":"https:\/\/medicinasinc.com\/sk\/wp-json\/wp\/v2\/product_tag?post=5566"}],"curies":[{"name":"wp","href":"https:\/\/api.w.org\/{rel}","templated":true}]}}