{"id":5565,"date":"2022-02-22T01:51:04","date_gmt":"2022-02-22T01:51:04","guid":{"rendered":"https:\/\/medicinasinc.com\/sk\/?post_type=product&#038;p=5565"},"modified":"2022-03-22T00:55:25","modified_gmt":"2022-03-22T00:55:25","slug":"kupit-mdpv-metylendioxypyrovaleron-prasok","status":"publish","type":"product","link":"https:\/\/medicinasinc.com\/sk\/product\/kupit-mdpv-metylendioxypyrovaleron-prasok\/","title":{"rendered":"K\u00fapte si pr\u00e1\u0161ok MDPV (metyl\u00e9ndioxypyrovaler\u00f3n)."},"content":{"rendered":"<p>MDPV je mo\u017en\u00e9 zak\u00fapi\u0165 tu.<\/p>\n<p>zak\u00fapte si MDPV online pre vlastn\u00fa potrebu alebo na \u010fal\u0161\u00ed predaj. M\u00f4\u017eeme zaru\u010di\u0165, \u017ee n\u00e1\u0161 MDPV pr\u00e1\u0161ok na predaj je najvy\u0161\u0161ej kvality, ktor\u00e1 je v s\u00fa\u010dasnosti na trhu dostupn\u00e1. Western Union, MoneyGram a bitcoiny patria medzi sp\u00f4soby platby, ktor\u00e9 akceptujeme. M\u00e1me tie\u017e \u0161irok\u00fa \u0161k\u00e1lu r\u00f4znych v\u00fdskumn\u00fdch chemik\u00e1li\u00ed na predaj, vr\u00e1tane JWH-018. Pros\u00edm, majte na pam\u00e4ti, \u017ee nie sme zodpovedn\u00ed za to, ako na\u0161e MDPV na predaj v Spojen\u00fdch \u0161t\u00e1toch pou\u017e\u00edvaj\u00fa na\u0161i z\u00e1kazn\u00edci.<\/p>\n<p>Stimulant triedy katin\u00f3nov, pr\u00e1\u0161ok MDPV (Metyl\u00e9ndioxypyrovaler\u00f3n), je mo\u017en\u00e9 zak\u00fapi\u0165 online. Je to inhib\u00edtor sp\u00e4tn\u00e9ho vychyt\u00e1vania norepinefr\u00ednu-dopam\u00ednu a psychotropn\u00fd stimulant. V 60-tych rokoch minul\u00e9ho storo\u010dia ju vytvoril t\u00edm spolo\u010dnosti Boehringer Ingelheim.<br \/> PR\u00c1\u0160KOV\u00c1 FORMA MDPV (METYLENEDIOXYPYROVALERONE):<br \/> Kv\u00f4li svojej jemnej \u0161trukt\u00fare a tendencii zlepova\u0165 sa pri vystaven\u00ed vlhkosti sa hydrochloridov\u00e1 so\u013e \u010dasto mylne pova\u017euje za cukrov\u00fd pr\u00e1\u0161ok.<br \/> Stimula\u010dn\u00e9 vlastnosti MDPV boli porovnan\u00e9 s vlastnos\u0165ami koka\u00ednu, metylfenid\u00e1tu a amfetam\u00ednov.<\/p>\n<div class=\"entry-content gbtr_product_description\">\n<h3 class=\"fusion-responsive-typography-calculated \" data-fontsize=\"16\" data-lineheight=\"24px\"><\/h3>\n<\/p><\/div>\n","protected":false},"excerpt":{"rendered":"<div class=\"woocommerce-product-details__short-description\">\n<p>Nak\u00fapte MDPV na predaj online vo Ve\u013ekej Brit\u00e1nii, Eur\u00f3pe tu na Bestglobalmeds.com. N\u00e1kup v\u00fdskumn\u00fdch chemik\u00e1li\u00ed metyl\u00e9ndioxypyrovaler\u00f3n online je ve\u013emi zlo\u017eit\u00fd. Ale m\u00f4\u017eeme poskytn\u00fa\u0165 \u0161pi\u010dkov\u00fa kvalitu MDPV na predaj za ve\u013emi n\u00edzke ceny. Ni\u010d dobr\u00e9 neprich\u00e1dza \u013eahko a d\u00e1 n\u00e1m ve\u013ea pr\u00e1ce, aby sme mali MDPV najlep\u0161ej kvality na predaj.<\/p>\n<p><b>Metyl\u00e9ndioxypyrovaler\u00f3n<\/b>\u00a0(MDPV) je stimulant triedy katin\u00f3nov, ktor\u00fd p\u00f4sob\u00ed ako inhib\u00edtor sp\u00e4tn\u00e9ho vychyt\u00e1vania norepinefr\u00ednu-dopam\u00ednu (NDRI). Prv\u00fdkr\u00e1t bol vyvinut\u00fd v 60. rokoch 20. storo\u010dia t\u00edmom v Boehringer Ingelheim.<\/p>\n<h3 class=\"fusion-responsive-typography-calculated\" data-fontsize=\"16\" data-lineheight=\"24px\">MDPV (Metyl\u00e9ndioxypyrovaler\u00f3n) pr\u00e1\u0161ok je stimulant triedy katin\u00f3nov.<\/h3>\n<\/p><\/div>\n","protected":false},"featured_media":5576,"comment_status":"open","ping_status":"closed","template":"","meta":[],"product_brand":[],"product_cat":[2014],"product_tag":[3162,3136,3137,3142,3143,3144,3145,3150,3151,3152,3153,3155,3156,3157,3158,3189,3163,3164,3138,3139,3141,3140,3146,3154,3147,3149,3161,3159,3160,3148,3167,3168,3166,3172,3173,3174,3179,3180,3181,3182,3183,3170,3171,3176,3175,3178,3177,3187,3188,3184,3185,3186,3169,3165],"class_list":{"0":"post-5565","1":"product","2":"type-product","3":"status-publish","4":"has-post-thumbnail","6":"product_cat-k-c3-bapi-c5-a5-v-c3-bdskumn-c3-a9-chemik-c3-a1lie","7":"product_tag-ako-kpi-mdpv","8":"product_tag-bath-salt-for-sale","9":"product_tag-buy-dextromethorphan-powder-online","10":"product_tag-buy-mdpv-online","11":"product_tag-buy-mdpv-online-usa","12":"product_tag-buy-mdpv-plant-food","13":"product_tag-buy-mdpv-powder-online-2019","14":"product_tag-buy-mdpv-powdera-online-fr","15":"product_tag-buy-mdpv-power-online","16":"product_tag-buy-mdpv-uk","17":"product_tag-buy-mdpv-usa","18":"product_tag-buy-methylenedioxypyrovalerone-powder-online-review","19":"product_tag-buy-methylenedioxypyrovalerone-powder-online-reviews","20":"product_tag-buy-methylenedioxypyrovalerone-powdera-online","21":"product_tag-buy-methylenedioxypyrovalerone-powdera-online-ecouter","22":"product_tag-kde-kpi-mdpv","23":"product_tag-mdpv-kpeov-soli-kpi","24":"product_tag-mdpv-kpeov-soli-kpi-online","25":"product_tag-buy-mdpv","26":"product_tag-buy-mdpv-1g","27":"product_tag-buy-mdpv-europe","28":"product_tag-kpi-mdpv-lacno","29":"product_tag-buy-mdpv-powder-online-free","30":"product_tag-kpi-metylndioxypyrovaleron-prok-online-indonzia","31":"product_tag-k-c3-bapi-c5-a5-mdpv-powdera-online","32":"product_tag-buy-mdpv-powdera-online-ecouter","33":"product_tag-kpi-metylndioxypyrovaleron-power-online","34":"product_tag-kpi-metylndioxypyrovaleron-powdera-online-com","35":"product_tag-kpi-metylndioxypyrovaleron-powdera-online-fr","36":"product_tag-buy-mdpv-powdera-online-casino","37":"product_tag-mdpv-buy-usa","38":"product_tag-mdpv-drug","39":"product_tag-mdpv-buy-uk","40":"product_tag-mdpv-powder-for-sale-amazon","41":"product_tag-mdpv-powder-for-sale-craigslist","42":"product_tag-mdpv-powder-for-sale-ebay","43":"product_tag-mdpv-powder-for-sale-united-states","44":"product_tag-mdpv-powder-for-sale-usa","45":"product_tag-mdpv-powder-for-sale-walmart","46":"product_tag-mdpv-powder-for-sale-without","47":"product_tag-mdpv-prky","48":"product_tag-mdpv-prok-na-predaj","49":"product_tag-mdpv-prok-na-predaj-2019","50":"product_tag-mdpv-prok-na-predaj-michigan","51":"product_tag-mdpv-prok-na-predaj-florida","52":"product_tag-mdpv-prok-na-predaj-uk","53":"product_tag-mdpv-prasok-na-predaj-v-okolo-mna","54":"product_tag-methylenedioxypyrovalerone-powder-foundation","55":"product_tag-methylenedioxypyrovalerone-powder-review","56":"product_tag-metylndioxypyrovaleron-kpi","57":"product_tag-metylndioxypyrovaleron-kpi-online","58":"product_tag-metylndioxypyrovalern-prok","59":"product_tag-mdpv-online-buy","60":"product_tag-mdpv-kpeov-soli-na-predaj","62":"first","63":"instock","64":"shipping-taxable","65":"purchasable","66":"product-type-variable","67":"has-default-attributes"},"yoast_head":"<!-- This site is optimized with the Yoast SEO plugin v27.3 - https:\/\/yoast.com\/product\/yoast-seo-wordpress\/ -->\n<title>K\u00fapte si pr\u00e1\u0161ok MDPV (metyl\u00e9ndioxypyrovaler\u00f3n) - najlep\u0161ie glob\u00e1lne lieky<\/title>\n<meta name=\"description\" content=\"K\u00fapte si MDPV na predaj online vo Ve\u013ekej Brit\u00e1nii, Eur\u00f3pe tu na Bestglobalmeds. N\u00e1kup v\u00fdskumn\u00fdch chemik\u00e1li\u00ed metyl\u00e9ndioxypyrovaler\u00f3n online je ve\u013emi zlo\u017eit\u00fd. Ale m\u00f4\u017eeme poskytn\u00fa\u0165 \u0161pi\u010dkov\u00fa kvalitu MDPV na predaj za ve\u013emi n\u00edzke ceny.\" \/>\n<meta name=\"robots\" content=\"index, follow, max-snippet:-1, max-image-preview:large, max-video-preview:-1\" \/>\n<link rel=\"canonical\" href=\"https:\/\/medicinasinc.com\/sk\/product\/kupit-mdpv-metylendioxypyrovaleron-prasok\/\" \/>\n<meta property=\"og:locale\" content=\"en_US\" \/>\n<meta property=\"og:type\" content=\"article\" \/>\n<meta property=\"og:title\" content=\"K\u00fapte si pr\u00e1\u0161ok MDPV (metyl\u00e9ndioxypyrovaler\u00f3n) - najlep\u0161ie glob\u00e1lne lieky\" \/>\n<meta property=\"og:description\" content=\"K\u00fapte si MDPV na predaj online vo Ve\u013ekej Brit\u00e1nii, Eur\u00f3pe tu na Bestglobalmeds. N\u00e1kup v\u00fdskumn\u00fdch chemik\u00e1li\u00ed metyl\u00e9ndioxypyrovaler\u00f3n online je ve\u013emi zlo\u017eit\u00fd. Ale m\u00f4\u017eeme poskytn\u00fa\u0165 \u0161pi\u010dkov\u00fa kvalitu MDPV na predaj za ve\u013emi n\u00edzke ceny.\" \/>\n<meta property=\"og:url\" content=\"https:\/\/medicinasinc.com\/sk\/product\/kupit-mdpv-metylendioxypyrovaleron-prasok\/\" \/>\n<meta property=\"og:site_name\" content=\"Medicinas Inc\" \/>\n<meta property=\"article:modified_time\" content=\"2022-03-22T00:55:25+00:00\" \/>\n<meta property=\"og:image\" content=\"https:\/\/medicinasinc.com\/sk\/wp-content\/uploads\/sites\/10\/2022\/02\/buy-methylenedioxypyrovalerone.jpg\" \/>\n\t<meta property=\"og:image:width\" content=\"1400\" \/>\n\t<meta property=\"og:image:height\" content=\"700\" \/>\n\t<meta property=\"og:image:type\" content=\"image\/jpeg\" \/>\n<meta name=\"twitter:card\" content=\"summary_large_image\" \/>\n<meta name=\"twitter:label1\" content=\"Est. reading time\" \/>\n\t<meta name=\"twitter:data1\" content=\"1 minute\" \/>\n<script type=\"application\/ld+json\" class=\"yoast-schema-graph\">{\"@context\":\"https:\\\/\\\/schema.org\",\"@graph\":[{\"@type\":\"WebPage\",\"@id\":\"https:\\\/\\\/medicinasinc.com\\\/sk\\\/product\\\/kupit-mdpv-metylendioxypyrovaleron-prasok\\\/\",\"url\":\"https:\\\/\\\/medicinasinc.com\\\/sk\\\/product\\\/kupit-mdpv-metylendioxypyrovaleron-prasok\\\/\",\"name\":\"K\u00fapte si pr\u00e1\u0161ok MDPV (metyl\u00e9ndioxypyrovaler\u00f3n) - najlep\u0161ie glob\u00e1lne lieky\",\"isPartOf\":{\"@id\":\"https:\\\/\\\/medicinasinc.com\\\/sk\\\/#website\"},\"primaryImageOfPage\":{\"@id\":\"https:\\\/\\\/medicinasinc.com\\\/sk\\\/product\\\/kupit-mdpv-metylendioxypyrovaleron-prasok\\\/#primaryimage\"},\"image\":{\"@id\":\"https:\\\/\\\/medicinasinc.com\\\/sk\\\/product\\\/kupit-mdpv-metylendioxypyrovaleron-prasok\\\/#primaryimage\"},\"thumbnailUrl\":\"https:\\\/\\\/medicinasinc.com\\\/sk\\\/wp-content\\\/uploads\\\/sites\\\/10\\\/2022\\\/02\\\/buy-methylenedioxypyrovalerone.jpg\",\"datePublished\":\"2022-02-22T01:51:04+00:00\",\"dateModified\":\"2022-03-22T00:55:25+00:00\",\"description\":\"K\u00fapte si MDPV na predaj online vo Ve\u013ekej Brit\u00e1nii, Eur\u00f3pe tu na Bestglobalmeds. N\u00e1kup v\u00fdskumn\u00fdch chemik\u00e1li\u00ed metyl\u00e9ndioxypyrovaler\u00f3n online je ve\u013emi zlo\u017eit\u00fd. Ale m\u00f4\u017eeme poskytn\u00fa\u0165 \u0161pi\u010dkov\u00fa kvalitu MDPV na predaj za ve\u013emi n\u00edzke ceny.\",\"breadcrumb\":{\"@id\":\"https:\\\/\\\/medicinasinc.com\\\/sk\\\/product\\\/kupit-mdpv-metylendioxypyrovaleron-prasok\\\/#breadcrumb\"},\"inLanguage\":\"en-US\",\"potentialAction\":[{\"@type\":\"ReadAction\",\"target\":[\"https:\\\/\\\/medicinasinc.com\\\/sk\\\/product\\\/kupit-mdpv-metylendioxypyrovaleron-prasok\\\/\"]}]},{\"@type\":\"ImageObject\",\"inLanguage\":\"en-US\",\"@id\":\"https:\\\/\\\/medicinasinc.com\\\/sk\\\/product\\\/kupit-mdpv-metylendioxypyrovaleron-prasok\\\/#primaryimage\",\"url\":\"https:\\\/\\\/medicinasinc.com\\\/sk\\\/wp-content\\\/uploads\\\/sites\\\/10\\\/2022\\\/02\\\/buy-methylenedioxypyrovalerone.jpg\",\"contentUrl\":\"https:\\\/\\\/medicinasinc.com\\\/sk\\\/wp-content\\\/uploads\\\/sites\\\/10\\\/2022\\\/02\\\/buy-methylenedioxypyrovalerone.jpg\",\"width\":1400,\"height\":700},{\"@type\":\"BreadcrumbList\",\"@id\":\"https:\\\/\\\/medicinasinc.com\\\/sk\\\/product\\\/kupit-mdpv-metylendioxypyrovaleron-prasok\\\/#breadcrumb\",\"itemListElement\":[{\"@type\":\"ListItem\",\"position\":1,\"name\":\"Obchod\",\"item\":\"https:\\\/\\\/medicinasinc.com\\\/sk\\\/obchod\\\/\"},{\"@type\":\"ListItem\",\"position\":2,\"name\":\"K\u00fapte si pr\u00e1\u0161ok MDPV (metyl\u00e9ndioxypyrovaler\u00f3n).\"}]},{\"@type\":\"WebSite\",\"@id\":\"https:\\\/\\\/medicinasinc.com\\\/sk\\\/#website\",\"url\":\"https:\\\/\\\/medicinasinc.com\\\/sk\\\/\",\"name\":\"Medicinas Inc\",\"description\":\"Health Medical Clinic\",\"potentialAction\":[{\"@type\":\"SearchAction\",\"target\":{\"@type\":\"EntryPoint\",\"urlTemplate\":\"https:\\\/\\\/medicinasinc.com\\\/sk\\\/?s={search_term_string}\"},\"query-input\":{\"@type\":\"PropertyValueSpecification\",\"valueRequired\":true,\"valueName\":\"search_term_string\"}}],\"inLanguage\":\"en-US\"}]}<\/script>\n<!-- \/ Yoast SEO plugin. -->","yoast_head_json":{"title":"K\u00fapte si pr\u00e1\u0161ok MDPV (metyl\u00e9ndioxypyrovaler\u00f3n) - najlep\u0161ie glob\u00e1lne lieky","description":"K\u00fapte si MDPV na predaj online vo Ve\u013ekej Brit\u00e1nii, Eur\u00f3pe tu na Bestglobalmeds. N\u00e1kup v\u00fdskumn\u00fdch chemik\u00e1li\u00ed metyl\u00e9ndioxypyrovaler\u00f3n online je ve\u013emi zlo\u017eit\u00fd. Ale m\u00f4\u017eeme poskytn\u00fa\u0165 \u0161pi\u010dkov\u00fa kvalitu MDPV na predaj za ve\u013emi n\u00edzke ceny.","robots":{"index":"index","follow":"follow","max-snippet":"max-snippet:-1","max-image-preview":"max-image-preview:large","max-video-preview":"max-video-preview:-1"},"canonical":"https:\/\/medicinasinc.com\/sk\/product\/kupit-mdpv-metylendioxypyrovaleron-prasok\/","og_locale":"en_US","og_type":"article","og_title":"K\u00fapte si pr\u00e1\u0161ok MDPV (metyl\u00e9ndioxypyrovaler\u00f3n) - najlep\u0161ie glob\u00e1lne lieky","og_description":"K\u00fapte si MDPV na predaj online vo Ve\u013ekej Brit\u00e1nii, Eur\u00f3pe tu na Bestglobalmeds. N\u00e1kup v\u00fdskumn\u00fdch chemik\u00e1li\u00ed metyl\u00e9ndioxypyrovaler\u00f3n online je ve\u013emi zlo\u017eit\u00fd. Ale m\u00f4\u017eeme poskytn\u00fa\u0165 \u0161pi\u010dkov\u00fa kvalitu MDPV na predaj za ve\u013emi n\u00edzke ceny.","og_url":"https:\/\/medicinasinc.com\/sk\/product\/kupit-mdpv-metylendioxypyrovaleron-prasok\/","og_site_name":"Medicinas Inc","article_modified_time":"2022-03-22T00:55:25+00:00","og_image":[{"width":1400,"height":700,"url":"https:\/\/medicinasinc.com\/sk\/wp-content\/uploads\/sites\/10\/2022\/02\/buy-methylenedioxypyrovalerone.jpg","type":"image\/jpeg"}],"twitter_card":"summary_large_image","twitter_misc":{"Est. reading time":"1 minute"},"schema":{"@context":"https:\/\/schema.org","@graph":[{"@type":"WebPage","@id":"https:\/\/medicinasinc.com\/sk\/product\/kupit-mdpv-metylendioxypyrovaleron-prasok\/","url":"https:\/\/medicinasinc.com\/sk\/product\/kupit-mdpv-metylendioxypyrovaleron-prasok\/","name":"K\u00fapte si pr\u00e1\u0161ok MDPV (metyl\u00e9ndioxypyrovaler\u00f3n) - najlep\u0161ie glob\u00e1lne lieky","isPartOf":{"@id":"https:\/\/medicinasinc.com\/sk\/#website"},"primaryImageOfPage":{"@id":"https:\/\/medicinasinc.com\/sk\/product\/kupit-mdpv-metylendioxypyrovaleron-prasok\/#primaryimage"},"image":{"@id":"https:\/\/medicinasinc.com\/sk\/product\/kupit-mdpv-metylendioxypyrovaleron-prasok\/#primaryimage"},"thumbnailUrl":"https:\/\/medicinasinc.com\/sk\/wp-content\/uploads\/sites\/10\/2022\/02\/buy-methylenedioxypyrovalerone.jpg","datePublished":"2022-02-22T01:51:04+00:00","dateModified":"2022-03-22T00:55:25+00:00","description":"K\u00fapte si MDPV na predaj online vo Ve\u013ekej Brit\u00e1nii, Eur\u00f3pe tu na Bestglobalmeds. N\u00e1kup v\u00fdskumn\u00fdch chemik\u00e1li\u00ed metyl\u00e9ndioxypyrovaler\u00f3n online je ve\u013emi zlo\u017eit\u00fd. Ale m\u00f4\u017eeme poskytn\u00fa\u0165 \u0161pi\u010dkov\u00fa kvalitu MDPV na predaj za ve\u013emi n\u00edzke ceny.","breadcrumb":{"@id":"https:\/\/medicinasinc.com\/sk\/product\/kupit-mdpv-metylendioxypyrovaleron-prasok\/#breadcrumb"},"inLanguage":"en-US","potentialAction":[{"@type":"ReadAction","target":["https:\/\/medicinasinc.com\/sk\/product\/kupit-mdpv-metylendioxypyrovaleron-prasok\/"]}]},{"@type":"ImageObject","inLanguage":"en-US","@id":"https:\/\/medicinasinc.com\/sk\/product\/kupit-mdpv-metylendioxypyrovaleron-prasok\/#primaryimage","url":"https:\/\/medicinasinc.com\/sk\/wp-content\/uploads\/sites\/10\/2022\/02\/buy-methylenedioxypyrovalerone.jpg","contentUrl":"https:\/\/medicinasinc.com\/sk\/wp-content\/uploads\/sites\/10\/2022\/02\/buy-methylenedioxypyrovalerone.jpg","width":1400,"height":700},{"@type":"BreadcrumbList","@id":"https:\/\/medicinasinc.com\/sk\/product\/kupit-mdpv-metylendioxypyrovaleron-prasok\/#breadcrumb","itemListElement":[{"@type":"ListItem","position":1,"name":"Obchod","item":"https:\/\/medicinasinc.com\/sk\/obchod\/"},{"@type":"ListItem","position":2,"name":"K\u00fapte si pr\u00e1\u0161ok MDPV (metyl\u00e9ndioxypyrovaler\u00f3n)."}]},{"@type":"WebSite","@id":"https:\/\/medicinasinc.com\/sk\/#website","url":"https:\/\/medicinasinc.com\/sk\/","name":"Medicinas Inc","description":"Health Medical Clinic","potentialAction":[{"@type":"SearchAction","target":{"@type":"EntryPoint","urlTemplate":"https:\/\/medicinasinc.com\/sk\/?s={search_term_string}"},"query-input":{"@type":"PropertyValueSpecification","valueRequired":true,"valueName":"search_term_string"}}],"inLanguage":"en-US"}]}},"_links":{"self":[{"href":"https:\/\/medicinasinc.com\/sk\/wp-json\/wp\/v2\/product\/5565","targetHints":{"allow":["GET"]}}],"collection":[{"href":"https:\/\/medicinasinc.com\/sk\/wp-json\/wp\/v2\/product"}],"about":[{"href":"https:\/\/medicinasinc.com\/sk\/wp-json\/wp\/v2\/types\/product"}],"replies":[{"embeddable":true,"href":"https:\/\/medicinasinc.com\/sk\/wp-json\/wp\/v2\/comments?post=5565"}],"wp:featuredmedia":[{"embeddable":true,"href":"https:\/\/medicinasinc.com\/sk\/wp-json\/wp\/v2\/media\/5576"}],"wp:attachment":[{"href":"https:\/\/medicinasinc.com\/sk\/wp-json\/wp\/v2\/media?parent=5565"}],"wp:term":[{"taxonomy":"product_brand","embeddable":true,"href":"https:\/\/medicinasinc.com\/sk\/wp-json\/wp\/v2\/product_brand?post=5565"},{"taxonomy":"product_cat","embeddable":true,"href":"https:\/\/medicinasinc.com\/sk\/wp-json\/wp\/v2\/product_cat?post=5565"},{"taxonomy":"product_tag","embeddable":true,"href":"https:\/\/medicinasinc.com\/sk\/wp-json\/wp\/v2\/product_tag?post=5565"}],"curies":[{"name":"wp","href":"https:\/\/api.w.org\/{rel}","templated":true}]}}