{"id":5564,"date":"2022-02-22T01:48:50","date_gmt":"2022-02-22T01:48:50","guid":{"rendered":"https:\/\/medicinasinc.com\/sk\/?post_type=product&#038;p=5564"},"modified":"2022-03-22T00:55:35","modified_gmt":"2022-03-22T00:55:35","slug":"kupit-mdai-krystalovy-prasok","status":"publish","type":"product","link":"https:\/\/medicinasinc.com\/sk\/product\/kupit-mdai-krystalovy-prasok\/","title":{"rendered":"K\u00fapi\u0165 MDAI Crystal &amp; Pr\u00e1\u0161ok"},"content":{"rendered":"<p>Nakupujte online kry\u0161t\u00e1l a pr\u00e1\u0161ok MDAI.<\/p>\n<p>Kry\u0161t\u00e1ly a pr\u00e1\u0161ky MDAI na predaj za zn\u00ed\u017een\u00e9 ceny.<\/p>\n<p>Nakupujte u n\u00e1s MDAI.<\/p>\n<p>Na\u0161\u00edm hlavn\u00fdm cie\u013eom je poskytova\u0165 klientom \u0161pi\u010dkov\u00e9 inform\u00e1cie a kvalitn\u00e9 slu\u017eby. Prieskumn\u00e9 skupiny a plnohodnotn\u00e9 v\u00fdrobn\u00e9 zariadenia m\u00f4\u017eu n\u00e1js\u0165 RC v mno\u017estve a kvalite, ktor\u00fa potrebuj\u00fa. Preh\u013ead RC, ktor\u00fd vyhovuje v\u0161etk\u00fdm va\u0161im z\u00e1ujmom a cie\u013eom, n\u00e1jdete priamo tu. Na\u0161a firma navrhuje svetov\u00e9 hnacie chemik\u00e1lie zalo\u017een\u00e9 na najnov\u0161\u00edch technologick\u00fdch pokrokoch. V\u0161etky polo\u017eky v tomto zozname nemaj\u00fa pre \u013eud\u00ed praktick\u00e9 vyu\u017eitie.<\/p>\n<p>Malo by sa podporova\u0165 pou\u017e\u00edvanie liekov v laborat\u00f3riu, na vedeck\u00e9 \u00fa\u010dely a na \u0161t\u00fadium. Zaznamenan\u00e9 chemick\u00e9 l\u00e1tky mo\u017eno pou\u017ei\u0165 len na prieskumy, pokusy a testy. Bal\u00edky, ktor\u00e9 ned\u00e1vno vyrobili popredn\u00e9 \u010d\u00ednske v\u00fdskumn\u00e9 zariadenia na trhu RC s\u00fa teraz k dispoz\u00edcii.<\/p>\n<p>Ak sa teraz dohodnete, doru\u010d\u00edme v\u00e1\u0161 bal\u00edk kdeko\u013evek v Spojen\u00fdch \u0161t\u00e1toch, Eur\u00f3pe alebo vo svete. Aby sme vyhoveli va\u0161im potreb\u00e1m, spolupracujeme s mno\u017estvom popredn\u00fdch svetov\u00fdch laborat\u00f3ri\u00ed, ktor\u00e9 pl\u00e1nuj\u00fa vybudova\u0165 RC, a va\u0161a po\u017eiadavka je pre na\u0161u firmu mimoriadne d\u00f4le\u017eit\u00e1.<\/p>\n<p>N\u00e1\u0161 predajca s\u00eddli v Spojen\u00fdch \u0161t\u00e1toch americk\u00fdch. a p\u00f4sob\u00ed po celom svete. Na str\u00e1nke si spotrebitelia m\u00f4\u017eu jednoducho skontrolova\u0165 odhad a dostupnos\u0165 RC pre svoje vlastn\u00e9 potreby. z\u00e1kazn\u00edkov. Obr\u00e1\u0165te sa na n\u00e1\u0161 priate\u013esk\u00fd a viacjazy\u010dn\u00fd z\u00e1kazn\u00edcky servis, aby ste sa dozvedeli, ako zada\u0165 po\u017eiadavku. Ak m\u00e1te z\u00e1ujem o h\u013eadanie zmesov\u00fdch alebo z\u013eavnen\u00fdch l\u00e1tok, kontaktujte n\u00e1s, ak chcete z\u00edska\u0165 \u010fal\u0161ie inform\u00e1cie. Ak na na\u0161ej str\u00e1nke nen\u00e1jdete to, \u010do h\u013ead\u00e1te, nev\u00e1hajte n\u00e1s kontaktova\u0165 so \u017eiados\u0165ou o pomoc. Kvalita je najd\u00f4le\u017eitej\u0161\u00edm faktorom pri z\u00edskavan\u00ed chemik\u00e1li\u00ed na \u0161t\u00fadium.<\/p>\n","protected":false},"excerpt":{"rendered":"<p>K\u00fapi\u0165 MDAI Crystal &amp; Pr\u00e1\u0161ok na predaj vo Ve\u013ekej Brit\u00e1nii, Eur\u00f3pe lacno online. MDAI alebo 5,6-metyl\u00e9ndioxy-2-aminoind\u00e1nK\u00fapi\u0165 MDAI alebo 5,6-metyl\u00e9ndioxy-2-aminoind\u00e1n.<\/p>\n","protected":false},"featured_media":5574,"comment_status":"open","ping_status":"closed","template":"","meta":[],"product_brand":[],"product_cat":[2014],"product_tag":[3093,3094,3095,2522,3096,3098,2525,2532,3106,3108,3135,3111,3110,3100,3118,3097,3099,3101,2530,3104,3105,3103,3102,3107,3109,3114,3115,3117,3120,3121,517,2549,3123,3124,3122,3125,3126,3128,3131,3132,3127,3130,3129,3113,3133,3112,3119,3134,3116],"class_list":{"0":"post-5564","1":"product","2":"type-product","3":"status-publish","4":"has-post-thumbnail","6":"product_cat-k-c3-bapi-c5-a5-v-c3-bdskumn-c3-a9-chemik-c3-a1lie","7":"product_tag-4mmc-for-sale","8":"product_tag-amfetamn-na-predaj","9":"product_tag-bath-salts-for-sale","10":"product_tag-buy-4mmc","11":"product_tag-buy-amphetamine-speed","12":"product_tag-buy-crystal-meth","13":"product_tag-buy-mephedrone","14":"product_tag-buy-mephedrone-plant-food","15":"product_tag-buy-phenethylamine","16":"product_tag-crystal-meth-for-sale","17":"product_tag-kde-kpi-mdai-prok","18":"product_tag-mdai-krytlov-efekt","19":"product_tag-mdai-crystal-buy","20":"product_tag-buy-mdai","21":"product_tag-mdai-powder-buy","22":"product_tag-k-c3-bapi-c5-a5-k-c3-bape-c4-beov-c3-a9-so","23":"product_tag-buy-lsd","24":"product_tag-buy-mdai-crystal","25":"product_tag-kpi-mefedron-online","26":"product_tag-kpi-metyln","27":"product_tag-kpi-mkat","28":"product_tag-kup-mau-mau","29":"product_tag-kpi-mdai-prok","30":"product_tag-kpi-tryptamn","31":"product_tag-lsd-for-sale","32":"product_tag-mdai-crystal-reddit","33":"product_tag-mdai-crystal-retail","34":"product_tag-mdai-na-predaj","35":"product_tag-mdai-powder-online","36":"product_tag-mdai-powder-order","37":"product_tag-mdma-na-predaj","38":"product_tag-mefedrn-na-predaj","39":"product_tag-methylone-for-sale","40":"product_tag-mkat-for-sale","41":"product_tag-mau-mau-predaj","42":"product_tag-objednvka-mdai-krytl","43":"product_tag-objednvka-mdma","44":"product_tag-objednvka-mefedrn","45":"product_tag-poriadku-metyln","46":"product_tag-objednvka-mkat","47":"product_tag-rozkaz-mau-mau","48":"product_tag-objedna-meth-online","49":"product_tag-objednvka-mefedrn-rastlinn-potrava","50":"product_tag-mdai-crystal-order","51":"product_tag-fenetylamn-na-predaj","52":"product_tag-mdai-crystal-na-predaj","53":"product_tag-mdai-prok-na-predaj","54":"product_tag-tryptamn-na-predaj","55":"product_tag-mdai-crystal-ve-c4-bekoobchod","57":"first","58":"instock","59":"shipping-taxable","60":"purchasable","61":"product-type-variable","62":"has-default-attributes"},"yoast_head":"<!-- This site is optimized with the Yoast SEO plugin v27.3 - https:\/\/yoast.com\/product\/yoast-seo-wordpress\/ -->\n<title>K\u00fapi\u0165 MDAI Crystal &amp; Lacn\u00fd pr\u00e1\u0161ok online \u2013 najlep\u0161ie glob\u00e1lne lieky<\/title>\n<meta name=\"description\" content=\"K\u00fapi\u0165 MDAI Crystal &amp; Pr\u00e1\u0161ok na predaj vo Ve\u013ekej Brit\u00e1nii, Eur\u00f3pe lacno online. MDAI alebo 5,6-metyl\u00e9ndioxy-2-aminoind\u00e1nK\u00fapte si MDAI alebo 5,6-metyl\u00e9ndioxy-2-aminoind\u00e1n.\" \/>\n<meta name=\"robots\" content=\"index, follow, max-snippet:-1, max-image-preview:large, max-video-preview:-1\" \/>\n<link rel=\"canonical\" href=\"https:\/\/medicinasinc.com\/sk\/product\/kupit-mdai-krystalovy-prasok\/\" \/>\n<meta property=\"og:locale\" content=\"en_US\" \/>\n<meta property=\"og:type\" content=\"article\" \/>\n<meta property=\"og:title\" content=\"K\u00fapi\u0165 MDAI Crystal &amp; Lacn\u00fd pr\u00e1\u0161ok online \u2013 najlep\u0161ie glob\u00e1lne lieky\" \/>\n<meta property=\"og:description\" content=\"K\u00fapi\u0165 MDAI Crystal &amp; Pr\u00e1\u0161ok na predaj vo Ve\u013ekej Brit\u00e1nii, Eur\u00f3pe lacno online. MDAI alebo 5,6-metyl\u00e9ndioxy-2-aminoind\u00e1nK\u00fapte si MDAI alebo 5,6-metyl\u00e9ndioxy-2-aminoind\u00e1n.\" \/>\n<meta property=\"og:url\" content=\"https:\/\/medicinasinc.com\/sk\/product\/kupit-mdai-krystalovy-prasok\/\" \/>\n<meta property=\"og:site_name\" content=\"Medicinas Inc\" \/>\n<meta property=\"article:modified_time\" content=\"2022-03-22T00:55:35+00:00\" \/>\n<meta property=\"og:image\" content=\"https:\/\/medicinasinc.com\/sk\/wp-content\/uploads\/sites\/10\/2022\/02\/buy-mdai-crystal-powder-cheap-online.jpg\" \/>\n\t<meta property=\"og:image:width\" content=\"600\" \/>\n\t<meta property=\"og:image:height\" content=\"600\" \/>\n\t<meta property=\"og:image:type\" content=\"image\/jpeg\" \/>\n<meta name=\"twitter:card\" content=\"summary_large_image\" \/>\n<meta name=\"twitter:label1\" content=\"Est. reading time\" \/>\n\t<meta name=\"twitter:data1\" content=\"2 minutes\" \/>\n<script type=\"application\/ld+json\" class=\"yoast-schema-graph\">{\"@context\":\"https:\\\/\\\/schema.org\",\"@graph\":[{\"@type\":\"WebPage\",\"@id\":\"https:\\\/\\\/medicinasinc.com\\\/sk\\\/product\\\/kupit-mdai-krystalovy-prasok\\\/\",\"url\":\"https:\\\/\\\/medicinasinc.com\\\/sk\\\/product\\\/kupit-mdai-krystalovy-prasok\\\/\",\"name\":\"K\u00fapi\u0165 MDAI Crystal &amp; Lacn\u00fd pr\u00e1\u0161ok online \u2013 najlep\u0161ie glob\u00e1lne lieky\",\"isPartOf\":{\"@id\":\"https:\\\/\\\/medicinasinc.com\\\/sk\\\/#website\"},\"primaryImageOfPage\":{\"@id\":\"https:\\\/\\\/medicinasinc.com\\\/sk\\\/product\\\/kupit-mdai-krystalovy-prasok\\\/#primaryimage\"},\"image\":{\"@id\":\"https:\\\/\\\/medicinasinc.com\\\/sk\\\/product\\\/kupit-mdai-krystalovy-prasok\\\/#primaryimage\"},\"thumbnailUrl\":\"https:\\\/\\\/medicinasinc.com\\\/sk\\\/wp-content\\\/uploads\\\/sites\\\/10\\\/2022\\\/02\\\/buy-mdai-crystal-powder-cheap-online.jpg\",\"datePublished\":\"2022-02-22T01:48:50+00:00\",\"dateModified\":\"2022-03-22T00:55:35+00:00\",\"description\":\"K\u00fapi\u0165 MDAI Crystal &amp; Pr\u00e1\u0161ok na predaj vo Ve\u013ekej Brit\u00e1nii, Eur\u00f3pe lacno online. MDAI alebo 5,6-metyl\u00e9ndioxy-2-aminoind\u00e1nK\u00fapte si MDAI alebo 5,6-metyl\u00e9ndioxy-2-aminoind\u00e1n.\",\"breadcrumb\":{\"@id\":\"https:\\\/\\\/medicinasinc.com\\\/sk\\\/product\\\/kupit-mdai-krystalovy-prasok\\\/#breadcrumb\"},\"inLanguage\":\"en-US\",\"potentialAction\":[{\"@type\":\"ReadAction\",\"target\":[\"https:\\\/\\\/medicinasinc.com\\\/sk\\\/product\\\/kupit-mdai-krystalovy-prasok\\\/\"]}]},{\"@type\":\"ImageObject\",\"inLanguage\":\"en-US\",\"@id\":\"https:\\\/\\\/medicinasinc.com\\\/sk\\\/product\\\/kupit-mdai-krystalovy-prasok\\\/#primaryimage\",\"url\":\"https:\\\/\\\/medicinasinc.com\\\/sk\\\/wp-content\\\/uploads\\\/sites\\\/10\\\/2022\\\/02\\\/buy-mdai-crystal-powder-cheap-online.jpg\",\"contentUrl\":\"https:\\\/\\\/medicinasinc.com\\\/sk\\\/wp-content\\\/uploads\\\/sites\\\/10\\\/2022\\\/02\\\/buy-mdai-crystal-powder-cheap-online.jpg\",\"width\":600,\"height\":600},{\"@type\":\"BreadcrumbList\",\"@id\":\"https:\\\/\\\/medicinasinc.com\\\/sk\\\/product\\\/kupit-mdai-krystalovy-prasok\\\/#breadcrumb\",\"itemListElement\":[{\"@type\":\"ListItem\",\"position\":1,\"name\":\"Obchod\",\"item\":\"https:\\\/\\\/medicinasinc.com\\\/sk\\\/obchod\\\/\"},{\"@type\":\"ListItem\",\"position\":2,\"name\":\"K\u00fapi\u0165 MDAI Crystal &amp; Pr\u00e1\u0161ok\"}]},{\"@type\":\"WebSite\",\"@id\":\"https:\\\/\\\/medicinasinc.com\\\/sk\\\/#website\",\"url\":\"https:\\\/\\\/medicinasinc.com\\\/sk\\\/\",\"name\":\"Medicinas Inc\",\"description\":\"Health Medical Clinic\",\"potentialAction\":[{\"@type\":\"SearchAction\",\"target\":{\"@type\":\"EntryPoint\",\"urlTemplate\":\"https:\\\/\\\/medicinasinc.com\\\/sk\\\/?s={search_term_string}\"},\"query-input\":{\"@type\":\"PropertyValueSpecification\",\"valueRequired\":true,\"valueName\":\"search_term_string\"}}],\"inLanguage\":\"en-US\"}]}<\/script>\n<!-- \/ Yoast SEO plugin. -->","yoast_head_json":{"title":"K\u00fapi\u0165 MDAI Crystal &amp; Lacn\u00fd pr\u00e1\u0161ok online \u2013 najlep\u0161ie glob\u00e1lne lieky","description":"K\u00fapi\u0165 MDAI Crystal &amp; Pr\u00e1\u0161ok na predaj vo Ve\u013ekej Brit\u00e1nii, Eur\u00f3pe lacno online. MDAI alebo 5,6-metyl\u00e9ndioxy-2-aminoind\u00e1nK\u00fapte si MDAI alebo 5,6-metyl\u00e9ndioxy-2-aminoind\u00e1n.","robots":{"index":"index","follow":"follow","max-snippet":"max-snippet:-1","max-image-preview":"max-image-preview:large","max-video-preview":"max-video-preview:-1"},"canonical":"https:\/\/medicinasinc.com\/sk\/product\/kupit-mdai-krystalovy-prasok\/","og_locale":"en_US","og_type":"article","og_title":"K\u00fapi\u0165 MDAI Crystal &amp; Lacn\u00fd pr\u00e1\u0161ok online \u2013 najlep\u0161ie glob\u00e1lne lieky","og_description":"K\u00fapi\u0165 MDAI Crystal &amp; Pr\u00e1\u0161ok na predaj vo Ve\u013ekej Brit\u00e1nii, Eur\u00f3pe lacno online. MDAI alebo 5,6-metyl\u00e9ndioxy-2-aminoind\u00e1nK\u00fapte si MDAI alebo 5,6-metyl\u00e9ndioxy-2-aminoind\u00e1n.","og_url":"https:\/\/medicinasinc.com\/sk\/product\/kupit-mdai-krystalovy-prasok\/","og_site_name":"Medicinas Inc","article_modified_time":"2022-03-22T00:55:35+00:00","og_image":[{"width":600,"height":600,"url":"https:\/\/medicinasinc.com\/sk\/wp-content\/uploads\/sites\/10\/2022\/02\/buy-mdai-crystal-powder-cheap-online.jpg","type":"image\/jpeg"}],"twitter_card":"summary_large_image","twitter_misc":{"Est. reading time":"2 minutes"},"schema":{"@context":"https:\/\/schema.org","@graph":[{"@type":"WebPage","@id":"https:\/\/medicinasinc.com\/sk\/product\/kupit-mdai-krystalovy-prasok\/","url":"https:\/\/medicinasinc.com\/sk\/product\/kupit-mdai-krystalovy-prasok\/","name":"K\u00fapi\u0165 MDAI Crystal &amp; Lacn\u00fd pr\u00e1\u0161ok online \u2013 najlep\u0161ie glob\u00e1lne lieky","isPartOf":{"@id":"https:\/\/medicinasinc.com\/sk\/#website"},"primaryImageOfPage":{"@id":"https:\/\/medicinasinc.com\/sk\/product\/kupit-mdai-krystalovy-prasok\/#primaryimage"},"image":{"@id":"https:\/\/medicinasinc.com\/sk\/product\/kupit-mdai-krystalovy-prasok\/#primaryimage"},"thumbnailUrl":"https:\/\/medicinasinc.com\/sk\/wp-content\/uploads\/sites\/10\/2022\/02\/buy-mdai-crystal-powder-cheap-online.jpg","datePublished":"2022-02-22T01:48:50+00:00","dateModified":"2022-03-22T00:55:35+00:00","description":"K\u00fapi\u0165 MDAI Crystal &amp; Pr\u00e1\u0161ok na predaj vo Ve\u013ekej Brit\u00e1nii, Eur\u00f3pe lacno online. MDAI alebo 5,6-metyl\u00e9ndioxy-2-aminoind\u00e1nK\u00fapte si MDAI alebo 5,6-metyl\u00e9ndioxy-2-aminoind\u00e1n.","breadcrumb":{"@id":"https:\/\/medicinasinc.com\/sk\/product\/kupit-mdai-krystalovy-prasok\/#breadcrumb"},"inLanguage":"en-US","potentialAction":[{"@type":"ReadAction","target":["https:\/\/medicinasinc.com\/sk\/product\/kupit-mdai-krystalovy-prasok\/"]}]},{"@type":"ImageObject","inLanguage":"en-US","@id":"https:\/\/medicinasinc.com\/sk\/product\/kupit-mdai-krystalovy-prasok\/#primaryimage","url":"https:\/\/medicinasinc.com\/sk\/wp-content\/uploads\/sites\/10\/2022\/02\/buy-mdai-crystal-powder-cheap-online.jpg","contentUrl":"https:\/\/medicinasinc.com\/sk\/wp-content\/uploads\/sites\/10\/2022\/02\/buy-mdai-crystal-powder-cheap-online.jpg","width":600,"height":600},{"@type":"BreadcrumbList","@id":"https:\/\/medicinasinc.com\/sk\/product\/kupit-mdai-krystalovy-prasok\/#breadcrumb","itemListElement":[{"@type":"ListItem","position":1,"name":"Obchod","item":"https:\/\/medicinasinc.com\/sk\/obchod\/"},{"@type":"ListItem","position":2,"name":"K\u00fapi\u0165 MDAI Crystal &amp; Pr\u00e1\u0161ok"}]},{"@type":"WebSite","@id":"https:\/\/medicinasinc.com\/sk\/#website","url":"https:\/\/medicinasinc.com\/sk\/","name":"Medicinas Inc","description":"Health Medical Clinic","potentialAction":[{"@type":"SearchAction","target":{"@type":"EntryPoint","urlTemplate":"https:\/\/medicinasinc.com\/sk\/?s={search_term_string}"},"query-input":{"@type":"PropertyValueSpecification","valueRequired":true,"valueName":"search_term_string"}}],"inLanguage":"en-US"}]}},"_links":{"self":[{"href":"https:\/\/medicinasinc.com\/sk\/wp-json\/wp\/v2\/product\/5564","targetHints":{"allow":["GET"]}}],"collection":[{"href":"https:\/\/medicinasinc.com\/sk\/wp-json\/wp\/v2\/product"}],"about":[{"href":"https:\/\/medicinasinc.com\/sk\/wp-json\/wp\/v2\/types\/product"}],"replies":[{"embeddable":true,"href":"https:\/\/medicinasinc.com\/sk\/wp-json\/wp\/v2\/comments?post=5564"}],"wp:featuredmedia":[{"embeddable":true,"href":"https:\/\/medicinasinc.com\/sk\/wp-json\/wp\/v2\/media\/5574"}],"wp:attachment":[{"href":"https:\/\/medicinasinc.com\/sk\/wp-json\/wp\/v2\/media?parent=5564"}],"wp:term":[{"taxonomy":"product_brand","embeddable":true,"href":"https:\/\/medicinasinc.com\/sk\/wp-json\/wp\/v2\/product_brand?post=5564"},{"taxonomy":"product_cat","embeddable":true,"href":"https:\/\/medicinasinc.com\/sk\/wp-json\/wp\/v2\/product_cat?post=5564"},{"taxonomy":"product_tag","embeddable":true,"href":"https:\/\/medicinasinc.com\/sk\/wp-json\/wp\/v2\/product_tag?post=5564"}],"curies":[{"name":"wp","href":"https:\/\/api.w.org\/{rel}","templated":true}]}}