{"id":5563,"date":"2022-02-22T01:47:13","date_gmt":"2022-02-22T01:47:13","guid":{"rendered":"https:\/\/medicinasinc.com\/sk\/?post_type=product&#038;p=5563"},"modified":"2022-03-22T00:55:45","modified_gmt":"2022-03-22T00:55:45","slug":"kupit-slonovina-vlna-sol-do-kupela","status":"publish","type":"product","link":"https:\/\/medicinasinc.com\/sk\/product\/kupit-slonovina-vlna-sol-do-kupela\/","title":{"rendered":"K\u00fapte si so\u013e do k\u00fape\u013ea Wave So\u013e zo slonoviny"},"content":{"rendered":"<p>K\u00fape\u013eov\u00e9 soli od Best Global Meds maj\u00fa t\u00fa najlep\u0161iu kvalitu a zanechaj\u00fa vo v\u00e1s pocit \u010distoty a svie\u017eosti po relaxa\u010dnom k\u00fapan\u00ed. Preto\u017ee pred\u00e1vame iba produkty najvy\u0161\u0161ej kvality, m\u00f4\u017eete si by\u0165 ist\u00ed, \u017ee v\u00e1\u0161 n\u00e1kup \u201ek\u00fapte si so\u013e do k\u00fape\u013ea slonovinov\u00e1 on-line\u201c pr\u00edde v bezchybnom stave. Za rozumn\u00e9 ceny vo ve\u013ekom aj v maloobchode je k dispoz\u00edcii aj nieko\u013eko druhov koncentrovan\u00fdch k\u00fape\u013eov\u00fdch sol\u00ed.<\/p>\n<p>V\u00f4\u0148a na\u0161ich k\u00fape\u013eov\u00fdch sol\u00ed napln\u00ed miestnos\u0165!<\/p>\n<p>K\u00fape\u013eov\u00fa so\u013e Ivory Wave je mo\u017en\u00e9 zak\u00fapi\u0165 online.<\/p>\n<p>Kde m\u00f4\u017eete z\u00edska\u0165 so\u013e do k\u00fape\u013ea Ivory Wave cez internet? Soli do k\u00fape\u013ea so slonovinou je mo\u017en\u00e9 zak\u00fapi\u0165 online od Chemicals Lab bez akejko\u013evek n\u00e1mahy alebo ne\u0161ikovnosti. Zaka\u017ed\u00fdm, ke\u010f si v na\u0161ej online lek\u00e1rni k\u00fapite so\u013e do k\u00fape\u013ea so slonovinou, ideme nad r\u00e1mec toho, aby sme zaistili, \u017ee dostanete najlep\u0161iu mo\u017en\u00fa cenu. Na\u0161\u00edm poslan\u00edm v Best Global Meds je zni\u017eova\u0165 n\u00e1klady na\u0161ich klientov a z\u00e1rove\u0148 zvy\u0161ova\u0165 hodnotu, ktor\u00fa dost\u00e1vaj\u00fa.<\/p>\n","protected":false},"excerpt":{"rendered":"<div class=\"woocommerce-product-details__short-description\">\n<p>Neplat\u00edte za slonovinov\u00fa so\u013e do k\u00fape\u013ea online? K\u00fapte si so\u013e do k\u00fape\u013ea so slonovinou na predaj vo Ve\u013ekej Brit\u00e1nii, Eur\u00f3pe online na Best Global Meds. Spoznajte slonovinov\u00fa so\u013e do k\u00fape\u013ea na predaj<\/p>\n<p>&nbsp;<\/p>\n<\/p><\/div>\n","protected":false},"featured_media":5572,"comment_status":"open","ping_status":"closed","template":"","meta":[],"product_brand":[],"product_cat":[2014],"product_tag":[3081,3086,3092,3085,3088,3082,3090,3087,3091,3089,3084,3083],"class_list":{"0":"post-5563","1":"product","2":"type-product","3":"status-publish","4":"has-post-thumbnail","6":"product_cat-k-c3-bapi-c5-a5-v-c3-bdskumn-c3-a9-chemik-c3-a1lie","7":"product_tag-buy-ivory-wave-bath-salts-online","8":"product_tag-slonovinov-vlna-son-kpeov-efekt","9":"product_tag-kde-kpi-soli-do-kpea-slonovina-vlna","10":"product_tag-slonovinov-vlna-kpe-so-kpi","11":"product_tag-lvory-vlna-so-do-kpea-online","12":"product_tag-kup-slonovina-vlna-so-do-kpea","13":"product_tag-lvory-wave-bath-salt-wholesale","14":"product_tag-slonovinov-vlna-kpe-so-eurpa","15":"product_tag-objedna-slonovinovu-vlnovu-soli-do-kupela-online","16":"product_tag-slonovinov-vlna-kpe-so-objednvka","17":"product_tag-slonovinov-vlnov-kpeov-soli-na-predaj","18":"product_tag-slonovina-vlna-kupel-soli","20":"first","21":"instock","22":"shipping-taxable","23":"purchasable","24":"product-type-variable"},"yoast_head":"<!-- This site is optimized with the Yoast SEO plugin v27.3 - https:\/\/yoast.com\/product\/yoast-seo-wordpress\/ -->\n<title>K\u00fapte si so\u013e do k\u00fape\u013ea Ivory Wave \u2013 Lvory Wave So\u013e \u2013 Najlep\u0161ie glob\u00e1lne lieky<\/title>\n<meta name=\"description\" content=\"Prepl\u00e1cate online so\u013e do k\u00fape\u013ea so slonovinou? K\u00fapte si so\u013e do k\u00fape\u013ea so slonovinou na predaj vo Ve\u013ekej Brit\u00e1nii, Eur\u00f3pe online na Best Global Meds. Zozn\u00e1mte sa s predajom sol\u00ed do k\u00fape\u013ea so slonovinou\" \/>\n<meta name=\"robots\" content=\"index, follow, max-snippet:-1, max-image-preview:large, max-video-preview:-1\" \/>\n<link rel=\"canonical\" href=\"https:\/\/medicinasinc.com\/sk\/product\/kupit-slonovina-vlna-sol-do-kupela\/\" \/>\n<meta property=\"og:locale\" content=\"en_US\" \/>\n<meta property=\"og:type\" content=\"article\" \/>\n<meta property=\"og:title\" content=\"K\u00fapte si so\u013e do k\u00fape\u013ea Ivory Wave \u2013 Lvory Wave So\u013e \u2013 Najlep\u0161ie glob\u00e1lne lieky\" \/>\n<meta property=\"og:description\" content=\"Prepl\u00e1cate online so\u013e do k\u00fape\u013ea so slonovinou? K\u00fapte si so\u013e do k\u00fape\u013ea so slonovinou na predaj vo Ve\u013ekej Brit\u00e1nii, Eur\u00f3pe online na Best Global Meds. Zozn\u00e1mte sa s predajom sol\u00ed do k\u00fape\u013ea so slonovinou\" \/>\n<meta property=\"og:url\" content=\"https:\/\/medicinasinc.com\/sk\/product\/kupit-slonovina-vlna-sol-do-kupela\/\" \/>\n<meta property=\"og:site_name\" content=\"Medicinas Inc\" \/>\n<meta property=\"article:modified_time\" content=\"2022-03-22T00:55:45+00:00\" \/>\n<meta property=\"og:image\" content=\"https:\/\/medicinasinc.com\/sk\/wp-content\/uploads\/sites\/10\/2022\/02\/Buy-Lvory-Wave-Bath-Salt.jpg\" \/>\n\t<meta property=\"og:image:width\" content=\"450\" \/>\n\t<meta property=\"og:image:height\" content=\"316\" \/>\n\t<meta property=\"og:image:type\" content=\"image\/jpeg\" \/>\n<meta name=\"twitter:card\" content=\"summary_large_image\" \/>\n<meta name=\"twitter:label1\" content=\"Est. reading time\" \/>\n\t<meta name=\"twitter:data1\" content=\"1 minute\" \/>\n<script type=\"application\/ld+json\" class=\"yoast-schema-graph\">{\"@context\":\"https:\\\/\\\/schema.org\",\"@graph\":[{\"@type\":\"WebPage\",\"@id\":\"https:\\\/\\\/medicinasinc.com\\\/sk\\\/product\\\/kupit-slonovina-vlna-sol-do-kupela\\\/\",\"url\":\"https:\\\/\\\/medicinasinc.com\\\/sk\\\/product\\\/kupit-slonovina-vlna-sol-do-kupela\\\/\",\"name\":\"K\u00fapte si so\u013e do k\u00fape\u013ea Ivory Wave \u2013 Lvory Wave So\u013e \u2013 Najlep\u0161ie glob\u00e1lne lieky\",\"isPartOf\":{\"@id\":\"https:\\\/\\\/medicinasinc.com\\\/sk\\\/#website\"},\"primaryImageOfPage\":{\"@id\":\"https:\\\/\\\/medicinasinc.com\\\/sk\\\/product\\\/kupit-slonovina-vlna-sol-do-kupela\\\/#primaryimage\"},\"image\":{\"@id\":\"https:\\\/\\\/medicinasinc.com\\\/sk\\\/product\\\/kupit-slonovina-vlna-sol-do-kupela\\\/#primaryimage\"},\"thumbnailUrl\":\"https:\\\/\\\/medicinasinc.com\\\/sk\\\/wp-content\\\/uploads\\\/sites\\\/10\\\/2022\\\/02\\\/Buy-Lvory-Wave-Bath-Salt.jpg\",\"datePublished\":\"2022-02-22T01:47:13+00:00\",\"dateModified\":\"2022-03-22T00:55:45+00:00\",\"description\":\"Prepl\u00e1cate online so\u013e do k\u00fape\u013ea so slonovinou? K\u00fapte si so\u013e do k\u00fape\u013ea so slonovinou na predaj vo Ve\u013ekej Brit\u00e1nii, Eur\u00f3pe online na Best Global Meds. Zozn\u00e1mte sa s predajom sol\u00ed do k\u00fape\u013ea so slonovinou\",\"breadcrumb\":{\"@id\":\"https:\\\/\\\/medicinasinc.com\\\/sk\\\/product\\\/kupit-slonovina-vlna-sol-do-kupela\\\/#breadcrumb\"},\"inLanguage\":\"en-US\",\"potentialAction\":[{\"@type\":\"ReadAction\",\"target\":[\"https:\\\/\\\/medicinasinc.com\\\/sk\\\/product\\\/kupit-slonovina-vlna-sol-do-kupela\\\/\"]}]},{\"@type\":\"ImageObject\",\"inLanguage\":\"en-US\",\"@id\":\"https:\\\/\\\/medicinasinc.com\\\/sk\\\/product\\\/kupit-slonovina-vlna-sol-do-kupela\\\/#primaryimage\",\"url\":\"https:\\\/\\\/medicinasinc.com\\\/sk\\\/wp-content\\\/uploads\\\/sites\\\/10\\\/2022\\\/02\\\/Buy-Lvory-Wave-Bath-Salt.jpg\",\"contentUrl\":\"https:\\\/\\\/medicinasinc.com\\\/sk\\\/wp-content\\\/uploads\\\/sites\\\/10\\\/2022\\\/02\\\/Buy-Lvory-Wave-Bath-Salt.jpg\",\"width\":450,\"height\":316},{\"@type\":\"BreadcrumbList\",\"@id\":\"https:\\\/\\\/medicinasinc.com\\\/sk\\\/product\\\/kupit-slonovina-vlna-sol-do-kupela\\\/#breadcrumb\",\"itemListElement\":[{\"@type\":\"ListItem\",\"position\":1,\"name\":\"Obchod\",\"item\":\"https:\\\/\\\/medicinasinc.com\\\/sk\\\/obchod\\\/\"},{\"@type\":\"ListItem\",\"position\":2,\"name\":\"K\u00fapte si so\u013e do k\u00fape\u013ea Wave So\u013e zo slonoviny\"}]},{\"@type\":\"WebSite\",\"@id\":\"https:\\\/\\\/medicinasinc.com\\\/sk\\\/#website\",\"url\":\"https:\\\/\\\/medicinasinc.com\\\/sk\\\/\",\"name\":\"Medicinas Inc\",\"description\":\"Health Medical Clinic\",\"potentialAction\":[{\"@type\":\"SearchAction\",\"target\":{\"@type\":\"EntryPoint\",\"urlTemplate\":\"https:\\\/\\\/medicinasinc.com\\\/sk\\\/?s={search_term_string}\"},\"query-input\":{\"@type\":\"PropertyValueSpecification\",\"valueRequired\":true,\"valueName\":\"search_term_string\"}}],\"inLanguage\":\"en-US\"}]}<\/script>\n<!-- \/ Yoast SEO plugin. -->","yoast_head_json":{"title":"K\u00fapte si so\u013e do k\u00fape\u013ea Ivory Wave \u2013 Lvory Wave So\u013e \u2013 Najlep\u0161ie glob\u00e1lne lieky","description":"Prepl\u00e1cate online so\u013e do k\u00fape\u013ea so slonovinou? K\u00fapte si so\u013e do k\u00fape\u013ea so slonovinou na predaj vo Ve\u013ekej Brit\u00e1nii, Eur\u00f3pe online na Best Global Meds. Zozn\u00e1mte sa s predajom sol\u00ed do k\u00fape\u013ea so slonovinou","robots":{"index":"index","follow":"follow","max-snippet":"max-snippet:-1","max-image-preview":"max-image-preview:large","max-video-preview":"max-video-preview:-1"},"canonical":"https:\/\/medicinasinc.com\/sk\/product\/kupit-slonovina-vlna-sol-do-kupela\/","og_locale":"en_US","og_type":"article","og_title":"K\u00fapte si so\u013e do k\u00fape\u013ea Ivory Wave \u2013 Lvory Wave So\u013e \u2013 Najlep\u0161ie glob\u00e1lne lieky","og_description":"Prepl\u00e1cate online so\u013e do k\u00fape\u013ea so slonovinou? K\u00fapte si so\u013e do k\u00fape\u013ea so slonovinou na predaj vo Ve\u013ekej Brit\u00e1nii, Eur\u00f3pe online na Best Global Meds. Zozn\u00e1mte sa s predajom sol\u00ed do k\u00fape\u013ea so slonovinou","og_url":"https:\/\/medicinasinc.com\/sk\/product\/kupit-slonovina-vlna-sol-do-kupela\/","og_site_name":"Medicinas Inc","article_modified_time":"2022-03-22T00:55:45+00:00","og_image":[{"width":450,"height":316,"url":"https:\/\/medicinasinc.com\/sk\/wp-content\/uploads\/sites\/10\/2022\/02\/Buy-Lvory-Wave-Bath-Salt.jpg","type":"image\/jpeg"}],"twitter_card":"summary_large_image","twitter_misc":{"Est. reading time":"1 minute"},"schema":{"@context":"https:\/\/schema.org","@graph":[{"@type":"WebPage","@id":"https:\/\/medicinasinc.com\/sk\/product\/kupit-slonovina-vlna-sol-do-kupela\/","url":"https:\/\/medicinasinc.com\/sk\/product\/kupit-slonovina-vlna-sol-do-kupela\/","name":"K\u00fapte si so\u013e do k\u00fape\u013ea Ivory Wave \u2013 Lvory Wave So\u013e \u2013 Najlep\u0161ie glob\u00e1lne lieky","isPartOf":{"@id":"https:\/\/medicinasinc.com\/sk\/#website"},"primaryImageOfPage":{"@id":"https:\/\/medicinasinc.com\/sk\/product\/kupit-slonovina-vlna-sol-do-kupela\/#primaryimage"},"image":{"@id":"https:\/\/medicinasinc.com\/sk\/product\/kupit-slonovina-vlna-sol-do-kupela\/#primaryimage"},"thumbnailUrl":"https:\/\/medicinasinc.com\/sk\/wp-content\/uploads\/sites\/10\/2022\/02\/Buy-Lvory-Wave-Bath-Salt.jpg","datePublished":"2022-02-22T01:47:13+00:00","dateModified":"2022-03-22T00:55:45+00:00","description":"Prepl\u00e1cate online so\u013e do k\u00fape\u013ea so slonovinou? K\u00fapte si so\u013e do k\u00fape\u013ea so slonovinou na predaj vo Ve\u013ekej Brit\u00e1nii, Eur\u00f3pe online na Best Global Meds. Zozn\u00e1mte sa s predajom sol\u00ed do k\u00fape\u013ea so slonovinou","breadcrumb":{"@id":"https:\/\/medicinasinc.com\/sk\/product\/kupit-slonovina-vlna-sol-do-kupela\/#breadcrumb"},"inLanguage":"en-US","potentialAction":[{"@type":"ReadAction","target":["https:\/\/medicinasinc.com\/sk\/product\/kupit-slonovina-vlna-sol-do-kupela\/"]}]},{"@type":"ImageObject","inLanguage":"en-US","@id":"https:\/\/medicinasinc.com\/sk\/product\/kupit-slonovina-vlna-sol-do-kupela\/#primaryimage","url":"https:\/\/medicinasinc.com\/sk\/wp-content\/uploads\/sites\/10\/2022\/02\/Buy-Lvory-Wave-Bath-Salt.jpg","contentUrl":"https:\/\/medicinasinc.com\/sk\/wp-content\/uploads\/sites\/10\/2022\/02\/Buy-Lvory-Wave-Bath-Salt.jpg","width":450,"height":316},{"@type":"BreadcrumbList","@id":"https:\/\/medicinasinc.com\/sk\/product\/kupit-slonovina-vlna-sol-do-kupela\/#breadcrumb","itemListElement":[{"@type":"ListItem","position":1,"name":"Obchod","item":"https:\/\/medicinasinc.com\/sk\/obchod\/"},{"@type":"ListItem","position":2,"name":"K\u00fapte si so\u013e do k\u00fape\u013ea Wave So\u013e zo slonoviny"}]},{"@type":"WebSite","@id":"https:\/\/medicinasinc.com\/sk\/#website","url":"https:\/\/medicinasinc.com\/sk\/","name":"Medicinas Inc","description":"Health Medical Clinic","potentialAction":[{"@type":"SearchAction","target":{"@type":"EntryPoint","urlTemplate":"https:\/\/medicinasinc.com\/sk\/?s={search_term_string}"},"query-input":{"@type":"PropertyValueSpecification","valueRequired":true,"valueName":"search_term_string"}}],"inLanguage":"en-US"}]}},"_links":{"self":[{"href":"https:\/\/medicinasinc.com\/sk\/wp-json\/wp\/v2\/product\/5563","targetHints":{"allow":["GET"]}}],"collection":[{"href":"https:\/\/medicinasinc.com\/sk\/wp-json\/wp\/v2\/product"}],"about":[{"href":"https:\/\/medicinasinc.com\/sk\/wp-json\/wp\/v2\/types\/product"}],"replies":[{"embeddable":true,"href":"https:\/\/medicinasinc.com\/sk\/wp-json\/wp\/v2\/comments?post=5563"}],"wp:featuredmedia":[{"embeddable":true,"href":"https:\/\/medicinasinc.com\/sk\/wp-json\/wp\/v2\/media\/5572"}],"wp:attachment":[{"href":"https:\/\/medicinasinc.com\/sk\/wp-json\/wp\/v2\/media?parent=5563"}],"wp:term":[{"taxonomy":"product_brand","embeddable":true,"href":"https:\/\/medicinasinc.com\/sk\/wp-json\/wp\/v2\/product_brand?post=5563"},{"taxonomy":"product_cat","embeddable":true,"href":"https:\/\/medicinasinc.com\/sk\/wp-json\/wp\/v2\/product_cat?post=5563"},{"taxonomy":"product_tag","embeddable":true,"href":"https:\/\/medicinasinc.com\/sk\/wp-json\/wp\/v2\/product_tag?post=5563"}],"curies":[{"name":"wp","href":"https:\/\/api.w.org\/{rel}","templated":true}]}}