{"id":5549,"date":"2022-02-22T01:34:03","date_gmt":"2022-02-22T01:34:03","guid":{"rendered":"https:\/\/medicinasinc.com\/sk\/?post_type=product&#038;p=5549"},"modified":"2022-03-22T00:55:54","modified_gmt":"2022-03-22T00:55:54","slug":"kupit-jwh-210-chemicky-prasok","status":"publish","type":"product","link":"https:\/\/medicinasinc.com\/sk\/product\/kupit-jwh-210-chemicky-prasok\/","title":{"rendered":"K\u00fapte si chemick\u00fd pr\u00e1\u0161ok JWH-210"},"content":{"rendered":"<p>Chemick\u00fd pr\u00e1\u0161ok JWH-210 je mo\u017en\u00e9 zak\u00fapi\u0165 online.<\/p>\n<p>Nakupujte chemick\u00fd pr\u00e1\u0161ok JWH-210 na internete. Jedn\u00fdm z naj\u010dastej\u0161ie pou\u017e\u00edvan\u00fdch antidepres\u00edv v Spojen\u00fdch \u0161t\u00e1toch je JWH-210. Kanabinoid m\u00e1 siln\u00fd \u00fa\u010dinok.<\/p>\n<p>online pr\u00e1\u0161ok WH-210<\/p>\n<p>Na \u00fa\u013eavu od bolesti pr\u00e1\u0161ok JWH-210 z rodiny naftoylindolov funguje ako kanabinoidn\u00fd agonista na receptoroch CB1 aj CB2 s hodnotou Ki 0,46 nM pre CB1 a 0,69 nM pre CB2. Ako 4-substituovan\u00fd naftoylov\u00fd deriv\u00e1t m\u00e1 silnej\u0161iu v\u00e4zbov\u00fa afinitu (tj ni\u017e\u0161iu Ki) na CB1 ako jeho homol\u00f3gy 4-metyl a 4-N-propyl, JWH-122 (CB1 Ki 0,69 nM), ako aj JWH-182 (CB1 Ki 0,65 nM) a 4-metoxy molekula JWH-081 (CB1 Ki 1,2 nM). John W. Huffman, ktor\u00fd objavil tento objav, bol pocten\u00fd t\u00fdm, \u017ee jeho n\u00e1lez bol pomenovan\u00fd po \u0148om.<\/p>\n<p>V tele s\u00fa dva typy kanabinoidn\u00fdch receptorov: CB1 a CB2. JWH-210 je analgetikum a p\u00f4sob\u00ed ako agonista oboch. CB1 Ki je 0,46 nM a CB2 Ki je 0,69 nM. Siln\u00fd 4-substituovan\u00fd naftoylov\u00fd deriv\u00e1t zo s\u00e9rie naftoylindolov, m\u00e1 vy\u0161\u0161iu afinitu k v\u00e4zbe CB1 ako JWH-122, JWH-182 a JWH-081 syntetick\u00fdch kanabinoidov prvej gener\u00e1cie (1).<\/p>\n<p> Metabolick\u00e9 cesty: JWH-210 m\u00e1 nieko\u013eko zn\u00e1mych metabolitov, vr\u00e1tane metabolitu kyseliny N-pent\u00e1novej (detegovate\u013en\u00fd v mo\u010di), N-(4-hydroxypentyl) metabolitu (detegovate\u013en\u00fd v mo\u010di a s\u00e9re), N-(5-hydroxypentyl) metabolitu (detegovate\u013en\u00fd v mo\u010d a s\u00e9rum) a 5-hydroxyindolov\u00fd metabolit (detegovate\u013en\u00fd v mo\u010di a s\u00e9re) (detegovate\u013en\u00fd v mo\u010di a s\u00e9re). Uv\u00e1dza sa tie\u017e, \u017ee naftoylov\u00fd kruh bol hydroxylovan\u00fd (2).<\/p>\n<p>Po nastriekan\u00ed na rastliny m\u00e1 JWH-210 pod\u013ea pou\u017e\u00edvate\u013eov rovnak\u00e9 \u00fa\u010dinky a toxicitu ako marihuana. V priebehu 2-5 min\u00fat po injekcii sa \u00fa\u010dinky za\u010dn\u00fa prejavova\u0165. O \u00fa\u010dinkoch samotn\u00e9ho JWH-210 sa vie len m\u00e1lo, av\u0161ak syntetick\u00e9 kanabinoidy be\u017ene sp\u00f4sobuj\u00fa zmeny n\u00e1lady a vn\u00edmania, z\u00e1chvaty paniky a agitovanos\u0165, podobn\u00e9 ako u kanabisu, a men\u0161ie halucinog\u00e9nne \u00fa\u010dinky (vizu\u00e1lne a sluchov\u00e9).<\/p>\n","protected":false},"excerpt":{"rendered":"<p>K\u00fapi\u0165 chemick\u00fd pr\u00e1\u0161ok JWH-210 na predaj online vo Ve\u013ekej Brit\u00e1nii, Eur\u00f3pe, E\u00da. JWH-210 Chemical Powder je analgetick\u00e1 chemik\u00e1lia zo skupiny naftoylindolov. <\/p>\n<h3 class=\"product_title\"> Pr\u00e1\u0161ok JWH-210 online k\u00fapi\u0165 origin\u00e1lny JWH-210 99% \u010distota <\/h3>\n","protected":false},"featured_media":5560,"comment_status":"open","ping_status":"closed","template":"","meta":[],"product_brand":[],"product_cat":[2014],"product_tag":[3075,3034,3076,3078,3079,3047,3074,3073,3070,3071,3072,3077,3080],"class_list":{"0":"post-5549","1":"product","2":"type-product","3":"status-publish","4":"has-post-thumbnail","6":"product_cat-k-c3-bapi-c5-a5-v-c3-bdskumn-c3-a9-chemik-c3-a1lie","7":"product_tag-jwh-210-dvkovanie","8":"product_tag-jwh-018","9":"product_tag-jwh-210-prvny-status-usa","10":"product_tag-jwh-210-psychonaut","11":"product_tag-jwh-210-reddit","12":"product_tag-jwh-250","13":"product_tag-jwh-210-k-c3-bapi-c5-a5","14":"product_tag-buy-jwh-210-usa","15":"product_tag-buy-jwh-210","16":"product_tag-buy-jwh-210-europe","17":"product_tag-buy-jwh-210-uk","18":"product_tag-jwh-210-objednvka","19":"product_tag-jwh-210-recenzia","21":"first","22":"instock","23":"shipping-taxable","24":"purchasable","25":"product-type-variable","26":"has-default-attributes"},"yoast_head":"<!-- This site is optimized with the Yoast SEO plugin v27.3 - https:\/\/yoast.com\/product\/yoast-seo-wordpress\/ -->\n<title>K\u00fapte si chemick\u00fd pr\u00e1\u0161ok JWH-210 \u2013 najlep\u0161ie glob\u00e1lne lieky<\/title>\n<meta name=\"description\" content=\"K\u00fapi\u0165 chemick\u00fd pr\u00e1\u0161ok JWH-210 na predaj online vo Ve\u013ekej Brit\u00e1nii, Eur\u00f3pe. JWH-210 Chemical Powder je analgetick\u00e1 chemik\u00e1lia z rodiny naftoylindolov.\" \/>\n<meta name=\"robots\" content=\"index, follow, max-snippet:-1, max-image-preview:large, max-video-preview:-1\" \/>\n<link rel=\"canonical\" href=\"https:\/\/medicinasinc.com\/sk\/product\/kupit-jwh-210-chemicky-prasok\/\" \/>\n<meta property=\"og:locale\" content=\"en_US\" \/>\n<meta property=\"og:type\" content=\"article\" \/>\n<meta property=\"og:title\" content=\"K\u00fapte si chemick\u00fd pr\u00e1\u0161ok JWH-210 \u2013 najlep\u0161ie glob\u00e1lne lieky\" \/>\n<meta property=\"og:description\" content=\"K\u00fapi\u0165 chemick\u00fd pr\u00e1\u0161ok JWH-210 na predaj online vo Ve\u013ekej Brit\u00e1nii, Eur\u00f3pe. JWH-210 Chemical Powder je analgetick\u00e1 chemik\u00e1lia z rodiny naftoylindolov.\" \/>\n<meta property=\"og:url\" content=\"https:\/\/medicinasinc.com\/sk\/product\/kupit-jwh-210-chemicky-prasok\/\" \/>\n<meta property=\"og:site_name\" content=\"Medicinas Inc\" \/>\n<meta property=\"article:modified_time\" content=\"2022-03-22T00:55:54+00:00\" \/>\n<meta property=\"og:image\" content=\"https:\/\/medicinasinc.com\/sk\/wp-content\/uploads\/sites\/10\/2022\/02\/Buy-JWH-210-Chemical-Powder-Online.jpg\" \/>\n\t<meta property=\"og:image:width\" content=\"600\" \/>\n\t<meta property=\"og:image:height\" content=\"600\" \/>\n\t<meta property=\"og:image:type\" content=\"image\/jpeg\" \/>\n<meta name=\"twitter:card\" content=\"summary_large_image\" \/>\n<meta name=\"twitter:label1\" content=\"Est. reading time\" \/>\n\t<meta name=\"twitter:data1\" content=\"2 minutes\" \/>\n<script type=\"application\/ld+json\" class=\"yoast-schema-graph\">{\"@context\":\"https:\\\/\\\/schema.org\",\"@graph\":[{\"@type\":\"WebPage\",\"@id\":\"https:\\\/\\\/medicinasinc.com\\\/sk\\\/product\\\/kupit-jwh-210-chemicky-prasok\\\/\",\"url\":\"https:\\\/\\\/medicinasinc.com\\\/sk\\\/product\\\/kupit-jwh-210-chemicky-prasok\\\/\",\"name\":\"K\u00fapte si chemick\u00fd pr\u00e1\u0161ok JWH-210 \u2013 najlep\u0161ie glob\u00e1lne lieky\",\"isPartOf\":{\"@id\":\"https:\\\/\\\/medicinasinc.com\\\/sk\\\/#website\"},\"primaryImageOfPage\":{\"@id\":\"https:\\\/\\\/medicinasinc.com\\\/sk\\\/product\\\/kupit-jwh-210-chemicky-prasok\\\/#primaryimage\"},\"image\":{\"@id\":\"https:\\\/\\\/medicinasinc.com\\\/sk\\\/product\\\/kupit-jwh-210-chemicky-prasok\\\/#primaryimage\"},\"thumbnailUrl\":\"https:\\\/\\\/medicinasinc.com\\\/sk\\\/wp-content\\\/uploads\\\/sites\\\/10\\\/2022\\\/02\\\/Buy-JWH-210-Chemical-Powder-Online.jpg\",\"datePublished\":\"2022-02-22T01:34:03+00:00\",\"dateModified\":\"2022-03-22T00:55:54+00:00\",\"description\":\"K\u00fapi\u0165 chemick\u00fd pr\u00e1\u0161ok JWH-210 na predaj online vo Ve\u013ekej Brit\u00e1nii, Eur\u00f3pe. JWH-210 Chemical Powder je analgetick\u00e1 chemik\u00e1lia z rodiny naftoylindolov.\",\"breadcrumb\":{\"@id\":\"https:\\\/\\\/medicinasinc.com\\\/sk\\\/product\\\/kupit-jwh-210-chemicky-prasok\\\/#breadcrumb\"},\"inLanguage\":\"en-US\",\"potentialAction\":[{\"@type\":\"ReadAction\",\"target\":[\"https:\\\/\\\/medicinasinc.com\\\/sk\\\/product\\\/kupit-jwh-210-chemicky-prasok\\\/\"]}]},{\"@type\":\"ImageObject\",\"inLanguage\":\"en-US\",\"@id\":\"https:\\\/\\\/medicinasinc.com\\\/sk\\\/product\\\/kupit-jwh-210-chemicky-prasok\\\/#primaryimage\",\"url\":\"https:\\\/\\\/medicinasinc.com\\\/sk\\\/wp-content\\\/uploads\\\/sites\\\/10\\\/2022\\\/02\\\/Buy-JWH-210-Chemical-Powder-Online.jpg\",\"contentUrl\":\"https:\\\/\\\/medicinasinc.com\\\/sk\\\/wp-content\\\/uploads\\\/sites\\\/10\\\/2022\\\/02\\\/Buy-JWH-210-Chemical-Powder-Online.jpg\",\"width\":600,\"height\":600},{\"@type\":\"BreadcrumbList\",\"@id\":\"https:\\\/\\\/medicinasinc.com\\\/sk\\\/product\\\/kupit-jwh-210-chemicky-prasok\\\/#breadcrumb\",\"itemListElement\":[{\"@type\":\"ListItem\",\"position\":1,\"name\":\"Obchod\",\"item\":\"https:\\\/\\\/medicinasinc.com\\\/sk\\\/obchod\\\/\"},{\"@type\":\"ListItem\",\"position\":2,\"name\":\"K\u00fapte si chemick\u00fd pr\u00e1\u0161ok JWH-210\"}]},{\"@type\":\"WebSite\",\"@id\":\"https:\\\/\\\/medicinasinc.com\\\/sk\\\/#website\",\"url\":\"https:\\\/\\\/medicinasinc.com\\\/sk\\\/\",\"name\":\"Medicinas Inc\",\"description\":\"Health Medical Clinic\",\"potentialAction\":[{\"@type\":\"SearchAction\",\"target\":{\"@type\":\"EntryPoint\",\"urlTemplate\":\"https:\\\/\\\/medicinasinc.com\\\/sk\\\/?s={search_term_string}\"},\"query-input\":{\"@type\":\"PropertyValueSpecification\",\"valueRequired\":true,\"valueName\":\"search_term_string\"}}],\"inLanguage\":\"en-US\"}]}<\/script>\n<!-- \/ Yoast SEO plugin. -->","yoast_head_json":{"title":"K\u00fapte si chemick\u00fd pr\u00e1\u0161ok JWH-210 \u2013 najlep\u0161ie glob\u00e1lne lieky","description":"K\u00fapi\u0165 chemick\u00fd pr\u00e1\u0161ok JWH-210 na predaj online vo Ve\u013ekej Brit\u00e1nii, Eur\u00f3pe. JWH-210 Chemical Powder je analgetick\u00e1 chemik\u00e1lia z rodiny naftoylindolov.","robots":{"index":"index","follow":"follow","max-snippet":"max-snippet:-1","max-image-preview":"max-image-preview:large","max-video-preview":"max-video-preview:-1"},"canonical":"https:\/\/medicinasinc.com\/sk\/product\/kupit-jwh-210-chemicky-prasok\/","og_locale":"en_US","og_type":"article","og_title":"K\u00fapte si chemick\u00fd pr\u00e1\u0161ok JWH-210 \u2013 najlep\u0161ie glob\u00e1lne lieky","og_description":"K\u00fapi\u0165 chemick\u00fd pr\u00e1\u0161ok JWH-210 na predaj online vo Ve\u013ekej Brit\u00e1nii, Eur\u00f3pe. JWH-210 Chemical Powder je analgetick\u00e1 chemik\u00e1lia z rodiny naftoylindolov.","og_url":"https:\/\/medicinasinc.com\/sk\/product\/kupit-jwh-210-chemicky-prasok\/","og_site_name":"Medicinas Inc","article_modified_time":"2022-03-22T00:55:54+00:00","og_image":[{"width":600,"height":600,"url":"https:\/\/medicinasinc.com\/sk\/wp-content\/uploads\/sites\/10\/2022\/02\/Buy-JWH-210-Chemical-Powder-Online.jpg","type":"image\/jpeg"}],"twitter_card":"summary_large_image","twitter_misc":{"Est. reading time":"2 minutes"},"schema":{"@context":"https:\/\/schema.org","@graph":[{"@type":"WebPage","@id":"https:\/\/medicinasinc.com\/sk\/product\/kupit-jwh-210-chemicky-prasok\/","url":"https:\/\/medicinasinc.com\/sk\/product\/kupit-jwh-210-chemicky-prasok\/","name":"K\u00fapte si chemick\u00fd pr\u00e1\u0161ok JWH-210 \u2013 najlep\u0161ie glob\u00e1lne lieky","isPartOf":{"@id":"https:\/\/medicinasinc.com\/sk\/#website"},"primaryImageOfPage":{"@id":"https:\/\/medicinasinc.com\/sk\/product\/kupit-jwh-210-chemicky-prasok\/#primaryimage"},"image":{"@id":"https:\/\/medicinasinc.com\/sk\/product\/kupit-jwh-210-chemicky-prasok\/#primaryimage"},"thumbnailUrl":"https:\/\/medicinasinc.com\/sk\/wp-content\/uploads\/sites\/10\/2022\/02\/Buy-JWH-210-Chemical-Powder-Online.jpg","datePublished":"2022-02-22T01:34:03+00:00","dateModified":"2022-03-22T00:55:54+00:00","description":"K\u00fapi\u0165 chemick\u00fd pr\u00e1\u0161ok JWH-210 na predaj online vo Ve\u013ekej Brit\u00e1nii, Eur\u00f3pe. JWH-210 Chemical Powder je analgetick\u00e1 chemik\u00e1lia z rodiny naftoylindolov.","breadcrumb":{"@id":"https:\/\/medicinasinc.com\/sk\/product\/kupit-jwh-210-chemicky-prasok\/#breadcrumb"},"inLanguage":"en-US","potentialAction":[{"@type":"ReadAction","target":["https:\/\/medicinasinc.com\/sk\/product\/kupit-jwh-210-chemicky-prasok\/"]}]},{"@type":"ImageObject","inLanguage":"en-US","@id":"https:\/\/medicinasinc.com\/sk\/product\/kupit-jwh-210-chemicky-prasok\/#primaryimage","url":"https:\/\/medicinasinc.com\/sk\/wp-content\/uploads\/sites\/10\/2022\/02\/Buy-JWH-210-Chemical-Powder-Online.jpg","contentUrl":"https:\/\/medicinasinc.com\/sk\/wp-content\/uploads\/sites\/10\/2022\/02\/Buy-JWH-210-Chemical-Powder-Online.jpg","width":600,"height":600},{"@type":"BreadcrumbList","@id":"https:\/\/medicinasinc.com\/sk\/product\/kupit-jwh-210-chemicky-prasok\/#breadcrumb","itemListElement":[{"@type":"ListItem","position":1,"name":"Obchod","item":"https:\/\/medicinasinc.com\/sk\/obchod\/"},{"@type":"ListItem","position":2,"name":"K\u00fapte si chemick\u00fd pr\u00e1\u0161ok JWH-210"}]},{"@type":"WebSite","@id":"https:\/\/medicinasinc.com\/sk\/#website","url":"https:\/\/medicinasinc.com\/sk\/","name":"Medicinas Inc","description":"Health Medical Clinic","potentialAction":[{"@type":"SearchAction","target":{"@type":"EntryPoint","urlTemplate":"https:\/\/medicinasinc.com\/sk\/?s={search_term_string}"},"query-input":{"@type":"PropertyValueSpecification","valueRequired":true,"valueName":"search_term_string"}}],"inLanguage":"en-US"}]}},"_links":{"self":[{"href":"https:\/\/medicinasinc.com\/sk\/wp-json\/wp\/v2\/product\/5549","targetHints":{"allow":["GET"]}}],"collection":[{"href":"https:\/\/medicinasinc.com\/sk\/wp-json\/wp\/v2\/product"}],"about":[{"href":"https:\/\/medicinasinc.com\/sk\/wp-json\/wp\/v2\/types\/product"}],"replies":[{"embeddable":true,"href":"https:\/\/medicinasinc.com\/sk\/wp-json\/wp\/v2\/comments?post=5549"}],"wp:featuredmedia":[{"embeddable":true,"href":"https:\/\/medicinasinc.com\/sk\/wp-json\/wp\/v2\/media\/5560"}],"wp:attachment":[{"href":"https:\/\/medicinasinc.com\/sk\/wp-json\/wp\/v2\/media?parent=5549"}],"wp:term":[{"taxonomy":"product_brand","embeddable":true,"href":"https:\/\/medicinasinc.com\/sk\/wp-json\/wp\/v2\/product_brand?post=5549"},{"taxonomy":"product_cat","embeddable":true,"href":"https:\/\/medicinasinc.com\/sk\/wp-json\/wp\/v2\/product_cat?post=5549"},{"taxonomy":"product_tag","embeddable":true,"href":"https:\/\/medicinasinc.com\/sk\/wp-json\/wp\/v2\/product_tag?post=5549"}],"curies":[{"name":"wp","href":"https:\/\/api.w.org\/{rel}","templated":true}]}}