{"id":5548,"date":"2022-02-22T01:32:32","date_gmt":"2022-02-22T01:32:32","guid":{"rendered":"https:\/\/medicinasinc.com\/sk\/?post_type=product&#038;p=5548"},"modified":"2022-03-22T00:56:05","modified_gmt":"2022-03-22T00:56:05","slug":"buy-jwh-018-chemical","status":"publish","type":"product","link":"https:\/\/medicinasinc.com\/sk\/product\/buy-jwh-018-chemical\/","title":{"rendered":"K\u00fapi\u0165 JWH-018 Chemical"},"content":{"rendered":"<p>Pr\u00e1\u0161ok JWH-018 je mo\u017en\u00e9 zak\u00fapi\u0165 pomocou Western Union\/MoneyGram alebo bitcoinov priamo tu na na\u0161ej str\u00e1nke. Je zaru\u010den\u00e9, \u017ee bude ma\u0165 \u010distotu najmenej 99,8 percent. Ak\u00e1ko\u013evek \u0161ar\u017ea na\u0161ich v\u00fdskumn\u00fdch chemik\u00e1li\u00ed m\u00f4\u017ee by\u0165 vybaven\u00e1 Certifik\u00e1tom anal\u00fdzy (COA).<\/p>\n<p>Jeden gram JWH-018 ka\u017ed\u00e1 objedn\u00e1vkov\u00e1 jednotka obsahuje minim\u00e1lne 99,8 % \u010distotu JWH-018.<\/p>\n<p>Na predaj je sprej JWH 018.<\/p>\n<p>Sk\u00f4r ako sa dostaneme k JWH-018, radi by sme v\u00e1m stru\u010dne predstavili CBD.<br \/> Pod\u013ea americkej verejnej kni\u017enice medic\u00edny, CBD, skratka pre kanabidiol, je syntetick\u00e1 chemik\u00e1lia odvoden\u00e1 z rastliny Cannabis sativa, niekedy zn\u00e1mej ako cannabis alebo help.<br \/> Vo v\u00fdrobkoch, ako s\u00fa oleje a po\u017e\u00edvatiny, sa pou\u017e\u00edva na navodenie pocitu pokoja a relax\u00e1cie. Rovnako ako jeho pr\u00edbuzn\u00fd, THC (delta-9-tetrahydrokanabinoidy), CBD nem\u00e1 na telo psychotropn\u00fd \u00fa\u010dinok.<br \/> Zestova dom\u00e1ca zmes \u201eZest\u201c obsahuje upraven\u00fd kanabinoid zn\u00e1my ako JWH-018. Pre svoje podobn\u00e9 omamn\u00e9 \u00fa\u010dinky ako 9-THC sa tento kanabinoid Zest pou\u017e\u00edva neleg\u00e1lne. Zatia\u013e \u010do JWH-018 je v\u00fdrazne \u00fa\u010dinnej\u0161\u00ed ako ekvivalentn\u00e9 merania kanabisu, predstavuje tie\u017e obrovsk\u00e9 v\u00fdzvy na detekciu \u0161tandardn\u00fdmi \u0161t\u00fadiami testovania 9-THC. JWH-018<br \/> JWH-018 bol pridan\u00fd do zoznamu liekov a syntetick\u00fdch l\u00e1tok vzbudzuj\u00facich obavy v j\u00fali 2009. Niektor\u00e9 jurisdikcie prijali opatrenia na z\u00e1kaz predaja alebo vlastn\u00edctva Flavour (JWH-018), vr\u00e1tane Alabamy, Arkansas , Georgia, Kansas, Kentucky, Severn\u00e1 Dakota a Tennessee bez oh\u013eadu na hl\u00e1sen\u00e9 \u00falovky Flavour v Ohiu a na Floride.<br \/> Pokia\u013e ide o sprej jwh-018, ak chcete to najlep\u0161ie, pri\u0161li ste na spr\u00e1vne miesto. Zasielame tovar vysokej kvality vo ve\u013ek\u00fdch mno\u017estv\u00e1ch do cel\u00e9ho sveta. Sprej jwh-018 m\u00f4\u017ee by\u0165 v\u00e1\u0161 do piatich pracovn\u00fdch dn\u00ed, ak si ho objedn\u00e1te teraz. Online n\u00e1kup jwh-018.<\/p>\n","protected":false},"excerpt":{"rendered":"<div class=\"woocommerce-product-details__short-description\">\n<p>Na na\u0161ej webovej str\u00e1nke m\u00e1me na predaj JWH-018. Doteraz nev\u00eddan\u00e9 v\u00fddavky. Verzia v spreji a pr\u00e1\u0161ku Best JWH-018 Essence je teraz k dispoz\u00edcii na zak\u00fapenie. Bestglobalmeds.com je miesto, kde si m\u00f4\u017eete k\u00fapi\u0165 JWH-018 online.<\/p>\n<p>K\u00fapte si JWH-018 od renomovan\u00e9ho predajcu online. Chcete si k\u00fapi\u0165 vysoko kvalitn\u00fd jwh-018 za lacn\u00fa cenu. Objednajte si u n\u00e1s a pridajte sa k radom spokojn\u00fdch z\u00e1kazn\u00edkov.<\/p>\n<p>JWH-018<\/p>\n<p>Produkt je \u00faplne nov\u00fd.<\/p>\n<p>K\u00fapi\u0165 JWH-018<\/p>\n<p>\u00da\u010dinn\u00e1 l\u00e1tka:<br \/> \u00da\u010dinn\u00e1 po:<br \/> \u010cas p\u00f4sobenia:<br \/> Jedna objedn\u00e1vka:<\/p>\n<p>JWH-018<br \/> 20-30 min. po pou\u017eit\u00ed<br \/> 4-5 hod\u00edn<br \/> 1 g min 99<\/p>\n<\/p><\/div>\n","protected":false},"featured_media":5558,"comment_status":"open","ping_status":"closed","template":"","meta":[],"product_brand":[],"product_cat":[2014],"product_tag":[3053,3055,3052,3061,3060,3054,3058,3059,3064,3065,3066,3068,3056,3051,3050,3057,3069,3063,3062,3067],"class_list":{"0":"post-5548","1":"product","2":"type-product","3":"status-publish","4":"has-post-thumbnail","6":"product_cat-k-c3-bapi-c5-a5-v-c3-bdskumn-c3-a9-chemik-c3-a1lie","7":"product_tag-ako-vyrobit-jwh-018-sprej","8":"product_tag-jwh-018-alternatva","9":"product_tag-buy-jwh-018-powder","10":"product_tag-jwh-018-cena","11":"product_tag-jwh-018-cena-prasku","12":"product_tag-jwh-prok","13":"product_tag-jwh-018-online-buy","14":"product_tag-jwh-018-order","15":"product_tag-jwh-018-sale","16":"product_tag-jwh-018-spray-for-sale-uk","17":"product_tag-jwh-018-walmart","18":"product_tag-jwh-250-sprej","19":"product_tag-jwh-018-k-c3-bapi-c5-a5","20":"product_tag-buy-jwh-018-chemical","21":"product_tag-buy-jwh-018","22":"product_tag-jwh-018-na-predaj","23":"product_tag-produkty-ktore-obsahuju-jwh-018","24":"product_tag-jwh-018-recenzia","25":"product_tag-jwh-018-reddit","26":"product_tag-jwh-018-ve-c4-bekoobchod","28":"first","29":"instock","30":"shipping-taxable","31":"purchasable","32":"product-type-variable","33":"has-default-attributes"},"yoast_head":"<!-- This site is optimized with the Yoast SEO plugin v27.3 - https:\/\/yoast.com\/product\/yoast-seo-wordpress\/ -->\n<title>K\u00fapi\u0165 JWH-018 Chemical - JWH-018 Chemical Online - Najlep\u0161ie glob\u00e1lne lieky<\/title>\n<meta name=\"description\" content=\"K\u00fapte si JWH-018 Chemical Powder Spojen\u00e9 kr\u00e1\u013eovstvo, Spojen\u00e9 arabsk\u00e9 emir\u00e1ty, Eur\u00f3pa, \u010c\u00edna v na\u0161om internetovom obchode Bestglobalmeds.com s r\u00fdchlym celosvetov\u00fdm doru\u010den\u00edm! Najlep\u0161ie JWH-018 na objednanie n\u00e1jdete tu!\" \/>\n<meta name=\"robots\" content=\"index, follow, max-snippet:-1, max-image-preview:large, max-video-preview:-1\" \/>\n<link rel=\"canonical\" href=\"https:\/\/medicinasinc.com\/sk\/product\/buy-jwh-018-chemical\/\" \/>\n<meta property=\"og:locale\" content=\"en_US\" \/>\n<meta property=\"og:type\" content=\"article\" \/>\n<meta property=\"og:title\" content=\"K\u00fapi\u0165 JWH-018 Chemical - JWH-018 Chemical Online - Najlep\u0161ie glob\u00e1lne lieky\" \/>\n<meta property=\"og:description\" content=\"K\u00fapte si JWH-018 Chemical Powder Spojen\u00e9 kr\u00e1\u013eovstvo, Spojen\u00e9 arabsk\u00e9 emir\u00e1ty, Eur\u00f3pa, \u010c\u00edna v na\u0161om internetovom obchode Bestglobalmeds.com s r\u00fdchlym celosvetov\u00fdm doru\u010den\u00edm! Najlep\u0161ie JWH-018 na objednanie n\u00e1jdete tu!\" \/>\n<meta property=\"og:url\" content=\"https:\/\/medicinasinc.com\/sk\/product\/buy-jwh-018-chemical\/\" \/>\n<meta property=\"og:site_name\" content=\"Medicinas Inc\" \/>\n<meta property=\"article:modified_time\" content=\"2022-03-22T00:56:05+00:00\" \/>\n<meta property=\"og:image\" content=\"https:\/\/medicinasinc.com\/sk\/wp-content\/uploads\/sites\/10\/2022\/02\/Buy-JWH-018-Chemical.jpg\" \/>\n\t<meta property=\"og:image:width\" content=\"593\" \/>\n\t<meta property=\"og:image:height\" content=\"400\" \/>\n\t<meta property=\"og:image:type\" content=\"image\/jpeg\" \/>\n<meta name=\"twitter:card\" content=\"summary_large_image\" \/>\n<meta name=\"twitter:label1\" content=\"Est. reading time\" \/>\n\t<meta name=\"twitter:data1\" content=\"2 minutes\" \/>\n<script type=\"application\/ld+json\" class=\"yoast-schema-graph\">{\"@context\":\"https:\\\/\\\/schema.org\",\"@graph\":[{\"@type\":\"WebPage\",\"@id\":\"https:\\\/\\\/medicinasinc.com\\\/sk\\\/product\\\/buy-jwh-018-chemical\\\/\",\"url\":\"https:\\\/\\\/medicinasinc.com\\\/sk\\\/product\\\/buy-jwh-018-chemical\\\/\",\"name\":\"K\u00fapi\u0165 JWH-018 Chemical - JWH-018 Chemical Online - Najlep\u0161ie glob\u00e1lne lieky\",\"isPartOf\":{\"@id\":\"https:\\\/\\\/medicinasinc.com\\\/sk\\\/#website\"},\"primaryImageOfPage\":{\"@id\":\"https:\\\/\\\/medicinasinc.com\\\/sk\\\/product\\\/buy-jwh-018-chemical\\\/#primaryimage\"},\"image\":{\"@id\":\"https:\\\/\\\/medicinasinc.com\\\/sk\\\/product\\\/buy-jwh-018-chemical\\\/#primaryimage\"},\"thumbnailUrl\":\"https:\\\/\\\/medicinasinc.com\\\/sk\\\/wp-content\\\/uploads\\\/sites\\\/10\\\/2022\\\/02\\\/Buy-JWH-018-Chemical.jpg\",\"datePublished\":\"2022-02-22T01:32:32+00:00\",\"dateModified\":\"2022-03-22T00:56:05+00:00\",\"description\":\"K\u00fapte si JWH-018 Chemical Powder Spojen\u00e9 kr\u00e1\u013eovstvo, Spojen\u00e9 arabsk\u00e9 emir\u00e1ty, Eur\u00f3pa, \u010c\u00edna v na\u0161om internetovom obchode Bestglobalmeds.com s r\u00fdchlym celosvetov\u00fdm doru\u010den\u00edm! Najlep\u0161ie JWH-018 na objednanie n\u00e1jdete tu!\",\"breadcrumb\":{\"@id\":\"https:\\\/\\\/medicinasinc.com\\\/sk\\\/product\\\/buy-jwh-018-chemical\\\/#breadcrumb\"},\"inLanguage\":\"en-US\",\"potentialAction\":[{\"@type\":\"ReadAction\",\"target\":[\"https:\\\/\\\/medicinasinc.com\\\/sk\\\/product\\\/buy-jwh-018-chemical\\\/\"]}]},{\"@type\":\"ImageObject\",\"inLanguage\":\"en-US\",\"@id\":\"https:\\\/\\\/medicinasinc.com\\\/sk\\\/product\\\/buy-jwh-018-chemical\\\/#primaryimage\",\"url\":\"https:\\\/\\\/medicinasinc.com\\\/sk\\\/wp-content\\\/uploads\\\/sites\\\/10\\\/2022\\\/02\\\/Buy-JWH-018-Chemical.jpg\",\"contentUrl\":\"https:\\\/\\\/medicinasinc.com\\\/sk\\\/wp-content\\\/uploads\\\/sites\\\/10\\\/2022\\\/02\\\/Buy-JWH-018-Chemical.jpg\",\"width\":593,\"height\":400},{\"@type\":\"BreadcrumbList\",\"@id\":\"https:\\\/\\\/medicinasinc.com\\\/sk\\\/product\\\/buy-jwh-018-chemical\\\/#breadcrumb\",\"itemListElement\":[{\"@type\":\"ListItem\",\"position\":1,\"name\":\"Obchod\",\"item\":\"https:\\\/\\\/medicinasinc.com\\\/sk\\\/obchod\\\/\"},{\"@type\":\"ListItem\",\"position\":2,\"name\":\"K\u00fapi\u0165 JWH-018 Chemical\"}]},{\"@type\":\"WebSite\",\"@id\":\"https:\\\/\\\/medicinasinc.com\\\/sk\\\/#website\",\"url\":\"https:\\\/\\\/medicinasinc.com\\\/sk\\\/\",\"name\":\"Medicinas Inc\",\"description\":\"Health Medical Clinic\",\"potentialAction\":[{\"@type\":\"SearchAction\",\"target\":{\"@type\":\"EntryPoint\",\"urlTemplate\":\"https:\\\/\\\/medicinasinc.com\\\/sk\\\/?s={search_term_string}\"},\"query-input\":{\"@type\":\"PropertyValueSpecification\",\"valueRequired\":true,\"valueName\":\"search_term_string\"}}],\"inLanguage\":\"en-US\"}]}<\/script>\n<!-- \/ Yoast SEO plugin. -->","yoast_head_json":{"title":"K\u00fapi\u0165 JWH-018 Chemical - JWH-018 Chemical Online - Najlep\u0161ie glob\u00e1lne lieky","description":"K\u00fapte si JWH-018 Chemical Powder Spojen\u00e9 kr\u00e1\u013eovstvo, Spojen\u00e9 arabsk\u00e9 emir\u00e1ty, Eur\u00f3pa, \u010c\u00edna v na\u0161om internetovom obchode Bestglobalmeds.com s r\u00fdchlym celosvetov\u00fdm doru\u010den\u00edm! Najlep\u0161ie JWH-018 na objednanie n\u00e1jdete tu!","robots":{"index":"index","follow":"follow","max-snippet":"max-snippet:-1","max-image-preview":"max-image-preview:large","max-video-preview":"max-video-preview:-1"},"canonical":"https:\/\/medicinasinc.com\/sk\/product\/buy-jwh-018-chemical\/","og_locale":"en_US","og_type":"article","og_title":"K\u00fapi\u0165 JWH-018 Chemical - JWH-018 Chemical Online - Najlep\u0161ie glob\u00e1lne lieky","og_description":"K\u00fapte si JWH-018 Chemical Powder Spojen\u00e9 kr\u00e1\u013eovstvo, Spojen\u00e9 arabsk\u00e9 emir\u00e1ty, Eur\u00f3pa, \u010c\u00edna v na\u0161om internetovom obchode Bestglobalmeds.com s r\u00fdchlym celosvetov\u00fdm doru\u010den\u00edm! Najlep\u0161ie JWH-018 na objednanie n\u00e1jdete tu!","og_url":"https:\/\/medicinasinc.com\/sk\/product\/buy-jwh-018-chemical\/","og_site_name":"Medicinas Inc","article_modified_time":"2022-03-22T00:56:05+00:00","og_image":[{"width":593,"height":400,"url":"https:\/\/medicinasinc.com\/sk\/wp-content\/uploads\/sites\/10\/2022\/02\/Buy-JWH-018-Chemical.jpg","type":"image\/jpeg"}],"twitter_card":"summary_large_image","twitter_misc":{"Est. reading time":"2 minutes"},"schema":{"@context":"https:\/\/schema.org","@graph":[{"@type":"WebPage","@id":"https:\/\/medicinasinc.com\/sk\/product\/buy-jwh-018-chemical\/","url":"https:\/\/medicinasinc.com\/sk\/product\/buy-jwh-018-chemical\/","name":"K\u00fapi\u0165 JWH-018 Chemical - JWH-018 Chemical Online - Najlep\u0161ie glob\u00e1lne lieky","isPartOf":{"@id":"https:\/\/medicinasinc.com\/sk\/#website"},"primaryImageOfPage":{"@id":"https:\/\/medicinasinc.com\/sk\/product\/buy-jwh-018-chemical\/#primaryimage"},"image":{"@id":"https:\/\/medicinasinc.com\/sk\/product\/buy-jwh-018-chemical\/#primaryimage"},"thumbnailUrl":"https:\/\/medicinasinc.com\/sk\/wp-content\/uploads\/sites\/10\/2022\/02\/Buy-JWH-018-Chemical.jpg","datePublished":"2022-02-22T01:32:32+00:00","dateModified":"2022-03-22T00:56:05+00:00","description":"K\u00fapte si JWH-018 Chemical Powder Spojen\u00e9 kr\u00e1\u013eovstvo, Spojen\u00e9 arabsk\u00e9 emir\u00e1ty, Eur\u00f3pa, \u010c\u00edna v na\u0161om internetovom obchode Bestglobalmeds.com s r\u00fdchlym celosvetov\u00fdm doru\u010den\u00edm! Najlep\u0161ie JWH-018 na objednanie n\u00e1jdete tu!","breadcrumb":{"@id":"https:\/\/medicinasinc.com\/sk\/product\/buy-jwh-018-chemical\/#breadcrumb"},"inLanguage":"en-US","potentialAction":[{"@type":"ReadAction","target":["https:\/\/medicinasinc.com\/sk\/product\/buy-jwh-018-chemical\/"]}]},{"@type":"ImageObject","inLanguage":"en-US","@id":"https:\/\/medicinasinc.com\/sk\/product\/buy-jwh-018-chemical\/#primaryimage","url":"https:\/\/medicinasinc.com\/sk\/wp-content\/uploads\/sites\/10\/2022\/02\/Buy-JWH-018-Chemical.jpg","contentUrl":"https:\/\/medicinasinc.com\/sk\/wp-content\/uploads\/sites\/10\/2022\/02\/Buy-JWH-018-Chemical.jpg","width":593,"height":400},{"@type":"BreadcrumbList","@id":"https:\/\/medicinasinc.com\/sk\/product\/buy-jwh-018-chemical\/#breadcrumb","itemListElement":[{"@type":"ListItem","position":1,"name":"Obchod","item":"https:\/\/medicinasinc.com\/sk\/obchod\/"},{"@type":"ListItem","position":2,"name":"K\u00fapi\u0165 JWH-018 Chemical"}]},{"@type":"WebSite","@id":"https:\/\/medicinasinc.com\/sk\/#website","url":"https:\/\/medicinasinc.com\/sk\/","name":"Medicinas Inc","description":"Health Medical Clinic","potentialAction":[{"@type":"SearchAction","target":{"@type":"EntryPoint","urlTemplate":"https:\/\/medicinasinc.com\/sk\/?s={search_term_string}"},"query-input":{"@type":"PropertyValueSpecification","valueRequired":true,"valueName":"search_term_string"}}],"inLanguage":"en-US"}]}},"_links":{"self":[{"href":"https:\/\/medicinasinc.com\/sk\/wp-json\/wp\/v2\/product\/5548","targetHints":{"allow":["GET"]}}],"collection":[{"href":"https:\/\/medicinasinc.com\/sk\/wp-json\/wp\/v2\/product"}],"about":[{"href":"https:\/\/medicinasinc.com\/sk\/wp-json\/wp\/v2\/types\/product"}],"replies":[{"embeddable":true,"href":"https:\/\/medicinasinc.com\/sk\/wp-json\/wp\/v2\/comments?post=5548"}],"wp:featuredmedia":[{"embeddable":true,"href":"https:\/\/medicinasinc.com\/sk\/wp-json\/wp\/v2\/media\/5558"}],"wp:attachment":[{"href":"https:\/\/medicinasinc.com\/sk\/wp-json\/wp\/v2\/media?parent=5548"}],"wp:term":[{"taxonomy":"product_brand","embeddable":true,"href":"https:\/\/medicinasinc.com\/sk\/wp-json\/wp\/v2\/product_brand?post=5548"},{"taxonomy":"product_cat","embeddable":true,"href":"https:\/\/medicinasinc.com\/sk\/wp-json\/wp\/v2\/product_cat?post=5548"},{"taxonomy":"product_tag","embeddable":true,"href":"https:\/\/medicinasinc.com\/sk\/wp-json\/wp\/v2\/product_tag?post=5548"}],"curies":[{"name":"wp","href":"https:\/\/api.w.org\/{rel}","templated":true}]}}