{"id":5547,"date":"2022-02-22T01:30:48","date_gmt":"2022-02-22T01:30:48","guid":{"rendered":"https:\/\/medicinasinc.com\/sk\/?post_type=product&#038;p=5547"},"modified":"2022-03-22T00:56:14","modified_gmt":"2022-03-22T00:56:14","slug":"buy-jwh-200-chemical","status":"publish","type":"product","link":"https:\/\/medicinasinc.com\/sk\/product\/buy-jwh-200-chemical\/","title":{"rendered":"K\u00fapte si JWH-200 Chemical"},"content":{"rendered":"<p>Op\u00fdtajte sa na n\u00e1kup chemik\u00e1lie JWH-200<\/p>\n<p>V skupine naftoylindolov je AM-678 (1-pentyl-3-(1-naftoyl)indol) analgetikum, ktor\u00e9 je \u00fapln\u00fdm agonistom kanabinoidn\u00e9 receptory CB1 aj CB2, s miernou preferenciou pre receptor CB2. Pou\u017e\u00edva sa v syntetick\u00fdch kanabisov\u00fdch produktoch, ktor\u00e9 sa v niektor\u00fdch krajin\u00e1ch leg\u00e1lne pred\u00e1vaj\u00fa ako \u201ezmesi kadidla\u201c, preto\u017ee m\u00e1 \u00fa\u010dinky na zvierat\u00e1, ktor\u00e9 s\u00fa porovnate\u013en\u00e9 s \u00fa\u010dinkami tetrahydrokanabinolu (THC), kanabinoidu, ktor\u00fd sa prirodzene nach\u00e1dza v kanabise. Research Chemicals JWH-200<\/p>\n<p>Pomocou potkanov Wistar, ktor\u00fdm bol podan\u00fd etanolov\u00fd extrakt obsahuj\u00faci JWH-200, bola \u0161tudovan\u00e1 metabolick\u00e1 aktivita lieku. Potom nasledovala extrakcia metabolitov JWH-200 z 24-hodinov\u00fdch vzoriek mo\u010du s pou\u017eit\u00edm oddelenej kvapalnej aj pevnej f\u00e1zy. Extrahovan\u00e9 chemik\u00e1lie boli oddelen\u00e9 a identifikovan\u00e9 pomocou GC-MS. Hlavn\u00fdm sign\u00e1lom boli hydroxylovan\u00e9 N-dealkylovan\u00e9 metabolity, nie JWH-200 alebo jeho N-dealkylovan\u00fd metabolit. Pozorovan\u00fd posun hmoty nazna\u010duje, \u017ee naftal\u00e9nov\u00e9 a indolov\u00e9 hydroxylov\u00e9 skupiny molekuly pravdepodobne podliehaj\u00fa hydroxyl\u00e1cii. Hydroxylovan\u00e9 metabolity boli u \u013eud\u00ed vo ve\u013ekej miere konjugovan\u00e9 s glukuronidom, hoci prim\u00e1rnymi miestami metabolizmu boli indolov\u00fd kruh a pentylov\u00fd bo\u010dn\u00fd re\u0165azec.<\/p>\n<p>V\u00fdskum chemick\u00e9ho pou\u017eitia JWH-200<\/p>\n<p>M\u00e9di\u00e1 maj\u00fa hl\u00e1sili aspo\u0148 jeden pr\u00edpad z\u00e1vislosti na JWH-200. Po\u010das \u00f4smich mesiacov u\u017e\u00edvate\u013e pil JWH-018 na dennej b\u00e1ze. V porovnan\u00ed s \u00fa\u010dinkami z\u00e1vislosti od kanabisu tu boli abstinen\u010dn\u00e9 pr\u00edznaky z\u00e1va\u017enej\u0161ie. Po lie\u010dbe sa uk\u00e1zalo, \u017ee JWH-200 generuje v\u00fdznamn\u00e9 zmeny v hustote receptora CB1. Menej r\u00fdchlo ako porovnate\u013en\u00e9 kanabinoidy sp\u00f4sobuje toleranciu vo\u010di svojim \u00fa\u010dinkom.<\/p>\n","protected":false},"excerpt":{"rendered":"<div class=\"woocommerce-product-details__short-description\">\n<p>K\u00fapte si chemick\u00fd pr\u00e1\u0161ok JWH-200\u00a0 na predaj vo Ve\u013ekej Brit\u00e1nii, Eur\u00f3pe online. \u010eal\u0161\u00edm n\u00e1zvom je (1-(2-morfol\u00edn-4-yletyl)indol-3-yl)naftal\u00e9n-1-ylmetan\u00f3n. Pr\u00ed\u010fte a nak\u00fapte teraz!. M\u00e1me najlep\u0161\u00ed diskr\u00e9tny sp\u00f4sob balenia a dopravy.<\/p>\n<\/p><\/div>\n","protected":false},"featured_media":5556,"comment_status":"open","ping_status":"closed","template":"","meta":[],"product_brand":[],"product_cat":[2014],"product_tag":[3033,3030,3031,3032,3034,3035,3037,3038,3043,3044,3045,3046,3047,3049,3036,3048,3042,3040,3039,3029,3041],"class_list":{"0":"post-5547","1":"product","2":"type-product","3":"status-publish","4":"has-post-thumbnail","6":"product_cat-k-c3-bapi-c5-a5-v-c3-bdskumn-c3-a9-chemik-c3-a1lie","7":"product_tag-ako-si-objedna-jwh-200-online","8":"product_tag-buy-jwh-200-chemical","9":"product_tag-buy-jwh-200-online","10":"product_tag-buy-jwh-200-research-chemicals","11":"product_tag-jwh-018","12":"product_tag-jwh-073","13":"product_tag-jwh-200-effect","14":"product_tag-jwh-200-effects","15":"product_tag-jwh-200-review","16":"product_tag-jwh-200-sale","17":"product_tag-jwh-200-sell","18":"product_tag-jwh-200-wholesale","19":"product_tag-jwh-250","20":"product_tag-kde-k-objedna-jwh-200-vskumn-chemiklie","21":"product_tag-jwh-200-buy","22":"product_tag-nkup-jwh-200-vskumnch-chemikli","23":"product_tag-jwh-200-maloobchod","24":"product_tag-jwh-200-objednvka","25":"product_tag-jwh-200-na-predaj","26":"product_tag-rno-2233","27":"product_tag-jwh-200-reddit","29":"first","30":"instock","31":"shipping-taxable","32":"purchasable","33":"product-type-variable","34":"has-default-attributes"},"yoast_head":"<!-- This site is optimized with the Yoast SEO plugin v27.3 - https:\/\/yoast.com\/product\/yoast-seo-wordpress\/ -->\n<title>K\u00fapi\u0165 JWH-200 Chemical - JWH-200 Chemical - Najlep\u0161ie glob\u00e1lne lieky<\/title>\n<meta name=\"description\" content=\"K\u00fapte si chemick\u00fd pr\u00e1\u0161ok JWH-200 na predaj vo Ve\u013ekej Brit\u00e1nii, Eur\u00f3pe online. \u010eal\u0161\u00edm n\u00e1zvom je (1-(2-morfol\u00edn-4-yletyl)indol-3-yl)naftal\u00e9n-1-ylmetan\u00f3n. Pr\u00ed\u010fte a nak\u00fapte teraz!. M\u00e1me najlep\u0161\u00ed diskr\u00e9tny sp\u00f4sob balenia a dopravy.\" \/>\n<meta name=\"robots\" content=\"index, follow, max-snippet:-1, max-image-preview:large, max-video-preview:-1\" \/>\n<link rel=\"canonical\" href=\"https:\/\/medicinasinc.com\/sk\/product\/buy-jwh-200-chemical\/\" \/>\n<meta property=\"og:locale\" content=\"en_US\" \/>\n<meta property=\"og:type\" content=\"article\" \/>\n<meta property=\"og:title\" content=\"K\u00fapi\u0165 JWH-200 Chemical - JWH-200 Chemical - Najlep\u0161ie glob\u00e1lne lieky\" \/>\n<meta property=\"og:description\" content=\"K\u00fapte si chemick\u00fd pr\u00e1\u0161ok JWH-200 na predaj vo Ve\u013ekej Brit\u00e1nii, Eur\u00f3pe online. \u010eal\u0161\u00edm n\u00e1zvom je (1-(2-morfol\u00edn-4-yletyl)indol-3-yl)naftal\u00e9n-1-ylmetan\u00f3n. Pr\u00ed\u010fte a nak\u00fapte teraz!. M\u00e1me najlep\u0161\u00ed diskr\u00e9tny sp\u00f4sob balenia a dopravy.\" \/>\n<meta property=\"og:url\" content=\"https:\/\/medicinasinc.com\/sk\/product\/buy-jwh-200-chemical\/\" \/>\n<meta property=\"og:site_name\" content=\"Medicinas Inc\" \/>\n<meta property=\"article:modified_time\" content=\"2022-03-22T00:56:14+00:00\" \/>\n<meta property=\"og:image\" content=\"https:\/\/medicinasinc.com\/sk\/wp-content\/uploads\/sites\/10\/2022\/02\/Buy-JWH-200-Chemical.jpg\" \/>\n\t<meta property=\"og:image:width\" content=\"458\" \/>\n\t<meta property=\"og:image:height\" content=\"458\" \/>\n\t<meta property=\"og:image:type\" content=\"image\/jpeg\" \/>\n<meta name=\"twitter:card\" content=\"summary_large_image\" \/>\n<meta name=\"twitter:label1\" content=\"Est. reading time\" \/>\n\t<meta name=\"twitter:data1\" content=\"2 minutes\" \/>\n<script type=\"application\/ld+json\" class=\"yoast-schema-graph\">{\"@context\":\"https:\\\/\\\/schema.org\",\"@graph\":[{\"@type\":\"WebPage\",\"@id\":\"https:\\\/\\\/medicinasinc.com\\\/sk\\\/product\\\/buy-jwh-200-chemical\\\/\",\"url\":\"https:\\\/\\\/medicinasinc.com\\\/sk\\\/product\\\/buy-jwh-200-chemical\\\/\",\"name\":\"K\u00fapi\u0165 JWH-200 Chemical - JWH-200 Chemical - Najlep\u0161ie glob\u00e1lne lieky\",\"isPartOf\":{\"@id\":\"https:\\\/\\\/medicinasinc.com\\\/sk\\\/#website\"},\"primaryImageOfPage\":{\"@id\":\"https:\\\/\\\/medicinasinc.com\\\/sk\\\/product\\\/buy-jwh-200-chemical\\\/#primaryimage\"},\"image\":{\"@id\":\"https:\\\/\\\/medicinasinc.com\\\/sk\\\/product\\\/buy-jwh-200-chemical\\\/#primaryimage\"},\"thumbnailUrl\":\"https:\\\/\\\/medicinasinc.com\\\/sk\\\/wp-content\\\/uploads\\\/sites\\\/10\\\/2022\\\/02\\\/Buy-JWH-200-Chemical.jpg\",\"datePublished\":\"2022-02-22T01:30:48+00:00\",\"dateModified\":\"2022-03-22T00:56:14+00:00\",\"description\":\"K\u00fapte si chemick\u00fd pr\u00e1\u0161ok JWH-200 na predaj vo Ve\u013ekej Brit\u00e1nii, Eur\u00f3pe online. \u010eal\u0161\u00edm n\u00e1zvom je (1-(2-morfol\u00edn-4-yletyl)indol-3-yl)naftal\u00e9n-1-ylmetan\u00f3n. Pr\u00ed\u010fte a nak\u00fapte teraz!. M\u00e1me najlep\u0161\u00ed diskr\u00e9tny sp\u00f4sob balenia a dopravy.\",\"breadcrumb\":{\"@id\":\"https:\\\/\\\/medicinasinc.com\\\/sk\\\/product\\\/buy-jwh-200-chemical\\\/#breadcrumb\"},\"inLanguage\":\"en-US\",\"potentialAction\":[{\"@type\":\"ReadAction\",\"target\":[\"https:\\\/\\\/medicinasinc.com\\\/sk\\\/product\\\/buy-jwh-200-chemical\\\/\"]}]},{\"@type\":\"ImageObject\",\"inLanguage\":\"en-US\",\"@id\":\"https:\\\/\\\/medicinasinc.com\\\/sk\\\/product\\\/buy-jwh-200-chemical\\\/#primaryimage\",\"url\":\"https:\\\/\\\/medicinasinc.com\\\/sk\\\/wp-content\\\/uploads\\\/sites\\\/10\\\/2022\\\/02\\\/Buy-JWH-200-Chemical.jpg\",\"contentUrl\":\"https:\\\/\\\/medicinasinc.com\\\/sk\\\/wp-content\\\/uploads\\\/sites\\\/10\\\/2022\\\/02\\\/Buy-JWH-200-Chemical.jpg\",\"width\":458,\"height\":458},{\"@type\":\"BreadcrumbList\",\"@id\":\"https:\\\/\\\/medicinasinc.com\\\/sk\\\/product\\\/buy-jwh-200-chemical\\\/#breadcrumb\",\"itemListElement\":[{\"@type\":\"ListItem\",\"position\":1,\"name\":\"Obchod\",\"item\":\"https:\\\/\\\/medicinasinc.com\\\/sk\\\/obchod\\\/\"},{\"@type\":\"ListItem\",\"position\":2,\"name\":\"K\u00fapte si JWH-200 Chemical\"}]},{\"@type\":\"WebSite\",\"@id\":\"https:\\\/\\\/medicinasinc.com\\\/sk\\\/#website\",\"url\":\"https:\\\/\\\/medicinasinc.com\\\/sk\\\/\",\"name\":\"Medicinas Inc\",\"description\":\"Health Medical Clinic\",\"potentialAction\":[{\"@type\":\"SearchAction\",\"target\":{\"@type\":\"EntryPoint\",\"urlTemplate\":\"https:\\\/\\\/medicinasinc.com\\\/sk\\\/?s={search_term_string}\"},\"query-input\":{\"@type\":\"PropertyValueSpecification\",\"valueRequired\":true,\"valueName\":\"search_term_string\"}}],\"inLanguage\":\"en-US\"}]}<\/script>\n<!-- \/ Yoast SEO plugin. -->","yoast_head_json":{"title":"K\u00fapi\u0165 JWH-200 Chemical - JWH-200 Chemical - Najlep\u0161ie glob\u00e1lne lieky","description":"K\u00fapte si chemick\u00fd pr\u00e1\u0161ok JWH-200 na predaj vo Ve\u013ekej Brit\u00e1nii, Eur\u00f3pe online. \u010eal\u0161\u00edm n\u00e1zvom je (1-(2-morfol\u00edn-4-yletyl)indol-3-yl)naftal\u00e9n-1-ylmetan\u00f3n. Pr\u00ed\u010fte a nak\u00fapte teraz!. M\u00e1me najlep\u0161\u00ed diskr\u00e9tny sp\u00f4sob balenia a dopravy.","robots":{"index":"index","follow":"follow","max-snippet":"max-snippet:-1","max-image-preview":"max-image-preview:large","max-video-preview":"max-video-preview:-1"},"canonical":"https:\/\/medicinasinc.com\/sk\/product\/buy-jwh-200-chemical\/","og_locale":"en_US","og_type":"article","og_title":"K\u00fapi\u0165 JWH-200 Chemical - JWH-200 Chemical - Najlep\u0161ie glob\u00e1lne lieky","og_description":"K\u00fapte si chemick\u00fd pr\u00e1\u0161ok JWH-200 na predaj vo Ve\u013ekej Brit\u00e1nii, Eur\u00f3pe online. \u010eal\u0161\u00edm n\u00e1zvom je (1-(2-morfol\u00edn-4-yletyl)indol-3-yl)naftal\u00e9n-1-ylmetan\u00f3n. Pr\u00ed\u010fte a nak\u00fapte teraz!. M\u00e1me najlep\u0161\u00ed diskr\u00e9tny sp\u00f4sob balenia a dopravy.","og_url":"https:\/\/medicinasinc.com\/sk\/product\/buy-jwh-200-chemical\/","og_site_name":"Medicinas Inc","article_modified_time":"2022-03-22T00:56:14+00:00","og_image":[{"width":458,"height":458,"url":"https:\/\/medicinasinc.com\/sk\/wp-content\/uploads\/sites\/10\/2022\/02\/Buy-JWH-200-Chemical.jpg","type":"image\/jpeg"}],"twitter_card":"summary_large_image","twitter_misc":{"Est. reading time":"2 minutes"},"schema":{"@context":"https:\/\/schema.org","@graph":[{"@type":"WebPage","@id":"https:\/\/medicinasinc.com\/sk\/product\/buy-jwh-200-chemical\/","url":"https:\/\/medicinasinc.com\/sk\/product\/buy-jwh-200-chemical\/","name":"K\u00fapi\u0165 JWH-200 Chemical - JWH-200 Chemical - Najlep\u0161ie glob\u00e1lne lieky","isPartOf":{"@id":"https:\/\/medicinasinc.com\/sk\/#website"},"primaryImageOfPage":{"@id":"https:\/\/medicinasinc.com\/sk\/product\/buy-jwh-200-chemical\/#primaryimage"},"image":{"@id":"https:\/\/medicinasinc.com\/sk\/product\/buy-jwh-200-chemical\/#primaryimage"},"thumbnailUrl":"https:\/\/medicinasinc.com\/sk\/wp-content\/uploads\/sites\/10\/2022\/02\/Buy-JWH-200-Chemical.jpg","datePublished":"2022-02-22T01:30:48+00:00","dateModified":"2022-03-22T00:56:14+00:00","description":"K\u00fapte si chemick\u00fd pr\u00e1\u0161ok JWH-200 na predaj vo Ve\u013ekej Brit\u00e1nii, Eur\u00f3pe online. \u010eal\u0161\u00edm n\u00e1zvom je (1-(2-morfol\u00edn-4-yletyl)indol-3-yl)naftal\u00e9n-1-ylmetan\u00f3n. Pr\u00ed\u010fte a nak\u00fapte teraz!. M\u00e1me najlep\u0161\u00ed diskr\u00e9tny sp\u00f4sob balenia a dopravy.","breadcrumb":{"@id":"https:\/\/medicinasinc.com\/sk\/product\/buy-jwh-200-chemical\/#breadcrumb"},"inLanguage":"en-US","potentialAction":[{"@type":"ReadAction","target":["https:\/\/medicinasinc.com\/sk\/product\/buy-jwh-200-chemical\/"]}]},{"@type":"ImageObject","inLanguage":"en-US","@id":"https:\/\/medicinasinc.com\/sk\/product\/buy-jwh-200-chemical\/#primaryimage","url":"https:\/\/medicinasinc.com\/sk\/wp-content\/uploads\/sites\/10\/2022\/02\/Buy-JWH-200-Chemical.jpg","contentUrl":"https:\/\/medicinasinc.com\/sk\/wp-content\/uploads\/sites\/10\/2022\/02\/Buy-JWH-200-Chemical.jpg","width":458,"height":458},{"@type":"BreadcrumbList","@id":"https:\/\/medicinasinc.com\/sk\/product\/buy-jwh-200-chemical\/#breadcrumb","itemListElement":[{"@type":"ListItem","position":1,"name":"Obchod","item":"https:\/\/medicinasinc.com\/sk\/obchod\/"},{"@type":"ListItem","position":2,"name":"K\u00fapte si JWH-200 Chemical"}]},{"@type":"WebSite","@id":"https:\/\/medicinasinc.com\/sk\/#website","url":"https:\/\/medicinasinc.com\/sk\/","name":"Medicinas Inc","description":"Health Medical Clinic","potentialAction":[{"@type":"SearchAction","target":{"@type":"EntryPoint","urlTemplate":"https:\/\/medicinasinc.com\/sk\/?s={search_term_string}"},"query-input":{"@type":"PropertyValueSpecification","valueRequired":true,"valueName":"search_term_string"}}],"inLanguage":"en-US"}]}},"_links":{"self":[{"href":"https:\/\/medicinasinc.com\/sk\/wp-json\/wp\/v2\/product\/5547","targetHints":{"allow":["GET"]}}],"collection":[{"href":"https:\/\/medicinasinc.com\/sk\/wp-json\/wp\/v2\/product"}],"about":[{"href":"https:\/\/medicinasinc.com\/sk\/wp-json\/wp\/v2\/types\/product"}],"replies":[{"embeddable":true,"href":"https:\/\/medicinasinc.com\/sk\/wp-json\/wp\/v2\/comments?post=5547"}],"wp:featuredmedia":[{"embeddable":true,"href":"https:\/\/medicinasinc.com\/sk\/wp-json\/wp\/v2\/media\/5556"}],"wp:attachment":[{"href":"https:\/\/medicinasinc.com\/sk\/wp-json\/wp\/v2\/media?parent=5547"}],"wp:term":[{"taxonomy":"product_brand","embeddable":true,"href":"https:\/\/medicinasinc.com\/sk\/wp-json\/wp\/v2\/product_brand?post=5547"},{"taxonomy":"product_cat","embeddable":true,"href":"https:\/\/medicinasinc.com\/sk\/wp-json\/wp\/v2\/product_cat?post=5547"},{"taxonomy":"product_tag","embeddable":true,"href":"https:\/\/medicinasinc.com\/sk\/wp-json\/wp\/v2\/product_tag?post=5547"}],"curies":[{"name":"wp","href":"https:\/\/api.w.org\/{rel}","templated":true}]}}