{"id":5523,"date":"2022-02-22T01:06:52","date_gmt":"2022-02-22T01:06:52","guid":{"rendered":"https:\/\/medicinasinc.com\/sk\/?post_type=product&#038;p=5523"},"modified":"2022-03-22T00:56:23","modified_gmt":"2022-03-22T00:56:23","slug":"kupit-hdep-28-novel-etylnaftidat","status":"publish","type":"product","link":"https:\/\/medicinasinc.com\/sk\/product\/kupit-hdep-28-novel-etylnaftidat\/","title":{"rendered":"K\u00fapi\u0165 hdep-28 Novel Ethylnaftidate"},"content":{"rendered":"<p>Etylnaftid\u00e1t HDEP-28 na predaj<\/p>\n<p>3,4-metyl\u00e9ndioxy-N-etylkatin\u00f3n sa \u010dasto uv\u00e1dza ako entaktog\u00e9nny energiz\u00e9r. 1-(1,3-Benzodioxol-5-yl)-2-(etylamino)-1-propan\u00f3n je n\u00e1zov dan\u00fd etyl\u00f3nu. Be\u017en\u00e1 hmotnos\u0165 C12H15NO3 je 221,251999 Da, zatia\u013e \u010do monoizotopick\u00e1 hmotnos\u0165 je 221,104996 Da. Toto je subjadrov\u00fd vzorec. K\u00fapte si \u010d\u00ednsky etyl\u00e9n. Etylon je drahokam na nezaplatenie, ktor\u00fd sa d\u00e1 k\u00fapi\u0165. Etyl\u00e9nov\u00e9 drah\u00e9 kamene sa daj\u00fa k\u00fapi\u0165. Dod\u00e1vate\u013e etyl\u00f3nu. Etylon je v predaji. rabat Ethylone<\/p>\n<p>ACD\/Labs a ChemAxon spolupracovali na vykonan\u00ed hodnotenia Ethylone. Pokia\u013e ide o vlastnosti, ktor\u00e9 ACD\/Labs predpovedali, na\u0161li \u0161tyri akceptory cenn\u00fdch papierov #H, \u0161tyri cenn\u00e9 papiere s vo\u013en\u00fdm ot\u00e1\u010dan\u00edm, z\u00e1znam lomu pri 1,54 s povrchov\u00fdm lisovac\u00edm faktorom 44,3470001220703 dyne\/cm, motiv\u00e1ciou v\u00fdbuchu 172,845 \u00b0C a obmedzenie 362,188 \u00b0C pri 760 mmHg.<\/p>\n<p>Toto je be\u017en\u00fd jav v logickom a vedeckom softv\u00e9ri.<\/p>\n<p>Tento produkt bol vyvinut\u00fd v snahe splni\u0165 po\u017eiadavky normy ISO17025:2005 a Guide 34:2009.<\/p>\n<p>M\u00f4\u017eete sa na n\u00e1s spo\u013eahn\u00fa\u0165, \u017ee pr\u00e1cu vykon\u00e1me r\u00fdchlo a efekt\u00edvne, ke\u010f\u017ee sme najlep\u0161ia organiz\u00e1cia na svete. Z\u00e1kazn\u00edci od n\u00e1s m\u00f4\u017eu o\u010dak\u00e1va\u0165 len tie najkvalitnej\u0161ie produkty! Sp\u00f4sobom, ktor\u00fd je v podstate v s\u00falade s t\u00fdm, \u010do \u010dasto o\u010dak\u00e1vame, ke\u010f \u010doko\u013evek kupujeme<\/p>\n<p>Tak\u017ee m\u00f4\u017eeme nakupova\u0165 produkty najvy\u0161\u0161ej kvality za najrozumnej\u0161ie ceny a \u00faspory m\u00f4\u017eeme prenies\u0165 na v\u00e1s!<\/p>\n<p> p&gt; <\/p>\n<p>V d\u00f4sledku toho po\u017eadujeme od v\u0161etk\u00fdch na\u0161ich klientov, aby svoje polo\u017eky GC\/MS zaistili presnos\u0165ou a z\u00e1konnos\u0165ou. Preto\u017ee n\u00e1m z\u00e1le\u017e\u00ed na na\u0161ich klientoch a ich spokojnosti, vykon\u00e1vame vlastn\u00e9 testovanie ka\u017edej z\u00e1sielky, aby sme overili, \u017ee kvalita zost\u00e1vaj\u00facich dielov je 100 %.<\/p>\n<p>Bud\u00facnos\u0165 na\u0161ej spolo\u010dnosti z\u00e1vis\u00ed od toho, \u010di budeme reagova\u0165 na va\u0161u \u017eiados\u0165 v priate\u013esk\u00fdm sp\u00f4sobom, bez oh\u013eadu na to, ak\u00e9 naliehav\u00e9 to m\u00f4\u017ee by\u0165. Bez oh\u013eadu na situ\u00e1ciu sa m\u00f4\u017eete v\u017edy spo\u013eahn\u00fa\u0165 na to, \u017ee v\u00e1m poskytneme tie najlep\u0161ie lieky a jemn\u00e9 oh\u0148ostroje za najlep\u0161ie ceny, v\u0161etko dodan\u00e9 t\u00fdm najdiskr\u00e9tnej\u0161\u00edm sp\u00f4sobom, ak\u00fd si mo\u017eno predstavi\u0165! Ak s t\u00fdm nie s\u00fa pr\u00edli\u0161 ve\u013ek\u00e9 probl\u00e9my, verte a svoju \u017eiados\u0165 predlo\u017ete s presved\u010den\u00edm!<\/p>\n<p>Vzh\u013eadom na na\u0161u preuk\u00e1zan\u00fa silu n\u00e1m m\u00f4\u017eete d\u00f4verova\u0165 a pokra\u010dova\u0165 v obchodovan\u00ed s nami, kedyko\u013evek sa rozhodnete, k\u00fdm som okolo. V\u00e1\u0161 p\u00e1d nebude tolerovan\u00fd.<\/p>\n<p>Sledovanie cesty v\u00e1\u0161ho bal\u00edka je jednoduch\u00e9 v\u010faka sprievodn\u00fdm \u010d\u00edslam, ktor\u00e9 priklad\u00e1me k va\u0161ej z\u00e1sielke.<\/p>\n","protected":false},"excerpt":{"rendered":"<p>K\u00fapi\u0165 etylnaftid\u00e1t HDEP-28 na predaj v Spojenom kr\u00e1\u013eovstve, Eur\u00f3pe. Acet\u00e1t etyl-2-(naftal\u00e9n-2-yl)-2-(piperid\u00edn-2-ylu). Informujte sa o hdep-28, novom etylnaftid\u00e1te.<\/p>\n<p>K\u00fapi\u0165 hdep-28 Novel Ethylnaftidate 1 oz na Amazon.com<\/p>\n<p>Etylnaftid\u00e1t alebo HDEP-28 je n\u00e1hradou za zak\u00e1zan\u00fd fenid\u00e1t s\u00e9ria.<\/p>\n<p>Z\u00e1kazn\u00edci si teraz m\u00f4\u017eu zak\u00fapi\u0165 etylnaftid\u00e1t.<br \/> HDEP-28, tie\u017e zn\u00e1my ako etylnaftid\u00e1t, m\u00e1 prevzia\u0165 \u00falohu novo zak\u00e1zanej chemickej s\u00e9rie Fenid\u00e1t.<br \/> V porovnan\u00ed s &amp; #8216;Fenid\u00e1ty,&#8217; z\u00e1kazn\u00edci pou\u017e\u00edvaj\u00faci tento produkt v laborat\u00f3riu by mali o\u010dak\u00e1va\u0165 podobn\u00e9 spektrum v\u00fdsledkov.<br \/> IUPAC predpoved\u00e1, \u017ee v\u00fdskumn\u00edci zistia, \u017ee HDEP 28 \/ Ethylnaphhidate je vynikaj\u00facou n\u00e1hradou za etylfenid\u00e1t. 2-(naftal\u00e9n-2-yl)-2-(piperid\u00edn-2-yl)acet\u00e1t<br \/> N\/A<br \/> Vzorec C19H23NO2<br \/> Molekulov\u00e1 hmotnos\u0165 je 297,40<\/p>\n","protected":false},"featured_media":5535,"comment_status":"open","ping_status":"closed","template":"","meta":[],"product_brand":[],"product_cat":[2014],"product_tag":[],"class_list":{"0":"post-5523","1":"product","2":"type-product","3":"status-publish","4":"has-post-thumbnail","6":"product_cat-k-c3-bapi-c5-a5-v-c3-bdskumn-c3-a9-chemik-c3-a1lie","8":"first","9":"instock","10":"shipping-taxable","11":"purchasable","12":"product-type-variable","13":"has-default-attributes"},"yoast_head":"<!-- This site is optimized with the Yoast SEO plugin v27.3 - https:\/\/yoast.com\/product\/yoast-seo-wordpress\/ -->\n<title>K\u00fapte si nov\u00fd etylnaftid\u00e1t hdep-28 \u2013 najlep\u0161ie glob\u00e1lne lieky<\/title>\n<meta name=\"description\" content=\"K\u00fapi\u0165 hdep-28 Novel Ethylnaphthidate na predaj vo Ve\u013ekej Brit\u00e1nii, Eur\u00f3pe Online. IUPAC: etyl-2-(naftal\u00e9n-2-yl)-2-(piperid\u00edn-2-yl)acet\u00e1t. Objednajte si nov\u00fd etylnaftid\u00e1t hdep-28\" \/>\n<meta name=\"robots\" content=\"index, follow, max-snippet:-1, max-image-preview:large, max-video-preview:-1\" \/>\n<link rel=\"canonical\" href=\"https:\/\/medicinasinc.com\/sk\/product\/kupit-hdep-28-novel-etylnaftidat\/\" \/>\n<meta property=\"og:locale\" content=\"en_US\" \/>\n<meta property=\"og:type\" content=\"article\" \/>\n<meta property=\"og:title\" content=\"K\u00fapte si nov\u00fd etylnaftid\u00e1t hdep-28 \u2013 najlep\u0161ie glob\u00e1lne lieky\" \/>\n<meta property=\"og:description\" content=\"K\u00fapi\u0165 hdep-28 Novel Ethylnaphthidate na predaj vo Ve\u013ekej Brit\u00e1nii, Eur\u00f3pe Online. IUPAC: etyl-2-(naftal\u00e9n-2-yl)-2-(piperid\u00edn-2-yl)acet\u00e1t. Objednajte si nov\u00fd etylnaftid\u00e1t hdep-28\" \/>\n<meta property=\"og:url\" content=\"https:\/\/medicinasinc.com\/sk\/product\/kupit-hdep-28-novel-etylnaftidat\/\" \/>\n<meta property=\"og:site_name\" content=\"Medicinas Inc\" \/>\n<meta property=\"article:modified_time\" content=\"2022-03-22T00:56:23+00:00\" \/>\n<meta property=\"og:image\" content=\"https:\/\/medicinasinc.com\/sk\/wp-content\/uploads\/sites\/10\/2022\/02\/Buy-hdep-28-Novel-Ethylnaphthidate.jpg\" \/>\n\t<meta property=\"og:image:width\" content=\"600\" \/>\n\t<meta property=\"og:image:height\" content=\"600\" \/>\n\t<meta property=\"og:image:type\" content=\"image\/jpeg\" \/>\n<meta name=\"twitter:card\" content=\"summary_large_image\" \/>\n<meta name=\"twitter:label1\" content=\"Est. reading time\" \/>\n\t<meta name=\"twitter:data1\" content=\"2 minutes\" \/>\n<script type=\"application\/ld+json\" class=\"yoast-schema-graph\">{\"@context\":\"https:\\\/\\\/schema.org\",\"@graph\":[{\"@type\":\"WebPage\",\"@id\":\"https:\\\/\\\/medicinasinc.com\\\/sk\\\/product\\\/kupit-hdep-28-novel-etylnaftidat\\\/\",\"url\":\"https:\\\/\\\/medicinasinc.com\\\/sk\\\/product\\\/kupit-hdep-28-novel-etylnaftidat\\\/\",\"name\":\"K\u00fapte si nov\u00fd etylnaftid\u00e1t hdep-28 \u2013 najlep\u0161ie glob\u00e1lne lieky\",\"isPartOf\":{\"@id\":\"https:\\\/\\\/medicinasinc.com\\\/sk\\\/#website\"},\"primaryImageOfPage\":{\"@id\":\"https:\\\/\\\/medicinasinc.com\\\/sk\\\/product\\\/kupit-hdep-28-novel-etylnaftidat\\\/#primaryimage\"},\"image\":{\"@id\":\"https:\\\/\\\/medicinasinc.com\\\/sk\\\/product\\\/kupit-hdep-28-novel-etylnaftidat\\\/#primaryimage\"},\"thumbnailUrl\":\"https:\\\/\\\/medicinasinc.com\\\/sk\\\/wp-content\\\/uploads\\\/sites\\\/10\\\/2022\\\/02\\\/Buy-hdep-28-Novel-Ethylnaphthidate.jpg\",\"datePublished\":\"2022-02-22T01:06:52+00:00\",\"dateModified\":\"2022-03-22T00:56:23+00:00\",\"description\":\"K\u00fapi\u0165 hdep-28 Novel Ethylnaphthidate na predaj vo Ve\u013ekej Brit\u00e1nii, Eur\u00f3pe Online. IUPAC: etyl-2-(naftal\u00e9n-2-yl)-2-(piperid\u00edn-2-yl)acet\u00e1t. Objednajte si nov\u00fd etylnaftid\u00e1t hdep-28\",\"breadcrumb\":{\"@id\":\"https:\\\/\\\/medicinasinc.com\\\/sk\\\/product\\\/kupit-hdep-28-novel-etylnaftidat\\\/#breadcrumb\"},\"inLanguage\":\"en-US\",\"potentialAction\":[{\"@type\":\"ReadAction\",\"target\":[\"https:\\\/\\\/medicinasinc.com\\\/sk\\\/product\\\/kupit-hdep-28-novel-etylnaftidat\\\/\"]}]},{\"@type\":\"ImageObject\",\"inLanguage\":\"en-US\",\"@id\":\"https:\\\/\\\/medicinasinc.com\\\/sk\\\/product\\\/kupit-hdep-28-novel-etylnaftidat\\\/#primaryimage\",\"url\":\"https:\\\/\\\/medicinasinc.com\\\/sk\\\/wp-content\\\/uploads\\\/sites\\\/10\\\/2022\\\/02\\\/Buy-hdep-28-Novel-Ethylnaphthidate.jpg\",\"contentUrl\":\"https:\\\/\\\/medicinasinc.com\\\/sk\\\/wp-content\\\/uploads\\\/sites\\\/10\\\/2022\\\/02\\\/Buy-hdep-28-Novel-Ethylnaphthidate.jpg\",\"width\":600,\"height\":600},{\"@type\":\"BreadcrumbList\",\"@id\":\"https:\\\/\\\/medicinasinc.com\\\/sk\\\/product\\\/kupit-hdep-28-novel-etylnaftidat\\\/#breadcrumb\",\"itemListElement\":[{\"@type\":\"ListItem\",\"position\":1,\"name\":\"Obchod\",\"item\":\"https:\\\/\\\/medicinasinc.com\\\/sk\\\/obchod\\\/\"},{\"@type\":\"ListItem\",\"position\":2,\"name\":\"K\u00fapi\u0165 hdep-28 Novel Ethylnaftidate\"}]},{\"@type\":\"WebSite\",\"@id\":\"https:\\\/\\\/medicinasinc.com\\\/sk\\\/#website\",\"url\":\"https:\\\/\\\/medicinasinc.com\\\/sk\\\/\",\"name\":\"Medicinas Inc\",\"description\":\"Health Medical Clinic\",\"potentialAction\":[{\"@type\":\"SearchAction\",\"target\":{\"@type\":\"EntryPoint\",\"urlTemplate\":\"https:\\\/\\\/medicinasinc.com\\\/sk\\\/?s={search_term_string}\"},\"query-input\":{\"@type\":\"PropertyValueSpecification\",\"valueRequired\":true,\"valueName\":\"search_term_string\"}}],\"inLanguage\":\"en-US\"}]}<\/script>\n<!-- \/ Yoast SEO plugin. -->","yoast_head_json":{"title":"K\u00fapte si nov\u00fd etylnaftid\u00e1t hdep-28 \u2013 najlep\u0161ie glob\u00e1lne lieky","description":"K\u00fapi\u0165 hdep-28 Novel Ethylnaphthidate na predaj vo Ve\u013ekej Brit\u00e1nii, Eur\u00f3pe Online. IUPAC: etyl-2-(naftal\u00e9n-2-yl)-2-(piperid\u00edn-2-yl)acet\u00e1t. Objednajte si nov\u00fd etylnaftid\u00e1t hdep-28","robots":{"index":"index","follow":"follow","max-snippet":"max-snippet:-1","max-image-preview":"max-image-preview:large","max-video-preview":"max-video-preview:-1"},"canonical":"https:\/\/medicinasinc.com\/sk\/product\/kupit-hdep-28-novel-etylnaftidat\/","og_locale":"en_US","og_type":"article","og_title":"K\u00fapte si nov\u00fd etylnaftid\u00e1t hdep-28 \u2013 najlep\u0161ie glob\u00e1lne lieky","og_description":"K\u00fapi\u0165 hdep-28 Novel Ethylnaphthidate na predaj vo Ve\u013ekej Brit\u00e1nii, Eur\u00f3pe Online. IUPAC: etyl-2-(naftal\u00e9n-2-yl)-2-(piperid\u00edn-2-yl)acet\u00e1t. Objednajte si nov\u00fd etylnaftid\u00e1t hdep-28","og_url":"https:\/\/medicinasinc.com\/sk\/product\/kupit-hdep-28-novel-etylnaftidat\/","og_site_name":"Medicinas Inc","article_modified_time":"2022-03-22T00:56:23+00:00","og_image":[{"width":600,"height":600,"url":"https:\/\/medicinasinc.com\/sk\/wp-content\/uploads\/sites\/10\/2022\/02\/Buy-hdep-28-Novel-Ethylnaphthidate.jpg","type":"image\/jpeg"}],"twitter_card":"summary_large_image","twitter_misc":{"Est. reading time":"2 minutes"},"schema":{"@context":"https:\/\/schema.org","@graph":[{"@type":"WebPage","@id":"https:\/\/medicinasinc.com\/sk\/product\/kupit-hdep-28-novel-etylnaftidat\/","url":"https:\/\/medicinasinc.com\/sk\/product\/kupit-hdep-28-novel-etylnaftidat\/","name":"K\u00fapte si nov\u00fd etylnaftid\u00e1t hdep-28 \u2013 najlep\u0161ie glob\u00e1lne lieky","isPartOf":{"@id":"https:\/\/medicinasinc.com\/sk\/#website"},"primaryImageOfPage":{"@id":"https:\/\/medicinasinc.com\/sk\/product\/kupit-hdep-28-novel-etylnaftidat\/#primaryimage"},"image":{"@id":"https:\/\/medicinasinc.com\/sk\/product\/kupit-hdep-28-novel-etylnaftidat\/#primaryimage"},"thumbnailUrl":"https:\/\/medicinasinc.com\/sk\/wp-content\/uploads\/sites\/10\/2022\/02\/Buy-hdep-28-Novel-Ethylnaphthidate.jpg","datePublished":"2022-02-22T01:06:52+00:00","dateModified":"2022-03-22T00:56:23+00:00","description":"K\u00fapi\u0165 hdep-28 Novel Ethylnaphthidate na predaj vo Ve\u013ekej Brit\u00e1nii, Eur\u00f3pe Online. IUPAC: etyl-2-(naftal\u00e9n-2-yl)-2-(piperid\u00edn-2-yl)acet\u00e1t. Objednajte si nov\u00fd etylnaftid\u00e1t hdep-28","breadcrumb":{"@id":"https:\/\/medicinasinc.com\/sk\/product\/kupit-hdep-28-novel-etylnaftidat\/#breadcrumb"},"inLanguage":"en-US","potentialAction":[{"@type":"ReadAction","target":["https:\/\/medicinasinc.com\/sk\/product\/kupit-hdep-28-novel-etylnaftidat\/"]}]},{"@type":"ImageObject","inLanguage":"en-US","@id":"https:\/\/medicinasinc.com\/sk\/product\/kupit-hdep-28-novel-etylnaftidat\/#primaryimage","url":"https:\/\/medicinasinc.com\/sk\/wp-content\/uploads\/sites\/10\/2022\/02\/Buy-hdep-28-Novel-Ethylnaphthidate.jpg","contentUrl":"https:\/\/medicinasinc.com\/sk\/wp-content\/uploads\/sites\/10\/2022\/02\/Buy-hdep-28-Novel-Ethylnaphthidate.jpg","width":600,"height":600},{"@type":"BreadcrumbList","@id":"https:\/\/medicinasinc.com\/sk\/product\/kupit-hdep-28-novel-etylnaftidat\/#breadcrumb","itemListElement":[{"@type":"ListItem","position":1,"name":"Obchod","item":"https:\/\/medicinasinc.com\/sk\/obchod\/"},{"@type":"ListItem","position":2,"name":"K\u00fapi\u0165 hdep-28 Novel Ethylnaftidate"}]},{"@type":"WebSite","@id":"https:\/\/medicinasinc.com\/sk\/#website","url":"https:\/\/medicinasinc.com\/sk\/","name":"Medicinas Inc","description":"Health Medical Clinic","potentialAction":[{"@type":"SearchAction","target":{"@type":"EntryPoint","urlTemplate":"https:\/\/medicinasinc.com\/sk\/?s={search_term_string}"},"query-input":{"@type":"PropertyValueSpecification","valueRequired":true,"valueName":"search_term_string"}}],"inLanguage":"en-US"}]}},"_links":{"self":[{"href":"https:\/\/medicinasinc.com\/sk\/wp-json\/wp\/v2\/product\/5523","targetHints":{"allow":["GET"]}}],"collection":[{"href":"https:\/\/medicinasinc.com\/sk\/wp-json\/wp\/v2\/product"}],"about":[{"href":"https:\/\/medicinasinc.com\/sk\/wp-json\/wp\/v2\/types\/product"}],"replies":[{"embeddable":true,"href":"https:\/\/medicinasinc.com\/sk\/wp-json\/wp\/v2\/comments?post=5523"}],"wp:featuredmedia":[{"embeddable":true,"href":"https:\/\/medicinasinc.com\/sk\/wp-json\/wp\/v2\/media\/5535"}],"wp:attachment":[{"href":"https:\/\/medicinasinc.com\/sk\/wp-json\/wp\/v2\/media?parent=5523"}],"wp:term":[{"taxonomy":"product_brand","embeddable":true,"href":"https:\/\/medicinasinc.com\/sk\/wp-json\/wp\/v2\/product_brand?post=5523"},{"taxonomy":"product_cat","embeddable":true,"href":"https:\/\/medicinasinc.com\/sk\/wp-json\/wp\/v2\/product_cat?post=5523"},{"taxonomy":"product_tag","embeddable":true,"href":"https:\/\/medicinasinc.com\/sk\/wp-json\/wp\/v2\/product_tag?post=5523"}],"curies":[{"name":"wp","href":"https:\/\/api.w.org\/{rel}","templated":true}]}}