{"id":5522,"date":"2022-02-22T01:05:36","date_gmt":"2022-02-22T01:05:36","guid":{"rendered":"https:\/\/medicinasinc.com\/sk\/?post_type=product&#038;p=5522"},"modified":"2022-03-22T00:56:33","modified_gmt":"2022-03-22T00:56:33","slug":"buy-fub-akb48-prasok","status":"publish","type":"product","link":"https:\/\/medicinasinc.com\/sk\/product\/buy-fub-akb48-prasok\/","title":{"rendered":"K\u00fapi\u0165 Fub Akb48 Powder"},"content":{"rendered":"<p>Pure Fub Akb48 Powder to Buy<\/p>\n<p>Ak by ste sa chceli dozvedie\u0165 viac o \u00fa\u010dinkoch FUB-AKB48 (tie\u017e zn\u00e1meho ako AFUBINACA alebo FUB-APINACA) na receptor CB1, toto je syntetick\u00fd kanabinoid pre v\u00e1s.<\/p>\n<p>Pre chemick\u00fd vzorec pou\u017eite tento: C25H26FN3O.<br \/> V nomenklat\u00fare IUPAC: N-[(4-flu\u00f3rfenyl)metyl]-1-adamantan-1-yl<br \/> -1H-indazol<br \/> -3-karboxamid<br \/> Vzh\u013ead:<br \/> \u010cistota:<\/p>\n","protected":false},"excerpt":{"rendered":"<p>Pla\u0165te bitcoinmi za doru\u010denie pr\u00e1\u0161ku FUB-AKB48 do Eur\u00f3py. K\u00fapte si pr\u00e1\u0161ok FUB-AKB48 v Eur\u00f3pe od britsk\u00e9ho poskytovate\u013ea za n\u00edzku cenu. Eur\u00f3psky obchod s pr\u00e1\u0161kom FUB-AKB48, kde m\u00f4\u017eete z\u00edska\u0165 pr\u00e1\u0161ok FUB-AKB48 s 99-percentnou \u010distotou.<\/p>\n<p>Z\u00edskajte 1 oz. Pure Fub Akb48 Powder od n\u00e1s e\u0161te dnes! Falo\u0161n\u00e1 tr\u00e1va je indol, ktor\u00fd sa pou\u017e\u00edva pri v\u00fdrobe liekov a teraz je k dispoz\u00edcii na predaj so syntetickou marihuanou kombinovan\u00fdmi akt\u00edvnymi zlo\u017ekami.<\/p>\n<p>S bitcoinmi m\u00f4\u017eete z\u00edska\u0165 \u010dist\u00fd a vysoko kvalitn\u00fd pr\u00e1\u0161ok FUB-AKB48 online, as ako aj leg\u00e1lne lieky, v\u00fdskumn\u00e9 chemik\u00e1lie a surov\u00e9 lie\u010div\u00e9 pr\u00e1\u0161ky.<\/p>\n","protected":false},"featured_media":5533,"comment_status":"open","ping_status":"closed","template":"","meta":[],"product_brand":[],"product_cat":[2596],"product_tag":[3013,3014,3015,3016,3027,3023,3019,3020,3022,3024,3018,3025,3017,3021,3026,3028],"class_list":{"0":"post-5522","1":"product","2":"type-product","3":"status-publish","4":"has-post-thumbnail","6":"product_cat-kanabinoidy-na-predaj","7":"product_tag-buy-fub-akb48-eu","8":"product_tag-buy-fub-akb48-powder","9":"product_tag-fub-akb48-china-dodvate","10":"product_tag-fub-akb48-efekt","11":"product_tag-fub-akb48-shipping","12":"product_tag-fub-akb48-powder-order","13":"product_tag-fub-akb48-powder-buy","14":"product_tag-fub-akb48-powder-effect","15":"product_tag-fub-akb48-powder-online","16":"product_tag-fub-akb48-powder-renders","17":"product_tag-fub-akb48-prok","18":"product_tag-fub-akb48-renders","19":"product_tag-fub-akb48-na-predaj","20":"product_tag-fub-akb48-prok-na-predaj","21":"product_tag-fub-akb48-recenzia","22":"product_tag-fub-akb48-vekoobchod","24":"first","25":"instock","26":"shipping-taxable","27":"purchasable","28":"product-type-variable","29":"has-default-attributes"},"yoast_head":"<!-- This site is optimized with the Yoast SEO plugin v27.3 - https:\/\/yoast.com\/product\/yoast-seo-wordpress\/ -->\n<title>K\u00fapte si Fub Akb48 pr\u00e1\u0161ok \u2013 Fub Akb48 online \u2013 najlep\u0161ie glob\u00e1lne lieky<\/title>\n<meta name=\"description\" content=\"K\u00fapi\u0165 pr\u00e1\u0161ok FUB-AKB48 na predaj po\u0161tovn\u00e9 do E\u00da, platba bitcoinmi. Lacn\u00fd dod\u00e1vate\u013e pr\u00e1\u0161ku FUB-AKB48 Spojen\u00e9 kr\u00e1\u013eovstvo \u2013 nakupujte v\u00fdskumn\u00e9 chemik\u00e1lie v Eur\u00f3pe. Obchod s pr\u00e1\u0161kom FUB-AKB48 v Eur\u00f3pe\" \/>\n<meta name=\"robots\" content=\"index, follow, max-snippet:-1, max-image-preview:large, max-video-preview:-1\" \/>\n<link rel=\"canonical\" href=\"https:\/\/medicinasinc.com\/sk\/product\/buy-fub-akb48-prasok\/\" \/>\n<meta property=\"og:locale\" content=\"en_US\" \/>\n<meta property=\"og:type\" content=\"article\" \/>\n<meta property=\"og:title\" content=\"K\u00fapte si Fub Akb48 pr\u00e1\u0161ok \u2013 Fub Akb48 online \u2013 najlep\u0161ie glob\u00e1lne lieky\" \/>\n<meta property=\"og:description\" content=\"K\u00fapi\u0165 pr\u00e1\u0161ok FUB-AKB48 na predaj po\u0161tovn\u00e9 do E\u00da, platba bitcoinmi. Lacn\u00fd dod\u00e1vate\u013e pr\u00e1\u0161ku FUB-AKB48 Spojen\u00e9 kr\u00e1\u013eovstvo \u2013 nakupujte v\u00fdskumn\u00e9 chemik\u00e1lie v Eur\u00f3pe. Obchod s pr\u00e1\u0161kom FUB-AKB48 v Eur\u00f3pe\" \/>\n<meta property=\"og:url\" content=\"https:\/\/medicinasinc.com\/sk\/product\/buy-fub-akb48-prasok\/\" \/>\n<meta property=\"og:site_name\" content=\"Medicinas Inc\" \/>\n<meta property=\"article:modified_time\" content=\"2022-03-22T00:56:33+00:00\" \/>\n<meta property=\"og:image\" content=\"https:\/\/medicinasinc.com\/sk\/wp-content\/uploads\/sites\/10\/2022\/02\/Buy-Fub-Akb48-Powder.jpeg\" \/>\n\t<meta property=\"og:image:width\" content=\"800\" \/>\n\t<meta property=\"og:image:height\" content=\"438\" \/>\n\t<meta property=\"og:image:type\" content=\"image\/jpeg\" \/>\n<meta name=\"twitter:card\" content=\"summary_large_image\" \/>\n<meta name=\"twitter:label1\" content=\"Est. reading time\" \/>\n\t<meta name=\"twitter:data1\" content=\"1 minute\" \/>\n<script type=\"application\/ld+json\" class=\"yoast-schema-graph\">{\"@context\":\"https:\\\/\\\/schema.org\",\"@graph\":[{\"@type\":\"WebPage\",\"@id\":\"https:\\\/\\\/medicinasinc.com\\\/sk\\\/product\\\/buy-fub-akb48-prasok\\\/\",\"url\":\"https:\\\/\\\/medicinasinc.com\\\/sk\\\/product\\\/buy-fub-akb48-prasok\\\/\",\"name\":\"K\u00fapte si Fub Akb48 pr\u00e1\u0161ok \u2013 Fub Akb48 online \u2013 najlep\u0161ie glob\u00e1lne lieky\",\"isPartOf\":{\"@id\":\"https:\\\/\\\/medicinasinc.com\\\/sk\\\/#website\"},\"primaryImageOfPage\":{\"@id\":\"https:\\\/\\\/medicinasinc.com\\\/sk\\\/product\\\/buy-fub-akb48-prasok\\\/#primaryimage\"},\"image\":{\"@id\":\"https:\\\/\\\/medicinasinc.com\\\/sk\\\/product\\\/buy-fub-akb48-prasok\\\/#primaryimage\"},\"thumbnailUrl\":\"https:\\\/\\\/medicinasinc.com\\\/sk\\\/wp-content\\\/uploads\\\/sites\\\/10\\\/2022\\\/02\\\/Buy-Fub-Akb48-Powder.jpeg\",\"datePublished\":\"2022-02-22T01:05:36+00:00\",\"dateModified\":\"2022-03-22T00:56:33+00:00\",\"description\":\"K\u00fapi\u0165 pr\u00e1\u0161ok FUB-AKB48 na predaj po\u0161tovn\u00e9 do E\u00da, platba bitcoinmi. Lacn\u00fd dod\u00e1vate\u013e pr\u00e1\u0161ku FUB-AKB48 Spojen\u00e9 kr\u00e1\u013eovstvo \u2013 nakupujte v\u00fdskumn\u00e9 chemik\u00e1lie v Eur\u00f3pe. Obchod s pr\u00e1\u0161kom FUB-AKB48 v Eur\u00f3pe\",\"breadcrumb\":{\"@id\":\"https:\\\/\\\/medicinasinc.com\\\/sk\\\/product\\\/buy-fub-akb48-prasok\\\/#breadcrumb\"},\"inLanguage\":\"en-US\",\"potentialAction\":[{\"@type\":\"ReadAction\",\"target\":[\"https:\\\/\\\/medicinasinc.com\\\/sk\\\/product\\\/buy-fub-akb48-prasok\\\/\"]}]},{\"@type\":\"ImageObject\",\"inLanguage\":\"en-US\",\"@id\":\"https:\\\/\\\/medicinasinc.com\\\/sk\\\/product\\\/buy-fub-akb48-prasok\\\/#primaryimage\",\"url\":\"https:\\\/\\\/medicinasinc.com\\\/sk\\\/wp-content\\\/uploads\\\/sites\\\/10\\\/2022\\\/02\\\/Buy-Fub-Akb48-Powder.jpeg\",\"contentUrl\":\"https:\\\/\\\/medicinasinc.com\\\/sk\\\/wp-content\\\/uploads\\\/sites\\\/10\\\/2022\\\/02\\\/Buy-Fub-Akb48-Powder.jpeg\",\"width\":800,\"height\":438},{\"@type\":\"BreadcrumbList\",\"@id\":\"https:\\\/\\\/medicinasinc.com\\\/sk\\\/product\\\/buy-fub-akb48-prasok\\\/#breadcrumb\",\"itemListElement\":[{\"@type\":\"ListItem\",\"position\":1,\"name\":\"Obchod\",\"item\":\"https:\\\/\\\/medicinasinc.com\\\/sk\\\/obchod\\\/\"},{\"@type\":\"ListItem\",\"position\":2,\"name\":\"K\u00fapi\u0165 Fub Akb48 Powder\"}]},{\"@type\":\"WebSite\",\"@id\":\"https:\\\/\\\/medicinasinc.com\\\/sk\\\/#website\",\"url\":\"https:\\\/\\\/medicinasinc.com\\\/sk\\\/\",\"name\":\"Medicinas Inc\",\"description\":\"Health Medical Clinic\",\"potentialAction\":[{\"@type\":\"SearchAction\",\"target\":{\"@type\":\"EntryPoint\",\"urlTemplate\":\"https:\\\/\\\/medicinasinc.com\\\/sk\\\/?s={search_term_string}\"},\"query-input\":{\"@type\":\"PropertyValueSpecification\",\"valueRequired\":true,\"valueName\":\"search_term_string\"}}],\"inLanguage\":\"en-US\"}]}<\/script>\n<!-- \/ Yoast SEO plugin. -->","yoast_head_json":{"title":"K\u00fapte si Fub Akb48 pr\u00e1\u0161ok \u2013 Fub Akb48 online \u2013 najlep\u0161ie glob\u00e1lne lieky","description":"K\u00fapi\u0165 pr\u00e1\u0161ok FUB-AKB48 na predaj po\u0161tovn\u00e9 do E\u00da, platba bitcoinmi. Lacn\u00fd dod\u00e1vate\u013e pr\u00e1\u0161ku FUB-AKB48 Spojen\u00e9 kr\u00e1\u013eovstvo \u2013 nakupujte v\u00fdskumn\u00e9 chemik\u00e1lie v Eur\u00f3pe. Obchod s pr\u00e1\u0161kom FUB-AKB48 v Eur\u00f3pe","robots":{"index":"index","follow":"follow","max-snippet":"max-snippet:-1","max-image-preview":"max-image-preview:large","max-video-preview":"max-video-preview:-1"},"canonical":"https:\/\/medicinasinc.com\/sk\/product\/buy-fub-akb48-prasok\/","og_locale":"en_US","og_type":"article","og_title":"K\u00fapte si Fub Akb48 pr\u00e1\u0161ok \u2013 Fub Akb48 online \u2013 najlep\u0161ie glob\u00e1lne lieky","og_description":"K\u00fapi\u0165 pr\u00e1\u0161ok FUB-AKB48 na predaj po\u0161tovn\u00e9 do E\u00da, platba bitcoinmi. Lacn\u00fd dod\u00e1vate\u013e pr\u00e1\u0161ku FUB-AKB48 Spojen\u00e9 kr\u00e1\u013eovstvo \u2013 nakupujte v\u00fdskumn\u00e9 chemik\u00e1lie v Eur\u00f3pe. Obchod s pr\u00e1\u0161kom FUB-AKB48 v Eur\u00f3pe","og_url":"https:\/\/medicinasinc.com\/sk\/product\/buy-fub-akb48-prasok\/","og_site_name":"Medicinas Inc","article_modified_time":"2022-03-22T00:56:33+00:00","og_image":[{"width":800,"height":438,"url":"https:\/\/medicinasinc.com\/sk\/wp-content\/uploads\/sites\/10\/2022\/02\/Buy-Fub-Akb48-Powder.jpeg","type":"image\/jpeg"}],"twitter_card":"summary_large_image","twitter_misc":{"Est. reading time":"1 minute"},"schema":{"@context":"https:\/\/schema.org","@graph":[{"@type":"WebPage","@id":"https:\/\/medicinasinc.com\/sk\/product\/buy-fub-akb48-prasok\/","url":"https:\/\/medicinasinc.com\/sk\/product\/buy-fub-akb48-prasok\/","name":"K\u00fapte si Fub Akb48 pr\u00e1\u0161ok \u2013 Fub Akb48 online \u2013 najlep\u0161ie glob\u00e1lne lieky","isPartOf":{"@id":"https:\/\/medicinasinc.com\/sk\/#website"},"primaryImageOfPage":{"@id":"https:\/\/medicinasinc.com\/sk\/product\/buy-fub-akb48-prasok\/#primaryimage"},"image":{"@id":"https:\/\/medicinasinc.com\/sk\/product\/buy-fub-akb48-prasok\/#primaryimage"},"thumbnailUrl":"https:\/\/medicinasinc.com\/sk\/wp-content\/uploads\/sites\/10\/2022\/02\/Buy-Fub-Akb48-Powder.jpeg","datePublished":"2022-02-22T01:05:36+00:00","dateModified":"2022-03-22T00:56:33+00:00","description":"K\u00fapi\u0165 pr\u00e1\u0161ok FUB-AKB48 na predaj po\u0161tovn\u00e9 do E\u00da, platba bitcoinmi. Lacn\u00fd dod\u00e1vate\u013e pr\u00e1\u0161ku FUB-AKB48 Spojen\u00e9 kr\u00e1\u013eovstvo \u2013 nakupujte v\u00fdskumn\u00e9 chemik\u00e1lie v Eur\u00f3pe. Obchod s pr\u00e1\u0161kom FUB-AKB48 v Eur\u00f3pe","breadcrumb":{"@id":"https:\/\/medicinasinc.com\/sk\/product\/buy-fub-akb48-prasok\/#breadcrumb"},"inLanguage":"en-US","potentialAction":[{"@type":"ReadAction","target":["https:\/\/medicinasinc.com\/sk\/product\/buy-fub-akb48-prasok\/"]}]},{"@type":"ImageObject","inLanguage":"en-US","@id":"https:\/\/medicinasinc.com\/sk\/product\/buy-fub-akb48-prasok\/#primaryimage","url":"https:\/\/medicinasinc.com\/sk\/wp-content\/uploads\/sites\/10\/2022\/02\/Buy-Fub-Akb48-Powder.jpeg","contentUrl":"https:\/\/medicinasinc.com\/sk\/wp-content\/uploads\/sites\/10\/2022\/02\/Buy-Fub-Akb48-Powder.jpeg","width":800,"height":438},{"@type":"BreadcrumbList","@id":"https:\/\/medicinasinc.com\/sk\/product\/buy-fub-akb48-prasok\/#breadcrumb","itemListElement":[{"@type":"ListItem","position":1,"name":"Obchod","item":"https:\/\/medicinasinc.com\/sk\/obchod\/"},{"@type":"ListItem","position":2,"name":"K\u00fapi\u0165 Fub Akb48 Powder"}]},{"@type":"WebSite","@id":"https:\/\/medicinasinc.com\/sk\/#website","url":"https:\/\/medicinasinc.com\/sk\/","name":"Medicinas Inc","description":"Health Medical Clinic","potentialAction":[{"@type":"SearchAction","target":{"@type":"EntryPoint","urlTemplate":"https:\/\/medicinasinc.com\/sk\/?s={search_term_string}"},"query-input":{"@type":"PropertyValueSpecification","valueRequired":true,"valueName":"search_term_string"}}],"inLanguage":"en-US"}]}},"_links":{"self":[{"href":"https:\/\/medicinasinc.com\/sk\/wp-json\/wp\/v2\/product\/5522","targetHints":{"allow":["GET"]}}],"collection":[{"href":"https:\/\/medicinasinc.com\/sk\/wp-json\/wp\/v2\/product"}],"about":[{"href":"https:\/\/medicinasinc.com\/sk\/wp-json\/wp\/v2\/types\/product"}],"replies":[{"embeddable":true,"href":"https:\/\/medicinasinc.com\/sk\/wp-json\/wp\/v2\/comments?post=5522"}],"wp:featuredmedia":[{"embeddable":true,"href":"https:\/\/medicinasinc.com\/sk\/wp-json\/wp\/v2\/media\/5533"}],"wp:attachment":[{"href":"https:\/\/medicinasinc.com\/sk\/wp-json\/wp\/v2\/media?parent=5522"}],"wp:term":[{"taxonomy":"product_brand","embeddable":true,"href":"https:\/\/medicinasinc.com\/sk\/wp-json\/wp\/v2\/product_brand?post=5522"},{"taxonomy":"product_cat","embeddable":true,"href":"https:\/\/medicinasinc.com\/sk\/wp-json\/wp\/v2\/product_cat?post=5522"},{"taxonomy":"product_tag","embeddable":true,"href":"https:\/\/medicinasinc.com\/sk\/wp-json\/wp\/v2\/product_tag?post=5522"}],"curies":[{"name":"wp","href":"https:\/\/api.w.org\/{rel}","templated":true}]}}