{"id":5521,"date":"2022-02-22T01:04:16","date_gmt":"2022-02-22T01:04:16","guid":{"rendered":"https:\/\/medicinasinc.com\/sk\/?post_type=product&#038;p=5521"},"modified":"2022-03-22T00:56:45","modified_gmt":"2022-03-22T00:56:45","slug":"kupit-flubromazepam-4mg-pelety","status":"publish","type":"product","link":"https:\/\/medicinasinc.com\/sk\/product\/kupit-flubromazepam-4mg-pelety\/","title":{"rendered":"K\u00fapi\u0165 Flubromazepam 4 mg pelety"},"content":{"rendered":"<p>CENOVO DOD\u00c1VAN\u00c9 PELETY FLUBROMAZEPAM 4 MG DOD\u00c1VAN\u00c9 DO E\u00da<\/p>\n<p>Pletety Flubromazepam 4 mg je mo\u017en\u00e9 zak\u00fapi\u0165 v Eur\u00f3pe na tomto mieste.<\/p>\n<p>Na platbu za pelety Flubromazepam 4 mg m\u00f4\u017eete pou\u017ei\u0165 bitcoiny. <\/p>\n<p>Benzodiazep\u00ednov\u00fd deriv\u00e1t Flubromazepam je prv\u00fd svojho druhu. 7-Br\u00f3m-5-(2-flu\u00f3rfenyl)-1,3-dihydro-1,4-benzodiazep\u00edn-2-\u00f3n je \u00fapln\u00fd chemick\u00fd n\u00e1zov. Tento liek je \u0161truktur\u00e1lne podobn\u00fd bromazepamu, sedat\u00edvu, proti \u00fazkosti a sp\u00e1nku, ktor\u00fd je zn\u00e1my aj ako benzodiazep\u00edn.<\/p>\n<p>Vzh\u013ead pripom\u00ednaj\u00faci oran\u017eov\u00e9 pelety nazna\u010duje pr\u00edtomnos\u0165 7-br\u00f3m-5-(2) -flu\u00f3rfenyl)-1,3-dihydro-1,4-benzodiazep\u00edn-2-\u00f3n.<\/p>\n<p>Flubromazepam 4 mg pelety je mo\u017en\u00e9 zak\u00fapi\u0165 online pomocou bitcoinovej adresy.<\/p>\n<p>4 mg pelety flubromazepamu pre Predaj<\/p>\n<p>&nbsp;<\/p>\n<p>Flubromazepam 4 mg pelety je mo\u017en\u00e9 zak\u00fapi\u0165 cez internet.<br \/> Na \u010do sa Flubromazepam pou\u017e\u00edva?<\/p>\n<p>Bezodiazep\u00ednov\u00fd deriv\u00e1t, flubromazepam existuje od roku 1960, kedy bol prv\u00fdkr\u00e1t vyroben\u00fd. A\u017e do roku 2012, kedy sa za\u010dal propagova\u0165 ako vy\u0161etrovac\u00ed materi\u00e1l, nikdy nebol propagovan\u00fd ako liek a mnoh\u00ed na\u0148 zabudli a\u017e do roku 2012. Flubromazepam m\u00e1 prakticky rovnak\u00fd vzorec ako fenazepam, \u010fal\u0161\u00ed benzodiazep\u00edn, ktor\u00fd spopularizovali farmaceutick\u00e9 spolo\u010dnosti. vo viacer\u00fdch krajin\u00e1ch.<\/p>\n","protected":false},"excerpt":{"rendered":"<div class=\"woocommerce-product-details__short-description\">\n<p>K\u00fapte si pelety Flubromazepam 4mg na predaj do E\u00da, Spojen\u00e9ho kr\u00e1\u013eovstva, Eur\u00f3py, platba bitcoinmi. Lacn\u00fd Flubromazepam 4mg Pellets dod\u00e1vate\u013e &#8211; nakupujte v\u00fdskumn\u00e9 chemik\u00e1lie v Eur\u00f3pe.<\/p>\n<p><em>K\u00fapte si Flubromazepam<\/em>\u00a0(<em>4 mg<\/em>)\u00a0<em>Pelety<\/em>\u00a0za najlep\u0161iu cenu. Garantujeme bezpe\u010dn\u00fa a zabezpe\u010den\u00fa prepravu do cel\u00e9ho sveta.<\/p>\n<p>Nakupujte pelety Flubromazepam 4 mg online. Flubromazepam je v predaji vo forme 4 mg peliet, sfarben\u00fdch do jasne \u017eltej farby, s mierne odli\u0161n\u00fdm odtie\u0148om \u017eltej od aktu\u00e1lnej \u0161ar\u017ee Pyrazolamu, ktor\u00e1 je moment\u00e1lne dostupn\u00e1 v USA.<\/p>\n<\/p><\/div>\n","protected":false},"featured_media":5531,"comment_status":"open","ping_status":"closed","template":"","meta":[],"product_brand":[],"product_cat":[2014],"product_tag":[3000,3001,3002,3005,3006,3008,3007,3004,3012,2998,2999,3010,3009,3003,3011],"class_list":{"0":"post-5521","1":"product","2":"type-product","3":"status-publish","4":"has-post-thumbnail","6":"product_cat-k-c3-bapi-c5-a5-v-c3-bdskumn-c3-a9-chemik-c3-a1lie","7":"product_tag-flubromazepam","8":"product_tag-flubromazepam-4-mg","9":"product_tag-flubromazepam-4mg","10":"product_tag-flubromazepam-europe-buy","11":"product_tag-flubromazepam-google","12":"product_tag-flubromazepam-reddit","13":"product_tag-flubromazepam-pelety","14":"product_tag-flubromazepamov-c3-bd-c3-ba-c4-8dinok","15":"product_tag-kde-kpi-kpi-flubromazepam-pelety","16":"product_tag-kpi-flubromazepam","17":"product_tag-kpi-flubromazepam-pelety","18":"product_tag-kvalitn-flubromazepam-4-mg","19":"product_tag-poriadku-flubromazepam","20":"product_tag-flubromazepam-4-mg-na-predaj","21":"product_tag-prepravn-flubromazepam-4mg-paleta","23":"first","24":"instock","25":"shipping-taxable","26":"purchasable","27":"product-type-variable","28":"has-default-attributes"},"yoast_head":"<!-- This site is optimized with the Yoast SEO plugin v27.3 - https:\/\/yoast.com\/product\/yoast-seo-wordpress\/ -->\n<title>K\u00fapte si pelety Flubromazepam 4 mg \u2013 najlep\u0161ie najlep\u0161ie glob\u00e1lne lieky<\/title>\n<meta name=\"description\" content=\"K\u00fapi\u0165 Flubromazepam 4mg pelety na predaj EU, UK, Europe shipping, bitcoin platba. Lacn\u00fd dod\u00e1vate\u013e peliet Flubromazepam 4 mg \u2013 nakupujte v\u00fdskumn\u00e9 chemik\u00e1lie v Eur\u00f3pe.\" \/>\n<meta name=\"robots\" content=\"index, follow, max-snippet:-1, max-image-preview:large, max-video-preview:-1\" \/>\n<link rel=\"canonical\" href=\"https:\/\/medicinasinc.com\/sk\/product\/kupit-flubromazepam-4mg-pelety\/\" \/>\n<meta property=\"og:locale\" content=\"en_US\" \/>\n<meta property=\"og:type\" content=\"article\" \/>\n<meta property=\"og:title\" content=\"K\u00fapte si pelety Flubromazepam 4 mg \u2013 najlep\u0161ie najlep\u0161ie glob\u00e1lne lieky\" \/>\n<meta property=\"og:description\" content=\"K\u00fapi\u0165 Flubromazepam 4mg pelety na predaj EU, UK, Europe shipping, bitcoin platba. Lacn\u00fd dod\u00e1vate\u013e peliet Flubromazepam 4 mg \u2013 nakupujte v\u00fdskumn\u00e9 chemik\u00e1lie v Eur\u00f3pe.\" \/>\n<meta property=\"og:url\" content=\"https:\/\/medicinasinc.com\/sk\/product\/kupit-flubromazepam-4mg-pelety\/\" \/>\n<meta property=\"og:site_name\" content=\"Medicinas Inc\" \/>\n<meta property=\"article:modified_time\" content=\"2022-03-22T00:56:45+00:00\" \/>\n<meta property=\"og:image\" content=\"https:\/\/medicinasinc.com\/sk\/wp-content\/uploads\/sites\/10\/2022\/02\/Buy-Flubromazepam-4mg-Pellets-1.jpg\" \/>\n\t<meta property=\"og:image:width\" content=\"350\" \/>\n\t<meta property=\"og:image:height\" content=\"350\" \/>\n\t<meta property=\"og:image:type\" content=\"image\/jpeg\" \/>\n<meta name=\"twitter:card\" content=\"summary_large_image\" \/>\n<meta name=\"twitter:label1\" content=\"Est. reading time\" \/>\n\t<meta name=\"twitter:data1\" content=\"1 minute\" \/>\n<script type=\"application\/ld+json\" class=\"yoast-schema-graph\">{\"@context\":\"https:\\\/\\\/schema.org\",\"@graph\":[{\"@type\":\"WebPage\",\"@id\":\"https:\\\/\\\/medicinasinc.com\\\/sk\\\/product\\\/kupit-flubromazepam-4mg-pelety\\\/\",\"url\":\"https:\\\/\\\/medicinasinc.com\\\/sk\\\/product\\\/kupit-flubromazepam-4mg-pelety\\\/\",\"name\":\"K\u00fapte si pelety Flubromazepam 4 mg \u2013 najlep\u0161ie najlep\u0161ie glob\u00e1lne lieky\",\"isPartOf\":{\"@id\":\"https:\\\/\\\/medicinasinc.com\\\/sk\\\/#website\"},\"primaryImageOfPage\":{\"@id\":\"https:\\\/\\\/medicinasinc.com\\\/sk\\\/product\\\/kupit-flubromazepam-4mg-pelety\\\/#primaryimage\"},\"image\":{\"@id\":\"https:\\\/\\\/medicinasinc.com\\\/sk\\\/product\\\/kupit-flubromazepam-4mg-pelety\\\/#primaryimage\"},\"thumbnailUrl\":\"https:\\\/\\\/medicinasinc.com\\\/sk\\\/wp-content\\\/uploads\\\/sites\\\/10\\\/2022\\\/02\\\/Buy-Flubromazepam-4mg-Pellets-1.jpg\",\"datePublished\":\"2022-02-22T01:04:16+00:00\",\"dateModified\":\"2022-03-22T00:56:45+00:00\",\"description\":\"K\u00fapi\u0165 Flubromazepam 4mg pelety na predaj EU, UK, Europe shipping, bitcoin platba. Lacn\u00fd dod\u00e1vate\u013e peliet Flubromazepam 4 mg \u2013 nakupujte v\u00fdskumn\u00e9 chemik\u00e1lie v Eur\u00f3pe.\",\"breadcrumb\":{\"@id\":\"https:\\\/\\\/medicinasinc.com\\\/sk\\\/product\\\/kupit-flubromazepam-4mg-pelety\\\/#breadcrumb\"},\"inLanguage\":\"en-US\",\"potentialAction\":[{\"@type\":\"ReadAction\",\"target\":[\"https:\\\/\\\/medicinasinc.com\\\/sk\\\/product\\\/kupit-flubromazepam-4mg-pelety\\\/\"]}]},{\"@type\":\"ImageObject\",\"inLanguage\":\"en-US\",\"@id\":\"https:\\\/\\\/medicinasinc.com\\\/sk\\\/product\\\/kupit-flubromazepam-4mg-pelety\\\/#primaryimage\",\"url\":\"https:\\\/\\\/medicinasinc.com\\\/sk\\\/wp-content\\\/uploads\\\/sites\\\/10\\\/2022\\\/02\\\/Buy-Flubromazepam-4mg-Pellets-1.jpg\",\"contentUrl\":\"https:\\\/\\\/medicinasinc.com\\\/sk\\\/wp-content\\\/uploads\\\/sites\\\/10\\\/2022\\\/02\\\/Buy-Flubromazepam-4mg-Pellets-1.jpg\",\"width\":350,\"height\":350},{\"@type\":\"BreadcrumbList\",\"@id\":\"https:\\\/\\\/medicinasinc.com\\\/sk\\\/product\\\/kupit-flubromazepam-4mg-pelety\\\/#breadcrumb\",\"itemListElement\":[{\"@type\":\"ListItem\",\"position\":1,\"name\":\"Obchod\",\"item\":\"https:\\\/\\\/medicinasinc.com\\\/sk\\\/obchod\\\/\"},{\"@type\":\"ListItem\",\"position\":2,\"name\":\"K\u00fapi\u0165 Flubromazepam 4 mg pelety\"}]},{\"@type\":\"WebSite\",\"@id\":\"https:\\\/\\\/medicinasinc.com\\\/sk\\\/#website\",\"url\":\"https:\\\/\\\/medicinasinc.com\\\/sk\\\/\",\"name\":\"Medicinas Inc\",\"description\":\"Health Medical Clinic\",\"potentialAction\":[{\"@type\":\"SearchAction\",\"target\":{\"@type\":\"EntryPoint\",\"urlTemplate\":\"https:\\\/\\\/medicinasinc.com\\\/sk\\\/?s={search_term_string}\"},\"query-input\":{\"@type\":\"PropertyValueSpecification\",\"valueRequired\":true,\"valueName\":\"search_term_string\"}}],\"inLanguage\":\"en-US\"}]}<\/script>\n<!-- \/ Yoast SEO plugin. -->","yoast_head_json":{"title":"K\u00fapte si pelety Flubromazepam 4 mg \u2013 najlep\u0161ie najlep\u0161ie glob\u00e1lne lieky","description":"K\u00fapi\u0165 Flubromazepam 4mg pelety na predaj EU, UK, Europe shipping, bitcoin platba. Lacn\u00fd dod\u00e1vate\u013e peliet Flubromazepam 4 mg \u2013 nakupujte v\u00fdskumn\u00e9 chemik\u00e1lie v Eur\u00f3pe.","robots":{"index":"index","follow":"follow","max-snippet":"max-snippet:-1","max-image-preview":"max-image-preview:large","max-video-preview":"max-video-preview:-1"},"canonical":"https:\/\/medicinasinc.com\/sk\/product\/kupit-flubromazepam-4mg-pelety\/","og_locale":"en_US","og_type":"article","og_title":"K\u00fapte si pelety Flubromazepam 4 mg \u2013 najlep\u0161ie najlep\u0161ie glob\u00e1lne lieky","og_description":"K\u00fapi\u0165 Flubromazepam 4mg pelety na predaj EU, UK, Europe shipping, bitcoin platba. Lacn\u00fd dod\u00e1vate\u013e peliet Flubromazepam 4 mg \u2013 nakupujte v\u00fdskumn\u00e9 chemik\u00e1lie v Eur\u00f3pe.","og_url":"https:\/\/medicinasinc.com\/sk\/product\/kupit-flubromazepam-4mg-pelety\/","og_site_name":"Medicinas Inc","article_modified_time":"2022-03-22T00:56:45+00:00","og_image":[{"width":350,"height":350,"url":"https:\/\/medicinasinc.com\/sk\/wp-content\/uploads\/sites\/10\/2022\/02\/Buy-Flubromazepam-4mg-Pellets-1.jpg","type":"image\/jpeg"}],"twitter_card":"summary_large_image","twitter_misc":{"Est. reading time":"1 minute"},"schema":{"@context":"https:\/\/schema.org","@graph":[{"@type":"WebPage","@id":"https:\/\/medicinasinc.com\/sk\/product\/kupit-flubromazepam-4mg-pelety\/","url":"https:\/\/medicinasinc.com\/sk\/product\/kupit-flubromazepam-4mg-pelety\/","name":"K\u00fapte si pelety Flubromazepam 4 mg \u2013 najlep\u0161ie najlep\u0161ie glob\u00e1lne lieky","isPartOf":{"@id":"https:\/\/medicinasinc.com\/sk\/#website"},"primaryImageOfPage":{"@id":"https:\/\/medicinasinc.com\/sk\/product\/kupit-flubromazepam-4mg-pelety\/#primaryimage"},"image":{"@id":"https:\/\/medicinasinc.com\/sk\/product\/kupit-flubromazepam-4mg-pelety\/#primaryimage"},"thumbnailUrl":"https:\/\/medicinasinc.com\/sk\/wp-content\/uploads\/sites\/10\/2022\/02\/Buy-Flubromazepam-4mg-Pellets-1.jpg","datePublished":"2022-02-22T01:04:16+00:00","dateModified":"2022-03-22T00:56:45+00:00","description":"K\u00fapi\u0165 Flubromazepam 4mg pelety na predaj EU, UK, Europe shipping, bitcoin platba. Lacn\u00fd dod\u00e1vate\u013e peliet Flubromazepam 4 mg \u2013 nakupujte v\u00fdskumn\u00e9 chemik\u00e1lie v Eur\u00f3pe.","breadcrumb":{"@id":"https:\/\/medicinasinc.com\/sk\/product\/kupit-flubromazepam-4mg-pelety\/#breadcrumb"},"inLanguage":"en-US","potentialAction":[{"@type":"ReadAction","target":["https:\/\/medicinasinc.com\/sk\/product\/kupit-flubromazepam-4mg-pelety\/"]}]},{"@type":"ImageObject","inLanguage":"en-US","@id":"https:\/\/medicinasinc.com\/sk\/product\/kupit-flubromazepam-4mg-pelety\/#primaryimage","url":"https:\/\/medicinasinc.com\/sk\/wp-content\/uploads\/sites\/10\/2022\/02\/Buy-Flubromazepam-4mg-Pellets-1.jpg","contentUrl":"https:\/\/medicinasinc.com\/sk\/wp-content\/uploads\/sites\/10\/2022\/02\/Buy-Flubromazepam-4mg-Pellets-1.jpg","width":350,"height":350},{"@type":"BreadcrumbList","@id":"https:\/\/medicinasinc.com\/sk\/product\/kupit-flubromazepam-4mg-pelety\/#breadcrumb","itemListElement":[{"@type":"ListItem","position":1,"name":"Obchod","item":"https:\/\/medicinasinc.com\/sk\/obchod\/"},{"@type":"ListItem","position":2,"name":"K\u00fapi\u0165 Flubromazepam 4 mg pelety"}]},{"@type":"WebSite","@id":"https:\/\/medicinasinc.com\/sk\/#website","url":"https:\/\/medicinasinc.com\/sk\/","name":"Medicinas Inc","description":"Health Medical Clinic","potentialAction":[{"@type":"SearchAction","target":{"@type":"EntryPoint","urlTemplate":"https:\/\/medicinasinc.com\/sk\/?s={search_term_string}"},"query-input":{"@type":"PropertyValueSpecification","valueRequired":true,"valueName":"search_term_string"}}],"inLanguage":"en-US"}]}},"_links":{"self":[{"href":"https:\/\/medicinasinc.com\/sk\/wp-json\/wp\/v2\/product\/5521","targetHints":{"allow":["GET"]}}],"collection":[{"href":"https:\/\/medicinasinc.com\/sk\/wp-json\/wp\/v2\/product"}],"about":[{"href":"https:\/\/medicinasinc.com\/sk\/wp-json\/wp\/v2\/types\/product"}],"replies":[{"embeddable":true,"href":"https:\/\/medicinasinc.com\/sk\/wp-json\/wp\/v2\/comments?post=5521"}],"wp:featuredmedia":[{"embeddable":true,"href":"https:\/\/medicinasinc.com\/sk\/wp-json\/wp\/v2\/media\/5531"}],"wp:attachment":[{"href":"https:\/\/medicinasinc.com\/sk\/wp-json\/wp\/v2\/media?parent=5521"}],"wp:term":[{"taxonomy":"product_brand","embeddable":true,"href":"https:\/\/medicinasinc.com\/sk\/wp-json\/wp\/v2\/product_brand?post=5521"},{"taxonomy":"product_cat","embeddable":true,"href":"https:\/\/medicinasinc.com\/sk\/wp-json\/wp\/v2\/product_cat?post=5521"},{"taxonomy":"product_tag","embeddable":true,"href":"https:\/\/medicinasinc.com\/sk\/wp-json\/wp\/v2\/product_tag?post=5521"}],"curies":[{"name":"wp","href":"https:\/\/api.w.org\/{rel}","templated":true}]}}