{"id":5520,"date":"2022-02-22T01:02:44","date_gmt":"2022-02-22T01:02:44","guid":{"rendered":"https:\/\/medicinasinc.com\/sk\/?post_type=product&#038;p=5520"},"modified":"2022-03-22T00:56:54","modified_gmt":"2022-03-22T00:56:54","slug":"kupit-fentanyl-tablety","status":"publish","type":"product","link":"https:\/\/medicinasinc.com\/sk\/product\/kupit-fentanyl-tablety\/","title":{"rendered":"K\u00fapte si Fentanyl tablety"},"content":{"rendered":"<p>Fentanyl Pills, tie\u017e zn\u00e1my ako fentanil, je vysoko siln\u00fd syntetick\u00fd opioidn\u00fd liek proti bolesti s kr\u00e1tkym trvan\u00edm \u00fa\u010dinku a r\u00fdchlym n\u00e1stupom. Opioidn\u00e9 receptory s\u00fa t\u00fdmto liekom silne stimulovan\u00e9. \u00da\u010dinnos\u0165 fentanylu je \u00fadajne 50-100-kr\u00e1t v\u00e4\u010d\u0161ia ako \u00fa\u010dinnos\u0165 morf\u00ednu.<\/p>\n<p>Fentanylov\u00e9 pilulky Paula Janssena, ktor\u00e9 vznikli v roku 1960, zaznamenali okam\u017eit\u00fd \u00faspech a nasledovali kroky petid\u00ednu od Demerolu. Fentanyl bol vytvoren\u00fd testovan\u00edm anal\u00f3gov opioidnej \u00fa\u010dinnej l\u00e1tky petid\u00edn, ktor\u00e1 je \u0161truktur\u00e1lne spojen\u00e1 s fentanylom.<\/p>\n<p>Fentonic citr\u00e1t (fentanylcitr\u00e1t, \u010do je so\u013e vytvoren\u00e1 zmie\u0161an\u00edm fentanylu a kyseliny citr\u00f3novej s 1:1 ratio) sa dostal na medic\u00ednsky trh za\u010diatkom 60. rokov pod obchodn\u00fdm n\u00e1zvom Sublimaze kv\u00f4li svojmu \u0161irok\u00e9mu pou\u017eitiu. Sufentanil, alfentanil, remifentanil a lofentanil s\u00fa len niektor\u00e9 z mnoh\u00fdch anal\u00f3gov fentanylu, ktor\u00e9 boli odvtedy vytvoren\u00e9 a uveden\u00e9 do klinick\u00e9ho pou\u017e\u00edvania.<\/p>\n<p>Tabletky obsahuj\u00face fentanyl Paliat\u00edvna lie\u010dba fentanylu sa za\u010dala v polovici 90. rokov 20. storo\u010dia v\u00fdvoj fentanylovej n\u00e1plasti, po ktorej r\u00fdchlo nasledovali fentanylov\u00e9 pastilky, rozp\u00fa\u0161\u0165acie tablety a sublingv\u00e1lny sprej, ktor\u00e9 sa v\u0161etky absorbuj\u00fa cez povrch \u00fast. Fentanyl bol v roku 2012 naj\u010dastej\u0161ie predpisovan\u00fd syntetick\u00fd opioid v Spojen\u00fdch \u0161t\u00e1toch americk\u00fdch. Odhaduje sa, \u017ee celosvetovo sa v roku 2013 spotrebovalo 1 700 kg plastu.<\/p>\n<p>Rekrea\u010dn\u00e9 u\u017e\u00edvanie fentanylu m\u00e1 za n\u00e1sledok tis\u00edce \u00famrt\u00ed na pred\u00e1vkovanie rok. Nevhodn\u00e9 lek\u00e1rske pou\u017eitie viedlo aj k smrte\u013en\u00fdm \u00farazom. Pre svoj vysok\u00fd terapeutick\u00fd index (270) je fentanyl ve\u013emi bezpe\u010dn\u00fdm chirurgick\u00fdm anestetikom, ke\u010f sa pod\u00e1va pod pr\u00edsnym doh\u013eadom; ale kv\u00f4li jeho obrovskej sile s\u00fa potrebn\u00e9 presn\u00e9 merania extr\u00e9mne zrieden\u00e9ho roztoku.<\/p>\n<p>\u00fa\u010dinn\u00fa d\u00e1vku a smrte\u013en\u00fa d\u00e1vku pr\u00e1\u0161kov\u00e9ho fentanylu by bolo \u0165a\u017ek\u00e9 alebo nemo\u017en\u00e9 rozl\u00ed\u0161i\u0165 vo\u013en\u00fdm okom, ak by boli umiestnen\u00e9 ved\u013ea navz\u00e1jom; preto je nepraktick\u00e9 presne kvantifikova\u0165 d\u00e1vku \u010dist\u00e9ho pr\u00e1\u0161ku fentanylu bez modern\u00e9ho vedeck\u00e9ho vybavenia.<\/p>\n<p>Fentanylov\u00e9 pilulky, pr\u00e1\u0161ok, n\u00e1plasti a tekutiny si objednajte online hne\u010f teraz!<\/p>\n<div class=\"product -next-previous\">\n<div class=\"product-prev\"><\/div><\/div>\n","protected":false},"excerpt":{"rendered":"<p>N\u00e1\u0161 online obchod pred\u00e1va tablety Fentanyl na predaj v Spojenom kr\u00e1\u013eovstve, E\u00da a Eur\u00f3pe s r\u00fdchlou celosvetovou dopravou! Tu n\u00e1jdete najlep\u0161\u00ed Fentanyl na online n\u00e1kup!<\/p>\n<p>K\u00fapte si tabletky Fentanylu online vo Ve\u013ekej Brit\u00e1nii, Eur\u00f3pe a vo zvy\u0161ku sveta s r\u00fdchlym medzin\u00e1rodn\u00fdm doru\u010den\u00edm z na\u0161ej online lek\u00e1rne e\u0161te dnes! Tu n\u00e1jdete najlep\u0161\u00ed Fentanyl na online n\u00e1kup! Informujte sa, kde z\u00edska\u0165 tablety fentanylu.<\/p>\n<p>Tabletky obsahuj\u00face fentanyl Fentanylov\u00e1 n\u00e1plas\u0165 bola prv\u00fdkr\u00e1t pon\u00fakan\u00e1 na paliat\u00edvne pou\u017eitie v polovici 90. rokov a fentanylov\u00e1 l\u00edzanka, rozp\u00fa\u0161\u0165acie pilulky a sublingv\u00e1lny sprej boli uveden\u00e9 na trh v nasleduj\u00facom texte desa\u0165ro\u010d\u00ed prostredn\u00edctvom absorpcie cez ko\u017eu v \u00fastach.<\/p>\n","protected":false},"featured_media":5529,"comment_status":"open","ping_status":"closed","template":"","meta":[],"product_brand":[],"product_cat":[2014],"product_tag":[2988,2973,2974,2843,2979,2987,2989,2995,2982,2980,2981,2850,2984,2986,2997,2975,2976,2977,2993,2841,2996,2978,2990,2991,2992,2983,2985,2994],"class_list":{"0":"post-5520","1":"product","2":"type-product","3":"status-publish","4":"has-post-thumbnail","6":"product_cat-k-c3-bapi-c5-a5-v-c3-bdskumn-c3-a9-chemik-c3-a1lie","7":"product_tag-ako-kpi-fentanyl-tekut-online","8":"product_tag-buy-fentanyl-citrate-online","9":"product_tag-buy-fentanyl-liquid-online","10":"product_tag-buy-fentanyl-powder-online","11":"product_tag-carfentanil-for-sale","12":"product_tag-fentanyl-prok-cena","13":"product_tag-opitov-vskumn-chemiklie-na-predaj","14":"product_tag-ist-fentanyl","15":"product_tag-fentanyl-for-sale-online","16":"product_tag-fentanyl-kpi-online","17":"product_tag-fentanyl-na-predaj","18":"product_tag-fentanyl-powder-for-sale","19":"product_tag-fentanyl-nplas-online-lekre","20":"product_tag-fentanyl-pilulky-na-predaj","21":"product_tag-kde-na-kpi-fentanyl-tekut-online","22":"product_tag-kpi-fentanyl-bez-predpisu","23":"product_tag-kpi-fentanyl-online-uk","24":"product_tag-kpi-fentanyl-prok","25":"product_tag-kpi-fentanyl-liquid-online","26":"product_tag-kpi-fentanyl-online","27":"product_tag-najlepie-miesto-na-kpi-fentanyl-tekut-online","28":"product_tag-nkup-fentanylu-online","29":"product_tag-objedna-fentanyl-liquid-online","30":"product_tag-objedna-fentanyl-online","31":"product_tag-objedna-fentanyl-nplasti-online","32":"product_tag-fentanyl-kvapalina-na-predaj","33":"product_tag-fentanyl-nplasti-na-predaj","34":"product_tag-purchase-fentanyl-online","36":"first","37":"instock","38":"shipping-taxable","39":"purchasable","40":"product-type-variable","41":"has-default-attributes"},"yoast_head":"<!-- This site is optimized with the Yoast SEO plugin v27.3 - https:\/\/yoast.com\/product\/yoast-seo-wordpress\/ -->\n<title>K\u00fapi\u0165 Fentanyl Tablets - Fentanyl pilulky - Najlep\u0161ie glob\u00e1lne lieky<\/title>\n<meta name=\"description\" content=\"K\u00fapte si tablety Fentanylu na predaj v Spojenom kr\u00e1\u013eovstve, Eur\u00f3pe v Eur\u00f3pe v na\u0161om online obchode s r\u00fdchlym dodan\u00edm do cel\u00e9ho sveta! Najlep\u0161\u00ed Fentanyl na objedn\u00e1vku n\u00e1jdete tu!\" \/>\n<meta name=\"robots\" content=\"index, follow, max-snippet:-1, max-image-preview:large, max-video-preview:-1\" \/>\n<link rel=\"canonical\" href=\"https:\/\/medicinasinc.com\/sk\/product\/kupit-fentanyl-tablety\/\" \/>\n<meta property=\"og:locale\" content=\"en_US\" \/>\n<meta property=\"og:type\" content=\"article\" \/>\n<meta property=\"og:title\" content=\"K\u00fapi\u0165 Fentanyl Tablets - Fentanyl pilulky - Najlep\u0161ie glob\u00e1lne lieky\" \/>\n<meta property=\"og:description\" content=\"K\u00fapte si tablety Fentanylu na predaj v Spojenom kr\u00e1\u013eovstve, Eur\u00f3pe v Eur\u00f3pe v na\u0161om online obchode s r\u00fdchlym dodan\u00edm do cel\u00e9ho sveta! Najlep\u0161\u00ed Fentanyl na objedn\u00e1vku n\u00e1jdete tu!\" \/>\n<meta property=\"og:url\" content=\"https:\/\/medicinasinc.com\/sk\/product\/kupit-fentanyl-tablety\/\" \/>\n<meta property=\"og:site_name\" content=\"Medicinas Inc\" \/>\n<meta property=\"article:modified_time\" content=\"2022-03-22T00:56:54+00:00\" \/>\n<meta property=\"og:image\" content=\"https:\/\/medicinasinc.com\/sk\/wp-content\/uploads\/sites\/10\/2022\/02\/Buy-Fentanyl-Tablets.jpg\" \/>\n\t<meta property=\"og:image:width\" content=\"600\" \/>\n\t<meta property=\"og:image:height\" content=\"600\" \/>\n\t<meta property=\"og:image:type\" content=\"image\/jpeg\" \/>\n<meta name=\"twitter:card\" content=\"summary_large_image\" \/>\n<meta name=\"twitter:label1\" content=\"Est. reading time\" \/>\n\t<meta name=\"twitter:data1\" content=\"2 minutes\" \/>\n<script type=\"application\/ld+json\" class=\"yoast-schema-graph\">{\"@context\":\"https:\\\/\\\/schema.org\",\"@graph\":[{\"@type\":\"WebPage\",\"@id\":\"https:\\\/\\\/medicinasinc.com\\\/sk\\\/product\\\/kupit-fentanyl-tablety\\\/\",\"url\":\"https:\\\/\\\/medicinasinc.com\\\/sk\\\/product\\\/kupit-fentanyl-tablety\\\/\",\"name\":\"K\u00fapi\u0165 Fentanyl Tablets - Fentanyl pilulky - Najlep\u0161ie glob\u00e1lne lieky\",\"isPartOf\":{\"@id\":\"https:\\\/\\\/medicinasinc.com\\\/sk\\\/#website\"},\"primaryImageOfPage\":{\"@id\":\"https:\\\/\\\/medicinasinc.com\\\/sk\\\/product\\\/kupit-fentanyl-tablety\\\/#primaryimage\"},\"image\":{\"@id\":\"https:\\\/\\\/medicinasinc.com\\\/sk\\\/product\\\/kupit-fentanyl-tablety\\\/#primaryimage\"},\"thumbnailUrl\":\"https:\\\/\\\/medicinasinc.com\\\/sk\\\/wp-content\\\/uploads\\\/sites\\\/10\\\/2022\\\/02\\\/Buy-Fentanyl-Tablets.jpg\",\"datePublished\":\"2022-02-22T01:02:44+00:00\",\"dateModified\":\"2022-03-22T00:56:54+00:00\",\"description\":\"K\u00fapte si tablety Fentanylu na predaj v Spojenom kr\u00e1\u013eovstve, Eur\u00f3pe v Eur\u00f3pe v na\u0161om online obchode s r\u00fdchlym dodan\u00edm do cel\u00e9ho sveta! Najlep\u0161\u00ed Fentanyl na objedn\u00e1vku n\u00e1jdete tu!\",\"breadcrumb\":{\"@id\":\"https:\\\/\\\/medicinasinc.com\\\/sk\\\/product\\\/kupit-fentanyl-tablety\\\/#breadcrumb\"},\"inLanguage\":\"en-US\",\"potentialAction\":[{\"@type\":\"ReadAction\",\"target\":[\"https:\\\/\\\/medicinasinc.com\\\/sk\\\/product\\\/kupit-fentanyl-tablety\\\/\"]}]},{\"@type\":\"ImageObject\",\"inLanguage\":\"en-US\",\"@id\":\"https:\\\/\\\/medicinasinc.com\\\/sk\\\/product\\\/kupit-fentanyl-tablety\\\/#primaryimage\",\"url\":\"https:\\\/\\\/medicinasinc.com\\\/sk\\\/wp-content\\\/uploads\\\/sites\\\/10\\\/2022\\\/02\\\/Buy-Fentanyl-Tablets.jpg\",\"contentUrl\":\"https:\\\/\\\/medicinasinc.com\\\/sk\\\/wp-content\\\/uploads\\\/sites\\\/10\\\/2022\\\/02\\\/Buy-Fentanyl-Tablets.jpg\",\"width\":600,\"height\":600},{\"@type\":\"BreadcrumbList\",\"@id\":\"https:\\\/\\\/medicinasinc.com\\\/sk\\\/product\\\/kupit-fentanyl-tablety\\\/#breadcrumb\",\"itemListElement\":[{\"@type\":\"ListItem\",\"position\":1,\"name\":\"Obchod\",\"item\":\"https:\\\/\\\/medicinasinc.com\\\/sk\\\/obchod\\\/\"},{\"@type\":\"ListItem\",\"position\":2,\"name\":\"K\u00fapte si Fentanyl tablety\"}]},{\"@type\":\"WebSite\",\"@id\":\"https:\\\/\\\/medicinasinc.com\\\/sk\\\/#website\",\"url\":\"https:\\\/\\\/medicinasinc.com\\\/sk\\\/\",\"name\":\"Medicinas Inc\",\"description\":\"Health Medical Clinic\",\"potentialAction\":[{\"@type\":\"SearchAction\",\"target\":{\"@type\":\"EntryPoint\",\"urlTemplate\":\"https:\\\/\\\/medicinasinc.com\\\/sk\\\/?s={search_term_string}\"},\"query-input\":{\"@type\":\"PropertyValueSpecification\",\"valueRequired\":true,\"valueName\":\"search_term_string\"}}],\"inLanguage\":\"en-US\"}]}<\/script>\n<!-- \/ Yoast SEO plugin. -->","yoast_head_json":{"title":"K\u00fapi\u0165 Fentanyl Tablets - Fentanyl pilulky - Najlep\u0161ie glob\u00e1lne lieky","description":"K\u00fapte si tablety Fentanylu na predaj v Spojenom kr\u00e1\u013eovstve, Eur\u00f3pe v Eur\u00f3pe v na\u0161om online obchode s r\u00fdchlym dodan\u00edm do cel\u00e9ho sveta! Najlep\u0161\u00ed Fentanyl na objedn\u00e1vku n\u00e1jdete tu!","robots":{"index":"index","follow":"follow","max-snippet":"max-snippet:-1","max-image-preview":"max-image-preview:large","max-video-preview":"max-video-preview:-1"},"canonical":"https:\/\/medicinasinc.com\/sk\/product\/kupit-fentanyl-tablety\/","og_locale":"en_US","og_type":"article","og_title":"K\u00fapi\u0165 Fentanyl Tablets - Fentanyl pilulky - Najlep\u0161ie glob\u00e1lne lieky","og_description":"K\u00fapte si tablety Fentanylu na predaj v Spojenom kr\u00e1\u013eovstve, Eur\u00f3pe v Eur\u00f3pe v na\u0161om online obchode s r\u00fdchlym dodan\u00edm do cel\u00e9ho sveta! Najlep\u0161\u00ed Fentanyl na objedn\u00e1vku n\u00e1jdete tu!","og_url":"https:\/\/medicinasinc.com\/sk\/product\/kupit-fentanyl-tablety\/","og_site_name":"Medicinas Inc","article_modified_time":"2022-03-22T00:56:54+00:00","og_image":[{"width":600,"height":600,"url":"https:\/\/medicinasinc.com\/sk\/wp-content\/uploads\/sites\/10\/2022\/02\/Buy-Fentanyl-Tablets.jpg","type":"image\/jpeg"}],"twitter_card":"summary_large_image","twitter_misc":{"Est. reading time":"2 minutes"},"schema":{"@context":"https:\/\/schema.org","@graph":[{"@type":"WebPage","@id":"https:\/\/medicinasinc.com\/sk\/product\/kupit-fentanyl-tablety\/","url":"https:\/\/medicinasinc.com\/sk\/product\/kupit-fentanyl-tablety\/","name":"K\u00fapi\u0165 Fentanyl Tablets - Fentanyl pilulky - Najlep\u0161ie glob\u00e1lne lieky","isPartOf":{"@id":"https:\/\/medicinasinc.com\/sk\/#website"},"primaryImageOfPage":{"@id":"https:\/\/medicinasinc.com\/sk\/product\/kupit-fentanyl-tablety\/#primaryimage"},"image":{"@id":"https:\/\/medicinasinc.com\/sk\/product\/kupit-fentanyl-tablety\/#primaryimage"},"thumbnailUrl":"https:\/\/medicinasinc.com\/sk\/wp-content\/uploads\/sites\/10\/2022\/02\/Buy-Fentanyl-Tablets.jpg","datePublished":"2022-02-22T01:02:44+00:00","dateModified":"2022-03-22T00:56:54+00:00","description":"K\u00fapte si tablety Fentanylu na predaj v Spojenom kr\u00e1\u013eovstve, Eur\u00f3pe v Eur\u00f3pe v na\u0161om online obchode s r\u00fdchlym dodan\u00edm do cel\u00e9ho sveta! Najlep\u0161\u00ed Fentanyl na objedn\u00e1vku n\u00e1jdete tu!","breadcrumb":{"@id":"https:\/\/medicinasinc.com\/sk\/product\/kupit-fentanyl-tablety\/#breadcrumb"},"inLanguage":"en-US","potentialAction":[{"@type":"ReadAction","target":["https:\/\/medicinasinc.com\/sk\/product\/kupit-fentanyl-tablety\/"]}]},{"@type":"ImageObject","inLanguage":"en-US","@id":"https:\/\/medicinasinc.com\/sk\/product\/kupit-fentanyl-tablety\/#primaryimage","url":"https:\/\/medicinasinc.com\/sk\/wp-content\/uploads\/sites\/10\/2022\/02\/Buy-Fentanyl-Tablets.jpg","contentUrl":"https:\/\/medicinasinc.com\/sk\/wp-content\/uploads\/sites\/10\/2022\/02\/Buy-Fentanyl-Tablets.jpg","width":600,"height":600},{"@type":"BreadcrumbList","@id":"https:\/\/medicinasinc.com\/sk\/product\/kupit-fentanyl-tablety\/#breadcrumb","itemListElement":[{"@type":"ListItem","position":1,"name":"Obchod","item":"https:\/\/medicinasinc.com\/sk\/obchod\/"},{"@type":"ListItem","position":2,"name":"K\u00fapte si Fentanyl tablety"}]},{"@type":"WebSite","@id":"https:\/\/medicinasinc.com\/sk\/#website","url":"https:\/\/medicinasinc.com\/sk\/","name":"Medicinas Inc","description":"Health Medical Clinic","potentialAction":[{"@type":"SearchAction","target":{"@type":"EntryPoint","urlTemplate":"https:\/\/medicinasinc.com\/sk\/?s={search_term_string}"},"query-input":{"@type":"PropertyValueSpecification","valueRequired":true,"valueName":"search_term_string"}}],"inLanguage":"en-US"}]}},"_links":{"self":[{"href":"https:\/\/medicinasinc.com\/sk\/wp-json\/wp\/v2\/product\/5520","targetHints":{"allow":["GET"]}}],"collection":[{"href":"https:\/\/medicinasinc.com\/sk\/wp-json\/wp\/v2\/product"}],"about":[{"href":"https:\/\/medicinasinc.com\/sk\/wp-json\/wp\/v2\/types\/product"}],"replies":[{"embeddable":true,"href":"https:\/\/medicinasinc.com\/sk\/wp-json\/wp\/v2\/comments?post=5520"}],"wp:featuredmedia":[{"embeddable":true,"href":"https:\/\/medicinasinc.com\/sk\/wp-json\/wp\/v2\/media\/5529"}],"wp:attachment":[{"href":"https:\/\/medicinasinc.com\/sk\/wp-json\/wp\/v2\/media?parent=5520"}],"wp:term":[{"taxonomy":"product_brand","embeddable":true,"href":"https:\/\/medicinasinc.com\/sk\/wp-json\/wp\/v2\/product_brand?post=5520"},{"taxonomy":"product_cat","embeddable":true,"href":"https:\/\/medicinasinc.com\/sk\/wp-json\/wp\/v2\/product_cat?post=5520"},{"taxonomy":"product_tag","embeddable":true,"href":"https:\/\/medicinasinc.com\/sk\/wp-json\/wp\/v2\/product_tag?post=5520"}],"curies":[{"name":"wp","href":"https:\/\/api.w.org\/{rel}","templated":true}]}}