{"id":5497,"date":"2022-02-22T00:36:43","date_gmt":"2022-02-22T00:36:43","guid":{"rendered":"https:\/\/medicinasinc.com\/sk\/?post_type=product&#038;p=5497"},"modified":"2022-03-22T00:57:03","modified_gmt":"2022-03-22T00:57:03","slug":"kupit-etizolam-prasok","status":"publish","type":"product","link":"https:\/\/medicinasinc.com\/sk\/product\/kupit-etizolam-prasok\/","title":{"rendered":"K\u00fapte si pr\u00e1\u0161ok Etizolam"},"content":{"rendered":"<p>Ch\u00e9mia etizolamu<\/p>\n<p>Chemick\u00fd n\u00e1zov etizolamu je &#8220;4-(2-chl\u00f3rfenyl)-2-etyl-9-metyl-6H-tieno[3,2-f][1,2,4] triazolo[4,3-a][1,4]diazep\u00edn.&#8221; Molekulov\u00e1 hmotnos\u0165 tohto lieku bola stanoven\u00e1 na 342,07 g\/mol a jeho \u010distota sa odhadovala na 99,5 percenta alebo viac v jeho najjemnej\u0161\u00edch form\u00e1ch. Uk\u00e1zalo sa, \u017ee molekula tohto lieku je stabiln\u00e1 najmenej dva alebo tri roky pri izbovej teplote alebo medzi 20 \u00b0C a 25 \u00b0C, \u010do je odpor\u00fa\u010dan\u00e1 skladovacia teplota. Napriek svojmu statusu v\u00fdskumnej chemik\u00e1lie lek\u00e1ri predpisovali Etizolam na lie\u010dbu \u00fazkostn\u00fdch pacientov.<\/p>\n<p>P\u00f4vod a v\u00fdvoj Etizolamu<\/p>\n<p>Siv\u00e1 v\u00fdskumn\u00e1 chemik\u00e1lia etizolam debutovala v roku 2011 ako nadmern\u00e1 sedat\u00edvum na pult. V\u010faka svojim lacn\u00fdm n\u00e1kladom, ve\u013ek\u00e9mu v\u00fdberu produktov a po\u010detn\u00fdm aplik\u00e1ci\u00e1m sa n\u00e1sledne stal ob\u013e\u00fabenou vo\u013ebou mnoh\u00fdch \u013eud\u00ed. Nie je zn\u00e1me, odkia\u013e tento vzorec poch\u00e1dza, ale s\u00favis\u00ed s v\u00fdskumom z 90. rokov.<\/p>\n<p>Na lie\u010dbu toho, \u010do v\u00e1s tr\u00e1pi, m\u00f4\u017ee by\u0165 predp\u00edsan\u00fd Etizolam.<\/p>\n<p>Antidepres\u00edvum je zn\u00e1me, \u017ee pri pod\u00e1van\u00ed Etizolamu doch\u00e1dza k svalovej relax\u00e1cii a \u00fa\u010dinkom proti \u00fazkosti a v tak\u00fdchto pr\u00edpadoch bol predp\u00edsan\u00fd na lek\u00e1rske pou\u017eitie. Hoci sa tento \u00fa\u010dinok neprejavuje u v\u0161etk\u00fdch u\u017e\u00edvate\u013eov, liek m\u00e1 potenci\u00e1l zv\u00fd\u0161i\u0165 hlad. \u00da\u013eava od stresu a reorganiz\u00e1cia pam\u00e4te s\u00fa dve \u010fal\u0161ie dobre zdokumentovan\u00e9 pou\u017eitia tohto lieku. Z rekrea\u010dn\u00fdch d\u00f4vodov je zn\u00e1me, \u017ee droga sp\u00f4sobuje okrem in\u00e9ho \u00fa\u010dinky, ako je naf\u00faknutie ega, emocion\u00e1lne potla\u010denie a zv\u00fd\u0161en\u00fd pocit triezvosti. \u013dudia ho pou\u017e\u00edvali aj na rekrea\u010dn\u00e9 \u00fa\u010dely.<\/p>\n<p>\u010co rob\u00ed Etizolam v\u00e1\u0161mu telu<\/p>\n<p>Tento liek vyu\u017e\u00edvalo \u0161irok\u00e9 spektrum \u013eud\u00ed, od vedcov a\u017e po \u0161irok\u00fa verejnos\u0165. Pri pou\u017eit\u00ed m\u00e1 liek r\u00f4zne \u00fa\u010dinky na telo, myse\u013e a vn\u00edmanie vlastn\u00e9ho ja. Droga sp\u00f4sobuje, \u017ee sa c\u00edtite slab\u00fd a neschopn\u00fd regulova\u0165 svoje telo. Zvy\u0161uje sa schopnos\u0165 \u010dloveka vo\u013ene d\u00fdcha\u0165, ako aj fyzick\u00e1 bla\u017eenos\u0165. Ako ved\u013eaj\u0161\u00ed \u00fa\u010dinok lieku sa m\u00f4\u017ee vyskytn\u00fa\u0165 aj ospalos\u0165 a nedostatok sp\u00e1nku. Okrem toho m\u00e1 l\u00e1tka kognit\u00edvne \u00fa\u010dinky, preto\u017ee ovplyv\u0148uje schopnos\u0165 tela vykon\u00e1va\u0165 pravideln\u00e9 oper\u00e1cie t\u00fdm, \u017ee zasahuje do fungovania motorick\u00e9ho nervu. M\u00f4\u017ee by\u0165 ovplyvnen\u00e1 hipokamp\u00e1lna oblas\u0165 mozgu, \u010do m\u00f4\u017ee vies\u0165 ku kr\u00e1tkodobej strate pam\u00e4ti.<\/p>\n<p>Lie\u010divo tie\u017e zni\u017euje motiv\u00e1ciu a hladinu energie a m\u00e1 vplyv aj na schopnos\u0165 mozgu ch\u00e1pa\u0165 my\u0161lienky. .<\/p>\n<p>Toxicita m\u00f4\u017ee by\u0165 sp\u00f4soben\u00e1 aj pr\u00edtomnos\u0165ou kontaminantov v lieku.<\/p>\n<p>Etizolam: Odpor\u00fa\u010dan\u00e9 d\u00e1vkovanie a ne\u017eiaduce \u00fa\u010dinky v klinickej praxi<\/p>\n<p>Od 0,2 mg do 5 mg, mo\u017enosti d\u00e1vkovania lieku s\u00fa \u0161irok\u00e9. \u013dahk\u00e9 d\u00e1vky lieku s\u00fa medzi 0,2 mg a 1 mg, zatia\u013e \u010do naj\u010dastej\u0161ie predpisovan\u00e9 mno\u017estvo je medzi 1-2 mg. Vysok\u00e1 d\u00e1vka je tak\u00e1, ktor\u00e1 presahuje alebo sa rovn\u00e1 5 miligramom.<\/p>\n<p>V d\u00f4sledku toho mnoh\u00ed \u013eudia nakoniec u\u017e\u00edvaj\u00fa vy\u0161\u0161iu d\u00e1vku, aby za\u017eili cel\u00e9 spektrum priazniv\u00fdch \u00fa\u010dinkov, pre ktor\u00e9 bol liek uveden\u00fd. . Vy\u0161\u0161ia d\u00e1vka m\u00f4\u017ee ma\u0165 \u0161ir\u0161\u00ed rozsah \u00fa\u010dinkov, ale m\u00e1 aj nebezpe\u010dnej\u0161ie ved\u013eaj\u0161ie \u00fa\u010dinky, ako je ve\u013ek\u00e9 po\u0161kodenie alebo smr\u0165 za najextr\u00e9mnej\u0161\u00edch okolnost\u00ed.<\/p>\n<p>Je leg\u00e1lne u\u017e\u00edva\u0165 Etizolam<\/p>\n<p>Napriek tomu, \u017ee ide o kontrolovan\u00fa a pl\u00e1novan\u00fa l\u00e1tku, v\u00fdroba, dod\u00e1vka a dr\u017eba drogy nie s\u00fa vo v\u00e4\u010d\u0161ine kraj\u00edn zak\u00e1zan\u00e9.<\/p>\n<p>Viete, kde z\u00edska\u0165 pr\u00e1\u0161ok Etizolamu?<\/p>\n<p>Pre laborat\u00f3ri\u00e1, lek\u00e1rne, v\u00fdskumn\u00e9 in\u0161tit\u00facie a \u013eud\u00ed poskytuje n\u00e1\u0161 online obchod s liekmi vysokokvalitn\u00e9 FUB \u2013 AKB48 za primeran\u00fa cenu.<\/p>\n","protected":false},"excerpt":{"rendered":"<div class=\"woocommerce-product-details__short-description\">\n<p>K\u00fapte si pr\u00e1\u0161ok Etizolam na predaj v Spojenom kr\u00e1\u013eovstve, E\u00da, Eur\u00f3pe\u00a0dostupn\u00fd za najni\u017e\u0161iu cenu. Etizolam pr\u00e1\u0161ok sa pou\u017e\u00edva ako liek na lie\u010dbu \u00fazkosti, nespavosti a z\u00e1chvatov paniky.<\/p>\n<p>Etizolam pr\u00e1\u0161ok je mo\u017en\u00e9 zak\u00fapi\u0165 online. Kde k\u00fapi\u0165 Etizolam pr\u00e1\u0161ok online?<\/p>\n<p>Etizolam pr\u00e1\u0161ok najvy\u0161\u0161ej kvality je dostupn\u00fd v BestGlobalMeds.com, najspo\u013eahlivej\u0161ej internetovej lek\u00e1rni.<\/p>\n<p>Okrem Etizolamu aj in\u00e9 zna\u010dky zah\u0155\u0148aj\u00fa Etilaam a Etizest. Etizolam je syntetick\u00fd dizajn\u00e9rsky anal\u00f3g tieenodiazep\u00ednu, ktor\u00fd m\u00e1 depres\u00edvne vlastnosti porovnate\u013en\u00e9 s benzodiazep\u00ednmi, pokia\u013e ide o zn\u00ed\u017eenie \u00fazkosti, stresu a podporu svalovej relax\u00e1cie. Okrem tabliet, pr\u00e1\u0161ku a roztoku je to popul\u00e1rna v\u00fdskumn\u00e1 chemik\u00e1lia.<\/p>\n<\/p><\/div>\n","protected":false},"featured_media":5509,"comment_status":"open","ping_status":"closed","template":"","meta":[],"product_brand":[],"product_cat":[2014],"product_tag":[2898,2963,2965,2957,2966,2967,2968,2899,2900,2901,2902,2907,2908,2909,2910,2914,2938,2961,2927,2928,2926,2948,2915,2916,2917,2918,2922,2923,2924,2929,2934,2935,2936,2937,2942,2943,2944,2949,2950,2951,2920,2930,2921,2933,2946,2939,2945,2947,2956,2953,2958,2959,2969,2970,2971,2925,2913,2906,2912,2903,2904,2905,2911,2941,2964,2932,2960,2931,2940,2962,2972,2954,2955,2919,2952],"class_list":{"0":"post-5497","1":"product","2":"type-product","3":"status-publish","4":"has-post-thumbnail","6":"product_cat-k-c3-bapi-c5-a5-v-c3-bdskumn-c3-a9-chemik-c3-a1lie","7":"product_tag-etizolam-prok-1g","8":"product_tag-ak-s-rozpadl-pouvan-na-premenu-etizolamu","9":"product_tag-o-m-etizolam-prok-chut","10":"product_tag-ako-poitie-etizolam-prok","11":"product_tag-o-je-ako-etizolam","12":"product_tag-ak-je-etizolam-vysok","13":"product_tag-ak-je-dleit-etizolam-kvapalina","14":"product_tag-buy-aniracetam-powder","15":"product_tag-buy-etizolam-japan","16":"product_tag-buy-etizolam-online-united-states","17":"product_tag-buy-etizolam-online-usa","18":"product_tag-buy-etizolam-powder-usa","19":"product_tag-buy-etizolam-powder-usa-with-credit-card","20":"product_tag-buy-etizolam-powders","21":"product_tag-buy-etizolam-power","22":"product_tag-buy-liquid-etizolam-usa","23":"product_tag-etizolam-prok-ceny","24":"product_tag-ist-etizolam-prok","25":"product_tag-etizolam-prok-dvka","26":"product_tag-etizolam-dvkovanie-prku","27":"product_tag-etizolam-prok-dvkovanie","28":"product_tag-etizolam-prok-usa-dodvate","29":"product_tag-etizolam-1","30":"product_tag-etizolam-30ml","31":"product_tag-etizolam-dosage","32":"product_tag-etizolam-na-predaj-usa","33":"product_tag-etizolam-powder-canada","34":"product_tag-etizolam-powder-china","35":"product_tag-etizolam-powder-city","36":"product_tag-etizolam-powder-eu","37":"product_tag-etizolam-powder-high","38":"product_tag-etizolam-powder-measurement","39":"product_tag-etizolam-powder-online","40":"product_tag-etizolam-powder-price","41":"product_tag-etizolam-powder-solubility","42":"product_tag-etizolam-powder-taste","43":"product_tag-etizolam-powder-to-solution","44":"product_tag-etizolam-powder-usa-vendor","45":"product_tag-etizolam-powder-uses","46":"product_tag-etizolam-powder-vendor","47":"product_tag-etizolam-prok-australia","48":"product_tag-etizolam-prok-europe","49":"product_tag-etizolam-prok-kpi","50":"product_tag-etizolam-prok-na-predaj-recenzie","51":"product_tag-etizolam-prok-us","52":"product_tag-etizolam-powder-reddit","53":"product_tag-etizolam-prok-uk","54":"product_tag-etizolam-prok-usa","55":"product_tag-etizolam-xanax-prok","56":"product_tag-etizolam-prky","57":"product_tag-is-etizolam-addictive-and-why-is-etizolam-abused","58":"product_tag-is-etizolam-safe","59":"product_tag-kde-kpi-etizolam","60":"product_tag-kde-kpi-etizolam-online","61":"product_tag-kde-kpi-etizolam-prok","62":"product_tag-etizolam-prok-kreditn-karta","63":"product_tag-buy-etizolam-with-paypal","64":"product_tag-buy-etizolam-powder-uk","65":"product_tag-kupit-etizolam-usa-dodanie-cez-noc","66":"product_tag-kpi-etizolam-prok","67":"product_tag-buy-etizolam-powder-by-the-gram-usa","68":"product_tag-kpi-etizolam-prok-online","69":"product_tag-buy-etizolam-usa-domci","70":"product_tag-etizolam-powder-site","71":"product_tag-na-o-udia-obvykle-pouvaj-etizolam","72":"product_tag-etizolam-prok-na-predaj-na","73":"product_tag-prok-v-roztoku","74":"product_tag-etizolam-prok-na-predaj","75":"product_tag-etizolam-prok-recenzia","76":"product_tag-reddit-etizolam-vendors","77":"product_tag-will-etizolam-prok-rozpustn-v-olivovom-oleji","78":"product_tag-etizolam-roztok-kupit","79":"product_tag-etizolam-tablety","80":"product_tag-etizolam-kvapalina","81":"product_tag-etizolam-prok-vekoobchod","83":"first","84":"instock","85":"shipping-taxable","86":"purchasable","87":"product-type-variable","88":"has-default-attributes"},"yoast_head":"<!-- This site is optimized with the Yoast SEO plugin v27.3 - https:\/\/yoast.com\/product\/yoast-seo-wordpress\/ -->\n<title>K\u00fapi\u0165 pr\u00e1\u0161ok Etizolam - pr\u00e1\u0161ok Etizolam Europe- Best Global Meds<\/title>\n<meta name=\"description\" content=\"K\u00fapte si pr\u00e1\u0161ok Etizolam na predaj v Spojenom kr\u00e1\u013eovstve, E\u00da a Eur\u00f3pe dostupn\u00fd za najni\u017e\u0161iu cenu. Etizolam pr\u00e1\u0161ok sa pou\u017e\u00edva ako liek na lie\u010dbu \u00fazkosti, nespavosti a z\u00e1chvatov paniky.\" \/>\n<meta name=\"robots\" content=\"index, follow, max-snippet:-1, max-image-preview:large, max-video-preview:-1\" \/>\n<link rel=\"canonical\" href=\"https:\/\/medicinasinc.com\/sk\/product\/kupit-etizolam-prasok\/\" \/>\n<meta property=\"og:locale\" content=\"en_US\" \/>\n<meta property=\"og:type\" content=\"article\" \/>\n<meta property=\"og:title\" content=\"K\u00fapi\u0165 pr\u00e1\u0161ok Etizolam - pr\u00e1\u0161ok Etizolam Europe- Best Global Meds\" \/>\n<meta property=\"og:description\" content=\"K\u00fapte si pr\u00e1\u0161ok Etizolam na predaj v Spojenom kr\u00e1\u013eovstve, E\u00da a Eur\u00f3pe dostupn\u00fd za najni\u017e\u0161iu cenu. Etizolam pr\u00e1\u0161ok sa pou\u017e\u00edva ako liek na lie\u010dbu \u00fazkosti, nespavosti a z\u00e1chvatov paniky.\" \/>\n<meta property=\"og:url\" content=\"https:\/\/medicinasinc.com\/sk\/product\/kupit-etizolam-prasok\/\" \/>\n<meta property=\"og:site_name\" content=\"Medicinas Inc\" \/>\n<meta property=\"article:modified_time\" content=\"2022-03-22T00:57:03+00:00\" \/>\n<meta property=\"og:image\" content=\"https:\/\/medicinasinc.com\/sk\/wp-content\/uploads\/sites\/10\/2022\/02\/Buy_Etizolam_powder.jpg\" \/>\n\t<meta property=\"og:image:width\" content=\"500\" \/>\n\t<meta property=\"og:image:height\" content=\"500\" \/>\n\t<meta property=\"og:image:type\" content=\"image\/jpeg\" \/>\n<meta name=\"twitter:card\" content=\"summary_large_image\" \/>\n<meta name=\"twitter:label1\" content=\"Est. reading time\" \/>\n\t<meta name=\"twitter:data1\" content=\"3 minutes\" \/>\n<script type=\"application\/ld+json\" class=\"yoast-schema-graph\">{\"@context\":\"https:\\\/\\\/schema.org\",\"@graph\":[{\"@type\":\"WebPage\",\"@id\":\"https:\\\/\\\/medicinasinc.com\\\/sk\\\/product\\\/kupit-etizolam-prasok\\\/\",\"url\":\"https:\\\/\\\/medicinasinc.com\\\/sk\\\/product\\\/kupit-etizolam-prasok\\\/\",\"name\":\"K\u00fapi\u0165 pr\u00e1\u0161ok Etizolam - pr\u00e1\u0161ok Etizolam Europe- Best Global Meds\",\"isPartOf\":{\"@id\":\"https:\\\/\\\/medicinasinc.com\\\/sk\\\/#website\"},\"primaryImageOfPage\":{\"@id\":\"https:\\\/\\\/medicinasinc.com\\\/sk\\\/product\\\/kupit-etizolam-prasok\\\/#primaryimage\"},\"image\":{\"@id\":\"https:\\\/\\\/medicinasinc.com\\\/sk\\\/product\\\/kupit-etizolam-prasok\\\/#primaryimage\"},\"thumbnailUrl\":\"https:\\\/\\\/medicinasinc.com\\\/sk\\\/wp-content\\\/uploads\\\/sites\\\/10\\\/2022\\\/02\\\/Buy_Etizolam_powder.jpg\",\"datePublished\":\"2022-02-22T00:36:43+00:00\",\"dateModified\":\"2022-03-22T00:57:03+00:00\",\"description\":\"K\u00fapte si pr\u00e1\u0161ok Etizolam na predaj v Spojenom kr\u00e1\u013eovstve, E\u00da a Eur\u00f3pe dostupn\u00fd za najni\u017e\u0161iu cenu. Etizolam pr\u00e1\u0161ok sa pou\u017e\u00edva ako liek na lie\u010dbu \u00fazkosti, nespavosti a z\u00e1chvatov paniky.\",\"breadcrumb\":{\"@id\":\"https:\\\/\\\/medicinasinc.com\\\/sk\\\/product\\\/kupit-etizolam-prasok\\\/#breadcrumb\"},\"inLanguage\":\"en-US\",\"potentialAction\":[{\"@type\":\"ReadAction\",\"target\":[\"https:\\\/\\\/medicinasinc.com\\\/sk\\\/product\\\/kupit-etizolam-prasok\\\/\"]}]},{\"@type\":\"ImageObject\",\"inLanguage\":\"en-US\",\"@id\":\"https:\\\/\\\/medicinasinc.com\\\/sk\\\/product\\\/kupit-etizolam-prasok\\\/#primaryimage\",\"url\":\"https:\\\/\\\/medicinasinc.com\\\/sk\\\/wp-content\\\/uploads\\\/sites\\\/10\\\/2022\\\/02\\\/Buy_Etizolam_powder.jpg\",\"contentUrl\":\"https:\\\/\\\/medicinasinc.com\\\/sk\\\/wp-content\\\/uploads\\\/sites\\\/10\\\/2022\\\/02\\\/Buy_Etizolam_powder.jpg\",\"width\":500,\"height\":500},{\"@type\":\"BreadcrumbList\",\"@id\":\"https:\\\/\\\/medicinasinc.com\\\/sk\\\/product\\\/kupit-etizolam-prasok\\\/#breadcrumb\",\"itemListElement\":[{\"@type\":\"ListItem\",\"position\":1,\"name\":\"Obchod\",\"item\":\"https:\\\/\\\/medicinasinc.com\\\/sk\\\/obchod\\\/\"},{\"@type\":\"ListItem\",\"position\":2,\"name\":\"K\u00fapte si pr\u00e1\u0161ok Etizolam\"}]},{\"@type\":\"WebSite\",\"@id\":\"https:\\\/\\\/medicinasinc.com\\\/sk\\\/#website\",\"url\":\"https:\\\/\\\/medicinasinc.com\\\/sk\\\/\",\"name\":\"Medicinas Inc\",\"description\":\"Health Medical Clinic\",\"potentialAction\":[{\"@type\":\"SearchAction\",\"target\":{\"@type\":\"EntryPoint\",\"urlTemplate\":\"https:\\\/\\\/medicinasinc.com\\\/sk\\\/?s={search_term_string}\"},\"query-input\":{\"@type\":\"PropertyValueSpecification\",\"valueRequired\":true,\"valueName\":\"search_term_string\"}}],\"inLanguage\":\"en-US\"}]}<\/script>\n<!-- \/ Yoast SEO plugin. -->","yoast_head_json":{"title":"K\u00fapi\u0165 pr\u00e1\u0161ok Etizolam - pr\u00e1\u0161ok Etizolam Europe- Best Global Meds","description":"K\u00fapte si pr\u00e1\u0161ok Etizolam na predaj v Spojenom kr\u00e1\u013eovstve, E\u00da a Eur\u00f3pe dostupn\u00fd za najni\u017e\u0161iu cenu. Etizolam pr\u00e1\u0161ok sa pou\u017e\u00edva ako liek na lie\u010dbu \u00fazkosti, nespavosti a z\u00e1chvatov paniky.","robots":{"index":"index","follow":"follow","max-snippet":"max-snippet:-1","max-image-preview":"max-image-preview:large","max-video-preview":"max-video-preview:-1"},"canonical":"https:\/\/medicinasinc.com\/sk\/product\/kupit-etizolam-prasok\/","og_locale":"en_US","og_type":"article","og_title":"K\u00fapi\u0165 pr\u00e1\u0161ok Etizolam - pr\u00e1\u0161ok Etizolam Europe- Best Global Meds","og_description":"K\u00fapte si pr\u00e1\u0161ok Etizolam na predaj v Spojenom kr\u00e1\u013eovstve, E\u00da a Eur\u00f3pe dostupn\u00fd za najni\u017e\u0161iu cenu. Etizolam pr\u00e1\u0161ok sa pou\u017e\u00edva ako liek na lie\u010dbu \u00fazkosti, nespavosti a z\u00e1chvatov paniky.","og_url":"https:\/\/medicinasinc.com\/sk\/product\/kupit-etizolam-prasok\/","og_site_name":"Medicinas Inc","article_modified_time":"2022-03-22T00:57:03+00:00","og_image":[{"width":500,"height":500,"url":"https:\/\/medicinasinc.com\/sk\/wp-content\/uploads\/sites\/10\/2022\/02\/Buy_Etizolam_powder.jpg","type":"image\/jpeg"}],"twitter_card":"summary_large_image","twitter_misc":{"Est. reading time":"3 minutes"},"schema":{"@context":"https:\/\/schema.org","@graph":[{"@type":"WebPage","@id":"https:\/\/medicinasinc.com\/sk\/product\/kupit-etizolam-prasok\/","url":"https:\/\/medicinasinc.com\/sk\/product\/kupit-etizolam-prasok\/","name":"K\u00fapi\u0165 pr\u00e1\u0161ok Etizolam - pr\u00e1\u0161ok Etizolam Europe- Best Global Meds","isPartOf":{"@id":"https:\/\/medicinasinc.com\/sk\/#website"},"primaryImageOfPage":{"@id":"https:\/\/medicinasinc.com\/sk\/product\/kupit-etizolam-prasok\/#primaryimage"},"image":{"@id":"https:\/\/medicinasinc.com\/sk\/product\/kupit-etizolam-prasok\/#primaryimage"},"thumbnailUrl":"https:\/\/medicinasinc.com\/sk\/wp-content\/uploads\/sites\/10\/2022\/02\/Buy_Etizolam_powder.jpg","datePublished":"2022-02-22T00:36:43+00:00","dateModified":"2022-03-22T00:57:03+00:00","description":"K\u00fapte si pr\u00e1\u0161ok Etizolam na predaj v Spojenom kr\u00e1\u013eovstve, E\u00da a Eur\u00f3pe dostupn\u00fd za najni\u017e\u0161iu cenu. Etizolam pr\u00e1\u0161ok sa pou\u017e\u00edva ako liek na lie\u010dbu \u00fazkosti, nespavosti a z\u00e1chvatov paniky.","breadcrumb":{"@id":"https:\/\/medicinasinc.com\/sk\/product\/kupit-etizolam-prasok\/#breadcrumb"},"inLanguage":"en-US","potentialAction":[{"@type":"ReadAction","target":["https:\/\/medicinasinc.com\/sk\/product\/kupit-etizolam-prasok\/"]}]},{"@type":"ImageObject","inLanguage":"en-US","@id":"https:\/\/medicinasinc.com\/sk\/product\/kupit-etizolam-prasok\/#primaryimage","url":"https:\/\/medicinasinc.com\/sk\/wp-content\/uploads\/sites\/10\/2022\/02\/Buy_Etizolam_powder.jpg","contentUrl":"https:\/\/medicinasinc.com\/sk\/wp-content\/uploads\/sites\/10\/2022\/02\/Buy_Etizolam_powder.jpg","width":500,"height":500},{"@type":"BreadcrumbList","@id":"https:\/\/medicinasinc.com\/sk\/product\/kupit-etizolam-prasok\/#breadcrumb","itemListElement":[{"@type":"ListItem","position":1,"name":"Obchod","item":"https:\/\/medicinasinc.com\/sk\/obchod\/"},{"@type":"ListItem","position":2,"name":"K\u00fapte si pr\u00e1\u0161ok Etizolam"}]},{"@type":"WebSite","@id":"https:\/\/medicinasinc.com\/sk\/#website","url":"https:\/\/medicinasinc.com\/sk\/","name":"Medicinas Inc","description":"Health Medical Clinic","potentialAction":[{"@type":"SearchAction","target":{"@type":"EntryPoint","urlTemplate":"https:\/\/medicinasinc.com\/sk\/?s={search_term_string}"},"query-input":{"@type":"PropertyValueSpecification","valueRequired":true,"valueName":"search_term_string"}}],"inLanguage":"en-US"}]}},"_links":{"self":[{"href":"https:\/\/medicinasinc.com\/sk\/wp-json\/wp\/v2\/product\/5497","targetHints":{"allow":["GET"]}}],"collection":[{"href":"https:\/\/medicinasinc.com\/sk\/wp-json\/wp\/v2\/product"}],"about":[{"href":"https:\/\/medicinasinc.com\/sk\/wp-json\/wp\/v2\/types\/product"}],"replies":[{"embeddable":true,"href":"https:\/\/medicinasinc.com\/sk\/wp-json\/wp\/v2\/comments?post=5497"}],"wp:featuredmedia":[{"embeddable":true,"href":"https:\/\/medicinasinc.com\/sk\/wp-json\/wp\/v2\/media\/5509"}],"wp:attachment":[{"href":"https:\/\/medicinasinc.com\/sk\/wp-json\/wp\/v2\/media?parent=5497"}],"wp:term":[{"taxonomy":"product_brand","embeddable":true,"href":"https:\/\/medicinasinc.com\/sk\/wp-json\/wp\/v2\/product_brand?post=5497"},{"taxonomy":"product_cat","embeddable":true,"href":"https:\/\/medicinasinc.com\/sk\/wp-json\/wp\/v2\/product_cat?post=5497"},{"taxonomy":"product_tag","embeddable":true,"href":"https:\/\/medicinasinc.com\/sk\/wp-json\/wp\/v2\/product_tag?post=5497"}],"curies":[{"name":"wp","href":"https:\/\/api.w.org\/{rel}","templated":true}]}}