{"id":5496,"date":"2022-02-22T00:34:51","date_gmt":"2022-02-22T00:34:51","guid":{"rendered":"https:\/\/medicinasinc.com\/sk\/?post_type=product&#038;p=5496"},"modified":"2022-03-22T00:57:13","modified_gmt":"2022-03-22T00:57:13","slug":"kupit-fentanyl-citrat-injekcia","status":"publish","type":"product","link":"https:\/\/medicinasinc.com\/sk\/product\/kupit-fentanyl-citrat-injekcia\/","title":{"rendered":"K\u00fapi\u0165 Fentanyl Citrate Injection"},"content":{"rendered":"<p>Obsahuje fentanylcitr\u00e1t ekvivalentn\u00fd d\u00e1vke 50 mikrogramov na mililiter.<\/p>\n<p>Fentanylcitr\u00e1t, 100 mikrogramov v 2 ml ampulke, je akt\u00edvnou zlo\u017ekou v ka\u017edej ampulke.<\/p>\n<p> V ka\u017edej 10ml ampulke je obsiahnut\u00fdch pribli\u017ene 500 mikrogramov fentanylcitr\u00e1tu.<\/p>\n<p>Fentanylcitr\u00e1t, 2500 mikrogramov na injek\u010dn\u00fa liekovku, je obsiahnut\u00fd v ka\u017edej injek\u010dnej liekovke.<\/p>\n<p>&nbsp;<\/p>\n<p> Tento liek obsahuje nasledovn\u00e9:<\/p>\n<p>\u2022 Ka\u017ed\u00e1 2 ml ampulka obsahuje 7,1 mg (alebo 0,31 mmol) sod\u00edka, v\u010faka \u010domu je v podstate \u201ebez sod\u00edka\u201c.<\/p>\n<p>Ka\u017ed\u00e1 10 ml ampulka obsahuje 35,4 mg (alebo 1,54 mmol) sod\u00edka, \u010do je podobn\u00e9 2 % odpor\u00fa\u010dan\u00e9ho maxim\u00e1lneho denn\u00e9ho pr\u00edjmu 2 g sod\u00edka pre dospel\u00e9ho \u010dloveka.<\/p>\n<p>9 percent odpor\u00fa\u010danej maxim\u00e1lnej dennej spotreby Svetovej zdravotn\u00edckej organiz\u00e1cie 2 gramy sod\u00edka pre dospel\u00e9ho sa nach\u00e1dzaj\u00fa v 50 ml injek\u010dnej liekovke obsahuj\u00facej 177 mg sod\u00edka.<\/p>\n<p>Opioidn\u00e9 analgetikum fentanyl sa pou\u017e\u00edva:<\/p>\n<p>&#8211; v miernych d\u00e1vkach na kr\u00e1tke chirurgick\u00e9 z\u00e1kroky na poskytova\u0165 analgetikum<\/p>\n<p>po\u010das \u017eivota -\u0161etrn\u00e1 lie\u010dba pre pacientov, ktor\u00ed s\u00fa odk\u00e1zan\u00ed na ventil\u00e1tory<\/p>\n<p>pou\u017e\u00edvaj\u00fa neuroleptik\u00e1 ako s\u00fa\u010das\u0165 pr\u00edstupu neuroleptanalg\u00e9zie<\/p>\n<p>bolestiv\u00e9 sympt\u00f3my infarktu myokardu mo\u017eno zmierni\u0165 pou\u017eit\u00edm opioidov<\/p>\n<p>Prediskutujte s pacientmi potrebu strat\u00e9gie ukon\u010denia lie\u010dby fentanylom pred za\u010dat\u00edm lie\u010dby opioidmi, aby sa minimalizovalo riziko z\u00e1vislosti a abstinen\u010dn\u00e9ho syndr\u00f3mu (pozri \u010das\u0165 4.4).<\/p>\n<p>Intraven\u00f3zny bolus alebo inf\u00fazia pod\u00e1vanie.<\/p>\n<p>Subkut\u00e1nna injekcia.<\/p>\n<p>Pokia\u013e je mo\u017en\u00e9 regulova\u0165 d\u00fdchacie cesty pacienta, fentanyl sa m\u00e1 pod\u00e1va\u0165 iba v kontrolovanom prostred\u00ed (pozri \u010das\u0165 4.4 Osobitn\u00e9 upozornenia a opatrenia pri pou\u017e\u00edvan\u00ed). <\/p>\n<p>Odpor\u00fa\u010da sa, aby sa tesne pred \u00favodom do anest\u00e9zie podala kr\u00e1tka intraven\u00f3zna d\u00e1vka anticholinergika, aby sa predi\u0161lo bradykardii.<\/p>\n<p>Pri otv\u00e1ran\u00ed ampulky sa odpor\u00fa\u010da nosi\u0165 rukavice.<\/p>\n","protected":false},"excerpt":{"rendered":"<p>K\u00fapte si injekciu fentanylcitr\u00e1tu 50 mikrogramov\/ml na predaj od najlep\u0161\u00edch v\u00fdskumn\u00fdch laborat\u00f3ri\u00ed vo Ve\u013ekej Brit\u00e1nii, Eur\u00f3pe, \u010c\u00edne, E\u00da. Diskr\u00e9tna doprava na v\u0161etky objedn\u00e1vky % z\u00e1ruka 100, Objednajte si Fentanyl 50 ml<\/p>\n<p>K\u00fapte si 50 mikrogramov\/ml Fentanyl Citrate Injection od popredn\u00fdch v\u00fdskumn\u00fdch laborat\u00f3ri\u00ed v Spojenom kr\u00e1\u013eovstve, Eur\u00f3pe, \u010c\u00edne a E\u00da. Objednajte si Fentanyl 50 mg s \u00faplnou d\u00f4verou s vedom\u00edm, \u017ee v\u00e1\u0161 bal\u00edk pr\u00edde diskr\u00e9tne.<\/p>\n<p>Injekcia Fentanylu 50 mikrogramov\/ml.<br \/> Injekcia Fentanylu, 100 mikrogramov v 2 mililitroch tekutiny<br \/> Injekcia Fentanyl 250 mikrogramov\/ml.<br \/> Injekcia Fentanylu 500 mikrogramov\/10 ml<br \/> Injekcia Fentanylu 1000 mikrogramov\/20 ml<br \/> Injekcia Fentanylu 2500 mikrogramov\/50 ml<\/p>\n<p>Obsahuje fentanylcitr\u00e1t ekvivalentn\u00fd d\u00e1vke 50 mikrogramov na mililiter.<\/p>\n<p>Fentanylcitr\u00e1t, 100 mikrogramov v 2 ml ampulke, je akt\u00edvnou zlo\u017ekou v ka\u017edej ampulke.<\/p>\n<p>Pribli\u017ene 500 mikrogramov fentanylcitr\u00e1tu s\u00fa obsiahnut\u00e9 v ka\u017edej 10 ml ampulke.<\/p>\n<p>Fentanyl citr\u00e1t, 2500 mikrogramov na injek\u010dn\u00fa liekovku, je obsiahnut\u00fd v ka\u017edej injek\u010dnej liekovke.<\/p>\n","protected":false},"featured_media":5507,"comment_status":"open","ping_status":"closed","template":"","meta":[],"product_brand":[],"product_cat":[2014],"product_tag":[2890,2891,2867,2872,2873,2874,2875,2894,2889,2880,2881,2882,2883,2884,2885,2886,2887,2888,2895,2896,2897,2868,2869,2870,2871,2876,2877,2878,2879,2893,2892],"class_list":{"0":"post-5496","1":"product","2":"type-product","3":"status-publish","4":"has-post-thumbnail","6":"product_cat-k-c3-bapi-c5-a5-v-c3-bdskumn-c3-a9-chemik-c3-a1lie","7":"product_tag-ako-kpi-fentanyl-citrt-injekcia-online","8":"product_tag-ako-si-objedna-fentanylcitrtov-injekciu-online","9":"product_tag-buy-fentanyl-100-microgram-2ml-injection","10":"product_tag-buy-fentanyl-250-microgram-5ml-injection-online","11":"product_tag-buy-fentanyl-2500-microgram-50ml-injection","12":"product_tag-buy-fentanyl-2500-microgram-50ml-injection-online","13":"product_tag-buy-fentanyl-50-microgram-ml-injection-online","14":"product_tag-ceny-injeknho-fentanylcitrtu","15":"product_tag-fentanyl-citrt-injekcie-ceny","16":"product_tag-fentanyl-100-mikrogram-2ml-injekcia","17":"product_tag-fentanyl-1000-mikrogram-20ml-injekcia","18":"product_tag-fentanyl-250-microgram-5ml-injection","19":"product_tag-fentanyl-2500-microgram-50ml-injection","20":"product_tag-fentanyl-50-mikrogram-ml-injekcia","21":"product_tag-fentanyl-50-mikrogramov-ml-injekcia","22":"product_tag-fentanyl-50-mikrogramov-ml-injekn-roztok","23":"product_tag-fentanyl-500-mikrogram-10ml-injekcia","24":"product_tag-fentanyl-citrt-injekcia","25":"product_tag-kde-kpi-fentanyl-citrt-injekcia","26":"product_tag-kde-kpi-fentanyl-citrt-injekcia-online","27":"product_tag-kde-si-objedna-fentanylcitrtov-injekciu-online","28":"product_tag-kpi-fentanyl-100-mikrogram-2ml-injekcia-online","29":"product_tag-kpi-fentanyl-1000-mikrogram-20ml-injekcia","30":"product_tag-kpi-fentanyl-1000-mikrogram-20ml-injekcia-online","31":"product_tag-kpi-fentanyl-250-mikrogram-5ml-injekcia","32":"product_tag-kpi-fentanyl-500-mikrogram-10ml-injekcia","33":"product_tag-kpi-fentanyl-500-mikrogram-10ml-injekcia-online","34":"product_tag-kpi-fentanyl-citrt-injekcia","35":"product_tag-kpi-fentanyl-citrt-injekcia-online","36":"product_tag-objedna-fentanyl-citrt-injekcie-online","37":"product_tag-objedna-fentanyl-citrt-injekcia","39":"first","40":"instock","41":"shipping-taxable","42":"purchasable","43":"product-type-variable"},"yoast_head":"<!-- This site is optimized with the Yoast SEO plugin v27.3 - https:\/\/yoast.com\/product\/yoast-seo-wordpress\/ -->\n<title>K\u00fapte si injekciu fentanylcitr\u00e1tu \u2013 najlep\u0161ie najlep\u0161ie glob\u00e1lne lieky<\/title>\n<meta name=\"description\" content=\"K\u00fapte si injekciu fentanylcitr\u00e1tu 50 mikrogramov\/ml na predaj od najlep\u0161\u00edch v\u00fdskumn\u00fdch laborat\u00f3ri\u00ed vo Ve\u013ekej Brit\u00e1nii, Eur\u00f3pe, \u010c\u00edne, E\u00da. Diskr\u00e9tna doprava na v\u0161etky objedn\u00e1vky 0 z\u00e1ruka, Objednajte si Fentanyl 50 ml\" \/>\n<meta name=\"robots\" content=\"index, follow, max-snippet:-1, max-image-preview:large, max-video-preview:-1\" \/>\n<link rel=\"canonical\" href=\"https:\/\/medicinasinc.com\/sk\/product\/kupit-fentanyl-citrat-injekcia\/\" \/>\n<meta property=\"og:locale\" content=\"en_US\" \/>\n<meta property=\"og:type\" content=\"article\" \/>\n<meta property=\"og:title\" content=\"K\u00fapte si injekciu fentanylcitr\u00e1tu \u2013 najlep\u0161ie najlep\u0161ie glob\u00e1lne lieky\" \/>\n<meta property=\"og:description\" content=\"K\u00fapte si injekciu fentanylcitr\u00e1tu 50 mikrogramov\/ml na predaj od najlep\u0161\u00edch v\u00fdskumn\u00fdch laborat\u00f3ri\u00ed vo Ve\u013ekej Brit\u00e1nii, Eur\u00f3pe, \u010c\u00edne, E\u00da. Diskr\u00e9tna doprava na v\u0161etky objedn\u00e1vky 0 z\u00e1ruka, Objednajte si Fentanyl 50 ml\" \/>\n<meta property=\"og:url\" content=\"https:\/\/medicinasinc.com\/sk\/product\/kupit-fentanyl-citrat-injekcia\/\" \/>\n<meta property=\"og:site_name\" content=\"Medicinas Inc\" \/>\n<meta property=\"article:modified_time\" content=\"2022-03-22T00:57:13+00:00\" \/>\n<meta property=\"og:image\" content=\"https:\/\/medicinasinc.com\/sk\/wp-content\/uploads\/sites\/10\/2022\/02\/Fentanyl-50-microgram.jpg\" \/>\n\t<meta property=\"og:image:width\" content=\"1996\" \/>\n\t<meta property=\"og:image:height\" content=\"1128\" \/>\n\t<meta property=\"og:image:type\" content=\"image\/jpeg\" \/>\n<meta name=\"twitter:card\" content=\"summary_large_image\" \/>\n<meta name=\"twitter:label1\" content=\"Est. reading time\" \/>\n\t<meta name=\"twitter:data1\" content=\"2 minutes\" \/>\n<script type=\"application\/ld+json\" class=\"yoast-schema-graph\">{\"@context\":\"https:\\\/\\\/schema.org\",\"@graph\":[{\"@type\":\"WebPage\",\"@id\":\"https:\\\/\\\/medicinasinc.com\\\/sk\\\/product\\\/kupit-fentanyl-citrat-injekcia\\\/\",\"url\":\"https:\\\/\\\/medicinasinc.com\\\/sk\\\/product\\\/kupit-fentanyl-citrat-injekcia\\\/\",\"name\":\"K\u00fapte si injekciu fentanylcitr\u00e1tu \u2013 najlep\u0161ie najlep\u0161ie glob\u00e1lne lieky\",\"isPartOf\":{\"@id\":\"https:\\\/\\\/medicinasinc.com\\\/sk\\\/#website\"},\"primaryImageOfPage\":{\"@id\":\"https:\\\/\\\/medicinasinc.com\\\/sk\\\/product\\\/kupit-fentanyl-citrat-injekcia\\\/#primaryimage\"},\"image\":{\"@id\":\"https:\\\/\\\/medicinasinc.com\\\/sk\\\/product\\\/kupit-fentanyl-citrat-injekcia\\\/#primaryimage\"},\"thumbnailUrl\":\"https:\\\/\\\/medicinasinc.com\\\/sk\\\/wp-content\\\/uploads\\\/sites\\\/10\\\/2022\\\/02\\\/Fentanyl-50-microgram.jpg\",\"datePublished\":\"2022-02-22T00:34:51+00:00\",\"dateModified\":\"2022-03-22T00:57:13+00:00\",\"description\":\"K\u00fapte si injekciu fentanylcitr\u00e1tu 50 mikrogramov\\\/ml na predaj od najlep\u0161\u00edch v\u00fdskumn\u00fdch laborat\u00f3ri\u00ed vo Ve\u013ekej Brit\u00e1nii, Eur\u00f3pe, \u010c\u00edne, E\u00da. Diskr\u00e9tna doprava na v\u0161etky objedn\u00e1vky 0 z\u00e1ruka, Objednajte si Fentanyl 50 ml\",\"breadcrumb\":{\"@id\":\"https:\\\/\\\/medicinasinc.com\\\/sk\\\/product\\\/kupit-fentanyl-citrat-injekcia\\\/#breadcrumb\"},\"inLanguage\":\"en-US\",\"potentialAction\":[{\"@type\":\"ReadAction\",\"target\":[\"https:\\\/\\\/medicinasinc.com\\\/sk\\\/product\\\/kupit-fentanyl-citrat-injekcia\\\/\"]}]},{\"@type\":\"ImageObject\",\"inLanguage\":\"en-US\",\"@id\":\"https:\\\/\\\/medicinasinc.com\\\/sk\\\/product\\\/kupit-fentanyl-citrat-injekcia\\\/#primaryimage\",\"url\":\"https:\\\/\\\/medicinasinc.com\\\/sk\\\/wp-content\\\/uploads\\\/sites\\\/10\\\/2022\\\/02\\\/Fentanyl-50-microgram.jpg\",\"contentUrl\":\"https:\\\/\\\/medicinasinc.com\\\/sk\\\/wp-content\\\/uploads\\\/sites\\\/10\\\/2022\\\/02\\\/Fentanyl-50-microgram.jpg\",\"width\":1996,\"height\":1128},{\"@type\":\"BreadcrumbList\",\"@id\":\"https:\\\/\\\/medicinasinc.com\\\/sk\\\/product\\\/kupit-fentanyl-citrat-injekcia\\\/#breadcrumb\",\"itemListElement\":[{\"@type\":\"ListItem\",\"position\":1,\"name\":\"Obchod\",\"item\":\"https:\\\/\\\/medicinasinc.com\\\/sk\\\/obchod\\\/\"},{\"@type\":\"ListItem\",\"position\":2,\"name\":\"K\u00fapi\u0165 Fentanyl Citrate Injection\"}]},{\"@type\":\"WebSite\",\"@id\":\"https:\\\/\\\/medicinasinc.com\\\/sk\\\/#website\",\"url\":\"https:\\\/\\\/medicinasinc.com\\\/sk\\\/\",\"name\":\"Medicinas Inc\",\"description\":\"Health Medical Clinic\",\"potentialAction\":[{\"@type\":\"SearchAction\",\"target\":{\"@type\":\"EntryPoint\",\"urlTemplate\":\"https:\\\/\\\/medicinasinc.com\\\/sk\\\/?s={search_term_string}\"},\"query-input\":{\"@type\":\"PropertyValueSpecification\",\"valueRequired\":true,\"valueName\":\"search_term_string\"}}],\"inLanguage\":\"en-US\"}]}<\/script>\n<!-- \/ Yoast SEO plugin. -->","yoast_head_json":{"title":"K\u00fapte si injekciu fentanylcitr\u00e1tu \u2013 najlep\u0161ie najlep\u0161ie glob\u00e1lne lieky","description":"K\u00fapte si injekciu fentanylcitr\u00e1tu 50 mikrogramov\/ml na predaj od najlep\u0161\u00edch v\u00fdskumn\u00fdch laborat\u00f3ri\u00ed vo Ve\u013ekej Brit\u00e1nii, Eur\u00f3pe, \u010c\u00edne, E\u00da. Diskr\u00e9tna doprava na v\u0161etky objedn\u00e1vky 0 z\u00e1ruka, Objednajte si Fentanyl 50 ml","robots":{"index":"index","follow":"follow","max-snippet":"max-snippet:-1","max-image-preview":"max-image-preview:large","max-video-preview":"max-video-preview:-1"},"canonical":"https:\/\/medicinasinc.com\/sk\/product\/kupit-fentanyl-citrat-injekcia\/","og_locale":"en_US","og_type":"article","og_title":"K\u00fapte si injekciu fentanylcitr\u00e1tu \u2013 najlep\u0161ie najlep\u0161ie glob\u00e1lne lieky","og_description":"K\u00fapte si injekciu fentanylcitr\u00e1tu 50 mikrogramov\/ml na predaj od najlep\u0161\u00edch v\u00fdskumn\u00fdch laborat\u00f3ri\u00ed vo Ve\u013ekej Brit\u00e1nii, Eur\u00f3pe, \u010c\u00edne, E\u00da. Diskr\u00e9tna doprava na v\u0161etky objedn\u00e1vky 0 z\u00e1ruka, Objednajte si Fentanyl 50 ml","og_url":"https:\/\/medicinasinc.com\/sk\/product\/kupit-fentanyl-citrat-injekcia\/","og_site_name":"Medicinas Inc","article_modified_time":"2022-03-22T00:57:13+00:00","og_image":[{"width":1996,"height":1128,"url":"https:\/\/medicinasinc.com\/sk\/wp-content\/uploads\/sites\/10\/2022\/02\/Fentanyl-50-microgram.jpg","type":"image\/jpeg"}],"twitter_card":"summary_large_image","twitter_misc":{"Est. reading time":"2 minutes"},"schema":{"@context":"https:\/\/schema.org","@graph":[{"@type":"WebPage","@id":"https:\/\/medicinasinc.com\/sk\/product\/kupit-fentanyl-citrat-injekcia\/","url":"https:\/\/medicinasinc.com\/sk\/product\/kupit-fentanyl-citrat-injekcia\/","name":"K\u00fapte si injekciu fentanylcitr\u00e1tu \u2013 najlep\u0161ie najlep\u0161ie glob\u00e1lne lieky","isPartOf":{"@id":"https:\/\/medicinasinc.com\/sk\/#website"},"primaryImageOfPage":{"@id":"https:\/\/medicinasinc.com\/sk\/product\/kupit-fentanyl-citrat-injekcia\/#primaryimage"},"image":{"@id":"https:\/\/medicinasinc.com\/sk\/product\/kupit-fentanyl-citrat-injekcia\/#primaryimage"},"thumbnailUrl":"https:\/\/medicinasinc.com\/sk\/wp-content\/uploads\/sites\/10\/2022\/02\/Fentanyl-50-microgram.jpg","datePublished":"2022-02-22T00:34:51+00:00","dateModified":"2022-03-22T00:57:13+00:00","description":"K\u00fapte si injekciu fentanylcitr\u00e1tu 50 mikrogramov\/ml na predaj od najlep\u0161\u00edch v\u00fdskumn\u00fdch laborat\u00f3ri\u00ed vo Ve\u013ekej Brit\u00e1nii, Eur\u00f3pe, \u010c\u00edne, E\u00da. Diskr\u00e9tna doprava na v\u0161etky objedn\u00e1vky 0 z\u00e1ruka, Objednajte si Fentanyl 50 ml","breadcrumb":{"@id":"https:\/\/medicinasinc.com\/sk\/product\/kupit-fentanyl-citrat-injekcia\/#breadcrumb"},"inLanguage":"en-US","potentialAction":[{"@type":"ReadAction","target":["https:\/\/medicinasinc.com\/sk\/product\/kupit-fentanyl-citrat-injekcia\/"]}]},{"@type":"ImageObject","inLanguage":"en-US","@id":"https:\/\/medicinasinc.com\/sk\/product\/kupit-fentanyl-citrat-injekcia\/#primaryimage","url":"https:\/\/medicinasinc.com\/sk\/wp-content\/uploads\/sites\/10\/2022\/02\/Fentanyl-50-microgram.jpg","contentUrl":"https:\/\/medicinasinc.com\/sk\/wp-content\/uploads\/sites\/10\/2022\/02\/Fentanyl-50-microgram.jpg","width":1996,"height":1128},{"@type":"BreadcrumbList","@id":"https:\/\/medicinasinc.com\/sk\/product\/kupit-fentanyl-citrat-injekcia\/#breadcrumb","itemListElement":[{"@type":"ListItem","position":1,"name":"Obchod","item":"https:\/\/medicinasinc.com\/sk\/obchod\/"},{"@type":"ListItem","position":2,"name":"K\u00fapi\u0165 Fentanyl Citrate Injection"}]},{"@type":"WebSite","@id":"https:\/\/medicinasinc.com\/sk\/#website","url":"https:\/\/medicinasinc.com\/sk\/","name":"Medicinas Inc","description":"Health Medical Clinic","potentialAction":[{"@type":"SearchAction","target":{"@type":"EntryPoint","urlTemplate":"https:\/\/medicinasinc.com\/sk\/?s={search_term_string}"},"query-input":{"@type":"PropertyValueSpecification","valueRequired":true,"valueName":"search_term_string"}}],"inLanguage":"en-US"}]}},"_links":{"self":[{"href":"https:\/\/medicinasinc.com\/sk\/wp-json\/wp\/v2\/product\/5496","targetHints":{"allow":["GET"]}}],"collection":[{"href":"https:\/\/medicinasinc.com\/sk\/wp-json\/wp\/v2\/product"}],"about":[{"href":"https:\/\/medicinasinc.com\/sk\/wp-json\/wp\/v2\/types\/product"}],"replies":[{"embeddable":true,"href":"https:\/\/medicinasinc.com\/sk\/wp-json\/wp\/v2\/comments?post=5496"}],"wp:featuredmedia":[{"embeddable":true,"href":"https:\/\/medicinasinc.com\/sk\/wp-json\/wp\/v2\/media\/5507"}],"wp:attachment":[{"href":"https:\/\/medicinasinc.com\/sk\/wp-json\/wp\/v2\/media?parent=5496"}],"wp:term":[{"taxonomy":"product_brand","embeddable":true,"href":"https:\/\/medicinasinc.com\/sk\/wp-json\/wp\/v2\/product_brand?post=5496"},{"taxonomy":"product_cat","embeddable":true,"href":"https:\/\/medicinasinc.com\/sk\/wp-json\/wp\/v2\/product_cat?post=5496"},{"taxonomy":"product_tag","embeddable":true,"href":"https:\/\/medicinasinc.com\/sk\/wp-json\/wp\/v2\/product_tag?post=5496"}],"curies":[{"name":"wp","href":"https:\/\/api.w.org\/{rel}","templated":true}]}}