{"id":5495,"date":"2022-02-22T00:33:03","date_gmt":"2022-02-22T00:33:03","guid":{"rendered":"https:\/\/medicinasinc.com\/sk\/?post_type=product&#038;p=5495"},"modified":"2022-03-22T00:57:31","modified_gmt":"2022-03-22T00:57:31","slug":"kupit-fentanyl-prasok","status":"publish","type":"product","link":"https:\/\/medicinasinc.com\/sk\/product\/kupit-fentanyl-prasok\/","title":{"rendered":"K\u00fapte si Fentanyl Powder"},"content":{"rendered":"<p>Online n\u00e1kup fentanylu v pr\u00e1\u0161ku<\/p>\n<p>Od n\u00e1s m\u00f4\u017eete z\u00edska\u0165 fentanylov\u00fd pr\u00e1\u0161ok na predaj za dobr\u00fa cenu. F\u0435nt\u0430n\u0443l P\u043ewd\u0435r je dostupn\u00fd vo vysokej \u010distote. Je to fantastick\u00fd obchod! Naj\u00fa\u010dinnej\u0161ie lieky na svete<\/p>\n<p>\u010co je fentanylov\u00fd pr\u00e1\u0161ok?<\/p>\n<p>Fentanyl, tie\u017e zn\u00e1my ako fentanil, je opioid, ktor\u00fd sa pou\u017e\u00edva ako liek proti bolesti a v kombin\u00e1cii s in\u00fdmi liekmi na anest\u00e9ziu . V\u00e4\u010d\u0161inou \u00fa\u010dinky trvaj\u00fa menej ako hodinu alebo dve. Fentanyl je dostupn\u00fd v r\u00f4znych form\u00e1ch, vr\u00e1tane injekci\u00ed, ko\u017en\u00fdch n\u00e1plast\u00ed a peror\u00e1lnej absorpcie. F\u0435nt\u0430n\u0443l je pr\u00edle\u017eitostne dostupn\u00fd aj ako pr\u00e1\u0161ok. Laborat\u00f3ri\u00e1 be\u017ene pou\u017e\u00edvaj\u00fa pr\u00e1\u0161ok.<\/p>\n<p>&nbsp;<\/p>\n<p>K\u00fapte si fentanylov\u00fd pr\u00e1\u0161ok online v Best global medis<\/p>\n<p>V tejto chv\u00edli sa mo\u017eno p\u00fdtate, \u010do je to opioid. Opioidy s\u00fa triedou liekov. Opioidy s\u00fa l\u00e1tky, ktor\u00e9 interaguj\u00fa s opioidn\u00fdmi receptormi a vyvol\u00e1vaj\u00fa \u00fa\u010dinky podobn\u00e9 \u00f3piu. Vicodin, oxycontin, oxykod\u00f3n a percocet patria do tejto kateg\u00f3rie. Fentanyl je tie\u017e s\u00fa\u010das\u0165ou sedat\u00edv. Sedat\u00edvum je typ lieku alebo l\u00e1tky, ktor\u00e1 sa pou\u017e\u00edva na upokojenie centr\u00e1lneho nervov\u00e9ho syst\u00e9mu. Dalo by sa poveda\u0165, \u017ee fentanyl sa pou\u017e\u00edva na upokojenie centr\u00e1lneho nervov\u00e9ho syst\u00e9mu. u-47700 pr\u00e1\u0161ok je tie\u017e dobr\u00fd depres\u00edvum. Najlep\u0161ie miesto na z\u00edskanie Fentanylu je online.<\/p>\n<p>Nevo\u013enos\u0165, z\u00e1pcha, \u00fanava a zm\u00e4tenos\u0165 patria medzi naj\u010dastej\u0161ie ved\u013eaj\u0161ie \u00fa\u010dinky. Zn\u00ed\u017eenie n\u00e1mahy pri d\u00fdchan\u00ed (respira\u010dn\u00e1 depresia), serotone\u00ednov\u00fd syndr\u00f3m a n\u00edzky krvn\u00fd tlak s\u00fa v\u0161etky mo\u017en\u00e9 ved\u013eaj\u0161ie \u00fa\u010dinky lieku. Aktiv\u00e1ciou -opioidn\u00fdch receptorov fentanyl \u010diasto\u010dne \u00fa\u010dinkuje. Pri danom mno\u017estve je 75-kr\u00e1t silnej\u0161\u00ed ako morf. Niektor\u00e9 anal\u00f3gy fentanylu m\u00f4\u017eu by\u0165 10 000-kr\u00e1t \u00fa\u010dinnej\u0161ie ako morf\u00edn. Fentanylov\u00fd pr\u00e1\u0161ok na predaj<\/p>\n","protected":false},"excerpt":{"rendered":"<p>Pomocou na\u0161ej webovej str\u00e1nky Bestglobalmeds.com si m\u00f4\u017eete k\u00fapi\u0165 FENTANYL POWDER na predaj v Spojenom kr\u00e1\u013eovstve a Eur\u00f3pskej \u00fanii. Tu objav\u00edte najdostupnej\u0161\u00ed FENTANYL!<\/p>\n<p>Pr\u00e1\u0161kov\u00fd fentanyl, pijav\u00fd papier a hromadn\u00e1 v\u00fdroba v \u010c\u00edne s\u00fa niektor\u00e9 zo sp\u00f4sobov, ako sa pred\u00e1va nefarmaceutick\u00fd fentanyl.<\/p>\n<p>Fentanyl sa pou\u017e\u00edva na lie\u010dbu bolesti, ktor\u00fa nemo\u017eno zmierni\u0165 in\u00fdmi liekmi, ako je chronick\u00e1 alebo neznesite\u013en\u00e1 boles\u0165. Narkotick\u00fd liek proti bolesti, tento liek je predp\u00edsan\u00fd.<br \/> Posielame diskr\u00e9tne a poskytujeme z\u00e1ruku vr\u00e1tenia pe\u0148az\u00ed, ke\u010f si u n\u00e1s objedn\u00e1te Fentanyl.<\/p>\n","protected":false},"featured_media":5505,"comment_status":"open","ping_status":"closed","template":"","meta":[],"product_brand":[],"product_cat":[2014],"product_tag":[2855,2839,2840,2842,2843,2844,2845,2847,2848,2849,2850,2851,2852,2853,2865,2866,2863,2864,2862,2846,2841,2860,2861,2856,2858,2859,2857,2854],"class_list":{"0":"post-5495","1":"product","2":"type-product","3":"status-publish","4":"has-post-thumbnail","6":"product_cat-k-c3-bapi-c5-a5-v-c3-bdskumn-c3-a9-chemik-c3-a1lie","7":"product_tag-ako-kpi-fentanyl-prok-online","8":"product_tag-buy-fentanyl-hcl-online","9":"product_tag-buy-fentanyl-hcl-powder-online","10":"product_tag-buy-fentanyl-powder-on-dark-web","11":"product_tag-buy-fentanyl-powder-online","12":"product_tag-buy-fentanyl-powder-safe","13":"product_tag-buy-fentanyl-powder-usa","14":"product_tag-buy-pure-fentanyl-powder-online","15":"product_tag-fentanyl-powder-effect","16":"product_tag-fentanyl-powder-europe","17":"product_tag-fentanyl-powder-for-sale","18":"product_tag-fentanyl-powder-for-sale-online","19":"product_tag-fentanyl-prok-cez-noc","20":"product_tag-fentanyl-powder-reddit","21":"product_tag-kde-kpi-ist-fentanyl-hcl-prok-online","22":"product_tag-kde-kpi-ist-fentanylov-prok-online","23":"product_tag-kde-kpi-fentanyl-hcl-prok-online","24":"product_tag-kde-na-kpi-fentanyl-prok-online","25":"product_tag-kde-mono-kpi-fentanyl-prok-online","26":"product_tag-kpi-fentanyl-prok-s-paypal","27":"product_tag-kpi-fentanyl-online","28":"product_tag-kpi-fentanyl-prok-online","29":"product_tag-najlepie-miesto-na-kpi-fentanyl-prok-online","30":"product_tag-objedna-fentanyl-prok-blzko-mne","31":"product_tag-objedna-ist-fentanyl-hcl-prok-online","32":"product_tag-objedna-ist-fentanyl-prok-online","33":"product_tag-objedna-fentanyl-prok-online","34":"product_tag-fentanyl-prok-doprava","36":"first","37":"instock","38":"shipping-taxable","39":"purchasable","40":"product-type-variable","41":"has-default-attributes"},"yoast_head":"<!-- This site is optimized with the Yoast SEO plugin v27.3 - https:\/\/yoast.com\/product\/yoast-seo-wordpress\/ -->\n<title>K\u00fapte si fentanylov\u00fd pr\u00e1\u0161ok online \u2013 najlep\u0161ie najlep\u0161ie glob\u00e1lne lieky<\/title>\n<meta name=\"description\" content=\"K\u00fapte si FENTANYL POWDER na predaj v Spojenom kr\u00e1\u013eovstve, E\u00da, Eur\u00f3pe v na\u0161om internetovom obchode Bestglobalmeds.com s r\u00fdchlym dodan\u00edm do cel\u00e9ho sveta! Najlep\u0161\u00ed FENTANYL na objedn\u00e1vku n\u00e1jdete tu!\" \/>\n<meta name=\"robots\" content=\"index, follow, max-snippet:-1, max-image-preview:large, max-video-preview:-1\" \/>\n<link rel=\"canonical\" href=\"https:\/\/medicinasinc.com\/sk\/product\/kupit-fentanyl-prasok\/\" \/>\n<meta property=\"og:locale\" content=\"en_US\" \/>\n<meta property=\"og:type\" content=\"article\" \/>\n<meta property=\"og:title\" content=\"K\u00fapte si fentanylov\u00fd pr\u00e1\u0161ok online \u2013 najlep\u0161ie najlep\u0161ie glob\u00e1lne lieky\" \/>\n<meta property=\"og:description\" content=\"K\u00fapte si FENTANYL POWDER na predaj v Spojenom kr\u00e1\u013eovstve, E\u00da, Eur\u00f3pe v na\u0161om internetovom obchode Bestglobalmeds.com s r\u00fdchlym dodan\u00edm do cel\u00e9ho sveta! Najlep\u0161\u00ed FENTANYL na objedn\u00e1vku n\u00e1jdete tu!\" \/>\n<meta property=\"og:url\" content=\"https:\/\/medicinasinc.com\/sk\/product\/kupit-fentanyl-prasok\/\" \/>\n<meta property=\"og:site_name\" content=\"Medicinas Inc\" \/>\n<meta property=\"article:modified_time\" content=\"2022-03-22T00:57:31+00:00\" \/>\n<meta property=\"og:image\" content=\"https:\/\/medicinasinc.com\/sk\/wp-content\/uploads\/sites\/10\/2022\/02\/Buy-Fentanyl-Powder-Online.jpg\" \/>\n\t<meta property=\"og:image:width\" content=\"768\" \/>\n\t<meta property=\"og:image:height\" content=\"768\" \/>\n\t<meta property=\"og:image:type\" content=\"image\/jpeg\" \/>\n<meta name=\"twitter:card\" content=\"summary_large_image\" \/>\n<meta name=\"twitter:label1\" content=\"Est. reading time\" \/>\n\t<meta name=\"twitter:data1\" content=\"2 minutes\" \/>\n<script type=\"application\/ld+json\" class=\"yoast-schema-graph\">{\"@context\":\"https:\\\/\\\/schema.org\",\"@graph\":[{\"@type\":\"WebPage\",\"@id\":\"https:\\\/\\\/medicinasinc.com\\\/sk\\\/product\\\/kupit-fentanyl-prasok\\\/\",\"url\":\"https:\\\/\\\/medicinasinc.com\\\/sk\\\/product\\\/kupit-fentanyl-prasok\\\/\",\"name\":\"K\u00fapte si fentanylov\u00fd pr\u00e1\u0161ok online \u2013 najlep\u0161ie najlep\u0161ie glob\u00e1lne lieky\",\"isPartOf\":{\"@id\":\"https:\\\/\\\/medicinasinc.com\\\/sk\\\/#website\"},\"primaryImageOfPage\":{\"@id\":\"https:\\\/\\\/medicinasinc.com\\\/sk\\\/product\\\/kupit-fentanyl-prasok\\\/#primaryimage\"},\"image\":{\"@id\":\"https:\\\/\\\/medicinasinc.com\\\/sk\\\/product\\\/kupit-fentanyl-prasok\\\/#primaryimage\"},\"thumbnailUrl\":\"https:\\\/\\\/medicinasinc.com\\\/sk\\\/wp-content\\\/uploads\\\/sites\\\/10\\\/2022\\\/02\\\/Buy-Fentanyl-Powder-Online.jpg\",\"datePublished\":\"2022-02-22T00:33:03+00:00\",\"dateModified\":\"2022-03-22T00:57:31+00:00\",\"description\":\"K\u00fapte si FENTANYL POWDER na predaj v Spojenom kr\u00e1\u013eovstve, E\u00da, Eur\u00f3pe v na\u0161om internetovom obchode Bestglobalmeds.com s r\u00fdchlym dodan\u00edm do cel\u00e9ho sveta! Najlep\u0161\u00ed FENTANYL na objedn\u00e1vku n\u00e1jdete tu!\",\"breadcrumb\":{\"@id\":\"https:\\\/\\\/medicinasinc.com\\\/sk\\\/product\\\/kupit-fentanyl-prasok\\\/#breadcrumb\"},\"inLanguage\":\"en-US\",\"potentialAction\":[{\"@type\":\"ReadAction\",\"target\":[\"https:\\\/\\\/medicinasinc.com\\\/sk\\\/product\\\/kupit-fentanyl-prasok\\\/\"]}]},{\"@type\":\"ImageObject\",\"inLanguage\":\"en-US\",\"@id\":\"https:\\\/\\\/medicinasinc.com\\\/sk\\\/product\\\/kupit-fentanyl-prasok\\\/#primaryimage\",\"url\":\"https:\\\/\\\/medicinasinc.com\\\/sk\\\/wp-content\\\/uploads\\\/sites\\\/10\\\/2022\\\/02\\\/Buy-Fentanyl-Powder-Online.jpg\",\"contentUrl\":\"https:\\\/\\\/medicinasinc.com\\\/sk\\\/wp-content\\\/uploads\\\/sites\\\/10\\\/2022\\\/02\\\/Buy-Fentanyl-Powder-Online.jpg\",\"width\":768,\"height\":768},{\"@type\":\"BreadcrumbList\",\"@id\":\"https:\\\/\\\/medicinasinc.com\\\/sk\\\/product\\\/kupit-fentanyl-prasok\\\/#breadcrumb\",\"itemListElement\":[{\"@type\":\"ListItem\",\"position\":1,\"name\":\"Obchod\",\"item\":\"https:\\\/\\\/medicinasinc.com\\\/sk\\\/obchod\\\/\"},{\"@type\":\"ListItem\",\"position\":2,\"name\":\"K\u00fapte si Fentanyl Powder\"}]},{\"@type\":\"WebSite\",\"@id\":\"https:\\\/\\\/medicinasinc.com\\\/sk\\\/#website\",\"url\":\"https:\\\/\\\/medicinasinc.com\\\/sk\\\/\",\"name\":\"Medicinas Inc\",\"description\":\"Health Medical Clinic\",\"potentialAction\":[{\"@type\":\"SearchAction\",\"target\":{\"@type\":\"EntryPoint\",\"urlTemplate\":\"https:\\\/\\\/medicinasinc.com\\\/sk\\\/?s={search_term_string}\"},\"query-input\":{\"@type\":\"PropertyValueSpecification\",\"valueRequired\":true,\"valueName\":\"search_term_string\"}}],\"inLanguage\":\"en-US\"}]}<\/script>\n<!-- \/ Yoast SEO plugin. -->","yoast_head_json":{"title":"K\u00fapte si fentanylov\u00fd pr\u00e1\u0161ok online \u2013 najlep\u0161ie najlep\u0161ie glob\u00e1lne lieky","description":"K\u00fapte si FENTANYL POWDER na predaj v Spojenom kr\u00e1\u013eovstve, E\u00da, Eur\u00f3pe v na\u0161om internetovom obchode Bestglobalmeds.com s r\u00fdchlym dodan\u00edm do cel\u00e9ho sveta! Najlep\u0161\u00ed FENTANYL na objedn\u00e1vku n\u00e1jdete tu!","robots":{"index":"index","follow":"follow","max-snippet":"max-snippet:-1","max-image-preview":"max-image-preview:large","max-video-preview":"max-video-preview:-1"},"canonical":"https:\/\/medicinasinc.com\/sk\/product\/kupit-fentanyl-prasok\/","og_locale":"en_US","og_type":"article","og_title":"K\u00fapte si fentanylov\u00fd pr\u00e1\u0161ok online \u2013 najlep\u0161ie najlep\u0161ie glob\u00e1lne lieky","og_description":"K\u00fapte si FENTANYL POWDER na predaj v Spojenom kr\u00e1\u013eovstve, E\u00da, Eur\u00f3pe v na\u0161om internetovom obchode Bestglobalmeds.com s r\u00fdchlym dodan\u00edm do cel\u00e9ho sveta! Najlep\u0161\u00ed FENTANYL na objedn\u00e1vku n\u00e1jdete tu!","og_url":"https:\/\/medicinasinc.com\/sk\/product\/kupit-fentanyl-prasok\/","og_site_name":"Medicinas Inc","article_modified_time":"2022-03-22T00:57:31+00:00","og_image":[{"width":768,"height":768,"url":"https:\/\/medicinasinc.com\/sk\/wp-content\/uploads\/sites\/10\/2022\/02\/Buy-Fentanyl-Powder-Online.jpg","type":"image\/jpeg"}],"twitter_card":"summary_large_image","twitter_misc":{"Est. reading time":"2 minutes"},"schema":{"@context":"https:\/\/schema.org","@graph":[{"@type":"WebPage","@id":"https:\/\/medicinasinc.com\/sk\/product\/kupit-fentanyl-prasok\/","url":"https:\/\/medicinasinc.com\/sk\/product\/kupit-fentanyl-prasok\/","name":"K\u00fapte si fentanylov\u00fd pr\u00e1\u0161ok online \u2013 najlep\u0161ie najlep\u0161ie glob\u00e1lne lieky","isPartOf":{"@id":"https:\/\/medicinasinc.com\/sk\/#website"},"primaryImageOfPage":{"@id":"https:\/\/medicinasinc.com\/sk\/product\/kupit-fentanyl-prasok\/#primaryimage"},"image":{"@id":"https:\/\/medicinasinc.com\/sk\/product\/kupit-fentanyl-prasok\/#primaryimage"},"thumbnailUrl":"https:\/\/medicinasinc.com\/sk\/wp-content\/uploads\/sites\/10\/2022\/02\/Buy-Fentanyl-Powder-Online.jpg","datePublished":"2022-02-22T00:33:03+00:00","dateModified":"2022-03-22T00:57:31+00:00","description":"K\u00fapte si FENTANYL POWDER na predaj v Spojenom kr\u00e1\u013eovstve, E\u00da, Eur\u00f3pe v na\u0161om internetovom obchode Bestglobalmeds.com s r\u00fdchlym dodan\u00edm do cel\u00e9ho sveta! Najlep\u0161\u00ed FENTANYL na objedn\u00e1vku n\u00e1jdete tu!","breadcrumb":{"@id":"https:\/\/medicinasinc.com\/sk\/product\/kupit-fentanyl-prasok\/#breadcrumb"},"inLanguage":"en-US","potentialAction":[{"@type":"ReadAction","target":["https:\/\/medicinasinc.com\/sk\/product\/kupit-fentanyl-prasok\/"]}]},{"@type":"ImageObject","inLanguage":"en-US","@id":"https:\/\/medicinasinc.com\/sk\/product\/kupit-fentanyl-prasok\/#primaryimage","url":"https:\/\/medicinasinc.com\/sk\/wp-content\/uploads\/sites\/10\/2022\/02\/Buy-Fentanyl-Powder-Online.jpg","contentUrl":"https:\/\/medicinasinc.com\/sk\/wp-content\/uploads\/sites\/10\/2022\/02\/Buy-Fentanyl-Powder-Online.jpg","width":768,"height":768},{"@type":"BreadcrumbList","@id":"https:\/\/medicinasinc.com\/sk\/product\/kupit-fentanyl-prasok\/#breadcrumb","itemListElement":[{"@type":"ListItem","position":1,"name":"Obchod","item":"https:\/\/medicinasinc.com\/sk\/obchod\/"},{"@type":"ListItem","position":2,"name":"K\u00fapte si Fentanyl Powder"}]},{"@type":"WebSite","@id":"https:\/\/medicinasinc.com\/sk\/#website","url":"https:\/\/medicinasinc.com\/sk\/","name":"Medicinas Inc","description":"Health Medical Clinic","potentialAction":[{"@type":"SearchAction","target":{"@type":"EntryPoint","urlTemplate":"https:\/\/medicinasinc.com\/sk\/?s={search_term_string}"},"query-input":{"@type":"PropertyValueSpecification","valueRequired":true,"valueName":"search_term_string"}}],"inLanguage":"en-US"}]}},"_links":{"self":[{"href":"https:\/\/medicinasinc.com\/sk\/wp-json\/wp\/v2\/product\/5495","targetHints":{"allow":["GET"]}}],"collection":[{"href":"https:\/\/medicinasinc.com\/sk\/wp-json\/wp\/v2\/product"}],"about":[{"href":"https:\/\/medicinasinc.com\/sk\/wp-json\/wp\/v2\/types\/product"}],"replies":[{"embeddable":true,"href":"https:\/\/medicinasinc.com\/sk\/wp-json\/wp\/v2\/comments?post=5495"}],"wp:featuredmedia":[{"embeddable":true,"href":"https:\/\/medicinasinc.com\/sk\/wp-json\/wp\/v2\/media\/5505"}],"wp:attachment":[{"href":"https:\/\/medicinasinc.com\/sk\/wp-json\/wp\/v2\/media?parent=5495"}],"wp:term":[{"taxonomy":"product_brand","embeddable":true,"href":"https:\/\/medicinasinc.com\/sk\/wp-json\/wp\/v2\/product_brand?post=5495"},{"taxonomy":"product_cat","embeddable":true,"href":"https:\/\/medicinasinc.com\/sk\/wp-json\/wp\/v2\/product_cat?post=5495"},{"taxonomy":"product_tag","embeddable":true,"href":"https:\/\/medicinasinc.com\/sk\/wp-json\/wp\/v2\/product_tag?post=5495"}],"curies":[{"name":"wp","href":"https:\/\/api.w.org\/{rel}","templated":true}]}}