{"id":5471,"date":"2022-02-22T00:08:30","date_gmt":"2022-02-22T00:08:30","guid":{"rendered":"https:\/\/medicinasinc.com\/sk\/?post_type=product&#038;p=5471"},"modified":"2022-03-22T00:57:50","modified_gmt":"2022-03-22T00:57:50","slug":"kupit-krystal-metamfetamin","status":"publish","type":"product","link":"https:\/\/medicinasinc.com\/sk\/product\/kupit-krystal-metamfetamin\/","title":{"rendered":"K\u00fapi\u0165 Crystal Meth (metamfetam\u00edn)"},"content":{"rendered":"<p><strong>Kde k\u00fapi\u0165 pervit\u00edn \u2013 metamfetam\u00edn<\/strong><\/p>\n<p>Ochota k\u00fapi\u0165 pervit\u00edn, \u010dasto zn\u00e1my ako pervit\u00edn z drah\u00fdch kame\u0148ov, je liek stimuluj\u00faci centr\u00e1lny nervov\u00fd syst\u00e9m (CNS), ktor\u00fd m\u00e1 v\u00fdznamn\u00e9 podobnosti s amfetam\u00ednmi, druhou najpopul\u00e1rnej\u0161ou triedou neleg\u00e1lnych liekov na svete, hne\u010f po maryjane.<br \/> Rovnako ako amfetam\u00edn podporuje zv\u00fd\u0161en\u00fa aktivitu, zn\u00ed\u017een\u00fa chu\u0165 do jedla a celkov\u00fd pocit pohody.<\/p>\n<p>Tam je existuje nieko\u013eko uzn\u00e1van\u00fdch farmaceutick\u00fdch pou\u017eit\u00ed kry\u0161talick\u00e9ho metamfetam\u00ednu, vr\u00e1tane lie\u010dby narkolepsie, nedostato\u010dnej schopnosti pravidelne sa s\u00fastredi\u0165 a na prechodn\u00e9 pou\u017eitie, ako je strnulos\u0165; tieto lie\u010debn\u00e9 pou\u017eitia s\u00fa v\u0161ak obmedzen\u00e9.<\/p>\n<p>Kry\u0161t\u00e1\u013eov\u00fd metan, podobne ako koka\u00edn, mo\u017eno faj\u010di\u0165. Chemical Inc. pred\u00e1va Crystal Meth \u2013 metamfetam\u00edn.<\/p>\n<p>Ak\u00e9 vlastnosti m\u00e1 Crystal Meth \u2013 metamfetam\u00edny?<\/p>\n<p>Metamfetam\u00edny sa pou\u017e\u00edvaj\u00fa na lie\u010dbu nasleduj\u00facich stavov:<\/p>\n<p>ADHDNarkolepsia<\/p>\n<p>Medic\u00ednske aplik\u00e1cie s\u00fa obmedzen\u00e9.<\/p>\n<p>Kry\u0161t\u00e1\u013eov\u00fd metamfetam\u00edn \u2013 metamfetam\u00edn, podobne ako koka\u00edn, mo\u017eno faj\u010di\u0165.<\/p>\n<figure class=\"wp-caption alignleft\"><img loading=\"lazy\" decoding=\"async\" class=\" n3VNCb\" src=\"https:\/\/www.detoxplusuk.com\/wp-content\/uploads\/sites\/10\/2019\/01\/Crystal-meth-e1546508093797.png\" alt=\"Kry\u0161t\u00e1\u013eov\u00fd metamfetam\u00edn | Chemical Inc\" width=\"600\" height=\"351\" data-iml=\"71374\" \/><figcaption class=\"wp-caption-text\">K\u00fapi\u0165 Crystal Meth za bitcoiny<\/figcaption><\/figure>\n<h2><strong>\u010co s\u00fa vlastnosti metamfetam\u00ednov?<\/strong><\/h2>\n<p><span class=\"tagify__tag-text\">Kry\u0161t\u00e1\u013eov\u00fd metamfetam\u00edn<\/span>\u00a0s\u00fa na lie\u010dbu:<\/p>\n<ul>\n<li> ADHD narkolepsia<\/li>\n<li>Obezita Sp\u00f4sobuje teda roz\u0161\u00edren\u00e9 p\u00f4sobenie, zn\u00ed\u017een\u00fd hlad a celkov\u00fd pocit blahobytu. V \u010dase, ke\u010f sa pou\u017e\u00edva v nadmernom mno\u017estve, m\u00e1 progres\u00edvne de\u0161trukt\u00edvne \u00fa\u010dinky na fok\u00e1lny zmyslov\u00fd syst\u00e9m.<\/li>\n<\/ul>\n<h2><\/h2>\n<h2><\/h2>\n<h2><strong>Ak\u00e9 s\u00fa prevent\u00edvne opatrenia t\u00fdkaj\u00face sa\u00a0<\/strong>Crystal Meth<strong>?<\/strong><\/h2>\n<ul>\n<li>Ak si mysl\u00edte, \u017ee ste po\u010das u\u017e\u00edvania lieku otehotneli, okam\u017eite to povedzte svojmu \u0161pecialistovi, aby ste zachovali strategick\u00e1 vzdialenos\u0165 od \u0165a\u017ekost\u00ed.<\/li>\n<li>Ak trp\u00edte srdcov\u00fdmi chorobami,<\/li>\n<\/ul>\n<h2><strong>Ak\u00e9 s\u00fa ved\u013eaj\u0161ie \u00fa\u010dinky\u00a0<\/strong>Crystal Meth<strong>? <\/strong><\/h2>\n<p>Nepriate\u013esk\u00e9 \u00fa\u010dinky metamfetam\u00ednov zah\u0155\u0148aj\u00fa:<\/p>\n<ul>\n<li>Zv\u00fd\u0161enie pulzu<\/li>\n<li>Zv\u00fd\u0161enie telesnej teploty<\/li>\n<li>Zv\u00fd\u0161enie v miere relax\u00e1cie<\/li>\n<li>Roztiahnut\u00ed \u0161tudenti<\/li>\n<li>Tr\u00e9ma Pocity nad\u0161enia<\/li>\n<li>Zv\u00fd\u0161en\u00e1 \u00fazkos\u0165<\/li>\n<li>Podr\u00e1\u017edenos\u0165<\/li>\n<li>Paranoja<\/li>\n<li>N\u00e1siln\u00e9 a uleten\u00e9 spr\u00e1vanie<\/li>\n<li>Do\u010dasn\u00e1 hyperaktivita Vyh\u013eadajte odborn\u00edka na terapeutick\u00fa \u00favahu.<\/li>\n<\/ul>\n<h2><strong>\u010co sa stane Ak vynech\u00e1te alebo sa pred\u00e1vkujete\u00a0<\/strong>Crystal Meth<strong>?<\/strong><\/h2>\n<p>Vynechanie \u010dasti metamfetam\u00ednu nie je ni\u010d in\u00e9, len nie ve\u013ek\u00e9 utrpenie, m\u00f4\u017eete si v\u0161ak da\u0165 \u010das, na ktor\u00fd si spomeniete, napriek tomu by sa mali zdr\u017ea\u0165 vykon\u00e1vania dvojit\u00fdch meran\u00ed.<\/p>\n<p>&nbsp;<\/p>\n<p><span class=\"tagify__tag-text\">Metamfetam\u00edn<\/span>\u00a0s\u00fa navrhnut\u00e9 tak, aby sa pri pred\u00e1vkovan\u00ed m\u00f4\u017ee priamo vyvola\u0165 skuto\u010dn\u00e9 medic\u00ednske stavy, preto je najlep\u0161ou vo\u013ebou vyh\u013eada\u0165 pomoc v kr\u00edzovej situ\u00e1cii od odborn\u00edkov na blahobyt. <span class=\"tagify__tag-text\"><a href=\"https:\/\/www.bestglobalmeds.com\/product\/research-chemicals\/buy-crystal-meth\/\">Objedna\u0165 kry\u0161talick\u00fd metamfetam\u00edn<\/a>\u00a0\u2013 metamfetam\u00edn online<\/span>\u00a0v Chemical Inc<\/p>\n<h2><strong>Ako skladova\u0165 metamfetam\u00edny?<\/strong><\/h2>\n<p>Okrem toho tam, kde nie je svetlo a teplo, skladujte metamfetam\u00edny pri izbovej teplote. Rovnako tento liek nevyplachujte. Va\u0161e deti a dom\u00e1ce zvierat\u00e1 nesm\u00fa v \u017eiadnom pr\u00edpade sp\u00e1ja\u0165 tento liek.<\/p>\n<h2><strong>Kde k\u00fapi\u0165\u00a0<\/strong>Crystal Meth\u00a0<strong>online?<\/strong><\/h2>\n<p>Av\u0161ak, Crystal Meth \u2013 Metamfetam\u00edn si m\u00f4\u017eete k\u00fapi\u0165 online v najd\u00f4veryhodnej\u0161om internetovom obchode \u2013 Chemical Inc.<\/p>\n<p>Nakupujte metamfetam\u00edny bez n\u00e1pravy, metamfetam\u00edny je mo\u017en\u00e9 zak\u00fapi\u0165 online, cena v najlep\u0161om pr\u00edpade.<br \/> K\u00fapte si to najlep\u0161ie lieky tu v tomto bode! <span class=\"tagify__tag-text\">K\u00fapi\u0165 Crystal Meth online<\/span><\/p>\n<h3><b>Pou\u017e\u00edvatelia pervit\u00ednu by nemali \u010daka\u0165, k\u00fdm vyh\u013eadaj\u00fa lie\u010dbu<\/b><\/h3>\n<p>Zatia\u013e \u010do mnoh\u00ed Sympt\u00f3my sa daj\u00fa zvr\u00e1ti\u0165 spr\u00e1vnou lie\u010dbou, pokro\u010dil\u00e9 starnutie a zubn\u00fd kaz je \u0165a\u017ek\u00e9 zvr\u00e1ti\u0165 a po\u0161kodenie je \u010dasto trval\u00e9.<\/p>\n<p>U\u017e\u00edvanie metamfetam\u00ednu m\u00f4\u017ee navy\u0161e sp\u00f4sobi\u0165 psych\u00f3zu alebo psychotick\u00e9 spr\u00e1vanie, pri ktorom u\u017e\u00edvatelia str\u00e1caj\u00fa kontakt s realitou a za\u017ei\u0165 siln\u00e9 il\u00fazie, paranoju, halucin\u00e1cie a obsedantn\u00e9 spr\u00e1vanie, ktor\u00e9 im br\u00e1ni skuto\u010dne si uvedomi\u0165 \u0161kodu, ktor\u00fa si sami sp\u00f4sobuj\u00fa.<\/p>\n<p>Je nevyhnutn\u00e9, aby z\u00e1visl\u00fd okam\u017eite siahol a na\u0161iel pomoc, inak ich trp\u00ed. fyzick\u00e9 a psychick\u00e9 \u00fa\u010dinky a \u010fal\u0161ie be\u017en\u00e9 pr\u00edznaky, ako s\u00fa zni\u010den\u00e9 vz\u0165ahy, finan\u010dn\u00e1 n\u00fadza a obvinenia z trestn\u00e9ho \u010dinu.<\/p>\n<p>Z\u00e1vislos\u0165 sa t\u00fdka takmer ka\u017edej rodiny, ni\u010d\u00ed fyzick\u00e9 a du\u0161evn\u00e9 zdravie, vz\u0165ahy a osobn\u00e9 financie. Matky, otcovia, bratia, sestry, dc\u00e9ry a synovia.<\/p>\n<p>Nikto nie je im\u00fanny vo\u010di desiv\u00e9mu dlhodob\u00e9mu vplyvu zneu\u017e\u00edvania tvrd\u00fdch drog.<br \/> Nasleduje triezvy obraz SKUTO\u010cN\u00ddCH jednotlivcov.<\/p>\n<p>Stali ste sa obe\u0165ou poku\u0161enia u\u017e\u00edvania drog \u2013 v tomto pr\u00edpade metamfetam\u00ednu \u2013 s jeho ni\u010div\u00fdmi \u00fa\u010dinkami s\u00fa a\u017e pr\u00edli\u0161 zjavn\u00e9.<br \/> Ak vy alebo v\u00e1\u0161 bl\u00edzky trp\u00edte z\u00e1vislos\u0165ou od metamfetam\u00ednu, resp. ak sa chcete dozvedie\u0165 viac, pozrite si nasleduj\u00face webov\u00e9 str\u00e1nky, kde n\u00e1jdete pomoc pri z\u00edskavan\u00ed pomoci pri obnove.<\/p>\n","protected":false},"excerpt":{"rendered":"<div class=\"woocommerce-product-details__short-description\">\n<p>K\u00fapte si Crystal Meth na predaj vo Ve\u013ekej Brit\u00e1nii, E\u00da, Eur\u00f3pe, USA, \u010c\u00edne na lie\u010dbu rakoviny s pomocou bestglobalmeds.com. Najlep\u0161ie miesto, kde si m\u00f4\u017eete k\u00fapi\u0165 metamfetam\u00edn online lacno.<\/p>\n<p>Nakupujte n\u00edzkon\u00e1kladov\u00fd Crystal Meth online Bez lek\u00e1rskeho predpisu pred\u00e1vame Crystal Meth online a odosielame do cel\u00e9ho sveta do 24\/48 hod\u00edn. Objednajte teraz.<\/p>\n<p>V\u00fdraz &#8220;kry\u0161talick\u00fd metamfetam\u00edn&#8221; sa vz\u0165ahuje na kry\u0161talick\u00fd metamfetam\u00edn, siln\u00fd a vysoko n\u00e1vykov\u00fd stimulant, ktor\u00fd ovplyv\u0148uje centr\u00e1lny nervov\u00fd syst\u00e9m.<\/p>\n<p>Teraz si m\u00f4\u017eete k\u00fapi\u0165 kry\u0161t\u00e1lov\u00fd metamfetam\u00edn online a necha\u0165 si ho doru\u010di\u0165 nasleduj\u00faci de\u0148. Najaktu\u00e1lnej\u0161ia alebo naj\u010distej\u0161ia forma kry\u0161talick\u00e9ho metamfetam\u00ednu je takmer \u010dist\u00e1. Je bez z\u00e1pachu a netoxick\u00fd.<\/p>\n<p>Meth\u0430m\u0440h\u0435t\u0430mn\u0435 Som siln\u00fd stimulant centr\u00e1lneho nervov\u00e9ho syst\u00e9mu, ktor\u00fd som \u010dasto u\u017e\u00edval ako rehabilita\u010dn\u00fd liek a pomaly<\/strong><strong>divok\u00fd<\/strong><strong>trend.<\/p>\n","protected":false},"featured_media":5483,"comment_status":"open","ping_status":"closed","template":"","meta":[],"product_brand":[],"product_cat":[2014],"product_tag":[2799,2801,2803,2802,2804,2808,2806,2810,2811,2814,2815,2818,2819,2817,2805,2812,2809,2813,2807,2800,2821,2820,2816,2822,2824,2825,2826,2827,2828,2823,2829,2830,2832,2833,2831],"class_list":{"0":"post-5471","1":"product","2":"type-product","3":"status-publish","4":"has-post-thumbnail","6":"product_cat-k-c3-bapi-c5-a5-v-c3-bdskumn-c3-a9-chemik-c3-a1lie","7":"product_tag-buy-crystal-med-in-australiaale-near-you","8":"product_tag-bu-rtl-meth-on-deepweb","9":"product_tag-chlk","10":"product_tag-chr-d1-96-d1-95t-d1-96n-d0-b0","11":"product_tag-cotton-candy","12":"product_tag-krytl-m-eurpa","13":"product_tag-krytl-m-australia","14":"product_tag-crystal-mth-germany","15":"product_tag-crystal-mth-reddit","16":"product_tag-ck","17":"product_tag-dunk","18":"product_tag-go-go-ju","19":"product_tag-gk","20":"product_tag-s-rchlo","21":"product_tag-kuka","22":"product_tag-krytl-m-doprava","23":"product_tag-krytl-m-na-predaj","24":"product_tag-kry-c5-a1t-c3-a1l-m-d0-b5th-uk","25":"product_tag-get-c5-a1t-c3-a1l-m-d0-b5-efekt","26":"product_tag-bu-crystal-mth-nln","27":"product_tag-l-a-gl","28":"product_tag-perlika","29":"product_tag-fr","30":"product_tag-pervitn","31":"product_tag-pk","32":"product_tag-raketov-palivo","33":"product_tag-sb-snacks","34":"product_tag-tweek","35":"product_tag-v-d0-b0-d1-95h","36":"product_tag-n-dz","37":"product_tag-rdr-crystal-mth-n-tr","38":"product_tag-rdr-rtl-mth-n-drknt","39":"product_tag-rtl-m-pre-l-online","40":"product_tag-rtl-mth-vndr-n-usa","41":"product_tag-rtl-meth-h","43":"first","44":"instock","45":"shipping-taxable","46":"purchasable","47":"product-type-variable","48":"has-default-attributes"},"yoast_head":"<!-- This site is optimized with the Yoast SEO plugin v27.3 - https:\/\/yoast.com\/product\/yoast-seo-wordpress\/ -->\n<title>K\u00fapte si Crystal Meth (metamfetam\u00edn) \u2013 najlep\u0161ie najlep\u0161ie glob\u00e1lne lieky<\/title>\n<meta name=\"description\" content=\"K\u00fapte si Crystal Meth na predaj vo Ve\u013ekej Brit\u00e1nii, E\u00da, Eur\u00f3pe, USA, \u010c\u00edne na lie\u010dbu rakoviny s pomocou bestglobalmeds.com. Najlep\u0161ie miesto, kde si m\u00f4\u017eete k\u00fapi\u0165 metamfetam\u00edn online lacno.\" \/>\n<meta name=\"robots\" content=\"index, follow, max-snippet:-1, max-image-preview:large, max-video-preview:-1\" \/>\n<link rel=\"canonical\" href=\"https:\/\/medicinasinc.com\/sk\/product\/kupit-krystal-metamfetamin\/\" \/>\n<meta property=\"og:locale\" content=\"en_US\" \/>\n<meta property=\"og:type\" content=\"article\" \/>\n<meta property=\"og:title\" content=\"K\u00fapte si Crystal Meth (metamfetam\u00edn) \u2013 najlep\u0161ie najlep\u0161ie glob\u00e1lne lieky\" \/>\n<meta property=\"og:description\" content=\"K\u00fapte si Crystal Meth na predaj vo Ve\u013ekej Brit\u00e1nii, E\u00da, Eur\u00f3pe, USA, \u010c\u00edne na lie\u010dbu rakoviny s pomocou bestglobalmeds.com. Najlep\u0161ie miesto, kde si m\u00f4\u017eete k\u00fapi\u0165 metamfetam\u00edn online lacno.\" \/>\n<meta property=\"og:url\" content=\"https:\/\/medicinasinc.com\/sk\/product\/kupit-krystal-metamfetamin\/\" \/>\n<meta property=\"og:site_name\" content=\"Medicinas Inc\" \/>\n<meta property=\"article:modified_time\" content=\"2022-03-22T00:57:50+00:00\" \/>\n<meta property=\"og:image\" content=\"https:\/\/medicinasinc.com\/sk\/wp-content\/uploads\/sites\/10\/2022\/02\/Buy-Crystal-Meth.jpg\" \/>\n\t<meta property=\"og:image:width\" content=\"1024\" \/>\n\t<meta property=\"og:image:height\" content=\"768\" \/>\n\t<meta property=\"og:image:type\" content=\"image\/jpeg\" \/>\n<meta name=\"twitter:card\" content=\"summary_large_image\" \/>\n<meta name=\"twitter:label1\" content=\"Est. reading time\" \/>\n\t<meta name=\"twitter:data1\" content=\"3 minutes\" \/>\n<script type=\"application\/ld+json\" class=\"yoast-schema-graph\">{\"@context\":\"https:\\\/\\\/schema.org\",\"@graph\":[{\"@type\":\"WebPage\",\"@id\":\"https:\\\/\\\/medicinasinc.com\\\/sk\\\/product\\\/kupit-krystal-metamfetamin\\\/\",\"url\":\"https:\\\/\\\/medicinasinc.com\\\/sk\\\/product\\\/kupit-krystal-metamfetamin\\\/\",\"name\":\"K\u00fapte si Crystal Meth (metamfetam\u00edn) \u2013 najlep\u0161ie najlep\u0161ie glob\u00e1lne lieky\",\"isPartOf\":{\"@id\":\"https:\\\/\\\/medicinasinc.com\\\/sk\\\/#website\"},\"primaryImageOfPage\":{\"@id\":\"https:\\\/\\\/medicinasinc.com\\\/sk\\\/product\\\/kupit-krystal-metamfetamin\\\/#primaryimage\"},\"image\":{\"@id\":\"https:\\\/\\\/medicinasinc.com\\\/sk\\\/product\\\/kupit-krystal-metamfetamin\\\/#primaryimage\"},\"thumbnailUrl\":\"https:\\\/\\\/medicinasinc.com\\\/sk\\\/wp-content\\\/uploads\\\/sites\\\/10\\\/2022\\\/02\\\/Buy-Crystal-Meth.jpg\",\"datePublished\":\"2022-02-22T00:08:30+00:00\",\"dateModified\":\"2022-03-22T00:57:50+00:00\",\"description\":\"K\u00fapte si Crystal Meth na predaj vo Ve\u013ekej Brit\u00e1nii, E\u00da, Eur\u00f3pe, USA, \u010c\u00edne na lie\u010dbu rakoviny s pomocou bestglobalmeds.com. Najlep\u0161ie miesto, kde si m\u00f4\u017eete k\u00fapi\u0165 metamfetam\u00edn online lacno.\",\"breadcrumb\":{\"@id\":\"https:\\\/\\\/medicinasinc.com\\\/sk\\\/product\\\/kupit-krystal-metamfetamin\\\/#breadcrumb\"},\"inLanguage\":\"en-US\",\"potentialAction\":[{\"@type\":\"ReadAction\",\"target\":[\"https:\\\/\\\/medicinasinc.com\\\/sk\\\/product\\\/kupit-krystal-metamfetamin\\\/\"]}]},{\"@type\":\"ImageObject\",\"inLanguage\":\"en-US\",\"@id\":\"https:\\\/\\\/medicinasinc.com\\\/sk\\\/product\\\/kupit-krystal-metamfetamin\\\/#primaryimage\",\"url\":\"https:\\\/\\\/medicinasinc.com\\\/sk\\\/wp-content\\\/uploads\\\/sites\\\/10\\\/2022\\\/02\\\/Buy-Crystal-Meth.jpg\",\"contentUrl\":\"https:\\\/\\\/medicinasinc.com\\\/sk\\\/wp-content\\\/uploads\\\/sites\\\/10\\\/2022\\\/02\\\/Buy-Crystal-Meth.jpg\",\"width\":1024,\"height\":768},{\"@type\":\"BreadcrumbList\",\"@id\":\"https:\\\/\\\/medicinasinc.com\\\/sk\\\/product\\\/kupit-krystal-metamfetamin\\\/#breadcrumb\",\"itemListElement\":[{\"@type\":\"ListItem\",\"position\":1,\"name\":\"Obchod\",\"item\":\"https:\\\/\\\/medicinasinc.com\\\/sk\\\/obchod\\\/\"},{\"@type\":\"ListItem\",\"position\":2,\"name\":\"K\u00fapi\u0165 Crystal Meth (metamfetam\u00edn)\"}]},{\"@type\":\"WebSite\",\"@id\":\"https:\\\/\\\/medicinasinc.com\\\/sk\\\/#website\",\"url\":\"https:\\\/\\\/medicinasinc.com\\\/sk\\\/\",\"name\":\"Medicinas Inc\",\"description\":\"Health Medical Clinic\",\"potentialAction\":[{\"@type\":\"SearchAction\",\"target\":{\"@type\":\"EntryPoint\",\"urlTemplate\":\"https:\\\/\\\/medicinasinc.com\\\/sk\\\/?s={search_term_string}\"},\"query-input\":{\"@type\":\"PropertyValueSpecification\",\"valueRequired\":true,\"valueName\":\"search_term_string\"}}],\"inLanguage\":\"en-US\"}]}<\/script>\n<!-- \/ Yoast SEO plugin. -->","yoast_head_json":{"title":"K\u00fapte si Crystal Meth (metamfetam\u00edn) \u2013 najlep\u0161ie najlep\u0161ie glob\u00e1lne lieky","description":"K\u00fapte si Crystal Meth na predaj vo Ve\u013ekej Brit\u00e1nii, E\u00da, Eur\u00f3pe, USA, \u010c\u00edne na lie\u010dbu rakoviny s pomocou bestglobalmeds.com. Najlep\u0161ie miesto, kde si m\u00f4\u017eete k\u00fapi\u0165 metamfetam\u00edn online lacno.","robots":{"index":"index","follow":"follow","max-snippet":"max-snippet:-1","max-image-preview":"max-image-preview:large","max-video-preview":"max-video-preview:-1"},"canonical":"https:\/\/medicinasinc.com\/sk\/product\/kupit-krystal-metamfetamin\/","og_locale":"en_US","og_type":"article","og_title":"K\u00fapte si Crystal Meth (metamfetam\u00edn) \u2013 najlep\u0161ie najlep\u0161ie glob\u00e1lne lieky","og_description":"K\u00fapte si Crystal Meth na predaj vo Ve\u013ekej Brit\u00e1nii, E\u00da, Eur\u00f3pe, USA, \u010c\u00edne na lie\u010dbu rakoviny s pomocou bestglobalmeds.com. Najlep\u0161ie miesto, kde si m\u00f4\u017eete k\u00fapi\u0165 metamfetam\u00edn online lacno.","og_url":"https:\/\/medicinasinc.com\/sk\/product\/kupit-krystal-metamfetamin\/","og_site_name":"Medicinas Inc","article_modified_time":"2022-03-22T00:57:50+00:00","og_image":[{"width":1024,"height":768,"url":"https:\/\/medicinasinc.com\/sk\/wp-content\/uploads\/sites\/10\/2022\/02\/Buy-Crystal-Meth.jpg","type":"image\/jpeg"}],"twitter_card":"summary_large_image","twitter_misc":{"Est. reading time":"3 minutes"},"schema":{"@context":"https:\/\/schema.org","@graph":[{"@type":"WebPage","@id":"https:\/\/medicinasinc.com\/sk\/product\/kupit-krystal-metamfetamin\/","url":"https:\/\/medicinasinc.com\/sk\/product\/kupit-krystal-metamfetamin\/","name":"K\u00fapte si Crystal Meth (metamfetam\u00edn) \u2013 najlep\u0161ie najlep\u0161ie glob\u00e1lne lieky","isPartOf":{"@id":"https:\/\/medicinasinc.com\/sk\/#website"},"primaryImageOfPage":{"@id":"https:\/\/medicinasinc.com\/sk\/product\/kupit-krystal-metamfetamin\/#primaryimage"},"image":{"@id":"https:\/\/medicinasinc.com\/sk\/product\/kupit-krystal-metamfetamin\/#primaryimage"},"thumbnailUrl":"https:\/\/medicinasinc.com\/sk\/wp-content\/uploads\/sites\/10\/2022\/02\/Buy-Crystal-Meth.jpg","datePublished":"2022-02-22T00:08:30+00:00","dateModified":"2022-03-22T00:57:50+00:00","description":"K\u00fapte si Crystal Meth na predaj vo Ve\u013ekej Brit\u00e1nii, E\u00da, Eur\u00f3pe, USA, \u010c\u00edne na lie\u010dbu rakoviny s pomocou bestglobalmeds.com. Najlep\u0161ie miesto, kde si m\u00f4\u017eete k\u00fapi\u0165 metamfetam\u00edn online lacno.","breadcrumb":{"@id":"https:\/\/medicinasinc.com\/sk\/product\/kupit-krystal-metamfetamin\/#breadcrumb"},"inLanguage":"en-US","potentialAction":[{"@type":"ReadAction","target":["https:\/\/medicinasinc.com\/sk\/product\/kupit-krystal-metamfetamin\/"]}]},{"@type":"ImageObject","inLanguage":"en-US","@id":"https:\/\/medicinasinc.com\/sk\/product\/kupit-krystal-metamfetamin\/#primaryimage","url":"https:\/\/medicinasinc.com\/sk\/wp-content\/uploads\/sites\/10\/2022\/02\/Buy-Crystal-Meth.jpg","contentUrl":"https:\/\/medicinasinc.com\/sk\/wp-content\/uploads\/sites\/10\/2022\/02\/Buy-Crystal-Meth.jpg","width":1024,"height":768},{"@type":"BreadcrumbList","@id":"https:\/\/medicinasinc.com\/sk\/product\/kupit-krystal-metamfetamin\/#breadcrumb","itemListElement":[{"@type":"ListItem","position":1,"name":"Obchod","item":"https:\/\/medicinasinc.com\/sk\/obchod\/"},{"@type":"ListItem","position":2,"name":"K\u00fapi\u0165 Crystal Meth (metamfetam\u00edn)"}]},{"@type":"WebSite","@id":"https:\/\/medicinasinc.com\/sk\/#website","url":"https:\/\/medicinasinc.com\/sk\/","name":"Medicinas Inc","description":"Health Medical Clinic","potentialAction":[{"@type":"SearchAction","target":{"@type":"EntryPoint","urlTemplate":"https:\/\/medicinasinc.com\/sk\/?s={search_term_string}"},"query-input":{"@type":"PropertyValueSpecification","valueRequired":true,"valueName":"search_term_string"}}],"inLanguage":"en-US"}]}},"_links":{"self":[{"href":"https:\/\/medicinasinc.com\/sk\/wp-json\/wp\/v2\/product\/5471","targetHints":{"allow":["GET"]}}],"collection":[{"href":"https:\/\/medicinasinc.com\/sk\/wp-json\/wp\/v2\/product"}],"about":[{"href":"https:\/\/medicinasinc.com\/sk\/wp-json\/wp\/v2\/types\/product"}],"replies":[{"embeddable":true,"href":"https:\/\/medicinasinc.com\/sk\/wp-json\/wp\/v2\/comments?post=5471"}],"wp:featuredmedia":[{"embeddable":true,"href":"https:\/\/medicinasinc.com\/sk\/wp-json\/wp\/v2\/media\/5483"}],"wp:attachment":[{"href":"https:\/\/medicinasinc.com\/sk\/wp-json\/wp\/v2\/media?parent=5471"}],"wp:term":[{"taxonomy":"product_brand","embeddable":true,"href":"https:\/\/medicinasinc.com\/sk\/wp-json\/wp\/v2\/product_brand?post=5471"},{"taxonomy":"product_cat","embeddable":true,"href":"https:\/\/medicinasinc.com\/sk\/wp-json\/wp\/v2\/product_cat?post=5471"},{"taxonomy":"product_tag","embeddable":true,"href":"https:\/\/medicinasinc.com\/sk\/wp-json\/wp\/v2\/product_tag?post=5471"}],"curies":[{"name":"wp","href":"https:\/\/api.w.org\/{rel}","templated":true}]}}