{"id":5470,"date":"2022-02-22T00:06:57","date_gmt":"2022-02-22T00:06:57","guid":{"rendered":"https:\/\/medicinasinc.com\/sk\/?post_type=product&#038;p=5470"},"modified":"2022-03-22T00:57:58","modified_gmt":"2022-03-22T00:57:58","slug":"buy-th-pvp-crystal","status":"publish","type":"product","link":"https:\/\/medicinasinc.com\/sk\/product\/buy-th-pvp-crystal\/","title":{"rendered":"K\u00fapte si TH-PVP Crystal"},"content":{"rendered":"<p>K\u00fapte si TH-PVP kry\u0161t\u00e1l online so z\u013eavou.<\/p>\n<p>K\u00fapte si TH-PVP kry\u0161t\u00e1l online so z\u013eavou.<\/p>\n<p>Zak\u00fapte si TH-PVP online od najuzn\u00e1vanej\u0161ej spolo\u010dnosti zaoberaj\u00facej sa kancel\u00e1rskou dopravou na svete .<\/p>\n<p>TH-PVP, podobne ako PVP, je energiz\u00e9r. V tomto oh\u013eade je o tejto chemik\u00e1lii m\u00e1lo zn\u00e1me, \u010do vytv\u00e1ra obrovsk\u00fa pr\u00edle\u017eitos\u0165 pre v\u00fdskum.<\/p>\n<p>Sme najlep\u0161\u00edm dod\u00e1vate\u013eom TH-PVP v \u010c\u00edne a sme v\u0161eobecne pova\u017eovan\u00ed za najlep\u0161ieho predajcu TH-PVP Reddit. Ak h\u013ead\u00e1te legit\u00edmneho v\u00fdhodn\u00e9ho predajcu TH-PVP, nepokra\u010dujte \u010falej ako my.<\/p>\n<p>K\u00daPTE SI TH-PVP ONLINE V NA\u0160OM OBCHODE<\/p>\n<p>Ak h\u013ead\u00e1te TH-PVP -PVP obchod na webe, ktor\u00fd v\u00e1m umo\u017en\u00ed bezpe\u010dne k\u00fapi\u0165 drahokam TH-PVP, Classicarabians je va\u0161a najlep\u0161ia st\u00e1vka. M\u00e1me k dispoz\u00edcii mno\u017estvo r\u00f4znych syntetick\u00fdch l\u00e1tok na v\u00fdskumn\u00e9 \u00fa\u010dely spolu s TH-PVP a in\u00fdmi ekvivalentmi TH-PVP. Na\u0161a technika je celkom jasn\u00e1 a nekomplikovan\u00e1 na pou\u017eitie pokro\u010dil\u00e9ho vstupu na lacn\u00e9 z\u00edskanie drahokamov TH-PVP online od v\u00fdrobcov a dod\u00e1vate\u013eov v \u010c\u00edne.<\/p>\n<p>Ak \u017eijete v Spojen\u00fdch \u0161t\u00e1toch americk\u00fdch, Kanade, Spojenom kr\u00e1\u013eovstve, Austr\u00e1lia alebo Eur\u00f3pa a po\u017eadujete polo\u017eku s\u00farne, pon\u00fakame celosvetov\u00fa prepravu. Bez oh\u013eadu na to odpor\u00fa\u010dame, aby ste sa pred po\u017eiadan\u00edm obozn\u00e1mili s pou\u017eit\u00edm a pr\u00edznakmi TH-PVP. Okrem toho by ste si mali by\u0165 vedom\u00ed ur\u010dit\u00fdch skuto\u010dn\u00fdch d\u00f4sledkov spojen\u00fdch s n\u00e1kupom drahokamov TH-PVP online bez lie\u010dby vo va\u0161om \u0161t\u00e1te. Classicarabians je najv\u00e4\u010d\u0161\u00ed online predajca TH-PVP, ktor\u00fd v\u00e1m umo\u017e\u0148uje doplni\u0165 va\u0161e logick\u00e9 sk\u00famanie o naj\u013eah\u0161ie dostupn\u00e9 materi\u00e1ly. Bez oh\u013eadu na to odpor\u00fa\u010dame, aby ste sa pred po\u017eiadan\u00edm obozn\u00e1mili s pou\u017eit\u00edm a pr\u00edznakmi TH-PVP. Okrem toho by ste si mali by\u0165 vedom\u00ed ur\u010dit\u00fdch skuto\u010dn\u00fdch d\u00f4sledkov spojen\u00fdch s n\u00e1kupom TH-PVP drahokamov online bez lie\u010dby vo va\u0161om \u0161t\u00e1te.<\/p>\n<p>Poskytujeme najv\u00e4\u010d\u0161ie mno\u017estvo a kvalitu vec\u00ed. Sna\u017ete sa nestr\u00e1ca\u0165 \u010das. Odo\u0161lite svoju po\u017eiadavku teraz a tovar v\u00e1m bude doru\u010den\u00fd domov. Okrem toho m\u00e1me vosk z hviezd smrti.<\/p>\n","protected":false},"excerpt":{"rendered":"<div class=\"woocommerce-product-details__short-description\">\n<div class=\"char\">\u0160PECIFIK\u00c1CIA<\/div>\n<div class=\"specification\">\n<div class=\"sprow\"><span class=\"spname\">N\u00e1zov produktu:<\/span><span class=\"sptext\">TH-PVP<\/span><\/div>\n<div class=\"sprow\"><span class=\"spname\">N\u00e1zov IUPAC:<\/span> <span class=\"sptext\">2-(pyrolid\u00edn-1-yl)-1-(5,6,7,8-tetrahydronaftal\u00e9n-2-yl)pent\u00e1n-1-\u00f3n<\/span><\/div>\n<div class=\"sprow\"><span class=\"spname\">In\u00e9 men\u00e1:<\/span><span class=\"sptext\">TH-\u03b1-PVP<\/span><\/div>\n<div class=\"sprow\"> <span class=\"spname\">\u010c\u00edslo pr\u00edpadu:<\/span><span class=\"sptext\">583123-2-1<\/span><\/div>\n<div class=\"sprow\"><span class=\"spname \">Molekul\u00e1rny vzorec:<\/span><span class=\"sptext\">C19H27NO<\/span><\/div>\n<div class=\"sprow\"><span class=\"spname\">\u00da\u010dinok:<\/span><span class=\"sptext\">stimulant, psychedelick\u00fd<\/span><\/div>\n<div class=\"sprow\"><span class=\"spname\">\u010cistota l\u00e1tky:<\/span><span class=\"sptext\"> 99,9 %<\/span><\/div>\n<div class=\"sprow\"><\/div>\n<\/p><\/div>\n<p><em>K\u00fapi\u0165<\/em>\u00a0vysoko kvalitn\u00fd\u00a0<em>TH Pvp na linka<\/em>\u00a0za ve\u013ekoobchodn\u00e9 ceny \u010d\u00ednskeho\u00a0<em>TH pvp<\/em>\u00a0dod\u00e1vate\u013ea. &#8230; kde si m\u00f4\u017eete\u00a0<em>k\u00fapi\u0165<\/em>\u00a0th-pvp\u00a0<em>kry\u0161t\u00e1l online lacno<\/em>\u00a0za ve\u013ekoobchodn\u00e9\u00a0<em>ceny<\/em><\/p>\n<p><em>K\u00fapi\u0165 TH<\/em> &#8211;<em>PVP<\/em>\u00a0Rock\u00a0<em>Crystal<\/em> od Approved Drug Supplies za najlep\u0161iu cenu na Bestglobalmeds.com<\/p>\n<p>K\u00fapte si TH-PVP Crystal za najni\u017e\u0161iu cenu online. Celosvetov\u00e1 preprava je s nami zaru\u010dene bezpe\u010dn\u00e1. th-pvp\u00a0recenzia<\/p>\n<p>Kde k\u00fapi\u0165 lacn\u00fd TH-PVP kry\u0161t\u00e1l?<\/p>\n<p>Kry\u0161t\u00e1ly na predaj | K\u00fapte si TH-PVP Crystal online | Pred\u00e1m TH-PVP Kry\u0161t\u00e1lov\u00fd pr\u00e1\u0161ok na predaj | K\u00fapte si lacno TH-PVP Kry\u0161t\u00e1lov\u00fd pr\u00e1\u0161ok | Kde k\u00fapi\u0165 TH-PVP kry\u0161t\u00e1lov\u00fd pr\u00e1\u0161ok online | Skuto\u010dn\u00fd TH-PVP Crystal online.<\/p>\n<\/p><\/div>\n","protected":false},"featured_media":5481,"comment_status":"open","ping_status":"closed","template":"","meta":[],"product_brand":[],"product_cat":[2014],"product_tag":[2778,2779,2798,2780,2781,2782,2783,2784,2785,2793,2787,2788,2789,2790,2791,2797,2795,2796,2792,2794,2786],"class_list":{"0":"post-5470","1":"product","2":"type-product","3":"status-publish","4":"has-post-thumbnail","6":"product_cat-k-c3-bapi-c5-a5-v-c3-bdskumn-c3-a9-chemik-c3-a1lie","7":"product_tag-buy-th-pvp-rock-crystal","8":"product_tag-buy-th-pvp-rock-crystal-online","9":"product_tag-kde-kpi-t-pvp-rock-krytl","10":"product_tag-buy-th-pvp-rock-crystal-stimulants","11":"product_tag-buy-th-pvp-rock-crystal-usa","12":"product_tag-mail-th-pvp-rock-crystal","13":"product_tag-order-th-pvp-rock-crystal","14":"product_tag-order-th-pvp-rock-crystal-eu","15":"product_tag-order-th-pvp-rock-crystal-online","16":"product_tag-th-pvp-rock-crystal-recenzia","17":"product_tag-th-pvp-rock-crystal","18":"product_tag-th-pvp-rock-crystal-australia","19":"product_tag-th-pvp-rock-crystal-na-predaj","20":"product_tag-th-pvp-rock-crystal-for-sale-uk","21":"product_tag-th-pvp-rock-crystal-online","22":"product_tag-th-pvp-rock-crystal-vendor","23":"product_tag-th-pvp-rock-crystal-stimulants-for-sale","24":"product_tag-th-pvp-rock-crystal-supplier","25":"product_tag-th-pvp-rock-crystal-reddit","26":"product_tag-th-pvp-rock-crystal-stimulants","27":"product_tag-kpen-th-pvp-rock-crystal","29":"first","30":"instock","31":"shipping-taxable","32":"purchasable","33":"product-type-variable","34":"has-default-attributes"},"yoast_head":"<!-- This site is optimized with the Yoast SEO plugin v27.3 - https:\/\/yoast.com\/product\/yoast-seo-wordpress\/ -->\n<title>K\u00fapte si lacn\u00fd TH-PVP kry\u0161t\u00e1l online \u2013 najlep\u0161ia glob\u00e1lna medic\u00edna<\/title>\n<meta name=\"description\" content=\"K\u00fapte si lacn\u00fd kry\u0161t\u00e1l TH-PVP online. Real TH-PVP Crystal online \u2013 TH-PVP Crystal na predaj | K\u00fapte si TH-PVP Crystal online | Pred\u00e1m TH-PVP Kry\u0161t\u00e1lov\u00fd pr\u00e1\u0161ok na predaj| K\u00fapte si lacno TH-PVP Kry\u0161t\u00e1lov\u00fd pr\u00e1\u0161ok | Kde k\u00fapi\u0165 TH-PVP Crystal pr\u00e1\u0161ok online.\" \/>\n<meta name=\"robots\" content=\"index, follow, max-snippet:-1, max-image-preview:large, max-video-preview:-1\" \/>\n<link rel=\"canonical\" href=\"https:\/\/medicinasinc.com\/sk\/product\/buy-th-pvp-crystal\/\" \/>\n<meta property=\"og:locale\" content=\"en_US\" \/>\n<meta property=\"og:type\" content=\"article\" \/>\n<meta property=\"og:title\" content=\"K\u00fapte si lacn\u00fd TH-PVP kry\u0161t\u00e1l online \u2013 najlep\u0161ia glob\u00e1lna medic\u00edna\" \/>\n<meta property=\"og:description\" content=\"K\u00fapte si lacn\u00fd kry\u0161t\u00e1l TH-PVP online. Real TH-PVP Crystal online \u2013 TH-PVP Crystal na predaj | K\u00fapte si TH-PVP Crystal online | Pred\u00e1m TH-PVP Kry\u0161t\u00e1lov\u00fd pr\u00e1\u0161ok na predaj| K\u00fapte si lacno TH-PVP Kry\u0161t\u00e1lov\u00fd pr\u00e1\u0161ok | Kde k\u00fapi\u0165 TH-PVP Crystal pr\u00e1\u0161ok online.\" \/>\n<meta property=\"og:url\" content=\"https:\/\/medicinasinc.com\/sk\/product\/buy-th-pvp-crystal\/\" \/>\n<meta property=\"og:site_name\" content=\"Medicinas Inc\" \/>\n<meta property=\"article:modified_time\" content=\"2022-03-22T00:57:58+00:00\" \/>\n<meta property=\"og:image\" content=\"https:\/\/medicinasinc.com\/sk\/wp-content\/uploads\/sites\/10\/2022\/02\/buy-cheap-th-pvp-crystal-online.jpg\" \/>\n\t<meta property=\"og:image:width\" content=\"600\" \/>\n\t<meta property=\"og:image:height\" content=\"600\" \/>\n\t<meta property=\"og:image:type\" content=\"image\/jpeg\" \/>\n<meta name=\"twitter:card\" content=\"summary_large_image\" \/>\n<meta name=\"twitter:label1\" content=\"Est. reading time\" \/>\n\t<meta name=\"twitter:data1\" content=\"2 minutes\" \/>\n<script type=\"application\/ld+json\" class=\"yoast-schema-graph\">{\"@context\":\"https:\\\/\\\/schema.org\",\"@graph\":[{\"@type\":\"WebPage\",\"@id\":\"https:\\\/\\\/medicinasinc.com\\\/sk\\\/product\\\/buy-th-pvp-crystal\\\/\",\"url\":\"https:\\\/\\\/medicinasinc.com\\\/sk\\\/product\\\/buy-th-pvp-crystal\\\/\",\"name\":\"K\u00fapte si lacn\u00fd TH-PVP kry\u0161t\u00e1l online \u2013 najlep\u0161ia glob\u00e1lna medic\u00edna\",\"isPartOf\":{\"@id\":\"https:\\\/\\\/medicinasinc.com\\\/sk\\\/#website\"},\"primaryImageOfPage\":{\"@id\":\"https:\\\/\\\/medicinasinc.com\\\/sk\\\/product\\\/buy-th-pvp-crystal\\\/#primaryimage\"},\"image\":{\"@id\":\"https:\\\/\\\/medicinasinc.com\\\/sk\\\/product\\\/buy-th-pvp-crystal\\\/#primaryimage\"},\"thumbnailUrl\":\"https:\\\/\\\/medicinasinc.com\\\/sk\\\/wp-content\\\/uploads\\\/sites\\\/10\\\/2022\\\/02\\\/buy-cheap-th-pvp-crystal-online.jpg\",\"datePublished\":\"2022-02-22T00:06:57+00:00\",\"dateModified\":\"2022-03-22T00:57:58+00:00\",\"description\":\"K\u00fapte si lacn\u00fd kry\u0161t\u00e1l TH-PVP online. Real TH-PVP Crystal online \u2013 TH-PVP Crystal na predaj | K\u00fapte si TH-PVP Crystal online | Pred\u00e1m TH-PVP Kry\u0161t\u00e1lov\u00fd pr\u00e1\u0161ok na predaj| K\u00fapte si lacno TH-PVP Kry\u0161t\u00e1lov\u00fd pr\u00e1\u0161ok | Kde k\u00fapi\u0165 TH-PVP Crystal pr\u00e1\u0161ok online.\",\"breadcrumb\":{\"@id\":\"https:\\\/\\\/medicinasinc.com\\\/sk\\\/product\\\/buy-th-pvp-crystal\\\/#breadcrumb\"},\"inLanguage\":\"en-US\",\"potentialAction\":[{\"@type\":\"ReadAction\",\"target\":[\"https:\\\/\\\/medicinasinc.com\\\/sk\\\/product\\\/buy-th-pvp-crystal\\\/\"]}]},{\"@type\":\"ImageObject\",\"inLanguage\":\"en-US\",\"@id\":\"https:\\\/\\\/medicinasinc.com\\\/sk\\\/product\\\/buy-th-pvp-crystal\\\/#primaryimage\",\"url\":\"https:\\\/\\\/medicinasinc.com\\\/sk\\\/wp-content\\\/uploads\\\/sites\\\/10\\\/2022\\\/02\\\/buy-cheap-th-pvp-crystal-online.jpg\",\"contentUrl\":\"https:\\\/\\\/medicinasinc.com\\\/sk\\\/wp-content\\\/uploads\\\/sites\\\/10\\\/2022\\\/02\\\/buy-cheap-th-pvp-crystal-online.jpg\",\"width\":600,\"height\":600},{\"@type\":\"BreadcrumbList\",\"@id\":\"https:\\\/\\\/medicinasinc.com\\\/sk\\\/product\\\/buy-th-pvp-crystal\\\/#breadcrumb\",\"itemListElement\":[{\"@type\":\"ListItem\",\"position\":1,\"name\":\"Obchod\",\"item\":\"https:\\\/\\\/medicinasinc.com\\\/sk\\\/obchod\\\/\"},{\"@type\":\"ListItem\",\"position\":2,\"name\":\"K\u00fapte si TH-PVP Crystal\"}]},{\"@type\":\"WebSite\",\"@id\":\"https:\\\/\\\/medicinasinc.com\\\/sk\\\/#website\",\"url\":\"https:\\\/\\\/medicinasinc.com\\\/sk\\\/\",\"name\":\"Medicinas Inc\",\"description\":\"Health Medical Clinic\",\"potentialAction\":[{\"@type\":\"SearchAction\",\"target\":{\"@type\":\"EntryPoint\",\"urlTemplate\":\"https:\\\/\\\/medicinasinc.com\\\/sk\\\/?s={search_term_string}\"},\"query-input\":{\"@type\":\"PropertyValueSpecification\",\"valueRequired\":true,\"valueName\":\"search_term_string\"}}],\"inLanguage\":\"en-US\"}]}<\/script>\n<!-- \/ Yoast SEO plugin. -->","yoast_head_json":{"title":"K\u00fapte si lacn\u00fd TH-PVP kry\u0161t\u00e1l online \u2013 najlep\u0161ia glob\u00e1lna medic\u00edna","description":"K\u00fapte si lacn\u00fd kry\u0161t\u00e1l TH-PVP online. Real TH-PVP Crystal online \u2013 TH-PVP Crystal na predaj | K\u00fapte si TH-PVP Crystal online | Pred\u00e1m TH-PVP Kry\u0161t\u00e1lov\u00fd pr\u00e1\u0161ok na predaj| K\u00fapte si lacno TH-PVP Kry\u0161t\u00e1lov\u00fd pr\u00e1\u0161ok | Kde k\u00fapi\u0165 TH-PVP Crystal pr\u00e1\u0161ok online.","robots":{"index":"index","follow":"follow","max-snippet":"max-snippet:-1","max-image-preview":"max-image-preview:large","max-video-preview":"max-video-preview:-1"},"canonical":"https:\/\/medicinasinc.com\/sk\/product\/buy-th-pvp-crystal\/","og_locale":"en_US","og_type":"article","og_title":"K\u00fapte si lacn\u00fd TH-PVP kry\u0161t\u00e1l online \u2013 najlep\u0161ia glob\u00e1lna medic\u00edna","og_description":"K\u00fapte si lacn\u00fd kry\u0161t\u00e1l TH-PVP online. Real TH-PVP Crystal online \u2013 TH-PVP Crystal na predaj | K\u00fapte si TH-PVP Crystal online | Pred\u00e1m TH-PVP Kry\u0161t\u00e1lov\u00fd pr\u00e1\u0161ok na predaj| K\u00fapte si lacno TH-PVP Kry\u0161t\u00e1lov\u00fd pr\u00e1\u0161ok | Kde k\u00fapi\u0165 TH-PVP Crystal pr\u00e1\u0161ok online.","og_url":"https:\/\/medicinasinc.com\/sk\/product\/buy-th-pvp-crystal\/","og_site_name":"Medicinas Inc","article_modified_time":"2022-03-22T00:57:58+00:00","og_image":[{"width":600,"height":600,"url":"https:\/\/medicinasinc.com\/sk\/wp-content\/uploads\/sites\/10\/2022\/02\/buy-cheap-th-pvp-crystal-online.jpg","type":"image\/jpeg"}],"twitter_card":"summary_large_image","twitter_misc":{"Est. reading time":"2 minutes"},"schema":{"@context":"https:\/\/schema.org","@graph":[{"@type":"WebPage","@id":"https:\/\/medicinasinc.com\/sk\/product\/buy-th-pvp-crystal\/","url":"https:\/\/medicinasinc.com\/sk\/product\/buy-th-pvp-crystal\/","name":"K\u00fapte si lacn\u00fd TH-PVP kry\u0161t\u00e1l online \u2013 najlep\u0161ia glob\u00e1lna medic\u00edna","isPartOf":{"@id":"https:\/\/medicinasinc.com\/sk\/#website"},"primaryImageOfPage":{"@id":"https:\/\/medicinasinc.com\/sk\/product\/buy-th-pvp-crystal\/#primaryimage"},"image":{"@id":"https:\/\/medicinasinc.com\/sk\/product\/buy-th-pvp-crystal\/#primaryimage"},"thumbnailUrl":"https:\/\/medicinasinc.com\/sk\/wp-content\/uploads\/sites\/10\/2022\/02\/buy-cheap-th-pvp-crystal-online.jpg","datePublished":"2022-02-22T00:06:57+00:00","dateModified":"2022-03-22T00:57:58+00:00","description":"K\u00fapte si lacn\u00fd kry\u0161t\u00e1l TH-PVP online. Real TH-PVP Crystal online \u2013 TH-PVP Crystal na predaj | K\u00fapte si TH-PVP Crystal online | Pred\u00e1m TH-PVP Kry\u0161t\u00e1lov\u00fd pr\u00e1\u0161ok na predaj| K\u00fapte si lacno TH-PVP Kry\u0161t\u00e1lov\u00fd pr\u00e1\u0161ok | Kde k\u00fapi\u0165 TH-PVP Crystal pr\u00e1\u0161ok online.","breadcrumb":{"@id":"https:\/\/medicinasinc.com\/sk\/product\/buy-th-pvp-crystal\/#breadcrumb"},"inLanguage":"en-US","potentialAction":[{"@type":"ReadAction","target":["https:\/\/medicinasinc.com\/sk\/product\/buy-th-pvp-crystal\/"]}]},{"@type":"ImageObject","inLanguage":"en-US","@id":"https:\/\/medicinasinc.com\/sk\/product\/buy-th-pvp-crystal\/#primaryimage","url":"https:\/\/medicinasinc.com\/sk\/wp-content\/uploads\/sites\/10\/2022\/02\/buy-cheap-th-pvp-crystal-online.jpg","contentUrl":"https:\/\/medicinasinc.com\/sk\/wp-content\/uploads\/sites\/10\/2022\/02\/buy-cheap-th-pvp-crystal-online.jpg","width":600,"height":600},{"@type":"BreadcrumbList","@id":"https:\/\/medicinasinc.com\/sk\/product\/buy-th-pvp-crystal\/#breadcrumb","itemListElement":[{"@type":"ListItem","position":1,"name":"Obchod","item":"https:\/\/medicinasinc.com\/sk\/obchod\/"},{"@type":"ListItem","position":2,"name":"K\u00fapte si TH-PVP Crystal"}]},{"@type":"WebSite","@id":"https:\/\/medicinasinc.com\/sk\/#website","url":"https:\/\/medicinasinc.com\/sk\/","name":"Medicinas Inc","description":"Health Medical Clinic","potentialAction":[{"@type":"SearchAction","target":{"@type":"EntryPoint","urlTemplate":"https:\/\/medicinasinc.com\/sk\/?s={search_term_string}"},"query-input":{"@type":"PropertyValueSpecification","valueRequired":true,"valueName":"search_term_string"}}],"inLanguage":"en-US"}]}},"_links":{"self":[{"href":"https:\/\/medicinasinc.com\/sk\/wp-json\/wp\/v2\/product\/5470","targetHints":{"allow":["GET"]}}],"collection":[{"href":"https:\/\/medicinasinc.com\/sk\/wp-json\/wp\/v2\/product"}],"about":[{"href":"https:\/\/medicinasinc.com\/sk\/wp-json\/wp\/v2\/types\/product"}],"replies":[{"embeddable":true,"href":"https:\/\/medicinasinc.com\/sk\/wp-json\/wp\/v2\/comments?post=5470"}],"wp:featuredmedia":[{"embeddable":true,"href":"https:\/\/medicinasinc.com\/sk\/wp-json\/wp\/v2\/media\/5481"}],"wp:attachment":[{"href":"https:\/\/medicinasinc.com\/sk\/wp-json\/wp\/v2\/media?parent=5470"}],"wp:term":[{"taxonomy":"product_brand","embeddable":true,"href":"https:\/\/medicinasinc.com\/sk\/wp-json\/wp\/v2\/product_brand?post=5470"},{"taxonomy":"product_cat","embeddable":true,"href":"https:\/\/medicinasinc.com\/sk\/wp-json\/wp\/v2\/product_cat?post=5470"},{"taxonomy":"product_tag","embeddable":true,"href":"https:\/\/medicinasinc.com\/sk\/wp-json\/wp\/v2\/product_tag?post=5470"}],"curies":[{"name":"wp","href":"https:\/\/api.w.org\/{rel}","templated":true}]}}