{"id":5469,"date":"2022-02-22T00:05:12","date_gmt":"2022-02-22T00:05:12","guid":{"rendered":"https:\/\/medicinasinc.com\/sk\/?post_type=product&#038;p=5469"},"modified":"2022-03-22T00:58:10","modified_gmt":"2022-03-22T00:58:10","slug":"kupit-klonazolam-prasok","status":"publish","type":"product","link":"https:\/\/medicinasinc.com\/sk\/product\/kupit-klonazolam-prasok\/","title":{"rendered":"K\u00fapi\u0165 Clonazolam Powder"},"content":{"rendered":"<h1 style=\"font-weight: 600\"><b><strong>K\u00fapi\u0165 klonazolamov\u00fd pr\u00e1\u0161ok\u00a0<\/strong><\/b><\/h1>\n<p style=\"font-weight: 400\">Popredn\u00fd klonazolam v Eur\u00f3pe Ve\u013ekoobchodn\u00fd dod\u00e1vate\u013e chemik\u00e1li\u00ed<\/p>\n<h2 style=\"font-weight: 600\">Pr\u00e1\u0161ok CLONAZOLAM E\u00da Dod\u00e1vate\u013e, Spojen\u00e9 kr\u00e1\u013eovstvo<\/h2>\n<ul style=\"font-weight: 400\">\n<li>Sledovan\u00e9\u00a0 &#8211; Sledovan\u00e9 Poisten\u00e9 alebo norm\u00e1lne doru\u010denie<\/li>\n<li>Podrobnosti o bankovom prevode alebo platb\u00e1ch v bitcoinoch pri pokladni .<\/li>\n<li>Doru\u010denie od pondelka do piatku<\/li>\n<li><b><strong>Upozor\u0148ujeme, \u017ee ste kryt\u00ed iba v pr\u00edpade straty po 30 d\u0148och 1 x bezplatn\u00e9 op\u00e4tovn\u00e9 zaslanie na sledovanej poistenej slu\u017ebe &#8211; Ospravedl\u0148ujeme sa, \u017eiadne v\u00fdnimky!<\/strong><\/b><\/li>\n<\/ul>\n<h3 style=\"font-weight: 600\"><\/h3>\n<h3 style=\"font-weight: 600\"><b><strong>Clonazolamov\u00fd pr\u00e1\u0161ok\u00a0<\/strong><\/b><\/h3>\n<ul style=\"font-weight: 400\">\n<li><b><a href=\"https:\/\/psychonautwiki.org\/wiki\/Sedation\">Sed\u00e1cia<\/a><\/b>\u00a0\u2013 Klonazolam m\u00e1 potenci\u00e1l by\u0165 extr\u00e9mne sedat\u00edvne a \u010dasto vedie k preva\u017ene letargick\u00e9mu stavu. Na vy\u0161\u0161\u00edch \u00farovniach to sp\u00f4sobuje, \u017ee pou\u017e\u00edvatelia maj\u00fa zrazu pocit, \u017ee s\u00fa extr\u00e9mne nevyspat\u00ed a cel\u00e9 dni nespali, \u010do ich n\u00fati sadn\u00fa\u0165 si a celkovo maj\u00fa pocit, \u017ee s\u00fa neust\u00e1le na pokraji omdletia namiesto toho, aby sa venovali fyzick\u00fdm aktivit\u00e1m. Tento pocit nedostatku sp\u00e1nku sa zvy\u0161uje \u00famerne s d\u00e1vkovan\u00edm a nakoniec sa st\u00e1va dostato\u010dne siln\u00fdm, aby prin\u00fatil \u010dloveka do \u00fapln\u00e9ho bezvedomia.<\/li>\n<li><b><a href=\"https:\/\/psychonautwiki.org\/wiki\/Muscle_relaxation\"> Svalov\u00e1 relax\u00e1cia<\/a><\/b>\u00a0\u2013 Tento \u00fa\u010dinok je obzvl\u00e1\u0161\u0165 siln\u00fd v porovnan\u00ed s in\u00fdmi benzodiazep\u00ednmi, ako je\u00a0<a href=\"https:\/\/psychonautwiki.org\/wiki\/Alprazolam\">alprazolam<\/a>.<\/li>\n<li><b><a href=\"https:\/\/psychonautwiki.org\/wiki\/Motor_control_loss\">Strata riadenia motora<\/a><\/b><\/li>\n<li><b><a href=\"https:\/\/psychonautwiki.org\/wiki\/Dizziness\">Z\u00e1vrat<\/a><\/b><\/li>\n<li><b><a href=\"https:\/\/psychonautwiki.org\/wiki\/Increased_libido\">Zv\u00fd\u0161en\u00e9 libido<\/a><\/b><\/li>\n<li><b><a href=\"https:\/\/psychonautwiki.org\/wiki\/Respiratory_depression\">\u00datlm d\u00fdchania<\/a><\/b><\/li>\n<\/ul>\n<p style=\"font-weight: 400\"><b><strong>Klonazolam\u00a0<\/strong><\/b>spad\u00e1 do triedy benzodiazep\u00ednov. Benzodiazep\u00edny obsahuj\u00fa benz\u00e9nov\u00fd kruh kondenzovan\u00fd k diazep\u00ednov\u00e9mu kruhu, \u010do je sedem\u010dlenn\u00fd kruh, ktor\u00fd m\u00e1 dve dus\u00edkov\u00e9 zlo\u017eky umiestnen\u00e9 na R1 a R4. Benzylov\u00fd kruh klonazolamu je na R8 substituovan\u00fd nitroskupinou N02-. Diazep\u00ednov\u00fd kruh je tie\u017e naviazan\u00fd na R6 na 2-chl\u00f3rovan\u00fd fenylov\u00fd kruh.<\/p>\n<p style=\"font-weight: 400\"><a href=\"https:\/\/www.bestglobalmeds.com\/product\/ research-chemicals\/buy-clonazolam-powder\/\">Klonazolam<\/a> obsahuje 1-metylovan\u00fd triazolov\u00fd kruh spojen\u00fd s R1 a R2 jeho diazep\u00ednov\u00e9ho kruhu, ktor\u00fd obsahuje R1 a R2. Klonazolam patr\u00ed do triedy benzodiazep\u00ednov obsahuj\u00facich tento kondenzovan\u00fd triazolov\u00fd kruh, naz\u00fdvan\u00fdch triazolobenzodiazep\u00edny, ktor\u00e9 sa vyzna\u010duj\u00fa pr\u00edponou -zolam. Medzi \u010fal\u0161ie nitrobenzodiazep\u00edny patr\u00ed klonazepam a flunitrazepam.<\/p>\n<p style=\"font-weight: 400\">6-(2-chl\u00f3rfenyl)-1-metyl-8-nitro-4H-s-triazolo-(4,3- a)-(1,4)-benzodiazep\u00edn<\/p>\n<p>Tento produkt sa pred\u00e1va len na v\u00fdskumn\u00e9 \u00fa\u010dely a nepou\u017e\u00edva sa na \u017eiadne in\u00e9 \u00fa\u010dely vr\u00e1tane, ale nie v\u00fdlu\u010dne, na diagnostick\u00e9 \u00fa\u010dely in vivo v potravin\u00e1ch, v liekoch, v lie\u010div\u00fdch pom\u00f4ckach a\/alebo kozmetike pre \u013eud\u00ed a\/alebo zvierat\u00e1.<\/p>\n<p style=\"font-weight: 400\">Pred objedn\u00e1vkou sa pros\u00edm uistite, \u017ee ste spr\u00e1vne vybaven\u00ed na v\u00fdskum chemik\u00e1li\u00ed a \u010di je v\u00e1\u0161 pracovn\u00fd priestor dobre vetran\u00fd.<\/p>\n<p style=\"font-weight: 400\">Na objednanie tohto produktu mus\u00edte ma\u0165 18 alebo viac rokov.<\/p>\n","protected":false},"excerpt":{"rendered":"<div class=\"woocommerce-product-details__short-description\">\n<p>Nakupujte \u010dist\u00fd vysokokvalitn\u00fd pr\u00e1\u0161ok Clonazolam Europe, UK, EU online za bitcoiny &#8211; Nakupujte leg\u00e1lne drogy online, kupujte klonazolamov\u00e9 chemik\u00e1lie, kupujte surov\u00e9 farmaceutick\u00e9 pr\u00e1\u0161ky.<\/p>\n<p>S bitcoinmi si m\u00f4\u017eete k\u00fapi\u0165 \u010dist\u00fd, vysokokvalitn\u00fd klonazolamov\u00fd pr\u00e1\u0161ok online. M\u00f4\u017eete si k\u00fapi\u0165 leg\u00e1lne lieky, v\u00fdskumn\u00e9 chemik\u00e1lie a farmaceutick\u00e9 surov\u00e9 pr\u00e1\u0161ky na celom internete.<\/p>\n<p>K\u00fapte si Clonazolam, aby ste zn\u00ed\u017eili \u00fazkos\u0165 a z\u00e1chvaty paniky. M\u00e1 pozit\u00edvny vplyv na va\u0161u du\u0161evn\u00fa pohodu.<\/p>\n<p>Kde m\u00f4\u017eem z\u00edska\u0165 klonazolam v USA? Predajca klonazolamu, r\u00fdchle dodanie, skvel\u00e1 kvalita a schopnos\u0165 \u013eahko sa vyhn\u00fa\u0165 coln\u00fdm opatreniam<\/p>\n<p>Nakupujte pr\u00e1\u0161ok klonazolamu na internete. Klonazolam je \u0161trukt\u00farne identick\u00fd s klonazepamom, s v\u00fdnimkou 1,2,4-triazolov\u00e9ho kruhu kondenzovan\u00e9ho na benz\u00e9nov\u00fd kruh. Na \u010do sa liek Clonazolam pou\u017e\u00edva a ako pom\u00e1ha \u013eu\u010fom? Medzit\u00fdm je Clonazolam dostupn\u00fd v\u00fdlu\u010dne na v\u00fdskumn\u00e9 \u00fa\u010dely a nie na \u013eudsk\u00fa spotrebu.<\/p>\n<\/p><\/div>\n","protected":false},"featured_media":5479,"comment_status":"open","ping_status":"closed","template":"","meta":[],"product_brand":[],"product_cat":[2014],"product_tag":[2771,2769,2770,2749,2754,2763,2773,2757,2758,2759,2764,2765,2766,2768,2775,2776,2777,2755,2760,2762,2761,2767,2750,2751,2756,2753,2752,2748,2774,2772],"class_list":{"0":"post-5469","1":"product","2":"type-product","3":"status-publish","4":"has-post-thumbnail","6":"product_cat-k-c3-bapi-c5-a5-v-c3-bdskumn-c3-a9-chemik-c3-a1lie","7":"product_tag-ako-si-objedna-clonazolam-prok-online","8":"product_tag-ako-konzumova-clonazolam-prok","9":"product_tag-ako-zska-ist-klonazolam-prok-online","10":"product_tag-buy-clon-clam-powder","11":"product_tag-buy-pure-clonazolam-powder-online","12":"product_tag-klonazolam-prok-cena","13":"product_tag-ist-klonazolamov-prok","14":"product_tag-clonazolam-for-sale","15":"product_tag-clonazolam-powder","16":"product_tag-clonazolam-powder-education","17":"product_tag-clonazolam-price","18":"product_tag-clonazolam-research","19":"product_tag-clonitrazolam-powder-best-price-online","20":"product_tag-eclonazolam-prok-na-predaj","21":"product_tag-kde-kpi-clonazolam-prok","22":"product_tag-kde-kpi-clonazolam-prok-online","23":"product_tag-kde-na-kpi-klonitrazolam-prok-online","24":"product_tag-klonazolam","25":"product_tag-klonazolam-powder-eu","26":"product_tag-klonazolam-prok-online","27":"product_tag-klonazolam-powder-in-canada","28":"product_tag-krytalick-klonazolam-prok","29":"product_tag-k-c3-bapi-c5-a5-klonazolam","30":"product_tag-k-c3-bapi-c5-a5-klonazolam-online","31":"product_tag-klonazolam-k-c3-bapi-c5-a5","32":"product_tag-kpi-clonazolam-prok-online","33":"product_tag-kpi-klonazolam-prok","34":"product_tag-kpi-lacno-clonazolam-prok-online","35":"product_tag-kvalitn-klonazolam-prok","36":"product_tag-objednvka-c-lam-trott-2019-prok","38":"first","39":"instock","40":"shipping-taxable","41":"purchasable","42":"product-type-variable","43":"has-default-attributes"},"yoast_head":"<!-- This site is optimized with the Yoast SEO plugin v27.3 - https:\/\/yoast.com\/product\/yoast-seo-wordpress\/ -->\n<title>K\u00fapi\u0165 Clonazolam Powder - Clonazolam Powder - Najlep\u0161ie najlep\u0161ie glob\u00e1lne lieky<\/title>\n<meta name=\"description\" content=\"K\u00fapte si \u010dist\u00fd vysokokvalitn\u00fd pr\u00e1\u0161ok klonazolamu Eur\u00f3pa, Spojen\u00e9 kr\u00e1\u013eovstvo, E\u00da online s bitco\u00ednom \u2013 nakupujte leg\u00e1lne drogy online, nakupujte chemik\u00e1lie klonazolamu, nakupujte surov\u00e9 farmaceutick\u00e9 pr\u00e1\u0161ky.\" \/>\n<meta name=\"robots\" content=\"index, follow, max-snippet:-1, max-image-preview:large, max-video-preview:-1\" \/>\n<link rel=\"canonical\" href=\"https:\/\/medicinasinc.com\/sk\/product\/kupit-klonazolam-prasok\/\" \/>\n<meta property=\"og:locale\" content=\"en_US\" \/>\n<meta property=\"og:type\" content=\"article\" \/>\n<meta property=\"og:title\" content=\"K\u00fapi\u0165 Clonazolam Powder - Clonazolam Powder - Najlep\u0161ie najlep\u0161ie glob\u00e1lne lieky\" \/>\n<meta property=\"og:description\" content=\"K\u00fapte si \u010dist\u00fd vysokokvalitn\u00fd pr\u00e1\u0161ok klonazolamu Eur\u00f3pa, Spojen\u00e9 kr\u00e1\u013eovstvo, E\u00da online s bitco\u00ednom \u2013 nakupujte leg\u00e1lne drogy online, nakupujte chemik\u00e1lie klonazolamu, nakupujte surov\u00e9 farmaceutick\u00e9 pr\u00e1\u0161ky.\" \/>\n<meta property=\"og:url\" content=\"https:\/\/medicinasinc.com\/sk\/product\/kupit-klonazolam-prasok\/\" \/>\n<meta property=\"og:site_name\" content=\"Medicinas Inc\" \/>\n<meta property=\"article:modified_time\" content=\"2022-03-22T00:58:10+00:00\" \/>\n<meta property=\"og:image\" content=\"https:\/\/medicinasinc.com\/sk\/wp-content\/uploads\/sites\/10\/2022\/02\/Buy-Clonazolam-Powder.jpeg\" \/>\n\t<meta property=\"og:image:width\" content=\"566\" \/>\n\t<meta property=\"og:image:height\" content=\"600\" \/>\n\t<meta property=\"og:image:type\" content=\"image\/jpeg\" \/>\n<meta name=\"twitter:card\" content=\"summary_large_image\" \/>\n<meta name=\"twitter:label1\" content=\"Est. reading time\" \/>\n\t<meta name=\"twitter:data1\" content=\"2 minutes\" \/>\n<script type=\"application\/ld+json\" class=\"yoast-schema-graph\">{\"@context\":\"https:\\\/\\\/schema.org\",\"@graph\":[{\"@type\":\"WebPage\",\"@id\":\"https:\\\/\\\/medicinasinc.com\\\/sk\\\/product\\\/kupit-klonazolam-prasok\\\/\",\"url\":\"https:\\\/\\\/medicinasinc.com\\\/sk\\\/product\\\/kupit-klonazolam-prasok\\\/\",\"name\":\"K\u00fapi\u0165 Clonazolam Powder - Clonazolam Powder - Najlep\u0161ie najlep\u0161ie glob\u00e1lne lieky\",\"isPartOf\":{\"@id\":\"https:\\\/\\\/medicinasinc.com\\\/sk\\\/#website\"},\"primaryImageOfPage\":{\"@id\":\"https:\\\/\\\/medicinasinc.com\\\/sk\\\/product\\\/kupit-klonazolam-prasok\\\/#primaryimage\"},\"image\":{\"@id\":\"https:\\\/\\\/medicinasinc.com\\\/sk\\\/product\\\/kupit-klonazolam-prasok\\\/#primaryimage\"},\"thumbnailUrl\":\"https:\\\/\\\/medicinasinc.com\\\/sk\\\/wp-content\\\/uploads\\\/sites\\\/10\\\/2022\\\/02\\\/Buy-Clonazolam-Powder.jpeg\",\"datePublished\":\"2022-02-22T00:05:12+00:00\",\"dateModified\":\"2022-03-22T00:58:10+00:00\",\"description\":\"K\u00fapte si \u010dist\u00fd vysokokvalitn\u00fd pr\u00e1\u0161ok klonazolamu Eur\u00f3pa, Spojen\u00e9 kr\u00e1\u013eovstvo, E\u00da online s bitco\u00ednom \u2013 nakupujte leg\u00e1lne drogy online, nakupujte chemik\u00e1lie klonazolamu, nakupujte surov\u00e9 farmaceutick\u00e9 pr\u00e1\u0161ky.\",\"breadcrumb\":{\"@id\":\"https:\\\/\\\/medicinasinc.com\\\/sk\\\/product\\\/kupit-klonazolam-prasok\\\/#breadcrumb\"},\"inLanguage\":\"en-US\",\"potentialAction\":[{\"@type\":\"ReadAction\",\"target\":[\"https:\\\/\\\/medicinasinc.com\\\/sk\\\/product\\\/kupit-klonazolam-prasok\\\/\"]}]},{\"@type\":\"ImageObject\",\"inLanguage\":\"en-US\",\"@id\":\"https:\\\/\\\/medicinasinc.com\\\/sk\\\/product\\\/kupit-klonazolam-prasok\\\/#primaryimage\",\"url\":\"https:\\\/\\\/medicinasinc.com\\\/sk\\\/wp-content\\\/uploads\\\/sites\\\/10\\\/2022\\\/02\\\/Buy-Clonazolam-Powder.jpeg\",\"contentUrl\":\"https:\\\/\\\/medicinasinc.com\\\/sk\\\/wp-content\\\/uploads\\\/sites\\\/10\\\/2022\\\/02\\\/Buy-Clonazolam-Powder.jpeg\",\"width\":566,\"height\":600},{\"@type\":\"BreadcrumbList\",\"@id\":\"https:\\\/\\\/medicinasinc.com\\\/sk\\\/product\\\/kupit-klonazolam-prasok\\\/#breadcrumb\",\"itemListElement\":[{\"@type\":\"ListItem\",\"position\":1,\"name\":\"Obchod\",\"item\":\"https:\\\/\\\/medicinasinc.com\\\/sk\\\/obchod\\\/\"},{\"@type\":\"ListItem\",\"position\":2,\"name\":\"K\u00fapi\u0165 Clonazolam Powder\"}]},{\"@type\":\"WebSite\",\"@id\":\"https:\\\/\\\/medicinasinc.com\\\/sk\\\/#website\",\"url\":\"https:\\\/\\\/medicinasinc.com\\\/sk\\\/\",\"name\":\"Medicinas Inc\",\"description\":\"Health Medical Clinic\",\"potentialAction\":[{\"@type\":\"SearchAction\",\"target\":{\"@type\":\"EntryPoint\",\"urlTemplate\":\"https:\\\/\\\/medicinasinc.com\\\/sk\\\/?s={search_term_string}\"},\"query-input\":{\"@type\":\"PropertyValueSpecification\",\"valueRequired\":true,\"valueName\":\"search_term_string\"}}],\"inLanguage\":\"en-US\"}]}<\/script>\n<!-- \/ Yoast SEO plugin. -->","yoast_head_json":{"title":"K\u00fapi\u0165 Clonazolam Powder - Clonazolam Powder - Najlep\u0161ie najlep\u0161ie glob\u00e1lne lieky","description":"K\u00fapte si \u010dist\u00fd vysokokvalitn\u00fd pr\u00e1\u0161ok klonazolamu Eur\u00f3pa, Spojen\u00e9 kr\u00e1\u013eovstvo, E\u00da online s bitco\u00ednom \u2013 nakupujte leg\u00e1lne drogy online, nakupujte chemik\u00e1lie klonazolamu, nakupujte surov\u00e9 farmaceutick\u00e9 pr\u00e1\u0161ky.","robots":{"index":"index","follow":"follow","max-snippet":"max-snippet:-1","max-image-preview":"max-image-preview:large","max-video-preview":"max-video-preview:-1"},"canonical":"https:\/\/medicinasinc.com\/sk\/product\/kupit-klonazolam-prasok\/","og_locale":"en_US","og_type":"article","og_title":"K\u00fapi\u0165 Clonazolam Powder - Clonazolam Powder - Najlep\u0161ie najlep\u0161ie glob\u00e1lne lieky","og_description":"K\u00fapte si \u010dist\u00fd vysokokvalitn\u00fd pr\u00e1\u0161ok klonazolamu Eur\u00f3pa, Spojen\u00e9 kr\u00e1\u013eovstvo, E\u00da online s bitco\u00ednom \u2013 nakupujte leg\u00e1lne drogy online, nakupujte chemik\u00e1lie klonazolamu, nakupujte surov\u00e9 farmaceutick\u00e9 pr\u00e1\u0161ky.","og_url":"https:\/\/medicinasinc.com\/sk\/product\/kupit-klonazolam-prasok\/","og_site_name":"Medicinas Inc","article_modified_time":"2022-03-22T00:58:10+00:00","og_image":[{"width":566,"height":600,"url":"https:\/\/medicinasinc.com\/sk\/wp-content\/uploads\/sites\/10\/2022\/02\/Buy-Clonazolam-Powder.jpeg","type":"image\/jpeg"}],"twitter_card":"summary_large_image","twitter_misc":{"Est. reading time":"2 minutes"},"schema":{"@context":"https:\/\/schema.org","@graph":[{"@type":"WebPage","@id":"https:\/\/medicinasinc.com\/sk\/product\/kupit-klonazolam-prasok\/","url":"https:\/\/medicinasinc.com\/sk\/product\/kupit-klonazolam-prasok\/","name":"K\u00fapi\u0165 Clonazolam Powder - Clonazolam Powder - Najlep\u0161ie najlep\u0161ie glob\u00e1lne lieky","isPartOf":{"@id":"https:\/\/medicinasinc.com\/sk\/#website"},"primaryImageOfPage":{"@id":"https:\/\/medicinasinc.com\/sk\/product\/kupit-klonazolam-prasok\/#primaryimage"},"image":{"@id":"https:\/\/medicinasinc.com\/sk\/product\/kupit-klonazolam-prasok\/#primaryimage"},"thumbnailUrl":"https:\/\/medicinasinc.com\/sk\/wp-content\/uploads\/sites\/10\/2022\/02\/Buy-Clonazolam-Powder.jpeg","datePublished":"2022-02-22T00:05:12+00:00","dateModified":"2022-03-22T00:58:10+00:00","description":"K\u00fapte si \u010dist\u00fd vysokokvalitn\u00fd pr\u00e1\u0161ok klonazolamu Eur\u00f3pa, Spojen\u00e9 kr\u00e1\u013eovstvo, E\u00da online s bitco\u00ednom \u2013 nakupujte leg\u00e1lne drogy online, nakupujte chemik\u00e1lie klonazolamu, nakupujte surov\u00e9 farmaceutick\u00e9 pr\u00e1\u0161ky.","breadcrumb":{"@id":"https:\/\/medicinasinc.com\/sk\/product\/kupit-klonazolam-prasok\/#breadcrumb"},"inLanguage":"en-US","potentialAction":[{"@type":"ReadAction","target":["https:\/\/medicinasinc.com\/sk\/product\/kupit-klonazolam-prasok\/"]}]},{"@type":"ImageObject","inLanguage":"en-US","@id":"https:\/\/medicinasinc.com\/sk\/product\/kupit-klonazolam-prasok\/#primaryimage","url":"https:\/\/medicinasinc.com\/sk\/wp-content\/uploads\/sites\/10\/2022\/02\/Buy-Clonazolam-Powder.jpeg","contentUrl":"https:\/\/medicinasinc.com\/sk\/wp-content\/uploads\/sites\/10\/2022\/02\/Buy-Clonazolam-Powder.jpeg","width":566,"height":600},{"@type":"BreadcrumbList","@id":"https:\/\/medicinasinc.com\/sk\/product\/kupit-klonazolam-prasok\/#breadcrumb","itemListElement":[{"@type":"ListItem","position":1,"name":"Obchod","item":"https:\/\/medicinasinc.com\/sk\/obchod\/"},{"@type":"ListItem","position":2,"name":"K\u00fapi\u0165 Clonazolam Powder"}]},{"@type":"WebSite","@id":"https:\/\/medicinasinc.com\/sk\/#website","url":"https:\/\/medicinasinc.com\/sk\/","name":"Medicinas Inc","description":"Health Medical Clinic","potentialAction":[{"@type":"SearchAction","target":{"@type":"EntryPoint","urlTemplate":"https:\/\/medicinasinc.com\/sk\/?s={search_term_string}"},"query-input":{"@type":"PropertyValueSpecification","valueRequired":true,"valueName":"search_term_string"}}],"inLanguage":"en-US"}]}},"_links":{"self":[{"href":"https:\/\/medicinasinc.com\/sk\/wp-json\/wp\/v2\/product\/5469","targetHints":{"allow":["GET"]}}],"collection":[{"href":"https:\/\/medicinasinc.com\/sk\/wp-json\/wp\/v2\/product"}],"about":[{"href":"https:\/\/medicinasinc.com\/sk\/wp-json\/wp\/v2\/types\/product"}],"replies":[{"embeddable":true,"href":"https:\/\/medicinasinc.com\/sk\/wp-json\/wp\/v2\/comments?post=5469"}],"wp:featuredmedia":[{"embeddable":true,"href":"https:\/\/medicinasinc.com\/sk\/wp-json\/wp\/v2\/media\/5479"}],"wp:attachment":[{"href":"https:\/\/medicinasinc.com\/sk\/wp-json\/wp\/v2\/media?parent=5469"}],"wp:term":[{"taxonomy":"product_brand","embeddable":true,"href":"https:\/\/medicinasinc.com\/sk\/wp-json\/wp\/v2\/product_brand?post=5469"},{"taxonomy":"product_cat","embeddable":true,"href":"https:\/\/medicinasinc.com\/sk\/wp-json\/wp\/v2\/product_cat?post=5469"},{"taxonomy":"product_tag","embeddable":true,"href":"https:\/\/medicinasinc.com\/sk\/wp-json\/wp\/v2\/product_tag?post=5469"}],"curies":[{"name":"wp","href":"https:\/\/api.w.org\/{rel}","templated":true}]}}