{"id":5443,"date":"2022-02-21T23:37:16","date_gmt":"2022-02-21T23:37:16","guid":{"rendered":"https:\/\/medicinasinc.com\/sk\/?post_type=product&#038;p=5443"},"modified":"2022-03-22T00:58:28","modified_gmt":"2022-03-22T00:58:28","slug":"kupit-bufedron-prasok","status":"publish","type":"product","link":"https:\/\/medicinasinc.com\/sk\/product\/kupit-bufedron-prasok\/","title":{"rendered":"K\u00fapte si pr\u00e1\u0161ok Buphedrone"},"content":{"rendered":"<p>Zak\u00fapte si bufedronov\u00fd pr\u00e1\u0161ok<\/p>\n<p>Prezrite si n\u00e1\u0161 online katal\u00f3g n\u00e1kupu bufedronov\u00e9ho pr\u00e1\u0161ku alebo kry\u0161t\u00e1lov. Pon\u00fakame vysoko kvalitn\u00e9 produkty za rozumn\u00e9 ceny. Objedn\u00e1vky s &#8220;medzis\u00fa\u010dtom&#8221; aspo\u0148 10 g z\u00edskaj\u00fa 25% z\u013eavu.<\/p>\n<p>\u010co to vlastne Buphedrone je?<br \/> T\u00e1to zn\u00e1ma v\u00fdskumn\u00e1 chemik\u00e1lia je stimulantom chemick\u00fdch tried fenetylam\u00ednu a katin\u00f3nu. Bufedron je beta-ket\u00f3n, ktor\u00fd s\u00favis\u00ed s prirodzene sa vyskytuj\u00facimi zl\u00fa\u010deninami katin\u00f3nom a kat\u00ednom. Je tie\u017e zn\u00e1my ako -metylamino-butyrofen\u00f3n alebo fenylacetoetyl-metylam\u00edn.<\/p>\n<p>Bufedronov\u00fd pr\u00e1\u0161ok\/K\u00fapi\u0165 bufedronov\u00fd pr\u00e1\u0161ok<\/p>\n<p>Pr\u00e1\u0161kov\u00fd bufedr\u00f3n<\/p>\n<p>Tie\u017e s\u00favis\u00ed s metamfetam\u00ednom, s -ket\u00f3nov\u00fdm substituentom (na uhl\u00edku beta) a etylovou skupinou nahradzuj\u00facou metylov\u00fa skupinu na uhl\u00edku alfa am\u00ednu. Jeho \u00fa\u010dinky na testovan\u00e9 subjekty sa porovn\u00e1vali s \u00fa\u010dinkami metamfetam\u00ednu, pri\u010dom v \u0161t\u00fadi\u00e1ch bola pozorovan\u00e1 v\u00e4\u010d\u0161ia euf\u00f3ria a men\u0161ia fyzick\u00e1 stimul\u00e1cia. Zvy\u0161uje uvo\u013e\u0148ovanie dopam\u00ednu z dopam\u00ednergn\u00fdch nervov\u00fdch zakon\u010den\u00ed v mozgu.<\/p>\n<p>Pr\u00e1\u0161kov\u00fd bufedron<\/p>\n<p>N\u00e1hrady katin\u00f3nu, ako napr\u00edklad ethkatin\u00f3n, s\u00fa psychoakt\u00edvne zl\u00fa\u010deniny, ktor\u00e9 sa be\u017ene pou\u017e\u00edvaj\u00fa ako rekrea\u010dn\u00e9 drogy.<\/p>\n<p>Niektor\u00e9 z nich maj\u00fa \u00fa\u010dinky podobn\u00e9 amfetam\u00ednu.<\/p>\n<p>3 Bufedron (hydrochlorid) je substituovan\u00fd katin\u00f3n s etylovou skupinou v polohe alfa a metylovou skupinou na N-konci. T\u00e1to zl\u00fa\u010denina bola n\u00e1jden\u00e1 v produktoch s\u00favisiacich so stimulantmi. 2 Jeho biologick\u00e9 a toxikologick\u00e9 vlastnosti musia by\u0165 e\u0161te stanoven\u00e9. Tento produkt je ur\u010den\u00fd na forenzn\u00e9 pou\u017eitie.<\/p>\n","protected":false},"excerpt":{"rendered":"<div class=\"woocommerce-product-details__short-description\">\n<p><em>Nakupujte<\/em>\u00a0\u010dist\u00fd vysoko kvalitn\u00fd\u00a0<em>Buphedrone Powder<\/em>\u00a0online za bitcoiny &#8211; <em>K\u00fapi\u0165<\/em>\u00a0leg\u00e1lne drogy online,\u00a0<em>k\u00fapi\u0165<\/em>\u00a0chemik\u00e1lie na v\u00fdskum,\u00a0<em>k\u00fapi\u0165<\/em>\u00a0surov\u00e9 farmaceutick\u00e9\u00a0<em>pr\u00e1\u0161ky<\/em>.<\/p>\n<p>K\u00fapi\u0165 Buphedrone Powder V USA N\u00e1kup vo ve\u013ekom Buphedrone, tie\u017e zn\u00e1my ako MABP, je stimulant chemickej triedy fenetylam\u00ednu a katin\u00f3nu.<\/p>\n<p>K\u00fapte si bufedronov\u00fd pr\u00e1\u0161ok online.<\/p>\n<p>Buphedrone, tie\u017e zn\u00e1my ako -metylamino -butyrofen\u00f3n (MABP), je fenetylam\u00ednov\u00fd a katin\u00f3nov\u00fd stimulant, ktor\u00fd bol prv\u00fdkr\u00e1t syntetizovan\u00fd v roku 1928.<\/p>\n<\/p><\/div>\n","protected":false},"featured_media":5455,"comment_status":"open","ping_status":"closed","template":"","meta":[],"product_brand":[],"product_cat":[2014],"product_tag":[2726,2728,2730,2732,2731,2733,2729,2734,2727,2737,2736,2735],"class_list":{"0":"post-5443","1":"product","2":"type-product","3":"status-publish","4":"has-post-thumbnail","6":"product_cat-k-c3-bapi-c5-a5-v-c3-bdskumn-c3-a9-chemik-c3-a1lie","7":"product_tag-bufedronov-prok","8":"product_tag-bufedron-prok-europe","9":"product_tag-bufedron-prok-nemecko","10":"product_tag-buphedrone-powder-reddit","11":"product_tag-bufedron-prok-taliansko","12":"product_tag-buphedrone-powder-uk","13":"product_tag-buphedrone-powder-for-sale","14":"product_tag-buy-buphedrone-powder","15":"product_tag-bufedron-c3-bd-pr-c3-a1-c5-a1kov-c3-bd-efekt","16":"product_tag-kde-kpi-bufedron-prok","17":"product_tag-kvalitn-bufedron-prok","18":"product_tag-objednvka-bufedron-prok","20":"first","21":"instock","22":"shipping-taxable","23":"purchasable","24":"product-type-variable"},"yoast_head":"<!-- This site is optimized with the Yoast SEO plugin v27.3 - https:\/\/yoast.com\/product\/yoast-seo-wordpress\/ -->\n<title>K\u00fapi\u0165 Buphedrone powder - Buphedrone powder - Best Global Meds<\/title>\n<meta name=\"description\" content=\"K\u00fapte si bufedronov\u00fd pr\u00e1\u0161ok na predaj vo Ve\u013ekej Brit\u00e1nii, E\u00da, Eur\u00f3pe (\u03b1-metylamino-butyrofen\u00f3n alebo MABP) kry\u0161t\u00e1l a pr\u00e1\u0161ok s 99,9% \u010distotou online so zabezpe\u010den\u00fdm .\" \/>\n<meta name=\"robots\" content=\"index, follow, max-snippet:-1, max-image-preview:large, max-video-preview:-1\" \/>\n<link rel=\"canonical\" href=\"https:\/\/medicinasinc.com\/sk\/product\/kupit-bufedron-prasok\/\" \/>\n<meta property=\"og:locale\" content=\"en_US\" \/>\n<meta property=\"og:type\" content=\"article\" \/>\n<meta property=\"og:title\" content=\"K\u00fapi\u0165 Buphedrone powder - Buphedrone powder - Best Global Meds\" \/>\n<meta property=\"og:description\" content=\"K\u00fapte si bufedronov\u00fd pr\u00e1\u0161ok na predaj vo Ve\u013ekej Brit\u00e1nii, E\u00da, Eur\u00f3pe (\u03b1-metylamino-butyrofen\u00f3n alebo MABP) kry\u0161t\u00e1l a pr\u00e1\u0161ok s 99,9% \u010distotou online so zabezpe\u010den\u00fdm .\" \/>\n<meta property=\"og:url\" content=\"https:\/\/medicinasinc.com\/sk\/product\/kupit-bufedron-prasok\/\" \/>\n<meta property=\"og:site_name\" content=\"Medicinas Inc\" \/>\n<meta property=\"article:modified_time\" content=\"2022-03-22T00:58:28+00:00\" \/>\n<meta property=\"og:image\" content=\"https:\/\/medicinasinc.com\/sk\/wp-content\/uploads\/sites\/10\/2022\/02\/Buy-Buphedrone-powder.png\" \/>\n\t<meta property=\"og:image:width\" content=\"600\" \/>\n\t<meta property=\"og:image:height\" content=\"400\" \/>\n\t<meta property=\"og:image:type\" content=\"image\/png\" \/>\n<meta name=\"twitter:card\" content=\"summary_large_image\" \/>\n<meta name=\"twitter:label1\" content=\"Est. reading time\" \/>\n\t<meta name=\"twitter:data1\" content=\"1 minute\" \/>\n<script type=\"application\/ld+json\" class=\"yoast-schema-graph\">{\"@context\":\"https:\\\/\\\/schema.org\",\"@graph\":[{\"@type\":\"WebPage\",\"@id\":\"https:\\\/\\\/medicinasinc.com\\\/sk\\\/product\\\/kupit-bufedron-prasok\\\/\",\"url\":\"https:\\\/\\\/medicinasinc.com\\\/sk\\\/product\\\/kupit-bufedron-prasok\\\/\",\"name\":\"K\u00fapi\u0165 Buphedrone powder - Buphedrone powder - Best Global Meds\",\"isPartOf\":{\"@id\":\"https:\\\/\\\/medicinasinc.com\\\/sk\\\/#website\"},\"primaryImageOfPage\":{\"@id\":\"https:\\\/\\\/medicinasinc.com\\\/sk\\\/product\\\/kupit-bufedron-prasok\\\/#primaryimage\"},\"image\":{\"@id\":\"https:\\\/\\\/medicinasinc.com\\\/sk\\\/product\\\/kupit-bufedron-prasok\\\/#primaryimage\"},\"thumbnailUrl\":\"https:\\\/\\\/medicinasinc.com\\\/sk\\\/wp-content\\\/uploads\\\/sites\\\/10\\\/2022\\\/02\\\/Buy-Buphedrone-powder.png\",\"datePublished\":\"2022-02-21T23:37:16+00:00\",\"dateModified\":\"2022-03-22T00:58:28+00:00\",\"description\":\"K\u00fapte si bufedronov\u00fd pr\u00e1\u0161ok na predaj vo Ve\u013ekej Brit\u00e1nii, E\u00da, Eur\u00f3pe (\u03b1-metylamino-butyrofen\u00f3n alebo MABP) kry\u0161t\u00e1l a pr\u00e1\u0161ok s 99,9% \u010distotou online so zabezpe\u010den\u00fdm .\",\"breadcrumb\":{\"@id\":\"https:\\\/\\\/medicinasinc.com\\\/sk\\\/product\\\/kupit-bufedron-prasok\\\/#breadcrumb\"},\"inLanguage\":\"en-US\",\"potentialAction\":[{\"@type\":\"ReadAction\",\"target\":[\"https:\\\/\\\/medicinasinc.com\\\/sk\\\/product\\\/kupit-bufedron-prasok\\\/\"]}]},{\"@type\":\"ImageObject\",\"inLanguage\":\"en-US\",\"@id\":\"https:\\\/\\\/medicinasinc.com\\\/sk\\\/product\\\/kupit-bufedron-prasok\\\/#primaryimage\",\"url\":\"https:\\\/\\\/medicinasinc.com\\\/sk\\\/wp-content\\\/uploads\\\/sites\\\/10\\\/2022\\\/02\\\/Buy-Buphedrone-powder.png\",\"contentUrl\":\"https:\\\/\\\/medicinasinc.com\\\/sk\\\/wp-content\\\/uploads\\\/sites\\\/10\\\/2022\\\/02\\\/Buy-Buphedrone-powder.png\",\"width\":600,\"height\":400},{\"@type\":\"BreadcrumbList\",\"@id\":\"https:\\\/\\\/medicinasinc.com\\\/sk\\\/product\\\/kupit-bufedron-prasok\\\/#breadcrumb\",\"itemListElement\":[{\"@type\":\"ListItem\",\"position\":1,\"name\":\"Obchod\",\"item\":\"https:\\\/\\\/medicinasinc.com\\\/sk\\\/obchod\\\/\"},{\"@type\":\"ListItem\",\"position\":2,\"name\":\"K\u00fapte si pr\u00e1\u0161ok Buphedrone\"}]},{\"@type\":\"WebSite\",\"@id\":\"https:\\\/\\\/medicinasinc.com\\\/sk\\\/#website\",\"url\":\"https:\\\/\\\/medicinasinc.com\\\/sk\\\/\",\"name\":\"Medicinas Inc\",\"description\":\"Health Medical Clinic\",\"potentialAction\":[{\"@type\":\"SearchAction\",\"target\":{\"@type\":\"EntryPoint\",\"urlTemplate\":\"https:\\\/\\\/medicinasinc.com\\\/sk\\\/?s={search_term_string}\"},\"query-input\":{\"@type\":\"PropertyValueSpecification\",\"valueRequired\":true,\"valueName\":\"search_term_string\"}}],\"inLanguage\":\"en-US\"}]}<\/script>\n<!-- \/ Yoast SEO plugin. -->","yoast_head_json":{"title":"K\u00fapi\u0165 Buphedrone powder - Buphedrone powder - Best Global Meds","description":"K\u00fapte si bufedronov\u00fd pr\u00e1\u0161ok na predaj vo Ve\u013ekej Brit\u00e1nii, E\u00da, Eur\u00f3pe (\u03b1-metylamino-butyrofen\u00f3n alebo MABP) kry\u0161t\u00e1l a pr\u00e1\u0161ok s 99,9% \u010distotou online so zabezpe\u010den\u00fdm .","robots":{"index":"index","follow":"follow","max-snippet":"max-snippet:-1","max-image-preview":"max-image-preview:large","max-video-preview":"max-video-preview:-1"},"canonical":"https:\/\/medicinasinc.com\/sk\/product\/kupit-bufedron-prasok\/","og_locale":"en_US","og_type":"article","og_title":"K\u00fapi\u0165 Buphedrone powder - Buphedrone powder - Best Global Meds","og_description":"K\u00fapte si bufedronov\u00fd pr\u00e1\u0161ok na predaj vo Ve\u013ekej Brit\u00e1nii, E\u00da, Eur\u00f3pe (\u03b1-metylamino-butyrofen\u00f3n alebo MABP) kry\u0161t\u00e1l a pr\u00e1\u0161ok s 99,9% \u010distotou online so zabezpe\u010den\u00fdm .","og_url":"https:\/\/medicinasinc.com\/sk\/product\/kupit-bufedron-prasok\/","og_site_name":"Medicinas Inc","article_modified_time":"2022-03-22T00:58:28+00:00","og_image":[{"width":600,"height":400,"url":"https:\/\/medicinasinc.com\/sk\/wp-content\/uploads\/sites\/10\/2022\/02\/Buy-Buphedrone-powder.png","type":"image\/png"}],"twitter_card":"summary_large_image","twitter_misc":{"Est. reading time":"1 minute"},"schema":{"@context":"https:\/\/schema.org","@graph":[{"@type":"WebPage","@id":"https:\/\/medicinasinc.com\/sk\/product\/kupit-bufedron-prasok\/","url":"https:\/\/medicinasinc.com\/sk\/product\/kupit-bufedron-prasok\/","name":"K\u00fapi\u0165 Buphedrone powder - Buphedrone powder - Best Global Meds","isPartOf":{"@id":"https:\/\/medicinasinc.com\/sk\/#website"},"primaryImageOfPage":{"@id":"https:\/\/medicinasinc.com\/sk\/product\/kupit-bufedron-prasok\/#primaryimage"},"image":{"@id":"https:\/\/medicinasinc.com\/sk\/product\/kupit-bufedron-prasok\/#primaryimage"},"thumbnailUrl":"https:\/\/medicinasinc.com\/sk\/wp-content\/uploads\/sites\/10\/2022\/02\/Buy-Buphedrone-powder.png","datePublished":"2022-02-21T23:37:16+00:00","dateModified":"2022-03-22T00:58:28+00:00","description":"K\u00fapte si bufedronov\u00fd pr\u00e1\u0161ok na predaj vo Ve\u013ekej Brit\u00e1nii, E\u00da, Eur\u00f3pe (\u03b1-metylamino-butyrofen\u00f3n alebo MABP) kry\u0161t\u00e1l a pr\u00e1\u0161ok s 99,9% \u010distotou online so zabezpe\u010den\u00fdm .","breadcrumb":{"@id":"https:\/\/medicinasinc.com\/sk\/product\/kupit-bufedron-prasok\/#breadcrumb"},"inLanguage":"en-US","potentialAction":[{"@type":"ReadAction","target":["https:\/\/medicinasinc.com\/sk\/product\/kupit-bufedron-prasok\/"]}]},{"@type":"ImageObject","inLanguage":"en-US","@id":"https:\/\/medicinasinc.com\/sk\/product\/kupit-bufedron-prasok\/#primaryimage","url":"https:\/\/medicinasinc.com\/sk\/wp-content\/uploads\/sites\/10\/2022\/02\/Buy-Buphedrone-powder.png","contentUrl":"https:\/\/medicinasinc.com\/sk\/wp-content\/uploads\/sites\/10\/2022\/02\/Buy-Buphedrone-powder.png","width":600,"height":400},{"@type":"BreadcrumbList","@id":"https:\/\/medicinasinc.com\/sk\/product\/kupit-bufedron-prasok\/#breadcrumb","itemListElement":[{"@type":"ListItem","position":1,"name":"Obchod","item":"https:\/\/medicinasinc.com\/sk\/obchod\/"},{"@type":"ListItem","position":2,"name":"K\u00fapte si pr\u00e1\u0161ok Buphedrone"}]},{"@type":"WebSite","@id":"https:\/\/medicinasinc.com\/sk\/#website","url":"https:\/\/medicinasinc.com\/sk\/","name":"Medicinas Inc","description":"Health Medical Clinic","potentialAction":[{"@type":"SearchAction","target":{"@type":"EntryPoint","urlTemplate":"https:\/\/medicinasinc.com\/sk\/?s={search_term_string}"},"query-input":{"@type":"PropertyValueSpecification","valueRequired":true,"valueName":"search_term_string"}}],"inLanguage":"en-US"}]}},"_links":{"self":[{"href":"https:\/\/medicinasinc.com\/sk\/wp-json\/wp\/v2\/product\/5443","targetHints":{"allow":["GET"]}}],"collection":[{"href":"https:\/\/medicinasinc.com\/sk\/wp-json\/wp\/v2\/product"}],"about":[{"href":"https:\/\/medicinasinc.com\/sk\/wp-json\/wp\/v2\/types\/product"}],"replies":[{"embeddable":true,"href":"https:\/\/medicinasinc.com\/sk\/wp-json\/wp\/v2\/comments?post=5443"}],"wp:featuredmedia":[{"embeddable":true,"href":"https:\/\/medicinasinc.com\/sk\/wp-json\/wp\/v2\/media\/5455"}],"wp:attachment":[{"href":"https:\/\/medicinasinc.com\/sk\/wp-json\/wp\/v2\/media?parent=5443"}],"wp:term":[{"taxonomy":"product_brand","embeddable":true,"href":"https:\/\/medicinasinc.com\/sk\/wp-json\/wp\/v2\/product_brand?post=5443"},{"taxonomy":"product_cat","embeddable":true,"href":"https:\/\/medicinasinc.com\/sk\/wp-json\/wp\/v2\/product_cat?post=5443"},{"taxonomy":"product_tag","embeddable":true,"href":"https:\/\/medicinasinc.com\/sk\/wp-json\/wp\/v2\/product_tag?post=5443"}],"curies":[{"name":"wp","href":"https:\/\/api.w.org\/{rel}","templated":true}]}}