{"id":5442,"date":"2022-02-21T23:35:16","date_gmt":"2022-02-21T23:35:16","guid":{"rendered":"https:\/\/medicinasinc.com\/sk\/?post_type=product&#038;p=5442"},"modified":"2022-03-22T00:58:37","modified_gmt":"2022-03-22T00:58:37","slug":"kupit-alprazolam-prasok","status":"publish","type":"product","link":"https:\/\/medicinasinc.com\/sk\/product\/kupit-alprazolam-prasok\/","title":{"rendered":"K\u00fapi\u0165 pr\u00e1\u0161ok Alprazolam"},"content":{"rendered":"<p>Predaj alprazolamu<\/p>\n<p>Alprazolam je siln\u00fd benzodiazep\u00edn s kr\u00e1tkym pol\u010dasom rozpadu, ktor\u00fd uvo\u013e\u0148uje centr\u00e1lny nervov\u00fd syst\u00e9m. Tento liek sa v\u00e4\u010d\u0161inou pou\u017e\u00edva na lie\u010dbu \u00fazkostn\u00fdch a panick\u00fdch por\u00fach. Zv\u00fd\u0161en\u00e1 geriatrick\u00e1 popul\u00e1cia n\u00e1chyln\u00e1 na depresiu, ako aj prevalencia \u00fazkostn\u00fdch por\u00fach, ako je f\u00f3bia a generalizovan\u00e9 \u00fazkosti, poh\u00e1\u0148aj\u00fa dopyt po pr\u00e1\u0161ku Alprazolam. Okrem toho je rast odvetvia poh\u00e1\u0148an\u00fd r\u00fdchlym a stresuj\u00facim \u017eivotn\u00fdm \u0161t\u00fdlom, ktor\u00fd vedie k depresii. Okrem toho sa po\u010das progn\u00f3zovan\u00e9ho obdobia pl\u00e1nuje v\u00fdskum a v\u00fdvoj alprazolamu s cie\u013eom presk\u00fama\u0165 nov\u00e9 pr\u00edle\u017eitosti. Pr\u00edsne vl\u00e1dne nariadenia a nepriazniv\u00e9 \u00fa\u010dinky liekov, ako je drogov\u00e1 z\u00e1vislos\u0165, na druhej strane brzdia rast. ALPRAZOLAM je mo\u017en\u00e9 zak\u00fapi\u0165 online, rovnako ako ALPRAZOLAM na predaj.<\/p>\n<p>Pou\u017e\u00edvanie<\/p>\n<p>Alprazolam sa pou\u017e\u00edva na lie\u010dbu \u00fazkostn\u00fdch a panick\u00fdch por\u00fach (n\u00e1hle, nepredv\u00eddate\u013en\u00e9 epiz\u00f3dy intenz\u00edvneho strachu a ob\u00e1v z t\u00fdchto epiz\u00f3d ). Alprazolam patr\u00ed do skupiny benzodiazep\u00ednov\u00fdch liekov. To zni\u017euje nadmern\u00e9 vzru\u0161enie v mozgu. Alprazolam sa tie\u017e pou\u017e\u00edva na lie\u010dbu depresie, \u00fazkosti na verejnosti a predmen\u0161trua\u010dn\u00e9ho syndr\u00f3mu. M\u00f4\u017ee sa pou\u017ei\u0165 v bolestiv\u00fdch situ\u00e1ci\u00e1ch. Porozpr\u00e1vajte sa so svoj\u00edm lek\u00e1rom o mo\u017en\u00fdch rizik\u00e1ch pre v\u00e1\u0161 stav, ak u\u017e\u00edvate tento liek.<\/p>\n<p>D\u00e1vkovanie<\/p>\n<p>Alprazolam sa dod\u00e1va vo forme tabliet, tabliet s pred\u013a\u017een\u00fdm uvo\u013e\u0148ovan\u00edm a peror\u00e1lne sa rozkladaj\u00facich tabliet (tablety, ktor\u00e9 r\u00fdchlo rozp\u00fa\u0161\u0165a sa v \u00fastach). Tableta, or\u00e1lne sa rozpadaj\u00faca tableta a koncentrovan\u00e9 roztoky sa zvy\u010dajne u\u017e\u00edvaj\u00fa dvakr\u00e1t a\u017e \u0161tyrikr\u00e1t denne. Tableta na dia\u013eku sa zvy\u010dajne u\u017e\u00edva raz denne, r\u00e1no. Venujte ve\u013ek\u00fa pozornos\u0165 pozn\u00e1mkam v tabu\u013eke na predpis a po\u017eiadajte svojho lek\u00e1rnika alebo lek\u00e1ra, aby v\u00e1m vysvetlil v\u0161etko, \u010domu nerozumiete. U\u017e\u00edvajte alprazolam presne pod\u013ea pokynov. Ak chcete vzia\u0165 koncentrovan\u00fa tekutinu, pou\u017eite iba kvapkadlo, ktor\u00e9 bolo dodan\u00e9 s predpisom. Napl\u0148te kvapkadlo potrebnou d\u00e1vkou. Vytla\u010dte kvapkadlo do tekut\u00fdch alebo polotuh\u00fdch potrav\u00edn, ako je \u010daj, mlieko, s\u00f3da, jablkov\u00e1 polievka alebo puding. Nieko\u013eko sek\u00fand jemne premie\u0161ajte tekutinu alebo jedlo. Kvapalina je \u00faplne absorbovan\u00e1 jedlom. Ihne\u010f vypite alebo zjedzte cel\u00fa zmes. Tabletu u\u017eite peror\u00e1lne z f\u013ea\u0161ti\u010dky tesne predt\u00fdm, ako si m\u00e1te poda\u0165 d\u00e1vku. Such\u00fdmi dla\u0148ami otvorte f\u013ea\u0161u, vyberte tabletu a ihne\u010f si ju polo\u017ete na jazyk. Tableta sa m\u00f4\u017ee rozpusti\u0165 a m\u00f4\u017ee sa prehltn\u00fa\u0165 so slinami.<\/p>\n","protected":false},"excerpt":{"rendered":"<div class=\"woocommerce-product-details__short-description\">\n<p><em>K\u00fapi\u0165<\/em> Alprazolam online &#8211; bestglobalmeds.com je najlep\u0161\u00edm dod\u00e1vate\u013eom a predajcom <em>pr\u00e1\u0161ku Alprazolam<\/em>\u00a0, kde si m\u00f4\u017eete\u00a0<em>k\u00fapi\u0165<\/em>\u00a0ve\u013ekoobchodne pr\u00e1\u0161ok Xanax. <em>Objednajte si<\/em>\u00a0Teraz!<\/p>\n<p>Alprazolam pr\u00e1\u0161ok je mo\u017en\u00e9 zak\u00fapi\u0165 online. Skuto\u010dn\u00fd pr\u00e1\u0161ok Alprazolam na predaj online \u2013 pr\u00e1\u0161ok Alprazolam na predaj online | K\u00fapte si alprazolam pr\u00e1\u0161ok online | K\u00fapi\u0165 alprazolam pr\u00e1\u0161ok na predaj online | K\u00fapte si lacn\u00fd pr\u00e1\u0161ok alprazolamu online | Kde k\u00fapi\u0165 pr\u00e1\u0161ok Alprazolam online<\/p>\n<\/p><\/div>\n","protected":false},"featured_media":5453,"comment_status":"open","ping_status":"closed","template":"","meta":[],"product_brand":[],"product_cat":[2014],"product_tag":[1153,2722,2723,2721,1152,2720,2719,2724,2725],"class_list":{"0":"post-5442","1":"product","2":"type-product","3":"status-publish","4":"has-post-thumbnail","6":"product_cat-k-c3-bapi-c5-a5-v-c3-bdskumn-c3-a9-chemik-c3-a1lie","7":"product_tag-alprazolam-powder-for-sale","8":"product_tag-alprazolam-powder-reddit","9":"product_tag-alprazolam-powder-uk","10":"product_tag-alprazolam-prok-europe","11":"product_tag-alprazolam-prok","12":"product_tag-alprazolam-pr-c3-a1-c5-a1kov-c3-bd-efekt","13":"product_tag-alprazolam-prok-kpi","14":"product_tag-kpi-alprazolam-prok","15":"product_tag-buy-alprazolam-powder-europe","17":"first","18":"instock","19":"shipping-taxable","20":"purchasable","21":"product-type-variable","22":"has-default-attributes"},"yoast_head":"<!-- This site is optimized with the Yoast SEO plugin v27.3 - https:\/\/yoast.com\/product\/yoast-seo-wordpress\/ -->\n<title>K\u00fapi\u0165 pr\u00e1\u0161ok Alprazolam - pr\u00e1\u0161ok Alprazolam - Best Global Meds<\/title>\n<meta name=\"description\" content=\"K\u00fapte si pr\u00e1\u0161ok Alprazolam online. Skuto\u010dn\u00fd alprazolam pr\u00e1\u0161ok online \u2013 alprazolam pr\u00e1\u0161ok na predaj | K\u00fapte si alprazolam pr\u00e1\u0161ok online | Pred\u00e1m pr\u00e1\u0161ok Alprazolam na predaj| K\u00fapte si lacn\u00fd pr\u00e1\u0161ok Alprazolam | Kde k\u00fapi\u0165 pr\u00e1\u0161ok Alprazolam online\" \/>\n<meta name=\"robots\" content=\"index, follow, max-snippet:-1, max-image-preview:large, max-video-preview:-1\" \/>\n<link rel=\"canonical\" href=\"https:\/\/medicinasinc.com\/sk\/product\/kupit-alprazolam-prasok\/\" \/>\n<meta property=\"og:locale\" content=\"en_US\" \/>\n<meta property=\"og:type\" content=\"article\" \/>\n<meta property=\"og:title\" content=\"K\u00fapi\u0165 pr\u00e1\u0161ok Alprazolam - pr\u00e1\u0161ok Alprazolam - Best Global Meds\" \/>\n<meta property=\"og:description\" content=\"K\u00fapte si pr\u00e1\u0161ok Alprazolam online. Skuto\u010dn\u00fd alprazolam pr\u00e1\u0161ok online \u2013 alprazolam pr\u00e1\u0161ok na predaj | K\u00fapte si alprazolam pr\u00e1\u0161ok online | Pred\u00e1m pr\u00e1\u0161ok Alprazolam na predaj| K\u00fapte si lacn\u00fd pr\u00e1\u0161ok Alprazolam | Kde k\u00fapi\u0165 pr\u00e1\u0161ok Alprazolam online\" \/>\n<meta property=\"og:url\" content=\"https:\/\/medicinasinc.com\/sk\/product\/kupit-alprazolam-prasok\/\" \/>\n<meta property=\"og:site_name\" content=\"Medicinas Inc\" \/>\n<meta property=\"article:modified_time\" content=\"2022-03-22T00:58:37+00:00\" \/>\n<meta property=\"og:image\" content=\"https:\/\/medicinasinc.com\/sk\/wp-content\/uploads\/sites\/10\/2022\/02\/Buy-Alprazolam-powder.jpg\" \/>\n\t<meta property=\"og:image:width\" content=\"259\" \/>\n\t<meta property=\"og:image:height\" content=\"194\" \/>\n\t<meta property=\"og:image:type\" content=\"image\/jpeg\" \/>\n<meta name=\"twitter:card\" content=\"summary_large_image\" \/>\n<meta name=\"twitter:label1\" content=\"Est. reading time\" \/>\n\t<meta name=\"twitter:data1\" content=\"2 minutes\" \/>\n<script type=\"application\/ld+json\" class=\"yoast-schema-graph\">{\"@context\":\"https:\\\/\\\/schema.org\",\"@graph\":[{\"@type\":\"WebPage\",\"@id\":\"https:\\\/\\\/medicinasinc.com\\\/sk\\\/product\\\/kupit-alprazolam-prasok\\\/\",\"url\":\"https:\\\/\\\/medicinasinc.com\\\/sk\\\/product\\\/kupit-alprazolam-prasok\\\/\",\"name\":\"K\u00fapi\u0165 pr\u00e1\u0161ok Alprazolam - pr\u00e1\u0161ok Alprazolam - Best Global Meds\",\"isPartOf\":{\"@id\":\"https:\\\/\\\/medicinasinc.com\\\/sk\\\/#website\"},\"primaryImageOfPage\":{\"@id\":\"https:\\\/\\\/medicinasinc.com\\\/sk\\\/product\\\/kupit-alprazolam-prasok\\\/#primaryimage\"},\"image\":{\"@id\":\"https:\\\/\\\/medicinasinc.com\\\/sk\\\/product\\\/kupit-alprazolam-prasok\\\/#primaryimage\"},\"thumbnailUrl\":\"https:\\\/\\\/medicinasinc.com\\\/sk\\\/wp-content\\\/uploads\\\/sites\\\/10\\\/2022\\\/02\\\/Buy-Alprazolam-powder.jpg\",\"datePublished\":\"2022-02-21T23:35:16+00:00\",\"dateModified\":\"2022-03-22T00:58:37+00:00\",\"description\":\"K\u00fapte si pr\u00e1\u0161ok Alprazolam online. Skuto\u010dn\u00fd alprazolam pr\u00e1\u0161ok online \u2013 alprazolam pr\u00e1\u0161ok na predaj | K\u00fapte si alprazolam pr\u00e1\u0161ok online | Pred\u00e1m pr\u00e1\u0161ok Alprazolam na predaj| K\u00fapte si lacn\u00fd pr\u00e1\u0161ok Alprazolam | Kde k\u00fapi\u0165 pr\u00e1\u0161ok Alprazolam online\",\"breadcrumb\":{\"@id\":\"https:\\\/\\\/medicinasinc.com\\\/sk\\\/product\\\/kupit-alprazolam-prasok\\\/#breadcrumb\"},\"inLanguage\":\"en-US\",\"potentialAction\":[{\"@type\":\"ReadAction\",\"target\":[\"https:\\\/\\\/medicinasinc.com\\\/sk\\\/product\\\/kupit-alprazolam-prasok\\\/\"]}]},{\"@type\":\"ImageObject\",\"inLanguage\":\"en-US\",\"@id\":\"https:\\\/\\\/medicinasinc.com\\\/sk\\\/product\\\/kupit-alprazolam-prasok\\\/#primaryimage\",\"url\":\"https:\\\/\\\/medicinasinc.com\\\/sk\\\/wp-content\\\/uploads\\\/sites\\\/10\\\/2022\\\/02\\\/Buy-Alprazolam-powder.jpg\",\"contentUrl\":\"https:\\\/\\\/medicinasinc.com\\\/sk\\\/wp-content\\\/uploads\\\/sites\\\/10\\\/2022\\\/02\\\/Buy-Alprazolam-powder.jpg\",\"width\":259,\"height\":194},{\"@type\":\"BreadcrumbList\",\"@id\":\"https:\\\/\\\/medicinasinc.com\\\/sk\\\/product\\\/kupit-alprazolam-prasok\\\/#breadcrumb\",\"itemListElement\":[{\"@type\":\"ListItem\",\"position\":1,\"name\":\"Obchod\",\"item\":\"https:\\\/\\\/medicinasinc.com\\\/sk\\\/obchod\\\/\"},{\"@type\":\"ListItem\",\"position\":2,\"name\":\"K\u00fapi\u0165 pr\u00e1\u0161ok Alprazolam\"}]},{\"@type\":\"WebSite\",\"@id\":\"https:\\\/\\\/medicinasinc.com\\\/sk\\\/#website\",\"url\":\"https:\\\/\\\/medicinasinc.com\\\/sk\\\/\",\"name\":\"Medicinas Inc\",\"description\":\"Health Medical Clinic\",\"potentialAction\":[{\"@type\":\"SearchAction\",\"target\":{\"@type\":\"EntryPoint\",\"urlTemplate\":\"https:\\\/\\\/medicinasinc.com\\\/sk\\\/?s={search_term_string}\"},\"query-input\":{\"@type\":\"PropertyValueSpecification\",\"valueRequired\":true,\"valueName\":\"search_term_string\"}}],\"inLanguage\":\"en-US\"}]}<\/script>\n<!-- \/ Yoast SEO plugin. -->","yoast_head_json":{"title":"K\u00fapi\u0165 pr\u00e1\u0161ok Alprazolam - pr\u00e1\u0161ok Alprazolam - Best Global Meds","description":"K\u00fapte si pr\u00e1\u0161ok Alprazolam online. Skuto\u010dn\u00fd alprazolam pr\u00e1\u0161ok online \u2013 alprazolam pr\u00e1\u0161ok na predaj | K\u00fapte si alprazolam pr\u00e1\u0161ok online | Pred\u00e1m pr\u00e1\u0161ok Alprazolam na predaj| K\u00fapte si lacn\u00fd pr\u00e1\u0161ok Alprazolam | Kde k\u00fapi\u0165 pr\u00e1\u0161ok Alprazolam online","robots":{"index":"index","follow":"follow","max-snippet":"max-snippet:-1","max-image-preview":"max-image-preview:large","max-video-preview":"max-video-preview:-1"},"canonical":"https:\/\/medicinasinc.com\/sk\/product\/kupit-alprazolam-prasok\/","og_locale":"en_US","og_type":"article","og_title":"K\u00fapi\u0165 pr\u00e1\u0161ok Alprazolam - pr\u00e1\u0161ok Alprazolam - Best Global Meds","og_description":"K\u00fapte si pr\u00e1\u0161ok Alprazolam online. Skuto\u010dn\u00fd alprazolam pr\u00e1\u0161ok online \u2013 alprazolam pr\u00e1\u0161ok na predaj | K\u00fapte si alprazolam pr\u00e1\u0161ok online | Pred\u00e1m pr\u00e1\u0161ok Alprazolam na predaj| K\u00fapte si lacn\u00fd pr\u00e1\u0161ok Alprazolam | Kde k\u00fapi\u0165 pr\u00e1\u0161ok Alprazolam online","og_url":"https:\/\/medicinasinc.com\/sk\/product\/kupit-alprazolam-prasok\/","og_site_name":"Medicinas Inc","article_modified_time":"2022-03-22T00:58:37+00:00","og_image":[{"width":259,"height":194,"url":"https:\/\/medicinasinc.com\/sk\/wp-content\/uploads\/sites\/10\/2022\/02\/Buy-Alprazolam-powder.jpg","type":"image\/jpeg"}],"twitter_card":"summary_large_image","twitter_misc":{"Est. reading time":"2 minutes"},"schema":{"@context":"https:\/\/schema.org","@graph":[{"@type":"WebPage","@id":"https:\/\/medicinasinc.com\/sk\/product\/kupit-alprazolam-prasok\/","url":"https:\/\/medicinasinc.com\/sk\/product\/kupit-alprazolam-prasok\/","name":"K\u00fapi\u0165 pr\u00e1\u0161ok Alprazolam - pr\u00e1\u0161ok Alprazolam - Best Global Meds","isPartOf":{"@id":"https:\/\/medicinasinc.com\/sk\/#website"},"primaryImageOfPage":{"@id":"https:\/\/medicinasinc.com\/sk\/product\/kupit-alprazolam-prasok\/#primaryimage"},"image":{"@id":"https:\/\/medicinasinc.com\/sk\/product\/kupit-alprazolam-prasok\/#primaryimage"},"thumbnailUrl":"https:\/\/medicinasinc.com\/sk\/wp-content\/uploads\/sites\/10\/2022\/02\/Buy-Alprazolam-powder.jpg","datePublished":"2022-02-21T23:35:16+00:00","dateModified":"2022-03-22T00:58:37+00:00","description":"K\u00fapte si pr\u00e1\u0161ok Alprazolam online. Skuto\u010dn\u00fd alprazolam pr\u00e1\u0161ok online \u2013 alprazolam pr\u00e1\u0161ok na predaj | K\u00fapte si alprazolam pr\u00e1\u0161ok online | Pred\u00e1m pr\u00e1\u0161ok Alprazolam na predaj| K\u00fapte si lacn\u00fd pr\u00e1\u0161ok Alprazolam | Kde k\u00fapi\u0165 pr\u00e1\u0161ok Alprazolam online","breadcrumb":{"@id":"https:\/\/medicinasinc.com\/sk\/product\/kupit-alprazolam-prasok\/#breadcrumb"},"inLanguage":"en-US","potentialAction":[{"@type":"ReadAction","target":["https:\/\/medicinasinc.com\/sk\/product\/kupit-alprazolam-prasok\/"]}]},{"@type":"ImageObject","inLanguage":"en-US","@id":"https:\/\/medicinasinc.com\/sk\/product\/kupit-alprazolam-prasok\/#primaryimage","url":"https:\/\/medicinasinc.com\/sk\/wp-content\/uploads\/sites\/10\/2022\/02\/Buy-Alprazolam-powder.jpg","contentUrl":"https:\/\/medicinasinc.com\/sk\/wp-content\/uploads\/sites\/10\/2022\/02\/Buy-Alprazolam-powder.jpg","width":259,"height":194},{"@type":"BreadcrumbList","@id":"https:\/\/medicinasinc.com\/sk\/product\/kupit-alprazolam-prasok\/#breadcrumb","itemListElement":[{"@type":"ListItem","position":1,"name":"Obchod","item":"https:\/\/medicinasinc.com\/sk\/obchod\/"},{"@type":"ListItem","position":2,"name":"K\u00fapi\u0165 pr\u00e1\u0161ok Alprazolam"}]},{"@type":"WebSite","@id":"https:\/\/medicinasinc.com\/sk\/#website","url":"https:\/\/medicinasinc.com\/sk\/","name":"Medicinas Inc","description":"Health Medical Clinic","potentialAction":[{"@type":"SearchAction","target":{"@type":"EntryPoint","urlTemplate":"https:\/\/medicinasinc.com\/sk\/?s={search_term_string}"},"query-input":{"@type":"PropertyValueSpecification","valueRequired":true,"valueName":"search_term_string"}}],"inLanguage":"en-US"}]}},"_links":{"self":[{"href":"https:\/\/medicinasinc.com\/sk\/wp-json\/wp\/v2\/product\/5442","targetHints":{"allow":["GET"]}}],"collection":[{"href":"https:\/\/medicinasinc.com\/sk\/wp-json\/wp\/v2\/product"}],"about":[{"href":"https:\/\/medicinasinc.com\/sk\/wp-json\/wp\/v2\/types\/product"}],"replies":[{"embeddable":true,"href":"https:\/\/medicinasinc.com\/sk\/wp-json\/wp\/v2\/comments?post=5442"}],"wp:featuredmedia":[{"embeddable":true,"href":"https:\/\/medicinasinc.com\/sk\/wp-json\/wp\/v2\/media\/5453"}],"wp:attachment":[{"href":"https:\/\/medicinasinc.com\/sk\/wp-json\/wp\/v2\/media?parent=5442"}],"wp:term":[{"taxonomy":"product_brand","embeddable":true,"href":"https:\/\/medicinasinc.com\/sk\/wp-json\/wp\/v2\/product_brand?post=5442"},{"taxonomy":"product_cat","embeddable":true,"href":"https:\/\/medicinasinc.com\/sk\/wp-json\/wp\/v2\/product_cat?post=5442"},{"taxonomy":"product_tag","embeddable":true,"href":"https:\/\/medicinasinc.com\/sk\/wp-json\/wp\/v2\/product_tag?post=5442"}],"curies":[{"name":"wp","href":"https:\/\/api.w.org\/{rel}","templated":true}]}}