{"id":5441,"date":"2022-02-21T23:32:20","date_gmt":"2022-02-21T23:32:20","guid":{"rendered":"https:\/\/medicinasinc.com\/sk\/?post_type=product&#038;p=5441"},"modified":"2022-03-22T00:58:48","modified_gmt":"2022-03-22T00:58:48","slug":"buy-alpha-pvp","status":"publish","type":"product","link":"https:\/\/medicinasinc.com\/sk\/product\/buy-alpha-pvp\/","title":{"rendered":"K\u00fapi\u0165 Alpha-PVP"},"content":{"rendered":"<p>Online n\u00e1kup Alpha-PVP<\/p>\n<p>Alpha-PVP je syntetick\u00fd stimulant pou\u017e\u00edvan\u00fd v oblasti medic\u00edny na lie\u010dbu r\u00f4znych chor\u00f4b. Alfa je klasifikovan\u00e1 ako prolie\u010divo v triede katin\u00f3nov. Alpha PVP bol p\u00f4vodne vytvoren\u00fd ako dizajn\u00e9rska droga. Teraz je medzi \u013eu\u010fmi ve\u013emi popul\u00e1rny aj na in\u00e9 \u00fa\u010dely, napr\u00edklad na \u00fa\u013eavu od bolesti. Tento syntetick\u00fd stimulant sa pou\u017e\u00edva na uspokojenie potrieb u\u017e\u00edvate\u013eov drog. Popularitu si z\u00edskal 40 rokov po uveden\u00ed svojho prv\u00e9ho produktu, v roku 2000. Najd\u00f4le\u017eitej\u0161ie je pam\u00e4ta\u0165 na to, \u017ee ho medzi t\u00fdmito rokmi nepou\u017e\u00edvala ani mal\u00e1 komunita \u013eud\u00ed. Od roku 2000 a\u017e doteraz v\u0161ak jeho popularita nar\u00e1stla nato\u013eko, \u017ee ho pou\u017e\u00edva takmer 70 % svetovej popul\u00e1cie.<\/p>\n<p>D\u00f4vod popularity alfa-PVP psychedelick\u00fdch drog<\/p>\n<p>Kde m\u00f4\u017eem z\u00edska\u0165 PVP? Alfa-PVP<\/p>\n<p>Alfa-PVP je \u010dlenom najbe\u017enej\u0161ej triedy prolie\u010div a je \u0161iroko pou\u017e\u00edvan\u00fd. Hlavn\u00fdm d\u00f4vodom jeho popularity je jeho vysok\u00e1 \u00fa\u010dinnos\u0165 a r\u00fdchle p\u00f4sobenie. Funguje podobne ako in\u00e9 stimulanty v tom, \u017ee p\u00f4sob\u00ed priamo na centr\u00e1lny nervov\u00fd syst\u00e9m.<\/p>\n<p>P\u00f4sob\u00ed v\u0161ak r\u00fdchlo a uvo\u013e\u0148uje horm\u00f3ny, aby vykonal po\u017eadovan\u00e9 \u010dinnosti. V\u010faka svojmu mechanizmu \u00fa\u010dinku je Alpha PVP tie\u017e zn\u00e1my ako stimulant centr\u00e1lneho nervov\u00e9ho syst\u00e9mu.<\/p>\n<p>Alfa-PVP psychedelick\u00e9 lieky na lek\u00e1rske \u00fa\u010dely<\/p>\n<p>Alfa-PVP tie\u017e pom\u00e1ha \u013eudskej mysli pri ovl\u00e1danie prchav\u00fdch em\u00f3ci\u00ed, ako je \u0161\u0165astie, sm\u00fatok alebo boles\u0165. T\u00e1to droga pom\u00e1ha mysli pri predstave norm\u00e1lneho r\u00e1mca, v ktorom m\u00f4\u017ee norm\u00e1lne a bez \u0165a\u017ekost\u00ed fungova\u0165. T\u00fdmto sp\u00f4sobom sa Alpha-PVP pou\u017e\u00edva na zmiernenie ak\u00e9hoko\u013evek typu \u0161oku.<\/p>\n<p>Tento prekurzor sa pou\u017e\u00edva v tane\u010dn\u00fdch kluboch a baroch. Toto sa v\u0161ak pou\u017e\u00edva len pri ur\u010dit\u00fdch lie\u010debn\u00fdch postupoch pod\u013ea pokynov lek\u00e1ra.<\/p>\n<p>Lek\u00e1ri lie\u010dia pacientov liekmi na b\u00e1ze alfa-PVP. Prim\u00e1rnou aplik\u00e1ciou je lie\u010dba depresie a \u00fazkosti.<\/p>\n<p>Toto s\u00fa niektor\u00e9 z k\u013e\u00fa\u010dov\u00fdch funkci\u00ed, ktor\u00e9 ved\u00fa k n\u00e1rastu pou\u017e\u00edvania Alpha-PVP. Z\u00edskava si popularitu v oboch oblastiach.<\/p>\n<p>Ako bezpe\u010dne nakupova\u0165 a-PVP \u2013 popis<\/p>\n<p>Systematick\u00fd n\u00e1zov IUPAC: 1-Fenyl-2-(1-pyrolidinyl)-1 -pentan\u00f3n \u00dapln\u00fd chemick\u00fd n\u00e1zov: alfa-pyrolidinopentiofen\u00f3n<br \/> \u010c. CAS 14530-33-7<br \/> Molekulov\u00fd vzorec C15H21NO Molekulov\u00e1 hmotnos\u0165231,333 g\/mol \u010c\u00edslo ChemSpider9324063<\/p>\n<p>Pyrrolidinpyrolidinpyrol\u00f3n PVP, alfa-PVP, O-2387, -ket\u00f3n-prolint\u00e1n) je stimula\u010dn\u00e1 zl\u00fa\u010denina objaven\u00e1 v 60. rokoch minul\u00e9ho storo\u010dia, ktor\u00e1 s\u00favis\u00ed s pyrovaler\u00f3nom a je ket\u00f3nov\u00fdm anal\u00f3gom prolint\u00e1nu.<\/p>\n<p>Vo ve\u013ekom meradle je na\u0161a online obchod sa zaober\u00e1 Alpha-PVP. Po\u017eadovan\u00e9 produkty m\u00f4\u017eete z\u00edska\u0165 za ve\u013emi n\u00edzke ceny. Produkt dostanete v kr\u00e1tkom \u010dase aj v\u010faka na\u0161im online doru\u010dovac\u00edm slu\u017eb\u00e1m.<\/p>\n","protected":false},"excerpt":{"rendered":"<div class=\"woocommerce-product-details__short-description\">\n<p>chcete k\u00fapi\u0165 lacn\u00fd A-pvp, k\u00fapte si alfa-Pyrrolidinopentiophenone na predaj v Spojenom kr\u00e1\u013eovstve, Eur\u00f3pe v na\u0161om obchode bestglobalemeds.com s r\u00fdchlou dopravou do cel\u00e9ho sveta! Najlep\u0161ie A-pvp na objedn\u00e1vanie n\u00e1jdete tu! <em>\u03b1<\/em>&#8211;<em>PVP<\/em>(cel\u00fd n\u00e1zov je:<em>\u03b1<\/em>&#8211;<em>Pyrrolidinopentiophenone<\/em>) tie\u017e zn\u00e1my ako\u00a0<em>alfa<\/em>-pyrolidinovalerofen\u00f3n, A-<em>PVP<\/em>,\u00a0<em>alfa<\/em>&#8211;<em>PVP<\/em>,<\/p>\n<p>\u010co presne je a-PVP?<br \/> A-PVP (alfa-pyrolidinovalerofen\u00f3n, -PVP, alfa-PVP, O-2387, -ket\u00f3n-prolint\u00e1n) je stimula\u010dn\u00e1 zl\u00fa\u010denina vyvinut\u00e1 v 60. rokoch minul\u00e9ho storo\u010dia, ktor\u00e1 s\u00favis\u00ed s pyrovaler\u00f3nom a je ket\u00f3nov\u00fd anal\u00f3g prolint\u00e1nu.<\/p>\n<\/p><\/div>\n","protected":false},"featured_media":5451,"comment_status":"open","ping_status":"closed","template":"","meta":[],"product_brand":[],"product_cat":[2014],"product_tag":[2664,2665,2666,2667,2671,2672,2673,2674,2676,2679,2680,2669,2670,2677,2668,2681,2683,2682,2684,2685,2688,2686,2687,2689,2690,2691,2692,2697,2698,2699,2700,2705,2706,2707,2708,2709,2675,2717,2718,2693,2701,2704,2695,2703,2696,2714,2702,2694,2710,2716,2663,2713,2711,2712,2678,2715],"class_list":{"0":"post-5441","1":"product","2":"type-product","3":"status-publish","4":"has-post-thumbnail","6":"product_cat-k-c3-bapi-c5-a5-v-c3-bdskumn-c3-a9-chemik-c3-a1lie","7":"product_tag-a-pvp-powder-for-sell","8":"product_tag-a-pvp-powder-or-crystals","9":"product_tag-a-pvp","10":"product_tag-a-pvp-powder","11":"product_tag-a-pvp-crystal-canada","12":"product_tag-a-pvp-crystal-dosage","13":"product_tag-a-pvp-crystal-for-sale","14":"product_tag-a-pvp-crystal-review","15":"product_tag-a-pvp-crystal-uk","16":"product_tag-a-pvp-for-sale","17":"product_tag-a-pvp-for-sale-online","18":"product_tag-a-pvp-krytl","19":"product_tag-a-pvp-crystal-australia","20":"product_tag-a-pvp-crystal-usa","21":"product_tag-a-pvp-buy-usa","22":"product_tag-a-pvp-prky","23":"product_tag-a-pvp-recenzia","24":"product_tag-a-pvp-reddit","25":"product_tag-a-pvp-stimulanty","26":"product_tag-a-pvp-stimulanty-na-predaj","27":"product_tag-alfa-pvp-efekt","28":"product_tag-alpha-pvp-for-sale","29":"product_tag-alpha-pvp-wiki","30":"product_tag-apvp-powder","31":"product_tag-buy-a-pvp","32":"product_tag-buy-a-pvp-powder-for-sale","33":"product_tag-buy-a-pvp-big-crystal","34":"product_tag-buy-a-pvp-big-crystals-made","35":"product_tag-buy-a-pvp-big-crystals-online","36":"product_tag-buy-a-pvp-big-crystalxp-net","37":"product_tag-buy-a-pvp-crystal-online","38":"product_tag-buy-a-pvp-powders","39":"product_tag-buy-a-pvp-stimulants","40":"product_tag-buy-alpha-pvp","41":"product_tag-buy-apvp-overnight-shipping","42":"product_tag-buy-apvp-usa-credit-card","43":"product_tag-a-pvp-crystal-supplier","44":"product_tag-kde-kpi-pvp","45":"product_tag-kde-na-kpi-pvp-online","46":"product_tag-buy-a-pvp-big-crystal-reports","47":"product_tag-buy-a-pvp-online","48":"product_tag-buy-a-pvp-powder-recenzie","49":"product_tag-kpi-pvp-vek-krytly-na-predaj","50":"product_tag-k-c3-bapi-c5-a5-pvp-pr-c3-a1-c5-a1kov-c3-a9-produkty","51":"product_tag-buy-a-pvp-big-crystals-free","52":"product_tag-nkup-a-pvp-online","53":"product_tag-kpi-pvp-prok","54":"product_tag-buy-a-pvp-big-crystals","55":"product_tag-mail-a-pvp","56":"product_tag-najlepie-miesto-na-kpi-pvp-online","57":"product_tag-a-pvp-buy","58":"product_tag-objedna-a-pvp-online","59":"product_tag-objednvka-a-pvp","60":"product_tag-objedna-pvp-krytl","61":"product_tag-a-pvp-crystal-vendor","62":"product_tag-pure-a-pvp-crystal","64":"first","65":"instock","66":"shipping-taxable","67":"purchasable","68":"product-type-variable"},"yoast_head":"<!-- This site is optimized with the Yoast SEO plugin v27.3 - https:\/\/yoast.com\/product\/yoast-seo-wordpress\/ -->\n<title>K\u00fapi\u0165 Alpha-PVP \u2013 Alpha-PVP na predaj \u2013 Najlep\u0161ie najlep\u0161ie glob\u00e1lne lieky<\/title>\n<meta name=\"description\" content=\"K\u00fapte si A-pvp, k\u00fapte si alfa-pyrolidinopentiofen\u00f3n na predaj vo Ve\u013ekej Brit\u00e1nii, Eur\u00f3pe v na\u0161om obchode bestglobalemeds.com s r\u00fdchlou dopravou do cel\u00e9ho sveta! Najlep\u0161ie A-pvp na objedn\u00e1vanie n\u00e1jdete tu!\" \/>\n<meta name=\"robots\" content=\"index, follow, max-snippet:-1, max-image-preview:large, max-video-preview:-1\" \/>\n<link rel=\"canonical\" href=\"https:\/\/medicinasinc.com\/sk\/product\/buy-alpha-pvp\/\" \/>\n<meta property=\"og:locale\" content=\"en_US\" \/>\n<meta property=\"og:type\" content=\"article\" \/>\n<meta property=\"og:title\" content=\"K\u00fapi\u0165 Alpha-PVP \u2013 Alpha-PVP na predaj \u2013 Najlep\u0161ie najlep\u0161ie glob\u00e1lne lieky\" \/>\n<meta property=\"og:description\" content=\"K\u00fapte si A-pvp, k\u00fapte si alfa-pyrolidinopentiofen\u00f3n na predaj vo Ve\u013ekej Brit\u00e1nii, Eur\u00f3pe v na\u0161om obchode bestglobalemeds.com s r\u00fdchlou dopravou do cel\u00e9ho sveta! Najlep\u0161ie A-pvp na objedn\u00e1vanie n\u00e1jdete tu!\" \/>\n<meta property=\"og:url\" content=\"https:\/\/medicinasinc.com\/sk\/product\/buy-alpha-pvp\/\" \/>\n<meta property=\"og:site_name\" content=\"Medicinas Inc\" \/>\n<meta property=\"article:modified_time\" content=\"2022-03-22T00:58:48+00:00\" \/>\n<meta property=\"og:image\" content=\"https:\/\/medicinasinc.com\/sk\/wp-content\/uploads\/sites\/10\/2022\/02\/Buy-alpha-pvp.jpg\" \/>\n\t<meta property=\"og:image:width\" content=\"458\" \/>\n\t<meta property=\"og:image:height\" content=\"458\" \/>\n\t<meta property=\"og:image:type\" content=\"image\/jpeg\" \/>\n<meta name=\"twitter:card\" content=\"summary_large_image\" \/>\n<meta name=\"twitter:label1\" content=\"Est. reading time\" \/>\n\t<meta name=\"twitter:data1\" content=\"2 minutes\" \/>\n<script type=\"application\/ld+json\" class=\"yoast-schema-graph\">{\"@context\":\"https:\\\/\\\/schema.org\",\"@graph\":[{\"@type\":\"WebPage\",\"@id\":\"https:\\\/\\\/medicinasinc.com\\\/sk\\\/product\\\/buy-alpha-pvp\\\/\",\"url\":\"https:\\\/\\\/medicinasinc.com\\\/sk\\\/product\\\/buy-alpha-pvp\\\/\",\"name\":\"K\u00fapi\u0165 Alpha-PVP \u2013 Alpha-PVP na predaj \u2013 Najlep\u0161ie najlep\u0161ie glob\u00e1lne lieky\",\"isPartOf\":{\"@id\":\"https:\\\/\\\/medicinasinc.com\\\/sk\\\/#website\"},\"primaryImageOfPage\":{\"@id\":\"https:\\\/\\\/medicinasinc.com\\\/sk\\\/product\\\/buy-alpha-pvp\\\/#primaryimage\"},\"image\":{\"@id\":\"https:\\\/\\\/medicinasinc.com\\\/sk\\\/product\\\/buy-alpha-pvp\\\/#primaryimage\"},\"thumbnailUrl\":\"https:\\\/\\\/medicinasinc.com\\\/sk\\\/wp-content\\\/uploads\\\/sites\\\/10\\\/2022\\\/02\\\/Buy-alpha-pvp.jpg\",\"datePublished\":\"2022-02-21T23:32:20+00:00\",\"dateModified\":\"2022-03-22T00:58:48+00:00\",\"description\":\"K\u00fapte si A-pvp, k\u00fapte si alfa-pyrolidinopentiofen\u00f3n na predaj vo Ve\u013ekej Brit\u00e1nii, Eur\u00f3pe v na\u0161om obchode bestglobalemeds.com s r\u00fdchlou dopravou do cel\u00e9ho sveta! Najlep\u0161ie A-pvp na objedn\u00e1vanie n\u00e1jdete tu!\",\"breadcrumb\":{\"@id\":\"https:\\\/\\\/medicinasinc.com\\\/sk\\\/product\\\/buy-alpha-pvp\\\/#breadcrumb\"},\"inLanguage\":\"en-US\",\"potentialAction\":[{\"@type\":\"ReadAction\",\"target\":[\"https:\\\/\\\/medicinasinc.com\\\/sk\\\/product\\\/buy-alpha-pvp\\\/\"]}]},{\"@type\":\"ImageObject\",\"inLanguage\":\"en-US\",\"@id\":\"https:\\\/\\\/medicinasinc.com\\\/sk\\\/product\\\/buy-alpha-pvp\\\/#primaryimage\",\"url\":\"https:\\\/\\\/medicinasinc.com\\\/sk\\\/wp-content\\\/uploads\\\/sites\\\/10\\\/2022\\\/02\\\/Buy-alpha-pvp.jpg\",\"contentUrl\":\"https:\\\/\\\/medicinasinc.com\\\/sk\\\/wp-content\\\/uploads\\\/sites\\\/10\\\/2022\\\/02\\\/Buy-alpha-pvp.jpg\",\"width\":458,\"height\":458},{\"@type\":\"BreadcrumbList\",\"@id\":\"https:\\\/\\\/medicinasinc.com\\\/sk\\\/product\\\/buy-alpha-pvp\\\/#breadcrumb\",\"itemListElement\":[{\"@type\":\"ListItem\",\"position\":1,\"name\":\"Obchod\",\"item\":\"https:\\\/\\\/medicinasinc.com\\\/sk\\\/obchod\\\/\"},{\"@type\":\"ListItem\",\"position\":2,\"name\":\"K\u00fapi\u0165 Alpha-PVP\"}]},{\"@type\":\"WebSite\",\"@id\":\"https:\\\/\\\/medicinasinc.com\\\/sk\\\/#website\",\"url\":\"https:\\\/\\\/medicinasinc.com\\\/sk\\\/\",\"name\":\"Medicinas Inc\",\"description\":\"Health Medical Clinic\",\"potentialAction\":[{\"@type\":\"SearchAction\",\"target\":{\"@type\":\"EntryPoint\",\"urlTemplate\":\"https:\\\/\\\/medicinasinc.com\\\/sk\\\/?s={search_term_string}\"},\"query-input\":{\"@type\":\"PropertyValueSpecification\",\"valueRequired\":true,\"valueName\":\"search_term_string\"}}],\"inLanguage\":\"en-US\"}]}<\/script>\n<!-- \/ Yoast SEO plugin. -->","yoast_head_json":{"title":"K\u00fapi\u0165 Alpha-PVP \u2013 Alpha-PVP na predaj \u2013 Najlep\u0161ie najlep\u0161ie glob\u00e1lne lieky","description":"K\u00fapte si A-pvp, k\u00fapte si alfa-pyrolidinopentiofen\u00f3n na predaj vo Ve\u013ekej Brit\u00e1nii, Eur\u00f3pe v na\u0161om obchode bestglobalemeds.com s r\u00fdchlou dopravou do cel\u00e9ho sveta! Najlep\u0161ie A-pvp na objedn\u00e1vanie n\u00e1jdete tu!","robots":{"index":"index","follow":"follow","max-snippet":"max-snippet:-1","max-image-preview":"max-image-preview:large","max-video-preview":"max-video-preview:-1"},"canonical":"https:\/\/medicinasinc.com\/sk\/product\/buy-alpha-pvp\/","og_locale":"en_US","og_type":"article","og_title":"K\u00fapi\u0165 Alpha-PVP \u2013 Alpha-PVP na predaj \u2013 Najlep\u0161ie najlep\u0161ie glob\u00e1lne lieky","og_description":"K\u00fapte si A-pvp, k\u00fapte si alfa-pyrolidinopentiofen\u00f3n na predaj vo Ve\u013ekej Brit\u00e1nii, Eur\u00f3pe v na\u0161om obchode bestglobalemeds.com s r\u00fdchlou dopravou do cel\u00e9ho sveta! Najlep\u0161ie A-pvp na objedn\u00e1vanie n\u00e1jdete tu!","og_url":"https:\/\/medicinasinc.com\/sk\/product\/buy-alpha-pvp\/","og_site_name":"Medicinas Inc","article_modified_time":"2022-03-22T00:58:48+00:00","og_image":[{"width":458,"height":458,"url":"https:\/\/medicinasinc.com\/sk\/wp-content\/uploads\/sites\/10\/2022\/02\/Buy-alpha-pvp.jpg","type":"image\/jpeg"}],"twitter_card":"summary_large_image","twitter_misc":{"Est. reading time":"2 minutes"},"schema":{"@context":"https:\/\/schema.org","@graph":[{"@type":"WebPage","@id":"https:\/\/medicinasinc.com\/sk\/product\/buy-alpha-pvp\/","url":"https:\/\/medicinasinc.com\/sk\/product\/buy-alpha-pvp\/","name":"K\u00fapi\u0165 Alpha-PVP \u2013 Alpha-PVP na predaj \u2013 Najlep\u0161ie najlep\u0161ie glob\u00e1lne lieky","isPartOf":{"@id":"https:\/\/medicinasinc.com\/sk\/#website"},"primaryImageOfPage":{"@id":"https:\/\/medicinasinc.com\/sk\/product\/buy-alpha-pvp\/#primaryimage"},"image":{"@id":"https:\/\/medicinasinc.com\/sk\/product\/buy-alpha-pvp\/#primaryimage"},"thumbnailUrl":"https:\/\/medicinasinc.com\/sk\/wp-content\/uploads\/sites\/10\/2022\/02\/Buy-alpha-pvp.jpg","datePublished":"2022-02-21T23:32:20+00:00","dateModified":"2022-03-22T00:58:48+00:00","description":"K\u00fapte si A-pvp, k\u00fapte si alfa-pyrolidinopentiofen\u00f3n na predaj vo Ve\u013ekej Brit\u00e1nii, Eur\u00f3pe v na\u0161om obchode bestglobalemeds.com s r\u00fdchlou dopravou do cel\u00e9ho sveta! Najlep\u0161ie A-pvp na objedn\u00e1vanie n\u00e1jdete tu!","breadcrumb":{"@id":"https:\/\/medicinasinc.com\/sk\/product\/buy-alpha-pvp\/#breadcrumb"},"inLanguage":"en-US","potentialAction":[{"@type":"ReadAction","target":["https:\/\/medicinasinc.com\/sk\/product\/buy-alpha-pvp\/"]}]},{"@type":"ImageObject","inLanguage":"en-US","@id":"https:\/\/medicinasinc.com\/sk\/product\/buy-alpha-pvp\/#primaryimage","url":"https:\/\/medicinasinc.com\/sk\/wp-content\/uploads\/sites\/10\/2022\/02\/Buy-alpha-pvp.jpg","contentUrl":"https:\/\/medicinasinc.com\/sk\/wp-content\/uploads\/sites\/10\/2022\/02\/Buy-alpha-pvp.jpg","width":458,"height":458},{"@type":"BreadcrumbList","@id":"https:\/\/medicinasinc.com\/sk\/product\/buy-alpha-pvp\/#breadcrumb","itemListElement":[{"@type":"ListItem","position":1,"name":"Obchod","item":"https:\/\/medicinasinc.com\/sk\/obchod\/"},{"@type":"ListItem","position":2,"name":"K\u00fapi\u0165 Alpha-PVP"}]},{"@type":"WebSite","@id":"https:\/\/medicinasinc.com\/sk\/#website","url":"https:\/\/medicinasinc.com\/sk\/","name":"Medicinas Inc","description":"Health Medical Clinic","potentialAction":[{"@type":"SearchAction","target":{"@type":"EntryPoint","urlTemplate":"https:\/\/medicinasinc.com\/sk\/?s={search_term_string}"},"query-input":{"@type":"PropertyValueSpecification","valueRequired":true,"valueName":"search_term_string"}}],"inLanguage":"en-US"}]}},"_links":{"self":[{"href":"https:\/\/medicinasinc.com\/sk\/wp-json\/wp\/v2\/product\/5441","targetHints":{"allow":["GET"]}}],"collection":[{"href":"https:\/\/medicinasinc.com\/sk\/wp-json\/wp\/v2\/product"}],"about":[{"href":"https:\/\/medicinasinc.com\/sk\/wp-json\/wp\/v2\/types\/product"}],"replies":[{"embeddable":true,"href":"https:\/\/medicinasinc.com\/sk\/wp-json\/wp\/v2\/comments?post=5441"}],"wp:featuredmedia":[{"embeddable":true,"href":"https:\/\/medicinasinc.com\/sk\/wp-json\/wp\/v2\/media\/5451"}],"wp:attachment":[{"href":"https:\/\/medicinasinc.com\/sk\/wp-json\/wp\/v2\/media?parent=5441"}],"wp:term":[{"taxonomy":"product_brand","embeddable":true,"href":"https:\/\/medicinasinc.com\/sk\/wp-json\/wp\/v2\/product_brand?post=5441"},{"taxonomy":"product_cat","embeddable":true,"href":"https:\/\/medicinasinc.com\/sk\/wp-json\/wp\/v2\/product_cat?post=5441"},{"taxonomy":"product_tag","embeddable":true,"href":"https:\/\/medicinasinc.com\/sk\/wp-json\/wp\/v2\/product_tag?post=5441"}],"curies":[{"name":"wp","href":"https:\/\/api.w.org\/{rel}","templated":true}]}}