{"id":5419,"date":"2022-02-21T23:00:46","date_gmt":"2022-02-21T23:00:46","guid":{"rendered":"https:\/\/medicinasinc.com\/sk\/?post_type=product&#038;p=5419"},"modified":"2022-03-22T00:59:04","modified_gmt":"2022-03-22T00:59:04","slug":"kupit-adb-pinaca-prasok","status":"publish","type":"product","link":"https:\/\/medicinasinc.com\/sk\/product\/kupit-adb-pinaca-prasok\/","title":{"rendered":"K\u00fapte si pr\u00e1\u0161ok ADB-PINACA"},"content":{"rendered":"<p><strong>Dostupn\u00fd je pr\u00e1\u0161ok ADB-Pinaca vysokej \u010distoty<\/strong><\/p>\n<p>Pr\u00e1\u0161ok a kry\u0161t\u00e1lov\u00fd metiopropam\u00edn \/ MPA je mo\u017en\u00e9 zak\u00fapi\u0165 od spolo\u010dnosti ADB-Pinaca Powder Purity 98% Chemical Stock<\/p>\n<p>\u010cistota pr\u00e1\u0161ku ADB-Pinaca<\/p>\n<p>ProName: 5F-MDMB-PINACA 5F-ADB 5FADB pr\u00e1\u0161ok ADB<br \/> \u010c\u00edslo Cas: 68585-34-2<br \/> Molekulov\u00fd vzorec: ADB<br \/> Vzh\u013ead: biely kry\u0161talick\u00fd pr\u00e1\u0161ok<br \/> Aplik\u00e1cia: farmaceutick\u00fd medziprodukt<br \/> Dodacia lehota: 4-7 dn\u00ed pre hotov\u00fd tovar<br \/> Balenie: 1 kg\/hlin\u00edkov\u00e9 f\u00f3liov\u00e9 vrecko<br \/> Pr\u00edstav: Tianjin<br \/> V\u00fdrobn\u00e1 kapacita : 10 000 kg\/mesiac<br \/> \u010cistota: &gt;99,5 %<br \/> Skladovanie: Zosta\u0148te v chlade, suchu a dobre uzavretom<br \/> Doprava: EMS, DHL, FEDEX<br \/> Obsah vlhkosti: \u2264 0,01<\/p>\n<p>K\u00fapi\u0165 <a href=\"https:\/\/en.wikipedia.org\/wiki\/ADB-PINACA\">ADB-Pinaca<\/a> Pr\u00e1\u0161ok s \u010distotou 98 % na predaj, sk\u00fama\u0165 predajcov chemik\u00e1li\u00ed, k\u00fapi\u0165 v\u00fdskum chemik\u00e1li\u00ed v \u010c\u00edne,najlep\u0161ia str\u00e1nka na n\u00e1kup chemik\u00e1li\u00ed na v\u00fdskum,chemik\u00e1lie na v\u00fdskum reddit,chemik\u00e1lie na v\u00fdskum kulturistiky,lacn\u00e9 chemik\u00e1lie na v\u00fdskum USA,k\u00fapi\u0165 v\u00fdskum c hemicals online europe<\/p>\n<p>&nbsp;<\/p>\n<div class=\"product-next-previous\">\n<div class=\"product-prev\"><\/div><\/div>\n","protected":false},"excerpt":{"rendered":"<p>K\u00fapte si pr\u00e1\u0161ok ADB-Pinaca High Purity. K\u00fapi\u0165 ADB-Pinaca Powder Purity 98% Chemical Stock dostupn\u00fd v Powder &amp; Crystal<\/p>\n<p>K\u00fapi\u0165 pr\u00e1\u0161ok ADB-Pinaca\u00a0na predaj v\u00a0Eur\u00f3pe, Spojenom kr\u00e1\u013eovstve, E\u00da, \u010c\u00edne \u010cistota 98\u00a0% chemick\u00e9ho skladu dostupn\u00e9ho v\u00a0pr\u00e1\u0161ku\u00a0&amp; CrystalMethiopropamine \/ MPA\u00a0ADB-Pinaca Powder\u00a0Purity.<\/p>\n","protected":false},"featured_media":5431,"comment_status":"open","ping_status":"closed","template":"","meta":[],"product_brand":[],"product_cat":[2014],"product_tag":[2632,2633,2642,2643,2638,2635,2639,2640,2641,2636,2637,2645,2646,2644,2648,2647,2649,2634],"class_list":{"0":"post-5419","1":"product","2":"type-product","3":"status-publish","4":"has-post-thumbnail","6":"product_cat-k-c3-bapi-c5-a5-v-c3-bdskumn-c3-a9-chemik-c3-a1lie","7":"product_tag-adb-fubinaca-per-gram","8":"product_tag-adb-fubinaca-price","9":"product_tag-ako-kpi-adb-fubinaca","10":"product_tag-ako-na-kpi-adb-fubinaca","11":"product_tag-description-adb-fubinaca","12":"product_tag-adb-fubinaca-dodvatelia","13":"product_tag-for-sale-adb-fubinaca","14":"product_tag-fubinaca-effects","15":"product_tag-how-much-does-speed-cost-adb-fubinaca","16":"product_tag-buy-adb-fubinaca","17":"product_tag-buy-online-adb-fubinaca","18":"product_tag-low-rate-adb-fubinaca","19":"product_tag-mdmb-fubinaca","20":"product_tag-nzka-cena-adb-fubinaca","21":"product_tag-order-adb-fubinaca","22":"product_tag-online-kpi-adb-fubinaca","23":"product_tag-recenzia-adb-fubinaca","24":"product_tag-adb-fubinaca-recenzia","26":"first","27":"instock","28":"shipping-taxable","29":"purchasable","30":"product-type-variable","31":"has-default-attributes"},"yoast_head":"<!-- This site is optimized with the Yoast SEO plugin v27.3 - https:\/\/yoast.com\/product\/yoast-seo-wordpress\/ -->\n<title>K\u00fapte si pr\u00e1\u0161ok ADB-PINACA - ADB-PINACA - Najlep\u0161ie najlep\u0161ie glob\u00e1lne lieky<\/title>\n<meta name=\"description\" content=\"K\u00fapi\u0165 pr\u00e1\u0161ok ADB-Pinaca\u00a0na predaj v\u00a0Eur\u00f3pe, Spojenom kr\u00e1\u013eovstve, E\u00da, \u010c\u00edne \u010cistota 98\u00a0% chemick\u00fdch z\u00e1sob v\u00a0pr\u00e1\u0161ku\u00a0&amp; Kry\u0161t\u00e1lov\u00fd metiopropam\u00edn \/ MPA ADB-Pinaca pr\u00e1\u0161ok.\" \/>\n<meta name=\"robots\" content=\"index, follow, max-snippet:-1, max-image-preview:large, max-video-preview:-1\" \/>\n<link rel=\"canonical\" href=\"https:\/\/medicinasinc.com\/sk\/product\/kupit-adb-pinaca-prasok\/\" \/>\n<meta property=\"og:locale\" content=\"en_US\" \/>\n<meta property=\"og:type\" content=\"article\" \/>\n<meta property=\"og:title\" content=\"K\u00fapte si pr\u00e1\u0161ok ADB-PINACA - ADB-PINACA - Najlep\u0161ie najlep\u0161ie glob\u00e1lne lieky\" \/>\n<meta property=\"og:description\" content=\"K\u00fapi\u0165 pr\u00e1\u0161ok ADB-Pinaca\u00a0na predaj v\u00a0Eur\u00f3pe, Spojenom kr\u00e1\u013eovstve, E\u00da, \u010c\u00edne \u010cistota 98\u00a0% chemick\u00fdch z\u00e1sob v\u00a0pr\u00e1\u0161ku\u00a0&amp; Kry\u0161t\u00e1lov\u00fd metiopropam\u00edn \/ MPA ADB-Pinaca pr\u00e1\u0161ok.\" \/>\n<meta property=\"og:url\" content=\"https:\/\/medicinasinc.com\/sk\/product\/kupit-adb-pinaca-prasok\/\" \/>\n<meta property=\"og:site_name\" content=\"Medicinas Inc\" \/>\n<meta property=\"article:modified_time\" content=\"2022-03-22T00:59:04+00:00\" \/>\n<meta property=\"og:image\" content=\"https:\/\/medicinasinc.com\/sk\/wp-content\/uploads\/sites\/10\/2022\/02\/Buy-ADB-Pinaca-Powder.png\" \/>\n\t<meta property=\"og:image:width\" content=\"600\" \/>\n\t<meta property=\"og:image:height\" content=\"400\" \/>\n\t<meta property=\"og:image:type\" content=\"image\/png\" \/>\n<meta name=\"twitter:card\" content=\"summary_large_image\" \/>\n<meta name=\"twitter:label1\" content=\"Est. reading time\" \/>\n\t<meta name=\"twitter:data1\" content=\"1 minute\" \/>\n<script type=\"application\/ld+json\" class=\"yoast-schema-graph\">{\"@context\":\"https:\\\/\\\/schema.org\",\"@graph\":[{\"@type\":\"WebPage\",\"@id\":\"https:\\\/\\\/medicinasinc.com\\\/sk\\\/product\\\/kupit-adb-pinaca-prasok\\\/\",\"url\":\"https:\\\/\\\/medicinasinc.com\\\/sk\\\/product\\\/kupit-adb-pinaca-prasok\\\/\",\"name\":\"K\u00fapte si pr\u00e1\u0161ok ADB-PINACA - ADB-PINACA - Najlep\u0161ie najlep\u0161ie glob\u00e1lne lieky\",\"isPartOf\":{\"@id\":\"https:\\\/\\\/medicinasinc.com\\\/sk\\\/#website\"},\"primaryImageOfPage\":{\"@id\":\"https:\\\/\\\/medicinasinc.com\\\/sk\\\/product\\\/kupit-adb-pinaca-prasok\\\/#primaryimage\"},\"image\":{\"@id\":\"https:\\\/\\\/medicinasinc.com\\\/sk\\\/product\\\/kupit-adb-pinaca-prasok\\\/#primaryimage\"},\"thumbnailUrl\":\"https:\\\/\\\/medicinasinc.com\\\/sk\\\/wp-content\\\/uploads\\\/sites\\\/10\\\/2022\\\/02\\\/Buy-ADB-Pinaca-Powder.png\",\"datePublished\":\"2022-02-21T23:00:46+00:00\",\"dateModified\":\"2022-03-22T00:59:04+00:00\",\"description\":\"K\u00fapi\u0165 pr\u00e1\u0161ok ADB-Pinaca\u00a0na predaj v\u00a0Eur\u00f3pe, Spojenom kr\u00e1\u013eovstve, E\u00da, \u010c\u00edne \u010cistota 98\u00a0% chemick\u00fdch z\u00e1sob v\u00a0pr\u00e1\u0161ku\u00a0&amp; Kry\u0161t\u00e1lov\u00fd metiopropam\u00edn \\\/ MPA ADB-Pinaca pr\u00e1\u0161ok.\",\"breadcrumb\":{\"@id\":\"https:\\\/\\\/medicinasinc.com\\\/sk\\\/product\\\/kupit-adb-pinaca-prasok\\\/#breadcrumb\"},\"inLanguage\":\"en-US\",\"potentialAction\":[{\"@type\":\"ReadAction\",\"target\":[\"https:\\\/\\\/medicinasinc.com\\\/sk\\\/product\\\/kupit-adb-pinaca-prasok\\\/\"]}]},{\"@type\":\"ImageObject\",\"inLanguage\":\"en-US\",\"@id\":\"https:\\\/\\\/medicinasinc.com\\\/sk\\\/product\\\/kupit-adb-pinaca-prasok\\\/#primaryimage\",\"url\":\"https:\\\/\\\/medicinasinc.com\\\/sk\\\/wp-content\\\/uploads\\\/sites\\\/10\\\/2022\\\/02\\\/Buy-ADB-Pinaca-Powder.png\",\"contentUrl\":\"https:\\\/\\\/medicinasinc.com\\\/sk\\\/wp-content\\\/uploads\\\/sites\\\/10\\\/2022\\\/02\\\/Buy-ADB-Pinaca-Powder.png\",\"width\":600,\"height\":400},{\"@type\":\"BreadcrumbList\",\"@id\":\"https:\\\/\\\/medicinasinc.com\\\/sk\\\/product\\\/kupit-adb-pinaca-prasok\\\/#breadcrumb\",\"itemListElement\":[{\"@type\":\"ListItem\",\"position\":1,\"name\":\"Obchod\",\"item\":\"https:\\\/\\\/medicinasinc.com\\\/sk\\\/obchod\\\/\"},{\"@type\":\"ListItem\",\"position\":2,\"name\":\"K\u00fapte si pr\u00e1\u0161ok ADB-PINACA\"}]},{\"@type\":\"WebSite\",\"@id\":\"https:\\\/\\\/medicinasinc.com\\\/sk\\\/#website\",\"url\":\"https:\\\/\\\/medicinasinc.com\\\/sk\\\/\",\"name\":\"Medicinas Inc\",\"description\":\"Health Medical Clinic\",\"potentialAction\":[{\"@type\":\"SearchAction\",\"target\":{\"@type\":\"EntryPoint\",\"urlTemplate\":\"https:\\\/\\\/medicinasinc.com\\\/sk\\\/?s={search_term_string}\"},\"query-input\":{\"@type\":\"PropertyValueSpecification\",\"valueRequired\":true,\"valueName\":\"search_term_string\"}}],\"inLanguage\":\"en-US\"}]}<\/script>\n<!-- \/ Yoast SEO plugin. -->","yoast_head_json":{"title":"K\u00fapte si pr\u00e1\u0161ok ADB-PINACA - ADB-PINACA - Najlep\u0161ie najlep\u0161ie glob\u00e1lne lieky","description":"K\u00fapi\u0165 pr\u00e1\u0161ok ADB-Pinaca\u00a0na predaj v\u00a0Eur\u00f3pe, Spojenom kr\u00e1\u013eovstve, E\u00da, \u010c\u00edne \u010cistota 98\u00a0% chemick\u00fdch z\u00e1sob v\u00a0pr\u00e1\u0161ku\u00a0&amp; Kry\u0161t\u00e1lov\u00fd metiopropam\u00edn \/ MPA ADB-Pinaca pr\u00e1\u0161ok.","robots":{"index":"index","follow":"follow","max-snippet":"max-snippet:-1","max-image-preview":"max-image-preview:large","max-video-preview":"max-video-preview:-1"},"canonical":"https:\/\/medicinasinc.com\/sk\/product\/kupit-adb-pinaca-prasok\/","og_locale":"en_US","og_type":"article","og_title":"K\u00fapte si pr\u00e1\u0161ok ADB-PINACA - ADB-PINACA - Najlep\u0161ie najlep\u0161ie glob\u00e1lne lieky","og_description":"K\u00fapi\u0165 pr\u00e1\u0161ok ADB-Pinaca\u00a0na predaj v\u00a0Eur\u00f3pe, Spojenom kr\u00e1\u013eovstve, E\u00da, \u010c\u00edne \u010cistota 98\u00a0% chemick\u00fdch z\u00e1sob v\u00a0pr\u00e1\u0161ku\u00a0&amp; Kry\u0161t\u00e1lov\u00fd metiopropam\u00edn \/ MPA ADB-Pinaca pr\u00e1\u0161ok.","og_url":"https:\/\/medicinasinc.com\/sk\/product\/kupit-adb-pinaca-prasok\/","og_site_name":"Medicinas Inc","article_modified_time":"2022-03-22T00:59:04+00:00","og_image":[{"width":600,"height":400,"url":"https:\/\/medicinasinc.com\/sk\/wp-content\/uploads\/sites\/10\/2022\/02\/Buy-ADB-Pinaca-Powder.png","type":"image\/png"}],"twitter_card":"summary_large_image","twitter_misc":{"Est. reading time":"1 minute"},"schema":{"@context":"https:\/\/schema.org","@graph":[{"@type":"WebPage","@id":"https:\/\/medicinasinc.com\/sk\/product\/kupit-adb-pinaca-prasok\/","url":"https:\/\/medicinasinc.com\/sk\/product\/kupit-adb-pinaca-prasok\/","name":"K\u00fapte si pr\u00e1\u0161ok ADB-PINACA - ADB-PINACA - Najlep\u0161ie najlep\u0161ie glob\u00e1lne lieky","isPartOf":{"@id":"https:\/\/medicinasinc.com\/sk\/#website"},"primaryImageOfPage":{"@id":"https:\/\/medicinasinc.com\/sk\/product\/kupit-adb-pinaca-prasok\/#primaryimage"},"image":{"@id":"https:\/\/medicinasinc.com\/sk\/product\/kupit-adb-pinaca-prasok\/#primaryimage"},"thumbnailUrl":"https:\/\/medicinasinc.com\/sk\/wp-content\/uploads\/sites\/10\/2022\/02\/Buy-ADB-Pinaca-Powder.png","datePublished":"2022-02-21T23:00:46+00:00","dateModified":"2022-03-22T00:59:04+00:00","description":"K\u00fapi\u0165 pr\u00e1\u0161ok ADB-Pinaca\u00a0na predaj v\u00a0Eur\u00f3pe, Spojenom kr\u00e1\u013eovstve, E\u00da, \u010c\u00edne \u010cistota 98\u00a0% chemick\u00fdch z\u00e1sob v\u00a0pr\u00e1\u0161ku\u00a0&amp; Kry\u0161t\u00e1lov\u00fd metiopropam\u00edn \/ MPA ADB-Pinaca pr\u00e1\u0161ok.","breadcrumb":{"@id":"https:\/\/medicinasinc.com\/sk\/product\/kupit-adb-pinaca-prasok\/#breadcrumb"},"inLanguage":"en-US","potentialAction":[{"@type":"ReadAction","target":["https:\/\/medicinasinc.com\/sk\/product\/kupit-adb-pinaca-prasok\/"]}]},{"@type":"ImageObject","inLanguage":"en-US","@id":"https:\/\/medicinasinc.com\/sk\/product\/kupit-adb-pinaca-prasok\/#primaryimage","url":"https:\/\/medicinasinc.com\/sk\/wp-content\/uploads\/sites\/10\/2022\/02\/Buy-ADB-Pinaca-Powder.png","contentUrl":"https:\/\/medicinasinc.com\/sk\/wp-content\/uploads\/sites\/10\/2022\/02\/Buy-ADB-Pinaca-Powder.png","width":600,"height":400},{"@type":"BreadcrumbList","@id":"https:\/\/medicinasinc.com\/sk\/product\/kupit-adb-pinaca-prasok\/#breadcrumb","itemListElement":[{"@type":"ListItem","position":1,"name":"Obchod","item":"https:\/\/medicinasinc.com\/sk\/obchod\/"},{"@type":"ListItem","position":2,"name":"K\u00fapte si pr\u00e1\u0161ok ADB-PINACA"}]},{"@type":"WebSite","@id":"https:\/\/medicinasinc.com\/sk\/#website","url":"https:\/\/medicinasinc.com\/sk\/","name":"Medicinas Inc","description":"Health Medical Clinic","potentialAction":[{"@type":"SearchAction","target":{"@type":"EntryPoint","urlTemplate":"https:\/\/medicinasinc.com\/sk\/?s={search_term_string}"},"query-input":{"@type":"PropertyValueSpecification","valueRequired":true,"valueName":"search_term_string"}}],"inLanguage":"en-US"}]}},"_links":{"self":[{"href":"https:\/\/medicinasinc.com\/sk\/wp-json\/wp\/v2\/product\/5419","targetHints":{"allow":["GET"]}}],"collection":[{"href":"https:\/\/medicinasinc.com\/sk\/wp-json\/wp\/v2\/product"}],"about":[{"href":"https:\/\/medicinasinc.com\/sk\/wp-json\/wp\/v2\/types\/product"}],"replies":[{"embeddable":true,"href":"https:\/\/medicinasinc.com\/sk\/wp-json\/wp\/v2\/comments?post=5419"}],"wp:featuredmedia":[{"embeddable":true,"href":"https:\/\/medicinasinc.com\/sk\/wp-json\/wp\/v2\/media\/5431"}],"wp:attachment":[{"href":"https:\/\/medicinasinc.com\/sk\/wp-json\/wp\/v2\/media?parent=5419"}],"wp:term":[{"taxonomy":"product_brand","embeddable":true,"href":"https:\/\/medicinasinc.com\/sk\/wp-json\/wp\/v2\/product_brand?post=5419"},{"taxonomy":"product_cat","embeddable":true,"href":"https:\/\/medicinasinc.com\/sk\/wp-json\/wp\/v2\/product_cat?post=5419"},{"taxonomy":"product_tag","embeddable":true,"href":"https:\/\/medicinasinc.com\/sk\/wp-json\/wp\/v2\/product_tag?post=5419"}],"curies":[{"name":"wp","href":"https:\/\/api.w.org\/{rel}","templated":true}]}}