{"id":5417,"date":"2022-02-21T22:57:54","date_gmt":"2022-02-21T22:57:54","guid":{"rendered":"https:\/\/medicinasinc.com\/sk\/?post_type=product&#038;p=5417"},"modified":"2022-03-22T00:59:27","modified_gmt":"2022-03-22T00:59:27","slug":"buy-5f-mdmb-2201-5f-mmb-pica-5f-amb-pica","status":"publish","type":"product","link":"https:\/\/medicinasinc.com\/sk\/product\/buy-5f-mdmb-2201-5f-mmb-pica-5f-amb-pica\/","title":{"rendered":"Pred\u00e1m 5F MDMB 2201 &#8211; 5F-MMB-PICA, 5F-AMB-PICA"},"content":{"rendered":"<h1>K\u00fapi\u0165 5f MDMB 2201 Crystals online.<\/h1>\n<p>K\u00fapi\u0165 5f MDMB 2201 Crystals online.<\/p>\n<p>Ide o indazol 3 karboxamid, ktor\u00fd sa za\u010d\u00edna objavova\u0165 v syntetick\u00fdch kanabisov\u00fdch produktoch po celom svete .<\/p>\n<p>Farmakol\u00f3gia:<br \/> 5F-MDMB-2201 sa pova\u017euje za ve\u013emi siln\u00e9ho agonistu CB1, ale nie je zn\u00e1me, \u010di m\u00e1 siln\u00fa selektivitu pre CB1, alebo \u010di je skuto\u010dne selekt\u00edvny pri v\u0161etky. V tejto oblasti bude potrebn\u00e9 \u010fal\u0161ie testovanie.<\/p>\n<p>Podobn\u00e9 zl\u00fa\u010deniny:<br \/> 5F-AB-PINACA<br \/> PX-3<br \/> MDMB-FUBINACA<br \/> MDMB-CHMICA<br \/> APINACA<br \/> APICA<br \/> ADB-PINACA<br \/> ADBICA<br \/> ADB-FUBINACA<br \/> ADB-CHMINACA<br \/> AB-PINACA<br \/> AB-FUBINACA<br \/> AB-CHMINACA<br \/> AB-CHFUPYCA<br \/> 5F-APINACA<br \/> 5F-AMB<\/p>\n<p>Z\u00e1kon:<br \/> 5F-MDMB-2201 nie je zn\u00e1my v s\u00fa\u010dasnosti sa pova\u017euje za kontrolovan\u00fa l\u00e1tku v ktorejko\u013evek krajine alebo hlavnej jurisdikcii, ale mo\u017eno ju pova\u017eova\u0165 za anal\u00f3g 5F-ADB alebo pr\u00edbuzn\u00fdch zl\u00fa\u010den\u00edn. To m\u00f4\u017ee sp\u00f4sobi\u0165, \u017ee jej predaj alebo dr\u017eba bude v ur\u010dit\u00fdch jurisdikci\u00e1ch nez\u00e1konn\u00e1, tak\u017ee pri dovoze tejto chemik\u00e1lie by ste mali by\u0165 opatrn\u00ed.<br \/> 5F-MDMB-2201 sa pred\u00e1va \u010disto ako v\u00fdskumn\u00e1 chemik\u00e1lia, a preto nie je vhodn\u00e1 na \u013eudsk\u00fa alebo zvieraciu spotrebu. Mal by ho pou\u017e\u00edva\u0165 iba vy\u0161kolen\u00fd person\u00e1l v laborat\u00f3riu alebo forenznom prostred\u00ed.<\/p>\n","protected":false},"excerpt":{"rendered":"<p>K\u00fapi\u0165 MMB-2201, 5F MDMB 2201 na predaj vo Ve\u013ekej Brit\u00e1nii, Eur\u00f3pe (tie\u017e zn\u00e1my ako 5F-MMB-PICA, 5F-AMB-PICA a I-AMB) je siln\u00fd syntetick\u00fd kanabinoid na b\u00e1ze indol-3-karboxamidu, ktor\u00fd sa pred\u00e1va ako dizajnov\u00e1 droga a ako akt\u00edvna zlo\u017eka v syntetick\u00fdch zmesiach kanabisu<\/p>\n<p>Online n\u00e1kup kry\u0161t\u00e1lov 5f MDMB 2201. 5F-MDMB-2201 je syntetick\u00fd kanabinoid z rodiny indazolov, ktor\u00fd je ve\u013emi podobn\u00fd zn\u00e1mej\u0161iemu 5F-MDMB-PINACA.<\/p>\n<p>Nakupujte \u010dist\u00fd vysoko kvalitn\u00fd 5F-MDMB-2201 pr\u00e1\u0161ok online za bitcoiny a #8211; Nakupujte leg\u00e1lne drogy, v\u00fdskumn\u00e9 chemik\u00e1lie a surov\u00e9 farmaceutick\u00e9 pr\u00e1\u0161ky online.<\/p>\n<p>5F-MDMB-2201<\/p>\n<p>Objednajte si vzorku na testovanie alebo si k\u00fapte 5f-mdmb-2201 na predaj s dopravou zdarma na v Spojenom kr\u00e1\u013eovstve, USA alebo Eur\u00f3pe.<\/p>\n","protected":false},"featured_media":5427,"comment_status":"open","ping_status":"closed","template":"","meta":[],"product_brand":[],"product_cat":[2596],"product_tag":[2598,2599,2600,2601,2604,2609,2610,2611,2612,2605,2606,2607,2613,2616,2615,2617,2618,2619,2624,2629,2608,2631,2621,2623,2620,2622,2625,2628,2627,2626,2614,2603,2602,2597,2630],"class_list":{"0":"post-5417","1":"product","2":"type-product","3":"status-publish","4":"has-post-thumbnail","6":"product_cat-kanabinoidy-na-predaj","7":"product_tag-4f-mdmb-binaca-uk","8":"product_tag-5f-powder","9":"product_tag-5f-mdmb-2201","10":"product_tag-5f-mdmb-2201-cannabinoids","11":"product_tag-5f-mdmb-2201-for-sale-online","12":"product_tag-5f-mdmb-2201-powder-for-sale","13":"product_tag-5f-mdmb-2201-powder-review","14":"product_tag-5f-mdmb-2201-powder-supplier","15":"product_tag-5f-mdmb-2201-powder-uk","16":"product_tag-5f-mdmb-2201-prok","17":"product_tag-5f-mdmb-2201-powder-australia","18":"product_tag-5f-mdmb-2201-powder-canada","19":"product_tag-5f-mdmb-2201-powder-usa","20":"product_tag-5f-mdmb-2201-recenzia","21":"product_tag-5f-mdmb-2201-reddit","22":"product_tag-5f-mdmb-pinaca-buy","23":"product_tag-5f-sgt-151","24":"product_tag-buy-5f-mdmb-2201","25":"product_tag-c-liquid-chemical-suspension","26":"product_tag-ist-5f-mdmb-2201-prok","27":"product_tag-5f-mdmb-2201-prok-dvkovanie","28":"product_tag-kde-kpi-5f-mdmb-2201","29":"product_tag-kpi-5f-mdmb-2201-online","30":"product_tag-buy-diclazepam-uk","31":"product_tag-buy-5f-mdmb-2201-cannabinoids","32":"product_tag-kpi-5f-mdmb-2201-prok-online","33":"product_tag-mail-5f-mdmb-2201","34":"product_tag-objednvka-5f-mdmb-2201-prok","35":"product_tag-objednvka-5f-mdmb-2201-online","36":"product_tag-objednvka-5f-mdmb-2201","37":"product_tag-5f-mdmb-2201-powder-vendor","38":"product_tag-5f-mdmb-2201-na-predaj","39":"product_tag-5f-mdmb-2201-kanabinoidy-na-predaj","40":"product_tag-4f-adb-recenzia","41":"product_tag-sgt-151-legal","43":"first","44":"instock","45":"shipping-taxable","46":"purchasable","47":"product-type-variable","48":"has-default-attributes"},"yoast_head":"<!-- This site is optimized with the Yoast SEO plugin v27.3 - https:\/\/yoast.com\/product\/yoast-seo-wordpress\/ -->\n<title>K\u00fapte si 5F MDMB 2201 - 5F-MMB-PICA, 5F-AMB-PICA a I-AMB<\/title>\n<meta name=\"description\" content=\"K\u00fapi\u0165 MMB-2201, 5F MDMB 2201 na predaj Ve\u013ek\u00e1 Brit\u00e1nia, Eur\u00f3pa (tie\u017e zn\u00e1my ako 5F-MMB-PICA, 5F-AMB-PICA a I-AMB) je siln\u00fd syntetick\u00fd kanabinoid na b\u00e1ze indol-3-karboxamidu, ktor\u00fd bol predan\u00fd ako dizajnov\u00e1 droga a ako akt\u00edvna zlo\u017eka syntetick\u00fdch kanabisov\u00fdch zmes\u00ed\" \/>\n<meta name=\"robots\" content=\"index, follow, max-snippet:-1, max-image-preview:large, max-video-preview:-1\" \/>\n<link rel=\"canonical\" href=\"https:\/\/medicinasinc.com\/sk\/product\/buy-5f-mdmb-2201-5f-mmb-pica-5f-amb-pica\/\" \/>\n<meta property=\"og:locale\" content=\"en_US\" \/>\n<meta property=\"og:type\" content=\"article\" \/>\n<meta property=\"og:title\" content=\"K\u00fapte si 5F MDMB 2201 - 5F-MMB-PICA, 5F-AMB-PICA a I-AMB\" \/>\n<meta property=\"og:description\" content=\"K\u00fapi\u0165 MMB-2201, 5F MDMB 2201 na predaj Ve\u013ek\u00e1 Brit\u00e1nia, Eur\u00f3pa (tie\u017e zn\u00e1my ako 5F-MMB-PICA, 5F-AMB-PICA a I-AMB) je siln\u00fd syntetick\u00fd kanabinoid na b\u00e1ze indol-3-karboxamidu, ktor\u00fd bol predan\u00fd ako dizajnov\u00e1 droga a ako akt\u00edvna zlo\u017eka syntetick\u00fdch kanabisov\u00fdch zmes\u00ed\" \/>\n<meta property=\"og:url\" content=\"https:\/\/medicinasinc.com\/sk\/product\/buy-5f-mdmb-2201-5f-mmb-pica-5f-amb-pica\/\" \/>\n<meta property=\"og:site_name\" content=\"Medicinas Inc\" \/>\n<meta property=\"article:modified_time\" content=\"2022-03-22T00:59:27+00:00\" \/>\n<meta property=\"og:image\" content=\"https:\/\/medicinasinc.com\/sk\/wp-content\/uploads\/sites\/10\/2022\/02\/Buy-5f-MDMB-2201.jpg\" \/>\n\t<meta property=\"og:image:width\" content=\"232\" \/>\n\t<meta property=\"og:image:height\" content=\"217\" \/>\n\t<meta property=\"og:image:type\" content=\"image\/jpeg\" \/>\n<meta name=\"twitter:card\" content=\"summary_large_image\" \/>\n<meta name=\"twitter:label1\" content=\"Est. reading time\" \/>\n\t<meta name=\"twitter:data1\" content=\"1 minute\" \/>\n<script type=\"application\/ld+json\" class=\"yoast-schema-graph\">{\"@context\":\"https:\\\/\\\/schema.org\",\"@graph\":[{\"@type\":\"WebPage\",\"@id\":\"https:\\\/\\\/medicinasinc.com\\\/sk\\\/product\\\/buy-5f-mdmb-2201-5f-mmb-pica-5f-amb-pica\\\/\",\"url\":\"https:\\\/\\\/medicinasinc.com\\\/sk\\\/product\\\/buy-5f-mdmb-2201-5f-mmb-pica-5f-amb-pica\\\/\",\"name\":\"K\u00fapte si 5F MDMB 2201 - 5F-MMB-PICA, 5F-AMB-PICA a I-AMB\",\"isPartOf\":{\"@id\":\"https:\\\/\\\/medicinasinc.com\\\/sk\\\/#website\"},\"primaryImageOfPage\":{\"@id\":\"https:\\\/\\\/medicinasinc.com\\\/sk\\\/product\\\/buy-5f-mdmb-2201-5f-mmb-pica-5f-amb-pica\\\/#primaryimage\"},\"image\":{\"@id\":\"https:\\\/\\\/medicinasinc.com\\\/sk\\\/product\\\/buy-5f-mdmb-2201-5f-mmb-pica-5f-amb-pica\\\/#primaryimage\"},\"thumbnailUrl\":\"https:\\\/\\\/medicinasinc.com\\\/sk\\\/wp-content\\\/uploads\\\/sites\\\/10\\\/2022\\\/02\\\/Buy-5f-MDMB-2201.jpg\",\"datePublished\":\"2022-02-21T22:57:54+00:00\",\"dateModified\":\"2022-03-22T00:59:27+00:00\",\"description\":\"K\u00fapi\u0165 MMB-2201, 5F MDMB 2201 na predaj Ve\u013ek\u00e1 Brit\u00e1nia, Eur\u00f3pa (tie\u017e zn\u00e1my ako 5F-MMB-PICA, 5F-AMB-PICA a I-AMB) je siln\u00fd syntetick\u00fd kanabinoid na b\u00e1ze indol-3-karboxamidu, ktor\u00fd bol predan\u00fd ako dizajnov\u00e1 droga a ako akt\u00edvna zlo\u017eka syntetick\u00fdch kanabisov\u00fdch zmes\u00ed\",\"breadcrumb\":{\"@id\":\"https:\\\/\\\/medicinasinc.com\\\/sk\\\/product\\\/buy-5f-mdmb-2201-5f-mmb-pica-5f-amb-pica\\\/#breadcrumb\"},\"inLanguage\":\"en-US\",\"potentialAction\":[{\"@type\":\"ReadAction\",\"target\":[\"https:\\\/\\\/medicinasinc.com\\\/sk\\\/product\\\/buy-5f-mdmb-2201-5f-mmb-pica-5f-amb-pica\\\/\"]}]},{\"@type\":\"ImageObject\",\"inLanguage\":\"en-US\",\"@id\":\"https:\\\/\\\/medicinasinc.com\\\/sk\\\/product\\\/buy-5f-mdmb-2201-5f-mmb-pica-5f-amb-pica\\\/#primaryimage\",\"url\":\"https:\\\/\\\/medicinasinc.com\\\/sk\\\/wp-content\\\/uploads\\\/sites\\\/10\\\/2022\\\/02\\\/Buy-5f-MDMB-2201.jpg\",\"contentUrl\":\"https:\\\/\\\/medicinasinc.com\\\/sk\\\/wp-content\\\/uploads\\\/sites\\\/10\\\/2022\\\/02\\\/Buy-5f-MDMB-2201.jpg\",\"width\":232,\"height\":217},{\"@type\":\"BreadcrumbList\",\"@id\":\"https:\\\/\\\/medicinasinc.com\\\/sk\\\/product\\\/buy-5f-mdmb-2201-5f-mmb-pica-5f-amb-pica\\\/#breadcrumb\",\"itemListElement\":[{\"@type\":\"ListItem\",\"position\":1,\"name\":\"Obchod\",\"item\":\"https:\\\/\\\/medicinasinc.com\\\/sk\\\/obchod\\\/\"},{\"@type\":\"ListItem\",\"position\":2,\"name\":\"Pred\u00e1m 5F MDMB 2201 &#8211; 5F-MMB-PICA, 5F-AMB-PICA\"}]},{\"@type\":\"WebSite\",\"@id\":\"https:\\\/\\\/medicinasinc.com\\\/sk\\\/#website\",\"url\":\"https:\\\/\\\/medicinasinc.com\\\/sk\\\/\",\"name\":\"Medicinas Inc\",\"description\":\"Health Medical Clinic\",\"potentialAction\":[{\"@type\":\"SearchAction\",\"target\":{\"@type\":\"EntryPoint\",\"urlTemplate\":\"https:\\\/\\\/medicinasinc.com\\\/sk\\\/?s={search_term_string}\"},\"query-input\":{\"@type\":\"PropertyValueSpecification\",\"valueRequired\":true,\"valueName\":\"search_term_string\"}}],\"inLanguage\":\"en-US\"}]}<\/script>\n<!-- \/ Yoast SEO plugin. -->","yoast_head_json":{"title":"K\u00fapte si 5F MDMB 2201 - 5F-MMB-PICA, 5F-AMB-PICA a I-AMB","description":"K\u00fapi\u0165 MMB-2201, 5F MDMB 2201 na predaj Ve\u013ek\u00e1 Brit\u00e1nia, Eur\u00f3pa (tie\u017e zn\u00e1my ako 5F-MMB-PICA, 5F-AMB-PICA a I-AMB) je siln\u00fd syntetick\u00fd kanabinoid na b\u00e1ze indol-3-karboxamidu, ktor\u00fd bol predan\u00fd ako dizajnov\u00e1 droga a ako akt\u00edvna zlo\u017eka syntetick\u00fdch kanabisov\u00fdch zmes\u00ed","robots":{"index":"index","follow":"follow","max-snippet":"max-snippet:-1","max-image-preview":"max-image-preview:large","max-video-preview":"max-video-preview:-1"},"canonical":"https:\/\/medicinasinc.com\/sk\/product\/buy-5f-mdmb-2201-5f-mmb-pica-5f-amb-pica\/","og_locale":"en_US","og_type":"article","og_title":"K\u00fapte si 5F MDMB 2201 - 5F-MMB-PICA, 5F-AMB-PICA a I-AMB","og_description":"K\u00fapi\u0165 MMB-2201, 5F MDMB 2201 na predaj Ve\u013ek\u00e1 Brit\u00e1nia, Eur\u00f3pa (tie\u017e zn\u00e1my ako 5F-MMB-PICA, 5F-AMB-PICA a I-AMB) je siln\u00fd syntetick\u00fd kanabinoid na b\u00e1ze indol-3-karboxamidu, ktor\u00fd bol predan\u00fd ako dizajnov\u00e1 droga a ako akt\u00edvna zlo\u017eka syntetick\u00fdch kanabisov\u00fdch zmes\u00ed","og_url":"https:\/\/medicinasinc.com\/sk\/product\/buy-5f-mdmb-2201-5f-mmb-pica-5f-amb-pica\/","og_site_name":"Medicinas Inc","article_modified_time":"2022-03-22T00:59:27+00:00","og_image":[{"width":232,"height":217,"url":"https:\/\/medicinasinc.com\/sk\/wp-content\/uploads\/sites\/10\/2022\/02\/Buy-5f-MDMB-2201.jpg","type":"image\/jpeg"}],"twitter_card":"summary_large_image","twitter_misc":{"Est. reading time":"1 minute"},"schema":{"@context":"https:\/\/schema.org","@graph":[{"@type":"WebPage","@id":"https:\/\/medicinasinc.com\/sk\/product\/buy-5f-mdmb-2201-5f-mmb-pica-5f-amb-pica\/","url":"https:\/\/medicinasinc.com\/sk\/product\/buy-5f-mdmb-2201-5f-mmb-pica-5f-amb-pica\/","name":"K\u00fapte si 5F MDMB 2201 - 5F-MMB-PICA, 5F-AMB-PICA a I-AMB","isPartOf":{"@id":"https:\/\/medicinasinc.com\/sk\/#website"},"primaryImageOfPage":{"@id":"https:\/\/medicinasinc.com\/sk\/product\/buy-5f-mdmb-2201-5f-mmb-pica-5f-amb-pica\/#primaryimage"},"image":{"@id":"https:\/\/medicinasinc.com\/sk\/product\/buy-5f-mdmb-2201-5f-mmb-pica-5f-amb-pica\/#primaryimage"},"thumbnailUrl":"https:\/\/medicinasinc.com\/sk\/wp-content\/uploads\/sites\/10\/2022\/02\/Buy-5f-MDMB-2201.jpg","datePublished":"2022-02-21T22:57:54+00:00","dateModified":"2022-03-22T00:59:27+00:00","description":"K\u00fapi\u0165 MMB-2201, 5F MDMB 2201 na predaj Ve\u013ek\u00e1 Brit\u00e1nia, Eur\u00f3pa (tie\u017e zn\u00e1my ako 5F-MMB-PICA, 5F-AMB-PICA a I-AMB) je siln\u00fd syntetick\u00fd kanabinoid na b\u00e1ze indol-3-karboxamidu, ktor\u00fd bol predan\u00fd ako dizajnov\u00e1 droga a ako akt\u00edvna zlo\u017eka syntetick\u00fdch kanabisov\u00fdch zmes\u00ed","breadcrumb":{"@id":"https:\/\/medicinasinc.com\/sk\/product\/buy-5f-mdmb-2201-5f-mmb-pica-5f-amb-pica\/#breadcrumb"},"inLanguage":"en-US","potentialAction":[{"@type":"ReadAction","target":["https:\/\/medicinasinc.com\/sk\/product\/buy-5f-mdmb-2201-5f-mmb-pica-5f-amb-pica\/"]}]},{"@type":"ImageObject","inLanguage":"en-US","@id":"https:\/\/medicinasinc.com\/sk\/product\/buy-5f-mdmb-2201-5f-mmb-pica-5f-amb-pica\/#primaryimage","url":"https:\/\/medicinasinc.com\/sk\/wp-content\/uploads\/sites\/10\/2022\/02\/Buy-5f-MDMB-2201.jpg","contentUrl":"https:\/\/medicinasinc.com\/sk\/wp-content\/uploads\/sites\/10\/2022\/02\/Buy-5f-MDMB-2201.jpg","width":232,"height":217},{"@type":"BreadcrumbList","@id":"https:\/\/medicinasinc.com\/sk\/product\/buy-5f-mdmb-2201-5f-mmb-pica-5f-amb-pica\/#breadcrumb","itemListElement":[{"@type":"ListItem","position":1,"name":"Obchod","item":"https:\/\/medicinasinc.com\/sk\/obchod\/"},{"@type":"ListItem","position":2,"name":"Pred\u00e1m 5F MDMB 2201 &#8211; 5F-MMB-PICA, 5F-AMB-PICA"}]},{"@type":"WebSite","@id":"https:\/\/medicinasinc.com\/sk\/#website","url":"https:\/\/medicinasinc.com\/sk\/","name":"Medicinas Inc","description":"Health Medical Clinic","potentialAction":[{"@type":"SearchAction","target":{"@type":"EntryPoint","urlTemplate":"https:\/\/medicinasinc.com\/sk\/?s={search_term_string}"},"query-input":{"@type":"PropertyValueSpecification","valueRequired":true,"valueName":"search_term_string"}}],"inLanguage":"en-US"}]}},"_links":{"self":[{"href":"https:\/\/medicinasinc.com\/sk\/wp-json\/wp\/v2\/product\/5417","targetHints":{"allow":["GET"]}}],"collection":[{"href":"https:\/\/medicinasinc.com\/sk\/wp-json\/wp\/v2\/product"}],"about":[{"href":"https:\/\/medicinasinc.com\/sk\/wp-json\/wp\/v2\/types\/product"}],"replies":[{"embeddable":true,"href":"https:\/\/medicinasinc.com\/sk\/wp-json\/wp\/v2\/comments?post=5417"}],"wp:featuredmedia":[{"embeddable":true,"href":"https:\/\/medicinasinc.com\/sk\/wp-json\/wp\/v2\/media\/5427"}],"wp:attachment":[{"href":"https:\/\/medicinasinc.com\/sk\/wp-json\/wp\/v2\/media?parent=5417"}],"wp:term":[{"taxonomy":"product_brand","embeddable":true,"href":"https:\/\/medicinasinc.com\/sk\/wp-json\/wp\/v2\/product_brand?post=5417"},{"taxonomy":"product_cat","embeddable":true,"href":"https:\/\/medicinasinc.com\/sk\/wp-json\/wp\/v2\/product_cat?post=5417"},{"taxonomy":"product_tag","embeddable":true,"href":"https:\/\/medicinasinc.com\/sk\/wp-json\/wp\/v2\/product_tag?post=5417"}],"curies":[{"name":"wp","href":"https:\/\/api.w.org\/{rel}","templated":true}]}}