{"id":5416,"date":"2022-02-21T22:57:03","date_gmt":"2022-02-21T22:57:03","guid":{"rendered":"https:\/\/medicinasinc.com\/sk\/?post_type=product&#038;p=5416"},"modified":"2022-03-22T00:59:38","modified_gmt":"2022-03-22T00:59:38","slug":"kupit-50mcg-lsd-tablety-online","status":"publish","type":"product","link":"https:\/\/medicinasinc.com\/sk\/product\/kupit-50mcg-lsd-tablety-online\/","title":{"rendered":"K\u00fapte si 50 mcg LSD tablety online"},"content":{"rendered":"<p><strong>K\u00fapte si tabletky LSD 50 mcg online.<\/strong><\/p>\n<p>Tablety LSD 50 mcg je mo\u017en\u00e9 zak\u00fapi\u0165 online.<\/p>\n<p>Ak si chcete k\u00fapi\u0165 alebo objedna\u0165 tablety LSD, m\u00f4\u017eete tak urobi\u0165 na n\u00e1\u0161 obchod s tabletami LSD: Ak h\u013ead\u00e1te kvalitn\u00e9 tablety s LSD, u\u017e \u010falej nepokra\u010dujte. Na\u0161li ste to. Najv\u00e4\u010d\u0161ie tablety LSD na trhu s\u00fa pr\u00e1ve tie, ktor\u00e9 vyr\u00e1bame my.<br \/> Dietylamid kyseliny lysergovej je jej v\u0161eobecn\u00fd n\u00e1zov.<br \/> Na opis LSD sa pou\u017e\u00edva viac ako 80 be\u017en\u00fdch n\u00e1zvov alebo n\u00e1zvov ul\u00edc. Patria medzi ne kyselina, pijavica (zn\u00e1ma aj ako \u201ecid\u201c), d\u00e1vky (zn\u00e1ma aj ako \u201ebodky\u201c) a podrazy (tie\u017e zn\u00e1me ako \u201etriky\u201c).<\/p>\n","protected":false},"excerpt":{"rendered":"<div class=\"woocommerce-product-details__short-description\">\n<p>Skuto\u010dn\u00e9 50 mcg LSD tablety online \u2013 50 mcg LSD tablety na predaj | K\u00fapte si LSD tablety online | Pred\u00e1m 50mcg LSD tablety na predaj| K\u00fapte si lacn\u00e9 50 mcg LSD tablety | Kde k\u00fapi\u0165 50 mcg LSD tablety online.<\/p>\n<\/p><\/div>\n","protected":false},"featured_media":5425,"comment_status":"open","ping_status":"closed","template":"","meta":[],"product_brand":[],"product_cat":[703],"product_tag":[],"class_list":{"0":"post-5416","1":"product","2":"type-product","3":"status-publish","4":"has-post-thumbnail","6":"product_cat-kpi-psychedelick-drogy","8":"first","9":"instock","10":"shipping-taxable","11":"purchasable","12":"product-type-variable","13":"has-default-attributes"},"yoast_head":"<!-- This site is optimized with the Yoast SEO plugin v27.3 - https:\/\/yoast.com\/product\/yoast-seo-wordpress\/ -->\n<title>K\u00fapte si 50 mcg LSD tablety online \u2013 najlep\u0161ie najlep\u0161ie glob\u00e1lne lieky<\/title>\n<meta name=\"description\" content=\"Skuto\u010dn\u00e9 50 mcg LSD tablety online \u2013 50 mcg LSD tablety na predaj | K\u00fapte si LSD tablety online | Pred\u00e1m 50mcg LSD tablety na predaj| K\u00fapte si lacn\u00e9 50 mcg LSD tablety | Kde k\u00fapi\u0165 50 mcg LSD tablety online.\" \/>\n<meta name=\"robots\" content=\"index, follow, max-snippet:-1, max-image-preview:large, max-video-preview:-1\" \/>\n<link rel=\"canonical\" href=\"https:\/\/medicinasinc.com\/sk\/product\/kupit-50mcg-lsd-tablety-online\/\" \/>\n<meta property=\"og:locale\" content=\"en_US\" \/>\n<meta property=\"og:type\" content=\"article\" \/>\n<meta property=\"og:title\" content=\"K\u00fapte si 50 mcg LSD tablety online \u2013 najlep\u0161ie najlep\u0161ie glob\u00e1lne lieky\" \/>\n<meta property=\"og:description\" content=\"Skuto\u010dn\u00e9 50 mcg LSD tablety online \u2013 50 mcg LSD tablety na predaj | K\u00fapte si LSD tablety online | Pred\u00e1m 50mcg LSD tablety na predaj| K\u00fapte si lacn\u00e9 50 mcg LSD tablety | Kde k\u00fapi\u0165 50 mcg LSD tablety online.\" \/>\n<meta property=\"og:url\" content=\"https:\/\/medicinasinc.com\/sk\/product\/kupit-50mcg-lsd-tablety-online\/\" \/>\n<meta property=\"og:site_name\" content=\"Medicinas Inc\" \/>\n<meta property=\"article:modified_time\" content=\"2022-03-22T00:59:38+00:00\" \/>\n<meta property=\"og:image\" content=\"https:\/\/medicinasinc.com\/sk\/wp-content\/uploads\/sites\/10\/2022\/02\/buy-50mcg-lsd-tablets-online.jpg\" \/>\n\t<meta property=\"og:image:width\" content=\"600\" \/>\n\t<meta property=\"og:image:height\" content=\"600\" \/>\n\t<meta property=\"og:image:type\" content=\"image\/jpeg\" \/>\n<meta name=\"twitter:card\" content=\"summary_large_image\" \/>\n<meta name=\"twitter:label1\" content=\"Est. reading time\" \/>\n\t<meta name=\"twitter:data1\" content=\"1 minute\" \/>\n<script type=\"application\/ld+json\" class=\"yoast-schema-graph\">{\"@context\":\"https:\\\/\\\/schema.org\",\"@graph\":[{\"@type\":\"WebPage\",\"@id\":\"https:\\\/\\\/medicinasinc.com\\\/sk\\\/product\\\/kupit-50mcg-lsd-tablety-online\\\/\",\"url\":\"https:\\\/\\\/medicinasinc.com\\\/sk\\\/product\\\/kupit-50mcg-lsd-tablety-online\\\/\",\"name\":\"K\u00fapte si 50 mcg LSD tablety online \u2013 najlep\u0161ie najlep\u0161ie glob\u00e1lne lieky\",\"isPartOf\":{\"@id\":\"https:\\\/\\\/medicinasinc.com\\\/sk\\\/#website\"},\"primaryImageOfPage\":{\"@id\":\"https:\\\/\\\/medicinasinc.com\\\/sk\\\/product\\\/kupit-50mcg-lsd-tablety-online\\\/#primaryimage\"},\"image\":{\"@id\":\"https:\\\/\\\/medicinasinc.com\\\/sk\\\/product\\\/kupit-50mcg-lsd-tablety-online\\\/#primaryimage\"},\"thumbnailUrl\":\"https:\\\/\\\/medicinasinc.com\\\/sk\\\/wp-content\\\/uploads\\\/sites\\\/10\\\/2022\\\/02\\\/buy-50mcg-lsd-tablets-online.jpg\",\"datePublished\":\"2022-02-21T22:57:03+00:00\",\"dateModified\":\"2022-03-22T00:59:38+00:00\",\"description\":\"Skuto\u010dn\u00e9 50 mcg LSD tablety online \u2013 50 mcg LSD tablety na predaj | K\u00fapte si LSD tablety online | Pred\u00e1m 50mcg LSD tablety na predaj| K\u00fapte si lacn\u00e9 50 mcg LSD tablety | Kde k\u00fapi\u0165 50 mcg LSD tablety online.\",\"breadcrumb\":{\"@id\":\"https:\\\/\\\/medicinasinc.com\\\/sk\\\/product\\\/kupit-50mcg-lsd-tablety-online\\\/#breadcrumb\"},\"inLanguage\":\"en-US\",\"potentialAction\":[{\"@type\":\"ReadAction\",\"target\":[\"https:\\\/\\\/medicinasinc.com\\\/sk\\\/product\\\/kupit-50mcg-lsd-tablety-online\\\/\"]}]},{\"@type\":\"ImageObject\",\"inLanguage\":\"en-US\",\"@id\":\"https:\\\/\\\/medicinasinc.com\\\/sk\\\/product\\\/kupit-50mcg-lsd-tablety-online\\\/#primaryimage\",\"url\":\"https:\\\/\\\/medicinasinc.com\\\/sk\\\/wp-content\\\/uploads\\\/sites\\\/10\\\/2022\\\/02\\\/buy-50mcg-lsd-tablets-online.jpg\",\"contentUrl\":\"https:\\\/\\\/medicinasinc.com\\\/sk\\\/wp-content\\\/uploads\\\/sites\\\/10\\\/2022\\\/02\\\/buy-50mcg-lsd-tablets-online.jpg\",\"width\":600,\"height\":600},{\"@type\":\"BreadcrumbList\",\"@id\":\"https:\\\/\\\/medicinasinc.com\\\/sk\\\/product\\\/kupit-50mcg-lsd-tablety-online\\\/#breadcrumb\",\"itemListElement\":[{\"@type\":\"ListItem\",\"position\":1,\"name\":\"Obchod\",\"item\":\"https:\\\/\\\/medicinasinc.com\\\/sk\\\/obchod\\\/\"},{\"@type\":\"ListItem\",\"position\":2,\"name\":\"K\u00fapte si 50 mcg LSD tablety online\"}]},{\"@type\":\"WebSite\",\"@id\":\"https:\\\/\\\/medicinasinc.com\\\/sk\\\/#website\",\"url\":\"https:\\\/\\\/medicinasinc.com\\\/sk\\\/\",\"name\":\"Medicinas Inc\",\"description\":\"Health Medical Clinic\",\"potentialAction\":[{\"@type\":\"SearchAction\",\"target\":{\"@type\":\"EntryPoint\",\"urlTemplate\":\"https:\\\/\\\/medicinasinc.com\\\/sk\\\/?s={search_term_string}\"},\"query-input\":{\"@type\":\"PropertyValueSpecification\",\"valueRequired\":true,\"valueName\":\"search_term_string\"}}],\"inLanguage\":\"en-US\"}]}<\/script>\n<!-- \/ Yoast SEO plugin. -->","yoast_head_json":{"title":"K\u00fapte si 50 mcg LSD tablety online \u2013 najlep\u0161ie najlep\u0161ie glob\u00e1lne lieky","description":"Skuto\u010dn\u00e9 50 mcg LSD tablety online \u2013 50 mcg LSD tablety na predaj | K\u00fapte si LSD tablety online | Pred\u00e1m 50mcg LSD tablety na predaj| K\u00fapte si lacn\u00e9 50 mcg LSD tablety | Kde k\u00fapi\u0165 50 mcg LSD tablety online.","robots":{"index":"index","follow":"follow","max-snippet":"max-snippet:-1","max-image-preview":"max-image-preview:large","max-video-preview":"max-video-preview:-1"},"canonical":"https:\/\/medicinasinc.com\/sk\/product\/kupit-50mcg-lsd-tablety-online\/","og_locale":"en_US","og_type":"article","og_title":"K\u00fapte si 50 mcg LSD tablety online \u2013 najlep\u0161ie najlep\u0161ie glob\u00e1lne lieky","og_description":"Skuto\u010dn\u00e9 50 mcg LSD tablety online \u2013 50 mcg LSD tablety na predaj | K\u00fapte si LSD tablety online | Pred\u00e1m 50mcg LSD tablety na predaj| K\u00fapte si lacn\u00e9 50 mcg LSD tablety | Kde k\u00fapi\u0165 50 mcg LSD tablety online.","og_url":"https:\/\/medicinasinc.com\/sk\/product\/kupit-50mcg-lsd-tablety-online\/","og_site_name":"Medicinas Inc","article_modified_time":"2022-03-22T00:59:38+00:00","og_image":[{"width":600,"height":600,"url":"https:\/\/medicinasinc.com\/sk\/wp-content\/uploads\/sites\/10\/2022\/02\/buy-50mcg-lsd-tablets-online.jpg","type":"image\/jpeg"}],"twitter_card":"summary_large_image","twitter_misc":{"Est. reading time":"1 minute"},"schema":{"@context":"https:\/\/schema.org","@graph":[{"@type":"WebPage","@id":"https:\/\/medicinasinc.com\/sk\/product\/kupit-50mcg-lsd-tablety-online\/","url":"https:\/\/medicinasinc.com\/sk\/product\/kupit-50mcg-lsd-tablety-online\/","name":"K\u00fapte si 50 mcg LSD tablety online \u2013 najlep\u0161ie najlep\u0161ie glob\u00e1lne lieky","isPartOf":{"@id":"https:\/\/medicinasinc.com\/sk\/#website"},"primaryImageOfPage":{"@id":"https:\/\/medicinasinc.com\/sk\/product\/kupit-50mcg-lsd-tablety-online\/#primaryimage"},"image":{"@id":"https:\/\/medicinasinc.com\/sk\/product\/kupit-50mcg-lsd-tablety-online\/#primaryimage"},"thumbnailUrl":"https:\/\/medicinasinc.com\/sk\/wp-content\/uploads\/sites\/10\/2022\/02\/buy-50mcg-lsd-tablets-online.jpg","datePublished":"2022-02-21T22:57:03+00:00","dateModified":"2022-03-22T00:59:38+00:00","description":"Skuto\u010dn\u00e9 50 mcg LSD tablety online \u2013 50 mcg LSD tablety na predaj | K\u00fapte si LSD tablety online | Pred\u00e1m 50mcg LSD tablety na predaj| K\u00fapte si lacn\u00e9 50 mcg LSD tablety | Kde k\u00fapi\u0165 50 mcg LSD tablety online.","breadcrumb":{"@id":"https:\/\/medicinasinc.com\/sk\/product\/kupit-50mcg-lsd-tablety-online\/#breadcrumb"},"inLanguage":"en-US","potentialAction":[{"@type":"ReadAction","target":["https:\/\/medicinasinc.com\/sk\/product\/kupit-50mcg-lsd-tablety-online\/"]}]},{"@type":"ImageObject","inLanguage":"en-US","@id":"https:\/\/medicinasinc.com\/sk\/product\/kupit-50mcg-lsd-tablety-online\/#primaryimage","url":"https:\/\/medicinasinc.com\/sk\/wp-content\/uploads\/sites\/10\/2022\/02\/buy-50mcg-lsd-tablets-online.jpg","contentUrl":"https:\/\/medicinasinc.com\/sk\/wp-content\/uploads\/sites\/10\/2022\/02\/buy-50mcg-lsd-tablets-online.jpg","width":600,"height":600},{"@type":"BreadcrumbList","@id":"https:\/\/medicinasinc.com\/sk\/product\/kupit-50mcg-lsd-tablety-online\/#breadcrumb","itemListElement":[{"@type":"ListItem","position":1,"name":"Obchod","item":"https:\/\/medicinasinc.com\/sk\/obchod\/"},{"@type":"ListItem","position":2,"name":"K\u00fapte si 50 mcg LSD tablety online"}]},{"@type":"WebSite","@id":"https:\/\/medicinasinc.com\/sk\/#website","url":"https:\/\/medicinasinc.com\/sk\/","name":"Medicinas Inc","description":"Health Medical Clinic","potentialAction":[{"@type":"SearchAction","target":{"@type":"EntryPoint","urlTemplate":"https:\/\/medicinasinc.com\/sk\/?s={search_term_string}"},"query-input":{"@type":"PropertyValueSpecification","valueRequired":true,"valueName":"search_term_string"}}],"inLanguage":"en-US"}]}},"_links":{"self":[{"href":"https:\/\/medicinasinc.com\/sk\/wp-json\/wp\/v2\/product\/5416","targetHints":{"allow":["GET"]}}],"collection":[{"href":"https:\/\/medicinasinc.com\/sk\/wp-json\/wp\/v2\/product"}],"about":[{"href":"https:\/\/medicinasinc.com\/sk\/wp-json\/wp\/v2\/types\/product"}],"replies":[{"embeddable":true,"href":"https:\/\/medicinasinc.com\/sk\/wp-json\/wp\/v2\/comments?post=5416"}],"wp:featuredmedia":[{"embeddable":true,"href":"https:\/\/medicinasinc.com\/sk\/wp-json\/wp\/v2\/media\/5425"}],"wp:attachment":[{"href":"https:\/\/medicinasinc.com\/sk\/wp-json\/wp\/v2\/media?parent=5416"}],"wp:term":[{"taxonomy":"product_brand","embeddable":true,"href":"https:\/\/medicinasinc.com\/sk\/wp-json\/wp\/v2\/product_brand?post=5416"},{"taxonomy":"product_cat","embeddable":true,"href":"https:\/\/medicinasinc.com\/sk\/wp-json\/wp\/v2\/product_cat?post=5416"},{"taxonomy":"product_tag","embeddable":true,"href":"https:\/\/medicinasinc.com\/sk\/wp-json\/wp\/v2\/product_tag?post=5416"}],"curies":[{"name":"wp","href":"https:\/\/api.w.org\/{rel}","templated":true}]}}