{"id":5390,"date":"2022-02-21T22:27:36","date_gmt":"2022-02-21T22:27:36","guid":{"rendered":"https:\/\/medicinasinc.com\/sk\/?post_type=product&#038;p=5390"},"modified":"2022-03-22T00:59:45","modified_gmt":"2022-03-22T00:59:45","slug":"kupit-5-metoxymetylon-prasok-online","status":"publish","type":"product","link":"https:\/\/medicinasinc.com\/sk\/product\/kupit-5-metoxymetylon-prasok-online\/","title":{"rendered":"K\u00fapte si 5-metoxymetyl\u00f3nov\u00fd pr\u00e1\u0161ok online"},"content":{"rendered":"<p>K\u00fapte si pr\u00e1\u0161kov\u00fd 5-metoxymetyl\u00f3n online.<\/p>\n<p>Dizajn\u00e9rsky liek na b\u00e1ze katin\u00f3nu 2-A1MP alebo 5-metoxy-metyl\u00f3nov\u00fd pr\u00e1\u0161ok je chemick\u00e1 zl\u00fa\u010denina, ktor\u00e1 sa pon\u00faka online ako dizajnov\u00fd liek. 5-Methoxy-MDMA je beta-ket\u00f3nov\u00e1 forma tohto lieku. Zd\u00e1 sa, \u017ee molekul\u00e1rna \u0161trukt\u00fara nie je spojen\u00e1 s roz\u0161\u00edrenej\u0161\u00edm ozna\u010den\u00edm 2-AIMP\/2-A1MP. Pridanie metoxyskupiny na 5. at\u00f3m uhl\u00edka aromatick\u00e9ho kruhu odli\u0161uje tieto dve molekuly od metyl\u00f3nu. K\u00fapte si 5-metoxymetyl\u00f3nov\u00fd pr\u00e1\u0161ok. Toxicita tejto zl\u00fa\u010deniny je st\u00e1le nejasn\u00e1. K\u00fapte si 5-metoxymetyl\u00f3n na internete.<\/p>\n<p>Pod n\u00e1zvom ulice 2-A1MP je 5-metoxymetyl\u00f3n v Ma\u010farsku klasifikovan\u00fd ako kontrolovan\u00e1 l\u00e1tka.<\/p>\n<p>K\u00fapte si 5-metoxymetyl\u00f3n.<\/p>\n<p>Pozrite si tie\u017e<br \/> Lophophine<br \/> 5-Metyletyl\u00f3n<br \/> 5-Metyl-MDA<br \/> K\u00fapi\u0165 pr\u00e1\u0161ok BK-MMDMA online<\/p>\n<div class=\"product- next-previous\">\n<div class=\"product-prev\"><\/div><\/div>\n","protected":false},"excerpt":{"rendered":"<div class=\"woocommerce-product-details__short-description\">\n<p>K\u00fapte si 5-metoxymetyl\u00f3nov\u00fd pr\u00e1\u0161ok, k\u00fapte si 5-metoxymetyl\u00f3nov\u00fd pr\u00e1\u0161ok online. Real 5-Methoxymethylone online \u2013 5-Methoxymethylone na predaj | K\u00fapte si 5-Methoxymethylone online | Pred\u00e1m 5-metoxymetyl\u00f3nov\u00fd pr\u00e1\u0161ok na predaj| K\u00fapte si lacn\u00fd 5-metoxymetyl\u00f3nov\u00fd pr\u00e1\u0161ok | Kde k\u00fapi\u0165 pr\u00e1\u0161ok 5-metoxymetyl\u00f3nu online.<\/p>\n<\/p><\/div>\n","protected":false},"featured_media":5402,"comment_status":"open","ping_status":"closed","template":"","meta":[],"product_brand":[],"product_cat":[2014],"product_tag":[],"class_list":{"0":"post-5390","1":"product","2":"type-product","3":"status-publish","4":"has-post-thumbnail","6":"product_cat-k-c3-bapi-c5-a5-v-c3-bdskumn-c3-a9-chemik-c3-a1lie","8":"first","9":"instock","10":"shipping-taxable","11":"purchasable","12":"product-type-variable","13":"has-default-attributes"},"yoast_head":"<!-- This site is optimized with the Yoast SEO plugin v27.3 - https:\/\/yoast.com\/product\/yoast-seo-wordpress\/ -->\n<title>K\u00fapte si 5-metoxymetyl\u00f3nov\u00fd pr\u00e1\u0161ok online - najlep\u0161ie najlep\u0161ie glob\u00e1lne lieky<\/title>\n<meta name=\"description\" content=\"K\u00fapte si 5-metoxymetyl\u00f3nov\u00fd pr\u00e1\u0161ok online. Real 5-Methoxymethylone online \u2013 5-Methoxymethylone na predaj | K\u00fapte si 5-Methoxymethylone online | Pred\u00e1m 5-metoxymetyl\u00f3nov\u00fd pr\u00e1\u0161ok na predaj| K\u00fapte si lacn\u00fd 5-metoxymetyl\u00f3nov\u00fd pr\u00e1\u0161ok | Kde k\u00fapi\u0165 5-metoxymetyl\u00f3nov\u00fd pr\u00e1\u0161ok online.\" \/>\n<meta name=\"robots\" content=\"index, follow, max-snippet:-1, max-image-preview:large, max-video-preview:-1\" \/>\n<link rel=\"canonical\" href=\"https:\/\/medicinasinc.com\/sk\/product\/kupit-5-metoxymetylon-prasok-online\/\" \/>\n<meta property=\"og:locale\" content=\"en_US\" \/>\n<meta property=\"og:type\" content=\"article\" \/>\n<meta property=\"og:title\" content=\"K\u00fapte si 5-metoxymetyl\u00f3nov\u00fd pr\u00e1\u0161ok online - najlep\u0161ie najlep\u0161ie glob\u00e1lne lieky\" \/>\n<meta property=\"og:description\" content=\"K\u00fapte si 5-metoxymetyl\u00f3nov\u00fd pr\u00e1\u0161ok online. Real 5-Methoxymethylone online \u2013 5-Methoxymethylone na predaj | K\u00fapte si 5-Methoxymethylone online | Pred\u00e1m 5-metoxymetyl\u00f3nov\u00fd pr\u00e1\u0161ok na predaj| K\u00fapte si lacn\u00fd 5-metoxymetyl\u00f3nov\u00fd pr\u00e1\u0161ok | Kde k\u00fapi\u0165 5-metoxymetyl\u00f3nov\u00fd pr\u00e1\u0161ok online.\" \/>\n<meta property=\"og:url\" content=\"https:\/\/medicinasinc.com\/sk\/product\/kupit-5-metoxymetylon-prasok-online\/\" \/>\n<meta property=\"og:site_name\" content=\"Medicinas Inc\" \/>\n<meta property=\"article:modified_time\" content=\"2022-03-22T00:59:45+00:00\" \/>\n<meta property=\"og:image\" content=\"https:\/\/medicinasinc.com\/sk\/wp-content\/uploads\/sites\/10\/2022\/02\/buy-5-methoxymethylone-powder-online.jpg\" \/>\n\t<meta property=\"og:image:width\" content=\"600\" \/>\n\t<meta property=\"og:image:height\" content=\"600\" \/>\n\t<meta property=\"og:image:type\" content=\"image\/jpeg\" \/>\n<meta name=\"twitter:card\" content=\"summary_large_image\" \/>\n<meta name=\"twitter:label1\" content=\"Est. reading time\" \/>\n\t<meta name=\"twitter:data1\" content=\"1 minute\" \/>\n<script type=\"application\/ld+json\" class=\"yoast-schema-graph\">{\"@context\":\"https:\\\/\\\/schema.org\",\"@graph\":[{\"@type\":\"WebPage\",\"@id\":\"https:\\\/\\\/medicinasinc.com\\\/sk\\\/product\\\/kupit-5-metoxymetylon-prasok-online\\\/\",\"url\":\"https:\\\/\\\/medicinasinc.com\\\/sk\\\/product\\\/kupit-5-metoxymetylon-prasok-online\\\/\",\"name\":\"K\u00fapte si 5-metoxymetyl\u00f3nov\u00fd pr\u00e1\u0161ok online - najlep\u0161ie najlep\u0161ie glob\u00e1lne lieky\",\"isPartOf\":{\"@id\":\"https:\\\/\\\/medicinasinc.com\\\/sk\\\/#website\"},\"primaryImageOfPage\":{\"@id\":\"https:\\\/\\\/medicinasinc.com\\\/sk\\\/product\\\/kupit-5-metoxymetylon-prasok-online\\\/#primaryimage\"},\"image\":{\"@id\":\"https:\\\/\\\/medicinasinc.com\\\/sk\\\/product\\\/kupit-5-metoxymetylon-prasok-online\\\/#primaryimage\"},\"thumbnailUrl\":\"https:\\\/\\\/medicinasinc.com\\\/sk\\\/wp-content\\\/uploads\\\/sites\\\/10\\\/2022\\\/02\\\/buy-5-methoxymethylone-powder-online.jpg\",\"datePublished\":\"2022-02-21T22:27:36+00:00\",\"dateModified\":\"2022-03-22T00:59:45+00:00\",\"description\":\"K\u00fapte si 5-metoxymetyl\u00f3nov\u00fd pr\u00e1\u0161ok online. Real 5-Methoxymethylone online \u2013 5-Methoxymethylone na predaj | K\u00fapte si 5-Methoxymethylone online | Pred\u00e1m 5-metoxymetyl\u00f3nov\u00fd pr\u00e1\u0161ok na predaj| K\u00fapte si lacn\u00fd 5-metoxymetyl\u00f3nov\u00fd pr\u00e1\u0161ok | Kde k\u00fapi\u0165 5-metoxymetyl\u00f3nov\u00fd pr\u00e1\u0161ok online.\",\"breadcrumb\":{\"@id\":\"https:\\\/\\\/medicinasinc.com\\\/sk\\\/product\\\/kupit-5-metoxymetylon-prasok-online\\\/#breadcrumb\"},\"inLanguage\":\"en-US\",\"potentialAction\":[{\"@type\":\"ReadAction\",\"target\":[\"https:\\\/\\\/medicinasinc.com\\\/sk\\\/product\\\/kupit-5-metoxymetylon-prasok-online\\\/\"]}]},{\"@type\":\"ImageObject\",\"inLanguage\":\"en-US\",\"@id\":\"https:\\\/\\\/medicinasinc.com\\\/sk\\\/product\\\/kupit-5-metoxymetylon-prasok-online\\\/#primaryimage\",\"url\":\"https:\\\/\\\/medicinasinc.com\\\/sk\\\/wp-content\\\/uploads\\\/sites\\\/10\\\/2022\\\/02\\\/buy-5-methoxymethylone-powder-online.jpg\",\"contentUrl\":\"https:\\\/\\\/medicinasinc.com\\\/sk\\\/wp-content\\\/uploads\\\/sites\\\/10\\\/2022\\\/02\\\/buy-5-methoxymethylone-powder-online.jpg\",\"width\":600,\"height\":600},{\"@type\":\"BreadcrumbList\",\"@id\":\"https:\\\/\\\/medicinasinc.com\\\/sk\\\/product\\\/kupit-5-metoxymetylon-prasok-online\\\/#breadcrumb\",\"itemListElement\":[{\"@type\":\"ListItem\",\"position\":1,\"name\":\"Obchod\",\"item\":\"https:\\\/\\\/medicinasinc.com\\\/sk\\\/obchod\\\/\"},{\"@type\":\"ListItem\",\"position\":2,\"name\":\"K\u00fapte si 5-metoxymetyl\u00f3nov\u00fd pr\u00e1\u0161ok online\"}]},{\"@type\":\"WebSite\",\"@id\":\"https:\\\/\\\/medicinasinc.com\\\/sk\\\/#website\",\"url\":\"https:\\\/\\\/medicinasinc.com\\\/sk\\\/\",\"name\":\"Medicinas Inc\",\"description\":\"Health Medical Clinic\",\"potentialAction\":[{\"@type\":\"SearchAction\",\"target\":{\"@type\":\"EntryPoint\",\"urlTemplate\":\"https:\\\/\\\/medicinasinc.com\\\/sk\\\/?s={search_term_string}\"},\"query-input\":{\"@type\":\"PropertyValueSpecification\",\"valueRequired\":true,\"valueName\":\"search_term_string\"}}],\"inLanguage\":\"en-US\"}]}<\/script>\n<!-- \/ Yoast SEO plugin. -->","yoast_head_json":{"title":"K\u00fapte si 5-metoxymetyl\u00f3nov\u00fd pr\u00e1\u0161ok online - najlep\u0161ie najlep\u0161ie glob\u00e1lne lieky","description":"K\u00fapte si 5-metoxymetyl\u00f3nov\u00fd pr\u00e1\u0161ok online. Real 5-Methoxymethylone online \u2013 5-Methoxymethylone na predaj | K\u00fapte si 5-Methoxymethylone online | Pred\u00e1m 5-metoxymetyl\u00f3nov\u00fd pr\u00e1\u0161ok na predaj| K\u00fapte si lacn\u00fd 5-metoxymetyl\u00f3nov\u00fd pr\u00e1\u0161ok | Kde k\u00fapi\u0165 5-metoxymetyl\u00f3nov\u00fd pr\u00e1\u0161ok online.","robots":{"index":"index","follow":"follow","max-snippet":"max-snippet:-1","max-image-preview":"max-image-preview:large","max-video-preview":"max-video-preview:-1"},"canonical":"https:\/\/medicinasinc.com\/sk\/product\/kupit-5-metoxymetylon-prasok-online\/","og_locale":"en_US","og_type":"article","og_title":"K\u00fapte si 5-metoxymetyl\u00f3nov\u00fd pr\u00e1\u0161ok online - najlep\u0161ie najlep\u0161ie glob\u00e1lne lieky","og_description":"K\u00fapte si 5-metoxymetyl\u00f3nov\u00fd pr\u00e1\u0161ok online. Real 5-Methoxymethylone online \u2013 5-Methoxymethylone na predaj | K\u00fapte si 5-Methoxymethylone online | Pred\u00e1m 5-metoxymetyl\u00f3nov\u00fd pr\u00e1\u0161ok na predaj| K\u00fapte si lacn\u00fd 5-metoxymetyl\u00f3nov\u00fd pr\u00e1\u0161ok | Kde k\u00fapi\u0165 5-metoxymetyl\u00f3nov\u00fd pr\u00e1\u0161ok online.","og_url":"https:\/\/medicinasinc.com\/sk\/product\/kupit-5-metoxymetylon-prasok-online\/","og_site_name":"Medicinas Inc","article_modified_time":"2022-03-22T00:59:45+00:00","og_image":[{"width":600,"height":600,"url":"https:\/\/medicinasinc.com\/sk\/wp-content\/uploads\/sites\/10\/2022\/02\/buy-5-methoxymethylone-powder-online.jpg","type":"image\/jpeg"}],"twitter_card":"summary_large_image","twitter_misc":{"Est. reading time":"1 minute"},"schema":{"@context":"https:\/\/schema.org","@graph":[{"@type":"WebPage","@id":"https:\/\/medicinasinc.com\/sk\/product\/kupit-5-metoxymetylon-prasok-online\/","url":"https:\/\/medicinasinc.com\/sk\/product\/kupit-5-metoxymetylon-prasok-online\/","name":"K\u00fapte si 5-metoxymetyl\u00f3nov\u00fd pr\u00e1\u0161ok online - najlep\u0161ie najlep\u0161ie glob\u00e1lne lieky","isPartOf":{"@id":"https:\/\/medicinasinc.com\/sk\/#website"},"primaryImageOfPage":{"@id":"https:\/\/medicinasinc.com\/sk\/product\/kupit-5-metoxymetylon-prasok-online\/#primaryimage"},"image":{"@id":"https:\/\/medicinasinc.com\/sk\/product\/kupit-5-metoxymetylon-prasok-online\/#primaryimage"},"thumbnailUrl":"https:\/\/medicinasinc.com\/sk\/wp-content\/uploads\/sites\/10\/2022\/02\/buy-5-methoxymethylone-powder-online.jpg","datePublished":"2022-02-21T22:27:36+00:00","dateModified":"2022-03-22T00:59:45+00:00","description":"K\u00fapte si 5-metoxymetyl\u00f3nov\u00fd pr\u00e1\u0161ok online. Real 5-Methoxymethylone online \u2013 5-Methoxymethylone na predaj | K\u00fapte si 5-Methoxymethylone online | Pred\u00e1m 5-metoxymetyl\u00f3nov\u00fd pr\u00e1\u0161ok na predaj| K\u00fapte si lacn\u00fd 5-metoxymetyl\u00f3nov\u00fd pr\u00e1\u0161ok | Kde k\u00fapi\u0165 5-metoxymetyl\u00f3nov\u00fd pr\u00e1\u0161ok online.","breadcrumb":{"@id":"https:\/\/medicinasinc.com\/sk\/product\/kupit-5-metoxymetylon-prasok-online\/#breadcrumb"},"inLanguage":"en-US","potentialAction":[{"@type":"ReadAction","target":["https:\/\/medicinasinc.com\/sk\/product\/kupit-5-metoxymetylon-prasok-online\/"]}]},{"@type":"ImageObject","inLanguage":"en-US","@id":"https:\/\/medicinasinc.com\/sk\/product\/kupit-5-metoxymetylon-prasok-online\/#primaryimage","url":"https:\/\/medicinasinc.com\/sk\/wp-content\/uploads\/sites\/10\/2022\/02\/buy-5-methoxymethylone-powder-online.jpg","contentUrl":"https:\/\/medicinasinc.com\/sk\/wp-content\/uploads\/sites\/10\/2022\/02\/buy-5-methoxymethylone-powder-online.jpg","width":600,"height":600},{"@type":"BreadcrumbList","@id":"https:\/\/medicinasinc.com\/sk\/product\/kupit-5-metoxymetylon-prasok-online\/#breadcrumb","itemListElement":[{"@type":"ListItem","position":1,"name":"Obchod","item":"https:\/\/medicinasinc.com\/sk\/obchod\/"},{"@type":"ListItem","position":2,"name":"K\u00fapte si 5-metoxymetyl\u00f3nov\u00fd pr\u00e1\u0161ok online"}]},{"@type":"WebSite","@id":"https:\/\/medicinasinc.com\/sk\/#website","url":"https:\/\/medicinasinc.com\/sk\/","name":"Medicinas Inc","description":"Health Medical Clinic","potentialAction":[{"@type":"SearchAction","target":{"@type":"EntryPoint","urlTemplate":"https:\/\/medicinasinc.com\/sk\/?s={search_term_string}"},"query-input":{"@type":"PropertyValueSpecification","valueRequired":true,"valueName":"search_term_string"}}],"inLanguage":"en-US"}]}},"_links":{"self":[{"href":"https:\/\/medicinasinc.com\/sk\/wp-json\/wp\/v2\/product\/5390","targetHints":{"allow":["GET"]}}],"collection":[{"href":"https:\/\/medicinasinc.com\/sk\/wp-json\/wp\/v2\/product"}],"about":[{"href":"https:\/\/medicinasinc.com\/sk\/wp-json\/wp\/v2\/types\/product"}],"replies":[{"embeddable":true,"href":"https:\/\/medicinasinc.com\/sk\/wp-json\/wp\/v2\/comments?post=5390"}],"wp:featuredmedia":[{"embeddable":true,"href":"https:\/\/medicinasinc.com\/sk\/wp-json\/wp\/v2\/media\/5402"}],"wp:attachment":[{"href":"https:\/\/medicinasinc.com\/sk\/wp-json\/wp\/v2\/media?parent=5390"}],"wp:term":[{"taxonomy":"product_brand","embeddable":true,"href":"https:\/\/medicinasinc.com\/sk\/wp-json\/wp\/v2\/product_brand?post=5390"},{"taxonomy":"product_cat","embeddable":true,"href":"https:\/\/medicinasinc.com\/sk\/wp-json\/wp\/v2\/product_cat?post=5390"},{"taxonomy":"product_tag","embeddable":true,"href":"https:\/\/medicinasinc.com\/sk\/wp-json\/wp\/v2\/product_tag?post=5390"}],"curies":[{"name":"wp","href":"https:\/\/api.w.org\/{rel}","templated":true}]}}