{"id":5389,"date":"2022-02-21T22:26:02","date_gmt":"2022-02-21T22:26:02","guid":{"rendered":"https:\/\/medicinasinc.com\/sk\/?post_type=product&#038;p=5389"},"modified":"2022-03-22T00:59:54","modified_gmt":"2022-03-22T00:59:54","slug":"kupit-5-mapb-prasok-krystal","status":"publish","type":"product","link":"https:\/\/medicinasinc.com\/sk\/product\/kupit-5-mapb-prasok-krystal\/","title":{"rendered":"K\u00fapte si 5-MAPB Powder &amp; Crystal"},"content":{"rendered":"<p>Potrebujete 5-mapb-crystal a chcete si ho k\u00fapi\u0165 za rozumn\u00fa cenu? Potom m\u00f4\u017eete pr\u00e1ve teraz nav\u0161t\u00edvi\u0165 n\u00e1\u0161 internetov\u00fd obchod s chemick\u00fdmi potrebami. S pomocou Bestglobalmed.com si m\u00f4\u017eete k\u00fapi\u0165 5-mapb-crystal online za prijate\u013en\u00e9 ceny. V na\u0161om internetovom obchode s chemik\u00e1liami sme zn\u00e1mym predajcom a dod\u00e1vate\u013eom, ktor\u00ed s\u00fa v\u00e1m v\u017edy k dispoz\u00edcii. Objednajte si\u00a05-mapb-crystal\u00a0dnes!<\/p>\n<p>5-mapb-crystal je typ kry\u0161t\u00e1lu.<\/p>\n<p>V \u0161trukt\u00fare a \u00fa\u010dinkoch je 5-MAPB (1-(benzofur\u00e1n-5-yl) )-N-metylprop\u00e1n-2-am\u00edn) je podobn\u00fd MDMA, syntetick\u00e9mu entaktog\u00e9nu. 5&#8242;-(2-metylaminopropyl)benzofur\u00e1n je syntetick\u00fd entaktog\u00e9n z chemickej rodiny substituovanej benzoskupinou (skr\u00e1tene 5-MAPB).<\/p>\n<p>Ako kry\u0161t\u00e1l 5-mapb ovplyv\u0148uje telo?<\/p>\n<p>5-mapb-crystal m\u00e1 euforick\u00fd, entaktog\u00e9nny, stimuluj\u00faci a mierne psychedelick\u00fd \u00fa\u010dinok na \u013eudsk\u00e9 telo, ke\u010f sa u\u017e\u00edva peror\u00e1lne.<\/p>\n<p>5 MAPB Crystal je zn\u00e1my ako \u010do e\u0161te?<\/p>\n<p>5 MAPB Crystal je tie\u017e zn\u00e1my ako 5-MAPB.<\/p>\n<p>Ako by ste op\u00edsali 5 MAPB Crystal?<\/p>\n<p>Chemicky je 5 MAPB Crystal molekula benzofur\u00e1nu (amfetam\u00ednu). <\/p>\n<p>Ako sa dostanem k nejak\u00e9mu kry\u0161t\u00e1lu 5-mapb-crystal?<\/p>\n<p>Kry\u0161t\u00e1ly 5-mapb-crystal m\u00f4\u017eete z\u00edska\u0165 na na\u0161ej ofici\u00e1lnej webovej str\u00e1nke a necha\u0165 si ich doru\u010di\u0165 na zadan\u00fa adresu v priebehu p\u00e1r dn\u00ed. Iba v Spojen\u00fdch \u0161t\u00e1toch, Spojenom kr\u00e1\u013eovstve, Kanade, Nemecku a Austr\u00e1lii sa zaober\u00e1me 5-mapb-kry\u0161t\u00e1lom. Pripojte sa hne\u010f teraz!<\/p>\n<p>Sme popredn\u00fdm poskytovate\u013eom a distrib\u00fatorom vysokokvalitn\u00fdch chemik\u00e1li\u00ed za rozumn\u00fa cenu. Z\u00e1kazn\u00edci sa m\u00f4\u017eu \u013eahko c\u00edti\u0165 pohodlne pri pr\u00e1ci s na\u0161\u00edm t\u00edmom odborn\u00edkov. V\u010faka tomu s\u00fa schopn\u00ed udr\u017eiava\u0165 dostato\u010dn\u00fa z\u00e1sobu a prij\u00edma\u0165 v\u010dasn\u00e9 dod\u00e1vky na uspokojenie svojich potrieb. Z\u00e1kazn\u00edci n\u00e1s miluj\u00fa a re\u0161pektuj\u00fa, preto\u017ee pon\u00fakame vysokokvalitn\u00e9 produkty za rozumn\u00e9 ceny a vynikaj\u00face slu\u017eby z\u00e1kazn\u00edkom. Nie je len na\u0161ou povinnos\u0165ou, ale aj na\u0161ou zodpovednos\u0165ou splni\u0165 alebo prekro\u010di\u0165 va\u0161e o\u010dak\u00e1vania. Pred zak\u00fapen\u00edm mdpt nemus\u00edte nav\u0161t\u00edvi\u0165 lek\u00e1ra.<\/p>\n<p>Ideme vy\u0161\u0161ie a vy\u0161\u0161ie, aby sme sa uistili, \u017ee klient je \u00faplne spokojn\u00fd. Zamera\u0165 sa na celosvetov\u00fa reput\u00e1ciu svojich produktov a slu\u017eieb znamen\u00e1 nastavi\u0165 ceny v s\u00falade s priemyseln\u00fdmi normami.<\/p>\n<p>Okrem toho pon\u00fakame rovnak\u00fa pozornos\u0165 v\u0161etk\u00fdm va\u0161im objedn\u00e1vkam bez oh\u013eadu na to, ak\u00e9 ve\u013ek\u00e9 alebo mal\u00e9 s\u00fa, a sna\u017e\u00edme sa aby bola va\u0161a objedn\u00e1vka odoslan\u00e1 \u010do najr\u00fdchlej\u0161ie.<\/p>\n<p>Po dokon\u010den\u00ed n\u00e1kupu sme si ist\u00ed, \u017ee nebudete sklaman\u00ed. Aby sme v\u00e1m mohli poskytn\u00fa\u0165 najvy\u0161\u0161iu mo\u017en\u00fa \u00farove\u0148 kvality, pou\u017e\u00edvame iba materi\u00e1ly, ktor\u00e9 sme z\u00edskali z najlep\u0161\u00edch mo\u017en\u00fdch zdrojov. Obal produktu dostanete v samostatnom balen\u00ed.<\/p>\n<p>V\u010faka na\u0161im bohat\u00fdm znalostiam sme si dok\u00e1zali vybudova\u0165 pevn\u00fa poz\u00edciu na chemickom trhu pre v\u00fdskum. Ako popredn\u00fd dod\u00e1vate\u013e v\u00fdskumn\u00fdch chemik\u00e1li\u00ed ver\u00edme v budovanie dlhodob\u00fdch vz\u0165ahov s na\u0161imi z\u00e1kazn\u00edkmi zalo\u017een\u00fdch na d\u00f4vere.<\/p>\n","protected":false},"excerpt":{"rendered":"<p>M\u00f4\u017eete si k\u00fapi\u0165 5-MAPB Powder Crystal od Bestglobalmedics.com za rozumn\u00fa cenu, ako aj 5-MAPB Research Chemicals na predaj. Chemicky zn\u00e1my ako 1-(benzofur\u00e1n-5-yl), 5-MAPB je syntetick\u00fd entaktog\u00e9n s \u00fa\u010dinkami a vlastnos\u0165ami, ktor\u00e9 s\u00fa ve\u013emi podobn\u00e9 MDMA.<\/p>\n<p>5-MAPB Powder &amp; Kri\u0161t\u00e1\u013e 1 oz. je k dispoz\u00edcii na zak\u00fapenie. Odpor\u00fa\u010da sa d\u00e1vka 100-200 miligramov 5-MAPB, pr\u00e1\u0161ku podobn\u00e9ho MDMA.<\/p>\n<p>K\u00fapte si Crystal 5-MAPB Ak h\u013ead\u00e1te 5-mapb-kry\u0161t\u00e1l za dobr\u00fa cenu , \u010falej neh\u013eadaj. Potom sa ihne\u010f spojte s na\u0161\u00edm chemick\u00fdm obchodom cez internet.<\/p>\n","protected":false},"featured_media":5400,"comment_status":"open","ping_status":"closed","template":"","meta":[],"product_brand":[],"product_cat":[2014],"product_tag":[2569,2575,2570,2571,2573,2578,2579,2580,2572,2574,2576,2577,2585,2582,2583,2584,2581,2594,2595,2586,2587,2588,2589,2590,2591,2592,2593],"class_list":{"0":"post-5389","1":"product","2":"type-product","3":"status-publish","4":"has-post-thumbnail","6":"product_cat-k-c3-bapi-c5-a5-v-c3-bdskumn-c3-a9-chemik-c3-a1lie","7":"product_tag-5-mapb","8":"product_tag-5-mapb-prok-dvkovanie","9":"product_tag-5-mapb-na-predaj","10":"product_tag-5-mapb-na-predaj-online","11":"product_tag-5-mapb-powder-australia","12":"product_tag-5-mapb-powder-supplier","13":"product_tag-5-mapb-powder-uk","14":"product_tag-5-mapb-powder-usa","15":"product_tag-5-mapb-prok","16":"product_tag-5-mapb-powder-canada","17":"product_tag-5-mapb-prok-na-predaj","18":"product_tag-5-mapb-powder-recenzia","19":"product_tag-5-mapb-recenzia","20":"product_tag-5-mapb-reddit","21":"product_tag-5-mapb-research-chemicals","22":"product_tag-5-mapb-research-chemicals-for-sale","23":"product_tag-5-mapb-powder-vendor","24":"product_tag-ist-5-mapb-prok","25":"product_tag-kde-kpi-5-mapb","26":"product_tag-buy-5-mapb","27":"product_tag-buy-5-mapb-online","28":"product_tag-kpi-5-mapb-prok-online","29":"product_tag-kpi-5-mapb-research-chemicals","30":"product_tag-mail-5-mapb","31":"product_tag-objednvka-5-mapb","32":"product_tag-objednvka-5-mapb-online","33":"product_tag-objednvka-5-mapb-prok","35":"first","36":"instock","37":"shipping-taxable","38":"purchasable","39":"product-type-variable","40":"has-default-attributes"},"yoast_head":"<!-- This site is optimized with the Yoast SEO plugin v27.3 - https:\/\/yoast.com\/product\/yoast-seo-wordpress\/ -->\n<title>K\u00fapte si 5-MAPB Powder &amp; Crystal - Najlep\u0161ie najlep\u0161ie glob\u00e1lne lieky<\/title>\n<meta name=\"description\" content=\"K\u00fapte si 5-MAPB pr\u00e1\u0161kov\u00fd kry\u0161t\u00e1l online, 5-MAPB v\u00fdskumn\u00e9 chemik\u00e1lie na predaj, objednajte si 5-MAPB kry\u0161t\u00e1l v USA, Ve\u013ekej Brit\u00e1nii za prijate\u013en\u00fa cenu z Bestglobalmeds.com. 5-MAPB (1-(benzofur\u00e1n-5-yl)-N-metylprop\u00e1n-2-am\u00edn) je entaktog\u00e9nny dizajnov\u00fd liek podobn\u00fd MDMA svojou \u0161trukt\u00farou a \u00fa\u010dinkami.\" \/>\n<meta name=\"robots\" content=\"index, follow, max-snippet:-1, max-image-preview:large, max-video-preview:-1\" \/>\n<link rel=\"canonical\" href=\"https:\/\/medicinasinc.com\/sk\/product\/kupit-5-mapb-prasok-krystal\/\" \/>\n<meta property=\"og:locale\" content=\"en_US\" \/>\n<meta property=\"og:type\" content=\"article\" \/>\n<meta property=\"og:title\" content=\"K\u00fapte si 5-MAPB Powder &amp; Crystal - Najlep\u0161ie najlep\u0161ie glob\u00e1lne lieky\" \/>\n<meta property=\"og:description\" content=\"K\u00fapte si 5-MAPB pr\u00e1\u0161kov\u00fd kry\u0161t\u00e1l online, 5-MAPB v\u00fdskumn\u00e9 chemik\u00e1lie na predaj, objednajte si 5-MAPB kry\u0161t\u00e1l v USA, Ve\u013ekej Brit\u00e1nii za prijate\u013en\u00fa cenu z Bestglobalmeds.com. 5-MAPB (1-(benzofur\u00e1n-5-yl)-N-metylprop\u00e1n-2-am\u00edn) je entaktog\u00e9nny dizajnov\u00fd liek podobn\u00fd MDMA svojou \u0161trukt\u00farou a \u00fa\u010dinkami.\" \/>\n<meta property=\"og:url\" content=\"https:\/\/medicinasinc.com\/sk\/product\/kupit-5-mapb-prasok-krystal\/\" \/>\n<meta property=\"og:site_name\" content=\"Medicinas Inc\" \/>\n<meta property=\"article:modified_time\" content=\"2022-03-22T00:59:54+00:00\" \/>\n<meta property=\"og:image\" content=\"https:\/\/medicinasinc.com\/sk\/wp-content\/uploads\/sites\/10\/2022\/02\/Buy-5-MAPB-Powder-Crystal.jpg\" \/>\n\t<meta property=\"og:image:width\" content=\"600\" \/>\n\t<meta property=\"og:image:height\" content=\"488\" \/>\n\t<meta property=\"og:image:type\" content=\"image\/jpeg\" \/>\n<meta name=\"twitter:card\" content=\"summary_large_image\" \/>\n<meta name=\"twitter:label1\" content=\"Est. reading time\" \/>\n\t<meta name=\"twitter:data1\" content=\"2 minutes\" \/>\n<script type=\"application\/ld+json\" class=\"yoast-schema-graph\">{\"@context\":\"https:\\\/\\\/schema.org\",\"@graph\":[{\"@type\":\"WebPage\",\"@id\":\"https:\\\/\\\/medicinasinc.com\\\/sk\\\/product\\\/kupit-5-mapb-prasok-krystal\\\/\",\"url\":\"https:\\\/\\\/medicinasinc.com\\\/sk\\\/product\\\/kupit-5-mapb-prasok-krystal\\\/\",\"name\":\"K\u00fapte si 5-MAPB Powder &amp; Crystal - Najlep\u0161ie najlep\u0161ie glob\u00e1lne lieky\",\"isPartOf\":{\"@id\":\"https:\\\/\\\/medicinasinc.com\\\/sk\\\/#website\"},\"primaryImageOfPage\":{\"@id\":\"https:\\\/\\\/medicinasinc.com\\\/sk\\\/product\\\/kupit-5-mapb-prasok-krystal\\\/#primaryimage\"},\"image\":{\"@id\":\"https:\\\/\\\/medicinasinc.com\\\/sk\\\/product\\\/kupit-5-mapb-prasok-krystal\\\/#primaryimage\"},\"thumbnailUrl\":\"https:\\\/\\\/medicinasinc.com\\\/sk\\\/wp-content\\\/uploads\\\/sites\\\/10\\\/2022\\\/02\\\/Buy-5-MAPB-Powder-Crystal.jpg\",\"datePublished\":\"2022-02-21T22:26:02+00:00\",\"dateModified\":\"2022-03-22T00:59:54+00:00\",\"description\":\"K\u00fapte si 5-MAPB pr\u00e1\u0161kov\u00fd kry\u0161t\u00e1l online, 5-MAPB v\u00fdskumn\u00e9 chemik\u00e1lie na predaj, objednajte si 5-MAPB kry\u0161t\u00e1l v USA, Ve\u013ekej Brit\u00e1nii za prijate\u013en\u00fa cenu z Bestglobalmeds.com. 5-MAPB (1-(benzofur\u00e1n-5-yl)-N-metylprop\u00e1n-2-am\u00edn) je entaktog\u00e9nny dizajnov\u00fd liek podobn\u00fd MDMA svojou \u0161trukt\u00farou a \u00fa\u010dinkami.\",\"breadcrumb\":{\"@id\":\"https:\\\/\\\/medicinasinc.com\\\/sk\\\/product\\\/kupit-5-mapb-prasok-krystal\\\/#breadcrumb\"},\"inLanguage\":\"en-US\",\"potentialAction\":[{\"@type\":\"ReadAction\",\"target\":[\"https:\\\/\\\/medicinasinc.com\\\/sk\\\/product\\\/kupit-5-mapb-prasok-krystal\\\/\"]}]},{\"@type\":\"ImageObject\",\"inLanguage\":\"en-US\",\"@id\":\"https:\\\/\\\/medicinasinc.com\\\/sk\\\/product\\\/kupit-5-mapb-prasok-krystal\\\/#primaryimage\",\"url\":\"https:\\\/\\\/medicinasinc.com\\\/sk\\\/wp-content\\\/uploads\\\/sites\\\/10\\\/2022\\\/02\\\/Buy-5-MAPB-Powder-Crystal.jpg\",\"contentUrl\":\"https:\\\/\\\/medicinasinc.com\\\/sk\\\/wp-content\\\/uploads\\\/sites\\\/10\\\/2022\\\/02\\\/Buy-5-MAPB-Powder-Crystal.jpg\",\"width\":600,\"height\":488},{\"@type\":\"BreadcrumbList\",\"@id\":\"https:\\\/\\\/medicinasinc.com\\\/sk\\\/product\\\/kupit-5-mapb-prasok-krystal\\\/#breadcrumb\",\"itemListElement\":[{\"@type\":\"ListItem\",\"position\":1,\"name\":\"Obchod\",\"item\":\"https:\\\/\\\/medicinasinc.com\\\/sk\\\/obchod\\\/\"},{\"@type\":\"ListItem\",\"position\":2,\"name\":\"K\u00fapte si 5-MAPB Powder &amp; Crystal\"}]},{\"@type\":\"WebSite\",\"@id\":\"https:\\\/\\\/medicinasinc.com\\\/sk\\\/#website\",\"url\":\"https:\\\/\\\/medicinasinc.com\\\/sk\\\/\",\"name\":\"Medicinas Inc\",\"description\":\"Health Medical Clinic\",\"potentialAction\":[{\"@type\":\"SearchAction\",\"target\":{\"@type\":\"EntryPoint\",\"urlTemplate\":\"https:\\\/\\\/medicinasinc.com\\\/sk\\\/?s={search_term_string}\"},\"query-input\":{\"@type\":\"PropertyValueSpecification\",\"valueRequired\":true,\"valueName\":\"search_term_string\"}}],\"inLanguage\":\"en-US\"}]}<\/script>\n<!-- \/ Yoast SEO plugin. -->","yoast_head_json":{"title":"K\u00fapte si 5-MAPB Powder &amp; Crystal - Najlep\u0161ie najlep\u0161ie glob\u00e1lne lieky","description":"K\u00fapte si 5-MAPB pr\u00e1\u0161kov\u00fd kry\u0161t\u00e1l online, 5-MAPB v\u00fdskumn\u00e9 chemik\u00e1lie na predaj, objednajte si 5-MAPB kry\u0161t\u00e1l v USA, Ve\u013ekej Brit\u00e1nii za prijate\u013en\u00fa cenu z Bestglobalmeds.com. 5-MAPB (1-(benzofur\u00e1n-5-yl)-N-metylprop\u00e1n-2-am\u00edn) je entaktog\u00e9nny dizajnov\u00fd liek podobn\u00fd MDMA svojou \u0161trukt\u00farou a \u00fa\u010dinkami.","robots":{"index":"index","follow":"follow","max-snippet":"max-snippet:-1","max-image-preview":"max-image-preview:large","max-video-preview":"max-video-preview:-1"},"canonical":"https:\/\/medicinasinc.com\/sk\/product\/kupit-5-mapb-prasok-krystal\/","og_locale":"en_US","og_type":"article","og_title":"K\u00fapte si 5-MAPB Powder &amp; Crystal - Najlep\u0161ie najlep\u0161ie glob\u00e1lne lieky","og_description":"K\u00fapte si 5-MAPB pr\u00e1\u0161kov\u00fd kry\u0161t\u00e1l online, 5-MAPB v\u00fdskumn\u00e9 chemik\u00e1lie na predaj, objednajte si 5-MAPB kry\u0161t\u00e1l v USA, Ve\u013ekej Brit\u00e1nii za prijate\u013en\u00fa cenu z Bestglobalmeds.com. 5-MAPB (1-(benzofur\u00e1n-5-yl)-N-metylprop\u00e1n-2-am\u00edn) je entaktog\u00e9nny dizajnov\u00fd liek podobn\u00fd MDMA svojou \u0161trukt\u00farou a \u00fa\u010dinkami.","og_url":"https:\/\/medicinasinc.com\/sk\/product\/kupit-5-mapb-prasok-krystal\/","og_site_name":"Medicinas Inc","article_modified_time":"2022-03-22T00:59:54+00:00","og_image":[{"width":600,"height":488,"url":"https:\/\/medicinasinc.com\/sk\/wp-content\/uploads\/sites\/10\/2022\/02\/Buy-5-MAPB-Powder-Crystal.jpg","type":"image\/jpeg"}],"twitter_card":"summary_large_image","twitter_misc":{"Est. reading time":"2 minutes"},"schema":{"@context":"https:\/\/schema.org","@graph":[{"@type":"WebPage","@id":"https:\/\/medicinasinc.com\/sk\/product\/kupit-5-mapb-prasok-krystal\/","url":"https:\/\/medicinasinc.com\/sk\/product\/kupit-5-mapb-prasok-krystal\/","name":"K\u00fapte si 5-MAPB Powder &amp; Crystal - Najlep\u0161ie najlep\u0161ie glob\u00e1lne lieky","isPartOf":{"@id":"https:\/\/medicinasinc.com\/sk\/#website"},"primaryImageOfPage":{"@id":"https:\/\/medicinasinc.com\/sk\/product\/kupit-5-mapb-prasok-krystal\/#primaryimage"},"image":{"@id":"https:\/\/medicinasinc.com\/sk\/product\/kupit-5-mapb-prasok-krystal\/#primaryimage"},"thumbnailUrl":"https:\/\/medicinasinc.com\/sk\/wp-content\/uploads\/sites\/10\/2022\/02\/Buy-5-MAPB-Powder-Crystal.jpg","datePublished":"2022-02-21T22:26:02+00:00","dateModified":"2022-03-22T00:59:54+00:00","description":"K\u00fapte si 5-MAPB pr\u00e1\u0161kov\u00fd kry\u0161t\u00e1l online, 5-MAPB v\u00fdskumn\u00e9 chemik\u00e1lie na predaj, objednajte si 5-MAPB kry\u0161t\u00e1l v USA, Ve\u013ekej Brit\u00e1nii za prijate\u013en\u00fa cenu z Bestglobalmeds.com. 5-MAPB (1-(benzofur\u00e1n-5-yl)-N-metylprop\u00e1n-2-am\u00edn) je entaktog\u00e9nny dizajnov\u00fd liek podobn\u00fd MDMA svojou \u0161trukt\u00farou a \u00fa\u010dinkami.","breadcrumb":{"@id":"https:\/\/medicinasinc.com\/sk\/product\/kupit-5-mapb-prasok-krystal\/#breadcrumb"},"inLanguage":"en-US","potentialAction":[{"@type":"ReadAction","target":["https:\/\/medicinasinc.com\/sk\/product\/kupit-5-mapb-prasok-krystal\/"]}]},{"@type":"ImageObject","inLanguage":"en-US","@id":"https:\/\/medicinasinc.com\/sk\/product\/kupit-5-mapb-prasok-krystal\/#primaryimage","url":"https:\/\/medicinasinc.com\/sk\/wp-content\/uploads\/sites\/10\/2022\/02\/Buy-5-MAPB-Powder-Crystal.jpg","contentUrl":"https:\/\/medicinasinc.com\/sk\/wp-content\/uploads\/sites\/10\/2022\/02\/Buy-5-MAPB-Powder-Crystal.jpg","width":600,"height":488},{"@type":"BreadcrumbList","@id":"https:\/\/medicinasinc.com\/sk\/product\/kupit-5-mapb-prasok-krystal\/#breadcrumb","itemListElement":[{"@type":"ListItem","position":1,"name":"Obchod","item":"https:\/\/medicinasinc.com\/sk\/obchod\/"},{"@type":"ListItem","position":2,"name":"K\u00fapte si 5-MAPB Powder &amp; Crystal"}]},{"@type":"WebSite","@id":"https:\/\/medicinasinc.com\/sk\/#website","url":"https:\/\/medicinasinc.com\/sk\/","name":"Medicinas Inc","description":"Health Medical Clinic","potentialAction":[{"@type":"SearchAction","target":{"@type":"EntryPoint","urlTemplate":"https:\/\/medicinasinc.com\/sk\/?s={search_term_string}"},"query-input":{"@type":"PropertyValueSpecification","valueRequired":true,"valueName":"search_term_string"}}],"inLanguage":"en-US"}]}},"_links":{"self":[{"href":"https:\/\/medicinasinc.com\/sk\/wp-json\/wp\/v2\/product\/5389","targetHints":{"allow":["GET"]}}],"collection":[{"href":"https:\/\/medicinasinc.com\/sk\/wp-json\/wp\/v2\/product"}],"about":[{"href":"https:\/\/medicinasinc.com\/sk\/wp-json\/wp\/v2\/types\/product"}],"replies":[{"embeddable":true,"href":"https:\/\/medicinasinc.com\/sk\/wp-json\/wp\/v2\/comments?post=5389"}],"wp:featuredmedia":[{"embeddable":true,"href":"https:\/\/medicinasinc.com\/sk\/wp-json\/wp\/v2\/media\/5400"}],"wp:attachment":[{"href":"https:\/\/medicinasinc.com\/sk\/wp-json\/wp\/v2\/media?parent=5389"}],"wp:term":[{"taxonomy":"product_brand","embeddable":true,"href":"https:\/\/medicinasinc.com\/sk\/wp-json\/wp\/v2\/product_brand?post=5389"},{"taxonomy":"product_cat","embeddable":true,"href":"https:\/\/medicinasinc.com\/sk\/wp-json\/wp\/v2\/product_cat?post=5389"},{"taxonomy":"product_tag","embeddable":true,"href":"https:\/\/medicinasinc.com\/sk\/wp-json\/wp\/v2\/product_tag?post=5389"}],"curies":[{"name":"wp","href":"https:\/\/api.w.org\/{rel}","templated":true}]}}