{"id":5387,"date":"2022-02-21T22:22:34","date_gmt":"2022-02-21T22:22:34","guid":{"rendered":"https:\/\/medicinasinc.com\/sk\/?post_type=product&#038;p=5387"},"modified":"2022-03-22T01:00:18","modified_gmt":"2022-03-22T01:00:18","slug":"kupit-4-fa-prasok","status":"publish","type":"product","link":"https:\/\/medicinasinc.com\/sk\/product\/kupit-4-fa-prasok\/","title":{"rendered":"K\u00fapte si 4-FA pr\u00e1\u0161ok"},"content":{"rendered":"<p>K\u00fapte si 4-FA pr\u00e1\u0161ok.<\/p>\n<p>K\u00fapte si lacn\u00fd 4-FA pr\u00e1\u0161ok 1 oz Pure online.<\/p>\n<p>4-FA (4-fluoramfetam\u00edn) je liek podobn\u00fd amfetam\u00ednu, ktor\u00fd m\u00e1 len ned\u00e1vno sa objavil na holandskom trhu. Od roku 2007 do roku 2009 bol prim\u00e1rne pred\u00e1van\u00fd ako r\u00fdchlos\u0165 alebo MDMA. Bolo to preto, \u017ee v tom \u010dase bol pre t\u00fdchto \u0161pecialistov nedostatok surov\u00edn, tak\u017ee 4-FA sa pou\u017e\u00edval ako \u0161pecialista na rezanie. V ka\u017edom pr\u00edpade, od roku 2010 predajcovia \u010doraz viac pred\u00e1vaj\u00fa 4-FA ako 4-FA, \u010do znamen\u00e1, \u017ee kupuj\u00faci ho pova\u017euj\u00fa za \u201eliek na rozhodovanie.\u201c<\/p>\n<p>4-FA je tie\u017e zn\u00e1my ako 4-FMP , 4-Fluor, 4-Flava, 4-F a Flux. Je to l\u00e1tka klasifikovan\u00e1 ako nov\u00e1 psychoakt\u00edvna l\u00e1tka (NPS). Ide o l\u00e1tky, ktor\u00e9 sa ned\u00e1vno stali dostupn\u00fdmi a boli vyvinut\u00e9 ako alternat\u00edva k tradi\u010dn\u00fdm nez\u00e1konn\u00fdm l\u00e1tkam. NPS je tie\u017e zn\u00e1my ako v\u00fdskumn\u00e9 syntetick\u00e9 alebo origin\u00e1lne drogy. Vykonan\u00edm mal\u00fdch zmien v s\u00fa\u010dasnej \u0161trukt\u00fare zl\u00fa\u010deniny sa zmen\u00ed n\u00e1zov l\u00e1tky a v d\u00f4sledku toho sa na \u0148u u\u017e nevz\u0165ahuje z\u00e1kon o \u00f3piu, a teda je nez\u00e1konn\u00e1. To s\u0165a\u017euje zabr\u00e1nenie vytv\u00e1raniu, transakci\u00e1m a vlastn\u00edctvu.<\/p>\n<p>4-FA sa naj\u010dastej\u0161ie vyskytuje ako pr\u00e1\u0161ok alebo pilulka. 4-FA sa u\u017e\u00edva peror\u00e1lne vo forme tabliet. Klienti bu\u010f umiestnia pr\u00e1\u0161ok do puzdra alebo pohybliv\u00e9ho papiera (bomby), alebo ho v niektor\u00fdch pr\u00edpadoch rozpustia v n\u00e1poji. Nie je \u017eiadny z\u00e1sadn\u00fd rozdiel medzi 4-FA tabletkami, 4-FA pr\u00e1\u0161kami a 4-FA obalmi.<\/p>\n<p>N\u00e1doby s\u00fa vyroben\u00e9 z matnej alebo sladkej hmoty a m\u00f4\u017eu by\u0165 jednoduch\u00e9 alebo m\u00f4\u017eu ma\u0165 r\u00f4zne t\u00f3ny. Puzdro m\u00f4\u017ee by\u0165 naplnen\u00e9 \u0161irokou \u0161k\u00e1lou l\u00e1tok. 4-FA, ako aj r\u00f4zne in\u00e9 l\u00e1tky, napr\u00edklad amfetam\u00edn (r\u00fdchlos\u0165), MDMA, kofe\u00edn alebo v\u00f4bec ni\u010d. Niektor\u00e9 polo\u017eky smart shopu s\u00fa aj v puzdr\u00e1ch. Puzdr\u00e1 s\u00fa zvy\u010dajne vo vrecku a na obale je uveden\u00e9, \u010do je vo vn\u00fatri. Ak si z\u00e1kazn\u00edci plnia vlastn\u00e9 n\u00e1doby, m\u00f4\u017eu na ur\u010denie presnej porcie pou\u017ei\u0165 stupnicu mg. 4-fa na predaj, kde k\u00fapi\u0165 4fa, k\u00fapi\u0165 4-fa, 4-fa na predaj, 4fa na predaj, 4-fas k\u00fapi\u0165, k\u00fapi\u0165 4fa, 4-fa k\u00fapi\u0165, 4-fa na predaj, 4-fa na predaj, 4 -fa na predaj, 4-fa na predaj, 4-fa na predaj, 4-fa na predaj, 4-fa na predaj, 4-fa na predaj, 4-fa na predaj, 4-fa na predaj<\/p>\n<p>To, \u010do niekto najprv poci\u0165uje po u\u017eit\u00ed 4-FA, je ur\u010den\u00e9 meraniami. Ak sa chcete dozvedie\u0165 viac, 4-FA je mo\u017en\u00e9 otestova\u0165 v administr\u00e1cii testu (pozri menu). \u00da\u010dinky po\u017eitia 4-FA sa prejavia po 20 a\u017e hodine. 4-FA je dokon\u010den\u00e1 za 4 a\u017e 8 hod\u00edn, hoci niektor\u00ed klienti uv\u00e1dzaj\u00fa, \u017ee kone\u010dn\u00e9 v\u00fdsledky m\u00f4\u017eu trva\u0165 a\u017e 12 hod\u00edn.<\/p>\n<p>divok\u00fd, jasn\u00fd, vhodn\u00fd a opatrn\u00fd<\/p>\n<p>A siln\u00fd pocit spolupatri\u010dnosti<\/p>\n<p>Dotyk a hudba poskytuj\u00fa extr\u00e9mny zmyslov\u00fd z\u00e1\u017eitok.<\/p>\n<p>Kontakt, rozpr\u00e1vanie a bl\u00edzkos\u0165 s\u00fa nevyhnutn\u00e9.<\/p>\n","protected":false},"excerpt":{"rendered":"<p>Nak\u00fapte 4-FA pr\u00e1\u0161ok 1 oz Pure online lacno. 4-FA pr\u00e1\u0161ok podobn\u00fd MDMA &amp; Peror\u00e1lny metamfetam\u00edn<br \/> Odpor\u00fa\u010dan\u00e9 d\u00e1vkovanie: 200 mg.<\/p>\n<p>V na\u0161om obchode si m\u00f4\u017eete k\u00fapi\u0165 \u010dist\u00fd 4-FMA. Rovnak\u00fdm sp\u00f4sobom, ak\u00fdm sa vyr\u00e1ba pr\u00e1\u0161ok, je 4-FMA, tie\u017e zn\u00e1my ako 4-Flu\u00f3rometamfetam\u00edn, tie\u017e psychoakt\u00edvna l\u00e1tka.<\/p>\n<p>Pr\u00e1\u0161ok 4-FA je tie\u017e zn\u00e1my ako para-flu\u00f3ramfetam\u00edn alebo 4-flu\u00f3ramfetam\u00edn, ale toto nie je to ist\u00e9. \u013dudia, ktor\u00ed \u0161tuduj\u00fa lieky, hovoria, \u017ee tento je ve\u013emi dobr\u00fd.<\/p>\n","protected":false},"featured_media":5396,"comment_status":"open","ping_status":"closed","template":"","meta":[],"product_brand":[],"product_cat":[2014],"product_tag":[2502,2503,2504,2507,2508,2505,2506],"class_list":{"0":"post-5387","1":"product","2":"type-product","3":"status-publish","4":"has-post-thumbnail","6":"product_cat-k-c3-bapi-c5-a5-v-c3-bdskumn-c3-a9-chemik-c3-a1lie","7":"product_tag-2-fluramfetamn","8":"product_tag-4-fa-efekty","9":"product_tag-4-fa-research-chemical","10":"product_tag-je-4-fa-legal-in-the-us-2020","11":"product_tag-je-4-fma-legal1lne","12":"product_tag-prvny-tatt-4-fluramfetamnu","13":"product_tag-syntza-4-fluramfetamnu","15":"first","16":"instock","17":"shipping-taxable","18":"purchasable","19":"product-type-variable","20":"has-default-attributes"},"yoast_head":"<!-- This site is optimized with the Yoast SEO plugin v27.3 - https:\/\/yoast.com\/product\/yoast-seo-wordpress\/ -->\n<title>K\u00fapte si 4-FA pr\u00e1\u0161ok \u2013 4-flu\u00f3ramfetam\u00edn \u2013 najlep\u0161ie najlep\u0161ie glob\u00e1lne lieky<\/title>\n<meta name=\"description\" content=\"K\u00fapi\u0165 4-FA pr\u00e1\u0161ok 4-flu\u00f3ramfetam\u00edn na predaj \u010dist\u00fd online lacno. 4-FA pr\u00e1\u0161ok podobn\u00fd MDMA &amp; Peror\u00e1lny metamfetam\u00edn\" \/>\n<meta name=\"robots\" content=\"index, follow, max-snippet:-1, max-image-preview:large, max-video-preview:-1\" \/>\n<link rel=\"canonical\" href=\"https:\/\/medicinasinc.com\/sk\/product\/kupit-4-fa-prasok\/\" \/>\n<meta property=\"og:locale\" content=\"en_US\" \/>\n<meta property=\"og:type\" content=\"article\" \/>\n<meta property=\"og:title\" content=\"K\u00fapte si 4-FA pr\u00e1\u0161ok \u2013 4-flu\u00f3ramfetam\u00edn \u2013 najlep\u0161ie najlep\u0161ie glob\u00e1lne lieky\" \/>\n<meta property=\"og:description\" content=\"K\u00fapi\u0165 4-FA pr\u00e1\u0161ok 4-flu\u00f3ramfetam\u00edn na predaj \u010dist\u00fd online lacno. 4-FA pr\u00e1\u0161ok podobn\u00fd MDMA &amp; Peror\u00e1lny metamfetam\u00edn\" \/>\n<meta property=\"og:url\" content=\"https:\/\/medicinasinc.com\/sk\/product\/kupit-4-fa-prasok\/\" \/>\n<meta property=\"og:site_name\" content=\"Medicinas Inc\" \/>\n<meta property=\"article:modified_time\" content=\"2022-03-22T01:00:18+00:00\" \/>\n<meta property=\"og:image\" content=\"https:\/\/medicinasinc.com\/sk\/wp-content\/uploads\/sites\/10\/2022\/02\/Buy-4-FA-Powder.jpeg\" \/>\n\t<meta property=\"og:image:width\" content=\"510\" \/>\n\t<meta property=\"og:image:height\" content=\"365\" \/>\n\t<meta property=\"og:image:type\" content=\"image\/jpeg\" \/>\n<meta name=\"twitter:card\" content=\"summary_large_image\" \/>\n<meta name=\"twitter:label1\" content=\"Est. reading time\" \/>\n\t<meta name=\"twitter:data1\" content=\"2 minutes\" \/>\n<script type=\"application\/ld+json\" class=\"yoast-schema-graph\">{\"@context\":\"https:\\\/\\\/schema.org\",\"@graph\":[{\"@type\":\"WebPage\",\"@id\":\"https:\\\/\\\/medicinasinc.com\\\/sk\\\/product\\\/kupit-4-fa-prasok\\\/\",\"url\":\"https:\\\/\\\/medicinasinc.com\\\/sk\\\/product\\\/kupit-4-fa-prasok\\\/\",\"name\":\"K\u00fapte si 4-FA pr\u00e1\u0161ok \u2013 4-flu\u00f3ramfetam\u00edn \u2013 najlep\u0161ie najlep\u0161ie glob\u00e1lne lieky\",\"isPartOf\":{\"@id\":\"https:\\\/\\\/medicinasinc.com\\\/sk\\\/#website\"},\"primaryImageOfPage\":{\"@id\":\"https:\\\/\\\/medicinasinc.com\\\/sk\\\/product\\\/kupit-4-fa-prasok\\\/#primaryimage\"},\"image\":{\"@id\":\"https:\\\/\\\/medicinasinc.com\\\/sk\\\/product\\\/kupit-4-fa-prasok\\\/#primaryimage\"},\"thumbnailUrl\":\"https:\\\/\\\/medicinasinc.com\\\/sk\\\/wp-content\\\/uploads\\\/sites\\\/10\\\/2022\\\/02\\\/Buy-4-FA-Powder.jpeg\",\"datePublished\":\"2022-02-21T22:22:34+00:00\",\"dateModified\":\"2022-03-22T01:00:18+00:00\",\"description\":\"K\u00fapi\u0165 4-FA pr\u00e1\u0161ok 4-flu\u00f3ramfetam\u00edn na predaj \u010dist\u00fd online lacno. 4-FA pr\u00e1\u0161ok podobn\u00fd MDMA &amp; Peror\u00e1lny metamfetam\u00edn\",\"breadcrumb\":{\"@id\":\"https:\\\/\\\/medicinasinc.com\\\/sk\\\/product\\\/kupit-4-fa-prasok\\\/#breadcrumb\"},\"inLanguage\":\"en-US\",\"potentialAction\":[{\"@type\":\"ReadAction\",\"target\":[\"https:\\\/\\\/medicinasinc.com\\\/sk\\\/product\\\/kupit-4-fa-prasok\\\/\"]}]},{\"@type\":\"ImageObject\",\"inLanguage\":\"en-US\",\"@id\":\"https:\\\/\\\/medicinasinc.com\\\/sk\\\/product\\\/kupit-4-fa-prasok\\\/#primaryimage\",\"url\":\"https:\\\/\\\/medicinasinc.com\\\/sk\\\/wp-content\\\/uploads\\\/sites\\\/10\\\/2022\\\/02\\\/Buy-4-FA-Powder.jpeg\",\"contentUrl\":\"https:\\\/\\\/medicinasinc.com\\\/sk\\\/wp-content\\\/uploads\\\/sites\\\/10\\\/2022\\\/02\\\/Buy-4-FA-Powder.jpeg\",\"width\":510,\"height\":365},{\"@type\":\"BreadcrumbList\",\"@id\":\"https:\\\/\\\/medicinasinc.com\\\/sk\\\/product\\\/kupit-4-fa-prasok\\\/#breadcrumb\",\"itemListElement\":[{\"@type\":\"ListItem\",\"position\":1,\"name\":\"Obchod\",\"item\":\"https:\\\/\\\/medicinasinc.com\\\/sk\\\/obchod\\\/\"},{\"@type\":\"ListItem\",\"position\":2,\"name\":\"K\u00fapte si 4-FA pr\u00e1\u0161ok\"}]},{\"@type\":\"WebSite\",\"@id\":\"https:\\\/\\\/medicinasinc.com\\\/sk\\\/#website\",\"url\":\"https:\\\/\\\/medicinasinc.com\\\/sk\\\/\",\"name\":\"Medicinas Inc\",\"description\":\"Health Medical Clinic\",\"potentialAction\":[{\"@type\":\"SearchAction\",\"target\":{\"@type\":\"EntryPoint\",\"urlTemplate\":\"https:\\\/\\\/medicinasinc.com\\\/sk\\\/?s={search_term_string}\"},\"query-input\":{\"@type\":\"PropertyValueSpecification\",\"valueRequired\":true,\"valueName\":\"search_term_string\"}}],\"inLanguage\":\"en-US\"}]}<\/script>\n<!-- \/ Yoast SEO plugin. -->","yoast_head_json":{"title":"K\u00fapte si 4-FA pr\u00e1\u0161ok \u2013 4-flu\u00f3ramfetam\u00edn \u2013 najlep\u0161ie najlep\u0161ie glob\u00e1lne lieky","description":"K\u00fapi\u0165 4-FA pr\u00e1\u0161ok 4-flu\u00f3ramfetam\u00edn na predaj \u010dist\u00fd online lacno. 4-FA pr\u00e1\u0161ok podobn\u00fd MDMA &amp; Peror\u00e1lny metamfetam\u00edn","robots":{"index":"index","follow":"follow","max-snippet":"max-snippet:-1","max-image-preview":"max-image-preview:large","max-video-preview":"max-video-preview:-1"},"canonical":"https:\/\/medicinasinc.com\/sk\/product\/kupit-4-fa-prasok\/","og_locale":"en_US","og_type":"article","og_title":"K\u00fapte si 4-FA pr\u00e1\u0161ok \u2013 4-flu\u00f3ramfetam\u00edn \u2013 najlep\u0161ie najlep\u0161ie glob\u00e1lne lieky","og_description":"K\u00fapi\u0165 4-FA pr\u00e1\u0161ok 4-flu\u00f3ramfetam\u00edn na predaj \u010dist\u00fd online lacno. 4-FA pr\u00e1\u0161ok podobn\u00fd MDMA &amp; Peror\u00e1lny metamfetam\u00edn","og_url":"https:\/\/medicinasinc.com\/sk\/product\/kupit-4-fa-prasok\/","og_site_name":"Medicinas Inc","article_modified_time":"2022-03-22T01:00:18+00:00","og_image":[{"width":510,"height":365,"url":"https:\/\/medicinasinc.com\/sk\/wp-content\/uploads\/sites\/10\/2022\/02\/Buy-4-FA-Powder.jpeg","type":"image\/jpeg"}],"twitter_card":"summary_large_image","twitter_misc":{"Est. reading time":"2 minutes"},"schema":{"@context":"https:\/\/schema.org","@graph":[{"@type":"WebPage","@id":"https:\/\/medicinasinc.com\/sk\/product\/kupit-4-fa-prasok\/","url":"https:\/\/medicinasinc.com\/sk\/product\/kupit-4-fa-prasok\/","name":"K\u00fapte si 4-FA pr\u00e1\u0161ok \u2013 4-flu\u00f3ramfetam\u00edn \u2013 najlep\u0161ie najlep\u0161ie glob\u00e1lne lieky","isPartOf":{"@id":"https:\/\/medicinasinc.com\/sk\/#website"},"primaryImageOfPage":{"@id":"https:\/\/medicinasinc.com\/sk\/product\/kupit-4-fa-prasok\/#primaryimage"},"image":{"@id":"https:\/\/medicinasinc.com\/sk\/product\/kupit-4-fa-prasok\/#primaryimage"},"thumbnailUrl":"https:\/\/medicinasinc.com\/sk\/wp-content\/uploads\/sites\/10\/2022\/02\/Buy-4-FA-Powder.jpeg","datePublished":"2022-02-21T22:22:34+00:00","dateModified":"2022-03-22T01:00:18+00:00","description":"K\u00fapi\u0165 4-FA pr\u00e1\u0161ok 4-flu\u00f3ramfetam\u00edn na predaj \u010dist\u00fd online lacno. 4-FA pr\u00e1\u0161ok podobn\u00fd MDMA &amp; Peror\u00e1lny metamfetam\u00edn","breadcrumb":{"@id":"https:\/\/medicinasinc.com\/sk\/product\/kupit-4-fa-prasok\/#breadcrumb"},"inLanguage":"en-US","potentialAction":[{"@type":"ReadAction","target":["https:\/\/medicinasinc.com\/sk\/product\/kupit-4-fa-prasok\/"]}]},{"@type":"ImageObject","inLanguage":"en-US","@id":"https:\/\/medicinasinc.com\/sk\/product\/kupit-4-fa-prasok\/#primaryimage","url":"https:\/\/medicinasinc.com\/sk\/wp-content\/uploads\/sites\/10\/2022\/02\/Buy-4-FA-Powder.jpeg","contentUrl":"https:\/\/medicinasinc.com\/sk\/wp-content\/uploads\/sites\/10\/2022\/02\/Buy-4-FA-Powder.jpeg","width":510,"height":365},{"@type":"BreadcrumbList","@id":"https:\/\/medicinasinc.com\/sk\/product\/kupit-4-fa-prasok\/#breadcrumb","itemListElement":[{"@type":"ListItem","position":1,"name":"Obchod","item":"https:\/\/medicinasinc.com\/sk\/obchod\/"},{"@type":"ListItem","position":2,"name":"K\u00fapte si 4-FA pr\u00e1\u0161ok"}]},{"@type":"WebSite","@id":"https:\/\/medicinasinc.com\/sk\/#website","url":"https:\/\/medicinasinc.com\/sk\/","name":"Medicinas Inc","description":"Health Medical Clinic","potentialAction":[{"@type":"SearchAction","target":{"@type":"EntryPoint","urlTemplate":"https:\/\/medicinasinc.com\/sk\/?s={search_term_string}"},"query-input":{"@type":"PropertyValueSpecification","valueRequired":true,"valueName":"search_term_string"}}],"inLanguage":"en-US"}]}},"_links":{"self":[{"href":"https:\/\/medicinasinc.com\/sk\/wp-json\/wp\/v2\/product\/5387","targetHints":{"allow":["GET"]}}],"collection":[{"href":"https:\/\/medicinasinc.com\/sk\/wp-json\/wp\/v2\/product"}],"about":[{"href":"https:\/\/medicinasinc.com\/sk\/wp-json\/wp\/v2\/types\/product"}],"replies":[{"embeddable":true,"href":"https:\/\/medicinasinc.com\/sk\/wp-json\/wp\/v2\/comments?post=5387"}],"wp:featuredmedia":[{"embeddable":true,"href":"https:\/\/medicinasinc.com\/sk\/wp-json\/wp\/v2\/media\/5396"}],"wp:attachment":[{"href":"https:\/\/medicinasinc.com\/sk\/wp-json\/wp\/v2\/media?parent=5387"}],"wp:term":[{"taxonomy":"product_brand","embeddable":true,"href":"https:\/\/medicinasinc.com\/sk\/wp-json\/wp\/v2\/product_brand?post=5387"},{"taxonomy":"product_cat","embeddable":true,"href":"https:\/\/medicinasinc.com\/sk\/wp-json\/wp\/v2\/product_cat?post=5387"},{"taxonomy":"product_tag","embeddable":true,"href":"https:\/\/medicinasinc.com\/sk\/wp-json\/wp\/v2\/product_tag?post=5387"}],"curies":[{"name":"wp","href":"https:\/\/api.w.org\/{rel}","templated":true}]}}