{"id":5368,"date":"2022-02-21T21:54:21","date_gmt":"2022-02-21T21:54:21","guid":{"rendered":"https:\/\/medicinasinc.com\/sk\/?post_type=product&#038;p=5368"},"modified":"2022-03-22T01:00:28","modified_gmt":"2022-03-22T01:00:28","slug":"kupit-4-emc-4-etylmetkatinon","status":"publish","type":"product","link":"https:\/\/medicinasinc.com\/sk\/product\/kupit-4-emc-4-etylmetkatinon\/","title":{"rendered":"K\u00fapte si 4-EMC 4-etylmetkatin\u00f3n"},"content":{"rendered":"<h1 class=\"product_title entry-title\">K\u00fapi\u0165 4-EMC 4-etylmetkatin\u00f3nov\u00fd pr\u00e1\u0161ok online<\/h1>\n<p><strong>4-EMC je mo\u017en\u00e9 zak\u00fapi\u0165 online.<\/strong><\/p>\n<p> 2-metylaminoprop\u00e1n-1-\u00f3n, monohydrochlorid je \u00fapln\u00fd n\u00e1zov IUPAC pre 4-EMC, ktor\u00fd patr\u00ed do triedy v\u00fdskumn\u00fdch zl\u00fa\u010den\u00edn zn\u00e1mych ako stimulanty centr\u00e1lneho nervov\u00e9ho syst\u00e9mu. 4-EMC je tie\u017e zn\u00e1my ako 4-etylfenol.<\/p>\n<p>Entaktog\u00e9n a stimulant, 4-etylmetkatin\u00f3n (4-EMC) je rekrea\u010dn\u00e1 dizajn\u00e9rska droga. je \u0161trukt\u00farny izom\u00e9r 4-MEC<\/p>\n<p>C12H17NO je molekulov\u00fd vzorec 4-EMC, ktor\u00fd patr\u00ed do chemick\u00fdch skup\u00edn fenetylam\u00ednu a amfetam\u00ednu. V recepte je 191,270 g\/mesiac. Kde k\u00fapi\u0165 4-EMC<\/p>\n<p>Predstavujeme nov\u00fd katin\u00f3nov\u00fd produkt, ktor\u00fd mo\u017eno pou\u017ei\u0165 na sofistikovan\u00e9 vedeck\u00e9 \u0161t\u00fadie z d\u00f4vodu vysok\u00e9ho dopytu na trhu. 4-etylmetkatin\u00f3n je izom\u00e9rna verzia mefedr\u00f3nu, ktor\u00fd je v s\u00fa\u010dasnosti zak\u00e1zan\u00fd, a v\u0161etky spomenut\u00e9 zl\u00fa\u010deniny maj\u00fa stimula\u010dn\u00e9 a entaktog\u00e9nne \u00fa\u010dinky.<\/p>\n<p>Dopam\u00edn a seroton\u00edn s\u00fa najpravdepodobnej\u0161\u00edmi prim\u00e1rnymi cie\u013emi 4-EMC, \u010do je typick\u00e9 pre t\u00fato chemick\u00fa triedu a pova\u017euje sa za prek\u00e1\u017eku op\u00e4tovn\u00e9ho vychyt\u00e1vania v synaptickej \u0161trbine d\u00f4le\u017eit\u00fdch neurotransmiterov.<\/p>\n<p>L\u00e1tka je kry\u0161talick\u00fd pr\u00e1\u0161ok, ktor\u00fd sa d\u00e1 \u013eahko vyrobi\u0165 na testovanie bez rizika vnesenia ne\u010dist\u00f4t za norm\u00e1lnych podmienok. Vo vode rozpustn\u00fd 4-EMC sa mus\u00ed skladova\u0165 v suchom, vzduchotesnom prostred\u00ed.<\/p>\n<p>V\u00fdskumn\u00edci maj\u00fa jedine\u010dn\u00fa pr\u00edle\u017eitos\u0165 zmapova\u0165 profil l\u00e1tky od za\u010diatku, preto\u017ee v minulosti nebola d\u00f4kladne presk\u00faman\u00e1 a v\u00e4\u010d\u0161ina z toho vieme o \u0148om prich\u00e1dza cez paralely k podobn\u00fdm l\u00e1tkam. Pri vykon\u00e1van\u00ed experimentov je d\u00f4le\u017eit\u00e9 ma\u0165 na pam\u00e4ti novos\u0165 chemik\u00e1lie a poskytn\u00fa\u0165 priestor na chyby. Pridru\u017eenie k 4-EMC<\/p>\n","protected":false},"excerpt":{"rendered":"<p>Kde k\u00fapi\u0165 pr\u00e1\u0161kov\u00fd 4-EMC 4-etylmetkatin\u00f3n? Stimulant a entaktog\u00e9n patr\u00ed do druhej kateg\u00f3rie. \u0160truktur\u00e1lne izom\u00e9ry 4-MEC mo\u017eno n\u00e1js\u0165 tu.<\/p>\n<p>4-EMC 4-etylmetkatin\u00f3nov\u00fd kry\u0161t\u00e1lov\u00fd pr\u00e1\u0161ok na predaj v Eur\u00f3pe, E\u00da a Spojenom kr\u00e1\u013eovstve. Stimulant a entaktog\u00e9n patr\u00ed do druhej kateg\u00f3rie. 4-MEC je \u0161trukt\u00farny izom\u00e9r tejto zl\u00fa\u010deniny.<\/p>\n<p>Rodina katin\u00f3nov zah\u0155\u0148a 4-EMC (zn\u00e1my aj ako 4-etylmetkatin\u00f3n), nov\u00fa v\u00fdskumn\u00fa molekulu. Medzi chemick\u00fdmi v\u00fdskumn\u00edkmi je 4-EMC preferovanou vo\u013ebou kv\u00f4li svojim stimula\u010dn\u00fdm a entaktog\u00e9nnym vlastnostiam.<\/p>\n<h1>K\u00fapi\u0165 4-EMC online<\/h1>\n<p>ke\u010f si k\u00fapite 4-EMC online, \u017eelanie je kvalita Drug Online je vysoko kvalitn\u00e1 v\u00fdskumn\u00e1 chemik\u00e1lia. M\u00f4\u017eete si k\u00fapi\u0165 4-EMC na predaj online za ve\u013ekoobchodn\u00fa cenu od d\u00f4veryhodn\u00e9ho dod\u00e1vate\u013ea Top mark chemical.com Bezpe\u010dn\u00e1 doprava 4-EMC do USA, Holandska, \u00cdrska, E\u00da, Spojen\u00e9ho kr\u00e1\u013eovstva a \u010fal\u0161\u00edch kraj\u00edn. <a href=\"https:\/\/www.bestglobalmeds.com\/product\/research-chemicals\/4-emc\/\">K\u00fapi\u0165 4-EMC online<\/a><\/p>\n<p>Cas \u010d: 1225622-14- 9<br \/> Vzorec: C12H17NO<br \/> IUPAC: 1-(4-etylfenyl)-2-(metylamino)prop\u00e1n-1-\u00f3n<br \/> Vzh\u013ead: Biele\/\u017eltkast\u00e9 kry\u0161t\u00e1ly<br \/> \u010cistota:<\/p>\n","protected":false},"featured_media":5380,"comment_status":"open","ping_status":"closed","template":"","meta":[],"product_brand":[],"product_cat":[2014],"product_tag":[2485,2486,2487,2496,2488,2489,2494,2499,2500,2501,2491,2492,2493,2490,2495,2497,2498],"class_list":{"0":"post-5368","1":"product","2":"type-product","3":"status-publish","4":"has-post-thumbnail","6":"product_cat-k-c3-bapi-c5-a5-v-c3-bdskumn-c3-a9-chemik-c3-a1lie","7":"product_tag-4-mec-na-predaj","8":"product_tag-4-mec-supplier","9":"product_tag-4-mecsupplier-online","10":"product_tag-ako-mem-dosta-4-mec-research-chemicals","11":"product_tag-buy-4-mec","12":"product_tag-buy-4-mec-crystal-online","13":"product_tag-buy-4-meconline-usa","14":"product_tag-dveryhodn-vendor-for-4-mec-online","15":"product_tag-kde-kpi-4-mec-online","16":"product_tag-kde-zska-4-mec-krytly-online","17":"product_tag-kpi-4-mec-online","18":"product_tag-kpi-4-mec-online-na-predaj","19":"product_tag-kpi-4-mec-research-chemicals-online","20":"product_tag-kpi-4-mec-kryhytly-s-celosvetovou-dodvkou","21":"product_tag-k-c3-bapi-c5-a5-v-c3-bdskumn-c3-a9-chemik-c3-a1lie-na-predaj-online","22":"product_tag-objednvka-4-mec-online","23":"product_tag-objedna-lacno-4-mec-online","25":"first","26":"instock","27":"shipping-taxable","28":"purchasable","29":"product-type-variable","30":"has-default-attributes"},"yoast_head":"<!-- This site is optimized with the Yoast SEO plugin v27.3 - https:\/\/yoast.com\/product\/yoast-seo-wordpress\/ -->\n<title>K\u00fapi\u0165 4-etylmetkatin\u00f3n \u2013 k\u00fapi\u0165 4-EMC \u2013 najlep\u0161ie najlep\u0161ie glob\u00e1lne lieky<\/title>\n<meta name=\"description\" content=\"K\u00fapte si kry\u0161t\u00e1lov\u00fd pr\u00e1\u0161ok 4-EMC 4-etylmethkatin\u00f3n na predaj online v Eur\u00f3pe, E\u00da, Spojenom kr\u00e1\u013eovstve. Patr\u00ed do triedy stimulantov a entaktog\u00e9nov. Je to \u0161trukt\u00farny izom\u00e9r 4-MEC.\" \/>\n<meta name=\"robots\" content=\"index, follow, max-snippet:-1, max-image-preview:large, max-video-preview:-1\" \/>\n<link rel=\"canonical\" href=\"https:\/\/medicinasinc.com\/sk\/product\/kupit-4-emc-4-etylmetkatinon\/\" \/>\n<meta property=\"og:locale\" content=\"en_US\" \/>\n<meta property=\"og:type\" content=\"article\" \/>\n<meta property=\"og:title\" content=\"K\u00fapi\u0165 4-etylmetkatin\u00f3n \u2013 k\u00fapi\u0165 4-EMC \u2013 najlep\u0161ie najlep\u0161ie glob\u00e1lne lieky\" \/>\n<meta property=\"og:description\" content=\"K\u00fapte si kry\u0161t\u00e1lov\u00fd pr\u00e1\u0161ok 4-EMC 4-etylmethkatin\u00f3n na predaj online v Eur\u00f3pe, E\u00da, Spojenom kr\u00e1\u013eovstve. Patr\u00ed do triedy stimulantov a entaktog\u00e9nov. Je to \u0161trukt\u00farny izom\u00e9r 4-MEC.\" \/>\n<meta property=\"og:url\" content=\"https:\/\/medicinasinc.com\/sk\/product\/kupit-4-emc-4-etylmetkatinon\/\" \/>\n<meta property=\"og:site_name\" content=\"Medicinas Inc\" \/>\n<meta property=\"article:modified_time\" content=\"2022-03-22T01:00:28+00:00\" \/>\n<meta property=\"og:image\" content=\"https:\/\/medicinasinc.com\/sk\/wp-content\/uploads\/sites\/10\/2022\/02\/Buy-4-EMC.jpg\" \/>\n\t<meta property=\"og:image:width\" content=\"230\" \/>\n\t<meta property=\"og:image:height\" content=\"230\" \/>\n\t<meta property=\"og:image:type\" content=\"image\/jpeg\" \/>\n<meta name=\"twitter:card\" content=\"summary_large_image\" \/>\n<meta name=\"twitter:label1\" content=\"Est. reading time\" \/>\n\t<meta name=\"twitter:data1\" content=\"2 minutes\" \/>\n<script type=\"application\/ld+json\" class=\"yoast-schema-graph\">{\"@context\":\"https:\\\/\\\/schema.org\",\"@graph\":[{\"@type\":\"WebPage\",\"@id\":\"https:\\\/\\\/medicinasinc.com\\\/sk\\\/product\\\/kupit-4-emc-4-etylmetkatinon\\\/\",\"url\":\"https:\\\/\\\/medicinasinc.com\\\/sk\\\/product\\\/kupit-4-emc-4-etylmetkatinon\\\/\",\"name\":\"K\u00fapi\u0165 4-etylmetkatin\u00f3n \u2013 k\u00fapi\u0165 4-EMC \u2013 najlep\u0161ie najlep\u0161ie glob\u00e1lne lieky\",\"isPartOf\":{\"@id\":\"https:\\\/\\\/medicinasinc.com\\\/sk\\\/#website\"},\"primaryImageOfPage\":{\"@id\":\"https:\\\/\\\/medicinasinc.com\\\/sk\\\/product\\\/kupit-4-emc-4-etylmetkatinon\\\/#primaryimage\"},\"image\":{\"@id\":\"https:\\\/\\\/medicinasinc.com\\\/sk\\\/product\\\/kupit-4-emc-4-etylmetkatinon\\\/#primaryimage\"},\"thumbnailUrl\":\"https:\\\/\\\/medicinasinc.com\\\/sk\\\/wp-content\\\/uploads\\\/sites\\\/10\\\/2022\\\/02\\\/Buy-4-EMC.jpg\",\"datePublished\":\"2022-02-21T21:54:21+00:00\",\"dateModified\":\"2022-03-22T01:00:28+00:00\",\"description\":\"K\u00fapte si kry\u0161t\u00e1lov\u00fd pr\u00e1\u0161ok 4-EMC 4-etylmethkatin\u00f3n na predaj online v Eur\u00f3pe, E\u00da, Spojenom kr\u00e1\u013eovstve. Patr\u00ed do triedy stimulantov a entaktog\u00e9nov. Je to \u0161trukt\u00farny izom\u00e9r 4-MEC.\",\"breadcrumb\":{\"@id\":\"https:\\\/\\\/medicinasinc.com\\\/sk\\\/product\\\/kupit-4-emc-4-etylmetkatinon\\\/#breadcrumb\"},\"inLanguage\":\"en-US\",\"potentialAction\":[{\"@type\":\"ReadAction\",\"target\":[\"https:\\\/\\\/medicinasinc.com\\\/sk\\\/product\\\/kupit-4-emc-4-etylmetkatinon\\\/\"]}]},{\"@type\":\"ImageObject\",\"inLanguage\":\"en-US\",\"@id\":\"https:\\\/\\\/medicinasinc.com\\\/sk\\\/product\\\/kupit-4-emc-4-etylmetkatinon\\\/#primaryimage\",\"url\":\"https:\\\/\\\/medicinasinc.com\\\/sk\\\/wp-content\\\/uploads\\\/sites\\\/10\\\/2022\\\/02\\\/Buy-4-EMC.jpg\",\"contentUrl\":\"https:\\\/\\\/medicinasinc.com\\\/sk\\\/wp-content\\\/uploads\\\/sites\\\/10\\\/2022\\\/02\\\/Buy-4-EMC.jpg\",\"width\":230,\"height\":230},{\"@type\":\"BreadcrumbList\",\"@id\":\"https:\\\/\\\/medicinasinc.com\\\/sk\\\/product\\\/kupit-4-emc-4-etylmetkatinon\\\/#breadcrumb\",\"itemListElement\":[{\"@type\":\"ListItem\",\"position\":1,\"name\":\"Obchod\",\"item\":\"https:\\\/\\\/medicinasinc.com\\\/sk\\\/obchod\\\/\"},{\"@type\":\"ListItem\",\"position\":2,\"name\":\"K\u00fapte si 4-EMC 4-etylmetkatin\u00f3n\"}]},{\"@type\":\"WebSite\",\"@id\":\"https:\\\/\\\/medicinasinc.com\\\/sk\\\/#website\",\"url\":\"https:\\\/\\\/medicinasinc.com\\\/sk\\\/\",\"name\":\"Medicinas Inc\",\"description\":\"Health Medical Clinic\",\"potentialAction\":[{\"@type\":\"SearchAction\",\"target\":{\"@type\":\"EntryPoint\",\"urlTemplate\":\"https:\\\/\\\/medicinasinc.com\\\/sk\\\/?s={search_term_string}\"},\"query-input\":{\"@type\":\"PropertyValueSpecification\",\"valueRequired\":true,\"valueName\":\"search_term_string\"}}],\"inLanguage\":\"en-US\"}]}<\/script>\n<!-- \/ Yoast SEO plugin. -->","yoast_head_json":{"title":"K\u00fapi\u0165 4-etylmetkatin\u00f3n \u2013 k\u00fapi\u0165 4-EMC \u2013 najlep\u0161ie najlep\u0161ie glob\u00e1lne lieky","description":"K\u00fapte si kry\u0161t\u00e1lov\u00fd pr\u00e1\u0161ok 4-EMC 4-etylmethkatin\u00f3n na predaj online v Eur\u00f3pe, E\u00da, Spojenom kr\u00e1\u013eovstve. Patr\u00ed do triedy stimulantov a entaktog\u00e9nov. Je to \u0161trukt\u00farny izom\u00e9r 4-MEC.","robots":{"index":"index","follow":"follow","max-snippet":"max-snippet:-1","max-image-preview":"max-image-preview:large","max-video-preview":"max-video-preview:-1"},"canonical":"https:\/\/medicinasinc.com\/sk\/product\/kupit-4-emc-4-etylmetkatinon\/","og_locale":"en_US","og_type":"article","og_title":"K\u00fapi\u0165 4-etylmetkatin\u00f3n \u2013 k\u00fapi\u0165 4-EMC \u2013 najlep\u0161ie najlep\u0161ie glob\u00e1lne lieky","og_description":"K\u00fapte si kry\u0161t\u00e1lov\u00fd pr\u00e1\u0161ok 4-EMC 4-etylmethkatin\u00f3n na predaj online v Eur\u00f3pe, E\u00da, Spojenom kr\u00e1\u013eovstve. Patr\u00ed do triedy stimulantov a entaktog\u00e9nov. Je to \u0161trukt\u00farny izom\u00e9r 4-MEC.","og_url":"https:\/\/medicinasinc.com\/sk\/product\/kupit-4-emc-4-etylmetkatinon\/","og_site_name":"Medicinas Inc","article_modified_time":"2022-03-22T01:00:28+00:00","og_image":[{"width":230,"height":230,"url":"https:\/\/medicinasinc.com\/sk\/wp-content\/uploads\/sites\/10\/2022\/02\/Buy-4-EMC.jpg","type":"image\/jpeg"}],"twitter_card":"summary_large_image","twitter_misc":{"Est. reading time":"2 minutes"},"schema":{"@context":"https:\/\/schema.org","@graph":[{"@type":"WebPage","@id":"https:\/\/medicinasinc.com\/sk\/product\/kupit-4-emc-4-etylmetkatinon\/","url":"https:\/\/medicinasinc.com\/sk\/product\/kupit-4-emc-4-etylmetkatinon\/","name":"K\u00fapi\u0165 4-etylmetkatin\u00f3n \u2013 k\u00fapi\u0165 4-EMC \u2013 najlep\u0161ie najlep\u0161ie glob\u00e1lne lieky","isPartOf":{"@id":"https:\/\/medicinasinc.com\/sk\/#website"},"primaryImageOfPage":{"@id":"https:\/\/medicinasinc.com\/sk\/product\/kupit-4-emc-4-etylmetkatinon\/#primaryimage"},"image":{"@id":"https:\/\/medicinasinc.com\/sk\/product\/kupit-4-emc-4-etylmetkatinon\/#primaryimage"},"thumbnailUrl":"https:\/\/medicinasinc.com\/sk\/wp-content\/uploads\/sites\/10\/2022\/02\/Buy-4-EMC.jpg","datePublished":"2022-02-21T21:54:21+00:00","dateModified":"2022-03-22T01:00:28+00:00","description":"K\u00fapte si kry\u0161t\u00e1lov\u00fd pr\u00e1\u0161ok 4-EMC 4-etylmethkatin\u00f3n na predaj online v Eur\u00f3pe, E\u00da, Spojenom kr\u00e1\u013eovstve. Patr\u00ed do triedy stimulantov a entaktog\u00e9nov. Je to \u0161trukt\u00farny izom\u00e9r 4-MEC.","breadcrumb":{"@id":"https:\/\/medicinasinc.com\/sk\/product\/kupit-4-emc-4-etylmetkatinon\/#breadcrumb"},"inLanguage":"en-US","potentialAction":[{"@type":"ReadAction","target":["https:\/\/medicinasinc.com\/sk\/product\/kupit-4-emc-4-etylmetkatinon\/"]}]},{"@type":"ImageObject","inLanguage":"en-US","@id":"https:\/\/medicinasinc.com\/sk\/product\/kupit-4-emc-4-etylmetkatinon\/#primaryimage","url":"https:\/\/medicinasinc.com\/sk\/wp-content\/uploads\/sites\/10\/2022\/02\/Buy-4-EMC.jpg","contentUrl":"https:\/\/medicinasinc.com\/sk\/wp-content\/uploads\/sites\/10\/2022\/02\/Buy-4-EMC.jpg","width":230,"height":230},{"@type":"BreadcrumbList","@id":"https:\/\/medicinasinc.com\/sk\/product\/kupit-4-emc-4-etylmetkatinon\/#breadcrumb","itemListElement":[{"@type":"ListItem","position":1,"name":"Obchod","item":"https:\/\/medicinasinc.com\/sk\/obchod\/"},{"@type":"ListItem","position":2,"name":"K\u00fapte si 4-EMC 4-etylmetkatin\u00f3n"}]},{"@type":"WebSite","@id":"https:\/\/medicinasinc.com\/sk\/#website","url":"https:\/\/medicinasinc.com\/sk\/","name":"Medicinas Inc","description":"Health Medical Clinic","potentialAction":[{"@type":"SearchAction","target":{"@type":"EntryPoint","urlTemplate":"https:\/\/medicinasinc.com\/sk\/?s={search_term_string}"},"query-input":{"@type":"PropertyValueSpecification","valueRequired":true,"valueName":"search_term_string"}}],"inLanguage":"en-US"}]}},"_links":{"self":[{"href":"https:\/\/medicinasinc.com\/sk\/wp-json\/wp\/v2\/product\/5368","targetHints":{"allow":["GET"]}}],"collection":[{"href":"https:\/\/medicinasinc.com\/sk\/wp-json\/wp\/v2\/product"}],"about":[{"href":"https:\/\/medicinasinc.com\/sk\/wp-json\/wp\/v2\/types\/product"}],"replies":[{"embeddable":true,"href":"https:\/\/medicinasinc.com\/sk\/wp-json\/wp\/v2\/comments?post=5368"}],"wp:featuredmedia":[{"embeddable":true,"href":"https:\/\/medicinasinc.com\/sk\/wp-json\/wp\/v2\/media\/5380"}],"wp:attachment":[{"href":"https:\/\/medicinasinc.com\/sk\/wp-json\/wp\/v2\/media?parent=5368"}],"wp:term":[{"taxonomy":"product_brand","embeddable":true,"href":"https:\/\/medicinasinc.com\/sk\/wp-json\/wp\/v2\/product_brand?post=5368"},{"taxonomy":"product_cat","embeddable":true,"href":"https:\/\/medicinasinc.com\/sk\/wp-json\/wp\/v2\/product_cat?post=5368"},{"taxonomy":"product_tag","embeddable":true,"href":"https:\/\/medicinasinc.com\/sk\/wp-json\/wp\/v2\/product_tag?post=5368"}],"curies":[{"name":"wp","href":"https:\/\/api.w.org\/{rel}","templated":true}]}}