{"id":5366,"date":"2022-02-21T21:52:02","date_gmt":"2022-02-21T21:52:02","guid":{"rendered":"https:\/\/medicinasinc.com\/sk\/?post_type=product&#038;p=5366"},"modified":"2022-03-22T01:00:52","modified_gmt":"2022-03-22T01:00:52","slug":"kupit-3f-fenmetrazin","status":"publish","type":"product","link":"https:\/\/medicinasinc.com\/sk\/product\/kupit-3f-fenmetrazin\/","title":{"rendered":"K\u00fapte si 3F-fenmetraz\u00edn"},"content":{"rendered":"<p>\u010co znamen\u00e1 3-FPM?<\/p>\n<p>3-FPM je skratka pre 3-flu\u00f3rfenmetraz\u00edn a znamen\u00e1 3-flu\u00f3rfenmetraz\u00edn. 3-FPM je chemik\u00e1lia pou\u017e\u00edvan\u00e1 vo v\u00fdskume, ktor\u00e1 m\u00e1 ve\u013ek\u00fa silu dosta\u0165 \u013eud\u00ed do pohybu. 3-FPM je s\u00fa\u010das\u0165ou triedy chemik\u00e1li\u00ed naz\u00fdvan\u00fdch fenolmorfol\u00edn a m\u00f4\u017ee po\u0161kodi\u0165 va\u0161e telo. V\u00fdsledky experimentov 3-FPM sa zvy\u010dajne pova\u017euj\u00fa za ve\u013emi podobn\u00e9 alebo takmer rovnak\u00e9 ako v\u00fdsledky experimentov s amfetam\u00ednom. Experimenty s 3-FPM zvy\u010dajne ukazuj\u00fa, \u017ee \u013eudia s\u00fa viac s\u00fastreden\u00ed a motivovan\u00ed, ich my\u0161lienky sa pohybuj\u00fa r\u00fdchlej\u0161ie a c\u00edtia sa \u0161\u0165astn\u00ed. \u010casto sa v\u0161ak hovor\u00ed, \u017ee tieto v\u00fdsledky s\u00fa menej intenz\u00edvne ako v\u00fdsledky amfetam\u00ednu alebo in\u00fdch drog, v\u010faka ktor\u00fdm budete ostra\u017eitej\u0161\u00ed. Ve\u013ea \u013eud\u00ed nie je nerv\u00f3znych alebo ospal\u00fdch, ke\u010f pou\u017e\u00edvaj\u00fa 3-FPM.<\/p>\n<p>Kde si m\u00f4\u017eem k\u00fapi\u0165 3-FPM?<\/p>\n<p>V Best Globel Med m\u00e1me ve\u013ea ve\u013emi dobr\u00fd 3-FPM na predaj. N\u00e1\u0161 3-FPM sa dod\u00e1va vo forme pr\u00e1\u0161ku aj peliet, tak\u017ee ho m\u00f4\u017eete z\u00edska\u0165. Nez\u00e1le\u017e\u00ed na tom, ktor\u00fd z t\u00fdchto dvoch chemick\u00fdch stavov preferujete. M\u00e1me pre v\u00e1s v\u0161etko.<\/p>\n<p>M\u00e1me na predaj 3-FPM, ktor\u00fd je len na v\u00fdskum, nie na predaj. Nie je na dom\u00e1ce pou\u017eitie. \u013dudia, ktor\u00ed si od n\u00e1s k\u00fapia 3-FPM, musia ma\u0165 aspo\u0148 18 rokov a musia by\u0165 v \u00faplnom s\u00falade so z\u00e1konmi svojej krajiny.<\/p>\n<p>3-FPM je leg\u00e1lne.<\/p>\n<p>3-FPM je nie je leg\u00e1lne kupova\u0165, pred\u00e1va\u0165 alebo vlastni\u0165 v Izraeli, \u0160vaj\u010diarsku alebo Spojen\u00fdch \u0161t\u00e1toch, tak\u017ee to nem\u00f4\u017eete urobi\u0165. V Spojenom kr\u00e1\u013eovstve sa predpoklad\u00e1, \u017ee je podobn\u00fd fenmetraz\u00ednu, \u010do je liek, ktor\u00fd nie je pre \u013eud\u00ed bezpe\u010dn\u00fd.<\/p>\n<p>Najlep\u0161iu skladovate\u013enos\u0165 je v\u017edy najlep\u0161ie chladn\u00e9 a such\u00e9 miesto. Tento produkt je ur\u010den\u00fd len na forenzn\u00e9 a v\u00fdskumn\u00e9 pou\u017eitie. Nie je ur\u010den\u00e9 na to, aby ho jedli \u013eudia alebo ho testovali na zvierat\u00e1ch \u010di in\u00fdch \u017eiv\u00fdch tvoroch.<\/p>\n","protected":false},"excerpt":{"rendered":"<div class=\"woocommerce-product-details__short-description\">\n<p>K\u00daPI\u0164 3-FPM3-FPM (zn\u00e1my aj ako 3-flu\u00f3rfenmetraz\u00edn, 3F-fenmetraz\u00edn a PAL-593) je nov\u00fd stimulant na b\u00e1ze fenylmorfol\u00ednu.<\/p>\n<p>3-Flu\u00f3rfenmetraz\u00edn, tie\u017e zn\u00e1my ako 3F-fenmetraz\u00edn, PAL-593 a 3-FPM, je nov\u00fd stimulant triedy fenylmorfol\u00ednov.<\/p>\n<p>K\u00fapi\u0165 3-FPM online<\/p>\n<p>3F-fenmetraz\u00edn je mo\u017en\u00e9 zak\u00fapi\u0165 online.<\/p>\n<p>3F-fenmetraz\u00edn je dostupn\u00fd ako kry\u0161talick\u00e1 alebo pr\u00e1\u0161kov\u00e1 biela l\u00e1tka. 3F-Fenmetraz\u00edn je rozpustn\u00fd v organick\u00fdch rozp\u00fa\u0161\u0165adl\u00e1ch, ako je metanol, etanol, dimetylformamid (DMF) a dichl\u00f3rmet\u00e1n (DCM), ktor\u00e9 by sa mali \u010disti\u0165 inertn\u00fdm plynom.<\/p>\n<\/p><\/div>\n","protected":false},"featured_media":5376,"comment_status":"open","ping_status":"closed","template":"","meta":[],"product_brand":[],"product_cat":[2014],"product_tag":[],"class_list":{"0":"post-5366","1":"product","2":"type-product","3":"status-publish","4":"has-post-thumbnail","6":"product_cat-k-c3-bapi-c5-a5-v-c3-bdskumn-c3-a9-chemik-c3-a1lie","8":"first","9":"instock","10":"shipping-taxable","11":"purchasable","12":"product-type-variable","13":"has-default-attributes"},"yoast_head":"<!-- This site is optimized with the Yoast SEO plugin v27.3 - https:\/\/yoast.com\/product\/yoast-seo-wordpress\/ -->\n<title>K\u00fapte si 3F-fenmetraz\u00edn \u2013 najlep\u0161ie najlep\u0161ie glob\u00e1lne lieky<\/title>\n<meta name=\"description\" content=\"K\u00daPI\u0164 3-FPM3-FPM na predaj (tie\u017e zn\u00e1my ako 3-flu\u00f3rfenmetraz\u00edn, 3F-fenmetraz\u00edn a PAL-593) je nov\u00e1 stimula\u010dn\u00e1 l\u00e1tka z triedy fenylmorfol\u00ednu.\" \/>\n<meta name=\"robots\" content=\"index, follow, max-snippet:-1, max-image-preview:large, max-video-preview:-1\" \/>\n<link rel=\"canonical\" href=\"https:\/\/medicinasinc.com\/sk\/product\/kupit-3f-fenmetrazin\/\" \/>\n<meta property=\"og:locale\" content=\"en_US\" \/>\n<meta property=\"og:type\" content=\"article\" \/>\n<meta property=\"og:title\" content=\"K\u00fapte si 3F-fenmetraz\u00edn \u2013 najlep\u0161ie najlep\u0161ie glob\u00e1lne lieky\" \/>\n<meta property=\"og:description\" content=\"K\u00daPI\u0164 3-FPM3-FPM na predaj (tie\u017e zn\u00e1my ako 3-flu\u00f3rfenmetraz\u00edn, 3F-fenmetraz\u00edn a PAL-593) je nov\u00e1 stimula\u010dn\u00e1 l\u00e1tka z triedy fenylmorfol\u00ednu.\" \/>\n<meta property=\"og:url\" content=\"https:\/\/medicinasinc.com\/sk\/product\/kupit-3f-fenmetrazin\/\" \/>\n<meta property=\"og:site_name\" content=\"Medicinas Inc\" \/>\n<meta property=\"article:modified_time\" content=\"2022-03-22T01:00:52+00:00\" \/>\n<meta property=\"og:image\" content=\"https:\/\/medicinasinc.com\/sk\/wp-content\/uploads\/sites\/10\/2022\/02\/3fpm.jpg\" \/>\n\t<meta property=\"og:image:width\" content=\"600\" \/>\n\t<meta property=\"og:image:height\" content=\"600\" \/>\n\t<meta property=\"og:image:type\" content=\"image\/jpeg\" \/>\n<meta name=\"twitter:card\" content=\"summary_large_image\" \/>\n<meta name=\"twitter:label1\" content=\"Est. reading time\" \/>\n\t<meta name=\"twitter:data1\" content=\"2 minutes\" \/>\n<script type=\"application\/ld+json\" class=\"yoast-schema-graph\">{\"@context\":\"https:\\\/\\\/schema.org\",\"@graph\":[{\"@type\":\"WebPage\",\"@id\":\"https:\\\/\\\/medicinasinc.com\\\/sk\\\/product\\\/kupit-3f-fenmetrazin\\\/\",\"url\":\"https:\\\/\\\/medicinasinc.com\\\/sk\\\/product\\\/kupit-3f-fenmetrazin\\\/\",\"name\":\"K\u00fapte si 3F-fenmetraz\u00edn \u2013 najlep\u0161ie najlep\u0161ie glob\u00e1lne lieky\",\"isPartOf\":{\"@id\":\"https:\\\/\\\/medicinasinc.com\\\/sk\\\/#website\"},\"primaryImageOfPage\":{\"@id\":\"https:\\\/\\\/medicinasinc.com\\\/sk\\\/product\\\/kupit-3f-fenmetrazin\\\/#primaryimage\"},\"image\":{\"@id\":\"https:\\\/\\\/medicinasinc.com\\\/sk\\\/product\\\/kupit-3f-fenmetrazin\\\/#primaryimage\"},\"thumbnailUrl\":\"https:\\\/\\\/medicinasinc.com\\\/sk\\\/wp-content\\\/uploads\\\/sites\\\/10\\\/2022\\\/02\\\/3fpm.jpg\",\"datePublished\":\"2022-02-21T21:52:02+00:00\",\"dateModified\":\"2022-03-22T01:00:52+00:00\",\"description\":\"K\u00daPI\u0164 3-FPM3-FPM na predaj (tie\u017e zn\u00e1my ako 3-flu\u00f3rfenmetraz\u00edn, 3F-fenmetraz\u00edn a PAL-593) je nov\u00e1 stimula\u010dn\u00e1 l\u00e1tka z triedy fenylmorfol\u00ednu.\",\"breadcrumb\":{\"@id\":\"https:\\\/\\\/medicinasinc.com\\\/sk\\\/product\\\/kupit-3f-fenmetrazin\\\/#breadcrumb\"},\"inLanguage\":\"en-US\",\"potentialAction\":[{\"@type\":\"ReadAction\",\"target\":[\"https:\\\/\\\/medicinasinc.com\\\/sk\\\/product\\\/kupit-3f-fenmetrazin\\\/\"]}]},{\"@type\":\"ImageObject\",\"inLanguage\":\"en-US\",\"@id\":\"https:\\\/\\\/medicinasinc.com\\\/sk\\\/product\\\/kupit-3f-fenmetrazin\\\/#primaryimage\",\"url\":\"https:\\\/\\\/medicinasinc.com\\\/sk\\\/wp-content\\\/uploads\\\/sites\\\/10\\\/2022\\\/02\\\/3fpm.jpg\",\"contentUrl\":\"https:\\\/\\\/medicinasinc.com\\\/sk\\\/wp-content\\\/uploads\\\/sites\\\/10\\\/2022\\\/02\\\/3fpm.jpg\",\"width\":600,\"height\":600},{\"@type\":\"BreadcrumbList\",\"@id\":\"https:\\\/\\\/medicinasinc.com\\\/sk\\\/product\\\/kupit-3f-fenmetrazin\\\/#breadcrumb\",\"itemListElement\":[{\"@type\":\"ListItem\",\"position\":1,\"name\":\"Obchod\",\"item\":\"https:\\\/\\\/medicinasinc.com\\\/sk\\\/obchod\\\/\"},{\"@type\":\"ListItem\",\"position\":2,\"name\":\"K\u00fapte si 3F-fenmetraz\u00edn\"}]},{\"@type\":\"WebSite\",\"@id\":\"https:\\\/\\\/medicinasinc.com\\\/sk\\\/#website\",\"url\":\"https:\\\/\\\/medicinasinc.com\\\/sk\\\/\",\"name\":\"Medicinas Inc\",\"description\":\"Health Medical Clinic\",\"potentialAction\":[{\"@type\":\"SearchAction\",\"target\":{\"@type\":\"EntryPoint\",\"urlTemplate\":\"https:\\\/\\\/medicinasinc.com\\\/sk\\\/?s={search_term_string}\"},\"query-input\":{\"@type\":\"PropertyValueSpecification\",\"valueRequired\":true,\"valueName\":\"search_term_string\"}}],\"inLanguage\":\"en-US\"}]}<\/script>\n<!-- \/ Yoast SEO plugin. -->","yoast_head_json":{"title":"K\u00fapte si 3F-fenmetraz\u00edn \u2013 najlep\u0161ie najlep\u0161ie glob\u00e1lne lieky","description":"K\u00daPI\u0164 3-FPM3-FPM na predaj (tie\u017e zn\u00e1my ako 3-flu\u00f3rfenmetraz\u00edn, 3F-fenmetraz\u00edn a PAL-593) je nov\u00e1 stimula\u010dn\u00e1 l\u00e1tka z triedy fenylmorfol\u00ednu.","robots":{"index":"index","follow":"follow","max-snippet":"max-snippet:-1","max-image-preview":"max-image-preview:large","max-video-preview":"max-video-preview:-1"},"canonical":"https:\/\/medicinasinc.com\/sk\/product\/kupit-3f-fenmetrazin\/","og_locale":"en_US","og_type":"article","og_title":"K\u00fapte si 3F-fenmetraz\u00edn \u2013 najlep\u0161ie najlep\u0161ie glob\u00e1lne lieky","og_description":"K\u00daPI\u0164 3-FPM3-FPM na predaj (tie\u017e zn\u00e1my ako 3-flu\u00f3rfenmetraz\u00edn, 3F-fenmetraz\u00edn a PAL-593) je nov\u00e1 stimula\u010dn\u00e1 l\u00e1tka z triedy fenylmorfol\u00ednu.","og_url":"https:\/\/medicinasinc.com\/sk\/product\/kupit-3f-fenmetrazin\/","og_site_name":"Medicinas Inc","article_modified_time":"2022-03-22T01:00:52+00:00","og_image":[{"width":600,"height":600,"url":"https:\/\/medicinasinc.com\/sk\/wp-content\/uploads\/sites\/10\/2022\/02\/3fpm.jpg","type":"image\/jpeg"}],"twitter_card":"summary_large_image","twitter_misc":{"Est. reading time":"2 minutes"},"schema":{"@context":"https:\/\/schema.org","@graph":[{"@type":"WebPage","@id":"https:\/\/medicinasinc.com\/sk\/product\/kupit-3f-fenmetrazin\/","url":"https:\/\/medicinasinc.com\/sk\/product\/kupit-3f-fenmetrazin\/","name":"K\u00fapte si 3F-fenmetraz\u00edn \u2013 najlep\u0161ie najlep\u0161ie glob\u00e1lne lieky","isPartOf":{"@id":"https:\/\/medicinasinc.com\/sk\/#website"},"primaryImageOfPage":{"@id":"https:\/\/medicinasinc.com\/sk\/product\/kupit-3f-fenmetrazin\/#primaryimage"},"image":{"@id":"https:\/\/medicinasinc.com\/sk\/product\/kupit-3f-fenmetrazin\/#primaryimage"},"thumbnailUrl":"https:\/\/medicinasinc.com\/sk\/wp-content\/uploads\/sites\/10\/2022\/02\/3fpm.jpg","datePublished":"2022-02-21T21:52:02+00:00","dateModified":"2022-03-22T01:00:52+00:00","description":"K\u00daPI\u0164 3-FPM3-FPM na predaj (tie\u017e zn\u00e1my ako 3-flu\u00f3rfenmetraz\u00edn, 3F-fenmetraz\u00edn a PAL-593) je nov\u00e1 stimula\u010dn\u00e1 l\u00e1tka z triedy fenylmorfol\u00ednu.","breadcrumb":{"@id":"https:\/\/medicinasinc.com\/sk\/product\/kupit-3f-fenmetrazin\/#breadcrumb"},"inLanguage":"en-US","potentialAction":[{"@type":"ReadAction","target":["https:\/\/medicinasinc.com\/sk\/product\/kupit-3f-fenmetrazin\/"]}]},{"@type":"ImageObject","inLanguage":"en-US","@id":"https:\/\/medicinasinc.com\/sk\/product\/kupit-3f-fenmetrazin\/#primaryimage","url":"https:\/\/medicinasinc.com\/sk\/wp-content\/uploads\/sites\/10\/2022\/02\/3fpm.jpg","contentUrl":"https:\/\/medicinasinc.com\/sk\/wp-content\/uploads\/sites\/10\/2022\/02\/3fpm.jpg","width":600,"height":600},{"@type":"BreadcrumbList","@id":"https:\/\/medicinasinc.com\/sk\/product\/kupit-3f-fenmetrazin\/#breadcrumb","itemListElement":[{"@type":"ListItem","position":1,"name":"Obchod","item":"https:\/\/medicinasinc.com\/sk\/obchod\/"},{"@type":"ListItem","position":2,"name":"K\u00fapte si 3F-fenmetraz\u00edn"}]},{"@type":"WebSite","@id":"https:\/\/medicinasinc.com\/sk\/#website","url":"https:\/\/medicinasinc.com\/sk\/","name":"Medicinas Inc","description":"Health Medical Clinic","potentialAction":[{"@type":"SearchAction","target":{"@type":"EntryPoint","urlTemplate":"https:\/\/medicinasinc.com\/sk\/?s={search_term_string}"},"query-input":{"@type":"PropertyValueSpecification","valueRequired":true,"valueName":"search_term_string"}}],"inLanguage":"en-US"}]}},"_links":{"self":[{"href":"https:\/\/medicinasinc.com\/sk\/wp-json\/wp\/v2\/product\/5366","targetHints":{"allow":["GET"]}}],"collection":[{"href":"https:\/\/medicinasinc.com\/sk\/wp-json\/wp\/v2\/product"}],"about":[{"href":"https:\/\/medicinasinc.com\/sk\/wp-json\/wp\/v2\/types\/product"}],"replies":[{"embeddable":true,"href":"https:\/\/medicinasinc.com\/sk\/wp-json\/wp\/v2\/comments?post=5366"}],"wp:featuredmedia":[{"embeddable":true,"href":"https:\/\/medicinasinc.com\/sk\/wp-json\/wp\/v2\/media\/5376"}],"wp:attachment":[{"href":"https:\/\/medicinasinc.com\/sk\/wp-json\/wp\/v2\/media?parent=5366"}],"wp:term":[{"taxonomy":"product_brand","embeddable":true,"href":"https:\/\/medicinasinc.com\/sk\/wp-json\/wp\/v2\/product_brand?post=5366"},{"taxonomy":"product_cat","embeddable":true,"href":"https:\/\/medicinasinc.com\/sk\/wp-json\/wp\/v2\/product_cat?post=5366"},{"taxonomy":"product_tag","embeddable":true,"href":"https:\/\/medicinasinc.com\/sk\/wp-json\/wp\/v2\/product_tag?post=5366"}],"curies":[{"name":"wp","href":"https:\/\/api.w.org\/{rel}","templated":true}]}}