{"id":5342,"date":"2022-02-21T21:20:00","date_gmt":"2022-02-21T21:20:00","guid":{"rendered":"https:\/\/medicinasinc.com\/sk\/?post_type=product&#038;p=5342"},"modified":"2022-03-22T01:01:12","modified_gmt":"2022-03-22T01:01:12","slug":"kupit-3-fmc-3-fluormethkatinon","status":"publish","type":"product","link":"https:\/\/medicinasinc.com\/sk\/product\/kupit-3-fmc-3-fluormethkatinon\/","title":{"rendered":"K\u00fapte si 3-FMC 3-Fluorometcathinon"},"content":{"rendered":"<p><strong>K\u00fapte si 3-FMC pr\u00e1\u0161ok na v\u00fdskumn\u00e9 \u00fa\u010dely<\/strong><\/p>\n<p>POZRITE SI 3-FMC POWDER CHEMICAL<\/p>\n<p>K\u00fapte 3-FMC pr\u00e1\u0161kov\u00fa chemik\u00e1liu vo ve\u013ekom.<\/p>\n<p>Zadajte svoju objedn\u00e1vku online e\u0161te dnes.<\/p>\n<p>Zaru\u010den\u00e1 n\u00edzka hromadn\u00e1 cena.<\/p>\n<p>Pr\u00e1\u0161ok 3-FMC je stimulant klasifikovan\u00fd chemicky ako fenetylam\u00edn, amfetam\u00edn a katin\u00f3n. Je to \u0161trukt\u00farny izom\u00e9r 4-FMC (Flephedrone) (RS)<\/p>\n<p>-1-(3-Flu\u00f3rfenyl)<\/p>\n<p>-2-metylaminoprop\u00e1n-1-\u00f3n<\/p>\n<p>Iba pou\u017eitie \u010dinidla<\/p>\n<p>https:\/\/www.bestglobalmeds.com\/product\/research-chemicals\/3-fmc\/<\/p>\n<div class=\"product-next-previous\">\n<div class=\"product-prev\"><\/div><\/div>\n","protected":false},"excerpt":{"rendered":"<p>K\u00fapi\u0165 3-FMC Powder Research Chemical na predaj v Eur\u00f3pe. Nak\u00fapte 3-Fluorometcathinon Powder Chemical ve\u013ekoobchodne vo ve\u013ekom. Objednajte si online e\u0161te dnes. Zaru\u010den\u00e1 lacn\u00e1 hromadn\u00e1 cena.<\/p>\n<p><em>K\u00fapte si 3<\/em>&#8211;<em>FMC<\/em>\u00a0Powder UK, Europe. <em>3<\/em>&#8211;<em>FMC<\/em>\u00a0Pr\u00e1\u0161ok na predaj, dostupn\u00fd pod zna\u010dkou flephedrone je dizajnov\u00e1 droga so stimula\u010dn\u00fdmi vlastnos\u0165ami.<\/p>\n","protected":false},"featured_media":5354,"comment_status":"open","ping_status":"closed","template":"","meta":[],"product_brand":[],"product_cat":[2014],"product_tag":[2097,2100,2098,2099],"class_list":{"0":"post-5342","1":"product","2":"type-product","3":"status-publish","4":"has-post-thumbnail","6":"product_cat-k-c3-bapi-c5-a5-v-c3-bdskumn-c3-a9-chemik-c3-a1lie","7":"product_tag-3-fmc-na-predaj","8":"product_tag-kde-mem-kpi-3-fmc","9":"product_tag-buy-3-fmc","10":"product_tag-k-c3-bapi-c5-a5-v-c3-bdskumn-c3-a9-chemik-c3-a1lie","12":"first","13":"instock","14":"shipping-taxable","15":"purchasable","16":"product-type-variable","17":"has-default-attributes"},"yoast_head":"<!-- This site is optimized with the Yoast SEO plugin v27.3 - https:\/\/yoast.com\/product\/yoast-seo-wordpress\/ -->\n<title>K\u00fapte si 3-FMC 3-Fluoromethcathinon \u2013 najlep\u0161ie najlep\u0161ie glob\u00e1lne lieky<\/title>\n<meta name=\"description\" content=\"K\u00fapi\u0165 3-FMC Powder Research Chemical na predaj v Eur\u00f3pe. Nak\u00fapte 3-Fluorometcathinon Powder Chemical ve\u013ekoobchodne vo ve\u013ekom. Objednajte si online e\u0161te dnes. Zaru\u010den\u00e1 lacn\u00e1 hromadn\u00e1 cena.\" \/>\n<meta name=\"robots\" content=\"index, follow, max-snippet:-1, max-image-preview:large, max-video-preview:-1\" \/>\n<link rel=\"canonical\" href=\"https:\/\/medicinasinc.com\/sk\/product\/kupit-3-fmc-3-fluormethkatinon\/\" \/>\n<meta property=\"og:locale\" content=\"en_US\" \/>\n<meta property=\"og:type\" content=\"article\" \/>\n<meta property=\"og:title\" content=\"K\u00fapte si 3-FMC 3-Fluoromethcathinon \u2013 najlep\u0161ie najlep\u0161ie glob\u00e1lne lieky\" \/>\n<meta property=\"og:description\" content=\"K\u00fapi\u0165 3-FMC Powder Research Chemical na predaj v Eur\u00f3pe. Nak\u00fapte 3-Fluorometcathinon Powder Chemical ve\u013ekoobchodne vo ve\u013ekom. Objednajte si online e\u0161te dnes. Zaru\u010den\u00e1 lacn\u00e1 hromadn\u00e1 cena.\" \/>\n<meta property=\"og:url\" content=\"https:\/\/medicinasinc.com\/sk\/product\/kupit-3-fmc-3-fluormethkatinon\/\" \/>\n<meta property=\"og:site_name\" content=\"Medicinas Inc\" \/>\n<meta property=\"article:modified_time\" content=\"2022-03-22T01:01:12+00:00\" \/>\n<meta property=\"og:image\" content=\"https:\/\/medicinasinc.com\/sk\/wp-content\/uploads\/sites\/10\/2022\/02\/buy-3-FMC.jpg\" \/>\n\t<meta property=\"og:image:width\" content=\"500\" \/>\n\t<meta property=\"og:image:height\" content=\"375\" \/>\n\t<meta property=\"og:image:type\" content=\"image\/jpeg\" \/>\n<meta name=\"twitter:card\" content=\"summary_large_image\" \/>\n<meta name=\"twitter:label1\" content=\"Est. reading time\" \/>\n\t<meta name=\"twitter:data1\" content=\"1 minute\" \/>\n<script type=\"application\/ld+json\" class=\"yoast-schema-graph\">{\"@context\":\"https:\\\/\\\/schema.org\",\"@graph\":[{\"@type\":\"WebPage\",\"@id\":\"https:\\\/\\\/medicinasinc.com\\\/sk\\\/product\\\/kupit-3-fmc-3-fluormethkatinon\\\/\",\"url\":\"https:\\\/\\\/medicinasinc.com\\\/sk\\\/product\\\/kupit-3-fmc-3-fluormethkatinon\\\/\",\"name\":\"K\u00fapte si 3-FMC 3-Fluoromethcathinon \u2013 najlep\u0161ie najlep\u0161ie glob\u00e1lne lieky\",\"isPartOf\":{\"@id\":\"https:\\\/\\\/medicinasinc.com\\\/sk\\\/#website\"},\"primaryImageOfPage\":{\"@id\":\"https:\\\/\\\/medicinasinc.com\\\/sk\\\/product\\\/kupit-3-fmc-3-fluormethkatinon\\\/#primaryimage\"},\"image\":{\"@id\":\"https:\\\/\\\/medicinasinc.com\\\/sk\\\/product\\\/kupit-3-fmc-3-fluormethkatinon\\\/#primaryimage\"},\"thumbnailUrl\":\"https:\\\/\\\/medicinasinc.com\\\/sk\\\/wp-content\\\/uploads\\\/sites\\\/10\\\/2022\\\/02\\\/buy-3-FMC.jpg\",\"datePublished\":\"2022-02-21T21:20:00+00:00\",\"dateModified\":\"2022-03-22T01:01:12+00:00\",\"description\":\"K\u00fapi\u0165 3-FMC Powder Research Chemical na predaj v Eur\u00f3pe. Nak\u00fapte 3-Fluorometcathinon Powder Chemical ve\u013ekoobchodne vo ve\u013ekom. Objednajte si online e\u0161te dnes. Zaru\u010den\u00e1 lacn\u00e1 hromadn\u00e1 cena.\",\"breadcrumb\":{\"@id\":\"https:\\\/\\\/medicinasinc.com\\\/sk\\\/product\\\/kupit-3-fmc-3-fluormethkatinon\\\/#breadcrumb\"},\"inLanguage\":\"en-US\",\"potentialAction\":[{\"@type\":\"ReadAction\",\"target\":[\"https:\\\/\\\/medicinasinc.com\\\/sk\\\/product\\\/kupit-3-fmc-3-fluormethkatinon\\\/\"]}]},{\"@type\":\"ImageObject\",\"inLanguage\":\"en-US\",\"@id\":\"https:\\\/\\\/medicinasinc.com\\\/sk\\\/product\\\/kupit-3-fmc-3-fluormethkatinon\\\/#primaryimage\",\"url\":\"https:\\\/\\\/medicinasinc.com\\\/sk\\\/wp-content\\\/uploads\\\/sites\\\/10\\\/2022\\\/02\\\/buy-3-FMC.jpg\",\"contentUrl\":\"https:\\\/\\\/medicinasinc.com\\\/sk\\\/wp-content\\\/uploads\\\/sites\\\/10\\\/2022\\\/02\\\/buy-3-FMC.jpg\",\"width\":500,\"height\":375},{\"@type\":\"BreadcrumbList\",\"@id\":\"https:\\\/\\\/medicinasinc.com\\\/sk\\\/product\\\/kupit-3-fmc-3-fluormethkatinon\\\/#breadcrumb\",\"itemListElement\":[{\"@type\":\"ListItem\",\"position\":1,\"name\":\"Obchod\",\"item\":\"https:\\\/\\\/medicinasinc.com\\\/sk\\\/obchod\\\/\"},{\"@type\":\"ListItem\",\"position\":2,\"name\":\"K\u00fapte si 3-FMC 3-Fluorometcathinon\"}]},{\"@type\":\"WebSite\",\"@id\":\"https:\\\/\\\/medicinasinc.com\\\/sk\\\/#website\",\"url\":\"https:\\\/\\\/medicinasinc.com\\\/sk\\\/\",\"name\":\"Medicinas Inc\",\"description\":\"Health Medical Clinic\",\"potentialAction\":[{\"@type\":\"SearchAction\",\"target\":{\"@type\":\"EntryPoint\",\"urlTemplate\":\"https:\\\/\\\/medicinasinc.com\\\/sk\\\/?s={search_term_string}\"},\"query-input\":{\"@type\":\"PropertyValueSpecification\",\"valueRequired\":true,\"valueName\":\"search_term_string\"}}],\"inLanguage\":\"en-US\"}]}<\/script>\n<!-- \/ Yoast SEO plugin. -->","yoast_head_json":{"title":"K\u00fapte si 3-FMC 3-Fluoromethcathinon \u2013 najlep\u0161ie najlep\u0161ie glob\u00e1lne lieky","description":"K\u00fapi\u0165 3-FMC Powder Research Chemical na predaj v Eur\u00f3pe. Nak\u00fapte 3-Fluorometcathinon Powder Chemical ve\u013ekoobchodne vo ve\u013ekom. Objednajte si online e\u0161te dnes. Zaru\u010den\u00e1 lacn\u00e1 hromadn\u00e1 cena.","robots":{"index":"index","follow":"follow","max-snippet":"max-snippet:-1","max-image-preview":"max-image-preview:large","max-video-preview":"max-video-preview:-1"},"canonical":"https:\/\/medicinasinc.com\/sk\/product\/kupit-3-fmc-3-fluormethkatinon\/","og_locale":"en_US","og_type":"article","og_title":"K\u00fapte si 3-FMC 3-Fluoromethcathinon \u2013 najlep\u0161ie najlep\u0161ie glob\u00e1lne lieky","og_description":"K\u00fapi\u0165 3-FMC Powder Research Chemical na predaj v Eur\u00f3pe. Nak\u00fapte 3-Fluorometcathinon Powder Chemical ve\u013ekoobchodne vo ve\u013ekom. Objednajte si online e\u0161te dnes. Zaru\u010den\u00e1 lacn\u00e1 hromadn\u00e1 cena.","og_url":"https:\/\/medicinasinc.com\/sk\/product\/kupit-3-fmc-3-fluormethkatinon\/","og_site_name":"Medicinas Inc","article_modified_time":"2022-03-22T01:01:12+00:00","og_image":[{"width":500,"height":375,"url":"https:\/\/medicinasinc.com\/sk\/wp-content\/uploads\/sites\/10\/2022\/02\/buy-3-FMC.jpg","type":"image\/jpeg"}],"twitter_card":"summary_large_image","twitter_misc":{"Est. reading time":"1 minute"},"schema":{"@context":"https:\/\/schema.org","@graph":[{"@type":"WebPage","@id":"https:\/\/medicinasinc.com\/sk\/product\/kupit-3-fmc-3-fluormethkatinon\/","url":"https:\/\/medicinasinc.com\/sk\/product\/kupit-3-fmc-3-fluormethkatinon\/","name":"K\u00fapte si 3-FMC 3-Fluoromethcathinon \u2013 najlep\u0161ie najlep\u0161ie glob\u00e1lne lieky","isPartOf":{"@id":"https:\/\/medicinasinc.com\/sk\/#website"},"primaryImageOfPage":{"@id":"https:\/\/medicinasinc.com\/sk\/product\/kupit-3-fmc-3-fluormethkatinon\/#primaryimage"},"image":{"@id":"https:\/\/medicinasinc.com\/sk\/product\/kupit-3-fmc-3-fluormethkatinon\/#primaryimage"},"thumbnailUrl":"https:\/\/medicinasinc.com\/sk\/wp-content\/uploads\/sites\/10\/2022\/02\/buy-3-FMC.jpg","datePublished":"2022-02-21T21:20:00+00:00","dateModified":"2022-03-22T01:01:12+00:00","description":"K\u00fapi\u0165 3-FMC Powder Research Chemical na predaj v Eur\u00f3pe. Nak\u00fapte 3-Fluorometcathinon Powder Chemical ve\u013ekoobchodne vo ve\u013ekom. Objednajte si online e\u0161te dnes. Zaru\u010den\u00e1 lacn\u00e1 hromadn\u00e1 cena.","breadcrumb":{"@id":"https:\/\/medicinasinc.com\/sk\/product\/kupit-3-fmc-3-fluormethkatinon\/#breadcrumb"},"inLanguage":"en-US","potentialAction":[{"@type":"ReadAction","target":["https:\/\/medicinasinc.com\/sk\/product\/kupit-3-fmc-3-fluormethkatinon\/"]}]},{"@type":"ImageObject","inLanguage":"en-US","@id":"https:\/\/medicinasinc.com\/sk\/product\/kupit-3-fmc-3-fluormethkatinon\/#primaryimage","url":"https:\/\/medicinasinc.com\/sk\/wp-content\/uploads\/sites\/10\/2022\/02\/buy-3-FMC.jpg","contentUrl":"https:\/\/medicinasinc.com\/sk\/wp-content\/uploads\/sites\/10\/2022\/02\/buy-3-FMC.jpg","width":500,"height":375},{"@type":"BreadcrumbList","@id":"https:\/\/medicinasinc.com\/sk\/product\/kupit-3-fmc-3-fluormethkatinon\/#breadcrumb","itemListElement":[{"@type":"ListItem","position":1,"name":"Obchod","item":"https:\/\/medicinasinc.com\/sk\/obchod\/"},{"@type":"ListItem","position":2,"name":"K\u00fapte si 3-FMC 3-Fluorometcathinon"}]},{"@type":"WebSite","@id":"https:\/\/medicinasinc.com\/sk\/#website","url":"https:\/\/medicinasinc.com\/sk\/","name":"Medicinas Inc","description":"Health Medical Clinic","potentialAction":[{"@type":"SearchAction","target":{"@type":"EntryPoint","urlTemplate":"https:\/\/medicinasinc.com\/sk\/?s={search_term_string}"},"query-input":{"@type":"PropertyValueSpecification","valueRequired":true,"valueName":"search_term_string"}}],"inLanguage":"en-US"}]}},"_links":{"self":[{"href":"https:\/\/medicinasinc.com\/sk\/wp-json\/wp\/v2\/product\/5342","targetHints":{"allow":["GET"]}}],"collection":[{"href":"https:\/\/medicinasinc.com\/sk\/wp-json\/wp\/v2\/product"}],"about":[{"href":"https:\/\/medicinasinc.com\/sk\/wp-json\/wp\/v2\/types\/product"}],"replies":[{"embeddable":true,"href":"https:\/\/medicinasinc.com\/sk\/wp-json\/wp\/v2\/comments?post=5342"}],"wp:featuredmedia":[{"embeddable":true,"href":"https:\/\/medicinasinc.com\/sk\/wp-json\/wp\/v2\/media\/5354"}],"wp:attachment":[{"href":"https:\/\/medicinasinc.com\/sk\/wp-json\/wp\/v2\/media?parent=5342"}],"wp:term":[{"taxonomy":"product_brand","embeddable":true,"href":"https:\/\/medicinasinc.com\/sk\/wp-json\/wp\/v2\/product_brand?post=5342"},{"taxonomy":"product_cat","embeddable":true,"href":"https:\/\/medicinasinc.com\/sk\/wp-json\/wp\/v2\/product_cat?post=5342"},{"taxonomy":"product_tag","embeddable":true,"href":"https:\/\/medicinasinc.com\/sk\/wp-json\/wp\/v2\/product_tag?post=5342"}],"curies":[{"name":"wp","href":"https:\/\/api.w.org\/{rel}","templated":true}]}}