{"id":5341,"date":"2022-02-21T21:16:40","date_gmt":"2022-02-21T21:16:40","guid":{"rendered":"https:\/\/medicinasinc.com\/sk\/?post_type=product&#038;p=5341"},"modified":"2022-03-22T01:01:20","modified_gmt":"2022-03-22T01:01:20","slug":"buy-2c-e-research-chemical","status":"publish","type":"product","link":"https:\/\/medicinasinc.com\/sk\/product\/buy-2c-e-research-chemical\/","title":{"rendered":"K\u00fapte si 2C-E Research Chemical"},"content":{"rendered":"<p>V\u00fdskumn\u00fa chemik\u00e1liu 2C-E je mo\u017en\u00e9 zak\u00fapi\u0165 online.<\/p>\n<p>V\u00fdskumn\u00fa chemik\u00e1liu 2C-E je mo\u017en\u00e9 zak\u00fapi\u0165 online.<\/p>\n<p>Predajca 2c e, 2c e research chemical, 2c e kupuj\u00faci, 2c e na predaj<\/p>\n<p>Online n\u00e1kup v\u00fdskumn\u00fdch chemik\u00e1li\u00ed 2C-E<\/p>\n<p>Alexander Shulgin objavil liek 2C-E a z\u00edskal si ve\u013ek\u00e9 mno\u017estvo fan\u00fa\u0161ikov.<\/p>\n<p>Online n\u00e1kup V\u00fdskumn\u00e9 chemik\u00e1lie 2C-E<\/p>\n<p>Chemick\u00e9 \u010dinidlo 2C-E (trip) je \u010dlenom rodiny 2C, ktor\u00e1 zah\u0155\u0148a aj 2C-I a 2C-H. 2C-E je halucinog\u00e9nna zl\u00fa\u010denina odvoden\u00e1 od fenyletylam\u00ednu. Po s\u00e9rii v\u00fdskumn\u00fdch testov teraz vieme, \u017ee typick\u00e1 d\u00e1vka pr\u00e1\u0161ku 2C-E na intranaz\u00e1lne podanie by nemala presiahnu\u0165 5 miligramov. Napriek tomu by d\u00e1vka nemala presiahnu\u0165 zhruba 10-20 miligramov pri peror\u00e1lnom podan\u00ed. Uv\u00e1dza sa, \u017ee pribli\u017ene po 10 min\u00fatach vdychovania nosom doch\u00e1dza k v\u00fdrazn\u00e9mu p\u00e1leniu. Shulgin vo svojej knihe PiHKAL ozna\u010duje 2C-E spolu s meskal\u00ednom, 2C-T-2, 2C-B a 2C-T-7 ako \u201emagick\u00fd poltucet\u201c. Online n\u00e1kup v\u00fdskumn\u00fdch chemik\u00e1li\u00ed 2C-E<\/p>\n<p>2C-E m\u00e1 nasleduj\u00face \u00fa\u010dinky: n\u00e1val energie, zv\u00fd\u0161enie vynaliezavosti, vizu\u00e1lne efekty a zv\u00fd\u0161enie taktiky. Okrem toho doch\u00e1dza k zmen\u00e1m vedomia, \u0165a\u017ekostiam so s\u00fastreden\u00edm, zr\u00fdch\u013euje sa pulz a m\u00f4\u017ee sa mierne zv\u00fd\u0161i\u0165 telesn\u00e1 teplota. Okrem toho 2C-E sp\u00f4sobuje z\u00e1vraty, nevo\u013enos\u0165, precitlivenos\u0165 na hluk a paniku. 2C-E na predaj na internete<\/p>\n<p>Trvanie \u00fa\u010dinku 2C-E je zvy\u010dajne 4 a\u017e 9 hod\u00edn. Ke\u010f po\u010das testovania porovn\u00e1me 2C-E s 2C-I, zist\u00edme, \u017ee 2C-E vytv\u00e1ra v\u00fdraznej\u0161ie vizu\u00e1lne a sluchov\u00e9 \u00fa\u010dinky.<\/p>\n<p>Na na\u0161ej webovej str\u00e1nke si m\u00f4\u017eete zak\u00fapi\u0165 2C-E (v\u00fdlet) len kv\u00f4li chemick\u00fdm v\u00fdskumom a laborat\u00f3rne testy; najprv by ste v\u0161ak mali zisti\u0165, \u010di je tento pr\u00edpravok vo va\u0161ej lokalite leg\u00e1lny. Pon\u00fakame vysokokvalitn\u00e9 materi\u00e1ly.<\/p>\n","protected":false},"excerpt":{"rendered":"<p>&nbsp;<\/p>\n<p>K\u00fapi\u0165 chemick\u00fa l\u00e1tku 2C-E Research na predaj online v Eur\u00f3pe, Spojenom kr\u00e1\u013eovstve, E\u00da. K\u00fapte si chemik\u00e1liu 2C-E Research. 2C-E (4-etyl-2,5-dimetoxy) so\u013e\/pr\u00e1\u0161ok: psychedelick\u00fd amfetam\u00edn.<\/p>\n<p><em>K\u00fapi\u0165 2C<\/em>&#8211;<em>E<\/em> Schv\u00e1len\u00fd dod\u00e1vate\u013e Research Chemical. \u010cistota najvy\u0161\u0161ej kvality, spravodliv\u00e9 ceny, r\u00fdchle zaru\u010den\u00e9 doru\u010denie, politika vr\u00e1tenia\/vr\u00e1tenia tovaru, skvel\u00e9 slu\u017eby z\u00e1kazn\u00edkom.<\/p>\n","protected":false},"featured_media":5352,"comment_status":"open","ping_status":"closed","template":"","meta":[],"product_brand":[],"product_cat":[2014],"product_tag":[2027,2028,2032,2033,2034,2035,2036,2039,2040,2041,2042,2043,2044,2029,2030,2031,2046,2049,2047,2048,2037,2050,2051,2052,2053,2054,2055,2057,2058,2059,2094,2092,2080,2081,2082,2084,2083,2093,2060,2061,2062,2063,2068,2069,2070,2071,2074,2075,2089,2076,2077,2096,2095,2072,2045,2064,2067,2056,2073,2065,2066,2090,2085,2086,2091,2087,2088,2038,2078,2079],"class_list":{"0":"post-5341","1":"product","2":"type-product","3":"status-publish","4":"has-post-thumbnail","6":"product_cat-k-c3-bapi-c5-a5-v-c3-bdskumn-c3-a9-chemik-c3-a1lie","7":"product_tag-2c-e-buy-online","8":"product_tag-2c-e","9":"product_tag-2c-e-drug-test","10":"product_tag-2c-e-effects","11":"product_tag-2c-e-erfahrung","12":"product_tag-2c-e-erowid","13":"product_tag-2c-e-europe","14":"product_tag-2c-e-for-sale-chemical-element","15":"product_tag-2c-e-for-sale-online","16":"product_tag-2c-e-heroic-dose","17":"product_tag-2c-e-je-psychedelick-fenetylamn-z-rodiny-2c-bol-prv-syntetizovan-alexandrom-shulginom","18":"product_tag-2c-e-kaufen","19":"product_tag-2c-e-kopen","20":"product_tag-2c-e-buy","21":"product_tag-2c-e-way","22":"product_tag-2c-a-drogy-na-predaj","23":"product_tag-2c-e-online","24":"product_tag-2c-e-predaj","25":"product_tag-2c-e-psychonaut","26":"product_tag-2c-e-reddit","27":"product_tag-2c-e-sk-c3-zkladnosti","28":"product_tag-2c-e-syntza","29":"product_tag-2c-e-wiki","30":"product_tag-2c-a-wikipedia","31":"product_tag-2c-e-nbome","32":"product_tag-2c-ef-vendor","33":"product_tag-2c-i","34":"product_tag-4-etyl-2","35":"product_tag-4-metyl-2-5-dimetoxyamfetamn","36":"product_tag-5-dimetoxy","37":"product_tag-ak-je-poulin-hodnota-lieky-2c-e","38":"product_tag-ak-presne-s-2c-es-inky-a-preo-je-to-populrne-medzi-ud-uvajci-drogy","39":"product_tag-ako-na-kpi-2c-e-online","40":"product_tag-ako-kpi-2c-i","41":"product_tag-ako-nakupovat-chemicke-vyskumy-online","42":"product_tag-how-to-take-2c-e-research-chemicals","43":"product_tag-ako-zska-vskumn-chemiklie","44":"product_tag-ak-je-rozdiel-medzi-2c-i-a-2c-e","45":"product_tag-and-other-psychedelics","46":"product_tag-buy-2c-e","47":"product_tag-buy-2c-e-4-ethyl-2","48":"product_tag-buy-2c-e-dosage-online","49":"product_tag-buy-2c-e-research-chemical","50":"product_tag-buy-2c-e-research-chemicals-online","51":"product_tag-buy-2c-e-with-next-day-eu-delivery","52":"product_tag-buy-2c-e2c-online-usa","53":"product_tag-buy-online-2c-e-research-chemicals","54":"product_tag-buy-research-chemicals-nederland-doc-2c-e-online","55":"product_tag-cena-za-gram-2c-e","56":"product_tag-dmt","57":"product_tag-dmt-nexus-2c-e","58":"product_tag-kde-kpi-2c-i","59":"product_tag-kde-mem-kpi-2c-e-online","60":"product_tag-kpi-2c-i","61":"product_tag-2c-e-netherlands-buy-rc","62":"product_tag-buy-2c-e-drog","63":"product_tag-buy-2c-e-online-usa","64":"product_tag-2ce-kpi","65":"product_tag-k-c3-bapi-c5-a5-halucinog-c3-a9nnu-droga-2c-e-online","66":"product_tag-buy-2c-e-muscle-tension-online","67":"product_tag-buy-2c-e-online","68":"product_tag-nkup-2c-i","69":"product_tag-life-boostr-2c-e-rc-vendor","70":"product_tag-mescaline","71":"product_tag-najlepie-miesto-na-nkup-2c-i","72":"product_tag-order-2c-e-online","73":"product_tag-order-2c-i","74":"product_tag-2c-e-na-predaj","75":"product_tag-do-ssris-zasahova-s-shrooms","76":"product_tag-get-2c-e-research-chemical-online","78":"first","79":"instock","80":"shipping-taxable","81":"purchasable","82":"product-type-variable","83":"has-default-attributes"},"yoast_head":"<!-- This site is optimized with the Yoast SEO plugin v27.3 - https:\/\/yoast.com\/product\/yoast-seo-wordpress\/ -->\n<title>K\u00fapte si 2C-E Research Chemical \u2013 najlep\u0161ie najlep\u0161ie glob\u00e1lne lieky<\/title>\n<meta name=\"description\" content=\"K\u00fapte si chemik\u00e1liu 2C-E Research na predaj online v Eur\u00f3pe, Spojenom kr\u00e1\u013eovstve, E\u00da. K\u00fapte si chemik\u00e1liu 2C-E Research. 2C-E (4-etyl-2,5-dimetoxy) so\u013e\/pr\u00e1\u0161ok: psychedelick\u00fd amfetam\u00edn.\" \/>\n<meta name=\"robots\" content=\"index, follow, max-snippet:-1, max-image-preview:large, max-video-preview:-1\" \/>\n<link rel=\"canonical\" href=\"https:\/\/medicinasinc.com\/sk\/product\/buy-2c-e-research-chemical\/\" \/>\n<meta property=\"og:locale\" content=\"en_US\" \/>\n<meta property=\"og:type\" content=\"article\" \/>\n<meta property=\"og:title\" content=\"K\u00fapte si 2C-E Research Chemical \u2013 najlep\u0161ie najlep\u0161ie glob\u00e1lne lieky\" \/>\n<meta property=\"og:description\" content=\"K\u00fapte si chemik\u00e1liu 2C-E Research na predaj online v Eur\u00f3pe, Spojenom kr\u00e1\u013eovstve, E\u00da. K\u00fapte si chemik\u00e1liu 2C-E Research. 2C-E (4-etyl-2,5-dimetoxy) so\u013e\/pr\u00e1\u0161ok: psychedelick\u00fd amfetam\u00edn.\" \/>\n<meta property=\"og:url\" content=\"https:\/\/medicinasinc.com\/sk\/product\/buy-2c-e-research-chemical\/\" \/>\n<meta property=\"og:site_name\" content=\"Medicinas Inc\" \/>\n<meta property=\"article:modified_time\" content=\"2022-03-22T01:01:20+00:00\" \/>\n<meta property=\"og:image\" content=\"https:\/\/medicinasinc.com\/sk\/wp-content\/uploads\/sites\/10\/2022\/02\/Buy-2C-E.jpg\" \/>\n\t<meta property=\"og:image:width\" content=\"234\" \/>\n\t<meta property=\"og:image:height\" content=\"215\" \/>\n\t<meta property=\"og:image:type\" content=\"image\/jpeg\" \/>\n<meta name=\"twitter:card\" content=\"summary_large_image\" \/>\n<meta name=\"twitter:label1\" content=\"Est. reading time\" \/>\n\t<meta name=\"twitter:data1\" content=\"2 minutes\" \/>\n<script type=\"application\/ld+json\" class=\"yoast-schema-graph\">{\"@context\":\"https:\\\/\\\/schema.org\",\"@graph\":[{\"@type\":\"WebPage\",\"@id\":\"https:\\\/\\\/medicinasinc.com\\\/sk\\\/product\\\/buy-2c-e-research-chemical\\\/\",\"url\":\"https:\\\/\\\/medicinasinc.com\\\/sk\\\/product\\\/buy-2c-e-research-chemical\\\/\",\"name\":\"K\u00fapte si 2C-E Research Chemical \u2013 najlep\u0161ie najlep\u0161ie glob\u00e1lne lieky\",\"isPartOf\":{\"@id\":\"https:\\\/\\\/medicinasinc.com\\\/sk\\\/#website\"},\"primaryImageOfPage\":{\"@id\":\"https:\\\/\\\/medicinasinc.com\\\/sk\\\/product\\\/buy-2c-e-research-chemical\\\/#primaryimage\"},\"image\":{\"@id\":\"https:\\\/\\\/medicinasinc.com\\\/sk\\\/product\\\/buy-2c-e-research-chemical\\\/#primaryimage\"},\"thumbnailUrl\":\"https:\\\/\\\/medicinasinc.com\\\/sk\\\/wp-content\\\/uploads\\\/sites\\\/10\\\/2022\\\/02\\\/Buy-2C-E.jpg\",\"datePublished\":\"2022-02-21T21:16:40+00:00\",\"dateModified\":\"2022-03-22T01:01:20+00:00\",\"description\":\"K\u00fapte si chemik\u00e1liu 2C-E Research na predaj online v Eur\u00f3pe, Spojenom kr\u00e1\u013eovstve, E\u00da. K\u00fapte si chemik\u00e1liu 2C-E Research. 2C-E (4-etyl-2,5-dimetoxy) so\u013e\\\/pr\u00e1\u0161ok: psychedelick\u00fd amfetam\u00edn.\",\"breadcrumb\":{\"@id\":\"https:\\\/\\\/medicinasinc.com\\\/sk\\\/product\\\/buy-2c-e-research-chemical\\\/#breadcrumb\"},\"inLanguage\":\"en-US\",\"potentialAction\":[{\"@type\":\"ReadAction\",\"target\":[\"https:\\\/\\\/medicinasinc.com\\\/sk\\\/product\\\/buy-2c-e-research-chemical\\\/\"]}]},{\"@type\":\"ImageObject\",\"inLanguage\":\"en-US\",\"@id\":\"https:\\\/\\\/medicinasinc.com\\\/sk\\\/product\\\/buy-2c-e-research-chemical\\\/#primaryimage\",\"url\":\"https:\\\/\\\/medicinasinc.com\\\/sk\\\/wp-content\\\/uploads\\\/sites\\\/10\\\/2022\\\/02\\\/Buy-2C-E.jpg\",\"contentUrl\":\"https:\\\/\\\/medicinasinc.com\\\/sk\\\/wp-content\\\/uploads\\\/sites\\\/10\\\/2022\\\/02\\\/Buy-2C-E.jpg\",\"width\":234,\"height\":215},{\"@type\":\"BreadcrumbList\",\"@id\":\"https:\\\/\\\/medicinasinc.com\\\/sk\\\/product\\\/buy-2c-e-research-chemical\\\/#breadcrumb\",\"itemListElement\":[{\"@type\":\"ListItem\",\"position\":1,\"name\":\"Obchod\",\"item\":\"https:\\\/\\\/medicinasinc.com\\\/sk\\\/obchod\\\/\"},{\"@type\":\"ListItem\",\"position\":2,\"name\":\"K\u00fapte si 2C-E Research Chemical\"}]},{\"@type\":\"WebSite\",\"@id\":\"https:\\\/\\\/medicinasinc.com\\\/sk\\\/#website\",\"url\":\"https:\\\/\\\/medicinasinc.com\\\/sk\\\/\",\"name\":\"Medicinas Inc\",\"description\":\"Health Medical Clinic\",\"potentialAction\":[{\"@type\":\"SearchAction\",\"target\":{\"@type\":\"EntryPoint\",\"urlTemplate\":\"https:\\\/\\\/medicinasinc.com\\\/sk\\\/?s={search_term_string}\"},\"query-input\":{\"@type\":\"PropertyValueSpecification\",\"valueRequired\":true,\"valueName\":\"search_term_string\"}}],\"inLanguage\":\"en-US\"}]}<\/script>\n<!-- \/ Yoast SEO plugin. -->","yoast_head_json":{"title":"K\u00fapte si 2C-E Research Chemical \u2013 najlep\u0161ie najlep\u0161ie glob\u00e1lne lieky","description":"K\u00fapte si chemik\u00e1liu 2C-E Research na predaj online v Eur\u00f3pe, Spojenom kr\u00e1\u013eovstve, E\u00da. K\u00fapte si chemik\u00e1liu 2C-E Research. 2C-E (4-etyl-2,5-dimetoxy) so\u013e\/pr\u00e1\u0161ok: psychedelick\u00fd amfetam\u00edn.","robots":{"index":"index","follow":"follow","max-snippet":"max-snippet:-1","max-image-preview":"max-image-preview:large","max-video-preview":"max-video-preview:-1"},"canonical":"https:\/\/medicinasinc.com\/sk\/product\/buy-2c-e-research-chemical\/","og_locale":"en_US","og_type":"article","og_title":"K\u00fapte si 2C-E Research Chemical \u2013 najlep\u0161ie najlep\u0161ie glob\u00e1lne lieky","og_description":"K\u00fapte si chemik\u00e1liu 2C-E Research na predaj online v Eur\u00f3pe, Spojenom kr\u00e1\u013eovstve, E\u00da. K\u00fapte si chemik\u00e1liu 2C-E Research. 2C-E (4-etyl-2,5-dimetoxy) so\u013e\/pr\u00e1\u0161ok: psychedelick\u00fd amfetam\u00edn.","og_url":"https:\/\/medicinasinc.com\/sk\/product\/buy-2c-e-research-chemical\/","og_site_name":"Medicinas Inc","article_modified_time":"2022-03-22T01:01:20+00:00","og_image":[{"width":234,"height":215,"url":"https:\/\/medicinasinc.com\/sk\/wp-content\/uploads\/sites\/10\/2022\/02\/Buy-2C-E.jpg","type":"image\/jpeg"}],"twitter_card":"summary_large_image","twitter_misc":{"Est. reading time":"2 minutes"},"schema":{"@context":"https:\/\/schema.org","@graph":[{"@type":"WebPage","@id":"https:\/\/medicinasinc.com\/sk\/product\/buy-2c-e-research-chemical\/","url":"https:\/\/medicinasinc.com\/sk\/product\/buy-2c-e-research-chemical\/","name":"K\u00fapte si 2C-E Research Chemical \u2013 najlep\u0161ie najlep\u0161ie glob\u00e1lne lieky","isPartOf":{"@id":"https:\/\/medicinasinc.com\/sk\/#website"},"primaryImageOfPage":{"@id":"https:\/\/medicinasinc.com\/sk\/product\/buy-2c-e-research-chemical\/#primaryimage"},"image":{"@id":"https:\/\/medicinasinc.com\/sk\/product\/buy-2c-e-research-chemical\/#primaryimage"},"thumbnailUrl":"https:\/\/medicinasinc.com\/sk\/wp-content\/uploads\/sites\/10\/2022\/02\/Buy-2C-E.jpg","datePublished":"2022-02-21T21:16:40+00:00","dateModified":"2022-03-22T01:01:20+00:00","description":"K\u00fapte si chemik\u00e1liu 2C-E Research na predaj online v Eur\u00f3pe, Spojenom kr\u00e1\u013eovstve, E\u00da. K\u00fapte si chemik\u00e1liu 2C-E Research. 2C-E (4-etyl-2,5-dimetoxy) so\u013e\/pr\u00e1\u0161ok: psychedelick\u00fd amfetam\u00edn.","breadcrumb":{"@id":"https:\/\/medicinasinc.com\/sk\/product\/buy-2c-e-research-chemical\/#breadcrumb"},"inLanguage":"en-US","potentialAction":[{"@type":"ReadAction","target":["https:\/\/medicinasinc.com\/sk\/product\/buy-2c-e-research-chemical\/"]}]},{"@type":"ImageObject","inLanguage":"en-US","@id":"https:\/\/medicinasinc.com\/sk\/product\/buy-2c-e-research-chemical\/#primaryimage","url":"https:\/\/medicinasinc.com\/sk\/wp-content\/uploads\/sites\/10\/2022\/02\/Buy-2C-E.jpg","contentUrl":"https:\/\/medicinasinc.com\/sk\/wp-content\/uploads\/sites\/10\/2022\/02\/Buy-2C-E.jpg","width":234,"height":215},{"@type":"BreadcrumbList","@id":"https:\/\/medicinasinc.com\/sk\/product\/buy-2c-e-research-chemical\/#breadcrumb","itemListElement":[{"@type":"ListItem","position":1,"name":"Obchod","item":"https:\/\/medicinasinc.com\/sk\/obchod\/"},{"@type":"ListItem","position":2,"name":"K\u00fapte si 2C-E Research Chemical"}]},{"@type":"WebSite","@id":"https:\/\/medicinasinc.com\/sk\/#website","url":"https:\/\/medicinasinc.com\/sk\/","name":"Medicinas Inc","description":"Health Medical Clinic","potentialAction":[{"@type":"SearchAction","target":{"@type":"EntryPoint","urlTemplate":"https:\/\/medicinasinc.com\/sk\/?s={search_term_string}"},"query-input":{"@type":"PropertyValueSpecification","valueRequired":true,"valueName":"search_term_string"}}],"inLanguage":"en-US"}]}},"_links":{"self":[{"href":"https:\/\/medicinasinc.com\/sk\/wp-json\/wp\/v2\/product\/5341","targetHints":{"allow":["GET"]}}],"collection":[{"href":"https:\/\/medicinasinc.com\/sk\/wp-json\/wp\/v2\/product"}],"about":[{"href":"https:\/\/medicinasinc.com\/sk\/wp-json\/wp\/v2\/types\/product"}],"replies":[{"embeddable":true,"href":"https:\/\/medicinasinc.com\/sk\/wp-json\/wp\/v2\/comments?post=5341"}],"wp:featuredmedia":[{"embeddable":true,"href":"https:\/\/medicinasinc.com\/sk\/wp-json\/wp\/v2\/media\/5352"}],"wp:attachment":[{"href":"https:\/\/medicinasinc.com\/sk\/wp-json\/wp\/v2\/media?parent=5341"}],"wp:term":[{"taxonomy":"product_brand","embeddable":true,"href":"https:\/\/medicinasinc.com\/sk\/wp-json\/wp\/v2\/product_brand?post=5341"},{"taxonomy":"product_cat","embeddable":true,"href":"https:\/\/medicinasinc.com\/sk\/wp-json\/wp\/v2\/product_cat?post=5341"},{"taxonomy":"product_tag","embeddable":true,"href":"https:\/\/medicinasinc.com\/sk\/wp-json\/wp\/v2\/product_tag?post=5341"}],"curies":[{"name":"wp","href":"https:\/\/api.w.org\/{rel}","templated":true}]}}