{"id":5340,"date":"2022-02-21T21:15:28","date_gmt":"2022-02-21T21:15:28","guid":{"rendered":"https:\/\/medicinasinc.com\/sk\/?post_type=product&#038;p=5340"},"modified":"2022-03-22T01:01:35","modified_gmt":"2022-03-22T01:01:35","slug":"kupit-2-mppp-online","status":"publish","type":"product","link":"https:\/\/medicinasinc.com\/sk\/product\/kupit-2-mppp-online\/","title":{"rendered":"K\u00fapte si 2-MPPP online"},"content":{"rendered":"<p>K\u00fapte 2-MPPP online<\/p>\n<p>K\u00fapte si 2-MPPP online<\/p>\n<p>2-metyl-1-fenyl-3-(piperid\u00edn-1-yl)<\/p>\n<p>Prop\u00e1n-1-\u00f3n je \u0161truktur\u00e1lne pr\u00edbuzn\u00e1 chemik\u00e1lii 2-aminoprop\u00e1n-1-\u00f3nu, okrem toho, \u017ee dus\u00edk je naviazan\u00fd na uhl\u00edk v tretej poz\u00edcii. Fyziologick\u00e9 a toxikologick\u00e9 \u00fa\u010dinky tejto zl\u00fa\u010deniny neboli sk\u00faman\u00e9.<\/p>\n<p>2-metyl-1-fenyl-3-(piperidin-1-yl)<\/p>\n<p>M\u00f4\u017ee sa pou\u017ei\u0165 prop\u00e1n-1-\u00f3n ako referen\u010dn\u00e1 vzorka pre v\u00fdskumn\u00edkov, ktor\u00ed vykon\u00e1vaj\u00fa plynov\u00fa chromatografiu\/hmotnostn\u00fa spektrometriu (GC\/MS), infra\u010derven\u00fa spektroskopiu s Fourierovou transform\u00e1ciou (FTIR) alebo anal\u00fdzy nukle\u00e1rnou magnetickou rezonanciou (NMR).<\/p>\n<p>Postupy v laborat\u00f3riu<\/p>\n<p>Na dlhodob\u00e9 skladovanie odpor\u00fa\u010dame 2-metyl-1-fenyl-3-(piperidin-1-yl)prop\u00e1n-1-\u00f3n skladova\u0165 pri teplote -20\u00b0C. Mal by zosta\u0165 stabiln\u00fd minim\u00e1lne dva roky.<\/p>\n<p>Dod\u00e1va sa biela kry\u0161talick\u00e1 l\u00e1tka 2-metyl-1-fenyl-3-(piperidin-1-yl)prop\u00e1n-1-\u00f3n. 2-metyl-1-fenyl-3-(piperidin-1-yl)prop\u00e1n-1-\u00f3n je rozpustn\u00fd v organick\u00fdch rozp\u00fa\u0161\u0165adl\u00e1ch, ako je metanol, dimetylsulfoxid (DMSO) a dichl\u00f3rmet\u00e1n (DCM), ktor\u00e9 by mali by\u0165 pre\u010disten\u00e9 inertn\u00fdm plynu pred pou\u017eit\u00edm. 2-metyl-1-fenyl-3-(piperidin-1-yl)prop\u00e1n-1-\u00f3n sa rozp\u00fa\u0161\u0165a pri pribli\u017ene 22 mg\/ml v etanole a DMF a pri pribli\u017ene 15 mg\/ml v DMSO.<\/p>\n<p> Pred vykonan\u00edm testov by sa mali pripravi\u0165 \u010fal\u0161ie riedenia z\u00e1sobn\u00e9ho roztoku do vodn\u00fdch pufrov alebo izotonick\u00e9ho fyziologick\u00e9ho roztoku. Uistite sa, \u017ee nezostali \u017eiadne zvy\u0161ky organick\u00e9ho rozp\u00fa\u0161\u0165adla, preto\u017ee organick\u00e9 rozp\u00fa\u0161\u0165adl\u00e1 m\u00f4\u017eu ma\u0165 pri n\u00edzkych koncentr\u00e1ci\u00e1ch fyziologick\u00e9 n\u00e1sledky. Vodn\u00e9 roztoky bez organick\u00e9ho rozp\u00fa\u0161\u0165adla Kry\u0161talick\u00fd pevn\u00fd 2-metyl-1-fenyl-3-(piperidin-1-yl)prop\u00e1n-1-\u00f3n je mo\u017en\u00e9 ihne\u010f vyrobi\u0165 vo vodn\u00fdch pufroch. 2-metyl-1-fenyl-3-(piperidin-1-yl)prop\u00e1n-1-\u00f3n sa rozp\u00fa\u0161\u0165a pri rozpustnosti pribli\u017ene 11 mg\/ml v PBS, pH 6,4. Neodpor\u00fa\u010dame uchov\u00e1va\u0165 vodn\u00fd roztok v chladni\u010dke dlh\u0161ie ako jeden de\u0148.<\/p>\n<div id=\"wb_Text13\"><strong>\u0160pecifik\u00e1cie<\/strong><\/div>\n<table id=\"Table1\" cellspacing=\"1\" cellpadding=\"0\">\n<tbody>\n<tr>\n<td class=\"cell0\">Synonym\u00e1<\/td>\n<td class=\"cell1\">2-MPPP<\/td>\n<\/tr>\n<tr>\n<td class=\"cell2\">IUPAC<\/td>\n<td class=\"cell3\">2-metyl-1-fenyl-3-(piperid\u00edn-1-yl)prop\u00e1n-1-\u00f3n<\/td>\n<\/tr>\n<tr>\n<td class=\"cell0\">PubChem<\/td>\n<td class=\"cell1\">N\/A<\/td>\n<\/tr>\n<tr>\n<td class=\"cell4\">Cas#<\/td>\n<td class=\"cell5\">N\/A<\/td>\n<\/tr>\n<tr>\n<td class=\"cell0\">Molekul\u00e1rny vzorec<\/td>\n<td class=\"cell1\">C15H21NO<\/td>\n<\/tr>\n<tr>\n<td class=\"cell0\">\u010cistota<\/td>\n<td class=\"cell1\">99 %<\/td>\n<\/tr>\n<tr>\n<td class=\"cell0\">Zlo\u017eenie \/ Vzh\u013ead<\/td>\n<td class=\"cell1\">Biely kry\u0161t\u00e1lov\u00fd pr\u00e1\u0161ok<\/td>\n<\/tr>\n<\/tbody>\n<\/table>\n<p><strong>Odkazy<\/strong><\/p>\n<p>Indick\u00fd \u010dasopis o ch\u00e9mii, 1981,\u00a0 zv. 20 B,\u00a0 # 4\u00a0 s. 303 \u2013 307<\/p>\n<p>Ruddy; Buckley<br \/> Journal of the American Chemical Society, 1950,\u00a0 zv. 72, s. 718 719<\/p>\n<p>Kjaer; Petersen<br \/> Acta Chemica Scandinavica (1947-1973), 1951,\u00a0 zv. 5, str. 1145,1148<\/p>\n<p>Nasarow; Tscherkasowa<br \/> Zhurnal Obshchei Khimii, 1958,\u00a0 zv. 28, str. 122,124, 125<\/p>\n<div class=\"product-next-previous\">\n<div class=\"product-prev\"><\/div><\/div>\n","protected":false},"excerpt":{"rendered":"<div class=\"woocommerce-product-details__short-description\">\n<p>K\u00fapte si 2-MPPP online. K\u00fapte si 2-MPPP online na bestglobalmeds.com \u2013 2-metyl-1-fenyl-3-(piperidin-1-yl)prop\u00e1n-1-\u00f3n, 2mpp biely kry\u0161t\u00e1lov\u00fd pr\u00e1\u0161ok na predaj. m\u00e1me najlep\u0161iu kvalitu a tie\u017e najlep\u0161ie ceny.<\/p>\n<p><em>K\u00fapte 2<\/em>&#8211;<em>MPPP online<\/em> v licencovanej drog\u00e9rii Best Global Meds. Pon\u00fakame na predaj \u0161irok\u00fd sortiment liekov. Celosvetov\u00e9 doru\u010denie!<\/p>\n<\/p><\/div>\n","protected":false},"featured_media":5350,"comment_status":"open","ping_status":"closed","template":"","meta":[],"product_brand":[],"product_cat":[2014],"product_tag":[],"class_list":{"0":"post-5340","1":"product","2":"type-product","3":"status-publish","4":"has-post-thumbnail","6":"product_cat-k-c3-bapi-c5-a5-v-c3-bdskumn-c3-a9-chemik-c3-a1lie","8":"first","9":"instock","10":"shipping-taxable","11":"purchasable","12":"product-type-variable"},"yoast_head":"<!-- This site is optimized with the Yoast SEO plugin v27.3 - https:\/\/yoast.com\/product\/yoast-seo-wordpress\/ -->\n<title>K\u00fapte si 2-MPPP online \u2013 najlep\u0161ie najlep\u0161ie glob\u00e1lne lieky<\/title>\n<meta name=\"description\" content=\"K\u00fapte si 2-MPPP online. K\u00fapte si 2-MPPP online na bestglobalmeds.com \u2013 2-metyl-1-fenyl-3-(piperidin-1-yl)prop\u00e1n-1-\u00f3n, 2mpp biely kry\u0161t\u00e1lov\u00fd pr\u00e1\u0161ok na predaj. m\u00e1me najlep\u0161iu kvalitu a najlep\u0161ie ceny\" \/>\n<meta name=\"robots\" content=\"index, follow, max-snippet:-1, max-image-preview:large, max-video-preview:-1\" \/>\n<link rel=\"canonical\" href=\"https:\/\/medicinasinc.com\/sk\/product\/kupit-2-mppp-online\/\" \/>\n<meta property=\"og:locale\" content=\"en_US\" \/>\n<meta property=\"og:type\" content=\"article\" \/>\n<meta property=\"og:title\" content=\"K\u00fapte si 2-MPPP online \u2013 najlep\u0161ie najlep\u0161ie glob\u00e1lne lieky\" \/>\n<meta property=\"og:description\" content=\"K\u00fapte si 2-MPPP online. K\u00fapte si 2-MPPP online na bestglobalmeds.com \u2013 2-metyl-1-fenyl-3-(piperidin-1-yl)prop\u00e1n-1-\u00f3n, 2mpp biely kry\u0161t\u00e1lov\u00fd pr\u00e1\u0161ok na predaj. m\u00e1me najlep\u0161iu kvalitu a najlep\u0161ie ceny\" \/>\n<meta property=\"og:url\" content=\"https:\/\/medicinasinc.com\/sk\/product\/kupit-2-mppp-online\/\" \/>\n<meta property=\"og:site_name\" content=\"Medicinas Inc\" \/>\n<meta property=\"article:modified_time\" content=\"2022-03-22T01:01:35+00:00\" \/>\n<meta property=\"og:image\" content=\"https:\/\/medicinasinc.com\/sk\/wp-content\/uploads\/sites\/10\/2022\/02\/2mppp.jpg\" \/>\n\t<meta property=\"og:image:width\" content=\"600\" \/>\n\t<meta property=\"og:image:height\" content=\"600\" \/>\n\t<meta property=\"og:image:type\" content=\"image\/jpeg\" \/>\n<meta name=\"twitter:card\" content=\"summary_large_image\" \/>\n<meta name=\"twitter:label1\" content=\"Est. reading time\" \/>\n\t<meta name=\"twitter:data1\" content=\"2 minutes\" \/>\n<script type=\"application\/ld+json\" class=\"yoast-schema-graph\">{\"@context\":\"https:\\\/\\\/schema.org\",\"@graph\":[{\"@type\":\"WebPage\",\"@id\":\"https:\\\/\\\/medicinasinc.com\\\/sk\\\/product\\\/kupit-2-mppp-online\\\/\",\"url\":\"https:\\\/\\\/medicinasinc.com\\\/sk\\\/product\\\/kupit-2-mppp-online\\\/\",\"name\":\"K\u00fapte si 2-MPPP online \u2013 najlep\u0161ie najlep\u0161ie glob\u00e1lne lieky\",\"isPartOf\":{\"@id\":\"https:\\\/\\\/medicinasinc.com\\\/sk\\\/#website\"},\"primaryImageOfPage\":{\"@id\":\"https:\\\/\\\/medicinasinc.com\\\/sk\\\/product\\\/kupit-2-mppp-online\\\/#primaryimage\"},\"image\":{\"@id\":\"https:\\\/\\\/medicinasinc.com\\\/sk\\\/product\\\/kupit-2-mppp-online\\\/#primaryimage\"},\"thumbnailUrl\":\"https:\\\/\\\/medicinasinc.com\\\/sk\\\/wp-content\\\/uploads\\\/sites\\\/10\\\/2022\\\/02\\\/2mppp.jpg\",\"datePublished\":\"2022-02-21T21:15:28+00:00\",\"dateModified\":\"2022-03-22T01:01:35+00:00\",\"description\":\"K\u00fapte si 2-MPPP online. K\u00fapte si 2-MPPP online na bestglobalmeds.com \u2013 2-metyl-1-fenyl-3-(piperidin-1-yl)prop\u00e1n-1-\u00f3n, 2mpp biely kry\u0161t\u00e1lov\u00fd pr\u00e1\u0161ok na predaj. m\u00e1me najlep\u0161iu kvalitu a najlep\u0161ie ceny\",\"breadcrumb\":{\"@id\":\"https:\\\/\\\/medicinasinc.com\\\/sk\\\/product\\\/kupit-2-mppp-online\\\/#breadcrumb\"},\"inLanguage\":\"en-US\",\"potentialAction\":[{\"@type\":\"ReadAction\",\"target\":[\"https:\\\/\\\/medicinasinc.com\\\/sk\\\/product\\\/kupit-2-mppp-online\\\/\"]}]},{\"@type\":\"ImageObject\",\"inLanguage\":\"en-US\",\"@id\":\"https:\\\/\\\/medicinasinc.com\\\/sk\\\/product\\\/kupit-2-mppp-online\\\/#primaryimage\",\"url\":\"https:\\\/\\\/medicinasinc.com\\\/sk\\\/wp-content\\\/uploads\\\/sites\\\/10\\\/2022\\\/02\\\/2mppp.jpg\",\"contentUrl\":\"https:\\\/\\\/medicinasinc.com\\\/sk\\\/wp-content\\\/uploads\\\/sites\\\/10\\\/2022\\\/02\\\/2mppp.jpg\",\"width\":600,\"height\":600},{\"@type\":\"BreadcrumbList\",\"@id\":\"https:\\\/\\\/medicinasinc.com\\\/sk\\\/product\\\/kupit-2-mppp-online\\\/#breadcrumb\",\"itemListElement\":[{\"@type\":\"ListItem\",\"position\":1,\"name\":\"Obchod\",\"item\":\"https:\\\/\\\/medicinasinc.com\\\/sk\\\/obchod\\\/\"},{\"@type\":\"ListItem\",\"position\":2,\"name\":\"K\u00fapte si 2-MPPP online\"}]},{\"@type\":\"WebSite\",\"@id\":\"https:\\\/\\\/medicinasinc.com\\\/sk\\\/#website\",\"url\":\"https:\\\/\\\/medicinasinc.com\\\/sk\\\/\",\"name\":\"Medicinas Inc\",\"description\":\"Health Medical Clinic\",\"potentialAction\":[{\"@type\":\"SearchAction\",\"target\":{\"@type\":\"EntryPoint\",\"urlTemplate\":\"https:\\\/\\\/medicinasinc.com\\\/sk\\\/?s={search_term_string}\"},\"query-input\":{\"@type\":\"PropertyValueSpecification\",\"valueRequired\":true,\"valueName\":\"search_term_string\"}}],\"inLanguage\":\"en-US\"}]}<\/script>\n<!-- \/ Yoast SEO plugin. -->","yoast_head_json":{"title":"K\u00fapte si 2-MPPP online \u2013 najlep\u0161ie najlep\u0161ie glob\u00e1lne lieky","description":"K\u00fapte si 2-MPPP online. K\u00fapte si 2-MPPP online na bestglobalmeds.com \u2013 2-metyl-1-fenyl-3-(piperidin-1-yl)prop\u00e1n-1-\u00f3n, 2mpp biely kry\u0161t\u00e1lov\u00fd pr\u00e1\u0161ok na predaj. m\u00e1me najlep\u0161iu kvalitu a najlep\u0161ie ceny","robots":{"index":"index","follow":"follow","max-snippet":"max-snippet:-1","max-image-preview":"max-image-preview:large","max-video-preview":"max-video-preview:-1"},"canonical":"https:\/\/medicinasinc.com\/sk\/product\/kupit-2-mppp-online\/","og_locale":"en_US","og_type":"article","og_title":"K\u00fapte si 2-MPPP online \u2013 najlep\u0161ie najlep\u0161ie glob\u00e1lne lieky","og_description":"K\u00fapte si 2-MPPP online. K\u00fapte si 2-MPPP online na bestglobalmeds.com \u2013 2-metyl-1-fenyl-3-(piperidin-1-yl)prop\u00e1n-1-\u00f3n, 2mpp biely kry\u0161t\u00e1lov\u00fd pr\u00e1\u0161ok na predaj. m\u00e1me najlep\u0161iu kvalitu a najlep\u0161ie ceny","og_url":"https:\/\/medicinasinc.com\/sk\/product\/kupit-2-mppp-online\/","og_site_name":"Medicinas Inc","article_modified_time":"2022-03-22T01:01:35+00:00","og_image":[{"width":600,"height":600,"url":"https:\/\/medicinasinc.com\/sk\/wp-content\/uploads\/sites\/10\/2022\/02\/2mppp.jpg","type":"image\/jpeg"}],"twitter_card":"summary_large_image","twitter_misc":{"Est. reading time":"2 minutes"},"schema":{"@context":"https:\/\/schema.org","@graph":[{"@type":"WebPage","@id":"https:\/\/medicinasinc.com\/sk\/product\/kupit-2-mppp-online\/","url":"https:\/\/medicinasinc.com\/sk\/product\/kupit-2-mppp-online\/","name":"K\u00fapte si 2-MPPP online \u2013 najlep\u0161ie najlep\u0161ie glob\u00e1lne lieky","isPartOf":{"@id":"https:\/\/medicinasinc.com\/sk\/#website"},"primaryImageOfPage":{"@id":"https:\/\/medicinasinc.com\/sk\/product\/kupit-2-mppp-online\/#primaryimage"},"image":{"@id":"https:\/\/medicinasinc.com\/sk\/product\/kupit-2-mppp-online\/#primaryimage"},"thumbnailUrl":"https:\/\/medicinasinc.com\/sk\/wp-content\/uploads\/sites\/10\/2022\/02\/2mppp.jpg","datePublished":"2022-02-21T21:15:28+00:00","dateModified":"2022-03-22T01:01:35+00:00","description":"K\u00fapte si 2-MPPP online. K\u00fapte si 2-MPPP online na bestglobalmeds.com \u2013 2-metyl-1-fenyl-3-(piperidin-1-yl)prop\u00e1n-1-\u00f3n, 2mpp biely kry\u0161t\u00e1lov\u00fd pr\u00e1\u0161ok na predaj. m\u00e1me najlep\u0161iu kvalitu a najlep\u0161ie ceny","breadcrumb":{"@id":"https:\/\/medicinasinc.com\/sk\/product\/kupit-2-mppp-online\/#breadcrumb"},"inLanguage":"en-US","potentialAction":[{"@type":"ReadAction","target":["https:\/\/medicinasinc.com\/sk\/product\/kupit-2-mppp-online\/"]}]},{"@type":"ImageObject","inLanguage":"en-US","@id":"https:\/\/medicinasinc.com\/sk\/product\/kupit-2-mppp-online\/#primaryimage","url":"https:\/\/medicinasinc.com\/sk\/wp-content\/uploads\/sites\/10\/2022\/02\/2mppp.jpg","contentUrl":"https:\/\/medicinasinc.com\/sk\/wp-content\/uploads\/sites\/10\/2022\/02\/2mppp.jpg","width":600,"height":600},{"@type":"BreadcrumbList","@id":"https:\/\/medicinasinc.com\/sk\/product\/kupit-2-mppp-online\/#breadcrumb","itemListElement":[{"@type":"ListItem","position":1,"name":"Obchod","item":"https:\/\/medicinasinc.com\/sk\/obchod\/"},{"@type":"ListItem","position":2,"name":"K\u00fapte si 2-MPPP online"}]},{"@type":"WebSite","@id":"https:\/\/medicinasinc.com\/sk\/#website","url":"https:\/\/medicinasinc.com\/sk\/","name":"Medicinas Inc","description":"Health Medical Clinic","potentialAction":[{"@type":"SearchAction","target":{"@type":"EntryPoint","urlTemplate":"https:\/\/medicinasinc.com\/sk\/?s={search_term_string}"},"query-input":{"@type":"PropertyValueSpecification","valueRequired":true,"valueName":"search_term_string"}}],"inLanguage":"en-US"}]}},"_links":{"self":[{"href":"https:\/\/medicinasinc.com\/sk\/wp-json\/wp\/v2\/product\/5340","targetHints":{"allow":["GET"]}}],"collection":[{"href":"https:\/\/medicinasinc.com\/sk\/wp-json\/wp\/v2\/product"}],"about":[{"href":"https:\/\/medicinasinc.com\/sk\/wp-json\/wp\/v2\/types\/product"}],"replies":[{"embeddable":true,"href":"https:\/\/medicinasinc.com\/sk\/wp-json\/wp\/v2\/comments?post=5340"}],"wp:featuredmedia":[{"embeddable":true,"href":"https:\/\/medicinasinc.com\/sk\/wp-json\/wp\/v2\/media\/5350"}],"wp:attachment":[{"href":"https:\/\/medicinasinc.com\/sk\/wp-json\/wp\/v2\/media?parent=5340"}],"wp:term":[{"taxonomy":"product_brand","embeddable":true,"href":"https:\/\/medicinasinc.com\/sk\/wp-json\/wp\/v2\/product_brand?post=5340"},{"taxonomy":"product_cat","embeddable":true,"href":"https:\/\/medicinasinc.com\/sk\/wp-json\/wp\/v2\/product_cat?post=5340"},{"taxonomy":"product_tag","embeddable":true,"href":"https:\/\/medicinasinc.com\/sk\/wp-json\/wp\/v2\/product_tag?post=5340"}],"curies":[{"name":"wp","href":"https:\/\/api.w.org\/{rel}","templated":true}]}}