{"id":5332,"date":"2022-02-21T21:05:55","date_gmt":"2022-02-21T21:05:55","guid":{"rendered":"https:\/\/medicinasinc.com\/sk\/?post_type=product&#038;p=5332"},"modified":"2022-03-22T01:01:45","modified_gmt":"2022-03-22T01:01:45","slug":"buy-2-fma-2-fluorometamfetamine-hydrochlorid","status":"publish","type":"product","link":"https:\/\/medicinasinc.com\/sk\/product\/buy-2-fma-2-fluorometamfetamine-hydrochlorid\/","title":{"rendered":"K\u00fapi\u0165 2-FMA 2-Flu\u00f3rmetamfetam\u00edn (hydrochlorid)"},"content":{"rendered":"<p><strong>Online n\u00e1kup \u010dist\u00e9ho pr\u00e1\u0161ku 2-FMA<\/strong><\/p>\n<p>2-Flu\u00f3rmetamfetam\u00edn (2-FMA) je stimulant v rovnakej skupine ako metamfetam\u00edn a 2-flu\u00f3ramfetam\u00edn. Napriek skuto\u010dnosti, \u017ee nie je ni\u010d zn\u00e1me o fyziologick\u00fdch \u00fa\u010dinkoch amfetam\u00ednov substituovan\u00fdch flu\u00f3rom metoxy, 2-FMA sa na\u0161iel ako zlo\u017eka zna\u010dkov\u00fdch liekov pred\u00e1van\u00fdch ako \u201eleg\u00e1lne vysok\u00e9\u201c n\u00e1hrady kontrolovan\u00fdch l\u00e1tok.<\/p>\n<p>Hydrochlorid tejto zl\u00fa\u010deniny verzia je navrhnut\u00e1 na pou\u017eitie ako \u0161tandard pre forenzn\u00e9 vy\u0161etrovanie vzoriek obsahuj\u00facich 2-FMA.<\/p>\n<div class=\"mb-5 row\">\n<div class=\"w-100 col\">\n<h5>Synonym\u00e1<\/h5>\n<div class=\"row\">\n<div class=\"col\">\n<div class=\"row\" data-attribute=\"synonyms\">\n<div class=\"text-lg-right vertical-rule product-info -left float-left pl-3 pr-2 pb-3 col-6 col-md-5 col-lg-4 col-xl-3\">Synonym\u00e1<\/div>\n<div class=\"float-right pl-3 text-xsm product-info-right col-6 col-md-7 col-lg-8 col-xl-9\">\n<ul class=\" p-0 mb-3 list-unstyled\">\n<li class=\"undefined text-lato-bold\"><span class=\"\">2-FMA<\/span><\/li>\n<\/ul><\/div><\/div><\/div><\/div><\/div><\/div>\n<div class=\"mb-5 row\">\n<div class=\"w-100 col\">\n<h5>Technick\u00e9 inform\u00e1cie<\/h5>\n<div class=\"row\">\n<div class=\"col\">\n<div class=\"row\" data-attribute=\"formalName\">\n<div class=\"text-lg-right vertical-rule product-info-left float-left pl-3 pr- 2 pb-3 col-6 col-md-5 col-lg-4 col-xl-3\">Form\u00e1lny n\u00e1zov<\/div>\n<div class=\"float-right pl-3 text-xsm product-info-right col -6 col-md-7 col-lg-8 col-xl-9\">2-flu\u00f3r-N-\u03b1-dimetyl-benzenet\u00e1nam\u00edn, monohydrochlorid<\/div><\/div>\n<div class=\"row\" data-attribute=\"casNumber\">\n<div class=\"text-lg-right vertical-rule product-info-left float-left pl-3 pr-2 pb-3 col-6 col-md-5 col-lg-4 col- xl-3\">\u010c\u00edslo CAS<\/div>\n<div class=\"float-right pl-3 text-xsm product-info-right col-6 col-md-7 col-lg-8 col-xl-9\"> 1780004-19-4<\/div><\/div>\n<div class=\"row\" data-attribute=\"molecularFormula\">\n<div class=\"text-lg-right vertical-rule product-info-left float-left pl -3 pr-2 pb-3 col-6 col-md-5 col-lg-4 col-xl-3\">Molekul\u00e1rny vzorec<\/div>\n<div class=\"float-right pl-3 text-xsm product- info-right col-6 col-md-7 col-lg-8 col-xl-9\">C<sub><small>10<\/small><\/sub>H<sub><small>14&lt;\/small <\/sub>FN \u2022 HCl<\/div><\/div>\n<div class=\"row\" data-attribute=\"formulaWeight\">\n<div class=\"text-lg-right vertical-rule product-info-left float-left pl-3 pr-2 pb-3 col-6 col-md-5 col-lg-4 col-xl-3\">hmotnos\u0165 vzorca<\/div>\n<div class=\"float-right pl-3 text-xsm produkt -info-right col-6 col-md-7 col-lg-8 col-xl-9\">203,7<\/div><\/div>\n<div class=\"row\" data-attribute=\"purity\">\n<div class=\"text-lg-right vertical-rule product-info-left float-left pl-3 pr-2 pb-3 col-6 col-md-5 col-lg-4 col-xl-3\">\u010cistota<\/div>\n<div class=\"float-right pl-3 text-xsm product-info-right col-6 col-md-7 col-lg-8 col-xl-9\">\u226598 %<\/div><\/div>\n<div class=\"row\" data-attribute=\"formulation\">\n<div class=\"text-lg-right vertical-rule product-info-left float-left pl-3 pr-2 pb-3 col- 6 col-md-5 col-lg-4 col-xl-3\">Formul\u00e1cia<\/div>\n<div class=\"float-right pl-3 text-xsm product-info-right col-6 col-md-7 col-lg-8 col-xl-9\">Kry\u0161talick\u00e1 tuh\u00e1 l\u00e1tka<\/div><\/div>\n<div class=\"row\" data-attribute=\"solubilita\">\n<div class=\"text-lg-right vertical- pravidlo product-info-left float-left pl-3 pr-2 pb-3 col-6 col-md-5 col-lg-4 col-xl-3\">Rozpustnos\u0165<small>(Viac inform\u00e1ci\u00ed o rozptyle rozpustnosti)<\/small><\/div>\n<div class=\"float-right pl-3 text-xsm product-info-right col-6 col-md-7 col-lg-8 col-xl-9\">\n<ul class=\" p-0 mb-3 list-unstyled\">\n<li class=\"undefined text-lato-bold\"><span class=\"\">DMF: 20 mg\/ml<\/span><\/li>\n<li class=\" undefined text-lato-bold\"><span class=\"\">DMSO: 20 mg\/ml<\/span><\/li>\n<li class=\"undefined text-lato-bold\"><span class=\"\">Etanol : 30 mg\/ml<\/span><\/li>\n<li class=\"undefined text-lato-bold\"><span class=\"\">PBS (pH 7,2): 10 mg\/ml<\/span><\/li>\n<\/ul><\/div><\/div>\n<div class=\"row\" data-attribute=\"smiles\">\n<div class=\"text-lg-right vertical-rule product-info-left float-left pl -3 pr-2 pb-3 col-6 col-md-5 col-lg-4 col-xl-3\">SMILES<\/div>\n<div class=\"float-right pl-3 text-xsm product-info -prav\u00fd st\u013apec-6 st\u013apec-md-7 st\u013apec-lg-8 st\u013apec- xl-9\">FC1=CC=CC=C1CC(C)NC.Cl<\/div><\/div>\n<div class=\"row\" data-attribute=\"inchi\">\n<div class=\"text-lg- right vertical-rule product-info-left float-left pl-3 pr-2 pb-3 col-6 col-md-5 col-lg-4 col-xl-3\">K\u00f3d InChi<\/div>\n<div class=\"float-right pl-3 text-xsm product-info-right col-6 col-md-7 col-lg-8 col-xl-9\">InChI=1S\/C10H14FN.ClH\/c1-8(12- 2)7-9-5-3-4-6-10(9)11;\/h3-6,8,12H,7H2,1-2H3;1H<\/div><\/div>\n<div class=\"row \" data-attribute=\"inchiKey\">\n<div class=\"text-lg-right vertical-rule product-info-left float-left pl-3 pr-2 pb-3 col-6 col-md-5 col-lg -4 col-xl-3\">K\u013e\u00fa\u010d InChi<\/div>\n<div class=\"float-right pl-3 text-xsm product-info-right col-6 col-md-7 col-lg-8 col-xl -9\">GTSVNAIEHCXQPM-UHFFFAOYSA-N<\/div><\/div><\/div><\/div><\/div><\/div>\n<div class=\"row\">\n<div class=\"col\">\n<h5>Inform\u00e1cie o dodan\u00ed a skladovan\u00ed<\/h5>\n<div class=\"row\">\n<div class=\"col\">\n<div class=\"row\" data-attribute=\"storageTemp\">\n<div class=\"text-lg -prav\u00e9 vertik\u00e1lne-pravidlo produkt-info-v\u013eavo plav\u00e1k-v\u013eavo pl-3 pr-2 pb-3 col-6 col-md-5 c ol-lg-4 col-xl-3\">Ukladac\u00ed priestor<\/div>\n<div class=\"float-right pl-3 text-xsm product-info-right col-6 col-md-7 col-lg-8 col -xl-9\">-20\u00b0C<\/div><\/div>\n<div class=\"row\" data-attribute=\"address\">\n<div class=\"text-lg-right vertical-rule product-info- left float-left pl-3 pr-2 pb-3 col-6 col-md-5 col-lg-4 col-xl-3\">Doprava<\/div>\n<div class=\"float-right pl-3 text -xsm product-info-right col-6 col-md-7 col-lg-8 col-xl-9\">Izbov\u00e1 teplota\u00a0v\u00a0kontinent\u00e1lnych USA; inde sa m\u00f4\u017eu l\u00ed\u0161i\u0165<\/div><\/div>\n<div class=\"row\" data-attribute=\"stabilityDisplay\">\n<div class=\"text-lg-right vertical-rule product-info-left float-left pl-3 pr-2 pb-3 col-6 col-md-5 col-lg-4 col-xl-3\">Stabilita<\/div>\n<div class=\"float-right pl-3 text-xsm product-info-right col-6 col-md-7 col-lg-8 col-xl-9\">\u2265\u00a02 roky<\/div><\/div><\/div><\/div><\/div><\/div>\n<div class=\"product-next-previous\">\n<div class=\"product-prev\"><\/div><\/div>\n","protected":false},"excerpt":{"rendered":"<p>K\u00fapi\u0165 2-FMA 2-flu\u00f3rmetamfetam\u00edn (hydrochlorid) na predaj vysoko \u010dist\u00fd pr\u00e1\u0161ok online. Ve\u013ekoobchodn\u00fd 2-FMA pr\u00e1\u0161ok (99%+ \u010dist\u00fd) \u2013 podobn\u00fd metamfetam\u00ednu Odpor\u00fa\u010dan\u00e9 d\u00e1vkovanie 50-80 mg<\/p>\n<p>&nbsp;<\/p>\n","protected":false},"featured_media":5343,"comment_status":"open","ping_status":"closed","template":"","meta":[],"product_brand":[],"product_cat":[2014],"product_tag":[2023,2017,2018,2019,2022,2020,2021,2016,2015,2024,2025,2026],"class_list":{"0":"post-5332","1":"product","2":"type-product","3":"status-publish","4":"has-post-thumbnail","6":"product_cat-k-c3-bapi-c5-a5-v-c3-bdskumn-c3-a9-chemik-c3-a1lie","7":"product_tag-2-fma-chudnutie","8":"product_tag-2-fma-legality-2-fma-powder","9":"product_tag-2-fma-legality-usa","10":"product_tag-2-fma-pills","11":"product_tag-2-fma-usa","12":"product_tag-2-fma-prok","13":"product_tag-2-fma-syntza","14":"product_tag-2-fma-leglnos","15":"product_tag-2-c5-a1kared-c3-bd","16":"product_tag-4-flurmetamfetamn","17":"product_tag-buy-2-fma","18":"product_tag-fluorometamfetamn-nzov-ulice","20":"first","21":"instock","22":"shipping-taxable","23":"purchasable","24":"product-type-variable","25":"has-default-attributes"},"yoast_head":"<!-- This site is optimized with the Yoast SEO plugin v27.3 - https:\/\/yoast.com\/product\/yoast-seo-wordpress\/ -->\n<title>K\u00fapi\u0165 2-FMA 2-Fluoromethamphetamine (hydrochlorid) - Najlep\u0161ie glob\u00e1lne lieky<\/title>\n<meta name=\"description\" content=\"K\u00fapi\u0165 2-FMA 2-flu\u00f3rmetamfetam\u00edn (hydrochlorid) na predaj vysoko \u010dist\u00fd pr\u00e1\u0161ok online. Ve\u013ekoobchodn\u00fd pr\u00e1\u0161ok 2-FMA (99 %+ \u010dist\u00fd) \u2013 podobn\u00fd metamfetam\u00ednu Odpor\u00fa\u010dan\u00e9 d\u00e1vkovanie 50 \u2013 80 mg\" \/>\n<meta name=\"robots\" content=\"index, follow, max-snippet:-1, max-image-preview:large, max-video-preview:-1\" \/>\n<link rel=\"canonical\" href=\"https:\/\/medicinasinc.com\/sk\/product\/buy-2-fma-2-fluorometamfetamine-hydrochlorid\/\" \/>\n<meta property=\"og:locale\" content=\"en_US\" \/>\n<meta property=\"og:type\" content=\"article\" \/>\n<meta property=\"og:title\" content=\"K\u00fapi\u0165 2-FMA 2-Fluoromethamphetamine (hydrochlorid) - Najlep\u0161ie glob\u00e1lne lieky\" \/>\n<meta property=\"og:description\" content=\"K\u00fapi\u0165 2-FMA 2-flu\u00f3rmetamfetam\u00edn (hydrochlorid) na predaj vysoko \u010dist\u00fd pr\u00e1\u0161ok online. Ve\u013ekoobchodn\u00fd pr\u00e1\u0161ok 2-FMA (99 %+ \u010dist\u00fd) \u2013 podobn\u00fd metamfetam\u00ednu Odpor\u00fa\u010dan\u00e9 d\u00e1vkovanie 50 \u2013 80 mg\" \/>\n<meta property=\"og:url\" content=\"https:\/\/medicinasinc.com\/sk\/product\/buy-2-fma-2-fluorometamfetamine-hydrochlorid\/\" \/>\n<meta property=\"og:site_name\" content=\"Medicinas Inc\" \/>\n<meta property=\"article:modified_time\" content=\"2022-03-22T01:01:45+00:00\" \/>\n<meta property=\"og:image\" content=\"https:\/\/medicinasinc.com\/sk\/wp-content\/uploads\/sites\/10\/2022\/02\/Buy-2-FMA.jpg\" \/>\n\t<meta property=\"og:image:width\" content=\"750\" \/>\n\t<meta property=\"og:image:height\" content=\"1000\" \/>\n\t<meta property=\"og:image:type\" content=\"image\/jpeg\" \/>\n<meta name=\"twitter:card\" content=\"summary_large_image\" \/>\n<meta name=\"twitter:label1\" content=\"Est. reading time\" \/>\n\t<meta name=\"twitter:data1\" content=\"1 minute\" \/>\n<script type=\"application\/ld+json\" class=\"yoast-schema-graph\">{\"@context\":\"https:\\\/\\\/schema.org\",\"@graph\":[{\"@type\":\"WebPage\",\"@id\":\"https:\\\/\\\/medicinasinc.com\\\/sk\\\/product\\\/buy-2-fma-2-fluorometamfetamine-hydrochlorid\\\/\",\"url\":\"https:\\\/\\\/medicinasinc.com\\\/sk\\\/product\\\/buy-2-fma-2-fluorometamfetamine-hydrochlorid\\\/\",\"name\":\"K\u00fapi\u0165 2-FMA 2-Fluoromethamphetamine (hydrochlorid) - Najlep\u0161ie glob\u00e1lne lieky\",\"isPartOf\":{\"@id\":\"https:\\\/\\\/medicinasinc.com\\\/sk\\\/#website\"},\"primaryImageOfPage\":{\"@id\":\"https:\\\/\\\/medicinasinc.com\\\/sk\\\/product\\\/buy-2-fma-2-fluorometamfetamine-hydrochlorid\\\/#primaryimage\"},\"image\":{\"@id\":\"https:\\\/\\\/medicinasinc.com\\\/sk\\\/product\\\/buy-2-fma-2-fluorometamfetamine-hydrochlorid\\\/#primaryimage\"},\"thumbnailUrl\":\"https:\\\/\\\/medicinasinc.com\\\/sk\\\/wp-content\\\/uploads\\\/sites\\\/10\\\/2022\\\/02\\\/Buy-2-FMA.jpg\",\"datePublished\":\"2022-02-21T21:05:55+00:00\",\"dateModified\":\"2022-03-22T01:01:45+00:00\",\"description\":\"K\u00fapi\u0165 2-FMA 2-flu\u00f3rmetamfetam\u00edn (hydrochlorid) na predaj vysoko \u010dist\u00fd pr\u00e1\u0161ok online. Ve\u013ekoobchodn\u00fd pr\u00e1\u0161ok 2-FMA (99 %+ \u010dist\u00fd) \u2013 podobn\u00fd metamfetam\u00ednu Odpor\u00fa\u010dan\u00e9 d\u00e1vkovanie 50 \u2013 80 mg\",\"breadcrumb\":{\"@id\":\"https:\\\/\\\/medicinasinc.com\\\/sk\\\/product\\\/buy-2-fma-2-fluorometamfetamine-hydrochlorid\\\/#breadcrumb\"},\"inLanguage\":\"en-US\",\"potentialAction\":[{\"@type\":\"ReadAction\",\"target\":[\"https:\\\/\\\/medicinasinc.com\\\/sk\\\/product\\\/buy-2-fma-2-fluorometamfetamine-hydrochlorid\\\/\"]}]},{\"@type\":\"ImageObject\",\"inLanguage\":\"en-US\",\"@id\":\"https:\\\/\\\/medicinasinc.com\\\/sk\\\/product\\\/buy-2-fma-2-fluorometamfetamine-hydrochlorid\\\/#primaryimage\",\"url\":\"https:\\\/\\\/medicinasinc.com\\\/sk\\\/wp-content\\\/uploads\\\/sites\\\/10\\\/2022\\\/02\\\/Buy-2-FMA.jpg\",\"contentUrl\":\"https:\\\/\\\/medicinasinc.com\\\/sk\\\/wp-content\\\/uploads\\\/sites\\\/10\\\/2022\\\/02\\\/Buy-2-FMA.jpg\",\"width\":750,\"height\":1000},{\"@type\":\"BreadcrumbList\",\"@id\":\"https:\\\/\\\/medicinasinc.com\\\/sk\\\/product\\\/buy-2-fma-2-fluorometamfetamine-hydrochlorid\\\/#breadcrumb\",\"itemListElement\":[{\"@type\":\"ListItem\",\"position\":1,\"name\":\"Obchod\",\"item\":\"https:\\\/\\\/medicinasinc.com\\\/sk\\\/obchod\\\/\"},{\"@type\":\"ListItem\",\"position\":2,\"name\":\"K\u00fapi\u0165 2-FMA 2-Flu\u00f3rmetamfetam\u00edn (hydrochlorid)\"}]},{\"@type\":\"WebSite\",\"@id\":\"https:\\\/\\\/medicinasinc.com\\\/sk\\\/#website\",\"url\":\"https:\\\/\\\/medicinasinc.com\\\/sk\\\/\",\"name\":\"Medicinas Inc\",\"description\":\"Health Medical Clinic\",\"potentialAction\":[{\"@type\":\"SearchAction\",\"target\":{\"@type\":\"EntryPoint\",\"urlTemplate\":\"https:\\\/\\\/medicinasinc.com\\\/sk\\\/?s={search_term_string}\"},\"query-input\":{\"@type\":\"PropertyValueSpecification\",\"valueRequired\":true,\"valueName\":\"search_term_string\"}}],\"inLanguage\":\"en-US\"}]}<\/script>\n<!-- \/ Yoast SEO plugin. -->","yoast_head_json":{"title":"K\u00fapi\u0165 2-FMA 2-Fluoromethamphetamine (hydrochlorid) - Najlep\u0161ie glob\u00e1lne lieky","description":"K\u00fapi\u0165 2-FMA 2-flu\u00f3rmetamfetam\u00edn (hydrochlorid) na predaj vysoko \u010dist\u00fd pr\u00e1\u0161ok online. Ve\u013ekoobchodn\u00fd pr\u00e1\u0161ok 2-FMA (99 %+ \u010dist\u00fd) \u2013 podobn\u00fd metamfetam\u00ednu Odpor\u00fa\u010dan\u00e9 d\u00e1vkovanie 50 \u2013 80 mg","robots":{"index":"index","follow":"follow","max-snippet":"max-snippet:-1","max-image-preview":"max-image-preview:large","max-video-preview":"max-video-preview:-1"},"canonical":"https:\/\/medicinasinc.com\/sk\/product\/buy-2-fma-2-fluorometamfetamine-hydrochlorid\/","og_locale":"en_US","og_type":"article","og_title":"K\u00fapi\u0165 2-FMA 2-Fluoromethamphetamine (hydrochlorid) - Najlep\u0161ie glob\u00e1lne lieky","og_description":"K\u00fapi\u0165 2-FMA 2-flu\u00f3rmetamfetam\u00edn (hydrochlorid) na predaj vysoko \u010dist\u00fd pr\u00e1\u0161ok online. Ve\u013ekoobchodn\u00fd pr\u00e1\u0161ok 2-FMA (99 %+ \u010dist\u00fd) \u2013 podobn\u00fd metamfetam\u00ednu Odpor\u00fa\u010dan\u00e9 d\u00e1vkovanie 50 \u2013 80 mg","og_url":"https:\/\/medicinasinc.com\/sk\/product\/buy-2-fma-2-fluorometamfetamine-hydrochlorid\/","og_site_name":"Medicinas Inc","article_modified_time":"2022-03-22T01:01:45+00:00","og_image":[{"width":750,"height":1000,"url":"https:\/\/medicinasinc.com\/sk\/wp-content\/uploads\/sites\/10\/2022\/02\/Buy-2-FMA.jpg","type":"image\/jpeg"}],"twitter_card":"summary_large_image","twitter_misc":{"Est. reading time":"1 minute"},"schema":{"@context":"https:\/\/schema.org","@graph":[{"@type":"WebPage","@id":"https:\/\/medicinasinc.com\/sk\/product\/buy-2-fma-2-fluorometamfetamine-hydrochlorid\/","url":"https:\/\/medicinasinc.com\/sk\/product\/buy-2-fma-2-fluorometamfetamine-hydrochlorid\/","name":"K\u00fapi\u0165 2-FMA 2-Fluoromethamphetamine (hydrochlorid) - Najlep\u0161ie glob\u00e1lne lieky","isPartOf":{"@id":"https:\/\/medicinasinc.com\/sk\/#website"},"primaryImageOfPage":{"@id":"https:\/\/medicinasinc.com\/sk\/product\/buy-2-fma-2-fluorometamfetamine-hydrochlorid\/#primaryimage"},"image":{"@id":"https:\/\/medicinasinc.com\/sk\/product\/buy-2-fma-2-fluorometamfetamine-hydrochlorid\/#primaryimage"},"thumbnailUrl":"https:\/\/medicinasinc.com\/sk\/wp-content\/uploads\/sites\/10\/2022\/02\/Buy-2-FMA.jpg","datePublished":"2022-02-21T21:05:55+00:00","dateModified":"2022-03-22T01:01:45+00:00","description":"K\u00fapi\u0165 2-FMA 2-flu\u00f3rmetamfetam\u00edn (hydrochlorid) na predaj vysoko \u010dist\u00fd pr\u00e1\u0161ok online. Ve\u013ekoobchodn\u00fd pr\u00e1\u0161ok 2-FMA (99 %+ \u010dist\u00fd) \u2013 podobn\u00fd metamfetam\u00ednu Odpor\u00fa\u010dan\u00e9 d\u00e1vkovanie 50 \u2013 80 mg","breadcrumb":{"@id":"https:\/\/medicinasinc.com\/sk\/product\/buy-2-fma-2-fluorometamfetamine-hydrochlorid\/#breadcrumb"},"inLanguage":"en-US","potentialAction":[{"@type":"ReadAction","target":["https:\/\/medicinasinc.com\/sk\/product\/buy-2-fma-2-fluorometamfetamine-hydrochlorid\/"]}]},{"@type":"ImageObject","inLanguage":"en-US","@id":"https:\/\/medicinasinc.com\/sk\/product\/buy-2-fma-2-fluorometamfetamine-hydrochlorid\/#primaryimage","url":"https:\/\/medicinasinc.com\/sk\/wp-content\/uploads\/sites\/10\/2022\/02\/Buy-2-FMA.jpg","contentUrl":"https:\/\/medicinasinc.com\/sk\/wp-content\/uploads\/sites\/10\/2022\/02\/Buy-2-FMA.jpg","width":750,"height":1000},{"@type":"BreadcrumbList","@id":"https:\/\/medicinasinc.com\/sk\/product\/buy-2-fma-2-fluorometamfetamine-hydrochlorid\/#breadcrumb","itemListElement":[{"@type":"ListItem","position":1,"name":"Obchod","item":"https:\/\/medicinasinc.com\/sk\/obchod\/"},{"@type":"ListItem","position":2,"name":"K\u00fapi\u0165 2-FMA 2-Flu\u00f3rmetamfetam\u00edn (hydrochlorid)"}]},{"@type":"WebSite","@id":"https:\/\/medicinasinc.com\/sk\/#website","url":"https:\/\/medicinasinc.com\/sk\/","name":"Medicinas Inc","description":"Health Medical Clinic","potentialAction":[{"@type":"SearchAction","target":{"@type":"EntryPoint","urlTemplate":"https:\/\/medicinasinc.com\/sk\/?s={search_term_string}"},"query-input":{"@type":"PropertyValueSpecification","valueRequired":true,"valueName":"search_term_string"}}],"inLanguage":"en-US"}]}},"_links":{"self":[{"href":"https:\/\/medicinasinc.com\/sk\/wp-json\/wp\/v2\/product\/5332","targetHints":{"allow":["GET"]}}],"collection":[{"href":"https:\/\/medicinasinc.com\/sk\/wp-json\/wp\/v2\/product"}],"about":[{"href":"https:\/\/medicinasinc.com\/sk\/wp-json\/wp\/v2\/types\/product"}],"replies":[{"embeddable":true,"href":"https:\/\/medicinasinc.com\/sk\/wp-json\/wp\/v2\/comments?post=5332"}],"wp:featuredmedia":[{"embeddable":true,"href":"https:\/\/medicinasinc.com\/sk\/wp-json\/wp\/v2\/media\/5343"}],"wp:attachment":[{"href":"https:\/\/medicinasinc.com\/sk\/wp-json\/wp\/v2\/media?parent=5332"}],"wp:term":[{"taxonomy":"product_brand","embeddable":true,"href":"https:\/\/medicinasinc.com\/sk\/wp-json\/wp\/v2\/product_brand?post=5332"},{"taxonomy":"product_cat","embeddable":true,"href":"https:\/\/medicinasinc.com\/sk\/wp-json\/wp\/v2\/product_cat?post=5332"},{"taxonomy":"product_tag","embeddable":true,"href":"https:\/\/medicinasinc.com\/sk\/wp-json\/wp\/v2\/product_tag?post=5332"}],"curies":[{"name":"wp","href":"https:\/\/api.w.org\/{rel}","templated":true}]}}