{"id":5324,"date":"2022-02-21T20:59:08","date_gmt":"2022-02-21T20:59:08","guid":{"rendered":"https:\/\/medicinasinc.com\/sk\/?post_type=product&#038;p=5324"},"modified":"2022-03-22T01:01:56","modified_gmt":"2022-03-22T01:01:56","slug":"buy-vicodin","status":"publish","type":"product","link":"https:\/\/medicinasinc.com\/sk\/product\/buy-vicodin\/","title":{"rendered":"K\u00fapte si Vicodin"},"content":{"rendered":"<p>Online n\u00e1kup piluliek hydrokod\u00f3nu Vicodin<\/p>\n<p>VICODIN\u00ae (tablety hydrokod\u00f3n bitartr\u00e1tu a acetaminof\u00e9nu, USP 5 mg\/300 mg): Jedna alebo dve tablety ka\u017ed\u00e9 \u0161tyri a\u017e \u0161es\u0165 hod\u00edn pod\u013ea potreby na boles\u0165 u dospel\u00fdch. Denn\u00e1 maxim\u00e1lna d\u00e1vka by nemala presiahnu\u0165 osem tabliet.<\/p>\n<p>Online n\u00e1kup tabliet hydrokod\u00f3nu Vicodin<br \/> K\u00fapte si Vicodin online<\/p>\n<p>Vicodin obsahuje kombin\u00e1ciu hydrokod\u00f3nu a acetaminof\u00e9nu. Hydrokod\u00f3n je opioidn\u00fd liek proti bolesti. Opioidy sa \u010dasto ozna\u010duj\u00fa ako narkotik\u00e1. Acetaminof\u00e9n je menej siln\u00e9 analgetikum, ktor\u00e9 zvy\u0161uje \u00fa\u010dinky hydrokod\u00f3nu. Vicodin je mo\u017en\u00e9 zak\u00fapi\u0165 online a vicodin je tie\u017e dostupn\u00fd na predaj online. Vicodin pilulky sa pou\u017e\u00edvaj\u00fa na lie\u010dbu miernej a\u017e stredne silnej bolesti. Vicodin m\u00f4\u017ee by\u0165 zahrnut\u00fd aj na pou\u017eitie, ktor\u00e9 nie je uveden\u00e9 v tomto n\u00e1vode na pou\u017eitie.<\/p>\n<p>Pou\u017e\u00edvanie<\/p>\n<p>Kombinovan\u00fd liek je ur\u010den\u00fd na lie\u010dbu miernej a\u017e stredne silnej bolesti. To poskytuje \u00fa\u013eavu od bolesti prostredn\u00edctvom morf\u00ednu (hydrokod\u00f3n) a neopioidu (acetaminof\u00e9n). Hydrokod\u00f3n men\u00ed vn\u00edmanie v\u00e1\u0161ho tela a reakciu na boles\u0165 v mozgu. Acetaminof\u00e9n m\u00f4\u017ee tie\u017e pom\u00f4c\u0165 zn\u00ed\u017ei\u0165 z\u00e1va\u017enos\u0165 hor\u00fa\u010dky. Liek nie je povolen\u00fd de\u0165om mlad\u0161\u00edm ako \u0161es\u0165 rokov z d\u00f4vodu zv\u00fd\u0161en\u00e9ho rizika ne\u017eiaducich \u00fa\u010dinkov (ako je pomal\u00e9 a plytk\u00e9 d\u00fdchanie).<\/p>\n<p>Ak\u00fd je \u00fa\u010del tohto lieku?<\/p>\n<p>Hydrokod\u00f3n sa kombinuje s in\u00fdmi chemik\u00e1liami a na r\u00f4zne indik\u00e1cie sa pod\u00e1va mno\u017estvo kombinovan\u00fdch liekov. Niektor\u00e9 kombinovan\u00e9 lieky s hydrokod\u00f3nom sa pou\u017e\u00edvaj\u00fa na lie\u010dbu miernej a\u017e silnej bolesti. Na zn\u00ed\u017eenie ka\u0161\u013ea sa pou\u017e\u00edvaj\u00fa in\u00e9 lieky obsahuj\u00face kombin\u00e1ciu hydrokod\u00f3nu. Hydrokod\u00f3n je opioidn\u00fd (narkotick\u00fd) liek proti bolesti a skupina liekov zn\u00e1mych ako antitusik\u00e1. Hydrokod\u00f3n zmier\u0148uje boles\u0165 t\u00fdm, \u017ee upravuje reakciu mozgu a nervov\u00e9ho syst\u00e9mu na boles\u0165. Hydrokod\u00f3n zmier\u0148uje ka\u0161e\u013e inhib\u00edciou mozgovej aktivity spojenej s ka\u0161\u013eom. U\u017e\u00edvate hydrokod\u00f3n v spojen\u00ed s najmenej jedn\u00fdm \u010fal\u0161\u00edm liekom, no monografia pon\u00faka iba inform\u00e1cie o hydrokod\u00f3ne. Pre\u010d\u00edtajte si o \u010fal\u0161\u00edch l\u00e1tkach v lieku s hydrokod\u00f3nom, ktor\u00fd u\u017e\u00edvate.<\/p>\n<p>Ako u\u017e\u00edva\u0165?<\/p>\n<p>Kombinovan\u00e9 produkty hydrokod\u00f3nu s\u00fa dostupn\u00e9 v nasleduj\u00facich form\u00e1ch: pilulka, g\u00e9l, pasta, roztok ( \u010d\u00edrenie kvapaliny), g\u00e9l s pred\u013a\u017een\u00fdm uvo\u013e\u0148ovan\u00edm (dlhodobo p\u00f4sobiaci) a dlhodobo p\u00f4sobiaca suspenzn\u00e1 (kvapaln\u00e1) suspenzia na peror\u00e1lne pod\u00e1vanie. Tableta, kapsula, sirup alebo roztok sa m\u00f4\u017ee u\u017e\u00edva\u0165 pod\u013ea potreby ka\u017ed\u00e9 4 a\u017e 6 hod\u00edn. Norm\u00e1lne sa ka\u017ed\u00fdch 12 hod\u00edn pod\u013ea potreby u\u017e\u00edvaj\u00fa kapsuly s pred\u013a\u017een\u00fdm uvo\u013e\u0148ovan\u00edm a suspenzie s pred\u013a\u017een\u00fdm uvo\u013e\u0148ovan\u00edm. Ak u\u017e\u00edvate hydrokod\u00f3n pravidelne, m\u00e1 sa u\u017e\u00edva\u0165 ka\u017ed\u00fd de\u0148 v rovnakom \u010dase. Starostlivo dodr\u017eiavajte pokyny na \u0161t\u00edtku na predpis a v pr\u00edpade potreby z\u00edskajte vysvetlenie od svojho lek\u00e1rnika alebo lek\u00e1ra. Suspenziu s pred\u013a\u017een\u00fdm uvo\u013e\u0148ovan\u00edm pred pou\u017eit\u00edm dobre pretrepte, aby sa zabezpe\u010dilo rovnomern\u00e9 rozpt\u00fdlenie l\u00e1tky. Neodpor\u00fa\u010da sa kombinova\u0165 suspenziu s pred\u013a\u017een\u00fdm uvo\u013e\u0148ovan\u00edm s in\u00fdmi l\u00e1tkami alebo tekutinami, ako je voda.<\/p>\n<p>Ak pou\u017e\u00edvate kombin\u00e1ciu hydrokod\u00f3nu, sirup alebo suspenziu s pred\u013a\u017een\u00fdm uvo\u013e\u0148ovan\u00edm, nepou\u017e\u00edvajte dom\u00e1cu \u010dajov\u00fa \u0161\u00e1lku odmerajte si d\u00e1vku. Dom\u00e1ce \u010dajov\u00e9 ly\u017ei\u010dky nie s\u00fa presn\u00e9 meracie pr\u00edstroje, a ak budete svoje d\u00e1vky testova\u0165 pomocou dom\u00e1cej \u010dajovej ly\u017ei\u010dky, riskujete, \u017ee si vezmete pr\u00edli\u0161 ve\u013ea alebo pr\u00edli\u0161 m\u00e1lo tabliet. Namiesto toho pou\u017eite dobre definovan\u00e9 meracie zariadenie, ako je kvapkadlo, ly\u017ei\u010dka lieku alebo peror\u00e1lna strieka\u010dka.<\/p>\n<p>Tento kombinovan\u00fd liek sa pou\u017e\u00edva na lie\u010dbu bolesti od miernej a\u017e po siln\u00fa. Obsahuje opioidn\u00e9 analgetikum (hydrokod\u00f3n), ako aj neopioidn\u00e9 analgetikum (acetaminof\u00e9n). Hydrokod\u00f3n p\u00f4soben\u00edm na mozog men\u00ed sp\u00f4sob, ak\u00fdm va\u0161e telo vn\u00edma boles\u0165 a ako na \u0148u reaguje. Acetaminof\u00e9n m\u00f4\u017ee tie\u017e pom\u00f4c\u0165 pri zni\u017eovan\u00ed hor\u00fa\u010dky.<\/p>\n<p>Tento produkt sa neodpor\u00fa\u010da pre deti mlad\u0161ie ako \u0161es\u0165 rokov z d\u00f4vodu zv\u00fd\u0161en\u00e9ho rizika z\u00e1va\u017en\u00fdch ne\u017eiaducich \u00fa\u010dinkov (ako je plytk\u00e9\/pomal\u00e9 d\u00fdchanie).<\/p>\n<p>Je hydrokod\u00f3n vicodin?, Je hydrokod\u00f3n vicodin?, Je hydrokod\u00f3n vicodin?, Je hydrokod\u00f3n vicodin?, Je hydrokod\u00f3n vicodin?, Je hydrokod\u00f3n vicodin?, Je hydrokod\u00f3n vicodin?, je hydrokod\u00f3n vicodin?, je hydrokod\u00f3n vicodin? je vicodin hydrokod\u00f3n, je vicodin hydrokod\u00f3n, je vicodin hydrokod\u00f3n, je vicodin hydrokod\u00f3n, je vicodin hydrokod\u00f3n, je vicodin hydrokod\u00f3n, je hydrokod\u00f3n rovnak\u00fd ako vicodin, ak\u00fd je rozdiel medzi vicodinom a hydrokod\u00f3nom, ak\u00fd je rozdiel medzi vicodinom a hydrokod\u00f3nom, vicodin verzus hydrokod\u00f3n S\u00fa vicodin a hydrokod\u00f3n zamenite\u013en\u00e9? je hydrokod\u00f3n ekvivalentn\u00fd vicodinu alebo percocetu? Je vicodin silnej\u0161\u00ed ako hydrokod\u00f3n? Je hydrokod\u00f3n a vicodin to ist\u00e9? Ak\u00fd je rozdiel medzi vicodinom a hydrokod\u00f3nom, hydrokod\u00f3nom a vicodinom, vicodin hydrokod\u00f3nom, je hydrokod\u00f3n to ist\u00e9 ako vicodin, je vicodin to ist\u00e9 ako hydrokod\u00f3n, hydrokod\u00f3n alebo vicodin, vicodin verzus hydrokod\u00f3n, je hydrokod\u00f3n vicodin?<\/p>\n","protected":false},"excerpt":{"rendered":"<div class=\"woocommerce-product-details__short-description\">\n<p>Ka\u017ed\u00e1 tableta Vicodinu obsahuje 300 mg acetaminof\u00e9nu a tri r\u00f4zne \u00farovne d\u00e1vok hydrokod\u00f3nu: 5 mg, 7,5 mg a 10 mg.<\/p>\n<p>Online lek\u00e1re\u0148, kde si m\u00f4\u017eete k\u00fapi\u0165 Vicodin hydrokod\u00f3nov\u00e9 tablety.<\/p>\n<p>Ak ste na\u0148 alergick\u00fd, informujte o tom svojho lek\u00e1ra alebo lek\u00e1rnika predt\u00fdm, ako za\u010dnete u\u017e\u00edva\u0165 tento liek; alebo na ak\u00e9ko\u013evek in\u00e9 narkotik\u00e1 (ako je morf\u00edn, kode\u00edn); alebo na ak\u00e9ko\u013evek in\u00e9 lieky.<\/p>\n<\/p><\/div>\n","protected":false},"featured_media":5335,"comment_status":"open","ping_status":"closed","template":"","meta":[],"product_brand":[],"product_cat":[1117],"product_tag":[1916,1917,1918,1919,1920,1936,1939,1937,1938,1935,2010,2008,2013,1970,1921,1926,2012,2011,2009,1927,1928,1977,1976,1975,1978,1931,1932,1933,1985,1984,1940,1941,1942,1943,1982,1944,1924,1923,1922,1979,1925,1946,1947,1948,1951,1949,1950,1778,2000,1992,1945,1954,1929,1996,1999,1953,2006,1955,1956,1997,1930,1952,1998,1957,1958,1960,1959,1961,1962,1963,1964,1965,1966,1967,1971,1973,1974,1969,1972,1981,1986,1987,1988,1980,1989,1983,1990,1991,1994,1995,1993,2003,2001,2002,1787,2005,2004,2007,1934,1968],"class_list":{"0":"post-5324","1":"product","2":"type-product","3":"status-publish","4":"has-post-thumbnail","6":"product_cat-kupte-si-tabletky-proti-bolesti-spanku-sexu","7":"product_tag-1p466-vikodn","8":"product_tag-20-mg-vikodnu","9":"product_tag-2172-pilulka-vicodn","10":"product_tag-5-325-vicodn","11":"product_tag-5-mg-vikodnu","12":"product_tag-ako-dlho-vikodin-vydr","13":"product_tag-ako-dlho-trv-vikodn-pracova","14":"product_tag-ako-dlho-vikodin-zostva-vo-vaom-systme","15":"product_tag-ako-dlho-zostva-vikodn-vo-vaom-systme-pre-test-na-drogy","16":"product_tag-ako-vyhlskuje-vikodin","17":"product_tag-ako-vyzer-vikodn","18":"product_tag-ako-vyzer-vikodnov-pilulka","19":"product_tag-ak-je-rozdiel-medzi-vicodinom-a-perkocetom","20":"product_tag-vicodin-alternatvy","21":"product_tag-buy-vicodin","22":"product_tag-can-you-take-vicodin-and-ibuprofen-together","23":"product_tag-o-je-vicodn","24":"product_tag-o-je-v-vikodne","25":"product_tag-o-rob-vikodin-rob","26":"product_tag-cwe-vicodin","27":"product_tag-darvocet-versus-vicodin","28":"product_tag-vicodin-dvka","29":"product_tag-vicodin-dosage-5-325","30":"product_tag-vicodin-dvkovanie","31":"product_tag-vicodin-dvky","32":"product_tag-erowid-vicodin","33":"product_tag-flexeril-a-vikodn","34":"product_tag-gabapentn-a-vikodn","35":"product_tag-vicodin-generic-name","36":"product_tag-vicodin-generikum","37":"product_tag-hydrokodn-vikodn","38":"product_tag-ip-109-pilulka-vicodn","39":"product_tag-is-hydrocodone-vicodin","40":"product_tag-je-percocet-silnej-ako-vicodn","41":"product_tag-vicodin-es","42":"product_tag-je-vikodn-opioid","43":"product_tag-nkup-vikodin-cez-noc-dodanie","44":"product_tag-k-c3-bapi-c5-a5-vicodin-online","45":"product_tag-buy-vicodin-from-canada","46":"product_tag-vicodin-liek","47":"product_tag-m-c3-b4-c5-vela-c5-a1-si-vzia-c5-a5-radu-s-vicod-c3-adnom","48":"product_tag-norco-5-325-vs-vicodin","49":"product_tag-norco-vikodn","50":"product_tag-norco-vs-vicodin","51":"product_tag-obrzky-vicodinu","52":"product_tag-oxycodone-vs-vicodin","53":"product_tag-percocet-and-vicodin","54":"product_tag-percocet-vs-vicodin","55":"product_tag-vicodin-pouitia","56":"product_tag-predvkovanie-vicodinom","57":"product_tag-prrodn-vikodn","58":"product_tag-abstinenn-prznaky-vikodnu","59":"product_tag-rozdiel-medzi-norco-a-vicodin","60":"product_tag-vicodin-schma","61":"product_tag-vicodin-sily","62":"product_tag-snorting-vicodin","63":"product_tag-vicodin-odvykanie","64":"product_tag-tramadol-hcl-50mg-vs-vicodin","65":"product_tag-tramadol-vs-vicodin","66":"product_tag-vicodin-as-pouitenosti","67":"product_tag-inky-vikodnu","68":"product_tag-ved-c4-beaj-c5-a1ie-c3-ba-c4-8dinky-vikod-c3-adnu","69":"product_tag-vicodin-vedajie-inky","70":"product_tag-vicodin","71":"product_tag-vicodin-10","72":"product_tag-vicodin-10-mg","73":"product_tag-vicodin-10-miligramov","74":"product_tag-vicodin-30-mg","75":"product_tag-vicodin-5","76":"product_tag-vicodin-5-300","77":"product_tag-vicodin-5-300-mg","78":"product_tag-vicodin-5-325-mg","79":"product_tag-vicodin-7-5","80":"product_tag-vicodin-750","81":"product_tag-vicodin-and-advil","82":"product_tag-vicodin-and-oxycontin-sa-of","83":"product_tag-vicodin-and-xanax","84":"product_tag-vicodin-alkohol","85":"product_tag-vicodin-and-alcohol","86":"product_tag-vicodin-effects","87":"product_tag-vicodin-high","88":"product_tag-vicodin-house","89":"product_tag-vicodin-hp","90":"product_tag-vicodin-lieky","91":"product_tag-vicodin-mexiko","92":"product_tag-vicodin-pre-migreny","93":"product_tag-vicodin-online","94":"product_tag-vicodin-online-overnight","95":"product_tag-vicodin-pilulka","96":"product_tag-vicodin-pilulky","97":"product_tag-vicodin-tabletky-proti-bolesti","98":"product_tag-vicodin-vs-koden","99":"product_tag-vicodin-vs-norco","100":"product_tag-vicodin-vs-oxykodn","101":"product_tag-vicodin-vs-percocet","102":"product_tag-vicodin-vs-tylenol-3","103":"product_tag-vicodin-vs-tramadol","104":"product_tag-vicodin-xanax","105":"product_tag-generick-nzov-pre-vikodin","106":"product_tag-vicodin-zvislos","108":"first","109":"instock","110":"shipping-taxable","111":"purchasable","112":"product-type-variable","113":"has-default-attributes"},"yoast_head":"<!-- This site is optimized with the Yoast SEO plugin v27.3 - https:\/\/yoast.com\/product\/yoast-seo-wordpress\/ -->\n<title>K\u00fapte si Vicodin hydrokod\u00f3nov\u00e9 pilulky online - Najlep\u0161ie glob\u00e1lne lieky<\/title>\n<meta name=\"description\" content=\"K\u00fapte si Vicodin hydrokod\u00f3nov\u00e9 pilulky online. Ka\u017ed\u00e1 tableta Vicodin obsahuje 300 mg acetaminof\u00e9nu a je k dispoz\u00edcii v troch r\u00f4znych d\u00e1vkach hydrokod\u00f3nu: 5 mg, 7,5 mg a 10 mg.\" \/>\n<meta name=\"robots\" content=\"index, follow, max-snippet:-1, max-image-preview:large, max-video-preview:-1\" \/>\n<link rel=\"canonical\" href=\"https:\/\/medicinasinc.com\/sk\/product\/buy-vicodin\/\" \/>\n<meta property=\"og:locale\" content=\"en_US\" \/>\n<meta property=\"og:type\" content=\"article\" \/>\n<meta property=\"og:title\" content=\"K\u00fapte si Vicodin hydrokod\u00f3nov\u00e9 pilulky online - Najlep\u0161ie glob\u00e1lne lieky\" \/>\n<meta property=\"og:description\" content=\"K\u00fapte si Vicodin hydrokod\u00f3nov\u00e9 pilulky online. Ka\u017ed\u00e1 tableta Vicodin obsahuje 300 mg acetaminof\u00e9nu a je k dispoz\u00edcii v troch r\u00f4znych d\u00e1vkach hydrokod\u00f3nu: 5 mg, 7,5 mg a 10 mg.\" \/>\n<meta property=\"og:url\" content=\"https:\/\/medicinasinc.com\/sk\/product\/buy-vicodin\/\" \/>\n<meta property=\"og:site_name\" content=\"Medicinas Inc\" \/>\n<meta property=\"article:modified_time\" content=\"2022-03-22T01:01:56+00:00\" \/>\n<meta property=\"og:image\" content=\"https:\/\/medicinasinc.com\/sk\/wp-content\/uploads\/sites\/10\/2022\/02\/Buy-Vicodin.jpg\" \/>\n\t<meta property=\"og:image:width\" content=\"428\" \/>\n\t<meta property=\"og:image:height\" content=\"293\" \/>\n\t<meta property=\"og:image:type\" content=\"image\/jpeg\" \/>\n<meta name=\"twitter:card\" content=\"summary_large_image\" \/>\n<meta name=\"twitter:label1\" content=\"Est. reading time\" \/>\n\t<meta name=\"twitter:data1\" content=\"4 minutes\" \/>\n<script type=\"application\/ld+json\" class=\"yoast-schema-graph\">{\"@context\":\"https:\\\/\\\/schema.org\",\"@graph\":[{\"@type\":\"WebPage\",\"@id\":\"https:\\\/\\\/medicinasinc.com\\\/sk\\\/product\\\/buy-vicodin\\\/\",\"url\":\"https:\\\/\\\/medicinasinc.com\\\/sk\\\/product\\\/buy-vicodin\\\/\",\"name\":\"K\u00fapte si Vicodin hydrokod\u00f3nov\u00e9 pilulky online - Najlep\u0161ie glob\u00e1lne lieky\",\"isPartOf\":{\"@id\":\"https:\\\/\\\/medicinasinc.com\\\/sk\\\/#website\"},\"primaryImageOfPage\":{\"@id\":\"https:\\\/\\\/medicinasinc.com\\\/sk\\\/product\\\/buy-vicodin\\\/#primaryimage\"},\"image\":{\"@id\":\"https:\\\/\\\/medicinasinc.com\\\/sk\\\/product\\\/buy-vicodin\\\/#primaryimage\"},\"thumbnailUrl\":\"https:\\\/\\\/medicinasinc.com\\\/sk\\\/wp-content\\\/uploads\\\/sites\\\/10\\\/2022\\\/02\\\/Buy-Vicodin.jpg\",\"datePublished\":\"2022-02-21T20:59:08+00:00\",\"dateModified\":\"2022-03-22T01:01:56+00:00\",\"description\":\"K\u00fapte si Vicodin hydrokod\u00f3nov\u00e9 pilulky online. Ka\u017ed\u00e1 tableta Vicodin obsahuje 300 mg acetaminof\u00e9nu a je k dispoz\u00edcii v troch r\u00f4znych d\u00e1vkach hydrokod\u00f3nu: 5 mg, 7,5 mg a 10 mg.\",\"breadcrumb\":{\"@id\":\"https:\\\/\\\/medicinasinc.com\\\/sk\\\/product\\\/buy-vicodin\\\/#breadcrumb\"},\"inLanguage\":\"en-US\",\"potentialAction\":[{\"@type\":\"ReadAction\",\"target\":[\"https:\\\/\\\/medicinasinc.com\\\/sk\\\/product\\\/buy-vicodin\\\/\"]}]},{\"@type\":\"ImageObject\",\"inLanguage\":\"en-US\",\"@id\":\"https:\\\/\\\/medicinasinc.com\\\/sk\\\/product\\\/buy-vicodin\\\/#primaryimage\",\"url\":\"https:\\\/\\\/medicinasinc.com\\\/sk\\\/wp-content\\\/uploads\\\/sites\\\/10\\\/2022\\\/02\\\/Buy-Vicodin.jpg\",\"contentUrl\":\"https:\\\/\\\/medicinasinc.com\\\/sk\\\/wp-content\\\/uploads\\\/sites\\\/10\\\/2022\\\/02\\\/Buy-Vicodin.jpg\",\"width\":428,\"height\":293},{\"@type\":\"BreadcrumbList\",\"@id\":\"https:\\\/\\\/medicinasinc.com\\\/sk\\\/product\\\/buy-vicodin\\\/#breadcrumb\",\"itemListElement\":[{\"@type\":\"ListItem\",\"position\":1,\"name\":\"Obchod\",\"item\":\"https:\\\/\\\/medicinasinc.com\\\/sk\\\/obchod\\\/\"},{\"@type\":\"ListItem\",\"position\":2,\"name\":\"K\u00fapte si Vicodin\"}]},{\"@type\":\"WebSite\",\"@id\":\"https:\\\/\\\/medicinasinc.com\\\/sk\\\/#website\",\"url\":\"https:\\\/\\\/medicinasinc.com\\\/sk\\\/\",\"name\":\"Medicinas Inc\",\"description\":\"Health Medical Clinic\",\"potentialAction\":[{\"@type\":\"SearchAction\",\"target\":{\"@type\":\"EntryPoint\",\"urlTemplate\":\"https:\\\/\\\/medicinasinc.com\\\/sk\\\/?s={search_term_string}\"},\"query-input\":{\"@type\":\"PropertyValueSpecification\",\"valueRequired\":true,\"valueName\":\"search_term_string\"}}],\"inLanguage\":\"en-US\"}]}<\/script>\n<!-- \/ Yoast SEO plugin. -->","yoast_head_json":{"title":"K\u00fapte si Vicodin hydrokod\u00f3nov\u00e9 pilulky online - Najlep\u0161ie glob\u00e1lne lieky","description":"K\u00fapte si Vicodin hydrokod\u00f3nov\u00e9 pilulky online. Ka\u017ed\u00e1 tableta Vicodin obsahuje 300 mg acetaminof\u00e9nu a je k dispoz\u00edcii v troch r\u00f4znych d\u00e1vkach hydrokod\u00f3nu: 5 mg, 7,5 mg a 10 mg.","robots":{"index":"index","follow":"follow","max-snippet":"max-snippet:-1","max-image-preview":"max-image-preview:large","max-video-preview":"max-video-preview:-1"},"canonical":"https:\/\/medicinasinc.com\/sk\/product\/buy-vicodin\/","og_locale":"en_US","og_type":"article","og_title":"K\u00fapte si Vicodin hydrokod\u00f3nov\u00e9 pilulky online - Najlep\u0161ie glob\u00e1lne lieky","og_description":"K\u00fapte si Vicodin hydrokod\u00f3nov\u00e9 pilulky online. Ka\u017ed\u00e1 tableta Vicodin obsahuje 300 mg acetaminof\u00e9nu a je k dispoz\u00edcii v troch r\u00f4znych d\u00e1vkach hydrokod\u00f3nu: 5 mg, 7,5 mg a 10 mg.","og_url":"https:\/\/medicinasinc.com\/sk\/product\/buy-vicodin\/","og_site_name":"Medicinas Inc","article_modified_time":"2022-03-22T01:01:56+00:00","og_image":[{"width":428,"height":293,"url":"https:\/\/medicinasinc.com\/sk\/wp-content\/uploads\/sites\/10\/2022\/02\/Buy-Vicodin.jpg","type":"image\/jpeg"}],"twitter_card":"summary_large_image","twitter_misc":{"Est. reading time":"4 minutes"},"schema":{"@context":"https:\/\/schema.org","@graph":[{"@type":"WebPage","@id":"https:\/\/medicinasinc.com\/sk\/product\/buy-vicodin\/","url":"https:\/\/medicinasinc.com\/sk\/product\/buy-vicodin\/","name":"K\u00fapte si Vicodin hydrokod\u00f3nov\u00e9 pilulky online - Najlep\u0161ie glob\u00e1lne lieky","isPartOf":{"@id":"https:\/\/medicinasinc.com\/sk\/#website"},"primaryImageOfPage":{"@id":"https:\/\/medicinasinc.com\/sk\/product\/buy-vicodin\/#primaryimage"},"image":{"@id":"https:\/\/medicinasinc.com\/sk\/product\/buy-vicodin\/#primaryimage"},"thumbnailUrl":"https:\/\/medicinasinc.com\/sk\/wp-content\/uploads\/sites\/10\/2022\/02\/Buy-Vicodin.jpg","datePublished":"2022-02-21T20:59:08+00:00","dateModified":"2022-03-22T01:01:56+00:00","description":"K\u00fapte si Vicodin hydrokod\u00f3nov\u00e9 pilulky online. Ka\u017ed\u00e1 tableta Vicodin obsahuje 300 mg acetaminof\u00e9nu a je k dispoz\u00edcii v troch r\u00f4znych d\u00e1vkach hydrokod\u00f3nu: 5 mg, 7,5 mg a 10 mg.","breadcrumb":{"@id":"https:\/\/medicinasinc.com\/sk\/product\/buy-vicodin\/#breadcrumb"},"inLanguage":"en-US","potentialAction":[{"@type":"ReadAction","target":["https:\/\/medicinasinc.com\/sk\/product\/buy-vicodin\/"]}]},{"@type":"ImageObject","inLanguage":"en-US","@id":"https:\/\/medicinasinc.com\/sk\/product\/buy-vicodin\/#primaryimage","url":"https:\/\/medicinasinc.com\/sk\/wp-content\/uploads\/sites\/10\/2022\/02\/Buy-Vicodin.jpg","contentUrl":"https:\/\/medicinasinc.com\/sk\/wp-content\/uploads\/sites\/10\/2022\/02\/Buy-Vicodin.jpg","width":428,"height":293},{"@type":"BreadcrumbList","@id":"https:\/\/medicinasinc.com\/sk\/product\/buy-vicodin\/#breadcrumb","itemListElement":[{"@type":"ListItem","position":1,"name":"Obchod","item":"https:\/\/medicinasinc.com\/sk\/obchod\/"},{"@type":"ListItem","position":2,"name":"K\u00fapte si Vicodin"}]},{"@type":"WebSite","@id":"https:\/\/medicinasinc.com\/sk\/#website","url":"https:\/\/medicinasinc.com\/sk\/","name":"Medicinas Inc","description":"Health Medical Clinic","potentialAction":[{"@type":"SearchAction","target":{"@type":"EntryPoint","urlTemplate":"https:\/\/medicinasinc.com\/sk\/?s={search_term_string}"},"query-input":{"@type":"PropertyValueSpecification","valueRequired":true,"valueName":"search_term_string"}}],"inLanguage":"en-US"}]}},"_links":{"self":[{"href":"https:\/\/medicinasinc.com\/sk\/wp-json\/wp\/v2\/product\/5324","targetHints":{"allow":["GET"]}}],"collection":[{"href":"https:\/\/medicinasinc.com\/sk\/wp-json\/wp\/v2\/product"}],"about":[{"href":"https:\/\/medicinasinc.com\/sk\/wp-json\/wp\/v2\/types\/product"}],"replies":[{"embeddable":true,"href":"https:\/\/medicinasinc.com\/sk\/wp-json\/wp\/v2\/comments?post=5324"}],"wp:featuredmedia":[{"embeddable":true,"href":"https:\/\/medicinasinc.com\/sk\/wp-json\/wp\/v2\/media\/5335"}],"wp:attachment":[{"href":"https:\/\/medicinasinc.com\/sk\/wp-json\/wp\/v2\/media?parent=5324"}],"wp:term":[{"taxonomy":"product_brand","embeddable":true,"href":"https:\/\/medicinasinc.com\/sk\/wp-json\/wp\/v2\/product_brand?post=5324"},{"taxonomy":"product_cat","embeddable":true,"href":"https:\/\/medicinasinc.com\/sk\/wp-json\/wp\/v2\/product_cat?post=5324"},{"taxonomy":"product_tag","embeddable":true,"href":"https:\/\/medicinasinc.com\/sk\/wp-json\/wp\/v2\/product_tag?post=5324"}],"curies":[{"name":"wp","href":"https:\/\/api.w.org\/{rel}","templated":true}]}}