{"id":5323,"date":"2022-02-21T20:57:56","date_gmt":"2022-02-21T20:57:56","guid":{"rendered":"https:\/\/medicinasinc.com\/sk\/?post_type=product&#038;p=5323"},"modified":"2022-03-22T01:02:05","modified_gmt":"2022-03-22T01:02:05","slug":"kupit-ultram-tramadol-200-mg","status":"publish","type":"product","link":"https:\/\/medicinasinc.com\/sk\/product\/kupit-ultram-tramadol-200-mg\/","title":{"rendered":"K\u00fapi\u0165 Ultram Tramadol 200 mg"},"content":{"rendered":"<p>200 mg tramadolu<\/p>\n<p>Tramadol je skuto\u010dne unik\u00e1tne myorelaxans s miernym mu-opioidn\u00fdm \u00fa\u010dinkom (v porovnan\u00ed s in\u00fdmi opioidmi) a miernym monoaminergn\u00fdm \u00fa\u010dinkom (v porovnan\u00ed s tricyklick\u00fdmi antidepres\u00edvami). Tramadol m\u00e1 tolerovate\u013en\u00fd profil ved\u013eaj\u0161\u00edch \u00fa\u010dinkov v porovnan\u00ed s tricyklick\u00fdmi antidepres\u00edvami a antiepileptikami.<\/p>\n<p>Tolerancia a spoliehanie sa s\u00fa menej \u010dast\u00e9 medic\u00ednske n\u00e1sledky, hoci existuj\u00fa. Aktivita tramadolu nie je obmedzen\u00e1 na neuropatiu; tie\u017e zmier\u0148uje nepr\u00edjemn\u00e9 (nocicept\u00edvne) pocity, \u010d\u00edm sa st\u00e1va jedn\u00fdm zo \u0161tyroch typov bolesti.<\/p>\n<p>Popis:<\/p>\n<p>Tramadol nie je pre slab\u00e9 povahy, preto\u017ee je siln\u00fd psychoakt\u00edvny l\u00e1tka. Analgetick\u00fd \u00fa\u010dinok trv\u00e1 15-30 min\u00fat a trv\u00e1 6 hod\u00edn. M\u00f4\u017ee sa pou\u017ei\u0165 aj s paracetamolom. Tramadol je sedat\u00edvum.<\/p>\n<p>Tramadol ako mimoriadne siln\u00fd liek sa mus\u00ed u\u017e\u00edva\u0165 presne pod\u013ea predpisu. Za ur\u010denie d\u013a\u017eky lie\u010dby je v kone\u010dnom d\u00f4sledku zodpovedn\u00fd lek\u00e1r. Neleg\u00e1lne u\u017e\u00edvanie drog m\u00f4\u017ee ma\u0165 v\u00e1\u017ene, dokonca smrte\u013en\u00e9 n\u00e1sledky. Po\u010das lie\u010dby tramadolom by ste sa mali vyh\u00fdba\u0165 vedeniu auta alebo in\u00fdm \u010dinnostiam, ktor\u00e9 si vy\u017eaduj\u00fa vysok\u00fa \u00farove\u0148 koncentr\u00e1cie.<\/p>\n<p>Vzh\u013eadom na to, \u017ee tramadol je opioidn\u00fd agonista, m\u00e1 potenci\u00e1l vytv\u00e1ra\u0165 ment\u00e1lne aj fyzick\u00e9 z\u00e1vislos\u0165. Medzin\u00e1rodn\u00fd dohovor klasifikuje t\u00fato chemik\u00e1liu ako narkotikum. V d\u00f4sledku toho je k dispoz\u00edcii iba na lek\u00e1rsky predpis. Neopioidn\u00e9 lieky proti bolesti sa predpisuj\u00fa iba vtedy, ke\u010f s\u00fa neopioidn\u00e9 lieky ne\u00fa\u010dinn\u00e9.<\/p>\n<p>Lieky:<\/p>\n<p>U\u017e\u00edvajte tramadol \u00fastami pod\u013ea predpisu lek\u00e1ra, \u010dasto ka\u017ed\u00e9 4 a\u017e 6 hod\u00edn pod\u013ea potreby. Tramadol je bezpe\u010dn\u00fd na u\u017e\u00edvanie s jedlom alebo bez jedla. Ak poc\u00edtite nevo\u013enos\u0165, tramadol u\u017e\u00edvan\u00fd s jedlom v\u00e1m m\u00f4\u017ee pom\u00f4c\u0165. \u010eal\u0161ie opatrenia na zmiernenie nevo\u013enosti m\u00f4\u017eete konzultova\u0165 so svoj\u00edm lek\u00e1rom alebo lek\u00e1rnikom (napr\u00edklad le\u017eanie na 1 a\u017e 2 hodiny s \u010do najmen\u0161\u00edm pohybom hlavy). Na\u0161a webov\u00e1 str\u00e1nka v\u00e1m umo\u017e\u0148uje k\u00fapi\u0165 tramadol 200 mg online.<\/p>\n<p>D\u00e1vka z\u00e1vis\u00ed od v\u00e1\u0161ho zdravotn\u00e9ho stavu a reakcie na lie\u010dbu. Aby sa minimalizovalo riziko ne\u017eiaducich \u00fa\u010dinkov, v\u00e1\u0161 lek\u00e1r v\u00e1m m\u00f4\u017ee odporu\u010di\u0165 za\u010da\u0165 s n\u00edzkou d\u00e1vkou tramadolu a postupne ju zvy\u0161ova\u0165. Dodr\u017eiavajte pod\u013ea rady lek\u00e1ra. Najvy\u0161\u0161ia odpor\u00fa\u010dan\u00e1 denn\u00e1 d\u00e1vka je 400 mg. Odpor\u00fa\u010dan\u00e1 maxim\u00e1lna d\u00e1vka pre osoby star\u0161ie ako 75 rokov je 300 mg denne. Nezvy\u0161ujte d\u00e1vku tramadolu, u\u017e\u00edvajte ho \u010dastej\u0161ie alebo dlh\u0161\u00ed \u010das, ako je predp\u00edsan\u00e9. Ke\u010f je tramadol predp\u00edsan\u00fd, treba ho okam\u017eite vysadi\u0165.<\/p>\n<p>Odpor\u00fa\u010da sa, aby sa lacn\u00fd tramadol online pou\u017e\u00edval mimoriadne opatrne u<\/p>\n<p>Jednotlivcov, ktor\u00ed s\u00fa z\u00e1visl\u00ed od opioidov; t\u00ed, ktor\u00ed utrpeli poranenie mozgu, \u0161ok alebo zn\u00ed\u017een\u00fa \u00farove\u0148 vedomia z nezn\u00e1meho d\u00f4vodu; a<\/p>\n<p>Okrem toho k poruch\u00e1m d\u00fdchacieho centra alebo respira\u010dn\u00fdch funkci\u00ed<\/p>\n<p>zodpovedaj\u00face zv\u00fd\u0161enie intrakrani\u00e1lneho tlaku (ICP).<br \/> porucha funkcie obli\u010diek a pe\u010dene<\/p>\n<p>Tramadoliumchlorid by sa mal u\u017e\u00edva\u0165 opatrne u jedincov, ktor\u00ed s\u00fa citliv\u00ed na opi\u00e1ty.<\/p>\n","protected":false},"excerpt":{"rendered":"<p>Online lek\u00e1re\u0148 na n\u00e1kup tabliet Ultram Tramadol 200 mg<\/p>\n<p>K\u00fapte si Tramadol Ultram online.<\/p>\n<p>Objednajte si tresku Tramadol cez noc. Lacn\u00e9 no\u010dn\u00e9 doru\u010denie tramadolu<\/p>\n<p>Zistite, kde si m\u00f4\u017eete Tramadol objedna\u0165 online bez lek\u00e1rskeho predpisu za najni\u017e\u0161iu cenu. &#8230; Dostupn\u00e9 tablety v nasleduj\u00facich sil\u00e1ch: 50 mg, 100 mg, 150 mg a 200 mg.<\/p>\n<div class=\"product-next-previous\">\n<div class=\"product-prev\"><\/div>\n<\/p><\/div>\n","protected":false},"featured_media":5333,"comment_status":"open","ping_status":"closed","template":"","meta":[],"product_brand":[],"product_cat":[1117],"product_tag":[1904,1905,1906,1907,1908,1909,1910,1912,1915,1914,1911,1913],"class_list":{"0":"post-5323","1":"product","2":"type-product","3":"status-publish","4":"has-post-thumbnail","6":"product_cat-kupte-si-tabletky-proti-bolesti-spanku-sexu","7":"product_tag-buy-tramadol-in-florida","8":"product_tag-buy-tramadol-online-cheap","9":"product_tag-buy-tramadol-online-overnight","10":"product_tag-cheap-tramadol-without-a-prescription","11":"product_tag-cheap-ultram-no-prescription","12":"product_tag-generic-ultram-er","13":"product_tag-non-tramadol","14":"product_tag-tramadol-hydrochloride-paracetamol","15":"product_tag-ultram-er-200","16":"product_tag-ultram-drogov-interakcie","17":"product_tag-tramadol-hcl-50-mg-pouit","18":"product_tag-tramadol-vedajie-inky-psi","20":"first","21":"instock","22":"shipping-taxable","23":"purchasable","24":"product-type-variable","25":"has-default-attributes"},"yoast_head":"<!-- This site is optimized with the Yoast SEO plugin v27.3 - https:\/\/yoast.com\/product\/yoast-seo-wordpress\/ -->\n<title>K\u00fapte si tabletky Ultram Tramadol 200 mg online \u2013 najlep\u0161ie glob\u00e1lne lieky<\/title>\n<meta name=\"description\" content=\"K\u00fapte si Tramadol Ultram 200 mg online. Objednajte si Tramadol\u00a0Overnight Cod. Podrobnosti:\u00a0Lacn\u00e9 online doru\u010denie Tramadolom cez noc\" \/>\n<meta name=\"robots\" content=\"index, follow, max-snippet:-1, max-image-preview:large, max-video-preview:-1\" \/>\n<link rel=\"canonical\" href=\"https:\/\/medicinasinc.com\/sk\/product\/kupit-ultram-tramadol-200-mg\/\" \/>\n<meta property=\"og:locale\" content=\"en_US\" \/>\n<meta property=\"og:type\" content=\"article\" \/>\n<meta property=\"og:title\" content=\"K\u00fapte si tabletky Ultram Tramadol 200 mg online \u2013 najlep\u0161ie glob\u00e1lne lieky\" \/>\n<meta property=\"og:description\" content=\"K\u00fapte si Tramadol Ultram 200 mg online. Objednajte si Tramadol\u00a0Overnight Cod. Podrobnosti:\u00a0Lacn\u00e9 online doru\u010denie Tramadolom cez noc\" \/>\n<meta property=\"og:url\" content=\"https:\/\/medicinasinc.com\/sk\/product\/kupit-ultram-tramadol-200-mg\/\" \/>\n<meta property=\"og:site_name\" content=\"Medicinas Inc\" \/>\n<meta property=\"article:modified_time\" content=\"2022-03-22T01:02:05+00:00\" \/>\n<meta property=\"og:image\" content=\"https:\/\/medicinasinc.com\/sk\/wp-content\/uploads\/sites\/10\/2022\/02\/Buy-Ultram-Tramadol-200mg.jpg\" \/>\n\t<meta property=\"og:image:width\" content=\"300\" \/>\n\t<meta property=\"og:image:height\" content=\"225\" \/>\n\t<meta property=\"og:image:type\" content=\"image\/jpeg\" \/>\n<meta name=\"twitter:card\" content=\"summary_large_image\" \/>\n<meta name=\"twitter:label1\" content=\"Est. reading time\" \/>\n\t<meta name=\"twitter:data1\" content=\"2 minutes\" \/>\n<script type=\"application\/ld+json\" class=\"yoast-schema-graph\">{\"@context\":\"https:\\\/\\\/schema.org\",\"@graph\":[{\"@type\":\"WebPage\",\"@id\":\"https:\\\/\\\/medicinasinc.com\\\/sk\\\/product\\\/kupit-ultram-tramadol-200-mg\\\/\",\"url\":\"https:\\\/\\\/medicinasinc.com\\\/sk\\\/product\\\/kupit-ultram-tramadol-200-mg\\\/\",\"name\":\"K\u00fapte si tabletky Ultram Tramadol 200 mg online \u2013 najlep\u0161ie glob\u00e1lne lieky\",\"isPartOf\":{\"@id\":\"https:\\\/\\\/medicinasinc.com\\\/sk\\\/#website\"},\"primaryImageOfPage\":{\"@id\":\"https:\\\/\\\/medicinasinc.com\\\/sk\\\/product\\\/kupit-ultram-tramadol-200-mg\\\/#primaryimage\"},\"image\":{\"@id\":\"https:\\\/\\\/medicinasinc.com\\\/sk\\\/product\\\/kupit-ultram-tramadol-200-mg\\\/#primaryimage\"},\"thumbnailUrl\":\"https:\\\/\\\/medicinasinc.com\\\/sk\\\/wp-content\\\/uploads\\\/sites\\\/10\\\/2022\\\/02\\\/Buy-Ultram-Tramadol-200mg.jpg\",\"datePublished\":\"2022-02-21T20:57:56+00:00\",\"dateModified\":\"2022-03-22T01:02:05+00:00\",\"description\":\"K\u00fapte si Tramadol Ultram 200 mg online. Objednajte si Tramadol\u00a0Overnight Cod. Podrobnosti:\u00a0Lacn\u00e9 online doru\u010denie Tramadolom cez noc\",\"breadcrumb\":{\"@id\":\"https:\\\/\\\/medicinasinc.com\\\/sk\\\/product\\\/kupit-ultram-tramadol-200-mg\\\/#breadcrumb\"},\"inLanguage\":\"en-US\",\"potentialAction\":[{\"@type\":\"ReadAction\",\"target\":[\"https:\\\/\\\/medicinasinc.com\\\/sk\\\/product\\\/kupit-ultram-tramadol-200-mg\\\/\"]}]},{\"@type\":\"ImageObject\",\"inLanguage\":\"en-US\",\"@id\":\"https:\\\/\\\/medicinasinc.com\\\/sk\\\/product\\\/kupit-ultram-tramadol-200-mg\\\/#primaryimage\",\"url\":\"https:\\\/\\\/medicinasinc.com\\\/sk\\\/wp-content\\\/uploads\\\/sites\\\/10\\\/2022\\\/02\\\/Buy-Ultram-Tramadol-200mg.jpg\",\"contentUrl\":\"https:\\\/\\\/medicinasinc.com\\\/sk\\\/wp-content\\\/uploads\\\/sites\\\/10\\\/2022\\\/02\\\/Buy-Ultram-Tramadol-200mg.jpg\",\"width\":300,\"height\":225},{\"@type\":\"BreadcrumbList\",\"@id\":\"https:\\\/\\\/medicinasinc.com\\\/sk\\\/product\\\/kupit-ultram-tramadol-200-mg\\\/#breadcrumb\",\"itemListElement\":[{\"@type\":\"ListItem\",\"position\":1,\"name\":\"Obchod\",\"item\":\"https:\\\/\\\/medicinasinc.com\\\/sk\\\/obchod\\\/\"},{\"@type\":\"ListItem\",\"position\":2,\"name\":\"K\u00fapi\u0165 Ultram Tramadol 200 mg\"}]},{\"@type\":\"WebSite\",\"@id\":\"https:\\\/\\\/medicinasinc.com\\\/sk\\\/#website\",\"url\":\"https:\\\/\\\/medicinasinc.com\\\/sk\\\/\",\"name\":\"Medicinas Inc\",\"description\":\"Health Medical Clinic\",\"potentialAction\":[{\"@type\":\"SearchAction\",\"target\":{\"@type\":\"EntryPoint\",\"urlTemplate\":\"https:\\\/\\\/medicinasinc.com\\\/sk\\\/?s={search_term_string}\"},\"query-input\":{\"@type\":\"PropertyValueSpecification\",\"valueRequired\":true,\"valueName\":\"search_term_string\"}}],\"inLanguage\":\"en-US\"}]}<\/script>\n<!-- \/ Yoast SEO plugin. -->","yoast_head_json":{"title":"K\u00fapte si tabletky Ultram Tramadol 200 mg online \u2013 najlep\u0161ie glob\u00e1lne lieky","description":"K\u00fapte si Tramadol Ultram 200 mg online. Objednajte si Tramadol\u00a0Overnight Cod. Podrobnosti:\u00a0Lacn\u00e9 online doru\u010denie Tramadolom cez noc","robots":{"index":"index","follow":"follow","max-snippet":"max-snippet:-1","max-image-preview":"max-image-preview:large","max-video-preview":"max-video-preview:-1"},"canonical":"https:\/\/medicinasinc.com\/sk\/product\/kupit-ultram-tramadol-200-mg\/","og_locale":"en_US","og_type":"article","og_title":"K\u00fapte si tabletky Ultram Tramadol 200 mg online \u2013 najlep\u0161ie glob\u00e1lne lieky","og_description":"K\u00fapte si Tramadol Ultram 200 mg online. Objednajte si Tramadol\u00a0Overnight Cod. Podrobnosti:\u00a0Lacn\u00e9 online doru\u010denie Tramadolom cez noc","og_url":"https:\/\/medicinasinc.com\/sk\/product\/kupit-ultram-tramadol-200-mg\/","og_site_name":"Medicinas Inc","article_modified_time":"2022-03-22T01:02:05+00:00","og_image":[{"width":300,"height":225,"url":"https:\/\/medicinasinc.com\/sk\/wp-content\/uploads\/sites\/10\/2022\/02\/Buy-Ultram-Tramadol-200mg.jpg","type":"image\/jpeg"}],"twitter_card":"summary_large_image","twitter_misc":{"Est. reading time":"2 minutes"},"schema":{"@context":"https:\/\/schema.org","@graph":[{"@type":"WebPage","@id":"https:\/\/medicinasinc.com\/sk\/product\/kupit-ultram-tramadol-200-mg\/","url":"https:\/\/medicinasinc.com\/sk\/product\/kupit-ultram-tramadol-200-mg\/","name":"K\u00fapte si tabletky Ultram Tramadol 200 mg online \u2013 najlep\u0161ie glob\u00e1lne lieky","isPartOf":{"@id":"https:\/\/medicinasinc.com\/sk\/#website"},"primaryImageOfPage":{"@id":"https:\/\/medicinasinc.com\/sk\/product\/kupit-ultram-tramadol-200-mg\/#primaryimage"},"image":{"@id":"https:\/\/medicinasinc.com\/sk\/product\/kupit-ultram-tramadol-200-mg\/#primaryimage"},"thumbnailUrl":"https:\/\/medicinasinc.com\/sk\/wp-content\/uploads\/sites\/10\/2022\/02\/Buy-Ultram-Tramadol-200mg.jpg","datePublished":"2022-02-21T20:57:56+00:00","dateModified":"2022-03-22T01:02:05+00:00","description":"K\u00fapte si Tramadol Ultram 200 mg online. Objednajte si Tramadol\u00a0Overnight Cod. Podrobnosti:\u00a0Lacn\u00e9 online doru\u010denie Tramadolom cez noc","breadcrumb":{"@id":"https:\/\/medicinasinc.com\/sk\/product\/kupit-ultram-tramadol-200-mg\/#breadcrumb"},"inLanguage":"en-US","potentialAction":[{"@type":"ReadAction","target":["https:\/\/medicinasinc.com\/sk\/product\/kupit-ultram-tramadol-200-mg\/"]}]},{"@type":"ImageObject","inLanguage":"en-US","@id":"https:\/\/medicinasinc.com\/sk\/product\/kupit-ultram-tramadol-200-mg\/#primaryimage","url":"https:\/\/medicinasinc.com\/sk\/wp-content\/uploads\/sites\/10\/2022\/02\/Buy-Ultram-Tramadol-200mg.jpg","contentUrl":"https:\/\/medicinasinc.com\/sk\/wp-content\/uploads\/sites\/10\/2022\/02\/Buy-Ultram-Tramadol-200mg.jpg","width":300,"height":225},{"@type":"BreadcrumbList","@id":"https:\/\/medicinasinc.com\/sk\/product\/kupit-ultram-tramadol-200-mg\/#breadcrumb","itemListElement":[{"@type":"ListItem","position":1,"name":"Obchod","item":"https:\/\/medicinasinc.com\/sk\/obchod\/"},{"@type":"ListItem","position":2,"name":"K\u00fapi\u0165 Ultram Tramadol 200 mg"}]},{"@type":"WebSite","@id":"https:\/\/medicinasinc.com\/sk\/#website","url":"https:\/\/medicinasinc.com\/sk\/","name":"Medicinas Inc","description":"Health Medical Clinic","potentialAction":[{"@type":"SearchAction","target":{"@type":"EntryPoint","urlTemplate":"https:\/\/medicinasinc.com\/sk\/?s={search_term_string}"},"query-input":{"@type":"PropertyValueSpecification","valueRequired":true,"valueName":"search_term_string"}}],"inLanguage":"en-US"}]}},"_links":{"self":[{"href":"https:\/\/medicinasinc.com\/sk\/wp-json\/wp\/v2\/product\/5323","targetHints":{"allow":["GET"]}}],"collection":[{"href":"https:\/\/medicinasinc.com\/sk\/wp-json\/wp\/v2\/product"}],"about":[{"href":"https:\/\/medicinasinc.com\/sk\/wp-json\/wp\/v2\/types\/product"}],"replies":[{"embeddable":true,"href":"https:\/\/medicinasinc.com\/sk\/wp-json\/wp\/v2\/comments?post=5323"}],"wp:featuredmedia":[{"embeddable":true,"href":"https:\/\/medicinasinc.com\/sk\/wp-json\/wp\/v2\/media\/5333"}],"wp:attachment":[{"href":"https:\/\/medicinasinc.com\/sk\/wp-json\/wp\/v2\/media?parent=5323"}],"wp:term":[{"taxonomy":"product_brand","embeddable":true,"href":"https:\/\/medicinasinc.com\/sk\/wp-json\/wp\/v2\/product_brand?post=5323"},{"taxonomy":"product_cat","embeddable":true,"href":"https:\/\/medicinasinc.com\/sk\/wp-json\/wp\/v2\/product_cat?post=5323"},{"taxonomy":"product_tag","embeddable":true,"href":"https:\/\/medicinasinc.com\/sk\/wp-json\/wp\/v2\/product_tag?post=5323"}],"curies":[{"name":"wp","href":"https:\/\/api.w.org\/{rel}","templated":true}]}}