{"id":5322,"date":"2022-02-21T20:57:13","date_gmt":"2022-02-21T20:57:13","guid":{"rendered":"https:\/\/medicinasinc.com\/sk\/?post_type=product&#038;p=5322"},"modified":"2022-03-22T01:02:18","modified_gmt":"2022-03-22T01:02:18","slug":"tramadol-100-mg","status":"publish","type":"product","link":"https:\/\/medicinasinc.com\/sk\/product\/tramadol-100-mg\/","title":{"rendered":"Tramadol 100 mg"},"content":{"rendered":"<p>Tramadol 100 mg na siln\u00fa boles\u0165<\/p>\n<p>Ur\u010dit\u00e9 zranenia si vy\u017eaduj\u00fa roky na hojenie, po\u010das ktor\u00fdch mus\u00ed obe\u0165 zn\u00e1\u0161a\u0165 nepohodlie. Boles\u0165 spojen\u00e1 s poranen\u00edm sa m\u00f4\u017ee pohybova\u0165 od miernej a\u017e po siln\u00fa, v z\u00e1vislosti od h\u013abky a ve\u013ekosti rany. Vystre\u013euj\u00faca boles\u0165 v\u0161ak m\u00f4\u017ee ob\u010das naru\u0161i\u0165 pravideln\u00fd re\u017eim jednotlivca. V tak\u00fdchto pr\u00edpadoch si \u013eudia bud\u00fa musie\u0165 vymyslie\u0165 sp\u00f4sob pre\u017eitia. Zam\u00fd\u0161\u013ean\u00e9 pre\u017eitie m\u00f4\u017eu dosiahnu\u0165 zmiernen\u00edm \u010dasti bolesti. M\u00f4\u017eu si k\u00fapi\u0165 tramadol 100 mg online z r\u00f4znych zdrojov, aby z\u00edskali okam\u017eit\u00fa \u00fa\u013eavu od bolesti.<\/p>\n<p>Tramadol 100 mg je \u00fa\u010dinn\u00fd<\/p>\n<p>K\u00fapte si Tramadol 100 mg online, aby ste im pomohli zmierni\u0165 boles\u0165 a umo\u017enili im pokra\u010dova\u0165 v lie\u010dbe ich rutina. Tramadol v\u0161ak \u00fa\u010dinkuje inak ako ostatn\u00e9 lieky. Prim\u00e1rnou funkciou tablety je tlmi\u0165 boles\u0165, nie hoji\u0165 zranenie. Tablety maj\u00fa \u00fa\u010dinok na nervy bolesti mozgu. Znecitlivuje \u017eily, \u010d\u00edm im br\u00e1ni poci\u0165ova\u0165 boles\u0165. V\u00fdsledkom je, \u017ee znecitlivenie im pom\u00f4\u017ee pre\u017ei\u0165 de\u0148 bez toho, aby zasahovalo do ich be\u017enej rutiny.<\/p>\n<p>Z\u00e1va\u017en\u00e9 ne\u017eiaduce reakcie<\/p>\n<p>V mozgu sa objavuje znecitlivenie a tablety menia sp\u00f4sob mozgov\u00fdch funkci\u00ed, \u010do vedie k r\u00f4znym \u0165a\u017ekostiam. Medzi z\u00e1va\u017en\u00e9 ved\u013eaj\u0161ie \u00fa\u010dinky patr\u00ed necitlivos\u0165 v mozgu, prechodn\u00e1 strata pam\u00e4ti a in\u00e9 poruchy tohto charakteru. Z\u00e1vraty a in\u00e9 \u0165a\u017ekosti bud\u00fa be\u017en\u00fdm javom. V d\u00f4sledku toho bude potrebn\u00e9 upravi\u0165 d\u00e1vku tabliet pre jednotlivca, aby sa predi\u0161lo z\u00e1va\u017en\u00fdm ne\u017eiaducim \u00fa\u010dinkom.<\/p>\n<p>Odpor\u00fa\u010dan\u00e1 denn\u00e1 d\u00e1vka tablety je medzi 50 a 300 mg a m\u00e1 sa u\u017e\u00edva\u0165 iba raz za de\u0148. Tramadol m\u00f4\u017eete z\u00edska\u0165 online z r\u00f4znych webov\u00fdch str\u00e1nok, ale po\u017eitie by malo by\u0165 zalo\u017een\u00e9 na odpor\u00fa\u010dan\u00ed lek\u00e1ra. Pri predch\u00e1dzan\u00ed nepriazniv\u00fdm n\u00e1sledkom bude d\u00f4le\u017eit\u00e1 rada lek\u00e1ra.<\/p>\n","protected":false},"excerpt":{"rendered":"<div class=\"woocommerce-product-details__short-description\">\n<p>Tabletky Tramadol SR 100 mg je mo\u017en\u00e9 zak\u00fapi\u0165 online. K\u00fapte si Tramadol Online Tramal SR 100 mg bez lek\u00e1rskeho predpisu za cenu, ktor\u00e1 je o 80 % ni\u017e\u0161ia ako cena, ktor\u00fa by ste zaplatili v lek\u00e1rni v USA.<\/p>\n<\/p><\/div>\n","protected":false},"featured_media":5331,"comment_status":"open","ping_status":"closed","template":"","meta":[],"product_brand":[],"product_cat":[1117],"product_tag":[],"class_list":{"0":"post-5322","1":"product","2":"type-product","3":"status-publish","4":"has-post-thumbnail","6":"product_cat-kupte-si-tabletky-proti-bolesti-spanku-sexu","8":"first","9":"instock","10":"shipping-taxable","11":"purchasable","12":"product-type-variable","13":"has-default-attributes"},"yoast_head":"<!-- This site is optimized with the Yoast SEO plugin v27.3 - https:\/\/yoast.com\/product\/yoast-seo-wordpress\/ -->\n<title>K\u00fapte si tabletky Tramal SR 100 mg online \u2013 najlep\u0161ie najlep\u0161ie glob\u00e1lne lieky<\/title>\n<meta name=\"description\" content=\"K\u00fapte si online tabletky Tramal SR 100 mg. K\u00fapte si Tramadol Online Tramal SR 100 mg bez lek\u00e1rskeho predpisu za 80 % ni\u017e\u0161iu cenu ako v americk\u00fdch lek\u00e1r\u0148ach.\" \/>\n<meta name=\"robots\" content=\"index, follow, max-snippet:-1, max-image-preview:large, max-video-preview:-1\" \/>\n<link rel=\"canonical\" href=\"https:\/\/medicinasinc.com\/sk\/product\/tramadol-100-mg\/\" \/>\n<meta property=\"og:locale\" content=\"en_US\" \/>\n<meta property=\"og:type\" content=\"article\" \/>\n<meta property=\"og:title\" content=\"K\u00fapte si tabletky Tramal SR 100 mg online \u2013 najlep\u0161ie najlep\u0161ie glob\u00e1lne lieky\" \/>\n<meta property=\"og:description\" content=\"K\u00fapte si online tabletky Tramal SR 100 mg. K\u00fapte si Tramadol Online Tramal SR 100 mg bez lek\u00e1rskeho predpisu za 80 % ni\u017e\u0161iu cenu ako v americk\u00fdch lek\u00e1r\u0148ach.\" \/>\n<meta property=\"og:url\" content=\"https:\/\/medicinasinc.com\/sk\/product\/tramadol-100-mg\/\" \/>\n<meta property=\"og:site_name\" content=\"Medicinas Inc\" \/>\n<meta property=\"article:modified_time\" content=\"2022-03-22T01:02:18+00:00\" \/>\n<meta property=\"og:image\" content=\"https:\/\/medicinasinc.com\/sk\/wp-content\/uploads\/sites\/10\/2022\/02\/Tramadol-100mg-1.jpg\" \/>\n\t<meta property=\"og:image:width\" content=\"600\" \/>\n\t<meta property=\"og:image:height\" content=\"358\" \/>\n\t<meta property=\"og:image:type\" content=\"image\/jpeg\" \/>\n<meta name=\"twitter:card\" content=\"summary_large_image\" \/>\n<meta name=\"twitter:label1\" content=\"Est. reading time\" \/>\n\t<meta name=\"twitter:data1\" content=\"2 minutes\" \/>\n<script type=\"application\/ld+json\" class=\"yoast-schema-graph\">{\"@context\":\"https:\\\/\\\/schema.org\",\"@graph\":[{\"@type\":\"WebPage\",\"@id\":\"https:\\\/\\\/medicinasinc.com\\\/sk\\\/product\\\/tramadol-100-mg\\\/\",\"url\":\"https:\\\/\\\/medicinasinc.com\\\/sk\\\/product\\\/tramadol-100-mg\\\/\",\"name\":\"K\u00fapte si tabletky Tramal SR 100 mg online \u2013 najlep\u0161ie najlep\u0161ie glob\u00e1lne lieky\",\"isPartOf\":{\"@id\":\"https:\\\/\\\/medicinasinc.com\\\/sk\\\/#website\"},\"primaryImageOfPage\":{\"@id\":\"https:\\\/\\\/medicinasinc.com\\\/sk\\\/product\\\/tramadol-100-mg\\\/#primaryimage\"},\"image\":{\"@id\":\"https:\\\/\\\/medicinasinc.com\\\/sk\\\/product\\\/tramadol-100-mg\\\/#primaryimage\"},\"thumbnailUrl\":\"https:\\\/\\\/medicinasinc.com\\\/sk\\\/wp-content\\\/uploads\\\/sites\\\/10\\\/2022\\\/02\\\/Tramadol-100mg-1.jpg\",\"datePublished\":\"2022-02-21T20:57:13+00:00\",\"dateModified\":\"2022-03-22T01:02:18+00:00\",\"description\":\"K\u00fapte si online tabletky Tramal SR 100 mg. K\u00fapte si Tramadol Online Tramal SR 100 mg bez lek\u00e1rskeho predpisu za 80 % ni\u017e\u0161iu cenu ako v americk\u00fdch lek\u00e1r\u0148ach.\",\"breadcrumb\":{\"@id\":\"https:\\\/\\\/medicinasinc.com\\\/sk\\\/product\\\/tramadol-100-mg\\\/#breadcrumb\"},\"inLanguage\":\"en-US\",\"potentialAction\":[{\"@type\":\"ReadAction\",\"target\":[\"https:\\\/\\\/medicinasinc.com\\\/sk\\\/product\\\/tramadol-100-mg\\\/\"]}]},{\"@type\":\"ImageObject\",\"inLanguage\":\"en-US\",\"@id\":\"https:\\\/\\\/medicinasinc.com\\\/sk\\\/product\\\/tramadol-100-mg\\\/#primaryimage\",\"url\":\"https:\\\/\\\/medicinasinc.com\\\/sk\\\/wp-content\\\/uploads\\\/sites\\\/10\\\/2022\\\/02\\\/Tramadol-100mg-1.jpg\",\"contentUrl\":\"https:\\\/\\\/medicinasinc.com\\\/sk\\\/wp-content\\\/uploads\\\/sites\\\/10\\\/2022\\\/02\\\/Tramadol-100mg-1.jpg\",\"width\":600,\"height\":358},{\"@type\":\"BreadcrumbList\",\"@id\":\"https:\\\/\\\/medicinasinc.com\\\/sk\\\/product\\\/tramadol-100-mg\\\/#breadcrumb\",\"itemListElement\":[{\"@type\":\"ListItem\",\"position\":1,\"name\":\"Obchod\",\"item\":\"https:\\\/\\\/medicinasinc.com\\\/sk\\\/obchod\\\/\"},{\"@type\":\"ListItem\",\"position\":2,\"name\":\"Tramadol 100 mg\"}]},{\"@type\":\"WebSite\",\"@id\":\"https:\\\/\\\/medicinasinc.com\\\/sk\\\/#website\",\"url\":\"https:\\\/\\\/medicinasinc.com\\\/sk\\\/\",\"name\":\"Medicinas Inc\",\"description\":\"Health Medical Clinic\",\"potentialAction\":[{\"@type\":\"SearchAction\",\"target\":{\"@type\":\"EntryPoint\",\"urlTemplate\":\"https:\\\/\\\/medicinasinc.com\\\/sk\\\/?s={search_term_string}\"},\"query-input\":{\"@type\":\"PropertyValueSpecification\",\"valueRequired\":true,\"valueName\":\"search_term_string\"}}],\"inLanguage\":\"en-US\"}]}<\/script>\n<!-- \/ Yoast SEO plugin. -->","yoast_head_json":{"title":"K\u00fapte si tabletky Tramal SR 100 mg online \u2013 najlep\u0161ie najlep\u0161ie glob\u00e1lne lieky","description":"K\u00fapte si online tabletky Tramal SR 100 mg. K\u00fapte si Tramadol Online Tramal SR 100 mg bez lek\u00e1rskeho predpisu za 80 % ni\u017e\u0161iu cenu ako v americk\u00fdch lek\u00e1r\u0148ach.","robots":{"index":"index","follow":"follow","max-snippet":"max-snippet:-1","max-image-preview":"max-image-preview:large","max-video-preview":"max-video-preview:-1"},"canonical":"https:\/\/medicinasinc.com\/sk\/product\/tramadol-100-mg\/","og_locale":"en_US","og_type":"article","og_title":"K\u00fapte si tabletky Tramal SR 100 mg online \u2013 najlep\u0161ie najlep\u0161ie glob\u00e1lne lieky","og_description":"K\u00fapte si online tabletky Tramal SR 100 mg. K\u00fapte si Tramadol Online Tramal SR 100 mg bez lek\u00e1rskeho predpisu za 80 % ni\u017e\u0161iu cenu ako v americk\u00fdch lek\u00e1r\u0148ach.","og_url":"https:\/\/medicinasinc.com\/sk\/product\/tramadol-100-mg\/","og_site_name":"Medicinas Inc","article_modified_time":"2022-03-22T01:02:18+00:00","og_image":[{"width":600,"height":358,"url":"https:\/\/medicinasinc.com\/sk\/wp-content\/uploads\/sites\/10\/2022\/02\/Tramadol-100mg-1.jpg","type":"image\/jpeg"}],"twitter_card":"summary_large_image","twitter_misc":{"Est. reading time":"2 minutes"},"schema":{"@context":"https:\/\/schema.org","@graph":[{"@type":"WebPage","@id":"https:\/\/medicinasinc.com\/sk\/product\/tramadol-100-mg\/","url":"https:\/\/medicinasinc.com\/sk\/product\/tramadol-100-mg\/","name":"K\u00fapte si tabletky Tramal SR 100 mg online \u2013 najlep\u0161ie najlep\u0161ie glob\u00e1lne lieky","isPartOf":{"@id":"https:\/\/medicinasinc.com\/sk\/#website"},"primaryImageOfPage":{"@id":"https:\/\/medicinasinc.com\/sk\/product\/tramadol-100-mg\/#primaryimage"},"image":{"@id":"https:\/\/medicinasinc.com\/sk\/product\/tramadol-100-mg\/#primaryimage"},"thumbnailUrl":"https:\/\/medicinasinc.com\/sk\/wp-content\/uploads\/sites\/10\/2022\/02\/Tramadol-100mg-1.jpg","datePublished":"2022-02-21T20:57:13+00:00","dateModified":"2022-03-22T01:02:18+00:00","description":"K\u00fapte si online tabletky Tramal SR 100 mg. K\u00fapte si Tramadol Online Tramal SR 100 mg bez lek\u00e1rskeho predpisu za 80 % ni\u017e\u0161iu cenu ako v americk\u00fdch lek\u00e1r\u0148ach.","breadcrumb":{"@id":"https:\/\/medicinasinc.com\/sk\/product\/tramadol-100-mg\/#breadcrumb"},"inLanguage":"en-US","potentialAction":[{"@type":"ReadAction","target":["https:\/\/medicinasinc.com\/sk\/product\/tramadol-100-mg\/"]}]},{"@type":"ImageObject","inLanguage":"en-US","@id":"https:\/\/medicinasinc.com\/sk\/product\/tramadol-100-mg\/#primaryimage","url":"https:\/\/medicinasinc.com\/sk\/wp-content\/uploads\/sites\/10\/2022\/02\/Tramadol-100mg-1.jpg","contentUrl":"https:\/\/medicinasinc.com\/sk\/wp-content\/uploads\/sites\/10\/2022\/02\/Tramadol-100mg-1.jpg","width":600,"height":358},{"@type":"BreadcrumbList","@id":"https:\/\/medicinasinc.com\/sk\/product\/tramadol-100-mg\/#breadcrumb","itemListElement":[{"@type":"ListItem","position":1,"name":"Obchod","item":"https:\/\/medicinasinc.com\/sk\/obchod\/"},{"@type":"ListItem","position":2,"name":"Tramadol 100 mg"}]},{"@type":"WebSite","@id":"https:\/\/medicinasinc.com\/sk\/#website","url":"https:\/\/medicinasinc.com\/sk\/","name":"Medicinas Inc","description":"Health Medical Clinic","potentialAction":[{"@type":"SearchAction","target":{"@type":"EntryPoint","urlTemplate":"https:\/\/medicinasinc.com\/sk\/?s={search_term_string}"},"query-input":{"@type":"PropertyValueSpecification","valueRequired":true,"valueName":"search_term_string"}}],"inLanguage":"en-US"}]}},"_links":{"self":[{"href":"https:\/\/medicinasinc.com\/sk\/wp-json\/wp\/v2\/product\/5322","targetHints":{"allow":["GET"]}}],"collection":[{"href":"https:\/\/medicinasinc.com\/sk\/wp-json\/wp\/v2\/product"}],"about":[{"href":"https:\/\/medicinasinc.com\/sk\/wp-json\/wp\/v2\/types\/product"}],"replies":[{"embeddable":true,"href":"https:\/\/medicinasinc.com\/sk\/wp-json\/wp\/v2\/comments?post=5322"}],"wp:featuredmedia":[{"embeddable":true,"href":"https:\/\/medicinasinc.com\/sk\/wp-json\/wp\/v2\/media\/5331"}],"wp:attachment":[{"href":"https:\/\/medicinasinc.com\/sk\/wp-json\/wp\/v2\/media?parent=5322"}],"wp:term":[{"taxonomy":"product_brand","embeddable":true,"href":"https:\/\/medicinasinc.com\/sk\/wp-json\/wp\/v2\/product_brand?post=5322"},{"taxonomy":"product_cat","embeddable":true,"href":"https:\/\/medicinasinc.com\/sk\/wp-json\/wp\/v2\/product_cat?post=5322"},{"taxonomy":"product_tag","embeddable":true,"href":"https:\/\/medicinasinc.com\/sk\/wp-json\/wp\/v2\/product_tag?post=5322"}],"curies":[{"name":"wp","href":"https:\/\/api.w.org\/{rel}","templated":true}]}}