{"id":5309,"date":"2022-02-21T18:36:34","date_gmt":"2022-02-21T18:36:34","guid":{"rendered":"https:\/\/medicinasinc.com\/sk\/?post_type=product&#038;p=5309"},"modified":"2022-03-22T01:02:40","modified_gmt":"2022-03-22T01:02:40","slug":"kupit-restoril-30-mg-temazepam-pilulky","status":"publish","type":"product","link":"https:\/\/medicinasinc.com\/sk\/product\/kupit-restoril-30-mg-temazepam-pilulky\/","title":{"rendered":"K\u00fapte si tabletky Restoril 30 mg Temazepam"},"content":{"rendered":"<div class=\"product-next-previous\">\n<div>\n<p>Internetov\u00e1 lek\u00e1re\u0148 na n\u00e1kup tabliet Restoril Temezepam (30 mg)<br \/> Restoril: \u010co je to a ako sa pou\u017e\u00edva?<\/p>\n<p> Restoril je liek na predpis, ktor\u00fd sa pou\u017e\u00edva na lie\u010dbu probl\u00e9mov s nespavos\u0165ou. Restoril sa m\u00f4\u017ee u\u017e\u00edva\u0165 samostatne alebo v kombin\u00e1cii s in\u00fdmi liekmi.<\/p>\n<p>Restoril je sedat\u00edvum\/hypnotikum.<\/p>\n<p>Nie je zn\u00e1me, \u017ee Restoril je bezpe\u010dn\u00fd alebo \u00fa\u010dinn\u00fd u det\u00ed.<\/p>\n<p>Ak\u00e9 s\u00fa pravdepodobn\u00e9 rizik\u00e1 spojen\u00e9 s Restorilom?<\/p>\n<p>Restoril m\u00f4\u017ee ma\u0165 z\u00e1va\u017en\u00e9 nepriazniv\u00e9 \u00fa\u010dinky vr\u00e1tane nasleduj\u00facich:<\/p>\n<p>Zm\u00e4tenos\u0165, nepokoj, agresivita, halucin\u00e1cie, \u00fazkos\u0165, probl\u00e9my s pam\u00e4\u0165ou, a smutn\u00e1 n\u00e1lada s\u00fa v\u0161etky pr\u00edznaky schizofr\u00e9nie.<\/p>\n<p>&nbsp;<\/p>\n<p>Temazepam, podobne ako mnoh\u00e9 in\u00e9 podobn\u00e9 a pr\u00edbuzn\u00e9 benzodiazep\u00edny, funguje ako modul\u00e1tor GABA a je schopn\u00fd vyvola\u0165 mno\u017estvo \u00fa\u010dinkov, vr\u00e1tane ospalosti, hypn\u00f3zy, uvo\u013enenia kostrov\u00e9ho svalstva, antikonvulz\u00edvneho \u00fa\u010dinku a anxiolytick\u00e9ho \u00fa\u010dinku 6,7,13,14.<\/p>\n<p>Hoci chemick\u00e1 synt\u00e9za temazepamu bola objaven\u00e1 v roku 19659, jeho \u0161irok\u00e9 modern\u00e9 pou\u017e\u00edvanie sa za\u010dalo a\u017e v r. skuto\u010dn\u00e9 pou\u017eitie lieku na lie\u010dbu nespavosti bolo uznan\u00e9 a licencovan\u00e9 nesk\u00f4r. Predt\u00fdm, ako sa temazepam stal be\u017ene predpisovan\u00fdm liekom pre civilistov, pou\u017e\u00edvala ho \u2013 a aj na\u010falej pou\u017e\u00edva \u2013 americk\u00e1 arm\u00e1da ako sedat\u00edvno-hypnotick\u00fd liek, ktor\u00fd u\u017e\u00edvali vojaci, piloti a in\u00ed, aby z\u00edskali potrebn\u00fd odpo\u010dinok na zotavenie alebo zotavenie. pl\u00e1novan\u00e9 man\u00e9vre a oper\u00e1cie 10. Bez oh\u013eadu na to sa temazepam stal jedn\u00fdm z naj\u010dastej\u0161ie predpisovan\u00fdch liekov na celom svete, pri\u010dom ka\u017ed\u00fd rok sa vyp\u00ed\u0161u mili\u00f3ny receptov. \u017dia\u013e, preto\u017ee temazepam \u2013 podobne ako mnoh\u00e9 in\u00e9 benzodiazep\u00edny \u2013 m\u00e1 vzh\u013eadom na jeho roz\u0161\u00edren\u00e9 pou\u017e\u00edvanie a inherentn\u00fa povahu jeho farmakologick\u00fdch \u00fa\u010dinkov zna\u010dn\u00fd potenci\u00e1l na zneu\u017e\u00edvanie a je schopn\u00fd sp\u00f4sobi\u0165, \u017ee si u\u017e\u00edvatelia vyvin\u00fa drogov\u00fa toleranciu, fyzick\u00fa z\u00e1vislos\u0165 a z\u00e1vislos\u0165.<\/p>\n<p>GroupsApproved, Investigational StructureSmall Molecules<\/p>\n<div class=\"structure\"><a class=\"moldbi-vector-thumbnail\" href=\"https:\/\/go.drugbank.com\/structures\/DB00231\/image.svg\"><img decoding=\"async\" src=\"https:\/\/go.drugbank.com\/structures\/DB00231\/thumb.svg\" alt=\"Palec\" \/><\/a><\/div>\n<dl class=\"right-dl col- xl-6 col-lg-12\"><\/dl>\n<\/p><\/div>\n<div class=\"product-prev\"><strong>temazepam (restoril), temazepam restoril, restoril temazepam, temazepam (restoril) ved\u013eaj\u0161ie \u00fa\u010dinky, temazepam (restoril, k\u00fapi\u0165 restoril temazepam online, k\u00fapi\u0165 temazepam (restoril), generick\u00fd restoril temazepam, temazepam restoril k\u00fapi\u0165, restoril (temazepam) 30 mg na predaj, je temazepam rovnak\u00fd ako restoril, temazepam (restoril) davis, temazepam botretl temazepam e, kde si m\u00f4\u017eete k\u00fapi\u0165 temazepam (restoril), temazepam (restoril) cvs, temazepam (restoril) k\u00fapi\u0165, temazepam to ist\u00e9 ako restoril, temazepam (restoril)\u00a0<img decoding=\"async\" class=\"emoji\" role=\"img\" src=\"https:\/ \/sworg\/images\/core\/emoji\/13.1.0\/svg\/2714.svg\" alt=\"\u2714\" \/>\u00a0<img decoding=\"async\" class=\"emoji\" role=\"img\" src=\"https:\/\/sworg\/images \/core\/emoji\/13.1.0\/svg\/2714.svg\" alt=\"\u2714\" \/>\u00a0<img decoding=\"async\" class=\"emoji\" role=\"img\" src=\"https:\/\/sworg\/images\/core\/emoji\/ 13.1.0\/svg\/2714.svg\" alt=\"\u2714\" \/>, restoril temazepam 30 mg, bezpe\u010dn\u00e1 alternat\u00edva k restorilu (temazepam), temazepam (restoril) cena, temazepam (restoril) otc, temazepam restoril ved\u013eaj\u0161ie \u00fa\u010dinky, zna\u010dka temazepam name restoril), restoril (temazepam)<\/strong><\/div><\/div>\n<div class=\"product-next-previous\">\n<div class=\"product-prev\"><\/div><\/div>\n","protected":false},"excerpt":{"rendered":"<p>K\u00fapi\u0165 Restoril 30 mg tablety Temezepam je mo\u017en\u00e9 zak\u00fapi\u0165 online.<\/p>\n<p>N\u00e1zov zna\u010dky:\u00a0<strong>Restoril<\/strong><br \/> Generick\u00e9:\u00a0<strong>Temazepam<\/strong><br \/> Sila Dostupn\u00e9: 30 mg<br \/> Balenie: Blister<br \/> V\u00fdrobca: Novartis<\/p>\n<p>&nbsp;<\/p>\n","protected":false},"featured_media":5319,"comment_status":"open","ping_status":"closed","template":"","meta":[],"product_brand":[],"product_cat":[1117],"product_tag":[1863,1851,1852,1859,1870,1853,1854,1878,1860,1861,1855,1856,1857,1858,1862,1865,1866,1869,1871,1867,1868,1872,1864,1873,1874,1877,1875,1876],"class_list":{"0":"post-5309","1":"product","2":"type-product","3":"status-publish","4":"has-post-thumbnail","6":"product_cat-kupte-si-tabletky-proti-bolesti-spanku-sexu","7":"product_tag-bezpen-alternatva-k-obnoveniu-temazepamu","8":"product_tag-buy-restoril-temazepam-online","9":"product_tag-buy-temazepam-restoril","10":"product_tag-restoril-30-mg-cena","11":"product_tag-temazepam-restoril-pilulka-faa","12":"product_tag-generic-restoril-temazepam","13":"product_tag-is-temazepam-the-same-as-restoril","14":"product_tag-kde-mete-kpi-temazepam-restoril","15":"product_tag-restoril-tablet-online","16":"product_tag-restoril-temazepam","17":"product_tag-over-the-counter-substitute-for-temazepam","18":"product_tag-restoril-temazepam-30mg-for-sale","19":"product_tag-restoril-15-mg","20":"product_tag-restoril-15-mg-online","21":"product_tag-restoril-temazepam-30-mg","22":"product_tag-temazepam-restoril","23":"product_tag-temazepam-restoril---","24":"product_tag-temazepam-restoril-otc","25":"product_tag-temazepam-restoril-cena","26":"product_tag-temazepam-restoril-cvs","27":"product_tag-temazepam-restoril-davis","28":"product_tag-temazepam-restoril-vedajie-inky","29":"product_tag-temazepam-zna-c4-8dka-restoril","30":"product_tag-temazepam-30-mg","31":"product_tag-temazepam-30-mg-vedajie-inky","32":"product_tag-temazepam-chudnutie","33":"product_tag-temazepam-restoril-buy","34":"product_tag-temazepam-rovnak-ako-restoril","36":"first","37":"instock","38":"shipping-taxable","39":"purchasable","40":"product-type-variable","41":"has-default-attributes"},"yoast_head":"<!-- This site is optimized with the Yoast SEO plugin v27.3 - https:\/\/yoast.com\/product\/yoast-seo-wordpress\/ -->\n<title>K\u00fapte si tabletky Restoril 30 mg Temazepam \u2013 najlep\u0161ie najlep\u0161ie glob\u00e1lne lieky<\/title>\n<meta name=\"description\" content=\"Pilulka s potla\u010dou RESTORIL 30 mg M NA Sp\u00e1nok je modr\u00e1\/ga\u0161tanov\u00e1, v tvare kapsuly a bola identifikovan\u00e1 ako Restoril 30 mg. K\u00fapte si RESTORIL 30 mg M NA SP\u00c1NOK.\" \/>\n<meta name=\"robots\" content=\"index, follow, max-snippet:-1, max-image-preview:large, max-video-preview:-1\" \/>\n<link rel=\"canonical\" href=\"https:\/\/medicinasinc.com\/sk\/product\/kupit-restoril-30-mg-temazepam-pilulky\/\" \/>\n<meta property=\"og:locale\" content=\"en_US\" \/>\n<meta property=\"og:type\" content=\"article\" \/>\n<meta property=\"og:title\" content=\"K\u00fapte si tabletky Restoril 30 mg Temazepam \u2013 najlep\u0161ie najlep\u0161ie glob\u00e1lne lieky\" \/>\n<meta property=\"og:description\" content=\"Pilulka s potla\u010dou RESTORIL 30 mg M NA Sp\u00e1nok je modr\u00e1\/ga\u0161tanov\u00e1, v tvare kapsuly a bola identifikovan\u00e1 ako Restoril 30 mg. K\u00fapte si RESTORIL 30 mg M NA SP\u00c1NOK.\" \/>\n<meta property=\"og:url\" content=\"https:\/\/medicinasinc.com\/sk\/product\/kupit-restoril-30-mg-temazepam-pilulky\/\" \/>\n<meta property=\"og:site_name\" content=\"Medicinas Inc\" \/>\n<meta property=\"article:modified_time\" content=\"2022-03-22T01:02:40+00:00\" \/>\n<meta property=\"og:image\" content=\"https:\/\/medicinasinc.com\/sk\/wp-content\/uploads\/sites\/10\/2022\/02\/Buy-Restoril-30-mg-Temazepam-pills.jpg\" \/>\n\t<meta property=\"og:image:width\" content=\"2064\" \/>\n\t<meta property=\"og:image:height\" content=\"1073\" \/>\n\t<meta property=\"og:image:type\" content=\"image\/jpeg\" \/>\n<meta name=\"twitter:card\" content=\"summary_large_image\" \/>\n<meta name=\"twitter:label1\" content=\"Est. reading time\" \/>\n\t<meta name=\"twitter:data1\" content=\"3 minutes\" \/>\n<script type=\"application\/ld+json\" class=\"yoast-schema-graph\">{\"@context\":\"https:\\\/\\\/schema.org\",\"@graph\":[{\"@type\":\"WebPage\",\"@id\":\"https:\\\/\\\/medicinasinc.com\\\/sk\\\/product\\\/kupit-restoril-30-mg-temazepam-pilulky\\\/\",\"url\":\"https:\\\/\\\/medicinasinc.com\\\/sk\\\/product\\\/kupit-restoril-30-mg-temazepam-pilulky\\\/\",\"name\":\"K\u00fapte si tabletky Restoril 30 mg Temazepam \u2013 najlep\u0161ie najlep\u0161ie glob\u00e1lne lieky\",\"isPartOf\":{\"@id\":\"https:\\\/\\\/medicinasinc.com\\\/sk\\\/#website\"},\"primaryImageOfPage\":{\"@id\":\"https:\\\/\\\/medicinasinc.com\\\/sk\\\/product\\\/kupit-restoril-30-mg-temazepam-pilulky\\\/#primaryimage\"},\"image\":{\"@id\":\"https:\\\/\\\/medicinasinc.com\\\/sk\\\/product\\\/kupit-restoril-30-mg-temazepam-pilulky\\\/#primaryimage\"},\"thumbnailUrl\":\"https:\\\/\\\/medicinasinc.com\\\/sk\\\/wp-content\\\/uploads\\\/sites\\\/10\\\/2022\\\/02\\\/Buy-Restoril-30-mg-Temazepam-pills.jpg\",\"datePublished\":\"2022-02-21T18:36:34+00:00\",\"dateModified\":\"2022-03-22T01:02:40+00:00\",\"description\":\"Pilulka s potla\u010dou RESTORIL 30 mg M NA Sp\u00e1nok je modr\u00e1\\\/ga\u0161tanov\u00e1, v tvare kapsuly a bola identifikovan\u00e1 ako Restoril 30 mg. K\u00fapte si RESTORIL 30 mg M NA SP\u00c1NOK.\",\"breadcrumb\":{\"@id\":\"https:\\\/\\\/medicinasinc.com\\\/sk\\\/product\\\/kupit-restoril-30-mg-temazepam-pilulky\\\/#breadcrumb\"},\"inLanguage\":\"en-US\",\"potentialAction\":[{\"@type\":\"ReadAction\",\"target\":[\"https:\\\/\\\/medicinasinc.com\\\/sk\\\/product\\\/kupit-restoril-30-mg-temazepam-pilulky\\\/\"]}]},{\"@type\":\"ImageObject\",\"inLanguage\":\"en-US\",\"@id\":\"https:\\\/\\\/medicinasinc.com\\\/sk\\\/product\\\/kupit-restoril-30-mg-temazepam-pilulky\\\/#primaryimage\",\"url\":\"https:\\\/\\\/medicinasinc.com\\\/sk\\\/wp-content\\\/uploads\\\/sites\\\/10\\\/2022\\\/02\\\/Buy-Restoril-30-mg-Temazepam-pills.jpg\",\"contentUrl\":\"https:\\\/\\\/medicinasinc.com\\\/sk\\\/wp-content\\\/uploads\\\/sites\\\/10\\\/2022\\\/02\\\/Buy-Restoril-30-mg-Temazepam-pills.jpg\",\"width\":2064,\"height\":1073},{\"@type\":\"BreadcrumbList\",\"@id\":\"https:\\\/\\\/medicinasinc.com\\\/sk\\\/product\\\/kupit-restoril-30-mg-temazepam-pilulky\\\/#breadcrumb\",\"itemListElement\":[{\"@type\":\"ListItem\",\"position\":1,\"name\":\"Obchod\",\"item\":\"https:\\\/\\\/medicinasinc.com\\\/sk\\\/obchod\\\/\"},{\"@type\":\"ListItem\",\"position\":2,\"name\":\"K\u00fapte si tabletky Restoril 30 mg Temazepam\"}]},{\"@type\":\"WebSite\",\"@id\":\"https:\\\/\\\/medicinasinc.com\\\/sk\\\/#website\",\"url\":\"https:\\\/\\\/medicinasinc.com\\\/sk\\\/\",\"name\":\"Medicinas Inc\",\"description\":\"Health Medical Clinic\",\"potentialAction\":[{\"@type\":\"SearchAction\",\"target\":{\"@type\":\"EntryPoint\",\"urlTemplate\":\"https:\\\/\\\/medicinasinc.com\\\/sk\\\/?s={search_term_string}\"},\"query-input\":{\"@type\":\"PropertyValueSpecification\",\"valueRequired\":true,\"valueName\":\"search_term_string\"}}],\"inLanguage\":\"en-US\"}]}<\/script>\n<!-- \/ Yoast SEO plugin. -->","yoast_head_json":{"title":"K\u00fapte si tabletky Restoril 30 mg Temazepam \u2013 najlep\u0161ie najlep\u0161ie glob\u00e1lne lieky","description":"Pilulka s potla\u010dou RESTORIL 30 mg M NA Sp\u00e1nok je modr\u00e1\/ga\u0161tanov\u00e1, v tvare kapsuly a bola identifikovan\u00e1 ako Restoril 30 mg. K\u00fapte si RESTORIL 30 mg M NA SP\u00c1NOK.","robots":{"index":"index","follow":"follow","max-snippet":"max-snippet:-1","max-image-preview":"max-image-preview:large","max-video-preview":"max-video-preview:-1"},"canonical":"https:\/\/medicinasinc.com\/sk\/product\/kupit-restoril-30-mg-temazepam-pilulky\/","og_locale":"en_US","og_type":"article","og_title":"K\u00fapte si tabletky Restoril 30 mg Temazepam \u2013 najlep\u0161ie najlep\u0161ie glob\u00e1lne lieky","og_description":"Pilulka s potla\u010dou RESTORIL 30 mg M NA Sp\u00e1nok je modr\u00e1\/ga\u0161tanov\u00e1, v tvare kapsuly a bola identifikovan\u00e1 ako Restoril 30 mg. K\u00fapte si RESTORIL 30 mg M NA SP\u00c1NOK.","og_url":"https:\/\/medicinasinc.com\/sk\/product\/kupit-restoril-30-mg-temazepam-pilulky\/","og_site_name":"Medicinas Inc","article_modified_time":"2022-03-22T01:02:40+00:00","og_image":[{"width":2064,"height":1073,"url":"https:\/\/medicinasinc.com\/sk\/wp-content\/uploads\/sites\/10\/2022\/02\/Buy-Restoril-30-mg-Temazepam-pills.jpg","type":"image\/jpeg"}],"twitter_card":"summary_large_image","twitter_misc":{"Est. reading time":"3 minutes"},"schema":{"@context":"https:\/\/schema.org","@graph":[{"@type":"WebPage","@id":"https:\/\/medicinasinc.com\/sk\/product\/kupit-restoril-30-mg-temazepam-pilulky\/","url":"https:\/\/medicinasinc.com\/sk\/product\/kupit-restoril-30-mg-temazepam-pilulky\/","name":"K\u00fapte si tabletky Restoril 30 mg Temazepam \u2013 najlep\u0161ie najlep\u0161ie glob\u00e1lne lieky","isPartOf":{"@id":"https:\/\/medicinasinc.com\/sk\/#website"},"primaryImageOfPage":{"@id":"https:\/\/medicinasinc.com\/sk\/product\/kupit-restoril-30-mg-temazepam-pilulky\/#primaryimage"},"image":{"@id":"https:\/\/medicinasinc.com\/sk\/product\/kupit-restoril-30-mg-temazepam-pilulky\/#primaryimage"},"thumbnailUrl":"https:\/\/medicinasinc.com\/sk\/wp-content\/uploads\/sites\/10\/2022\/02\/Buy-Restoril-30-mg-Temazepam-pills.jpg","datePublished":"2022-02-21T18:36:34+00:00","dateModified":"2022-03-22T01:02:40+00:00","description":"Pilulka s potla\u010dou RESTORIL 30 mg M NA Sp\u00e1nok je modr\u00e1\/ga\u0161tanov\u00e1, v tvare kapsuly a bola identifikovan\u00e1 ako Restoril 30 mg. K\u00fapte si RESTORIL 30 mg M NA SP\u00c1NOK.","breadcrumb":{"@id":"https:\/\/medicinasinc.com\/sk\/product\/kupit-restoril-30-mg-temazepam-pilulky\/#breadcrumb"},"inLanguage":"en-US","potentialAction":[{"@type":"ReadAction","target":["https:\/\/medicinasinc.com\/sk\/product\/kupit-restoril-30-mg-temazepam-pilulky\/"]}]},{"@type":"ImageObject","inLanguage":"en-US","@id":"https:\/\/medicinasinc.com\/sk\/product\/kupit-restoril-30-mg-temazepam-pilulky\/#primaryimage","url":"https:\/\/medicinasinc.com\/sk\/wp-content\/uploads\/sites\/10\/2022\/02\/Buy-Restoril-30-mg-Temazepam-pills.jpg","contentUrl":"https:\/\/medicinasinc.com\/sk\/wp-content\/uploads\/sites\/10\/2022\/02\/Buy-Restoril-30-mg-Temazepam-pills.jpg","width":2064,"height":1073},{"@type":"BreadcrumbList","@id":"https:\/\/medicinasinc.com\/sk\/product\/kupit-restoril-30-mg-temazepam-pilulky\/#breadcrumb","itemListElement":[{"@type":"ListItem","position":1,"name":"Obchod","item":"https:\/\/medicinasinc.com\/sk\/obchod\/"},{"@type":"ListItem","position":2,"name":"K\u00fapte si tabletky Restoril 30 mg Temazepam"}]},{"@type":"WebSite","@id":"https:\/\/medicinasinc.com\/sk\/#website","url":"https:\/\/medicinasinc.com\/sk\/","name":"Medicinas Inc","description":"Health Medical Clinic","potentialAction":[{"@type":"SearchAction","target":{"@type":"EntryPoint","urlTemplate":"https:\/\/medicinasinc.com\/sk\/?s={search_term_string}"},"query-input":{"@type":"PropertyValueSpecification","valueRequired":true,"valueName":"search_term_string"}}],"inLanguage":"en-US"}]}},"_links":{"self":[{"href":"https:\/\/medicinasinc.com\/sk\/wp-json\/wp\/v2\/product\/5309","targetHints":{"allow":["GET"]}}],"collection":[{"href":"https:\/\/medicinasinc.com\/sk\/wp-json\/wp\/v2\/product"}],"about":[{"href":"https:\/\/medicinasinc.com\/sk\/wp-json\/wp\/v2\/types\/product"}],"replies":[{"embeddable":true,"href":"https:\/\/medicinasinc.com\/sk\/wp-json\/wp\/v2\/comments?post=5309"}],"wp:featuredmedia":[{"embeddable":true,"href":"https:\/\/medicinasinc.com\/sk\/wp-json\/wp\/v2\/media\/5319"}],"wp:attachment":[{"href":"https:\/\/medicinasinc.com\/sk\/wp-json\/wp\/v2\/media?parent=5309"}],"wp:term":[{"taxonomy":"product_brand","embeddable":true,"href":"https:\/\/medicinasinc.com\/sk\/wp-json\/wp\/v2\/product_brand?post=5309"},{"taxonomy":"product_cat","embeddable":true,"href":"https:\/\/medicinasinc.com\/sk\/wp-json\/wp\/v2\/product_cat?post=5309"},{"taxonomy":"product_tag","embeddable":true,"href":"https:\/\/medicinasinc.com\/sk\/wp-json\/wp\/v2\/product_tag?post=5309"}],"curies":[{"name":"wp","href":"https:\/\/api.w.org\/{rel}","templated":true}]}}