{"id":5296,"date":"2022-02-21T18:20:49","date_gmt":"2022-02-21T18:20:49","guid":{"rendered":"https:\/\/medicinasinc.com\/sk\/?post_type=product&#038;p=5296"},"modified":"2022-03-22T01:02:51","modified_gmt":"2022-03-22T01:02:51","slug":"kupit-fenida-10mg-pilulky","status":"publish","type":"product","link":"https:\/\/medicinasinc.com\/sk\/product\/kupit-fenida-10mg-pilulky\/","title":{"rendered":"K\u00fapte si tabletky Phenida 10mg"},"content":{"rendered":"<p>Phenida (metylfenid\u00e1t hcl) 10mg Tabletky sa daj\u00fa k\u00fapi\u0165 na internete.<\/p>\n<p>M\u00e1me najlep\u0161iu online lek\u00e1re\u0148, kde si m\u00f4\u017eete k\u00fapi\u0165 Phenida, tak si ju k\u00fapte teraz.<\/p>\n<p>PHENIDA je liek, ktor\u00fd pom\u00e1ha \u013eu\u010fom s ADD\/ADHD. Tu m\u00f4\u017eete n\u00e1js\u0165 viac inform\u00e1ci\u00ed o ADD\/ADHD a in\u00fdch fenid\u00e1ch.<\/p>\n<p>ADD\/ADHD:<\/p>\n<p>Ak m\u00e1te ADHD, mo\u017eno nedok\u00e1\u017eete udr\u017ea\u0165 pozornos\u0165. pr\u00edli\u0161 akt\u00edvny alebo nedok\u00e1\u017eete ovl\u00e1da\u0165 svoje spr\u00e1vanie. Vek a v\u00fdvoj osoby nem\u00f4\u017eu sp\u00f4sobi\u0165 tieto probl\u00e9my ADHD, ak s\u00fa mimo norm\u00e1lneho rozsahu pre vek alebo v\u00fdvoj danej osoby.<\/p>\n<p>Lieky na ADD a ADHD? T\u00e1to str\u00e1nka pred\u00e1va fenida (metylfenid\u00e1t hcl) 10 mg.<\/p>\n<p>Poruchy pozornosti s hyperaktivitou (ADHD) s\u00fa jednou z naj\u010dastej\u0161\u00edch detsk\u00fdch por\u00fach a m\u00f4\u017eu pretrv\u00e1va\u0165 aj po\u010das dospievania a dospelosti. Medzi pr\u00edznaky patr\u00ed probl\u00e9m udr\u017ea\u0165 pozornos\u0165 a venova\u0165 pozornos\u0165, probl\u00e9my kontrolova\u0165 spr\u00e1vanie a hyperaktivita (nadmern\u00e1 aktivita).<\/p>\n<p>Ak si chcete k\u00fapi\u0165 tablety ADD (Attention Deficit Disorder) online bez lek\u00e1rskeho predpisu, m\u00f4\u017eete prejs\u0165 na webov\u00fa str\u00e1nku .<\/p>\n<p>Nasleduj\u00fa r\u00f4zne typy metylfenid\u00e1tu: metylfenid\u00e1t HCL, metylfenid\u00e1t HCL, metylfenid\u00e1t HCL ER, metylfenid\u00e1t HCL, metylfenid\u00e1t HCL, metylfenid\u00e1t HCL, metylfenid\u00e1t HCL 20 mg, metylfenid\u00e1t HCL a metylfenid\u00e1t HCL 10 mg, Ke\u010f si k\u00fapite tablety metylfenid\u00e1tu hcl, ktor\u00e9 to s\u00fa? metylfenid\u00e1t hcl 20 mg, metylfenid\u00e1t hcl 18 mg, metylfenid\u00e1t hcl cer cd, metylfenid\u00e1t hcl 10 mg, liekov\u00e9 formy metylfenid\u00e1tu hcl a metylfenid\u00e1t hcl vs metylfenid\u00e1t hcl s\u00fa niektor\u00e9 z ot\u00e1zok, ktor\u00e9 sa ma \u013eudia p\u00fdtaj\u00fa.<\/p>\n","protected":false},"excerpt":{"rendered":"<div class=\"woocommerce-product-details__short-description\">\n<p>Phenida 10mg Pills je mo\u017en\u00e9 zak\u00fapi\u0165 online. vo\u013enopredajn\u00e9 pr\u00e1\u0161ky na spanie, online lek\u00e1re\u0148 vo Ve\u013ekej Brit\u00e1nii, steroidn\u00e9 pr\u00e1\u0161ky na predaj, siln\u00e9 pr\u00e1\u0161ky na spanie, lieky proti bolesti.<\/p>\n<\/p><\/div>\n","protected":false},"featured_media":5307,"comment_status":"open","ping_status":"closed","template":"","meta":[],"product_brand":[],"product_cat":[1117],"product_tag":[1795,1794,1796,1797,1798,1802,1803,1847,1848,1846,1836,1804,1805,1806,1807,1808,1809,1849,1800,1801,1799,1810,1814,1815,1816,1817,1822,1823,1824,1825,1819,1811,1820,1812,1821,1813,1818,1828,1829,1830,1831,1832,1834,1833,1835,1838,1837,1839,1840,1841,1842,1843,1844,1845,1826,1827,1850],"class_list":{"0":"post-5296","1":"product","2":"type-product","3":"status-publish","4":"has-post-thumbnail","6":"product_cat-kupte-si-tabletky-proti-bolesti-spanku-sexu","7":"product_tag-adhd","8":"product_tag-akceptuje-paypal","9":"product_tag-best-phenida-methylphenidate-hcl-10mg-online","10":"product_tag-bulgaria-phenida","11":"product_tag-buy-phenida","12":"product_tag-buy-phenida-10mg","13":"product_tag-buyphenidacredit-card","14":"product_tag-o-je-metylfenidt-hcl","15":"product_tag-o-je-fenida","16":"product_tag-o-to-fenida-znamen","17":"product_tag-phenida-faa","18":"product_tag-generic-ritalin-phenida","19":"product_tag-generic-phenida","20":"product_tag-is-focalin-also-called-phenida","21":"product_tag-is-phenida-same-adderal","22":"product_tag-is-phenida-same-as-ritalin","23":"product_tag-is-phenida-same-asadder","24":"product_tag-kde-kpi-phenida","25":"product_tag-buy-phenida-online","26":"product_tag-kpi-fenidano-predpis","27":"product_tag-kpi-fenida-metylfenidt-hcl-10mg-online","28":"product_tag-methylphenidate-hcl","29":"product_tag-methylphenidate-hcl-20mg","30":"product_tag-methylphenidate-hcl-5mg","31":"product_tag-methylphenidate-hcl-cd","32":"product_tag-methylphenidate-hcl-dosage-forms","33":"product_tag-methylphenidate-hcl-er-27-mg","34":"product_tag-methylphenidate-hcl-er-36-mg","35":"product_tag-methylphenidate-hcl-er-54-mg","36":"product_tag-methylphenidate-hcl-er-cd","37":"product_tag-metylfenidt-hcl-er-10-mg","38":"product_tag-metylfenidt-hcl-10-mg","39":"product_tag-metylfenidt-hcl-er-18-mg","40":"product_tag-metylfenidt-hcl-18-mg","41":"product_tag-metylfenidt-hcl-er-20-mg","42":"product_tag-metylfenidt-hcl-20-mg","43":"product_tag-metylfenidt-hcl-er","44":"product_tag-metylfenidt-vs-metylfenidt-hcl","45":"product_tag-no-prescriptions","46":"product_tag-orderphenida","47":"product_tag-phenida","48":"product_tag-phenida-methylphenidate-hcl-10mg","49":"product_tag-phenida-metylfenidt-hcl-10mg-cena","50":"product_tag-phenida-metylfenidt-hcl-10-mg-na-predaj-online","51":"product_tag-phenida-metylfenidt-hcl-10mg-prehad","52":"product_tag-phenida-bez-predpisu","53":"product_tag-phenida-bulgeria","54":"product_tag-phenida-online","55":"product_tag-phenida-online-dveryhodn-lekra","56":"product_tag-phenida-online-trusted-pharmacy-bitcoin","57":"product_tag-phenida-recenzie","58":"product_tag-fenida-ritaln","59":"product_tag-phenida-ritalin-zafa","60":"product_tag-phenida-zafa","61":"product_tag-metylfenidt-hcl-er-tablety","62":"product_tag-metylfenidt-hcl-vedajie-inky","63":"product_tag-zafa-phenida","65":"first","66":"instock","67":"shipping-taxable","68":"purchasable","69":"product-type-variable","70":"has-default-attributes"},"yoast_head":"<!-- This site is optimized with the Yoast SEO plugin v27.3 - https:\/\/yoast.com\/product\/yoast-seo-wordpress\/ -->\n<title>K\u00fapte si Phenida 10mg pilulky \u2013 najlep\u0161ie najlep\u0161ie glob\u00e1lne lieky<\/title>\n<meta name=\"description\" content=\"K\u00fapte si Phenida 10 mg tabletky online. vo\u013enopredajn\u00e9 pr\u00e1\u0161ky na spanie, pr\u00e1\u0161ky na objedn\u00e1vku online, steroidn\u00e9 pr\u00e1\u0161ky na predaj, siln\u00e9 pr\u00e1\u0161ky na spanie, lieky proti bolesti, online lek\u00e1re\u0148 uk.\" \/>\n<meta name=\"robots\" content=\"index, follow, max-snippet:-1, max-image-preview:large, max-video-preview:-1\" \/>\n<link rel=\"canonical\" href=\"https:\/\/medicinasinc.com\/sk\/product\/kupit-fenida-10mg-pilulky\/\" \/>\n<meta property=\"og:locale\" content=\"en_US\" \/>\n<meta property=\"og:type\" content=\"article\" \/>\n<meta property=\"og:title\" content=\"K\u00fapte si Phenida 10mg pilulky \u2013 najlep\u0161ie najlep\u0161ie glob\u00e1lne lieky\" \/>\n<meta property=\"og:description\" content=\"K\u00fapte si Phenida 10 mg tabletky online. vo\u013enopredajn\u00e9 pr\u00e1\u0161ky na spanie, pr\u00e1\u0161ky na objedn\u00e1vku online, steroidn\u00e9 pr\u00e1\u0161ky na predaj, siln\u00e9 pr\u00e1\u0161ky na spanie, lieky proti bolesti, online lek\u00e1re\u0148 uk.\" \/>\n<meta property=\"og:url\" content=\"https:\/\/medicinasinc.com\/sk\/product\/kupit-fenida-10mg-pilulky\/\" \/>\n<meta property=\"og:site_name\" content=\"Medicinas Inc\" \/>\n<meta property=\"article:modified_time\" content=\"2022-03-22T01:02:51+00:00\" \/>\n<meta property=\"og:image\" content=\"https:\/\/medicinasinc.com\/sk\/wp-content\/uploads\/sites\/10\/2022\/02\/buy-phenida-10mg-pills-online.jpg\" \/>\n\t<meta property=\"og:image:width\" content=\"600\" \/>\n\t<meta property=\"og:image:height\" content=\"600\" \/>\n\t<meta property=\"og:image:type\" content=\"image\/jpeg\" \/>\n<meta name=\"twitter:card\" content=\"summary_large_image\" \/>\n<meta name=\"twitter:label1\" content=\"Est. reading time\" \/>\n\t<meta name=\"twitter:data1\" content=\"2 minutes\" \/>\n<script type=\"application\/ld+json\" class=\"yoast-schema-graph\">{\"@context\":\"https:\\\/\\\/schema.org\",\"@graph\":[{\"@type\":\"WebPage\",\"@id\":\"https:\\\/\\\/medicinasinc.com\\\/sk\\\/product\\\/kupit-fenida-10mg-pilulky\\\/\",\"url\":\"https:\\\/\\\/medicinasinc.com\\\/sk\\\/product\\\/kupit-fenida-10mg-pilulky\\\/\",\"name\":\"K\u00fapte si Phenida 10mg pilulky \u2013 najlep\u0161ie najlep\u0161ie glob\u00e1lne lieky\",\"isPartOf\":{\"@id\":\"https:\\\/\\\/medicinasinc.com\\\/sk\\\/#website\"},\"primaryImageOfPage\":{\"@id\":\"https:\\\/\\\/medicinasinc.com\\\/sk\\\/product\\\/kupit-fenida-10mg-pilulky\\\/#primaryimage\"},\"image\":{\"@id\":\"https:\\\/\\\/medicinasinc.com\\\/sk\\\/product\\\/kupit-fenida-10mg-pilulky\\\/#primaryimage\"},\"thumbnailUrl\":\"https:\\\/\\\/medicinasinc.com\\\/sk\\\/wp-content\\\/uploads\\\/sites\\\/10\\\/2022\\\/02\\\/buy-phenida-10mg-pills-online.jpg\",\"datePublished\":\"2022-02-21T18:20:49+00:00\",\"dateModified\":\"2022-03-22T01:02:51+00:00\",\"description\":\"K\u00fapte si Phenida 10 mg tabletky online. vo\u013enopredajn\u00e9 pr\u00e1\u0161ky na spanie, pr\u00e1\u0161ky na objedn\u00e1vku online, steroidn\u00e9 pr\u00e1\u0161ky na predaj, siln\u00e9 pr\u00e1\u0161ky na spanie, lieky proti bolesti, online lek\u00e1re\u0148 uk.\",\"breadcrumb\":{\"@id\":\"https:\\\/\\\/medicinasinc.com\\\/sk\\\/product\\\/kupit-fenida-10mg-pilulky\\\/#breadcrumb\"},\"inLanguage\":\"en-US\",\"potentialAction\":[{\"@type\":\"ReadAction\",\"target\":[\"https:\\\/\\\/medicinasinc.com\\\/sk\\\/product\\\/kupit-fenida-10mg-pilulky\\\/\"]}]},{\"@type\":\"ImageObject\",\"inLanguage\":\"en-US\",\"@id\":\"https:\\\/\\\/medicinasinc.com\\\/sk\\\/product\\\/kupit-fenida-10mg-pilulky\\\/#primaryimage\",\"url\":\"https:\\\/\\\/medicinasinc.com\\\/sk\\\/wp-content\\\/uploads\\\/sites\\\/10\\\/2022\\\/02\\\/buy-phenida-10mg-pills-online.jpg\",\"contentUrl\":\"https:\\\/\\\/medicinasinc.com\\\/sk\\\/wp-content\\\/uploads\\\/sites\\\/10\\\/2022\\\/02\\\/buy-phenida-10mg-pills-online.jpg\",\"width\":600,\"height\":600},{\"@type\":\"BreadcrumbList\",\"@id\":\"https:\\\/\\\/medicinasinc.com\\\/sk\\\/product\\\/kupit-fenida-10mg-pilulky\\\/#breadcrumb\",\"itemListElement\":[{\"@type\":\"ListItem\",\"position\":1,\"name\":\"Obchod\",\"item\":\"https:\\\/\\\/medicinasinc.com\\\/sk\\\/obchod\\\/\"},{\"@type\":\"ListItem\",\"position\":2,\"name\":\"K\u00fapte si tabletky Phenida 10mg\"}]},{\"@type\":\"WebSite\",\"@id\":\"https:\\\/\\\/medicinasinc.com\\\/sk\\\/#website\",\"url\":\"https:\\\/\\\/medicinasinc.com\\\/sk\\\/\",\"name\":\"Medicinas Inc\",\"description\":\"Health Medical Clinic\",\"potentialAction\":[{\"@type\":\"SearchAction\",\"target\":{\"@type\":\"EntryPoint\",\"urlTemplate\":\"https:\\\/\\\/medicinasinc.com\\\/sk\\\/?s={search_term_string}\"},\"query-input\":{\"@type\":\"PropertyValueSpecification\",\"valueRequired\":true,\"valueName\":\"search_term_string\"}}],\"inLanguage\":\"en-US\"}]}<\/script>\n<!-- \/ Yoast SEO plugin. -->","yoast_head_json":{"title":"K\u00fapte si Phenida 10mg pilulky \u2013 najlep\u0161ie najlep\u0161ie glob\u00e1lne lieky","description":"K\u00fapte si Phenida 10 mg tabletky online. vo\u013enopredajn\u00e9 pr\u00e1\u0161ky na spanie, pr\u00e1\u0161ky na objedn\u00e1vku online, steroidn\u00e9 pr\u00e1\u0161ky na predaj, siln\u00e9 pr\u00e1\u0161ky na spanie, lieky proti bolesti, online lek\u00e1re\u0148 uk.","robots":{"index":"index","follow":"follow","max-snippet":"max-snippet:-1","max-image-preview":"max-image-preview:large","max-video-preview":"max-video-preview:-1"},"canonical":"https:\/\/medicinasinc.com\/sk\/product\/kupit-fenida-10mg-pilulky\/","og_locale":"en_US","og_type":"article","og_title":"K\u00fapte si Phenida 10mg pilulky \u2013 najlep\u0161ie najlep\u0161ie glob\u00e1lne lieky","og_description":"K\u00fapte si Phenida 10 mg tabletky online. vo\u013enopredajn\u00e9 pr\u00e1\u0161ky na spanie, pr\u00e1\u0161ky na objedn\u00e1vku online, steroidn\u00e9 pr\u00e1\u0161ky na predaj, siln\u00e9 pr\u00e1\u0161ky na spanie, lieky proti bolesti, online lek\u00e1re\u0148 uk.","og_url":"https:\/\/medicinasinc.com\/sk\/product\/kupit-fenida-10mg-pilulky\/","og_site_name":"Medicinas Inc","article_modified_time":"2022-03-22T01:02:51+00:00","og_image":[{"width":600,"height":600,"url":"https:\/\/medicinasinc.com\/sk\/wp-content\/uploads\/sites\/10\/2022\/02\/buy-phenida-10mg-pills-online.jpg","type":"image\/jpeg"}],"twitter_card":"summary_large_image","twitter_misc":{"Est. reading time":"2 minutes"},"schema":{"@context":"https:\/\/schema.org","@graph":[{"@type":"WebPage","@id":"https:\/\/medicinasinc.com\/sk\/product\/kupit-fenida-10mg-pilulky\/","url":"https:\/\/medicinasinc.com\/sk\/product\/kupit-fenida-10mg-pilulky\/","name":"K\u00fapte si Phenida 10mg pilulky \u2013 najlep\u0161ie najlep\u0161ie glob\u00e1lne lieky","isPartOf":{"@id":"https:\/\/medicinasinc.com\/sk\/#website"},"primaryImageOfPage":{"@id":"https:\/\/medicinasinc.com\/sk\/product\/kupit-fenida-10mg-pilulky\/#primaryimage"},"image":{"@id":"https:\/\/medicinasinc.com\/sk\/product\/kupit-fenida-10mg-pilulky\/#primaryimage"},"thumbnailUrl":"https:\/\/medicinasinc.com\/sk\/wp-content\/uploads\/sites\/10\/2022\/02\/buy-phenida-10mg-pills-online.jpg","datePublished":"2022-02-21T18:20:49+00:00","dateModified":"2022-03-22T01:02:51+00:00","description":"K\u00fapte si Phenida 10 mg tabletky online. vo\u013enopredajn\u00e9 pr\u00e1\u0161ky na spanie, pr\u00e1\u0161ky na objedn\u00e1vku online, steroidn\u00e9 pr\u00e1\u0161ky na predaj, siln\u00e9 pr\u00e1\u0161ky na spanie, lieky proti bolesti, online lek\u00e1re\u0148 uk.","breadcrumb":{"@id":"https:\/\/medicinasinc.com\/sk\/product\/kupit-fenida-10mg-pilulky\/#breadcrumb"},"inLanguage":"en-US","potentialAction":[{"@type":"ReadAction","target":["https:\/\/medicinasinc.com\/sk\/product\/kupit-fenida-10mg-pilulky\/"]}]},{"@type":"ImageObject","inLanguage":"en-US","@id":"https:\/\/medicinasinc.com\/sk\/product\/kupit-fenida-10mg-pilulky\/#primaryimage","url":"https:\/\/medicinasinc.com\/sk\/wp-content\/uploads\/sites\/10\/2022\/02\/buy-phenida-10mg-pills-online.jpg","contentUrl":"https:\/\/medicinasinc.com\/sk\/wp-content\/uploads\/sites\/10\/2022\/02\/buy-phenida-10mg-pills-online.jpg","width":600,"height":600},{"@type":"BreadcrumbList","@id":"https:\/\/medicinasinc.com\/sk\/product\/kupit-fenida-10mg-pilulky\/#breadcrumb","itemListElement":[{"@type":"ListItem","position":1,"name":"Obchod","item":"https:\/\/medicinasinc.com\/sk\/obchod\/"},{"@type":"ListItem","position":2,"name":"K\u00fapte si tabletky Phenida 10mg"}]},{"@type":"WebSite","@id":"https:\/\/medicinasinc.com\/sk\/#website","url":"https:\/\/medicinasinc.com\/sk\/","name":"Medicinas Inc","description":"Health Medical Clinic","potentialAction":[{"@type":"SearchAction","target":{"@type":"EntryPoint","urlTemplate":"https:\/\/medicinasinc.com\/sk\/?s={search_term_string}"},"query-input":{"@type":"PropertyValueSpecification","valueRequired":true,"valueName":"search_term_string"}}],"inLanguage":"en-US"}]}},"_links":{"self":[{"href":"https:\/\/medicinasinc.com\/sk\/wp-json\/wp\/v2\/product\/5296","targetHints":{"allow":["GET"]}}],"collection":[{"href":"https:\/\/medicinasinc.com\/sk\/wp-json\/wp\/v2\/product"}],"about":[{"href":"https:\/\/medicinasinc.com\/sk\/wp-json\/wp\/v2\/types\/product"}],"replies":[{"embeddable":true,"href":"https:\/\/medicinasinc.com\/sk\/wp-json\/wp\/v2\/comments?post=5296"}],"wp:featuredmedia":[{"embeddable":true,"href":"https:\/\/medicinasinc.com\/sk\/wp-json\/wp\/v2\/media\/5307"}],"wp:attachment":[{"href":"https:\/\/medicinasinc.com\/sk\/wp-json\/wp\/v2\/media?parent=5296"}],"wp:term":[{"taxonomy":"product_brand","embeddable":true,"href":"https:\/\/medicinasinc.com\/sk\/wp-json\/wp\/v2\/product_brand?post=5296"},{"taxonomy":"product_cat","embeddable":true,"href":"https:\/\/medicinasinc.com\/sk\/wp-json\/wp\/v2\/product_cat?post=5296"},{"taxonomy":"product_tag","embeddable":true,"href":"https:\/\/medicinasinc.com\/sk\/wp-json\/wp\/v2\/product_tag?post=5296"}],"curies":[{"name":"wp","href":"https:\/\/api.w.org\/{rel}","templated":true}]}}