{"id":5295,"date":"2022-02-21T18:18:17","date_gmt":"2022-02-21T18:18:17","guid":{"rendered":"https:\/\/medicinasinc.com\/sk\/?post_type=product&#038;p=5295"},"modified":"2022-03-22T01:03:06","modified_gmt":"2022-03-22T01:03:06","slug":"kupit-percocet-10mg-pilulky","status":"publish","type":"product","link":"https:\/\/medicinasinc.com\/sk\/product\/kupit-percocet-10mg-pilulky\/","title":{"rendered":"K\u00fapte si tabletky Percocet 10 mg"},"content":{"rendered":"<h1 style=\"text-align: center\">K\u00fapte si tabletky Percocet 10 mg online.<\/h1>\n<div class=\"Section\" style=\"text-align: center\">\n<h1>POPIS<\/h1>\n<p class=\"First\"><span class=\"Bold\">Oxykod\u00f3n hydrochlorid a acetaminof\u00e9n s\u00fa dostupn\u00e9 v tablet\u00e1ch na peror\u00e1lne podanie.<\/span><\/p>\n<p>Ka\u017ed\u00e1 tableta na peror\u00e1lne podanie obsahuje oxykod\u00f3n hydrochlorid a acetaminof\u00e9n v nasleduj\u00facich sil\u00e1ch :<\/p>\n<p>Oxykod\u00f3n hydrochlorid, USP\u00a0\u00a0\u00a0\u00a0\u00a0\u00a0\u00a0\u00a0\u00a0\u00a0\u00a0\u00a0 2,5 mg*<br \/> (*2,5 mg oxykod\u00f3n\u00a0hydrochloridu zodpoved\u00e1 2,2409 mg oxykod\u00f3nu.)\u00a0\u00a0\u00a0\u00a0\u00a0\u00a0\u00a0\u00a0Acetaminof\u00e9n, USP\u00a0\u00a0\u00a0\u00a0\u00a0\u00a0\u00a05\u00a0\u00a0\u00a0\u00a0\u00a0\u00a0\u00a0\u00a0\u00a0\u00a0\u00a0\u00a0\u00a0\u00a0\u00a0\u00a0\u00a0\u00a0\u00a0\u00a0\u00a0\u00a0\u00a0\u00a0\u00a0\u00a0\u00a0\u00a0\u00a0\u00a0\u00a0\u00a0\u00a0\u00a0\u00a0\u00a0\u00a0\u00a0\u00a0\u00a0\u00a0\u00a0\u00a0\u00a0\u00a0\u00a0\u00a0\u00a0\u00a0\u00a0\u00a0\u00a0\u00a0\u00a0\u00a0\u00a0\u00a0\u00a0\u00a0\u00a0\u00a0\u00a0\u00a0\u00a0\u00a0\u00a0\u00a0\u00a0\u00a0\u00a0\u00a0Kysykod\u00f3n hydrochlorid, USP 5 mg * <br \/> (* 5 mg hydrochlorid oxykod\u00f3nu je ekvivalentn\u00fd 4,4815 mg oxykod\u00f3nu.) <br \/> acetaminophen, USP 325 mg <\/p>\n<p> oxykod\u00f3n hydrochlorid, USP 7,5 mg * <br \/> (*7,5 mg oxykod\u00f3n\u00a0hydrochloridu zodpoved\u00e1 6,7228 mg oxykod\u00f3nu.)<br \/> Acetaminof\u00e9n, USP\u00a0\u00a0\u00a0\u00a0\u00a0\u00a0\u00a0\u00a0\u00a0\u00a0\u00a0\u00a0\u00a0\u00a0\u00a0\u00a0 \u00a0\u00a0\u00a0\u00a0\u00a0\u00a0\u00a0\u00a0\u00a0\u00a0\u00a0\u00a0 325 mg<\/p>\n<p>Oxykod\u00f3n H ydrochlorid, USP\u00a0\u00a0\u00a0\u00a0\u00a0\u00a0\u00a0\u00a0\u00a0\u00a0\u00a0\u00a0 10 mg*<br \/> (*10 mg oxykod\u00f3n\u00a0hydrochloridu je ekvivalentn\u00e9 8,9637 mg oxykod\u00f3nu.)<br \/> Acetaminof\u00e9n, USP\u00a0\u00a0\u00a0\u00a0\u00a0\u00a0\u00a0\u00a0\u00a0\u00a0\u00a0\u00a0\u00a0\u00a0\u00a0\u00a0\u00a0\u00a0\u00a0\u00a0\u00a0\u00a0\u00a0\u00a0\u00a0\u00a0\u00a0\u00a0\u00a0\u00a0\u00a0\u00a0\u00a0\u00a0siln\u00e1\u00a0&gt;\u00a0cel\u00e1 sila 3 mg \u00a0\u00a0\u00a0\u00a0\u00a0\u00a0\u00a0\u00a0\u00a0\u00a0\u00a0\u00a0\u00a0\u00a0\u00a0\u00a0\u00a0strong&gt;\u00a0obsahuj\u00fa aj nasleduj\u00face neakt\u00edvne zlo\u017eky: koloidn\u00fd oxid kremi\u010dit\u00fd, sodn\u00e1 so\u013e kroskarmel\u00f3zy, mikrokry\u0161talick\u00e1 celul\u00f3za, povid\u00f3n, pred\u017eelat\u00ednovan\u00fd kukuri\u010dn\u00fd \u0161krob a kyselina stearov\u00e1. M\u00f4\u017ee obsahova\u0165 aj krospovid\u00f3n. Okrem toho, 2,5 mg\/325 mg sila obsahuje FD&amp;C Red No. 40 Aluminium Lake a 5 mg\/325 mg sila obsahuje FD&amp;C Blue No. 1 Aluminium Lake. Sila 7,5 mg\/325 mg obsahuje hlin\u00edkov\u00e9 jazero FD&amp;C Yellow \u010d. 6. 10 mg\/325 mg sila obsahuje D&amp;C Yellow No. 10 Aluminium Lake. Sila 7,5 mg\/325 mg a sila 10 mg\/325 mg m\u00f4\u017ee obsahova\u0165 aj kukuri\u010dn\u00fd \u0161krob.<\/p>\n<p>Tablety oxykod\u00f3n hydrochlorid a acetaminof\u00e9n obsahuj\u00fa oxykod\u00f3n, 14-hydroxydihydrokodein\u00f3n, polosyntetick\u00e9 opioidn\u00e9 analgetikum, ktor\u00e9 sa vyskytuje ako biele a\u017e biele sivobiely jemn\u00fd kry\u0161talick\u00fd pr\u00e1\u0161ok. Molekulov\u00fd vzorec oxykod\u00f3n hydrochloridu je C<span class=\"Sub\">18<\/span>H<span class=\"Sub\">21<\/span>NO<span class=\"Sub\">4<\/span>\u00a0\u2219 HCl a molekulov\u00e1 hmotnos\u0165 je 351,82. Je odvoden\u00fd od \u00f3piov\u00e9ho alkaloidu teba\u00ednu a m\u00f4\u017ee by\u0165 reprezentovan\u00fd nasleduj\u00facim \u0161trukt\u00farnym vzorcom:<\/p>\n<div class=\"Figure\"><img decoding=\"async\" src=\"https:\/\/www.endo.com\/Image%20Library \/Endo\/EndoPharma\/Products\/Prescribe_Information\/pert-oxy-and-apap-tab-usp-1.jpg\" alt=\"chemick\u00e1 \u0161trukt\u00fara oxykod\u00f3n hydrochloridu\" \/><\/div>\n<p>Oxykod\u00f3n hydrochlorid a acetaminof\u00e9n tablety obsahuj\u00fa acetaminof\u00e9n, 4&#8242;-hydroxyacetanilid, je neopi\u00e1tov\u00e9, nesalicyl\u00e1tov\u00e9 analgetikum a antipyretikum, ktor\u00e9 sa vyskytuje ako biely kry\u0161talick\u00fd pr\u00e1\u0161ok bez z\u00e1pachu. Molekulov\u00fd vzorec acetaminof\u00e9nu je C<span class=\"Sub\">8<\/span>H<span class=\"Sub\">9<\/span>NO<span class=\"Sub\">2<\/span>\u00a0a molekulov\u00e1 hmotnos\u0165 je 151,16. M\u00f4\u017ee by\u0165 reprezentovan\u00fd nasleduj\u00facim \u0161trukt\u00farnym vzorcom:<\/p>\n<div class=\"Figure\"><img decoding=\"async\" src=\"https:\/\/www.endo.com\/Image%20Library\/Endo\/EndoPharma\/Products\/Prescribe_Information\/pert -oxy-and-apap-tab-usp-2.jpg\" alt=\"\u0160truktur\u00e1lny vzorec acetaminof\u00e9nu\" \/>&nbsp;<\/p>\n<p class=\"MultiMediaCaption\">\u0160trukt\u00farny vzorec acetaminof\u00e9nu<\/p>\n<\/p><\/div><\/div>\n<div class=\"Section\" style=\"text-align: center\">\n<p>Ka\u017ed\u00e1 tableta na peror\u00e1lne podanie obsahuje oxykod\u00f3n hydrochlorid a acetaminof\u00e9n v nasleduj\u00facich sil\u00e1ch:<\/p>\n<p>Oxykod\u00f3n hydrochlorid, USP\u00a02,5 mg*<br \/> Acetaminof\u00e9n, USP 325 mg<br \/> *2,5 mg oxykod\u00f3n HCl zodpoved\u00e1 2,2409 mg oxykod\u00f3nu.<\/p>\n<p>Oxykod\u00f3n hydrochlorid, USP 5 mg*<br \/> Acetaminof\u00e9n, USP 325 mg<br \/> *5 mg oxykod\u00f3n HCl je ekvivalentn\u00e9 4,4815 mg oxykod\u00f3nu.<\/p>\n<p>Oxykod\u00f3n hydrochlorid, USP 7,5 mg*<br \/> Acetaminof\u00e9n, 325 mg USP<br \/> *7,5 mg oxykod\u00f3n HCl je ekvivalentn\u00fd 6,7228 mg oxykod\u00f3nu.<\/p>\n<p>Oxykod\u00f3n hydrochlorid, USP\u00a010 mg*<br \/> Acetami nophen, USP 325 mg<br \/> *10 mg oxykod\u00f3nu HCl zodpoved\u00e1 8,9637 mg oxykod\u00f3nu.<\/p>\n<p>V\u0161etky sily PERCOCETu obsahuj\u00fa aj nasleduj\u00face ne\u00fa\u010dinn\u00e9 zlo\u017eky: Koloidn\u00fd oxid kremi\u010dit\u00fd, sodn\u00e1 so\u013e kroskarmel\u00f3zy, krospovid\u00f3n, mikrokry\u0161talick\u00e1 celul\u00f3za, povid\u00f3n, pred\u017eelat\u00ednovan\u00fd kukuri\u010dn\u00fd \u0161krob a kyselina stearov\u00e1. Okrem toho, 2,5 mg\/325 mg sila obsahuje FD&amp;C Red No. 40 Aluminium Lake a 5 mg\/325 mg sila obsahuje FD&amp;C Blue No. 1 Aluminium Lake. 7,5 mg\/325 mg sila obsahuje FD&amp;C Yellow No. 6 Aluminium Lake. 10 mg\/325 mg sila obsahuje D&amp;C Yellow No. 10 Aluminium Lake. Sily 7,5 mg\/325 mg a 10 mg\/325 mg m\u00f4\u017eu obsahova\u0165 aj kukuri\u010dn\u00fd \u0161krob.<\/p>\n<p>Oxykod\u00f3n, 14-hydroxydihydrokodein\u00f3n, je semisyntetick\u00e9 opioidn\u00e9 analgetikum, ktor\u00e9 sa vyskytuje ako biely kry\u0161talick\u00fd pr\u00e1\u0161ok bez z\u00e1pachu s fyziologick\u00fdm roztokom , hork\u00e1 chu\u0165. Molekulov\u00fd vzorec oxykod\u00f3n hydrochloridu je C<sub>18<\/sub>H<sub>21<\/sub>NO<sub>4<\/sub>\u2022HCl a molekulov\u00e1 hmotnos\u0165 je 351,82. Je odvoden\u00fd od \u00f3piov\u00e9ho alkaloidu teba\u00ednu a m\u00f4\u017ee by\u0165 vyjadren\u00fd nasleduj\u00facim \u0161trukt\u00farnym vzorcom:<\/p>\n<p>&nbsp;<\/p>\n<table class=\"blackpic\" width=\"256\" cellspacing=\"0\">\n<tbody>\n<tr>\n<td><img loading=\"lazy\" decoding=\"async\" title=\"Oxykod\u00f3n - ilustr\u00e1cia \u0161trukt\u00farneho vzorca\" src=\"https:\/\/images.rxlist.com\/images\/rxlist\/oxyapap1.gif\" alt=\"Oxykod\u00f3n - ilustr\u00e1cia \u0161trukt\u00farneho vzorca\" width=\"256\" height=\"154\" \/><\/td>\n<\/tr>\n<\/tbody>\n<\/table>\n<p>&nbsp;<\/p>\n<p>Acetaminof\u00e9n, 4\u2032-hydroxyacetanilid, nie je &#8211; opi\u00e1t, nesalicyl\u00e1tov\u00e9 analgetikum a antipyretikum, ktor\u00e9 sa vyskytuje ako biely kry\u0161talick\u00fd pr\u00e1\u0161ok bez z\u00e1pachu s mierne horkastou chu\u0165ou. Molekulov\u00fd vzorec acetaminof\u00e9nu je C<sub>8<\/sub>H<sub>9<\/sub>NO<sub>2<\/sub>\u00a0a\u00a0molekul\u00e1rna hmotnos\u0165 je 151,17. M\u00f4\u017ee by\u0165 reprezentovan\u00fd nasleduj\u00facim \u0161trukt\u00farnym vzorcom:<\/p>\n<p>&nbsp;<\/p>\n<table class=\"blackpic\" width=\"232\" cellspacing=\"0\">\n<tbody>\n<tr>\n<td> <img decoding=\"async\" title=\"Acetaminof\u00e9n - ilustr\u00e1cia \u0161trukt\u00farneho vzorca\" src=\"https:\/\/images.rxlist.com\/images\/rxlist\/oxyapap2.gif\" alt=\"Acetaminof\u00e9n - ilustr\u00e1cia \u0161trukt\u00farneho vzorca\" width=\"232\" height=\"106 \" \/><\/td>\n<\/tr>\n<\/tbody>\n<\/table><\/div>\n<p style=\"text-align: center\">K\u00fapte si tabletky Percocet 10 mg online. Dostupn\u00e9 s\u00fa aj in\u00e9 tabletky, ako je oxykod\u00f3n. Vo\u013ene predajn\u00e9 pr\u00e1\u0161ky na spanie na predaj za ve\u013emi n\u00edzke ceny.<\/p>\n<p style=\"text-align: center\"><strong>ako dlho zostane percocet vo va\u0161om syst\u00e9me, ako dlho zostane percocet vo va\u0161om syst\u00e9me , ako vyzer\u00e1 perkocet, ako sa perkocet c\u00edti, ako dlho zost\u00e1va perkocet v mo\u010di, \u010do je perkocet, ako vyzer\u00e1 perkocet, na \u010do sa perkocet pou\u017e\u00edva, ako si da\u0165 predp\u00edsa\u0165 perkocet, ako dlho perkocet pobyt v mo\u010di, \u010do je v percocete, ako dlho percocet trv\u00e1, ako vyzer\u00e1 percocet 10, ako dlho trv\u00e1 vysadenie percocetu, akej farby je percocet, pre\u010do v\u00e1s percocet svrb\u00ed, \u010do v\u00e1m percocet rob\u00ed, \u010do ako vyzer\u00e1 percocet high, ako vyzeraj\u00fa tabletky percocet, ko\u013eko je percocet, ako vyzer\u00e1 percocet 30, za ko\u013eko m\u00f4\u017eem preda\u0165 percocet 5 325, ko\u013eko percocetu pred\u00e1vkova\u0165, \u010do je silnej\u0161\u00ed norco alebo percocet, percocet svrbenie ako presta\u0165, ko\u013eko percocet stoj\u00ed bez poistenia, ako dlho percocet high trv\u00e1, ako dlho zost\u00e1va percocet vo va\u0161om syst\u00e9me, \u010do je silnej\u0161\u00ed oxykod\u00f3n alebo perkocet, \u010do je silnej\u0161\u00ed vicodin alebo percocet, kde z\u00edska\u0165 percocet, ako sa c\u00edtite percocet<\/strong><\/p>\n","protected":false},"excerpt":{"rendered":"<div class=\"woocommerce-product-details__short-description\">\n<p>K\u00fapte si tabletky Percocet 10 mg online. Siln\u00e9 pr\u00e1\u0161ky na spanie, lieky proti bolesti, online lek\u00e1re\u0148 sk, , pr\u00e1\u0161ky proti bolesti na predaj, lieky proti bolesti, online n\u00e1kup liekov, online n\u00e1kup liekov proti bolesti, online n\u00e1kup liekov proti bolesti.<\/p>\n<\/p><\/div>\n","protected":false},"featured_media":5305,"comment_status":"open","ping_status":"closed","template":"","meta":[],"product_brand":[],"product_cat":[1117],"product_tag":[1721,1722,1731,1730,1790,1789,1788,1724,1755,1725,1791,1761,1726,1728,1727,1729,1733,1732,1762,1723,1734,1792,1780,1779,1691,1736,1738,1745,1739,1740,1741,1743,1742,1744,1746,1747,1748,1749,1750,1751,1752,1753,1754,1756,1758,1757,1759,1760,1766,1767,1768,1775,1773,1770,1771,1772,1769,1764,1776,1777,1778,1765,1763,1735,1781,1782,1783,1785,1737,1786,1774,1784,1787,1793],"class_list":{"0":"post-5295","1":"product","2":"type-product","3":"status-publish","4":"has-post-thumbnail","6":"product_cat-kupte-si-tabletky-proti-bolesti-spanku-sexu","7":"product_tag-30-mg-perkocet","8":"product_tag-5-mg-percocet","9":"product_tag-ako-dlho-percocet-zostane-vo-vaom-moi","10":"product_tag-ako-dlho-percocet-zostane-vo-vaom-systme","11":"product_tag-ak-percocet-pocit-ako","12":"product_tag-ako-vyzer-percocet","13":"product_tag-o-to-percocet-pilulky-vyzeraj","14":"product_tag-buy-percocet-online","15":"product_tag-percocet-5-325-cena","16":"product_tag-cheap-percocet-pills","17":"product_tag-o-je-percocet","18":"product_tag-percocet-dvkovanie","19":"product_tag-effects-of-percocet","20":"product_tag-falon-percocet-pilulky","21":"product_tag-falon-percocet","22":"product_tag-generick-percocet","23":"product_tag-itching-percocet","24":"product_tag-je-oxykodn-rovnak-ako-perkocet","25":"product_tag-percocet-droga","26":"product_tag-blue-percocet","27":"product_tag-molly-percocet","28":"product_tag-na-o-je-percocet-pouit","29":"product_tag-obrzky-percocet-piluliek","30":"product_tag-percocet-stiahnutie","31":"product_tag-oxycodone-vs-percocet","32":"product_tag-oxycontin-vs-percocet","33":"product_tag-percocet-10","34":"product_tag-percocet-10-mg","35":"product_tag-percocet-10-images","36":"product_tag-percocet-10-lt","37":"product_tag-percocet-10-325","38":"product_tag-percocet-10-325-efectos-white","39":"product_tag-percocet-10-325-efekty","40":"product_tag-percocet-10-325-espanol","41":"product_tag-percocet-15","42":"product_tag-percocet-15-mg","43":"product_tag-percocet-20-mg","44":"product_tag-percocet-30","45":"product_tag-percocet-30-mg","46":"product_tag-percocet-325","47":"product_tag-percocet-5","48":"product_tag-percocet-5-mg","49":"product_tag-percocet-5-325","50":"product_tag-percocet-512","51":"product_tag-percocet-7-5-325-efekty","52":"product_tag-percocet-7-5","53":"product_tag-percocet-and-alcohol","54":"product_tag-percocet-and-xanax","55":"product_tag-percocet-in-spanish","56":"product_tag-percocet-molly","57":"product_tag-percocet-online","58":"product_tag-percocet-piese","59":"product_tag-percocet-pills-images","60":"product_tag-percocet-pilulka","61":"product_tag-percocet-pilulky","62":"product_tag-percocet-pilulky-na-predaj","63":"product_tag-percocet-tabletky-proti-bolesti","64":"product_tag-percocet-pocit","65":"product_tag-percocet-street-value","66":"product_tag-percocet-vs-tramadol","67":"product_tag-percocet-vs-vicodin","68":"product_tag-percocet-vysok","69":"product_tag-percocet-efekty","70":"product_tag-molly-percocet-song","71":"product_tag-pilulky-ktor-vyzeraj-ako-percocet","72":"product_tag-pilulky-ktor-vyzeraj-ako-percocet-5mg","73":"product_tag-pink-percocet","74":"product_tag-street-value-of-percocet","75":"product_tag-tabletky-proti-bolesti-na-predaj-percocet","76":"product_tag-tramadol-vs-percocet","77":"product_tag-percocet-vedajie-inky","78":"product_tag-vedajie-inky-percocetu","79":"product_tag-vicodin-vs-percocet","80":"product_tag-ps-percoce","82":"first","83":"instock","84":"shipping-taxable","85":"purchasable","86":"product-type-variable","87":"has-default-attributes"},"yoast_head":"<!-- This site is optimized with the Yoast SEO plugin v27.3 - https:\/\/yoast.com\/product\/yoast-seo-wordpress\/ -->\n<title>K\u00fapte si tabletky Percocet 10 mg \u2013 najlep\u0161ie najlep\u0161ie glob\u00e1lne lieky<\/title>\n<meta name=\"description\" content=\"K\u00fapte si tabletky Percocet 10 mg online. Siln\u00e9 pr\u00e1\u0161ky na spanie, lieky na \u00fa\u013eavu od bolesti, lek\u00e1re\u0148 online vo Ve\u013ekej Brit\u00e1nii, , pr\u00e1\u0161ky proti bolesti na predaj, lieky na zmiernenie bolesti, online n\u00e1kup liekov, online n\u00e1kup liekov proti bolesti, n\u00e1kup liekov proti bolesti online.\" \/>\n<meta name=\"robots\" content=\"index, follow, max-snippet:-1, max-image-preview:large, max-video-preview:-1\" \/>\n<link rel=\"canonical\" href=\"https:\/\/medicinasinc.com\/sk\/product\/kupit-percocet-10mg-pilulky\/\" \/>\n<meta property=\"og:locale\" content=\"en_US\" \/>\n<meta property=\"og:type\" content=\"article\" \/>\n<meta property=\"og:title\" content=\"K\u00fapte si tabletky Percocet 10 mg \u2013 najlep\u0161ie najlep\u0161ie glob\u00e1lne lieky\" \/>\n<meta property=\"og:description\" content=\"K\u00fapte si tabletky Percocet 10 mg online. Siln\u00e9 pr\u00e1\u0161ky na spanie, lieky na \u00fa\u013eavu od bolesti, lek\u00e1re\u0148 online vo Ve\u013ekej Brit\u00e1nii, , pr\u00e1\u0161ky proti bolesti na predaj, lieky na zmiernenie bolesti, online n\u00e1kup liekov, online n\u00e1kup liekov proti bolesti, n\u00e1kup liekov proti bolesti online.\" \/>\n<meta property=\"og:url\" content=\"https:\/\/medicinasinc.com\/sk\/product\/kupit-percocet-10mg-pilulky\/\" \/>\n<meta property=\"og:site_name\" content=\"Medicinas Inc\" \/>\n<meta property=\"article:modified_time\" content=\"2022-03-22T01:03:06+00:00\" \/>\n<meta property=\"og:image\" content=\"https:\/\/medicinasinc.com\/sk\/wp-content\/uploads\/sites\/10\/2022\/02\/Buy-Percocet-10mg-pills.jpg\" \/>\n\t<meta property=\"og:image:width\" content=\"600\" \/>\n\t<meta property=\"og:image:height\" content=\"400\" \/>\n\t<meta property=\"og:image:type\" content=\"image\/jpeg\" \/>\n<meta name=\"twitter:card\" content=\"summary_large_image\" \/>\n<meta name=\"twitter:label1\" content=\"Est. reading time\" \/>\n\t<meta name=\"twitter:data1\" content=\"5 minutes\" \/>\n<script type=\"application\/ld+json\" class=\"yoast-schema-graph\">{\"@context\":\"https:\\\/\\\/schema.org\",\"@graph\":[{\"@type\":\"WebPage\",\"@id\":\"https:\\\/\\\/medicinasinc.com\\\/sk\\\/product\\\/kupit-percocet-10mg-pilulky\\\/\",\"url\":\"https:\\\/\\\/medicinasinc.com\\\/sk\\\/product\\\/kupit-percocet-10mg-pilulky\\\/\",\"name\":\"K\u00fapte si tabletky Percocet 10 mg \u2013 najlep\u0161ie najlep\u0161ie glob\u00e1lne lieky\",\"isPartOf\":{\"@id\":\"https:\\\/\\\/medicinasinc.com\\\/sk\\\/#website\"},\"primaryImageOfPage\":{\"@id\":\"https:\\\/\\\/medicinasinc.com\\\/sk\\\/product\\\/kupit-percocet-10mg-pilulky\\\/#primaryimage\"},\"image\":{\"@id\":\"https:\\\/\\\/medicinasinc.com\\\/sk\\\/product\\\/kupit-percocet-10mg-pilulky\\\/#primaryimage\"},\"thumbnailUrl\":\"https:\\\/\\\/medicinasinc.com\\\/sk\\\/wp-content\\\/uploads\\\/sites\\\/10\\\/2022\\\/02\\\/Buy-Percocet-10mg-pills.jpg\",\"datePublished\":\"2022-02-21T18:18:17+00:00\",\"dateModified\":\"2022-03-22T01:03:06+00:00\",\"description\":\"K\u00fapte si tabletky Percocet 10 mg online. Siln\u00e9 pr\u00e1\u0161ky na spanie, lieky na \u00fa\u013eavu od bolesti, lek\u00e1re\u0148 online vo Ve\u013ekej Brit\u00e1nii, , pr\u00e1\u0161ky proti bolesti na predaj, lieky na zmiernenie bolesti, online n\u00e1kup liekov, online n\u00e1kup liekov proti bolesti, n\u00e1kup liekov proti bolesti online.\",\"breadcrumb\":{\"@id\":\"https:\\\/\\\/medicinasinc.com\\\/sk\\\/product\\\/kupit-percocet-10mg-pilulky\\\/#breadcrumb\"},\"inLanguage\":\"en-US\",\"potentialAction\":[{\"@type\":\"ReadAction\",\"target\":[\"https:\\\/\\\/medicinasinc.com\\\/sk\\\/product\\\/kupit-percocet-10mg-pilulky\\\/\"]}]},{\"@type\":\"ImageObject\",\"inLanguage\":\"en-US\",\"@id\":\"https:\\\/\\\/medicinasinc.com\\\/sk\\\/product\\\/kupit-percocet-10mg-pilulky\\\/#primaryimage\",\"url\":\"https:\\\/\\\/medicinasinc.com\\\/sk\\\/wp-content\\\/uploads\\\/sites\\\/10\\\/2022\\\/02\\\/Buy-Percocet-10mg-pills.jpg\",\"contentUrl\":\"https:\\\/\\\/medicinasinc.com\\\/sk\\\/wp-content\\\/uploads\\\/sites\\\/10\\\/2022\\\/02\\\/Buy-Percocet-10mg-pills.jpg\",\"width\":600,\"height\":400},{\"@type\":\"BreadcrumbList\",\"@id\":\"https:\\\/\\\/medicinasinc.com\\\/sk\\\/product\\\/kupit-percocet-10mg-pilulky\\\/#breadcrumb\",\"itemListElement\":[{\"@type\":\"ListItem\",\"position\":1,\"name\":\"Obchod\",\"item\":\"https:\\\/\\\/medicinasinc.com\\\/sk\\\/obchod\\\/\"},{\"@type\":\"ListItem\",\"position\":2,\"name\":\"K\u00fapte si tabletky Percocet 10 mg\"}]},{\"@type\":\"WebSite\",\"@id\":\"https:\\\/\\\/medicinasinc.com\\\/sk\\\/#website\",\"url\":\"https:\\\/\\\/medicinasinc.com\\\/sk\\\/\",\"name\":\"Medicinas Inc\",\"description\":\"Health Medical Clinic\",\"potentialAction\":[{\"@type\":\"SearchAction\",\"target\":{\"@type\":\"EntryPoint\",\"urlTemplate\":\"https:\\\/\\\/medicinasinc.com\\\/sk\\\/?s={search_term_string}\"},\"query-input\":{\"@type\":\"PropertyValueSpecification\",\"valueRequired\":true,\"valueName\":\"search_term_string\"}}],\"inLanguage\":\"en-US\"}]}<\/script>\n<!-- \/ Yoast SEO plugin. -->","yoast_head_json":{"title":"K\u00fapte si tabletky Percocet 10 mg \u2013 najlep\u0161ie najlep\u0161ie glob\u00e1lne lieky","description":"K\u00fapte si tabletky Percocet 10 mg online. Siln\u00e9 pr\u00e1\u0161ky na spanie, lieky na \u00fa\u013eavu od bolesti, lek\u00e1re\u0148 online vo Ve\u013ekej Brit\u00e1nii, , pr\u00e1\u0161ky proti bolesti na predaj, lieky na zmiernenie bolesti, online n\u00e1kup liekov, online n\u00e1kup liekov proti bolesti, n\u00e1kup liekov proti bolesti online.","robots":{"index":"index","follow":"follow","max-snippet":"max-snippet:-1","max-image-preview":"max-image-preview:large","max-video-preview":"max-video-preview:-1"},"canonical":"https:\/\/medicinasinc.com\/sk\/product\/kupit-percocet-10mg-pilulky\/","og_locale":"en_US","og_type":"article","og_title":"K\u00fapte si tabletky Percocet 10 mg \u2013 najlep\u0161ie najlep\u0161ie glob\u00e1lne lieky","og_description":"K\u00fapte si tabletky Percocet 10 mg online. Siln\u00e9 pr\u00e1\u0161ky na spanie, lieky na \u00fa\u013eavu od bolesti, lek\u00e1re\u0148 online vo Ve\u013ekej Brit\u00e1nii, , pr\u00e1\u0161ky proti bolesti na predaj, lieky na zmiernenie bolesti, online n\u00e1kup liekov, online n\u00e1kup liekov proti bolesti, n\u00e1kup liekov proti bolesti online.","og_url":"https:\/\/medicinasinc.com\/sk\/product\/kupit-percocet-10mg-pilulky\/","og_site_name":"Medicinas Inc","article_modified_time":"2022-03-22T01:03:06+00:00","og_image":[{"width":600,"height":400,"url":"https:\/\/medicinasinc.com\/sk\/wp-content\/uploads\/sites\/10\/2022\/02\/Buy-Percocet-10mg-pills.jpg","type":"image\/jpeg"}],"twitter_card":"summary_large_image","twitter_misc":{"Est. reading time":"5 minutes"},"schema":{"@context":"https:\/\/schema.org","@graph":[{"@type":"WebPage","@id":"https:\/\/medicinasinc.com\/sk\/product\/kupit-percocet-10mg-pilulky\/","url":"https:\/\/medicinasinc.com\/sk\/product\/kupit-percocet-10mg-pilulky\/","name":"K\u00fapte si tabletky Percocet 10 mg \u2013 najlep\u0161ie najlep\u0161ie glob\u00e1lne lieky","isPartOf":{"@id":"https:\/\/medicinasinc.com\/sk\/#website"},"primaryImageOfPage":{"@id":"https:\/\/medicinasinc.com\/sk\/product\/kupit-percocet-10mg-pilulky\/#primaryimage"},"image":{"@id":"https:\/\/medicinasinc.com\/sk\/product\/kupit-percocet-10mg-pilulky\/#primaryimage"},"thumbnailUrl":"https:\/\/medicinasinc.com\/sk\/wp-content\/uploads\/sites\/10\/2022\/02\/Buy-Percocet-10mg-pills.jpg","datePublished":"2022-02-21T18:18:17+00:00","dateModified":"2022-03-22T01:03:06+00:00","description":"K\u00fapte si tabletky Percocet 10 mg online. Siln\u00e9 pr\u00e1\u0161ky na spanie, lieky na \u00fa\u013eavu od bolesti, lek\u00e1re\u0148 online vo Ve\u013ekej Brit\u00e1nii, , pr\u00e1\u0161ky proti bolesti na predaj, lieky na zmiernenie bolesti, online n\u00e1kup liekov, online n\u00e1kup liekov proti bolesti, n\u00e1kup liekov proti bolesti online.","breadcrumb":{"@id":"https:\/\/medicinasinc.com\/sk\/product\/kupit-percocet-10mg-pilulky\/#breadcrumb"},"inLanguage":"en-US","potentialAction":[{"@type":"ReadAction","target":["https:\/\/medicinasinc.com\/sk\/product\/kupit-percocet-10mg-pilulky\/"]}]},{"@type":"ImageObject","inLanguage":"en-US","@id":"https:\/\/medicinasinc.com\/sk\/product\/kupit-percocet-10mg-pilulky\/#primaryimage","url":"https:\/\/medicinasinc.com\/sk\/wp-content\/uploads\/sites\/10\/2022\/02\/Buy-Percocet-10mg-pills.jpg","contentUrl":"https:\/\/medicinasinc.com\/sk\/wp-content\/uploads\/sites\/10\/2022\/02\/Buy-Percocet-10mg-pills.jpg","width":600,"height":400},{"@type":"BreadcrumbList","@id":"https:\/\/medicinasinc.com\/sk\/product\/kupit-percocet-10mg-pilulky\/#breadcrumb","itemListElement":[{"@type":"ListItem","position":1,"name":"Obchod","item":"https:\/\/medicinasinc.com\/sk\/obchod\/"},{"@type":"ListItem","position":2,"name":"K\u00fapte si tabletky Percocet 10 mg"}]},{"@type":"WebSite","@id":"https:\/\/medicinasinc.com\/sk\/#website","url":"https:\/\/medicinasinc.com\/sk\/","name":"Medicinas Inc","description":"Health Medical Clinic","potentialAction":[{"@type":"SearchAction","target":{"@type":"EntryPoint","urlTemplate":"https:\/\/medicinasinc.com\/sk\/?s={search_term_string}"},"query-input":{"@type":"PropertyValueSpecification","valueRequired":true,"valueName":"search_term_string"}}],"inLanguage":"en-US"}]}},"_links":{"self":[{"href":"https:\/\/medicinasinc.com\/sk\/wp-json\/wp\/v2\/product\/5295","targetHints":{"allow":["GET"]}}],"collection":[{"href":"https:\/\/medicinasinc.com\/sk\/wp-json\/wp\/v2\/product"}],"about":[{"href":"https:\/\/medicinasinc.com\/sk\/wp-json\/wp\/v2\/types\/product"}],"replies":[{"embeddable":true,"href":"https:\/\/medicinasinc.com\/sk\/wp-json\/wp\/v2\/comments?post=5295"}],"wp:featuredmedia":[{"embeddable":true,"href":"https:\/\/medicinasinc.com\/sk\/wp-json\/wp\/v2\/media\/5305"}],"wp:attachment":[{"href":"https:\/\/medicinasinc.com\/sk\/wp-json\/wp\/v2\/media?parent=5295"}],"wp:term":[{"taxonomy":"product_brand","embeddable":true,"href":"https:\/\/medicinasinc.com\/sk\/wp-json\/wp\/v2\/product_brand?post=5295"},{"taxonomy":"product_cat","embeddable":true,"href":"https:\/\/medicinasinc.com\/sk\/wp-json\/wp\/v2\/product_cat?post=5295"},{"taxonomy":"product_tag","embeddable":true,"href":"https:\/\/medicinasinc.com\/sk\/wp-json\/wp\/v2\/product_tag?post=5295"}],"curies":[{"name":"wp","href":"https:\/\/api.w.org\/{rel}","templated":true}]}}