{"id":5294,"date":"2022-02-21T18:18:05","date_gmt":"2022-02-21T18:18:05","guid":{"rendered":"https:\/\/medicinasinc.com\/sk\/?post_type=product&#038;p=5294"},"modified":"2022-03-22T01:03:15","modified_gmt":"2022-03-22T01:03:15","slug":"buy-oxykodon-80-mg","status":"publish","type":"product","link":"https:\/\/medicinasinc.com\/sk\/product\/buy-oxykodon-80-mg\/","title":{"rendered":"K\u00fapi\u0165 Oxycodone 80 mg"},"content":{"rendered":"<div class=\"woocommerce-tabs wc-tabs-wrapper\">\n<div id=\"tab-description\" class=\"woocommerce-Tabs-panel woocommerce-Tabs-panel--description panel entry-content wc-tab\" style=\"text-align: center\" role=\"tabpanel\" aria-labelledby=\"tab-title-description\">\n<p>Online lek\u00e1re\u0148 na n\u00e1kup tabliet oxycontin 80 mg.<\/p>\n<p>Online n\u00e1kup tabliet Oxycodone 80 mg. Okrem toho s\u00fa dostupn\u00e9 40 mg tabletky oxykod\u00f3nu. Kupujte si u n\u00e1s len tie najkvalitnej\u0161ie lieky.<\/p>\n<p>S\u00daHRN Oxykod\u00f3n je opioidn\u00fd liek proti bolesti pou\u017e\u00edvan\u00fd na lie\u010dbu stredne silnej a\u017e silnej bolesti.<br \/> N\u00c1ZVY ZNA\u010cKY<br \/> Endocet a Endodan s\u00fa oba lieky proti lieky na hna\u010dku. M\u00e1j 2009, preformulovan\u00e9 Xolox, Xtampza, Nalocet, Oxaydo, Oxy.IR, Oxycontin, Oxyneo, Percocet, Prolate, Rivacocet, Roxicet, Roxicodone, Targin, Targiniq<br \/> V\u0160EOBECN\u00c9 N\u00c1ZOV<br \/> \u010c\u00cdSLO DRU\u010cU79 DB04 ACCESS <br \/> POZADIE<br \/> Oxykod\u00f3n je semisyntetick\u00e9 opioidn\u00e9 analgetikum, ktor\u00e9 bolo vyvinut\u00e9 v roku 1917 v Nemecku z teba\u00ednu.<br \/> 3<br \/> Teraz je schv\u00e1len\u00fd ako produkt s okam\u017eit\u00fdm uvo\u013e\u0148ovan\u00edm na stredne siln\u00fa a\u017e siln\u00fa boles\u0165 a ako produkt s pred\u013a\u017een\u00fdm uvo\u013e\u0148ovan\u00edm na chronick\u00fa stredn\u00fa a\u017e siln\u00fa boles\u0165, ktor\u00e1 si vy\u017eaduje kontinu\u00e1lne opioidn\u00e9 analgetik\u00e1 po\u010das dlh\u0161ieho \u010dasov\u00e9ho obdobia.<br \/> FDA schv\u00e1lila prv\u00fd liek obsahuj\u00faci oxykod\u00f3n, Percodan, 12. apr\u00edla 1950.<br \/> TYPY MAL\u00ddCH MOLEK\u00daL<br \/> SKUPINY<br \/> Schv\u00e1len\u00e9, nez\u00e1konn\u00e9 a vy\u0161etrovacie<\/p>\n<\/p><\/div><\/div>\n","protected":false},"excerpt":{"rendered":"<p>Online n\u00e1kup tabliet Oxycodone 80 mg.<\/p>\n<p>Online n\u00e1kup tabliet Oxycodone 80 mg. Oxykod\u00f3n 80 mg na predaj v Spojenom kr\u00e1\u013eovstve a Eur\u00f3pe. Okrem toho s\u00fa dostupn\u00e9 80mg tabletky oxykod\u00f3nu. Nakupujte u n\u00e1s len tie najkvalitnej\u0161ie lieky.<\/p>\n<p>Online n\u00e1kup tabliet Oxycodone 80 mg. Okrem toho s\u00fa dostupn\u00e9 80mg tabletky oxykod\u00f3nu. Nakupujte u n\u00e1s len tie najkvalitnej\u0161ie lieky.<\/p>\n","protected":false},"featured_media":5303,"comment_status":"open","ping_status":"closed","template":"","meta":[],"product_brand":[],"product_cat":[1117],"product_tag":[1638,1640,1639,1643,1718,1719,1720,1717,1698,1675,1716,1700,1644,1653,1654,1656,1709,1647,1649,1650,1651,1652,1655,1659,1660,1664,1665,1666,1667,1672,1673,1674,1679,1680,1681,1686,1687,1689,1690,1691,1696,1697,1056,1701,1702,1699,1703,1705,1657,1658,1694,1661,1662,1663,1668,1669,1670,1678,1682,1683,1684,1692,1693,1685,1704,1706,1707,1708,1677,1710,1711,1712,1713,1714,1646,1645,1715,1676,1688,1671],"class_list":{"0":"post-5294","1":"product","2":"type-product","3":"status-publish","4":"has-post-thumbnail","6":"product_cat-kupte-si-tabletky-proti-bolesti-spanku-sexu","7":"product_tag-15-mg-oxykodn","8":"product_tag-20-mg-oxykodnu","9":"product_tag-20-mg-oxykodn","10":"product_tag-ako-dlho-vydr-oxykodn","11":"product_tag-o-je-oxy","12":"product_tag-o-je-oxymorfn","13":"product_tag-o-je-roxikodn","14":"product_tag-o-rob-oxykodn-robi","15":"product_tag-oxycontin-dvkovanie","16":"product_tag-dvky-oxykodnu","17":"product_tag-typy-liekov-proti-bolesti","18":"product_tag-oxycontin-generikum","19":"product_tag-je-oxykodn-opioid","20":"product_tag-oxy-droga","21":"product_tag-oxy-drogy","22":"product_tag-kyslkov-pilulky","23":"product_tag-lieky-proti-bolesti-na-predpis","24":"product_tag-opioidn-lieky-proti-bolesti","25":"product_tag-oxikodn","26":"product_tag-oxy","27":"product_tag-oxy-10","28":"product_tag-oxy-5-mg","29":"product_tag-oxy-pill","30":"product_tag-oxycodone","31":"product_tag-oxycodone-10","32":"product_tag-oxycodone-15mg","33":"product_tag-oxycodone-20-mg","34":"product_tag-oxycodone-20mg","35":"product_tag-oxycodone-30mg","36":"product_tag-oxycodone-and-alcohol","37":"product_tag-oxycodone-and-ibuprofen","38":"product_tag-oxycodone-and-tylenol","39":"product_tag-oxycodone-hcl-5-mg-tablet","40":"product_tag-oxycodone-hcl-5mg","41":"product_tag-oxycodone-high","42":"product_tag-oxycodone-pill","43":"product_tag-oxycodone-pills","44":"product_tag-oxycodone-uses","45":"product_tag-oxycodone-vs-oxycontin","46":"product_tag-oxycodone-vs-percocet","47":"product_tag-oxycontin","48":"product_tag-oxycontin-30-mg","49":"product_tag-oxycontin-80-mg","50":"product_tag-oxycontin-ir","51":"product_tag-oxycontin-overdose","52":"product_tag-oxycontin-efekt","53":"product_tag-oxycontin-vs-oxykodn","54":"product_tag-oxycotton","55":"product_tag-oxykodn","57":"product_tag-oxykod-c3-b3n-apap","58":"product_tag-oxykodn-10-mg","59":"product_tag-oxykodn-10-mg-ruov","60":"product_tag-oxykodn-15-mg","61":"product_tag-oxykodn-5","62":"product_tag-oxykodn-5-325","63":"product_tag-oxykodn-5-mg","64":"product_tag-oxykodn-hcl","65":"product_tag-oxykodn-hydrochlorid","66":"product_tag-oxykodn-hydrochlorid-5-mg","67":"product_tag-oxykodn-s-okamitm-uvoovanm","68":"product_tag-oxykodn-acetamnn","69":"product_tag-oxykodn-acetamnn-5-325","70":"product_tag-oxykodnov-zloky","71":"product_tag-oxykotn","72":"product_tag-oxys","73":"product_tag-oxytocnov-tabletky","74":"product_tag-pilulka-20","75":"product_tag-polas-oxykodnu","76":"product_tag-roxikodn-vs-oxykodn","77":"product_tag-roxy-10","78":"product_tag-roxy-30s","79":"product_tag-roxy-droga","80":"product_tag-side-effects-of-oxycodone","81":"product_tag-kvapalina-oxycontin","82":"product_tag-tekut-oxykodn","83":"product_tag-typy-opioidov","84":"product_tag-oxykod-c3-b3nov-c3-a9-c3-ba-c4-8dinky","85":"product_tag-ved-c4-beaj-c5-a1ie-c3-ba-c4-8dinky-oxykod-c3-b3nu","86":"product_tag-zvislos-od-oxykodnu","88":"first","89":"instock","90":"shipping-taxable","91":"purchasable","92":"product-type-variable","93":"has-default-attributes"},"yoast_head":"<!-- This site is optimized with the Yoast SEO plugin v27.3 - https:\/\/yoast.com\/product\/yoast-seo-wordpress\/ -->\n<title>K\u00fapi\u0165 Oxykod\u00f3n 80 mg \u2013 najlep\u0161ie najlep\u0161ie glob\u00e1lne lieky<\/title>\n<meta name=\"description\" content=\"K\u00fapte si tabletky Oxycodone 80 mg online. K\u00fapi\u0165 Oxycodone 80 mg na predaj Ve\u013ek\u00e1 Brit\u00e1nia, Eur\u00f3pa. Dostupn\u00e9 s\u00fa aj tabletky oxykod\u00f3nu 80 mg. K\u00fapte si u n\u00e1s tie najkvalitnej\u0161ie tabletky.\" \/>\n<meta name=\"robots\" content=\"index, follow, max-snippet:-1, max-image-preview:large, max-video-preview:-1\" \/>\n<link rel=\"canonical\" href=\"https:\/\/medicinasinc.com\/sk\/product\/buy-oxykodon-80-mg\/\" \/>\n<meta property=\"og:locale\" content=\"en_US\" \/>\n<meta property=\"og:type\" content=\"article\" \/>\n<meta property=\"og:title\" content=\"K\u00fapi\u0165 Oxykod\u00f3n 80 mg \u2013 najlep\u0161ie najlep\u0161ie glob\u00e1lne lieky\" \/>\n<meta property=\"og:description\" content=\"K\u00fapte si tabletky Oxycodone 80 mg online. K\u00fapi\u0165 Oxycodone 80 mg na predaj Ve\u013ek\u00e1 Brit\u00e1nia, Eur\u00f3pa. Dostupn\u00e9 s\u00fa aj tabletky oxykod\u00f3nu 80 mg. K\u00fapte si u n\u00e1s tie najkvalitnej\u0161ie tabletky.\" \/>\n<meta property=\"og:url\" content=\"https:\/\/medicinasinc.com\/sk\/product\/buy-oxykodon-80-mg\/\" \/>\n<meta property=\"og:site_name\" content=\"Medicinas Inc\" \/>\n<meta property=\"article:modified_time\" content=\"2022-03-22T01:03:15+00:00\" \/>\n<meta property=\"og:image\" content=\"https:\/\/medicinasinc.com\/sk\/wp-content\/uploads\/sites\/10\/2022\/02\/Buy-Oxycodone-80mg.jpg\" \/>\n\t<meta property=\"og:image:width\" content=\"600\" \/>\n\t<meta property=\"og:image:height\" content=\"514\" \/>\n\t<meta property=\"og:image:type\" content=\"image\/jpeg\" \/>\n<meta name=\"twitter:card\" content=\"summary_large_image\" \/>\n<meta name=\"twitter:label1\" content=\"Est. reading time\" \/>\n\t<meta name=\"twitter:data1\" content=\"1 minute\" \/>\n<script type=\"application\/ld+json\" class=\"yoast-schema-graph\">{\"@context\":\"https:\\\/\\\/schema.org\",\"@graph\":[{\"@type\":\"WebPage\",\"@id\":\"https:\\\/\\\/medicinasinc.com\\\/sk\\\/product\\\/buy-oxykodon-80-mg\\\/\",\"url\":\"https:\\\/\\\/medicinasinc.com\\\/sk\\\/product\\\/buy-oxykodon-80-mg\\\/\",\"name\":\"K\u00fapi\u0165 Oxykod\u00f3n 80 mg \u2013 najlep\u0161ie najlep\u0161ie glob\u00e1lne lieky\",\"isPartOf\":{\"@id\":\"https:\\\/\\\/medicinasinc.com\\\/sk\\\/#website\"},\"primaryImageOfPage\":{\"@id\":\"https:\\\/\\\/medicinasinc.com\\\/sk\\\/product\\\/buy-oxykodon-80-mg\\\/#primaryimage\"},\"image\":{\"@id\":\"https:\\\/\\\/medicinasinc.com\\\/sk\\\/product\\\/buy-oxykodon-80-mg\\\/#primaryimage\"},\"thumbnailUrl\":\"https:\\\/\\\/medicinasinc.com\\\/sk\\\/wp-content\\\/uploads\\\/sites\\\/10\\\/2022\\\/02\\\/Buy-Oxycodone-80mg.jpg\",\"datePublished\":\"2022-02-21T18:18:05+00:00\",\"dateModified\":\"2022-03-22T01:03:15+00:00\",\"description\":\"K\u00fapte si tabletky Oxycodone 80 mg online. K\u00fapi\u0165 Oxycodone 80 mg na predaj Ve\u013ek\u00e1 Brit\u00e1nia, Eur\u00f3pa. Dostupn\u00e9 s\u00fa aj tabletky oxykod\u00f3nu 80 mg. K\u00fapte si u n\u00e1s tie najkvalitnej\u0161ie tabletky.\",\"breadcrumb\":{\"@id\":\"https:\\\/\\\/medicinasinc.com\\\/sk\\\/product\\\/buy-oxykodon-80-mg\\\/#breadcrumb\"},\"inLanguage\":\"en-US\",\"potentialAction\":[{\"@type\":\"ReadAction\",\"target\":[\"https:\\\/\\\/medicinasinc.com\\\/sk\\\/product\\\/buy-oxykodon-80-mg\\\/\"]}]},{\"@type\":\"ImageObject\",\"inLanguage\":\"en-US\",\"@id\":\"https:\\\/\\\/medicinasinc.com\\\/sk\\\/product\\\/buy-oxykodon-80-mg\\\/#primaryimage\",\"url\":\"https:\\\/\\\/medicinasinc.com\\\/sk\\\/wp-content\\\/uploads\\\/sites\\\/10\\\/2022\\\/02\\\/Buy-Oxycodone-80mg.jpg\",\"contentUrl\":\"https:\\\/\\\/medicinasinc.com\\\/sk\\\/wp-content\\\/uploads\\\/sites\\\/10\\\/2022\\\/02\\\/Buy-Oxycodone-80mg.jpg\",\"width\":600,\"height\":514},{\"@type\":\"BreadcrumbList\",\"@id\":\"https:\\\/\\\/medicinasinc.com\\\/sk\\\/product\\\/buy-oxykodon-80-mg\\\/#breadcrumb\",\"itemListElement\":[{\"@type\":\"ListItem\",\"position\":1,\"name\":\"Obchod\",\"item\":\"https:\\\/\\\/medicinasinc.com\\\/sk\\\/obchod\\\/\"},{\"@type\":\"ListItem\",\"position\":2,\"name\":\"K\u00fapi\u0165 Oxycodone 80 mg\"}]},{\"@type\":\"WebSite\",\"@id\":\"https:\\\/\\\/medicinasinc.com\\\/sk\\\/#website\",\"url\":\"https:\\\/\\\/medicinasinc.com\\\/sk\\\/\",\"name\":\"Medicinas Inc\",\"description\":\"Health Medical Clinic\",\"potentialAction\":[{\"@type\":\"SearchAction\",\"target\":{\"@type\":\"EntryPoint\",\"urlTemplate\":\"https:\\\/\\\/medicinasinc.com\\\/sk\\\/?s={search_term_string}\"},\"query-input\":{\"@type\":\"PropertyValueSpecification\",\"valueRequired\":true,\"valueName\":\"search_term_string\"}}],\"inLanguage\":\"en-US\"}]}<\/script>\n<!-- \/ Yoast SEO plugin. -->","yoast_head_json":{"title":"K\u00fapi\u0165 Oxykod\u00f3n 80 mg \u2013 najlep\u0161ie najlep\u0161ie glob\u00e1lne lieky","description":"K\u00fapte si tabletky Oxycodone 80 mg online. K\u00fapi\u0165 Oxycodone 80 mg na predaj Ve\u013ek\u00e1 Brit\u00e1nia, Eur\u00f3pa. Dostupn\u00e9 s\u00fa aj tabletky oxykod\u00f3nu 80 mg. K\u00fapte si u n\u00e1s tie najkvalitnej\u0161ie tabletky.","robots":{"index":"index","follow":"follow","max-snippet":"max-snippet:-1","max-image-preview":"max-image-preview:large","max-video-preview":"max-video-preview:-1"},"canonical":"https:\/\/medicinasinc.com\/sk\/product\/buy-oxykodon-80-mg\/","og_locale":"en_US","og_type":"article","og_title":"K\u00fapi\u0165 Oxykod\u00f3n 80 mg \u2013 najlep\u0161ie najlep\u0161ie glob\u00e1lne lieky","og_description":"K\u00fapte si tabletky Oxycodone 80 mg online. K\u00fapi\u0165 Oxycodone 80 mg na predaj Ve\u013ek\u00e1 Brit\u00e1nia, Eur\u00f3pa. Dostupn\u00e9 s\u00fa aj tabletky oxykod\u00f3nu 80 mg. K\u00fapte si u n\u00e1s tie najkvalitnej\u0161ie tabletky.","og_url":"https:\/\/medicinasinc.com\/sk\/product\/buy-oxykodon-80-mg\/","og_site_name":"Medicinas Inc","article_modified_time":"2022-03-22T01:03:15+00:00","og_image":[{"width":600,"height":514,"url":"https:\/\/medicinasinc.com\/sk\/wp-content\/uploads\/sites\/10\/2022\/02\/Buy-Oxycodone-80mg.jpg","type":"image\/jpeg"}],"twitter_card":"summary_large_image","twitter_misc":{"Est. reading time":"1 minute"},"schema":{"@context":"https:\/\/schema.org","@graph":[{"@type":"WebPage","@id":"https:\/\/medicinasinc.com\/sk\/product\/buy-oxykodon-80-mg\/","url":"https:\/\/medicinasinc.com\/sk\/product\/buy-oxykodon-80-mg\/","name":"K\u00fapi\u0165 Oxykod\u00f3n 80 mg \u2013 najlep\u0161ie najlep\u0161ie glob\u00e1lne lieky","isPartOf":{"@id":"https:\/\/medicinasinc.com\/sk\/#website"},"primaryImageOfPage":{"@id":"https:\/\/medicinasinc.com\/sk\/product\/buy-oxykodon-80-mg\/#primaryimage"},"image":{"@id":"https:\/\/medicinasinc.com\/sk\/product\/buy-oxykodon-80-mg\/#primaryimage"},"thumbnailUrl":"https:\/\/medicinasinc.com\/sk\/wp-content\/uploads\/sites\/10\/2022\/02\/Buy-Oxycodone-80mg.jpg","datePublished":"2022-02-21T18:18:05+00:00","dateModified":"2022-03-22T01:03:15+00:00","description":"K\u00fapte si tabletky Oxycodone 80 mg online. K\u00fapi\u0165 Oxycodone 80 mg na predaj Ve\u013ek\u00e1 Brit\u00e1nia, Eur\u00f3pa. Dostupn\u00e9 s\u00fa aj tabletky oxykod\u00f3nu 80 mg. K\u00fapte si u n\u00e1s tie najkvalitnej\u0161ie tabletky.","breadcrumb":{"@id":"https:\/\/medicinasinc.com\/sk\/product\/buy-oxykodon-80-mg\/#breadcrumb"},"inLanguage":"en-US","potentialAction":[{"@type":"ReadAction","target":["https:\/\/medicinasinc.com\/sk\/product\/buy-oxykodon-80-mg\/"]}]},{"@type":"ImageObject","inLanguage":"en-US","@id":"https:\/\/medicinasinc.com\/sk\/product\/buy-oxykodon-80-mg\/#primaryimage","url":"https:\/\/medicinasinc.com\/sk\/wp-content\/uploads\/sites\/10\/2022\/02\/Buy-Oxycodone-80mg.jpg","contentUrl":"https:\/\/medicinasinc.com\/sk\/wp-content\/uploads\/sites\/10\/2022\/02\/Buy-Oxycodone-80mg.jpg","width":600,"height":514},{"@type":"BreadcrumbList","@id":"https:\/\/medicinasinc.com\/sk\/product\/buy-oxykodon-80-mg\/#breadcrumb","itemListElement":[{"@type":"ListItem","position":1,"name":"Obchod","item":"https:\/\/medicinasinc.com\/sk\/obchod\/"},{"@type":"ListItem","position":2,"name":"K\u00fapi\u0165 Oxycodone 80 mg"}]},{"@type":"WebSite","@id":"https:\/\/medicinasinc.com\/sk\/#website","url":"https:\/\/medicinasinc.com\/sk\/","name":"Medicinas Inc","description":"Health Medical Clinic","potentialAction":[{"@type":"SearchAction","target":{"@type":"EntryPoint","urlTemplate":"https:\/\/medicinasinc.com\/sk\/?s={search_term_string}"},"query-input":{"@type":"PropertyValueSpecification","valueRequired":true,"valueName":"search_term_string"}}],"inLanguage":"en-US"}]}},"_links":{"self":[{"href":"https:\/\/medicinasinc.com\/sk\/wp-json\/wp\/v2\/product\/5294","targetHints":{"allow":["GET"]}}],"collection":[{"href":"https:\/\/medicinasinc.com\/sk\/wp-json\/wp\/v2\/product"}],"about":[{"href":"https:\/\/medicinasinc.com\/sk\/wp-json\/wp\/v2\/types\/product"}],"replies":[{"embeddable":true,"href":"https:\/\/medicinasinc.com\/sk\/wp-json\/wp\/v2\/comments?post=5294"}],"wp:featuredmedia":[{"embeddable":true,"href":"https:\/\/medicinasinc.com\/sk\/wp-json\/wp\/v2\/media\/5303"}],"wp:attachment":[{"href":"https:\/\/medicinasinc.com\/sk\/wp-json\/wp\/v2\/media?parent=5294"}],"wp:term":[{"taxonomy":"product_brand","embeddable":true,"href":"https:\/\/medicinasinc.com\/sk\/wp-json\/wp\/v2\/product_brand?post=5294"},{"taxonomy":"product_cat","embeddable":true,"href":"https:\/\/medicinasinc.com\/sk\/wp-json\/wp\/v2\/product_cat?post=5294"},{"taxonomy":"product_tag","embeddable":true,"href":"https:\/\/medicinasinc.com\/sk\/wp-json\/wp\/v2\/product_tag?post=5294"}],"curies":[{"name":"wp","href":"https:\/\/api.w.org\/{rel}","templated":true}]}}