{"id":5293,"date":"2022-02-21T18:15:16","date_gmt":"2022-02-21T18:15:16","guid":{"rendered":"https:\/\/medicinasinc.com\/sk\/?post_type=product&#038;p=5293"},"modified":"2022-03-22T01:03:27","modified_gmt":"2022-03-22T01:03:27","slug":"kupit-oxykodon-40-mg-pilulky","status":"publish","type":"product","link":"https:\/\/medicinasinc.com\/sk\/product\/kupit-oxykodon-40-mg-pilulky\/","title":{"rendered":"K\u00fapte si tabletky OxyCodone 40 mg"},"content":{"rendered":"<p>Online n\u00e1kup tabliet Oxycodone 40 mg.<\/p>\n<p>Online n\u00e1kup tabliet Oxycodone 40 mg. Okrem toho pred\u00e1vame kode\u00edn. Na celom svete sa pou\u017e\u00edvaj\u00fa lieky proti bolesti a in\u00e9 lieky.<\/p>\n<p>Online lek\u00e1re\u0148 na n\u00e1kup tabliet OxyCodone 40 mg.<\/p>\n<p>K\u00fapi\u0165 Oxycodone online | K\u00fapte si Oxycodone 40 mg bez lek\u00e1rskeho predpisu<\/p>\n<p>Expresn\u00e9 doru\u010denie m\u00f4\u017eete z\u00edska\u0165 pomocou kreditnej karty.<\/p>\n<p>Tento liek sa pou\u017e\u00edva na \u00fa\u013eavu od silnej, pretrv\u00e1vaj\u00facej bolesti (napr. rakovina).<\/p>\n<p>Oxykod\u00f3n je opioidn\u00e9 analgetikum. Funguje tak, \u017ee men\u00ed sp\u00f4sob, ak\u00fdm va\u0161e telo vn\u00edma boles\u0165 v mozgu a ako na \u0148u reaguje.<\/p>\n<p>Vy\u0161\u0161ie d\u00e1vky tohto lieku (viac ako 40 mg na tabletu) by sa mali pou\u017e\u00edva\u0165 iba vtedy, ak ste u\u017e\u00edvali stredn\u00e9 a\u017e vysok\u00e9 d\u00e1vky pravidelne u\u017e\u00edva\u0165 opioidn\u00e9 lieky proti bolesti. Tieto siln\u00e9 l\u00e1tky m\u00f4\u017eu vies\u0165 k pred\u00e1vkovaniu (a mo\u017eno k smrti), ak ich u\u017eij\u00fa niekto, kto neu\u017e\u00edva opioidy s\u00fastavne.<\/p>\n<p>Vyhnite sa pou\u017e\u00edvaniu oxykod\u00f3nu s pred\u013a\u017een\u00fdm uvo\u013e\u0148ovan\u00edm na lie\u010dbu bolesti, ktor\u00e1 je minim\u00e1lna alebo ust\u00fapi v priebehu p\u00e1r dn\u00ed. Tento liek nie je ur\u010den\u00fd na pou\u017eitie pod\u013ea potreby.<\/p>\n","protected":false},"excerpt":{"rendered":"<div class=\"woocommerce-product-details__short-description\">\n<p>Internetov\u00e1 lek\u00e1re\u0148 na n\u00e1kup tabliet OxyCodone 40 mg. K\u00fapi\u0165 Oxycodone Online | K\u00fapte si Oxykod\u00f3n 40 mg bez lek\u00e1rskeho predpisu M\u00f4\u017eete z\u00edska\u0165 expresn\u00e9 doru\u010denie pomocou bankov\u00e9ho prevodu.<\/p>\n<p>K\u00fapte si tabletky Oxykod\u00f3n 40 mg online v Spojenom kr\u00e1\u013eovstve a Eur\u00f3pe, objednajte si lacn\u00e9 tabletky Oxykod\u00f3n online s&#8230; Tablety oxykod\u00f3nu si m\u00f4\u017eete k\u00fapi\u0165 online bez lek\u00e1rskeho predpisu (bez RX).<\/p>\n<\/p><\/div>\n","protected":false},"featured_media":5301,"comment_status":"open","ping_status":"closed","template":"","meta":[],"product_brand":[],"product_cat":[1117],"product_tag":[1638,1640,1639,1643,1718,1719,1720,1717,1698,1675,1641,1642,1716,1700,1644,1653,1654,1656,1709,1647,1648,1649,1650,1651,1652,1655,1659,1660,1664,1665,1666,1667,1672,1673,1674,1679,1680,1681,1686,1687,1689,1690,1691,1695,1696,1697,1056,1701,1702,1699,1703,1705,1657,1658,1694,1661,1662,1663,1668,1669,1670,1678,1682,1683,1684,1692,1693,1685,1704,1706,1707,1708,1677,1710,1711,1712,1713,1714,1646,1645,1715,1676,1688,1671],"class_list":{"0":"post-5293","1":"product","2":"type-product","3":"status-publish","4":"has-post-thumbnail","6":"product_cat-kupte-si-tabletky-proti-bolesti-spanku-sexu","7":"product_tag-15-mg-oxykodn","8":"product_tag-20-mg-oxykodnu","9":"product_tag-20-mg-oxykodn","10":"product_tag-ako-dlho-vydr-oxykodn","11":"product_tag-o-je-oxy","12":"product_tag-o-je-oxymorfn","13":"product_tag-o-je-roxikodn","14":"product_tag-o-rob-oxykodn-robi","15":"product_tag-oxycontin-dvkovanie","16":"product_tag-dvky-oxykodnu","17":"product_tag-dihydrohydroxycodeinone","18":"product_tag-dihydroxycodeinone","19":"product_tag-typy-liekov-proti-bolesti","20":"product_tag-oxycontin-generikum","21":"product_tag-je-oxykodn-opioid","22":"product_tag-oxy-droga","23":"product_tag-oxy-drogy","24":"product_tag-kyslkov-pilulky","25":"product_tag-lieky-proti-bolesti-na-predpis","26":"product_tag-opioidn-lieky-proti-bolesti","27":"product_tag-oxicodona","28":"product_tag-oxikodn","29":"product_tag-oxy","30":"product_tag-oxy-10","31":"product_tag-oxy-5-mg","32":"product_tag-oxy-pill","33":"product_tag-oxycodone","34":"product_tag-oxycodone-10","35":"product_tag-oxycodone-15mg","36":"product_tag-oxycodone-20-mg","37":"product_tag-oxycodone-20mg","38":"product_tag-oxycodone-30mg","39":"product_tag-oxycodone-and-alcohol","40":"product_tag-oxycodone-and-ibuprofen","41":"product_tag-oxycodone-and-tylenol","42":"product_tag-oxycodone-hcl-5-mg-tablet","43":"product_tag-oxycodone-hcl-5mg","44":"product_tag-oxycodone-high","45":"product_tag-oxycodone-pill","46":"product_tag-oxycodone-pills","47":"product_tag-oxycodone-uses","48":"product_tag-oxycodone-vs-oxycontin","49":"product_tag-oxycodone-vs-percocet","50":"product_tag-oxykodonum","51":"product_tag-oxycontin","52":"product_tag-oxycontin-30-mg","53":"product_tag-oxycontin-80-mg","54":"product_tag-oxycontin-ir","55":"product_tag-oxycontin-overdose","56":"product_tag-oxycontin-efekt","57":"product_tag-oxycontin-vs-oxykodn","58":"product_tag-oxycotton","59":"product_tag-oxykodn","61":"product_tag-oxykod-c3-b3n-apap","62":"product_tag-oxykodn-10-mg","63":"product_tag-oxykodn-10-mg-ruov","64":"product_tag-oxykodn-15-mg","65":"product_tag-oxykodn-5","66":"product_tag-oxykodn-5-325","67":"product_tag-oxykodn-5-mg","68":"product_tag-oxykodn-hcl","69":"product_tag-oxykodn-hydrochlorid","70":"product_tag-oxykodn-hydrochlorid-5-mg","71":"product_tag-oxykodn-s-okamitm-uvoovanm","72":"product_tag-oxykodn-acetamnn","73":"product_tag-oxykodn-acetamnn-5-325","74":"product_tag-oxykodnov-zloky","75":"product_tag-oxykotn","76":"product_tag-oxys","77":"product_tag-oxytocnov-tabletky","78":"product_tag-pilulka-20","79":"product_tag-polas-oxykodnu","80":"product_tag-roxikodn-vs-oxykodn","81":"product_tag-roxy-10","82":"product_tag-roxy-30s","83":"product_tag-roxy-droga","84":"product_tag-side-effects-of-oxycodone","85":"product_tag-kvapalina-oxycontin","86":"product_tag-tekut-oxykodn","87":"product_tag-typy-opioidov","88":"product_tag-oxykod-c3-b3nov-c3-a9-c3-ba-c4-8dinky","89":"product_tag-ved-c4-beaj-c5-a1ie-c3-ba-c4-8dinky-oxykod-c3-b3nu","90":"product_tag-zvislos-od-oxykodnu","92":"first","93":"instock","94":"shipping-taxable","95":"purchasable","96":"product-type-variable","97":"has-default-attributes"},"yoast_head":"<!-- This site is optimized with the Yoast SEO plugin v27.3 - https:\/\/yoast.com\/product\/yoast-seo-wordpress\/ -->\n<title>K\u00fapte si tabletky OxyCodone 40 mg \u2013 najlep\u0161ie najlep\u0161ie glob\u00e1lne lieky<\/title>\n<meta name=\"description\" content=\"K\u00fapte si tabletky Oxykod\u00f3n\u00a040 mg na predaj Ve\u013ek\u00e1 Brit\u00e1nia, Eur\u00f3pa online,\u00a0Objednajte si\u00a0lacn\u00e9\u00a0tablety\u00a0Oxykod\u00f3n 40 mg online\u00a0s ... M\u00f4\u017eete si\u00a0k\u00fapi\u0165 tablety oxykod\u00f3nu online\u00a0bez lek\u00e1rskeho predpisu (bez RX).\" \/>\n<meta name=\"robots\" content=\"index, follow, max-snippet:-1, max-image-preview:large, max-video-preview:-1\" \/>\n<link rel=\"canonical\" href=\"https:\/\/medicinasinc.com\/sk\/product\/kupit-oxykodon-40-mg-pilulky\/\" \/>\n<meta property=\"og:locale\" content=\"en_US\" \/>\n<meta property=\"og:type\" content=\"article\" \/>\n<meta property=\"og:title\" content=\"K\u00fapte si tabletky OxyCodone 40 mg \u2013 najlep\u0161ie najlep\u0161ie glob\u00e1lne lieky\" \/>\n<meta property=\"og:description\" content=\"K\u00fapte si tabletky Oxykod\u00f3n\u00a040 mg na predaj Ve\u013ek\u00e1 Brit\u00e1nia, Eur\u00f3pa online,\u00a0Objednajte si\u00a0lacn\u00e9\u00a0tablety\u00a0Oxykod\u00f3n 40 mg online\u00a0s ... M\u00f4\u017eete si\u00a0k\u00fapi\u0165 tablety oxykod\u00f3nu online\u00a0bez lek\u00e1rskeho predpisu (bez RX).\" \/>\n<meta property=\"og:url\" content=\"https:\/\/medicinasinc.com\/sk\/product\/kupit-oxykodon-40-mg-pilulky\/\" \/>\n<meta property=\"og:site_name\" content=\"Medicinas Inc\" \/>\n<meta property=\"article:modified_time\" content=\"2022-03-22T01:03:27+00:00\" \/>\n<meta property=\"og:image\" content=\"https:\/\/medicinasinc.com\/sk\/wp-content\/uploads\/sites\/10\/2022\/02\/Buy-OxyCodone-40mg.jpg\" \/>\n\t<meta property=\"og:image:width\" content=\"600\" \/>\n\t<meta property=\"og:image:height\" content=\"400\" \/>\n\t<meta property=\"og:image:type\" content=\"image\/jpeg\" \/>\n<meta name=\"twitter:card\" content=\"summary_large_image\" \/>\n<meta name=\"twitter:label1\" content=\"Est. reading time\" \/>\n\t<meta name=\"twitter:data1\" content=\"1 minute\" \/>\n<script type=\"application\/ld+json\" class=\"yoast-schema-graph\">{\"@context\":\"https:\\\/\\\/schema.org\",\"@graph\":[{\"@type\":\"WebPage\",\"@id\":\"https:\\\/\\\/medicinasinc.com\\\/sk\\\/product\\\/kupit-oxykodon-40-mg-pilulky\\\/\",\"url\":\"https:\\\/\\\/medicinasinc.com\\\/sk\\\/product\\\/kupit-oxykodon-40-mg-pilulky\\\/\",\"name\":\"K\u00fapte si tabletky OxyCodone 40 mg \u2013 najlep\u0161ie najlep\u0161ie glob\u00e1lne lieky\",\"isPartOf\":{\"@id\":\"https:\\\/\\\/medicinasinc.com\\\/sk\\\/#website\"},\"primaryImageOfPage\":{\"@id\":\"https:\\\/\\\/medicinasinc.com\\\/sk\\\/product\\\/kupit-oxykodon-40-mg-pilulky\\\/#primaryimage\"},\"image\":{\"@id\":\"https:\\\/\\\/medicinasinc.com\\\/sk\\\/product\\\/kupit-oxykodon-40-mg-pilulky\\\/#primaryimage\"},\"thumbnailUrl\":\"https:\\\/\\\/medicinasinc.com\\\/sk\\\/wp-content\\\/uploads\\\/sites\\\/10\\\/2022\\\/02\\\/Buy-OxyCodone-40mg.jpg\",\"datePublished\":\"2022-02-21T18:15:16+00:00\",\"dateModified\":\"2022-03-22T01:03:27+00:00\",\"description\":\"K\u00fapte si tabletky Oxykod\u00f3n\u00a040 mg na predaj Ve\u013ek\u00e1 Brit\u00e1nia, Eur\u00f3pa online,\u00a0Objednajte si\u00a0lacn\u00e9\u00a0tablety\u00a0Oxykod\u00f3n 40 mg online\u00a0s ... M\u00f4\u017eete si\u00a0k\u00fapi\u0165 tablety oxykod\u00f3nu online\u00a0bez lek\u00e1rskeho predpisu (bez RX).\",\"breadcrumb\":{\"@id\":\"https:\\\/\\\/medicinasinc.com\\\/sk\\\/product\\\/kupit-oxykodon-40-mg-pilulky\\\/#breadcrumb\"},\"inLanguage\":\"en-US\",\"potentialAction\":[{\"@type\":\"ReadAction\",\"target\":[\"https:\\\/\\\/medicinasinc.com\\\/sk\\\/product\\\/kupit-oxykodon-40-mg-pilulky\\\/\"]}]},{\"@type\":\"ImageObject\",\"inLanguage\":\"en-US\",\"@id\":\"https:\\\/\\\/medicinasinc.com\\\/sk\\\/product\\\/kupit-oxykodon-40-mg-pilulky\\\/#primaryimage\",\"url\":\"https:\\\/\\\/medicinasinc.com\\\/sk\\\/wp-content\\\/uploads\\\/sites\\\/10\\\/2022\\\/02\\\/Buy-OxyCodone-40mg.jpg\",\"contentUrl\":\"https:\\\/\\\/medicinasinc.com\\\/sk\\\/wp-content\\\/uploads\\\/sites\\\/10\\\/2022\\\/02\\\/Buy-OxyCodone-40mg.jpg\",\"width\":600,\"height\":400},{\"@type\":\"BreadcrumbList\",\"@id\":\"https:\\\/\\\/medicinasinc.com\\\/sk\\\/product\\\/kupit-oxykodon-40-mg-pilulky\\\/#breadcrumb\",\"itemListElement\":[{\"@type\":\"ListItem\",\"position\":1,\"name\":\"Obchod\",\"item\":\"https:\\\/\\\/medicinasinc.com\\\/sk\\\/obchod\\\/\"},{\"@type\":\"ListItem\",\"position\":2,\"name\":\"K\u00fapte si tabletky OxyCodone 40 mg\"}]},{\"@type\":\"WebSite\",\"@id\":\"https:\\\/\\\/medicinasinc.com\\\/sk\\\/#website\",\"url\":\"https:\\\/\\\/medicinasinc.com\\\/sk\\\/\",\"name\":\"Medicinas Inc\",\"description\":\"Health Medical Clinic\",\"potentialAction\":[{\"@type\":\"SearchAction\",\"target\":{\"@type\":\"EntryPoint\",\"urlTemplate\":\"https:\\\/\\\/medicinasinc.com\\\/sk\\\/?s={search_term_string}\"},\"query-input\":{\"@type\":\"PropertyValueSpecification\",\"valueRequired\":true,\"valueName\":\"search_term_string\"}}],\"inLanguage\":\"en-US\"}]}<\/script>\n<!-- \/ Yoast SEO plugin. -->","yoast_head_json":{"title":"K\u00fapte si tabletky OxyCodone 40 mg \u2013 najlep\u0161ie najlep\u0161ie glob\u00e1lne lieky","description":"K\u00fapte si tabletky Oxykod\u00f3n\u00a040 mg na predaj Ve\u013ek\u00e1 Brit\u00e1nia, Eur\u00f3pa online,\u00a0Objednajte si\u00a0lacn\u00e9\u00a0tablety\u00a0Oxykod\u00f3n 40 mg online\u00a0s ... M\u00f4\u017eete si\u00a0k\u00fapi\u0165 tablety oxykod\u00f3nu online\u00a0bez lek\u00e1rskeho predpisu (bez RX).","robots":{"index":"index","follow":"follow","max-snippet":"max-snippet:-1","max-image-preview":"max-image-preview:large","max-video-preview":"max-video-preview:-1"},"canonical":"https:\/\/medicinasinc.com\/sk\/product\/kupit-oxykodon-40-mg-pilulky\/","og_locale":"en_US","og_type":"article","og_title":"K\u00fapte si tabletky OxyCodone 40 mg \u2013 najlep\u0161ie najlep\u0161ie glob\u00e1lne lieky","og_description":"K\u00fapte si tabletky Oxykod\u00f3n\u00a040 mg na predaj Ve\u013ek\u00e1 Brit\u00e1nia, Eur\u00f3pa online,\u00a0Objednajte si\u00a0lacn\u00e9\u00a0tablety\u00a0Oxykod\u00f3n 40 mg online\u00a0s ... M\u00f4\u017eete si\u00a0k\u00fapi\u0165 tablety oxykod\u00f3nu online\u00a0bez lek\u00e1rskeho predpisu (bez RX).","og_url":"https:\/\/medicinasinc.com\/sk\/product\/kupit-oxykodon-40-mg-pilulky\/","og_site_name":"Medicinas Inc","article_modified_time":"2022-03-22T01:03:27+00:00","og_image":[{"width":600,"height":400,"url":"https:\/\/medicinasinc.com\/sk\/wp-content\/uploads\/sites\/10\/2022\/02\/Buy-OxyCodone-40mg.jpg","type":"image\/jpeg"}],"twitter_card":"summary_large_image","twitter_misc":{"Est. reading time":"1 minute"},"schema":{"@context":"https:\/\/schema.org","@graph":[{"@type":"WebPage","@id":"https:\/\/medicinasinc.com\/sk\/product\/kupit-oxykodon-40-mg-pilulky\/","url":"https:\/\/medicinasinc.com\/sk\/product\/kupit-oxykodon-40-mg-pilulky\/","name":"K\u00fapte si tabletky OxyCodone 40 mg \u2013 najlep\u0161ie najlep\u0161ie glob\u00e1lne lieky","isPartOf":{"@id":"https:\/\/medicinasinc.com\/sk\/#website"},"primaryImageOfPage":{"@id":"https:\/\/medicinasinc.com\/sk\/product\/kupit-oxykodon-40-mg-pilulky\/#primaryimage"},"image":{"@id":"https:\/\/medicinasinc.com\/sk\/product\/kupit-oxykodon-40-mg-pilulky\/#primaryimage"},"thumbnailUrl":"https:\/\/medicinasinc.com\/sk\/wp-content\/uploads\/sites\/10\/2022\/02\/Buy-OxyCodone-40mg.jpg","datePublished":"2022-02-21T18:15:16+00:00","dateModified":"2022-03-22T01:03:27+00:00","description":"K\u00fapte si tabletky Oxykod\u00f3n\u00a040 mg na predaj Ve\u013ek\u00e1 Brit\u00e1nia, Eur\u00f3pa online,\u00a0Objednajte si\u00a0lacn\u00e9\u00a0tablety\u00a0Oxykod\u00f3n 40 mg online\u00a0s ... M\u00f4\u017eete si\u00a0k\u00fapi\u0165 tablety oxykod\u00f3nu online\u00a0bez lek\u00e1rskeho predpisu (bez RX).","breadcrumb":{"@id":"https:\/\/medicinasinc.com\/sk\/product\/kupit-oxykodon-40-mg-pilulky\/#breadcrumb"},"inLanguage":"en-US","potentialAction":[{"@type":"ReadAction","target":["https:\/\/medicinasinc.com\/sk\/product\/kupit-oxykodon-40-mg-pilulky\/"]}]},{"@type":"ImageObject","inLanguage":"en-US","@id":"https:\/\/medicinasinc.com\/sk\/product\/kupit-oxykodon-40-mg-pilulky\/#primaryimage","url":"https:\/\/medicinasinc.com\/sk\/wp-content\/uploads\/sites\/10\/2022\/02\/Buy-OxyCodone-40mg.jpg","contentUrl":"https:\/\/medicinasinc.com\/sk\/wp-content\/uploads\/sites\/10\/2022\/02\/Buy-OxyCodone-40mg.jpg","width":600,"height":400},{"@type":"BreadcrumbList","@id":"https:\/\/medicinasinc.com\/sk\/product\/kupit-oxykodon-40-mg-pilulky\/#breadcrumb","itemListElement":[{"@type":"ListItem","position":1,"name":"Obchod","item":"https:\/\/medicinasinc.com\/sk\/obchod\/"},{"@type":"ListItem","position":2,"name":"K\u00fapte si tabletky OxyCodone 40 mg"}]},{"@type":"WebSite","@id":"https:\/\/medicinasinc.com\/sk\/#website","url":"https:\/\/medicinasinc.com\/sk\/","name":"Medicinas Inc","description":"Health Medical Clinic","potentialAction":[{"@type":"SearchAction","target":{"@type":"EntryPoint","urlTemplate":"https:\/\/medicinasinc.com\/sk\/?s={search_term_string}"},"query-input":{"@type":"PropertyValueSpecification","valueRequired":true,"valueName":"search_term_string"}}],"inLanguage":"en-US"}]}},"_links":{"self":[{"href":"https:\/\/medicinasinc.com\/sk\/wp-json\/wp\/v2\/product\/5293","targetHints":{"allow":["GET"]}}],"collection":[{"href":"https:\/\/medicinasinc.com\/sk\/wp-json\/wp\/v2\/product"}],"about":[{"href":"https:\/\/medicinasinc.com\/sk\/wp-json\/wp\/v2\/types\/product"}],"replies":[{"embeddable":true,"href":"https:\/\/medicinasinc.com\/sk\/wp-json\/wp\/v2\/comments?post=5293"}],"wp:featuredmedia":[{"embeddable":true,"href":"https:\/\/medicinasinc.com\/sk\/wp-json\/wp\/v2\/media\/5301"}],"wp:attachment":[{"href":"https:\/\/medicinasinc.com\/sk\/wp-json\/wp\/v2\/media?parent=5293"}],"wp:term":[{"taxonomy":"product_brand","embeddable":true,"href":"https:\/\/medicinasinc.com\/sk\/wp-json\/wp\/v2\/product_brand?post=5293"},{"taxonomy":"product_cat","embeddable":true,"href":"https:\/\/medicinasinc.com\/sk\/wp-json\/wp\/v2\/product_cat?post=5293"},{"taxonomy":"product_tag","embeddable":true,"href":"https:\/\/medicinasinc.com\/sk\/wp-json\/wp\/v2\/product_tag?post=5293"}],"curies":[{"name":"wp","href":"https:\/\/api.w.org\/{rel}","templated":true}]}}