{"id":5265,"date":"2022-02-20T22:55:20","date_gmt":"2022-02-20T22:55:20","guid":{"rendered":"https:\/\/medicinasinc.com\/sk\/?post_type=product&#038;p=5265"},"modified":"2022-03-22T01:03:37","modified_gmt":"2022-03-22T01:03:37","slug":"kupit-mogadon-nitrazepam-5mg-pilulky","status":"publish","type":"product","link":"https:\/\/medicinasinc.com\/sk\/product\/kupit-mogadon-nitrazepam-5mg-pilulky\/","title":{"rendered":"K\u00fapte si tabletky Mogadon Nitrazepam 5 mg"},"content":{"rendered":"<p>Online n\u00e1kup tabliet Mogadon Nitrazepam 5 mg<br \/> Mogadon je 0,31 USD za tabletu u n\u00e1s v PocketPills. Mogadon m\u00f4\u017ee by\u0165 lacnej\u0161\u00ed, ak ho pokr\u00fdva va\u0161e poistenie. Ak chcete z\u00edska\u0165 v\u0161etky n\u00e1klady na Mogadon, mus\u00edte dodato\u010dne zahrn\u00fa\u0165 n\u00e1klady na v\u00fddaj a dopravu.<\/p>\n<p>Ko\u013eko stoj\u00ed poplatok za v\u00fddaj Mogadonu?<\/p>\n<p>N\u00e1klady na v\u00fddaj Mogadonu u n\u00e1s s\u00fa jednoducho 7 USD . Pocketpills sa v\u00e1m sna\u017e\u00ed poskytn\u00fa\u0165 najni\u017e\u0161ie ceny Mogadonu v Kanade.<br \/> Majte na pam\u00e4ti, \u017ee na v\u0161etky objedn\u00e1vky na celom svete poskytujeme DOPRAVU ZDARMA.<\/p>\n<div>\n<div>\n<div>\n<div class=\"margin- tl\">\n<div class=\"drugcontent-wrapper\">\n<div class=\"h4\">\n<ul>\n<li>Nezabudnite, \u017ee v Kanade v\u00e1m pon\u00fakame dopravu ZDARMA.<\/li>\n<\/ul><\/div><\/div><\/div><\/div><\/div><\/div>\n<div class=\"product-next-previous\">\n<div class=\"product-prev\"><\/div><\/div>\n","protected":false},"excerpt":{"rendered":"<p>Mogadon Nitrazepam 5 mg tabletky na predaj vo Ve\u013ekej Brit\u00e1nii a Eur\u00f3pe. \u0165a\u017ekosti so zasp\u00e1van\u00edm, opakovan\u00e9 budenie po\u010das noci a preb\u00fadzanie v skor\u00fdch rann\u00fdch hodin\u00e1ch. Okrem toho sa pou\u017e\u00edva na monitorovanie myoklonick\u00fdch z\u00e1chvatov.<\/p>\n<p>Mogadon Buy Online &#8211; Pilulky najvy\u0161\u0161ej kvality K\u00fapte si Nitrazepam online bez lek\u00e1rskeho predpisu, objednajte si a nechajte si svoj Mogadon doru\u010di\u0165 do zahrani\u010dia prostredn\u00edctvom r\u00fdchleho doru\u010denia.<\/p>\n<p>N\u00e1kup nitrazepam xr 30 mg<\/p>\n<p>k\u00fapte si nitrazepam dodanie cez noc n\u00e1kup nitrazepam bez lek\u00e1rskeho predpisu online k\u00fapi\u0165 nitrazepam v Kostarike, Eur\u00f3pe, Dubaji, \u010c\u00edne, Eur\u00f3pskej \u00fanii a na celom svete. Tablety generick\u00e9ho nitrazepamu<\/p>\n","protected":false},"featured_media":5995,"comment_status":"open","ping_status":"closed","template":"","meta":[],"product_brand":[],"product_cat":[1117],"product_tag":[1629,1630,1631,1632,1634,1635,1636,1637,1633],"class_list":{"0":"post-5265","1":"product","2":"type-product","3":"status-publish","4":"has-post-thumbnail","6":"product_cat-kupte-si-tabletky-proti-bolesti-spanku-sexu","7":"product_tag-buy-nitrazepam-10mg-buy-mogadon-online-nitrazepam-5mg-for-sale-buy-mogadon-10mg","8":"product_tag-buy-cheap-mogadon-nitrazepam","9":"product_tag-mogadon-nitrazepam","10":"product_tag-mogadon-nitrazepam-ako-prestat","11":"product_tag-nitrazepam-mogadon","12":"product_tag-reddit-mogadon-nitrazepam","13":"product_tag-reddit-mogadon-nitrazepam-odatie","14":"product_tag-reddit-nitrazepam-mogadon-odber","15":"product_tag-mogadon-nitrazepam-odvykanie","17":"first","18":"instock","19":"shipping-taxable","20":"purchasable","21":"product-type-variable","22":"has-default-attributes"},"yoast_head":"<!-- This site is optimized with the Yoast SEO plugin v27.3 - https:\/\/yoast.com\/product\/yoast-seo-wordpress\/ -->\n<title>K\u00fapte si tabletky Mogadon Nitrazepam 5 mg \u2013 najlep\u0161ie glob\u00e1lne lieky<\/title>\n<meta name=\"description\" content=\"K\u00fapi\u0165 Mogadon Nitrazepam 5 mg pilulky na predaj Spojen\u00e9 kr\u00e1\u013eovstvo, Eur\u00f3pa online. probl\u00e9my s prikyvovan\u00edm, postupn\u00e9 budenie po\u010das noci a rann\u00e9 vzru\u0161enie. Okrem toho sa pou\u017e\u00edva na kontrolu myoklonick\u00fdch z\u00e1chvatov.\" \/>\n<meta name=\"robots\" content=\"index, follow, max-snippet:-1, max-image-preview:large, max-video-preview:-1\" \/>\n<link rel=\"canonical\" href=\"https:\/\/medicinasinc.com\/sk\/product\/kupit-mogadon-nitrazepam-5mg-pilulky\/\" \/>\n<meta property=\"og:locale\" content=\"en_US\" \/>\n<meta property=\"og:type\" content=\"article\" \/>\n<meta property=\"og:title\" content=\"K\u00fapte si tabletky Mogadon Nitrazepam 5 mg \u2013 najlep\u0161ie glob\u00e1lne lieky\" \/>\n<meta property=\"og:description\" content=\"K\u00fapi\u0165 Mogadon Nitrazepam 5 mg pilulky na predaj Spojen\u00e9 kr\u00e1\u013eovstvo, Eur\u00f3pa online. probl\u00e9my s prikyvovan\u00edm, postupn\u00e9 budenie po\u010das noci a rann\u00e9 vzru\u0161enie. Okrem toho sa pou\u017e\u00edva na kontrolu myoklonick\u00fdch z\u00e1chvatov.\" \/>\n<meta property=\"og:url\" content=\"https:\/\/medicinasinc.com\/sk\/product\/kupit-mogadon-nitrazepam-5mg-pilulky\/\" \/>\n<meta property=\"og:site_name\" content=\"Medicinas Inc\" \/>\n<meta property=\"article:modified_time\" content=\"2022-03-22T01:03:37+00:00\" \/>\n<meta property=\"og:image\" content=\"https:\/\/medicinasinc.com\/sk\/wp-content\/uploads\/sites\/10\/2022\/02\/Buy-Mogadon-Nitrazepam-5mg-pills.jpg\" \/>\n\t<meta property=\"og:image:width\" content=\"640\" \/>\n\t<meta property=\"og:image:height\" content=\"480\" \/>\n\t<meta property=\"og:image:type\" content=\"image\/jpeg\" \/>\n<meta name=\"twitter:card\" content=\"summary_large_image\" \/>\n<meta name=\"twitter:label1\" content=\"Est. reading time\" \/>\n\t<meta name=\"twitter:data1\" content=\"1 minute\" \/>\n<script type=\"application\/ld+json\" class=\"yoast-schema-graph\">{\"@context\":\"https:\\\/\\\/schema.org\",\"@graph\":[{\"@type\":\"WebPage\",\"@id\":\"https:\\\/\\\/medicinasinc.com\\\/sk\\\/product\\\/kupit-mogadon-nitrazepam-5mg-pilulky\\\/\",\"url\":\"https:\\\/\\\/medicinasinc.com\\\/sk\\\/product\\\/kupit-mogadon-nitrazepam-5mg-pilulky\\\/\",\"name\":\"K\u00fapte si tabletky Mogadon Nitrazepam 5 mg \u2013 najlep\u0161ie glob\u00e1lne lieky\",\"isPartOf\":{\"@id\":\"https:\\\/\\\/medicinasinc.com\\\/sk\\\/#website\"},\"primaryImageOfPage\":{\"@id\":\"https:\\\/\\\/medicinasinc.com\\\/sk\\\/product\\\/kupit-mogadon-nitrazepam-5mg-pilulky\\\/#primaryimage\"},\"image\":{\"@id\":\"https:\\\/\\\/medicinasinc.com\\\/sk\\\/product\\\/kupit-mogadon-nitrazepam-5mg-pilulky\\\/#primaryimage\"},\"thumbnailUrl\":\"https:\\\/\\\/medicinasinc.com\\\/sk\\\/wp-content\\\/uploads\\\/sites\\\/10\\\/2022\\\/02\\\/Buy-Mogadon-Nitrazepam-5mg-pills.jpg\",\"datePublished\":\"2022-02-20T22:55:20+00:00\",\"dateModified\":\"2022-03-22T01:03:37+00:00\",\"description\":\"K\u00fapi\u0165 Mogadon Nitrazepam 5 mg pilulky na predaj Spojen\u00e9 kr\u00e1\u013eovstvo, Eur\u00f3pa online. probl\u00e9my s prikyvovan\u00edm, postupn\u00e9 budenie po\u010das noci a rann\u00e9 vzru\u0161enie. Okrem toho sa pou\u017e\u00edva na kontrolu myoklonick\u00fdch z\u00e1chvatov.\",\"breadcrumb\":{\"@id\":\"https:\\\/\\\/medicinasinc.com\\\/sk\\\/product\\\/kupit-mogadon-nitrazepam-5mg-pilulky\\\/#breadcrumb\"},\"inLanguage\":\"en-US\",\"potentialAction\":[{\"@type\":\"ReadAction\",\"target\":[\"https:\\\/\\\/medicinasinc.com\\\/sk\\\/product\\\/kupit-mogadon-nitrazepam-5mg-pilulky\\\/\"]}]},{\"@type\":\"ImageObject\",\"inLanguage\":\"en-US\",\"@id\":\"https:\\\/\\\/medicinasinc.com\\\/sk\\\/product\\\/kupit-mogadon-nitrazepam-5mg-pilulky\\\/#primaryimage\",\"url\":\"https:\\\/\\\/medicinasinc.com\\\/sk\\\/wp-content\\\/uploads\\\/sites\\\/10\\\/2022\\\/02\\\/Buy-Mogadon-Nitrazepam-5mg-pills.jpg\",\"contentUrl\":\"https:\\\/\\\/medicinasinc.com\\\/sk\\\/wp-content\\\/uploads\\\/sites\\\/10\\\/2022\\\/02\\\/Buy-Mogadon-Nitrazepam-5mg-pills.jpg\",\"width\":640,\"height\":480,\"caption\":\"Buy Mogadon Nitrazepam 5mg pills\"},{\"@type\":\"BreadcrumbList\",\"@id\":\"https:\\\/\\\/medicinasinc.com\\\/sk\\\/product\\\/kupit-mogadon-nitrazepam-5mg-pilulky\\\/#breadcrumb\",\"itemListElement\":[{\"@type\":\"ListItem\",\"position\":1,\"name\":\"Obchod\",\"item\":\"https:\\\/\\\/medicinasinc.com\\\/sk\\\/obchod\\\/\"},{\"@type\":\"ListItem\",\"position\":2,\"name\":\"K\u00fapte si tabletky Mogadon Nitrazepam 5 mg\"}]},{\"@type\":\"WebSite\",\"@id\":\"https:\\\/\\\/medicinasinc.com\\\/sk\\\/#website\",\"url\":\"https:\\\/\\\/medicinasinc.com\\\/sk\\\/\",\"name\":\"Medicinas Inc\",\"description\":\"Health Medical Clinic\",\"potentialAction\":[{\"@type\":\"SearchAction\",\"target\":{\"@type\":\"EntryPoint\",\"urlTemplate\":\"https:\\\/\\\/medicinasinc.com\\\/sk\\\/?s={search_term_string}\"},\"query-input\":{\"@type\":\"PropertyValueSpecification\",\"valueRequired\":true,\"valueName\":\"search_term_string\"}}],\"inLanguage\":\"en-US\"}]}<\/script>\n<!-- \/ Yoast SEO plugin. -->","yoast_head_json":{"title":"K\u00fapte si tabletky Mogadon Nitrazepam 5 mg \u2013 najlep\u0161ie glob\u00e1lne lieky","description":"K\u00fapi\u0165 Mogadon Nitrazepam 5 mg pilulky na predaj Spojen\u00e9 kr\u00e1\u013eovstvo, Eur\u00f3pa online. probl\u00e9my s prikyvovan\u00edm, postupn\u00e9 budenie po\u010das noci a rann\u00e9 vzru\u0161enie. Okrem toho sa pou\u017e\u00edva na kontrolu myoklonick\u00fdch z\u00e1chvatov.","robots":{"index":"index","follow":"follow","max-snippet":"max-snippet:-1","max-image-preview":"max-image-preview:large","max-video-preview":"max-video-preview:-1"},"canonical":"https:\/\/medicinasinc.com\/sk\/product\/kupit-mogadon-nitrazepam-5mg-pilulky\/","og_locale":"en_US","og_type":"article","og_title":"K\u00fapte si tabletky Mogadon Nitrazepam 5 mg \u2013 najlep\u0161ie glob\u00e1lne lieky","og_description":"K\u00fapi\u0165 Mogadon Nitrazepam 5 mg pilulky na predaj Spojen\u00e9 kr\u00e1\u013eovstvo, Eur\u00f3pa online. probl\u00e9my s prikyvovan\u00edm, postupn\u00e9 budenie po\u010das noci a rann\u00e9 vzru\u0161enie. Okrem toho sa pou\u017e\u00edva na kontrolu myoklonick\u00fdch z\u00e1chvatov.","og_url":"https:\/\/medicinasinc.com\/sk\/product\/kupit-mogadon-nitrazepam-5mg-pilulky\/","og_site_name":"Medicinas Inc","article_modified_time":"2022-03-22T01:03:37+00:00","og_image":[{"width":640,"height":480,"url":"https:\/\/medicinasinc.com\/sk\/wp-content\/uploads\/sites\/10\/2022\/02\/Buy-Mogadon-Nitrazepam-5mg-pills.jpg","type":"image\/jpeg"}],"twitter_card":"summary_large_image","twitter_misc":{"Est. reading time":"1 minute"},"schema":{"@context":"https:\/\/schema.org","@graph":[{"@type":"WebPage","@id":"https:\/\/medicinasinc.com\/sk\/product\/kupit-mogadon-nitrazepam-5mg-pilulky\/","url":"https:\/\/medicinasinc.com\/sk\/product\/kupit-mogadon-nitrazepam-5mg-pilulky\/","name":"K\u00fapte si tabletky Mogadon Nitrazepam 5 mg \u2013 najlep\u0161ie glob\u00e1lne lieky","isPartOf":{"@id":"https:\/\/medicinasinc.com\/sk\/#website"},"primaryImageOfPage":{"@id":"https:\/\/medicinasinc.com\/sk\/product\/kupit-mogadon-nitrazepam-5mg-pilulky\/#primaryimage"},"image":{"@id":"https:\/\/medicinasinc.com\/sk\/product\/kupit-mogadon-nitrazepam-5mg-pilulky\/#primaryimage"},"thumbnailUrl":"https:\/\/medicinasinc.com\/sk\/wp-content\/uploads\/sites\/10\/2022\/02\/Buy-Mogadon-Nitrazepam-5mg-pills.jpg","datePublished":"2022-02-20T22:55:20+00:00","dateModified":"2022-03-22T01:03:37+00:00","description":"K\u00fapi\u0165 Mogadon Nitrazepam 5 mg pilulky na predaj Spojen\u00e9 kr\u00e1\u013eovstvo, Eur\u00f3pa online. probl\u00e9my s prikyvovan\u00edm, postupn\u00e9 budenie po\u010das noci a rann\u00e9 vzru\u0161enie. Okrem toho sa pou\u017e\u00edva na kontrolu myoklonick\u00fdch z\u00e1chvatov.","breadcrumb":{"@id":"https:\/\/medicinasinc.com\/sk\/product\/kupit-mogadon-nitrazepam-5mg-pilulky\/#breadcrumb"},"inLanguage":"en-US","potentialAction":[{"@type":"ReadAction","target":["https:\/\/medicinasinc.com\/sk\/product\/kupit-mogadon-nitrazepam-5mg-pilulky\/"]}]},{"@type":"ImageObject","inLanguage":"en-US","@id":"https:\/\/medicinasinc.com\/sk\/product\/kupit-mogadon-nitrazepam-5mg-pilulky\/#primaryimage","url":"https:\/\/medicinasinc.com\/sk\/wp-content\/uploads\/sites\/10\/2022\/02\/Buy-Mogadon-Nitrazepam-5mg-pills.jpg","contentUrl":"https:\/\/medicinasinc.com\/sk\/wp-content\/uploads\/sites\/10\/2022\/02\/Buy-Mogadon-Nitrazepam-5mg-pills.jpg","width":640,"height":480,"caption":"Buy Mogadon Nitrazepam 5mg pills"},{"@type":"BreadcrumbList","@id":"https:\/\/medicinasinc.com\/sk\/product\/kupit-mogadon-nitrazepam-5mg-pilulky\/#breadcrumb","itemListElement":[{"@type":"ListItem","position":1,"name":"Obchod","item":"https:\/\/medicinasinc.com\/sk\/obchod\/"},{"@type":"ListItem","position":2,"name":"K\u00fapte si tabletky Mogadon Nitrazepam 5 mg"}]},{"@type":"WebSite","@id":"https:\/\/medicinasinc.com\/sk\/#website","url":"https:\/\/medicinasinc.com\/sk\/","name":"Medicinas Inc","description":"Health Medical Clinic","potentialAction":[{"@type":"SearchAction","target":{"@type":"EntryPoint","urlTemplate":"https:\/\/medicinasinc.com\/sk\/?s={search_term_string}"},"query-input":{"@type":"PropertyValueSpecification","valueRequired":true,"valueName":"search_term_string"}}],"inLanguage":"en-US"}]}},"_links":{"self":[{"href":"https:\/\/medicinasinc.com\/sk\/wp-json\/wp\/v2\/product\/5265","targetHints":{"allow":["GET"]}}],"collection":[{"href":"https:\/\/medicinasinc.com\/sk\/wp-json\/wp\/v2\/product"}],"about":[{"href":"https:\/\/medicinasinc.com\/sk\/wp-json\/wp\/v2\/types\/product"}],"replies":[{"embeddable":true,"href":"https:\/\/medicinasinc.com\/sk\/wp-json\/wp\/v2\/comments?post=5265"}],"wp:featuredmedia":[{"embeddable":true,"href":"https:\/\/medicinasinc.com\/sk\/wp-json\/wp\/v2\/media\/5995"}],"wp:attachment":[{"href":"https:\/\/medicinasinc.com\/sk\/wp-json\/wp\/v2\/media?parent=5265"}],"wp:term":[{"taxonomy":"product_brand","embeddable":true,"href":"https:\/\/medicinasinc.com\/sk\/wp-json\/wp\/v2\/product_brand?post=5265"},{"taxonomy":"product_cat","embeddable":true,"href":"https:\/\/medicinasinc.com\/sk\/wp-json\/wp\/v2\/product_cat?post=5265"},{"taxonomy":"product_tag","embeddable":true,"href":"https:\/\/medicinasinc.com\/sk\/wp-json\/wp\/v2\/product_tag?post=5265"}],"curies":[{"name":"wp","href":"https:\/\/api.w.org\/{rel}","templated":true}]}}