{"id":5264,"date":"2022-02-20T22:53:05","date_gmt":"2022-02-20T22:53:05","guid":{"rendered":"https:\/\/medicinasinc.com\/sk\/?post_type=product&#038;p=5264"},"modified":"2022-03-22T01:03:49","modified_gmt":"2022-03-22T01:03:49","slug":"kupit-motrin-ibuprofen-600mg-tabletky","status":"publish","type":"product","link":"https:\/\/medicinasinc.com\/sk\/product\/kupit-motrin-ibuprofen-600mg-tabletky\/","title":{"rendered":"K\u00fapte si Motrin Ibuprofen 600 mg tabletky"},"content":{"rendered":"<p>Motrin \u2013 Ibuprofen 600 mg pilulky je mo\u017en\u00e9 zak\u00fapi\u0165 online.<br \/> Motrin Ibuprofen 600 mg pilulky je mo\u017en\u00e9 zak\u00fapi\u0165 online.<\/p>\n<p>Ibuprofen 600 mg je dostupn\u00fd ako tableta. Je \u010dlenom triedy liekov zn\u00e1mych ako NSAID \u2013 nesteroidn\u00e9 protiz\u00e1palov\u00e9 lieky. Pou\u017e\u00edva sa na lie\u010dbu osteoartrit\u00eddy, reumatoidnej artrit\u00eddy, spin\u00e1lnej artrit\u00eddy, opuchnut\u00fdch k\u013abov, zamrznut\u00e9ho ramena, burzit\u00eddy, tendinit\u00eddy, tenosynovit\u00eddy, diskomfortu v dolnej \u010dasti chrbta, vyvrtnutia a natiahnutia.<\/p>\n<p>Ibuprofen 600 mg tablety by sa nemali pod\u00e1va\u0165 de\u0165om. zrak a dosah. Malo by sa skladova\u0165 v p\u00f4vodnom obale a uchov\u00e1va\u0165 pri teplote neprevy\u0161uj\u00facej 25 stup\u0148ov Celzia.<\/p>\n","protected":false},"excerpt":{"rendered":"<div class=\"woocommerce-product-details__short-description\">\n<p>Tabletky Motrin \u2013 Ibuprofen 600 mg je mo\u017en\u00e9 zak\u00fapi\u0165 online. K\u00fapte si Ibuprofen online za mimoriadne n\u00edzke n\u00e1klady. Ve\u013ekoobchodn\u00e9 objedn\u00e1vky maj\u00fa n\u00e1rok na bezplatn\u00fa dopravu. Ak ste si chceli k\u00fapi\u0165 lieky na predpis online bez lek\u00e1rskeho predpisu, vyh\u013ead\u00e1vanie je hotov\u00e9.<\/p>\n<p>Ibuprofen 600 mg je dostupn\u00fd vo forme tabliet. Je \u010dlenom triedy liekov zn\u00e1mych ako NSAID &#8211; Nesteroidn\u00e9 protiz\u00e1palov\u00e9 lieky.<\/p>\n<p>Ibuprof\u00e9n 600 mg tablety, ibuprof\u00e9n 600 mg na predpis, ibuprof\u00e9n 600 mg vo\u013ene predajn\u00fd, ibuprof\u00e9n 600 mg d\u00e1vka pre dospel\u00fdch, ibuprof\u00e9n 600 mg cena za tabletu, ibuprof\u00e9n 600 mg \u010di\u017emy, motrin 600 mg, 600 mg ibuprof\u00e9n vo\u013ene predajn\u00fd sk<\/p>\n<\/p><\/div>\n","protected":false},"featured_media":5282,"comment_status":"open","ping_status":"closed","template":"","meta":[],"product_brand":[],"product_cat":[1117],"product_tag":[1571,1572,1627,1628,1573,1621,1577,1579,1580,1582,1583,1584,1587,1588,1589,1586,1591,1590,1592,1593,1594,1595,1596,1597,1585,1598,1606,1607,1608,1609,1599,1600,1601,1602,1603,1604,1605,1610,1581,1611,1612,1613,1614,1617,1615,1616,1618,1619,1620,1622,1624,1623,1625,1626,1578,1574,1575,1576],"class_list":{"0":"post-5264","1":"product","2":"type-product","3":"status-publish","4":"has-post-thumbnail","6":"product_cat-kupte-si-tabletky-proti-bolesti-spanku-sexu","7":"product_tag-600-mg-ibuprofnu-bez-lekrskeho-predpisu","8":"product_tag-advil-motrin-ibuprofen","9":"product_tag-ak-je-rozdiel-medzi-ibuprofnom-a-motrnom","10":"product_tag-ak-je-rozdiel-medzi-motrnom-a-ibuprofnom","11":"product_tag-are-ibuprofen-and-motrin-the-same","12":"product_tag-motrn-ibuprofn-dvkovanie","13":"product_tag-difference-between-ibuprofen-and-motrin","14":"product_tag-does-motrin-contain-ibuprofen","15":"product_tag-does-motrin-have-ibuprofen","16":"product_tag-how-much-ibuprofen-in-motrin","17":"product_tag-ibuprofn-200-mg-tablety","18":"product_tag-ibuprofn-600-mg-topnky","19":"product_tag-ibuprofen-600-mg-prescription-strength","20":"product_tag-ibuprofen-600-mg-price-per-pill","21":"product_tag-ibuprofn-600-mg-tablety","22":"product_tag-ibuprofn-600-mg-vone-predajn","23":"product_tag-ibuprofn-a-motrn","24":"product_tag-ibuprofen-advil-motrin","25":"product_tag-ibuprofen-is-motrin","26":"product_tag-ibuprofn-motrn","27":"product_tag-ibuprofn-motrn-600-mg","28":"product_tag-ibuprofn-motrn-800-mg","29":"product_tag-ibuprofen-motrin-800mg","30":"product_tag-ibuprofn-rovnak-ako-motrn","31":"product_tag-ibuprofn-600-mg-dvkovanie-pre-dospelch","32":"product_tag-ibuprofn-vs-motrn","33":"product_tag-is-motrin-ibuprofen-or-acetaminophen","34":"product_tag-is-motrin-like-ibuprofen","35":"product_tag-is-motrin-same-as-ibuprofen","36":"product_tag-is-motrin-the-same-as-ibuprofen","37":"product_tag-je-ibuprofn-a-motrn-to-ist","38":"product_tag-je-ibuprofn-a-motrn-to-ist-vec","39":"product_tag-je-ibuprofn-motrn","40":"product_tag-je-ibuprof-c3-a9n-to-ist-c3-a9-ako-motr-c3-adn","41":"product_tag-je-motrn-a-ibuprofn-to-ist","42":"product_tag-je-motrn-a-ibuprofn-to-ist-o","43":"product_tag-je-motrn-ibuprofn","44":"product_tag-je-motr-c3-adn-to-ist-c3-a9-ako-ibuprof-c3-a9n","45":"product_tag-m-motrin-m-ibuprofn-v-tom","46":"product_tag-motrin-600-mg","47":"product_tag-motrin-600-mg-vs-ibuprofen","48":"product_tag-motrin-800-vs-ibuprofen","49":"product_tag-motrn-a-ibuprofn","50":"product_tag-motrn-a-ibuprofn-spolu","51":"product_tag-motrin-a-ibuprofen-to-ist","52":"product_tag-motrin-a-ibuprofn-to-ist-vec","53":"product_tag-motrin-ib","54":"product_tag-motrn-ibuprofn","55":"product_tag-motrn-ibuprofn-200-mg","56":"product_tag-motrin-is-ibuprofen","57":"product_tag-motrn-verzus-ibuprofn","58":"product_tag-motrin-the-same-ako-ibuprofen","59":"product_tag-motrin-vs-advil-vs-ibuprofn","60":"product_tag-motrin-vs-ibuprofn","61":"product_tag-rozdiel-medzi-motrnom-a-ibuprofnom","62":"product_tag-s-ibuprofn-a-motrn-to-ist-vec","63":"product_tag-s-motrn-a-ibuprofn-to-ist","64":"product_tag-s-motrn-a-ibuprofn-to-ist-vec","66":"first","67":"instock","68":"shipping-taxable","69":"purchasable","70":"product-type-variable","71":"has-default-attributes"},"yoast_head":"<!-- This site is optimized with the Yoast SEO plugin v27.3 - https:\/\/yoast.com\/product\/yoast-seo-wordpress\/ -->\n<title>K\u00fapi\u0165 Motrin Ibuprofen 600 mg pilulky - najlep\u0161ie najlep\u0161ie glob\u00e1lne lieky<\/title>\n<meta name=\"description\" content=\"K\u00fapte si Motrin Ibuprofen 600 mg tabletky online. K\u00fapte si Ibuprofen 600 mg online za ve\u013emi n\u00edzke ceny. Doprava zdarma pri ve\u013ekoobchodn\u00fdch objedn\u00e1vkach. Ak ste si chceli k\u00fapi\u0165 lieky online na predpis zadarmo, potom je va\u0161e h\u013eadanie u konca.\" \/>\n<meta name=\"robots\" content=\"index, follow, max-snippet:-1, max-image-preview:large, max-video-preview:-1\" \/>\n<link rel=\"canonical\" href=\"https:\/\/medicinasinc.com\/sk\/product\/kupit-motrin-ibuprofen-600mg-tabletky\/\" \/>\n<meta property=\"og:locale\" content=\"en_US\" \/>\n<meta property=\"og:type\" content=\"article\" \/>\n<meta property=\"og:title\" content=\"K\u00fapi\u0165 Motrin Ibuprofen 600 mg pilulky - najlep\u0161ie najlep\u0161ie glob\u00e1lne lieky\" \/>\n<meta property=\"og:description\" content=\"K\u00fapte si Motrin Ibuprofen 600 mg tabletky online. K\u00fapte si Ibuprofen 600 mg online za ve\u013emi n\u00edzke ceny. Doprava zdarma pri ve\u013ekoobchodn\u00fdch objedn\u00e1vkach. Ak ste si chceli k\u00fapi\u0165 lieky online na predpis zadarmo, potom je va\u0161e h\u013eadanie u konca.\" \/>\n<meta property=\"og:url\" content=\"https:\/\/medicinasinc.com\/sk\/product\/kupit-motrin-ibuprofen-600mg-tabletky\/\" \/>\n<meta property=\"og:site_name\" content=\"Medicinas Inc\" \/>\n<meta property=\"article:modified_time\" content=\"2022-03-22T01:03:49+00:00\" \/>\n<meta property=\"og:image\" content=\"https:\/\/medicinasinc.com\/sk\/wp-content\/uploads\/sites\/10\/2022\/02\/Buy-Motrin-Ibuprofen-600mg.jpg\" \/>\n\t<meta property=\"og:image:width\" content=\"1200\" \/>\n\t<meta property=\"og:image:height\" content=\"1200\" \/>\n\t<meta property=\"og:image:type\" content=\"image\/jpeg\" \/>\n<meta name=\"twitter:card\" content=\"summary_large_image\" \/>\n<meta name=\"twitter:label1\" content=\"Est. reading time\" \/>\n\t<meta name=\"twitter:data1\" content=\"1 minute\" \/>\n<script type=\"application\/ld+json\" class=\"yoast-schema-graph\">{\"@context\":\"https:\\\/\\\/schema.org\",\"@graph\":[{\"@type\":\"WebPage\",\"@id\":\"https:\\\/\\\/medicinasinc.com\\\/sk\\\/product\\\/kupit-motrin-ibuprofen-600mg-tabletky\\\/\",\"url\":\"https:\\\/\\\/medicinasinc.com\\\/sk\\\/product\\\/kupit-motrin-ibuprofen-600mg-tabletky\\\/\",\"name\":\"K\u00fapi\u0165 Motrin Ibuprofen 600 mg pilulky - najlep\u0161ie najlep\u0161ie glob\u00e1lne lieky\",\"isPartOf\":{\"@id\":\"https:\\\/\\\/medicinasinc.com\\\/sk\\\/#website\"},\"primaryImageOfPage\":{\"@id\":\"https:\\\/\\\/medicinasinc.com\\\/sk\\\/product\\\/kupit-motrin-ibuprofen-600mg-tabletky\\\/#primaryimage\"},\"image\":{\"@id\":\"https:\\\/\\\/medicinasinc.com\\\/sk\\\/product\\\/kupit-motrin-ibuprofen-600mg-tabletky\\\/#primaryimage\"},\"thumbnailUrl\":\"https:\\\/\\\/medicinasinc.com\\\/sk\\\/wp-content\\\/uploads\\\/sites\\\/10\\\/2022\\\/02\\\/Buy-Motrin-Ibuprofen-600mg.jpg\",\"datePublished\":\"2022-02-20T22:53:05+00:00\",\"dateModified\":\"2022-03-22T01:03:49+00:00\",\"description\":\"K\u00fapte si Motrin Ibuprofen 600 mg tabletky online. K\u00fapte si Ibuprofen 600 mg online za ve\u013emi n\u00edzke ceny. Doprava zdarma pri ve\u013ekoobchodn\u00fdch objedn\u00e1vkach. Ak ste si chceli k\u00fapi\u0165 lieky online na predpis zadarmo, potom je va\u0161e h\u013eadanie u konca.\",\"breadcrumb\":{\"@id\":\"https:\\\/\\\/medicinasinc.com\\\/sk\\\/product\\\/kupit-motrin-ibuprofen-600mg-tabletky\\\/#breadcrumb\"},\"inLanguage\":\"en-US\",\"potentialAction\":[{\"@type\":\"ReadAction\",\"target\":[\"https:\\\/\\\/medicinasinc.com\\\/sk\\\/product\\\/kupit-motrin-ibuprofen-600mg-tabletky\\\/\"]}]},{\"@type\":\"ImageObject\",\"inLanguage\":\"en-US\",\"@id\":\"https:\\\/\\\/medicinasinc.com\\\/sk\\\/product\\\/kupit-motrin-ibuprofen-600mg-tabletky\\\/#primaryimage\",\"url\":\"https:\\\/\\\/medicinasinc.com\\\/sk\\\/wp-content\\\/uploads\\\/sites\\\/10\\\/2022\\\/02\\\/Buy-Motrin-Ibuprofen-600mg.jpg\",\"contentUrl\":\"https:\\\/\\\/medicinasinc.com\\\/sk\\\/wp-content\\\/uploads\\\/sites\\\/10\\\/2022\\\/02\\\/Buy-Motrin-Ibuprofen-600mg.jpg\",\"width\":1200,\"height\":1200},{\"@type\":\"BreadcrumbList\",\"@id\":\"https:\\\/\\\/medicinasinc.com\\\/sk\\\/product\\\/kupit-motrin-ibuprofen-600mg-tabletky\\\/#breadcrumb\",\"itemListElement\":[{\"@type\":\"ListItem\",\"position\":1,\"name\":\"Obchod\",\"item\":\"https:\\\/\\\/medicinasinc.com\\\/sk\\\/obchod\\\/\"},{\"@type\":\"ListItem\",\"position\":2,\"name\":\"K\u00fapte si Motrin Ibuprofen 600 mg tabletky\"}]},{\"@type\":\"WebSite\",\"@id\":\"https:\\\/\\\/medicinasinc.com\\\/sk\\\/#website\",\"url\":\"https:\\\/\\\/medicinasinc.com\\\/sk\\\/\",\"name\":\"Medicinas Inc\",\"description\":\"Health Medical Clinic\",\"potentialAction\":[{\"@type\":\"SearchAction\",\"target\":{\"@type\":\"EntryPoint\",\"urlTemplate\":\"https:\\\/\\\/medicinasinc.com\\\/sk\\\/?s={search_term_string}\"},\"query-input\":{\"@type\":\"PropertyValueSpecification\",\"valueRequired\":true,\"valueName\":\"search_term_string\"}}],\"inLanguage\":\"en-US\"}]}<\/script>\n<!-- \/ Yoast SEO plugin. -->","yoast_head_json":{"title":"K\u00fapi\u0165 Motrin Ibuprofen 600 mg pilulky - najlep\u0161ie najlep\u0161ie glob\u00e1lne lieky","description":"K\u00fapte si Motrin Ibuprofen 600 mg tabletky online. K\u00fapte si Ibuprofen 600 mg online za ve\u013emi n\u00edzke ceny. Doprava zdarma pri ve\u013ekoobchodn\u00fdch objedn\u00e1vkach. Ak ste si chceli k\u00fapi\u0165 lieky online na predpis zadarmo, potom je va\u0161e h\u013eadanie u konca.","robots":{"index":"index","follow":"follow","max-snippet":"max-snippet:-1","max-image-preview":"max-image-preview:large","max-video-preview":"max-video-preview:-1"},"canonical":"https:\/\/medicinasinc.com\/sk\/product\/kupit-motrin-ibuprofen-600mg-tabletky\/","og_locale":"en_US","og_type":"article","og_title":"K\u00fapi\u0165 Motrin Ibuprofen 600 mg pilulky - najlep\u0161ie najlep\u0161ie glob\u00e1lne lieky","og_description":"K\u00fapte si Motrin Ibuprofen 600 mg tabletky online. K\u00fapte si Ibuprofen 600 mg online za ve\u013emi n\u00edzke ceny. Doprava zdarma pri ve\u013ekoobchodn\u00fdch objedn\u00e1vkach. Ak ste si chceli k\u00fapi\u0165 lieky online na predpis zadarmo, potom je va\u0161e h\u013eadanie u konca.","og_url":"https:\/\/medicinasinc.com\/sk\/product\/kupit-motrin-ibuprofen-600mg-tabletky\/","og_site_name":"Medicinas Inc","article_modified_time":"2022-03-22T01:03:49+00:00","og_image":[{"width":1200,"height":1200,"url":"https:\/\/medicinasinc.com\/sk\/wp-content\/uploads\/sites\/10\/2022\/02\/Buy-Motrin-Ibuprofen-600mg.jpg","type":"image\/jpeg"}],"twitter_card":"summary_large_image","twitter_misc":{"Est. reading time":"1 minute"},"schema":{"@context":"https:\/\/schema.org","@graph":[{"@type":"WebPage","@id":"https:\/\/medicinasinc.com\/sk\/product\/kupit-motrin-ibuprofen-600mg-tabletky\/","url":"https:\/\/medicinasinc.com\/sk\/product\/kupit-motrin-ibuprofen-600mg-tabletky\/","name":"K\u00fapi\u0165 Motrin Ibuprofen 600 mg pilulky - najlep\u0161ie najlep\u0161ie glob\u00e1lne lieky","isPartOf":{"@id":"https:\/\/medicinasinc.com\/sk\/#website"},"primaryImageOfPage":{"@id":"https:\/\/medicinasinc.com\/sk\/product\/kupit-motrin-ibuprofen-600mg-tabletky\/#primaryimage"},"image":{"@id":"https:\/\/medicinasinc.com\/sk\/product\/kupit-motrin-ibuprofen-600mg-tabletky\/#primaryimage"},"thumbnailUrl":"https:\/\/medicinasinc.com\/sk\/wp-content\/uploads\/sites\/10\/2022\/02\/Buy-Motrin-Ibuprofen-600mg.jpg","datePublished":"2022-02-20T22:53:05+00:00","dateModified":"2022-03-22T01:03:49+00:00","description":"K\u00fapte si Motrin Ibuprofen 600 mg tabletky online. K\u00fapte si Ibuprofen 600 mg online za ve\u013emi n\u00edzke ceny. Doprava zdarma pri ve\u013ekoobchodn\u00fdch objedn\u00e1vkach. Ak ste si chceli k\u00fapi\u0165 lieky online na predpis zadarmo, potom je va\u0161e h\u013eadanie u konca.","breadcrumb":{"@id":"https:\/\/medicinasinc.com\/sk\/product\/kupit-motrin-ibuprofen-600mg-tabletky\/#breadcrumb"},"inLanguage":"en-US","potentialAction":[{"@type":"ReadAction","target":["https:\/\/medicinasinc.com\/sk\/product\/kupit-motrin-ibuprofen-600mg-tabletky\/"]}]},{"@type":"ImageObject","inLanguage":"en-US","@id":"https:\/\/medicinasinc.com\/sk\/product\/kupit-motrin-ibuprofen-600mg-tabletky\/#primaryimage","url":"https:\/\/medicinasinc.com\/sk\/wp-content\/uploads\/sites\/10\/2022\/02\/Buy-Motrin-Ibuprofen-600mg.jpg","contentUrl":"https:\/\/medicinasinc.com\/sk\/wp-content\/uploads\/sites\/10\/2022\/02\/Buy-Motrin-Ibuprofen-600mg.jpg","width":1200,"height":1200},{"@type":"BreadcrumbList","@id":"https:\/\/medicinasinc.com\/sk\/product\/kupit-motrin-ibuprofen-600mg-tabletky\/#breadcrumb","itemListElement":[{"@type":"ListItem","position":1,"name":"Obchod","item":"https:\/\/medicinasinc.com\/sk\/obchod\/"},{"@type":"ListItem","position":2,"name":"K\u00fapte si Motrin Ibuprofen 600 mg tabletky"}]},{"@type":"WebSite","@id":"https:\/\/medicinasinc.com\/sk\/#website","url":"https:\/\/medicinasinc.com\/sk\/","name":"Medicinas Inc","description":"Health Medical Clinic","potentialAction":[{"@type":"SearchAction","target":{"@type":"EntryPoint","urlTemplate":"https:\/\/medicinasinc.com\/sk\/?s={search_term_string}"},"query-input":{"@type":"PropertyValueSpecification","valueRequired":true,"valueName":"search_term_string"}}],"inLanguage":"en-US"}]}},"_links":{"self":[{"href":"https:\/\/medicinasinc.com\/sk\/wp-json\/wp\/v2\/product\/5264","targetHints":{"allow":["GET"]}}],"collection":[{"href":"https:\/\/medicinasinc.com\/sk\/wp-json\/wp\/v2\/product"}],"about":[{"href":"https:\/\/medicinasinc.com\/sk\/wp-json\/wp\/v2\/types\/product"}],"replies":[{"embeddable":true,"href":"https:\/\/medicinasinc.com\/sk\/wp-json\/wp\/v2\/comments?post=5264"}],"wp:featuredmedia":[{"embeddable":true,"href":"https:\/\/medicinasinc.com\/sk\/wp-json\/wp\/v2\/media\/5282"}],"wp:attachment":[{"href":"https:\/\/medicinasinc.com\/sk\/wp-json\/wp\/v2\/media?parent=5264"}],"wp:term":[{"taxonomy":"product_brand","embeddable":true,"href":"https:\/\/medicinasinc.com\/sk\/wp-json\/wp\/v2\/product_brand?post=5264"},{"taxonomy":"product_cat","embeddable":true,"href":"https:\/\/medicinasinc.com\/sk\/wp-json\/wp\/v2\/product_cat?post=5264"},{"taxonomy":"product_tag","embeddable":true,"href":"https:\/\/medicinasinc.com\/sk\/wp-json\/wp\/v2\/product_tag?post=5264"}],"curies":[{"name":"wp","href":"https:\/\/api.w.org\/{rel}","templated":true}]}}