{"id":5262,"date":"2022-02-20T22:49:49","date_gmt":"2022-02-20T22:49:49","guid":{"rendered":"https:\/\/medicinasinc.com\/sk\/?post_type=product&#038;p=5262"},"modified":"2022-03-22T01:04:05","modified_gmt":"2022-03-22T01:04:05","slug":"buy-onax-2mg-alprazolam","status":"publish","type":"product","link":"https:\/\/medicinasinc.com\/sk\/product\/buy-onax-2mg-alprazolam\/","title":{"rendered":"K\u00fapte si Onax 2 mg Alprazolam"},"content":{"rendered":"<p>K\u00fapte si pilulky Onax 2mg Alprazolam online | K\u00fapte si Onax online | K\u00fapte si ty\u010dinky Onax<\/p>\n<p>\u010co je Onax? Online n\u00e1kup Onax<\/p>\n<p>Ty\u010dinky Onax 2 mg (Alprazolam) s\u00fa dobre zn\u00e1me pre svoj sedat\u00edvny \u00fa\u010dinok. Pou\u017e\u00edva sa na lie\u010dbu nedostatku sp\u00e1nku kedyko\u013evek po\u010das d\u0148a alebo noci. Xanax XR je benzodiazep\u00edn, ktor\u00fd sa pou\u017e\u00edva na lie\u010dbu \u00fazkosti, panickej poruchy a depresie. Ak si u n\u00e1s kupujete ty\u010dinky Onax 2 mg, uistite sa, \u017ee ich skuto\u010dne potrebujete a \u017ee v\u00e1m Onax odporu\u010dil lek\u00e1r. PandaPharmacy.com nezodpoved\u00e1 za \u017eiadne \u0161kody alebo nepriazniv\u00e9 \u00fa\u010dinky sp\u00f4soben\u00e9 Xanaxom 3 mg.<\/p>\n<p>Zneu\u017e\u00edvanie lieku m\u00f4\u017ee vies\u0165 k obmedzen\u00e9mu stup\u0148u fyzickej alebo psychickej z\u00e1vislosti v porovnan\u00ed s liekmi zo sch\u00e9my 3. Ty\u010dinky Onax 2 mg u n\u00e1s m\u00f4\u017eete z\u00edska\u0165 online bez oh\u013eadu na sp\u00f4sob platby. Akceptujeme aj PayPal. Okrem slu\u017eby PayPal je mo\u017en\u00e9 na n\u00e1kup ty\u010diniek Onax 2 mg pou\u017ei\u0165 aj pe\u0148a\u017en\u00e9 pouk\u00e1\u017eky. Pros\u00edm, majte na pam\u00e4ti, \u017ee t\u00e1to droga je mimoriadne \u0161kodliv\u00e1 a m\u00f4\u017ee vies\u0165 k z\u00e1vislosti. N\u00e1\u0161 Onax by bol prvotriednej kvality. Pre\u010d\u00edtajte si na\u0161e &#8220;&#8221; a z\u00edskajte v\u00e4\u010d\u0161inu rie\u0161en\u00ed na ot\u00e1zky, ktor\u00e9 sa v\u00e1m vynorili v hlave.<\/p>\n<p>\u010co je Onax? Onax n\u00e1kup online<\/p>\n<p>Ty\u010dinky Onax 2 mg (Alprazolam) s\u00fa dobre zn\u00e1me pre svoje sedat\u00edvne vlastnosti. Pou\u017e\u00edva sa na lie\u010dbu nedostatku sp\u00e1nku kedyko\u013evek po\u010das d\u0148a alebo noci. Xanax XR je benzodiazep\u00edn, ktor\u00fd sa pou\u017e\u00edva na lie\u010dbu \u00fazkosti, panickej poruchy a depresie. Ak si od n\u00e1s kupujete ty\u010dinky Onax 2 mg, uistite sa, \u017ee ich skuto\u010dne potrebujete a \u017ee Onax je schv\u00e1len\u00fd va\u0161\u00edm lek\u00e1rom. PandaPharmacy.com nezodpoved\u00e1 za \u017eiadne \u0161kody alebo nepriazniv\u00e9 \u00fa\u010dinky sp\u00f4soben\u00e9 Xanaxom 3 mg.<\/p>\n<p>Zneu\u017e\u00edvanie lieku m\u00f4\u017ee vies\u0165 k obmedzen\u00e9mu stup\u0148u fyzickej alebo psychickej z\u00e1vislosti v porovnan\u00ed s liekmi zo sch\u00e9my 3.<\/p>\n<p>U n\u00e1s m\u00f4\u017eete z\u00edska\u0165 2 mg ty\u010dinky Onax online bez oh\u013eadu na sp\u00f4sob platby. Akceptujeme aj PayPal. Okrem slu\u017eby PayPal je mo\u017en\u00e9 na n\u00e1kup ty\u010diniek Onax 2 mg pou\u017ei\u0165 aj pe\u0148a\u017en\u00e9 pouk\u00e1\u017eky. Pros\u00edm, majte na pam\u00e4ti, \u017ee t\u00e1to droga je mimoriadne \u0161kodliv\u00e1 a m\u00f4\u017ee vies\u0165 k z\u00e1vislosti. N\u00e1\u0161 Onax by bol prvotriednej kvality. Pre\u010d\u00edtajte si na\u0161e &#8220;, aby ste z\u00edskali odpovede na v\u00e4\u010d\u0161inu probl\u00e9mov, ktor\u00e9 sa vyskytli vo va\u0161ich my\u0161lienkach. Objedna\u0165<\/p>\n","protected":false},"excerpt":{"rendered":"<p>Online n\u00e1kup tabliet Onax 2 mg Alprazolam. Alprazolam sa pou\u017e\u00edva na lie\u010dbu \u00fazkosti, \u0161ialenstva a nepokoja spojen\u00e9ho s \u00fabohos\u0165ou. Online n\u00e1kup Onax 2mg Alprazolam tablety&#8221;. Alprazolam 2 mg Onax<\/p>\n<p>Onax 2 mg ty\u010dinky\/tablety k\u00fapi\u0165<\/p>\n<p>Onax (Alprazolam) sa pou\u017e\u00edva na lie\u010dbu \u00fazkosti, z\u00e1chvatov paniky, nespavosti (\u0165a\u017ekosti so sp\u00e1nkom) a \u00fazkosti spojenej s depresiou.<\/p>\n<p>M\u00f4\u017eete si u n\u00e1s zak\u00fapi\u0165 Onax 2 mg online; na\u0161e tabletky Onax 2 mg s\u00fa najvy\u0161\u0161ej kvality. Onax 2 mg je ofici\u00e1lny n\u00e1zov lieku. Tieto tabletky bud\u00fa zaslan\u00e9 diskr\u00e9tnym sp\u00f4sobom.<\/p>\n<p>K\u00fapte si ty\u010dinky Onax 2 mg (Alprazolam), ktor\u00e9 s\u00fa zn\u00e1me pre svoje sedat\u00edvne \u00fa\u010dinky. Pou\u017e\u00edva sa na boj proti nedostatku sp\u00e1nku kedyko\u013evek po\u010das d\u0148a alebo noci.<\/p>\n","protected":false},"featured_media":5278,"comment_status":"open","ping_status":"closed","template":"","meta":[],"product_brand":[],"product_cat":[1117],"product_tag":[1520,1560,1558,1559,1557,1541,1522,1523,1524,1525,1549,1521,1526,1527,1528,1529,1532,1531,1533,1534,1530,1536,1537,1551,1540,1542,1543,1544,1545,1547,1548,1550,1552,1554,1546,1539,1555,1556,1535,1538,1553,1561,1562],"class_list":{"0":"post-5262","1":"product","2":"type-product","3":"status-publish","4":"has-post-thumbnail","6":"product_cat-kupte-si-tabletky-proti-bolesti-spanku-sexu","7":"product_tag-are-onax-bars-good","8":"product_tag-biela-obdlznik-pilulka-onax-2","9":"product_tag-white-pill-onax","10":"product_tag-biela-pilulka-onax-2","11":"product_tag-white-bar-pill-onax","12":"product_tag-onax-bolesti-hlavy","13":"product_tag-buy-onax-2mg","14":"product_tag-buy-onax-online","15":"product_tag-dj-onax","16":"product_tag-dlho-biela-pilulka-onax","17":"product_tag-onax-vlack-kuchynsk-mixr","18":"product_tag-buy-onax","19":"product_tag-ocean-pharmaceuticals-onax","20":"product_tag-onax","21":"product_tag-onax-2","22":"product_tag-onax-2-bar","23":"product_tag-onax-2-biela-pilulka","24":"product_tag-onax-2-pill-identifier","25":"product_tag-onax-2-mg","26":"product_tag-onax-2-mg-bar","27":"product_tag-onax-2-pill-id","28":"product_tag-onax-ag-it-solutions","29":"product_tag-onax-bars","30":"product_tag-onax-biela-pilulka","31":"product_tag-onax-dr-germantown","32":"product_tag-onax-llc","33":"product_tag-onax-orv-park-mojave-ca-pictures","34":"product_tag-onax-pc-ames","35":"product_tag-onax-pex","36":"product_tag-onax-punta-cana","37":"product_tag-onax-statues","38":"product_tag-onax-vs-xanax","39":"product_tag-onax-xanax","40":"product_tag-pill-onax-2","41":"product_tag-onax-pilulka","42":"product_tag-onax-tye-na-predaj","43":"product_tag-reddit-onax","44":"product_tag-reddit-onax-for-your-nos","45":"product_tag-tyinky-onax-2-mg","46":"product_tag-onax-bars-3-mg","47":"product_tag-onax-xanax-bars","48":"product_tag-xanax-2-mg-onax","49":"product_tag-xanax-bars-onax","51":"first","52":"instock","53":"shipping-taxable","54":"purchasable","55":"product-type-variable","56":"has-default-attributes"},"yoast_head":"<!-- This site is optimized with the Yoast SEO plugin v27.3 - https:\/\/yoast.com\/product\/yoast-seo-wordpress\/ -->\n<title>K\u00fapi\u0165 Onax 2mg Alprazolam pilulky - najlep\u0161ie najlep\u0161ie glob\u00e1lne lieky<\/title>\n<meta name=\"description\" content=\"k\u00fapi\u0165 onax 2 mg ty\u010dinky\/tablety:\u00a0Onax\u00a0(Alprazolam) lie\u010di \u00fazkos\u0165, panick\u00fa poruchu, nespavos\u0165 (probl\u00e9my so sp\u00e1nkom) a \u00fazkos\u0165 sp\u00f4soben\u00fa depresiou.\" \/>\n<meta name=\"robots\" content=\"index, follow, max-snippet:-1, max-image-preview:large, max-video-preview:-1\" \/>\n<link rel=\"canonical\" href=\"https:\/\/medicinasinc.com\/sk\/product\/buy-onax-2mg-alprazolam\/\" \/>\n<meta property=\"og:locale\" content=\"en_US\" \/>\n<meta property=\"og:type\" content=\"article\" \/>\n<meta property=\"og:title\" content=\"K\u00fapi\u0165 Onax 2mg Alprazolam pilulky - najlep\u0161ie najlep\u0161ie glob\u00e1lne lieky\" \/>\n<meta property=\"og:description\" content=\"k\u00fapi\u0165 onax 2 mg ty\u010dinky\/tablety:\u00a0Onax\u00a0(Alprazolam) lie\u010di \u00fazkos\u0165, panick\u00fa poruchu, nespavos\u0165 (probl\u00e9my so sp\u00e1nkom) a \u00fazkos\u0165 sp\u00f4soben\u00fa depresiou.\" \/>\n<meta property=\"og:url\" content=\"https:\/\/medicinasinc.com\/sk\/product\/buy-onax-2mg-alprazolam\/\" \/>\n<meta property=\"og:site_name\" content=\"Medicinas Inc\" \/>\n<meta property=\"article:modified_time\" content=\"2022-03-22T01:04:05+00:00\" \/>\n<meta property=\"og:image\" content=\"https:\/\/medicinasinc.com\/sk\/wp-content\/uploads\/sites\/10\/2022\/02\/Buy-Onax-2mg.jpg\" \/>\n\t<meta property=\"og:image:width\" content=\"400\" \/>\n\t<meta property=\"og:image:height\" content=\"300\" \/>\n\t<meta property=\"og:image:type\" content=\"image\/jpeg\" \/>\n<meta name=\"twitter:card\" content=\"summary_large_image\" \/>\n<meta name=\"twitter:label1\" content=\"Est. reading time\" \/>\n\t<meta name=\"twitter:data1\" content=\"2 minutes\" \/>\n<script type=\"application\/ld+json\" class=\"yoast-schema-graph\">{\"@context\":\"https:\\\/\\\/schema.org\",\"@graph\":[{\"@type\":\"WebPage\",\"@id\":\"https:\\\/\\\/medicinasinc.com\\\/sk\\\/product\\\/buy-onax-2mg-alprazolam\\\/\",\"url\":\"https:\\\/\\\/medicinasinc.com\\\/sk\\\/product\\\/buy-onax-2mg-alprazolam\\\/\",\"name\":\"K\u00fapi\u0165 Onax 2mg Alprazolam pilulky - najlep\u0161ie najlep\u0161ie glob\u00e1lne lieky\",\"isPartOf\":{\"@id\":\"https:\\\/\\\/medicinasinc.com\\\/sk\\\/#website\"},\"primaryImageOfPage\":{\"@id\":\"https:\\\/\\\/medicinasinc.com\\\/sk\\\/product\\\/buy-onax-2mg-alprazolam\\\/#primaryimage\"},\"image\":{\"@id\":\"https:\\\/\\\/medicinasinc.com\\\/sk\\\/product\\\/buy-onax-2mg-alprazolam\\\/#primaryimage\"},\"thumbnailUrl\":\"https:\\\/\\\/medicinasinc.com\\\/sk\\\/wp-content\\\/uploads\\\/sites\\\/10\\\/2022\\\/02\\\/Buy-Onax-2mg.jpg\",\"datePublished\":\"2022-02-20T22:49:49+00:00\",\"dateModified\":\"2022-03-22T01:04:05+00:00\",\"description\":\"k\u00fapi\u0165 onax 2 mg ty\u010dinky\\\/tablety:\u00a0Onax\u00a0(Alprazolam) lie\u010di \u00fazkos\u0165, panick\u00fa poruchu, nespavos\u0165 (probl\u00e9my so sp\u00e1nkom) a \u00fazkos\u0165 sp\u00f4soben\u00fa depresiou.\",\"breadcrumb\":{\"@id\":\"https:\\\/\\\/medicinasinc.com\\\/sk\\\/product\\\/buy-onax-2mg-alprazolam\\\/#breadcrumb\"},\"inLanguage\":\"en-US\",\"potentialAction\":[{\"@type\":\"ReadAction\",\"target\":[\"https:\\\/\\\/medicinasinc.com\\\/sk\\\/product\\\/buy-onax-2mg-alprazolam\\\/\"]}]},{\"@type\":\"ImageObject\",\"inLanguage\":\"en-US\",\"@id\":\"https:\\\/\\\/medicinasinc.com\\\/sk\\\/product\\\/buy-onax-2mg-alprazolam\\\/#primaryimage\",\"url\":\"https:\\\/\\\/medicinasinc.com\\\/sk\\\/wp-content\\\/uploads\\\/sites\\\/10\\\/2022\\\/02\\\/Buy-Onax-2mg.jpg\",\"contentUrl\":\"https:\\\/\\\/medicinasinc.com\\\/sk\\\/wp-content\\\/uploads\\\/sites\\\/10\\\/2022\\\/02\\\/Buy-Onax-2mg.jpg\",\"width\":400,\"height\":300},{\"@type\":\"BreadcrumbList\",\"@id\":\"https:\\\/\\\/medicinasinc.com\\\/sk\\\/product\\\/buy-onax-2mg-alprazolam\\\/#breadcrumb\",\"itemListElement\":[{\"@type\":\"ListItem\",\"position\":1,\"name\":\"Obchod\",\"item\":\"https:\\\/\\\/medicinasinc.com\\\/sk\\\/obchod\\\/\"},{\"@type\":\"ListItem\",\"position\":2,\"name\":\"K\u00fapte si Onax 2 mg Alprazolam\"}]},{\"@type\":\"WebSite\",\"@id\":\"https:\\\/\\\/medicinasinc.com\\\/sk\\\/#website\",\"url\":\"https:\\\/\\\/medicinasinc.com\\\/sk\\\/\",\"name\":\"Medicinas Inc\",\"description\":\"Health Medical Clinic\",\"potentialAction\":[{\"@type\":\"SearchAction\",\"target\":{\"@type\":\"EntryPoint\",\"urlTemplate\":\"https:\\\/\\\/medicinasinc.com\\\/sk\\\/?s={search_term_string}\"},\"query-input\":{\"@type\":\"PropertyValueSpecification\",\"valueRequired\":true,\"valueName\":\"search_term_string\"}}],\"inLanguage\":\"en-US\"}]}<\/script>\n<!-- \/ Yoast SEO plugin. -->","yoast_head_json":{"title":"K\u00fapi\u0165 Onax 2mg Alprazolam pilulky - najlep\u0161ie najlep\u0161ie glob\u00e1lne lieky","description":"k\u00fapi\u0165 onax 2 mg ty\u010dinky\/tablety:\u00a0Onax\u00a0(Alprazolam) lie\u010di \u00fazkos\u0165, panick\u00fa poruchu, nespavos\u0165 (probl\u00e9my so sp\u00e1nkom) a \u00fazkos\u0165 sp\u00f4soben\u00fa depresiou.","robots":{"index":"index","follow":"follow","max-snippet":"max-snippet:-1","max-image-preview":"max-image-preview:large","max-video-preview":"max-video-preview:-1"},"canonical":"https:\/\/medicinasinc.com\/sk\/product\/buy-onax-2mg-alprazolam\/","og_locale":"en_US","og_type":"article","og_title":"K\u00fapi\u0165 Onax 2mg Alprazolam pilulky - najlep\u0161ie najlep\u0161ie glob\u00e1lne lieky","og_description":"k\u00fapi\u0165 onax 2 mg ty\u010dinky\/tablety:\u00a0Onax\u00a0(Alprazolam) lie\u010di \u00fazkos\u0165, panick\u00fa poruchu, nespavos\u0165 (probl\u00e9my so sp\u00e1nkom) a \u00fazkos\u0165 sp\u00f4soben\u00fa depresiou.","og_url":"https:\/\/medicinasinc.com\/sk\/product\/buy-onax-2mg-alprazolam\/","og_site_name":"Medicinas Inc","article_modified_time":"2022-03-22T01:04:05+00:00","og_image":[{"width":400,"height":300,"url":"https:\/\/medicinasinc.com\/sk\/wp-content\/uploads\/sites\/10\/2022\/02\/Buy-Onax-2mg.jpg","type":"image\/jpeg"}],"twitter_card":"summary_large_image","twitter_misc":{"Est. reading time":"2 minutes"},"schema":{"@context":"https:\/\/schema.org","@graph":[{"@type":"WebPage","@id":"https:\/\/medicinasinc.com\/sk\/product\/buy-onax-2mg-alprazolam\/","url":"https:\/\/medicinasinc.com\/sk\/product\/buy-onax-2mg-alprazolam\/","name":"K\u00fapi\u0165 Onax 2mg Alprazolam pilulky - najlep\u0161ie najlep\u0161ie glob\u00e1lne lieky","isPartOf":{"@id":"https:\/\/medicinasinc.com\/sk\/#website"},"primaryImageOfPage":{"@id":"https:\/\/medicinasinc.com\/sk\/product\/buy-onax-2mg-alprazolam\/#primaryimage"},"image":{"@id":"https:\/\/medicinasinc.com\/sk\/product\/buy-onax-2mg-alprazolam\/#primaryimage"},"thumbnailUrl":"https:\/\/medicinasinc.com\/sk\/wp-content\/uploads\/sites\/10\/2022\/02\/Buy-Onax-2mg.jpg","datePublished":"2022-02-20T22:49:49+00:00","dateModified":"2022-03-22T01:04:05+00:00","description":"k\u00fapi\u0165 onax 2 mg ty\u010dinky\/tablety:\u00a0Onax\u00a0(Alprazolam) lie\u010di \u00fazkos\u0165, panick\u00fa poruchu, nespavos\u0165 (probl\u00e9my so sp\u00e1nkom) a \u00fazkos\u0165 sp\u00f4soben\u00fa depresiou.","breadcrumb":{"@id":"https:\/\/medicinasinc.com\/sk\/product\/buy-onax-2mg-alprazolam\/#breadcrumb"},"inLanguage":"en-US","potentialAction":[{"@type":"ReadAction","target":["https:\/\/medicinasinc.com\/sk\/product\/buy-onax-2mg-alprazolam\/"]}]},{"@type":"ImageObject","inLanguage":"en-US","@id":"https:\/\/medicinasinc.com\/sk\/product\/buy-onax-2mg-alprazolam\/#primaryimage","url":"https:\/\/medicinasinc.com\/sk\/wp-content\/uploads\/sites\/10\/2022\/02\/Buy-Onax-2mg.jpg","contentUrl":"https:\/\/medicinasinc.com\/sk\/wp-content\/uploads\/sites\/10\/2022\/02\/Buy-Onax-2mg.jpg","width":400,"height":300},{"@type":"BreadcrumbList","@id":"https:\/\/medicinasinc.com\/sk\/product\/buy-onax-2mg-alprazolam\/#breadcrumb","itemListElement":[{"@type":"ListItem","position":1,"name":"Obchod","item":"https:\/\/medicinasinc.com\/sk\/obchod\/"},{"@type":"ListItem","position":2,"name":"K\u00fapte si Onax 2 mg Alprazolam"}]},{"@type":"WebSite","@id":"https:\/\/medicinasinc.com\/sk\/#website","url":"https:\/\/medicinasinc.com\/sk\/","name":"Medicinas Inc","description":"Health Medical Clinic","potentialAction":[{"@type":"SearchAction","target":{"@type":"EntryPoint","urlTemplate":"https:\/\/medicinasinc.com\/sk\/?s={search_term_string}"},"query-input":{"@type":"PropertyValueSpecification","valueRequired":true,"valueName":"search_term_string"}}],"inLanguage":"en-US"}]}},"_links":{"self":[{"href":"https:\/\/medicinasinc.com\/sk\/wp-json\/wp\/v2\/product\/5262","targetHints":{"allow":["GET"]}}],"collection":[{"href":"https:\/\/medicinasinc.com\/sk\/wp-json\/wp\/v2\/product"}],"about":[{"href":"https:\/\/medicinasinc.com\/sk\/wp-json\/wp\/v2\/types\/product"}],"replies":[{"embeddable":true,"href":"https:\/\/medicinasinc.com\/sk\/wp-json\/wp\/v2\/comments?post=5262"}],"wp:featuredmedia":[{"embeddable":true,"href":"https:\/\/medicinasinc.com\/sk\/wp-json\/wp\/v2\/media\/5278"}],"wp:attachment":[{"href":"https:\/\/medicinasinc.com\/sk\/wp-json\/wp\/v2\/media?parent=5262"}],"wp:term":[{"taxonomy":"product_brand","embeddable":true,"href":"https:\/\/medicinasinc.com\/sk\/wp-json\/wp\/v2\/product_brand?post=5262"},{"taxonomy":"product_cat","embeddable":true,"href":"https:\/\/medicinasinc.com\/sk\/wp-json\/wp\/v2\/product_cat?post=5262"},{"taxonomy":"product_tag","embeddable":true,"href":"https:\/\/medicinasinc.com\/sk\/wp-json\/wp\/v2\/product_tag?post=5262"}],"curies":[{"name":"wp","href":"https:\/\/api.w.org\/{rel}","templated":true}]}}