{"id":5238,"date":"2022-02-20T22:26:29","date_gmt":"2022-02-20T22:26:29","guid":{"rendered":"https:\/\/medicinasinc.com\/sk\/?post_type=product&#038;p=5238"},"modified":"2022-03-22T01:04:29","modified_gmt":"2022-03-22T01:04:29","slug":"buy-lortab-10-325mg","status":"publish","type":"product","link":"https:\/\/medicinasinc.com\/sk\/product\/buy-lortab-10-325mg\/","title":{"rendered":"K\u00fapi\u0165 Lortab 10\/325 mg"},"content":{"rendered":"<p>Lortab 10\/325 mg pilulky je mo\u017en\u00e9 zak\u00fapi\u0165 online.<br \/> Lortab \u2013 \u010do to je?<br \/> Lortabove rizik\u00e1<\/p>\n<p>Tento kombinovan\u00fd liek sa pou\u017e\u00edva na lie\u010dbu bolesti od miernej a\u017e po siln\u00fa. Obsahuje opioidn\u00e9 analgetikum (hydrokod\u00f3n), ako aj neopioidn\u00e9 analgetikum (acetaminof\u00e9n). Hydrokod\u00f3n p\u00f4soben\u00edm na mozog men\u00ed sp\u00f4sob, ak\u00fdm va\u0161e telo vn\u00edma boles\u0165 a ako na \u0148u reaguje. Acetaminof\u00e9n m\u00f4\u017ee tie\u017e pom\u00f4c\u0165 pri zni\u017eovan\u00ed hor\u00fa\u010dky.<\/p>\n<p>Tento produkt sa neodpor\u00fa\u010da pre deti mlad\u0161ie ako \u0161es\u0165 rokov z d\u00f4vodu zv\u00fd\u0161en\u00e9ho rizika z\u00e1va\u017en\u00fdch ne\u017eiaducich \u00fa\u010dinkov (ako je plytk\u00e9\/pomal\u00e9 d\u00fdchanie).<\/p>\n","protected":false},"excerpt":{"rendered":"<div class=\"woocommerce-product-details__short-description\">\n<p>K\u00fapi\u0165 tabletky Lortab 10\/325 mg je mo\u017en\u00e9 zak\u00fapi\u0165 online. online n\u00e1kup liekov proti bolesti, online n\u00e1kup liekov proti bolesti, online n\u00e1kup liekov proti silnej bolesti<\/p>\n<p>Lortab 10\/325mg pilulky na predaj v Spojenom kr\u00e1\u013eovstve a Eur\u00f3pe. k\u00fapi\u0165 lieky proti bolesti online, k\u00fapi\u0165 lieky proti bolesti online, bez predpisu, oxykod\u00f3n online, tabletky proti bolesti, lieky proti bolesti, tabletky ADD\/ADHD, steroidy tabletky, tabletky proti \u00fazkosti, tabletky proti depresii, tabletky na chudnutie.<\/p>\n<p>K\u00fapte si lortab. acetaminof\u00e9n tablety 5 mg 7,5 mg 10 mg s potla\u010dou m367 leg\u00e1lne z renomovanej online lek\u00e1rne, ktor\u00e1 pon\u00faka doru\u010denie cez noc.<\/p>\n<\/p><\/div>\n","protected":false},"featured_media":5256,"comment_status":"open","ping_status":"closed","template":"","meta":[],"product_brand":[],"product_cat":[1117],"product_tag":[1474,1473,1511,1510,1490,1472,1475,1320,1476,1477,1478,1479,1480,1481,1482,1484,1485,1483,1488,1489,1494,1495,1496,1501,1502,1503,1504,1505,1507,1470,1508,1509,1499,1497,1498,1487,1493,1492,1491,1471,1506,1500,1512,1486,1513],"class_list":{"0":"post-5238","1":"product","2":"type-product","3":"status-publish","4":"has-post-thumbnail","6":"product_cat-kupte-si-tabletky-proti-bolesti-spanku-sexu","7":"product_tag-ako-dlho-zostva-lortab-vo-vaom-moi","8":"product_tag-ako-dlho-zostva-lortab-vo-vaom-systme","9":"product_tag-o-je-lortab","10":"product_tag-o-s-lortab","11":"product_tag-ottenab-elixr","12":"product_tag-generick-c3-bd-lortab","13":"product_tag-hydrokodn-lortab","14":"product_tag-lortab","15":"product_tag-lortab-10","16":"product_tag-lortab-10-325-poulin-hodnota","17":"product_tag-lortab-10-mg","18":"product_tag-lortab-10-obrzkov","19":"product_tag-lortab-5","20":"product_tag-lortab-5-mg","21":"product_tag-lortab-5-325","22":"product_tag-lortab-7-5-325","23":"product_tag-lortab-7-5-mg","24":"product_tag-lortab-7-5","25":"product_tag-lortab-classification","26":"product_tag-lortab-dosage","27":"product_tag-lortab-ingredients","28":"product_tag-lortab-m367","29":"product_tag-lortab-on-line","30":"product_tag-lortab-strength","31":"product_tag-lortab-ten","32":"product_tag-lortab-vs-norco","33":"product_tag-lortab-vs-oxycodone","34":"product_tag-lortab-vs-vicodn","35":"product_tag-m366-lortab","36":"product_tag-n-c3-a1kup-lortab-online","37":"product_tag-norco-lortab","38":"product_tag-norco-vs-lortab","39":"product_tag-lortab-obrzky","40":"product_tag-lortab-pic","41":"product_tag-lortab-obrzok","42":"product_tag-lortab-prdavok","43":"product_tag-prsada-lortabu","44":"product_tag-lortab-generic-names","45":"product_tag-lortab-generic-name","46":"product_tag-rozdiel-medzi-lortab-a-percocet","47":"product_tag-lortab-odtiahnutie","48":"product_tag-ved-c4-beaj-c5-a1ie-c3-ba-c4-8dinky-lortabu","49":"product_tag-what-is-lortab","50":"product_tag-lortab-z-c3-a1vislosti","51":"product_tag-c5-ps-c3-bd-lortab-10","53":"first","54":"instock","55":"shipping-taxable","56":"purchasable","57":"product-type-variable","58":"has-default-attributes"},"yoast_head":"<!-- This site is optimized with the Yoast SEO plugin v27.3 - https:\/\/yoast.com\/product\/yoast-seo-wordpress\/ -->\n<title>K\u00fapi\u0165 Lortab 10\/325 mg - najlep\u0161ie najlep\u0161ie glob\u00e1lne lieky<\/title>\n<meta name=\"description\" content=\"Pred\u00e1m tabletky Lortab 10\/325 mg na predaj Ve\u013ek\u00e1 Brit\u00e1nia, Eur\u00f3pa. k\u00fapi\u0165 lieky proti bolesti online, k\u00fapi\u0165 lieky proti bolesti online, zoznam siln\u00fdch liekov proti bolesti, bez lek\u00e1rskeho predpisu, oxykod\u00f3n online, tabletky proti bolesti, liek proti bolesti, tabletky ADD\/ADHD, tabletky na steroidy, tabletky proti \u00fazkosti, tabletky proti depresii, tabletky na chudnutie.\" \/>\n<meta name=\"robots\" content=\"index, follow, max-snippet:-1, max-image-preview:large, max-video-preview:-1\" \/>\n<link rel=\"canonical\" href=\"https:\/\/medicinasinc.com\/sk\/product\/buy-lortab-10-325mg\/\" \/>\n<meta property=\"og:locale\" content=\"en_US\" \/>\n<meta property=\"og:type\" content=\"article\" \/>\n<meta property=\"og:title\" content=\"K\u00fapi\u0165 Lortab 10\/325 mg - najlep\u0161ie najlep\u0161ie glob\u00e1lne lieky\" \/>\n<meta property=\"og:description\" content=\"Pred\u00e1m tabletky Lortab 10\/325 mg na predaj Ve\u013ek\u00e1 Brit\u00e1nia, Eur\u00f3pa. k\u00fapi\u0165 lieky proti bolesti online, k\u00fapi\u0165 lieky proti bolesti online, zoznam siln\u00fdch liekov proti bolesti, bez lek\u00e1rskeho predpisu, oxykod\u00f3n online, tabletky proti bolesti, liek proti bolesti, tabletky ADD\/ADHD, tabletky na steroidy, tabletky proti \u00fazkosti, tabletky proti depresii, tabletky na chudnutie.\" \/>\n<meta property=\"og:url\" content=\"https:\/\/medicinasinc.com\/sk\/product\/buy-lortab-10-325mg\/\" \/>\n<meta property=\"og:site_name\" content=\"Medicinas Inc\" \/>\n<meta property=\"article:modified_time\" content=\"2022-03-22T01:04:29+00:00\" \/>\n<meta property=\"og:image\" content=\"https:\/\/medicinasinc.com\/sk\/wp-content\/uploads\/sites\/10\/2022\/02\/buy-lortab-10-325mg-pills-online.jpg\" \/>\n\t<meta property=\"og:image:width\" content=\"600\" \/>\n\t<meta property=\"og:image:height\" content=\"600\" \/>\n\t<meta property=\"og:image:type\" content=\"image\/jpeg\" \/>\n<meta name=\"twitter:card\" content=\"summary_large_image\" \/>\n<meta name=\"twitter:label1\" content=\"Est. reading time\" \/>\n\t<meta name=\"twitter:data1\" content=\"1 minute\" \/>\n<script type=\"application\/ld+json\" class=\"yoast-schema-graph\">{\"@context\":\"https:\\\/\\\/schema.org\",\"@graph\":[{\"@type\":\"WebPage\",\"@id\":\"https:\\\/\\\/medicinasinc.com\\\/sk\\\/product\\\/buy-lortab-10-325mg\\\/\",\"url\":\"https:\\\/\\\/medicinasinc.com\\\/sk\\\/product\\\/buy-lortab-10-325mg\\\/\",\"name\":\"K\u00fapi\u0165 Lortab 10\\\/325 mg - najlep\u0161ie najlep\u0161ie glob\u00e1lne lieky\",\"isPartOf\":{\"@id\":\"https:\\\/\\\/medicinasinc.com\\\/sk\\\/#website\"},\"primaryImageOfPage\":{\"@id\":\"https:\\\/\\\/medicinasinc.com\\\/sk\\\/product\\\/buy-lortab-10-325mg\\\/#primaryimage\"},\"image\":{\"@id\":\"https:\\\/\\\/medicinasinc.com\\\/sk\\\/product\\\/buy-lortab-10-325mg\\\/#primaryimage\"},\"thumbnailUrl\":\"https:\\\/\\\/medicinasinc.com\\\/sk\\\/wp-content\\\/uploads\\\/sites\\\/10\\\/2022\\\/02\\\/buy-lortab-10-325mg-pills-online.jpg\",\"datePublished\":\"2022-02-20T22:26:29+00:00\",\"dateModified\":\"2022-03-22T01:04:29+00:00\",\"description\":\"Pred\u00e1m tabletky Lortab 10\\\/325 mg na predaj Ve\u013ek\u00e1 Brit\u00e1nia, Eur\u00f3pa. k\u00fapi\u0165 lieky proti bolesti online, k\u00fapi\u0165 lieky proti bolesti online, zoznam siln\u00fdch liekov proti bolesti, bez lek\u00e1rskeho predpisu, oxykod\u00f3n online, tabletky proti bolesti, liek proti bolesti, tabletky ADD\\\/ADHD, tabletky na steroidy, tabletky proti \u00fazkosti, tabletky proti depresii, tabletky na chudnutie.\",\"breadcrumb\":{\"@id\":\"https:\\\/\\\/medicinasinc.com\\\/sk\\\/product\\\/buy-lortab-10-325mg\\\/#breadcrumb\"},\"inLanguage\":\"en-US\",\"potentialAction\":[{\"@type\":\"ReadAction\",\"target\":[\"https:\\\/\\\/medicinasinc.com\\\/sk\\\/product\\\/buy-lortab-10-325mg\\\/\"]}]},{\"@type\":\"ImageObject\",\"inLanguage\":\"en-US\",\"@id\":\"https:\\\/\\\/medicinasinc.com\\\/sk\\\/product\\\/buy-lortab-10-325mg\\\/#primaryimage\",\"url\":\"https:\\\/\\\/medicinasinc.com\\\/sk\\\/wp-content\\\/uploads\\\/sites\\\/10\\\/2022\\\/02\\\/buy-lortab-10-325mg-pills-online.jpg\",\"contentUrl\":\"https:\\\/\\\/medicinasinc.com\\\/sk\\\/wp-content\\\/uploads\\\/sites\\\/10\\\/2022\\\/02\\\/buy-lortab-10-325mg-pills-online.jpg\",\"width\":600,\"height\":600},{\"@type\":\"BreadcrumbList\",\"@id\":\"https:\\\/\\\/medicinasinc.com\\\/sk\\\/product\\\/buy-lortab-10-325mg\\\/#breadcrumb\",\"itemListElement\":[{\"@type\":\"ListItem\",\"position\":1,\"name\":\"Obchod\",\"item\":\"https:\\\/\\\/medicinasinc.com\\\/sk\\\/obchod\\\/\"},{\"@type\":\"ListItem\",\"position\":2,\"name\":\"K\u00fapi\u0165 Lortab 10\\\/325 mg\"}]},{\"@type\":\"WebSite\",\"@id\":\"https:\\\/\\\/medicinasinc.com\\\/sk\\\/#website\",\"url\":\"https:\\\/\\\/medicinasinc.com\\\/sk\\\/\",\"name\":\"Medicinas Inc\",\"description\":\"Health Medical Clinic\",\"potentialAction\":[{\"@type\":\"SearchAction\",\"target\":{\"@type\":\"EntryPoint\",\"urlTemplate\":\"https:\\\/\\\/medicinasinc.com\\\/sk\\\/?s={search_term_string}\"},\"query-input\":{\"@type\":\"PropertyValueSpecification\",\"valueRequired\":true,\"valueName\":\"search_term_string\"}}],\"inLanguage\":\"en-US\"}]}<\/script>\n<!-- \/ Yoast SEO plugin. -->","yoast_head_json":{"title":"K\u00fapi\u0165 Lortab 10\/325 mg - najlep\u0161ie najlep\u0161ie glob\u00e1lne lieky","description":"Pred\u00e1m tabletky Lortab 10\/325 mg na predaj Ve\u013ek\u00e1 Brit\u00e1nia, Eur\u00f3pa. k\u00fapi\u0165 lieky proti bolesti online, k\u00fapi\u0165 lieky proti bolesti online, zoznam siln\u00fdch liekov proti bolesti, bez lek\u00e1rskeho predpisu, oxykod\u00f3n online, tabletky proti bolesti, liek proti bolesti, tabletky ADD\/ADHD, tabletky na steroidy, tabletky proti \u00fazkosti, tabletky proti depresii, tabletky na chudnutie.","robots":{"index":"index","follow":"follow","max-snippet":"max-snippet:-1","max-image-preview":"max-image-preview:large","max-video-preview":"max-video-preview:-1"},"canonical":"https:\/\/medicinasinc.com\/sk\/product\/buy-lortab-10-325mg\/","og_locale":"en_US","og_type":"article","og_title":"K\u00fapi\u0165 Lortab 10\/325 mg - najlep\u0161ie najlep\u0161ie glob\u00e1lne lieky","og_description":"Pred\u00e1m tabletky Lortab 10\/325 mg na predaj Ve\u013ek\u00e1 Brit\u00e1nia, Eur\u00f3pa. k\u00fapi\u0165 lieky proti bolesti online, k\u00fapi\u0165 lieky proti bolesti online, zoznam siln\u00fdch liekov proti bolesti, bez lek\u00e1rskeho predpisu, oxykod\u00f3n online, tabletky proti bolesti, liek proti bolesti, tabletky ADD\/ADHD, tabletky na steroidy, tabletky proti \u00fazkosti, tabletky proti depresii, tabletky na chudnutie.","og_url":"https:\/\/medicinasinc.com\/sk\/product\/buy-lortab-10-325mg\/","og_site_name":"Medicinas Inc","article_modified_time":"2022-03-22T01:04:29+00:00","og_image":[{"width":600,"height":600,"url":"https:\/\/medicinasinc.com\/sk\/wp-content\/uploads\/sites\/10\/2022\/02\/buy-lortab-10-325mg-pills-online.jpg","type":"image\/jpeg"}],"twitter_card":"summary_large_image","twitter_misc":{"Est. reading time":"1 minute"},"schema":{"@context":"https:\/\/schema.org","@graph":[{"@type":"WebPage","@id":"https:\/\/medicinasinc.com\/sk\/product\/buy-lortab-10-325mg\/","url":"https:\/\/medicinasinc.com\/sk\/product\/buy-lortab-10-325mg\/","name":"K\u00fapi\u0165 Lortab 10\/325 mg - najlep\u0161ie najlep\u0161ie glob\u00e1lne lieky","isPartOf":{"@id":"https:\/\/medicinasinc.com\/sk\/#website"},"primaryImageOfPage":{"@id":"https:\/\/medicinasinc.com\/sk\/product\/buy-lortab-10-325mg\/#primaryimage"},"image":{"@id":"https:\/\/medicinasinc.com\/sk\/product\/buy-lortab-10-325mg\/#primaryimage"},"thumbnailUrl":"https:\/\/medicinasinc.com\/sk\/wp-content\/uploads\/sites\/10\/2022\/02\/buy-lortab-10-325mg-pills-online.jpg","datePublished":"2022-02-20T22:26:29+00:00","dateModified":"2022-03-22T01:04:29+00:00","description":"Pred\u00e1m tabletky Lortab 10\/325 mg na predaj Ve\u013ek\u00e1 Brit\u00e1nia, Eur\u00f3pa. k\u00fapi\u0165 lieky proti bolesti online, k\u00fapi\u0165 lieky proti bolesti online, zoznam siln\u00fdch liekov proti bolesti, bez lek\u00e1rskeho predpisu, oxykod\u00f3n online, tabletky proti bolesti, liek proti bolesti, tabletky ADD\/ADHD, tabletky na steroidy, tabletky proti \u00fazkosti, tabletky proti depresii, tabletky na chudnutie.","breadcrumb":{"@id":"https:\/\/medicinasinc.com\/sk\/product\/buy-lortab-10-325mg\/#breadcrumb"},"inLanguage":"en-US","potentialAction":[{"@type":"ReadAction","target":["https:\/\/medicinasinc.com\/sk\/product\/buy-lortab-10-325mg\/"]}]},{"@type":"ImageObject","inLanguage":"en-US","@id":"https:\/\/medicinasinc.com\/sk\/product\/buy-lortab-10-325mg\/#primaryimage","url":"https:\/\/medicinasinc.com\/sk\/wp-content\/uploads\/sites\/10\/2022\/02\/buy-lortab-10-325mg-pills-online.jpg","contentUrl":"https:\/\/medicinasinc.com\/sk\/wp-content\/uploads\/sites\/10\/2022\/02\/buy-lortab-10-325mg-pills-online.jpg","width":600,"height":600},{"@type":"BreadcrumbList","@id":"https:\/\/medicinasinc.com\/sk\/product\/buy-lortab-10-325mg\/#breadcrumb","itemListElement":[{"@type":"ListItem","position":1,"name":"Obchod","item":"https:\/\/medicinasinc.com\/sk\/obchod\/"},{"@type":"ListItem","position":2,"name":"K\u00fapi\u0165 Lortab 10\/325 mg"}]},{"@type":"WebSite","@id":"https:\/\/medicinasinc.com\/sk\/#website","url":"https:\/\/medicinasinc.com\/sk\/","name":"Medicinas Inc","description":"Health Medical Clinic","potentialAction":[{"@type":"SearchAction","target":{"@type":"EntryPoint","urlTemplate":"https:\/\/medicinasinc.com\/sk\/?s={search_term_string}"},"query-input":{"@type":"PropertyValueSpecification","valueRequired":true,"valueName":"search_term_string"}}],"inLanguage":"en-US"}]}},"_links":{"self":[{"href":"https:\/\/medicinasinc.com\/sk\/wp-json\/wp\/v2\/product\/5238","targetHints":{"allow":["GET"]}}],"collection":[{"href":"https:\/\/medicinasinc.com\/sk\/wp-json\/wp\/v2\/product"}],"about":[{"href":"https:\/\/medicinasinc.com\/sk\/wp-json\/wp\/v2\/types\/product"}],"replies":[{"embeddable":true,"href":"https:\/\/medicinasinc.com\/sk\/wp-json\/wp\/v2\/comments?post=5238"}],"wp:featuredmedia":[{"embeddable":true,"href":"https:\/\/medicinasinc.com\/sk\/wp-json\/wp\/v2\/media\/5256"}],"wp:attachment":[{"href":"https:\/\/medicinasinc.com\/sk\/wp-json\/wp\/v2\/media?parent=5238"}],"wp:term":[{"taxonomy":"product_brand","embeddable":true,"href":"https:\/\/medicinasinc.com\/sk\/wp-json\/wp\/v2\/product_brand?post=5238"},{"taxonomy":"product_cat","embeddable":true,"href":"https:\/\/medicinasinc.com\/sk\/wp-json\/wp\/v2\/product_cat?post=5238"},{"taxonomy":"product_tag","embeddable":true,"href":"https:\/\/medicinasinc.com\/sk\/wp-json\/wp\/v2\/product_tag?post=5238"}],"curies":[{"name":"wp","href":"https:\/\/api.w.org\/{rel}","templated":true}]}}