{"id":5236,"date":"2022-02-20T22:23:28","date_gmt":"2022-02-20T22:23:28","guid":{"rendered":"https:\/\/medicinasinc.com\/sk\/?post_type=product&#038;p=5236"},"modified":"2022-03-22T01:04:48","modified_gmt":"2022-03-22T01:04:48","slug":"kupit-lexotanil-bromazepam-3mg-pilulky-online","status":"publish","type":"product","link":"https:\/\/medicinasinc.com\/sk\/product\/kupit-lexotanil-bromazepam-3mg-pilulky-online\/","title":{"rendered":"K\u00fapte si online tabletky Lexotanil Bromazepam 3 mg"},"content":{"rendered":"<p>Lexotanil Bromazepam 3 mg tablety na n\u00e1kup online<br \/> Lexotanil Bromazepam 3 mg tablety online | lexotanil bromazepam<br \/> Ak\u00fd je \u00fa\u010del bromazepamu lexotanil 3 mg?<br \/> Bromazepam (obchodn\u00e1 zna\u010dka Lexotan\u00ae) je benzodiazep\u00edn. Prim\u00e1rne sa pou\u017e\u00edva na pomoc pri lie\u010dbe sympt\u00f3mov \u00fazkosti. Okrem toho sa m\u00f4\u017ee pou\u017ei\u0165 na zmiernenie sympt\u00f3mov paniky a soci\u00e1lnej \u00fazkosti. Vyr\u00e1ba sa vo forme tabliet.<\/p>\n<p>Ak\u00e1 je typick\u00e1 d\u00e1vka bromazepamu?<\/p>\n<p>Bromazepam sa zvy\u010dajne predpisuje dospel\u00fdm pri \u00fazkosti v d\u00e1vke 3 \u2013 18 mg denne, be\u017ene rozlo\u017eenej do cel\u00e9ho tela de\u0148. U star\u0161\u00edch dospel\u00fdch by sa mala d\u00e1vka zn\u00ed\u017ei\u0165 na polovicu, tj na polovicu d\u00e1vky pre dospel\u00fdch.<\/p>\n<p>Ako a kedy sa m\u00e1 Lexotan lexotanil 3 mg u\u017e\u00edva\u0165?<\/p>\n<p>V sede alebo v stoji preh\u013atajte pilulky s aspo\u0148 polovicou poh\u00e1ra vody. To zais\u0165uje, \u017ee sa dostane do \u017eal\u00fadka a neuviazne v hrdle. Bromazepam je bezpe\u010dn\u00e9 u\u017e\u00edva\u0165 pred jedlom, s jedlom alebo po jedle.<\/p>\n<p>Ako dlho bude trva\u0165, k\u00fdm bromazepam za\u010dne \u00fa\u010dinkova\u0165?<br \/> Bromazepam \u010dasto za\u010dne \u00fa\u010dinkova\u0165 pribli\u017ene po hodine. \u00da\u010dinok sa potom m\u00f4\u017ee zosilni\u0165 v priebehu nieko\u013ek\u00fdch dn\u00ed alebo t\u00fd\u017ed\u0148ov.<br \/> Ako dlho mus\u00edm pokra\u010dova\u0165 v u\u017e\u00edvan\u00ed lexotanilu 3 mg?<br \/> To sa bude l\u00ed\u0161i\u0165 v z\u00e1vislosti od \u00fa\u010delu, na ktor\u00fd ho u\u017e\u00edvate. LEXOTANIL, \u010dasto sa p\u00ed\u0161e lexotan<\/p>\n<p>M\u00f4\u017eem n\u00e1hle presta\u0165 u\u017e\u00edva\u0165 bromazepam?<\/p>\n<p>Ak beriete bromazepam denne dlh\u0161ie ako pribli\u017ene 4 a\u017e 6 t\u00fd\u017ed\u0148ov, m\u00f4\u017eete si na\u0148 vyvin\u00fa\u0165 z\u00e1vislos\u0165 , ale to nie je probl\u00e9m, ak ho u\u017e\u00edvate na epilepsiu. Ak ste ho u\u017e\u00edvali pravidelne, m\u00f4\u017ee by\u0165 rozumn\u00e9 postupne zni\u017eova\u0165 d\u00e1vku v priebehu nieko\u013ek\u00fdch dn\u00ed alebo t\u00fd\u017ed\u0148ov. Mali by ste to podrobne prediskutova\u0165 so svoj\u00edm predpisuj\u00facim lek\u00e1rom, lek\u00e1rom, zdravotnou sestrou alebo lek\u00e1rnikom. Ak ho budete u\u017e\u00edva\u0165 \u201epod\u013ea potreby\u201c ka\u017ed\u00fdch p\u00e1r dn\u00ed, mali by ste by\u0165 schopn\u00ed preru\u0161i\u0165, ke\u010f ho u\u017e nepotrebujete. 3 lexotanil<\/p>\n<p>\u010co m\u00e1m robi\u0165, ak vynech\u00e1m d\u00e1vku LEXOTANU?<br \/> U\u017eite ch\u00fdbaj\u00facu d\u00e1vku hne\u010f, ako si spomeniete, pokia\u013e to nie je sk\u00f4r ako 4 hodiny pred \u010fal\u0161ou d\u00e1vkou.<br \/> Ak si spomeniete na nasleduj\u00face kroky, jednoducho u\u017eite \u010fal\u0161iu d\u00e1vku ako zvy\u010dajne. Nepok\u00fa\u0161ajte sa to dohna\u0165 u\u017e\u00edvan\u00edm dvoch d\u00e1vok s\u00fa\u010dasne, preto\u017ee to m\u00f4\u017ee vies\u0165 k zv\u00fd\u0161en\u00fdm ne\u017eiaducim \u00fa\u010dinkom.<br \/> M\u00f4\u017eem po\u010das u\u017e\u00edvania bromazepamu po\u017e\u00edva\u0165 alkohol? K\u00fapte si BROMAZEPAM LEXOTANIL, tie\u017e zn\u00e1my ako Lexotan 3 MG.<br \/> Ak po\u010das u\u017e\u00edvania LEXOTANILU pijete alkohol, m\u00f4\u017eete poci\u0165ova\u0165 zv\u00fd\u0161en\u00fa ospalos\u0165. Toto je obzvl\u00e1\u0161\u0165 d\u00f4le\u017eit\u00e9, ak budete vies\u0165 vozidlo alebo obsluhova\u0165 stroje a mali by ste o tom dosta\u0165 radu.<\/p>\n<p>Ak\u00fd typ ne\u017eiaducich \u00fa\u010dinkov pravdepodobne zaznamen\u00e1m, ak budem u\u017e\u00edva\u0165 bromazepam? K\u00fapte si BROMAZEPAM LEXOTANIL, tie\u017e zn\u00e1my ako Lexotan 3 MG.<\/p>\n<p>Mnoh\u00ed jednotlivci z\u00edskaj\u00fa: Len nieko\u013eko \u013eud\u00ed dostane: Len nieko\u013eko vybran\u00fdch \u013eud\u00ed dostane:<br \/> Z\u00e1vrat<br \/> Ospalos\u0165<br \/> nasleduj\u00faci de\u0148 sa m\u00f4\u017eete c\u00edti\u0165 nestabilne na noh\u00e1ch.<br \/> Boles\u0165 hlavy<br \/> Zm\u00e4tenos\u0165<br \/> Nespavos\u0165 (zab\u00fadanie na veci)<br \/> Neznepokojujte sa nasleduj\u00facim zoznamom ne\u017eiaducich \u00fa\u010dinkov. Niektor\u00ed jednotlivci nepoci\u0165uj\u00fa v\u00f4bec \u017eiadne nepriazniv\u00e9 \u00fa\u010dinky, zatia\u013e \u010do in\u00ed m\u00f4\u017eu poci\u0165ova\u0165 niektor\u00e9, ktor\u00e9 tu nie s\u00fa zahrnut\u00e9. Ak si mysl\u00edte, \u017ee by ste mohli poci\u0165ova\u0165 ved\u013eaj\u0161\u00ed \u00fa\u010dinok svojho lieku, pora\u010fte sa so svoj\u00edm lek\u00e1rom, zdravotnou sestrou alebo lek\u00e1rnikom.<\/p>\n<p>Je pre m\u0148a bezpe\u010dn\u00e9 \u0161of\u00e9rova\u0165 alebo bicyklova\u0165 po\u010das u\u017e\u00edvania LEXOTANILU?<\/p>\n<p> Bromazepam m\u00f4\u017ee zhor\u0161i\u0165 va\u0161u schopnos\u0165 vies\u0165 vozidlo a sp\u00f4sobi\u0165 mierne z\u00e1vraty a to\u010denie hlavy.<\/p>\n<p>Bu\u010fte opatrn\u00ed pri veden\u00ed vozidla alebo obsluhe strojov, k\u00fdm nezist\u00edte, ako na v\u00e1s bromazepam p\u00f4sob\u00ed. Mali by ste by\u0165 opatrn\u00ed, preto\u017ee to m\u00f4\u017ee sp\u00f4sobi\u0165 spomalenie v\u00e1\u0161ho reak\u010dn\u00e9ho \u010dasu.<\/p>\n","protected":false},"excerpt":{"rendered":"<p>Lexotanil Bromazepam 3 mg tablety je mo\u017en\u00e9 zak\u00fapi\u0165 online. Bromazepam (Lexotanil) je \u010dlenom benzodiazep\u00ednovej triedy liekov, ktor\u00e1 zah\u0155\u0148a antidepres\u00edva, lieky proti panike a svalov\u00e9 relaxanci\u00e1.<\/p>\n<p>Bromazepam je kr\u00e1tkodobo p\u00f4sobiaci benzodiazep\u00edn s pomal\u00fdm n\u00e1stupom, ktor\u00fd sa \u010dasto pou\u017e\u00edva. 8230; Tableta, 3 mg, peror\u00e1lne, Alti-bromazepam 3 mg tablety, najlep\u0161ie glob\u00e1lne lieky<\/p>\n<p>K\u00fapte si bromazepam online bez lek\u00e1rskeho predpisu | K\u00fapte si Lexotan 6 mg online bez lek\u00e1rskeho predpisu<\/p>\n<p>Bromazepam (Lexotanil) je benzodiazep\u00edn.<\/p>\n","protected":false},"featured_media":5252,"comment_status":"open","ping_status":"closed","template":"","meta":[],"product_brand":[],"product_cat":[1117],"product_tag":[1419,1421,1420,1422,1423,1426,1427,1429,1431,1432,1433,1434,1435,1436,1437,1428,1425,1424,1430,1438],"class_list":{"0":"post-5236","1":"product","2":"type-product","3":"status-publish","4":"has-post-thumbnail","6":"product_cat-kupte-si-tabletky-proti-bolesti-spanku-sexu","7":"product_tag-3-mg","8":"product_tag-3-mg-klonopnu","9":"product_tag-3mg","10":"product_tag-bromazepam","11":"product_tag-bromazepam-lexotanil","12":"product_tag-buy-lexotanil-bromazepam","13":"product_tag-buy-lexotanil-bromazepam-from-canada","14":"product_tag-is-lexapro-a-benzodiazepines","15":"product_tag-lexatn","16":"product_tag-lexomil","17":"product_tag-lexotan","18":"product_tag-lexotan-3mg","19":"product_tag-lexotanil","20":"product_tag-lexotanil-bromazepam","21":"product_tag-lexotanil-bromazepam-3-mg","22":"product_tag-mete-sa-predvkova-lexaprom","23":"product_tag-bromazepam-lexotanil-na-predaj","24":"product_tag-bromazepam-lexotanil-6-mg-na-predaj","25":"product_tag-lexapro-generic-name","26":"product_tag-tabs-pilulky-drogy","28":"first","29":"instock","30":"shipping-taxable","31":"purchasable","32":"product-type-variable","33":"has-default-attributes"},"yoast_head":"<!-- This site is optimized with the Yoast SEO plugin v27.3 - https:\/\/yoast.com\/product\/yoast-seo-wordpress\/ -->\n<title>K\u00fapte si Lexotanil Bromazepam 3 mg pilulky online - najlep\u0161ie najlep\u0161ie glob\u00e1lne lieky<\/title>\n<meta name=\"description\" content=\"K\u00fapte si tabletky Lexotanil Bromazepam 3 mg na predaj online vo Ve\u013ekej Brit\u00e1nii, Eur\u00f3pe. Bromazepam (Lexotanil) je v skupine liekov zn\u00e1mych ako benzodiazep\u00edny, trieda antidepres\u00edv, antipanick\u00fdch l\u00e1tok a svalov\u00fdch relaxanci\u00ed.\" \/>\n<meta name=\"robots\" content=\"index, follow, max-snippet:-1, max-image-preview:large, max-video-preview:-1\" \/>\n<link rel=\"canonical\" href=\"https:\/\/medicinasinc.com\/sk\/product\/kupit-lexotanil-bromazepam-3mg-pilulky-online\/\" \/>\n<meta property=\"og:locale\" content=\"en_US\" \/>\n<meta property=\"og:type\" content=\"article\" \/>\n<meta property=\"og:title\" content=\"K\u00fapte si Lexotanil Bromazepam 3 mg pilulky online - najlep\u0161ie najlep\u0161ie glob\u00e1lne lieky\" \/>\n<meta property=\"og:description\" content=\"K\u00fapte si tabletky Lexotanil Bromazepam 3 mg na predaj online vo Ve\u013ekej Brit\u00e1nii, Eur\u00f3pe. Bromazepam (Lexotanil) je v skupine liekov zn\u00e1mych ako benzodiazep\u00edny, trieda antidepres\u00edv, antipanick\u00fdch l\u00e1tok a svalov\u00fdch relaxanci\u00ed.\" \/>\n<meta property=\"og:url\" content=\"https:\/\/medicinasinc.com\/sk\/product\/kupit-lexotanil-bromazepam-3mg-pilulky-online\/\" \/>\n<meta property=\"og:site_name\" content=\"Medicinas Inc\" \/>\n<meta property=\"article:modified_time\" content=\"2022-03-22T01:04:48+00:00\" \/>\n<meta property=\"og:image\" content=\"https:\/\/medicinasinc.com\/sk\/wp-content\/uploads\/sites\/10\/2022\/02\/Buy-Lexotan-Bromazepam-3mg.jpg\" \/>\n\t<meta property=\"og:image:width\" content=\"600\" \/>\n\t<meta property=\"og:image:height\" content=\"600\" \/>\n\t<meta property=\"og:image:type\" content=\"image\/jpeg\" \/>\n<meta name=\"twitter:card\" content=\"summary_large_image\" \/>\n<meta name=\"twitter:label1\" content=\"Est. reading time\" \/>\n\t<meta name=\"twitter:data1\" content=\"3 minutes\" \/>\n<script type=\"application\/ld+json\" class=\"yoast-schema-graph\">{\"@context\":\"https:\\\/\\\/schema.org\",\"@graph\":[{\"@type\":\"WebPage\",\"@id\":\"https:\\\/\\\/medicinasinc.com\\\/sk\\\/product\\\/kupit-lexotanil-bromazepam-3mg-pilulky-online\\\/\",\"url\":\"https:\\\/\\\/medicinasinc.com\\\/sk\\\/product\\\/kupit-lexotanil-bromazepam-3mg-pilulky-online\\\/\",\"name\":\"K\u00fapte si Lexotanil Bromazepam 3 mg pilulky online - najlep\u0161ie najlep\u0161ie glob\u00e1lne lieky\",\"isPartOf\":{\"@id\":\"https:\\\/\\\/medicinasinc.com\\\/sk\\\/#website\"},\"primaryImageOfPage\":{\"@id\":\"https:\\\/\\\/medicinasinc.com\\\/sk\\\/product\\\/kupit-lexotanil-bromazepam-3mg-pilulky-online\\\/#primaryimage\"},\"image\":{\"@id\":\"https:\\\/\\\/medicinasinc.com\\\/sk\\\/product\\\/kupit-lexotanil-bromazepam-3mg-pilulky-online\\\/#primaryimage\"},\"thumbnailUrl\":\"https:\\\/\\\/medicinasinc.com\\\/sk\\\/wp-content\\\/uploads\\\/sites\\\/10\\\/2022\\\/02\\\/Buy-Lexotan-Bromazepam-3mg.jpg\",\"datePublished\":\"2022-02-20T22:23:28+00:00\",\"dateModified\":\"2022-03-22T01:04:48+00:00\",\"description\":\"K\u00fapte si tabletky Lexotanil Bromazepam 3 mg na predaj online vo Ve\u013ekej Brit\u00e1nii, Eur\u00f3pe. Bromazepam (Lexotanil) je v skupine liekov zn\u00e1mych ako benzodiazep\u00edny, trieda antidepres\u00edv, antipanick\u00fdch l\u00e1tok a svalov\u00fdch relaxanci\u00ed.\",\"breadcrumb\":{\"@id\":\"https:\\\/\\\/medicinasinc.com\\\/sk\\\/product\\\/kupit-lexotanil-bromazepam-3mg-pilulky-online\\\/#breadcrumb\"},\"inLanguage\":\"en-US\",\"potentialAction\":[{\"@type\":\"ReadAction\",\"target\":[\"https:\\\/\\\/medicinasinc.com\\\/sk\\\/product\\\/kupit-lexotanil-bromazepam-3mg-pilulky-online\\\/\"]}]},{\"@type\":\"ImageObject\",\"inLanguage\":\"en-US\",\"@id\":\"https:\\\/\\\/medicinasinc.com\\\/sk\\\/product\\\/kupit-lexotanil-bromazepam-3mg-pilulky-online\\\/#primaryimage\",\"url\":\"https:\\\/\\\/medicinasinc.com\\\/sk\\\/wp-content\\\/uploads\\\/sites\\\/10\\\/2022\\\/02\\\/Buy-Lexotan-Bromazepam-3mg.jpg\",\"contentUrl\":\"https:\\\/\\\/medicinasinc.com\\\/sk\\\/wp-content\\\/uploads\\\/sites\\\/10\\\/2022\\\/02\\\/Buy-Lexotan-Bromazepam-3mg.jpg\",\"width\":600,\"height\":600},{\"@type\":\"BreadcrumbList\",\"@id\":\"https:\\\/\\\/medicinasinc.com\\\/sk\\\/product\\\/kupit-lexotanil-bromazepam-3mg-pilulky-online\\\/#breadcrumb\",\"itemListElement\":[{\"@type\":\"ListItem\",\"position\":1,\"name\":\"Obchod\",\"item\":\"https:\\\/\\\/medicinasinc.com\\\/sk\\\/obchod\\\/\"},{\"@type\":\"ListItem\",\"position\":2,\"name\":\"K\u00fapte si online tabletky Lexotanil Bromazepam 3 mg\"}]},{\"@type\":\"WebSite\",\"@id\":\"https:\\\/\\\/medicinasinc.com\\\/sk\\\/#website\",\"url\":\"https:\\\/\\\/medicinasinc.com\\\/sk\\\/\",\"name\":\"Medicinas Inc\",\"description\":\"Health Medical Clinic\",\"potentialAction\":[{\"@type\":\"SearchAction\",\"target\":{\"@type\":\"EntryPoint\",\"urlTemplate\":\"https:\\\/\\\/medicinasinc.com\\\/sk\\\/?s={search_term_string}\"},\"query-input\":{\"@type\":\"PropertyValueSpecification\",\"valueRequired\":true,\"valueName\":\"search_term_string\"}}],\"inLanguage\":\"en-US\"}]}<\/script>\n<!-- \/ Yoast SEO plugin. -->","yoast_head_json":{"title":"K\u00fapte si Lexotanil Bromazepam 3 mg pilulky online - najlep\u0161ie najlep\u0161ie glob\u00e1lne lieky","description":"K\u00fapte si tabletky Lexotanil Bromazepam 3 mg na predaj online vo Ve\u013ekej Brit\u00e1nii, Eur\u00f3pe. Bromazepam (Lexotanil) je v skupine liekov zn\u00e1mych ako benzodiazep\u00edny, trieda antidepres\u00edv, antipanick\u00fdch l\u00e1tok a svalov\u00fdch relaxanci\u00ed.","robots":{"index":"index","follow":"follow","max-snippet":"max-snippet:-1","max-image-preview":"max-image-preview:large","max-video-preview":"max-video-preview:-1"},"canonical":"https:\/\/medicinasinc.com\/sk\/product\/kupit-lexotanil-bromazepam-3mg-pilulky-online\/","og_locale":"en_US","og_type":"article","og_title":"K\u00fapte si Lexotanil Bromazepam 3 mg pilulky online - najlep\u0161ie najlep\u0161ie glob\u00e1lne lieky","og_description":"K\u00fapte si tabletky Lexotanil Bromazepam 3 mg na predaj online vo Ve\u013ekej Brit\u00e1nii, Eur\u00f3pe. Bromazepam (Lexotanil) je v skupine liekov zn\u00e1mych ako benzodiazep\u00edny, trieda antidepres\u00edv, antipanick\u00fdch l\u00e1tok a svalov\u00fdch relaxanci\u00ed.","og_url":"https:\/\/medicinasinc.com\/sk\/product\/kupit-lexotanil-bromazepam-3mg-pilulky-online\/","og_site_name":"Medicinas Inc","article_modified_time":"2022-03-22T01:04:48+00:00","og_image":[{"width":600,"height":600,"url":"https:\/\/medicinasinc.com\/sk\/wp-content\/uploads\/sites\/10\/2022\/02\/Buy-Lexotan-Bromazepam-3mg.jpg","type":"image\/jpeg"}],"twitter_card":"summary_large_image","twitter_misc":{"Est. reading time":"3 minutes"},"schema":{"@context":"https:\/\/schema.org","@graph":[{"@type":"WebPage","@id":"https:\/\/medicinasinc.com\/sk\/product\/kupit-lexotanil-bromazepam-3mg-pilulky-online\/","url":"https:\/\/medicinasinc.com\/sk\/product\/kupit-lexotanil-bromazepam-3mg-pilulky-online\/","name":"K\u00fapte si Lexotanil Bromazepam 3 mg pilulky online - najlep\u0161ie najlep\u0161ie glob\u00e1lne lieky","isPartOf":{"@id":"https:\/\/medicinasinc.com\/sk\/#website"},"primaryImageOfPage":{"@id":"https:\/\/medicinasinc.com\/sk\/product\/kupit-lexotanil-bromazepam-3mg-pilulky-online\/#primaryimage"},"image":{"@id":"https:\/\/medicinasinc.com\/sk\/product\/kupit-lexotanil-bromazepam-3mg-pilulky-online\/#primaryimage"},"thumbnailUrl":"https:\/\/medicinasinc.com\/sk\/wp-content\/uploads\/sites\/10\/2022\/02\/Buy-Lexotan-Bromazepam-3mg.jpg","datePublished":"2022-02-20T22:23:28+00:00","dateModified":"2022-03-22T01:04:48+00:00","description":"K\u00fapte si tabletky Lexotanil Bromazepam 3 mg na predaj online vo Ve\u013ekej Brit\u00e1nii, Eur\u00f3pe. Bromazepam (Lexotanil) je v skupine liekov zn\u00e1mych ako benzodiazep\u00edny, trieda antidepres\u00edv, antipanick\u00fdch l\u00e1tok a svalov\u00fdch relaxanci\u00ed.","breadcrumb":{"@id":"https:\/\/medicinasinc.com\/sk\/product\/kupit-lexotanil-bromazepam-3mg-pilulky-online\/#breadcrumb"},"inLanguage":"en-US","potentialAction":[{"@type":"ReadAction","target":["https:\/\/medicinasinc.com\/sk\/product\/kupit-lexotanil-bromazepam-3mg-pilulky-online\/"]}]},{"@type":"ImageObject","inLanguage":"en-US","@id":"https:\/\/medicinasinc.com\/sk\/product\/kupit-lexotanil-bromazepam-3mg-pilulky-online\/#primaryimage","url":"https:\/\/medicinasinc.com\/sk\/wp-content\/uploads\/sites\/10\/2022\/02\/Buy-Lexotan-Bromazepam-3mg.jpg","contentUrl":"https:\/\/medicinasinc.com\/sk\/wp-content\/uploads\/sites\/10\/2022\/02\/Buy-Lexotan-Bromazepam-3mg.jpg","width":600,"height":600},{"@type":"BreadcrumbList","@id":"https:\/\/medicinasinc.com\/sk\/product\/kupit-lexotanil-bromazepam-3mg-pilulky-online\/#breadcrumb","itemListElement":[{"@type":"ListItem","position":1,"name":"Obchod","item":"https:\/\/medicinasinc.com\/sk\/obchod\/"},{"@type":"ListItem","position":2,"name":"K\u00fapte si online tabletky Lexotanil Bromazepam 3 mg"}]},{"@type":"WebSite","@id":"https:\/\/medicinasinc.com\/sk\/#website","url":"https:\/\/medicinasinc.com\/sk\/","name":"Medicinas Inc","description":"Health Medical Clinic","potentialAction":[{"@type":"SearchAction","target":{"@type":"EntryPoint","urlTemplate":"https:\/\/medicinasinc.com\/sk\/?s={search_term_string}"},"query-input":{"@type":"PropertyValueSpecification","valueRequired":true,"valueName":"search_term_string"}}],"inLanguage":"en-US"}]}},"_links":{"self":[{"href":"https:\/\/medicinasinc.com\/sk\/wp-json\/wp\/v2\/product\/5236","targetHints":{"allow":["GET"]}}],"collection":[{"href":"https:\/\/medicinasinc.com\/sk\/wp-json\/wp\/v2\/product"}],"about":[{"href":"https:\/\/medicinasinc.com\/sk\/wp-json\/wp\/v2\/types\/product"}],"replies":[{"embeddable":true,"href":"https:\/\/medicinasinc.com\/sk\/wp-json\/wp\/v2\/comments?post=5236"}],"wp:featuredmedia":[{"embeddable":true,"href":"https:\/\/medicinasinc.com\/sk\/wp-json\/wp\/v2\/media\/5252"}],"wp:attachment":[{"href":"https:\/\/medicinasinc.com\/sk\/wp-json\/wp\/v2\/media?parent=5236"}],"wp:term":[{"taxonomy":"product_brand","embeddable":true,"href":"https:\/\/medicinasinc.com\/sk\/wp-json\/wp\/v2\/product_brand?post=5236"},{"taxonomy":"product_cat","embeddable":true,"href":"https:\/\/medicinasinc.com\/sk\/wp-json\/wp\/v2\/product_cat?post=5236"},{"taxonomy":"product_tag","embeddable":true,"href":"https:\/\/medicinasinc.com\/sk\/wp-json\/wp\/v2\/product_tag?post=5236"}],"curies":[{"name":"wp","href":"https:\/\/api.w.org\/{rel}","templated":true}]}}