{"id":5209,"date":"2022-02-20T21:59:55","date_gmt":"2022-02-20T21:59:55","guid":{"rendered":"https:\/\/medicinasinc.com\/sk\/?post_type=product&#038;p=5209"},"modified":"2022-03-22T01:04:57","modified_gmt":"2022-03-22T01:04:57","slug":"kupit-klonopin-2-mg","status":"publish","type":"product","link":"https:\/\/medicinasinc.com\/sk\/product\/kupit-klonopin-2-mg\/","title":{"rendered":"K\u00fapi\u0165 Klonopin 2 mg"},"content":{"rendered":"<p>Online si m\u00f4\u017eete k\u00fapi\u0165 tabletky Klonopin 2 mg na predaj za n\u00edzku cenu.<\/p>\n<p>Klonopin je skuto\u010dn\u00fd elix\u00edr, ktor\u00fd v\u00e1m pom\u00f4\u017ee vyrovna\u0165 sa s va\u0161imi probl\u00e9mami. Tie\u017e sa budete c\u00edti\u0165 lep\u0161ie.<\/p>\n<p>Klonopin je benzodiazep\u00ednov\u00e9 sedat\u00edvum a antikonvulz\u00edvum a m\u00f4\u017ee \u013eu\u010fom pom\u00f4c\u0165 uvo\u013eni\u0165 sa a presta\u0165 ma\u0165 z\u00e1chvaty. V\u00e4\u010d\u0161inou sa pou\u017e\u00edva na lie\u010dbu \u00fazkostn\u00fdch por\u00fach, ako je panick\u00e1 porucha.<\/p>\n<p>Pozrite sa teraz bli\u017e\u0161ie na Klonopin.<\/p>\n<p>Klonopin je jedin\u00fd benzodiazep\u00edn, ktor\u00fd FDA schv\u00e1lil na lie\u010dbu panickej poruchy . Mnoho \u013eud\u00ed pou\u017e\u00edva Klonopin na lie\u010dbu \u00fazkosti, nepokoja, ak\u00fatnej m\u00e1nie (v kombin\u00e1cii s in\u00fdmi liekmi) a na r\u00fdchle zastavenie z\u00e1chvatov. Pou\u017eitie: Pou\u017e\u00edva sa ako dlhodob\u00e9 antikonvulz\u00edvne lie\u010divo, ako tabletka na spanie, na lie\u010dbu bolesti nervov.<\/p>\n<p>Po u\u017eit\u00ed Klonopinu m\u00f4\u017eu by\u0165 pokojn\u00e9, mo\u017eno povznesen\u00e9 a trochu unaven\u00e9. Ved\u013eaj\u0161ie \u00fa\u010dinky sa l\u00ed\u0161ia od \u010dloveka k \u010dloveku a z\u00e1visia od toho, ko\u013eko u\u017e\u00edvate. Vo v\u00e4\u010d\u0161ine pr\u00edpadov sa Klonopin pod\u00e1va dvakr\u00e1t denne v d\u00e1vke pribli\u017ene 0,25 mg a\u017e 2 mg. \u013dudia s epilepsiou m\u00f4\u017eu u\u017e\u00edva\u0165 a\u017e 20 mg denne.<\/p>\n<p>Klonopin \u00fa\u010dinkuje takto: Ovplyv\u0148uje neurotransmiter GABA, \u010do je protijed. Preto\u017ee Klonopin rob\u00ed to\u013eko vec\u00ed naraz, spoma\u013euje mozog zn\u00ed\u017een\u00edm schopnosti nervov vysiela\u0165 impulzy. V d\u00f4sledku men\u0161ej aktivity sa \u013eudia st\u00e1vaj\u00fa menej \u00fazkostn\u00fdmi a zni\u017euje sa aj pravdepodobnos\u0165, \u017ee dostan\u00fa z\u00e1chvat.<\/p>\n<p>V medic\u00edne sa Klonopin pou\u017e\u00edva na lie\u010dbu z\u00e1chvatov a z\u00e1chvatov paniky. M\u00f4\u017ee sa pou\u017ei\u0165 aj ako hypnotikum na lie\u010dbu \u00fazkostn\u00fdch por\u00fach, panickej poruchy a bolesti. U\u017e\u00edvanie benzodiazep\u00ednov pom\u00f4\u017ee zastavi\u0165 z\u00e1chvat a vr\u00e1ti\u0165 mozgov\u00fa aktivitu do norm\u00e1lu. To m\u00f4\u017ee pom\u00f4c\u0165 aj pri bolesti, najm\u00e4 pri neuropatickej bolesti, preto\u017ee neur\u00f3nom s\u0165a\u017euje vysielanie sign\u00e1lov bolesti, \u010do ich rob\u00ed menej citliv\u00fdmi.<\/p>\n<p>\u010co je potrebn\u00e9 porozpr\u00e1va\u0165 sa s lek\u00e1rom pred u\u017eit\u00edm Klonopinu<\/p>\n<p>Svojmu lek\u00e1rovi by ste mali poveda\u0165, ak:<\/p>\n<p>Aspo\u0148 jeden z t\u00fdchto stavov:<\/p>\n<p>\u2022 probl\u00e9my s pe\u010de\u0148ou<\/p>\n<p>\u2022 zneu\u017e\u00edvanie alkoholu alebo drog, v s\u00fa\u010dasnosti alebo v minulosti;<\/p>\n<p>\u013dudia, ktor\u00ed maj\u00fa astmu, bronchit\u00eddu, emfyz\u00e9m alebo in\u00e9 ochorenia d\u00fdchac\u00edch ciest;<\/p>\n<p>\u2022 sm\u00fatok alebo my\u0161lienky na samovra\u017edu.<\/p>\n<p>A ve\u013ea \u013eud\u00ed, ktor\u00ed maj\u00fa vy\u0161\u0161ie uveden\u00e9 choroby, nem\u00f4\u017ee u\u017e\u00edva\u0165 Klonopin, alebo bud\u00fa musie\u0165 u\u017e\u00edva\u0165 ni\u017e\u0161iu d\u00e1vku lieku a necha\u0165 sa vy\u0161etri\u0165 u svojho lek\u00e1ra.<\/p>\n<p>Ak m\u00e1te viac ako 60 rokov, je pravdepodobn\u00e9, \u017ee s ved\u013eaj\u0161\u00edmi \u00fa\u010dinkami lieku s\u00fa ve\u013emi vysok\u00e9. Z tohto d\u00f4vodu by sa va\u0161a d\u00e1vka Klonopinu mala zmeni\u0165 na z\u00e1klade v\u00e1\u0161ho zdravotn\u00e9ho stavu.<\/p>\n<p>Pou\u017e\u00edvanie:<\/p>\n<p>Klonopin sa m\u00e1 u\u017e\u00edva\u0165 len tak, ako v\u00e1m to ur\u010d\u00ed lek\u00e1r. Pora\u010fte sa so svoj\u00edm lek\u00e1rom alebo lek\u00e1rnikom, ako ho pou\u017e\u00edva\u0165. Ke\u010f si vezmete tabletku, mali by ste ju vypi\u0165 cel\u00fa. Neu\u017e\u00edvajte viac, ako v\u00e1m povedal v\u00e1\u0161 lek\u00e1r. Pred ukon\u010den\u00edm u\u017e\u00edvania lieku sa pora\u010fte so svoj\u00edm lek\u00e1rom.<\/p>\n<p>Pozrite sa, \u010do sa stane, ke\u010f u\u017eijete pr\u00edli\u0161 ve\u013ea lieku.<\/p>\n<p>V pr\u00edpade pred\u00e1vkovania ihne\u010f zavolajte lek\u00e1ra pre\u010d.<\/p>\n<p>Pr\u00edznaky pred\u00e1vkovania:<\/p>\n<p>ospalos\u0165, z\u00e1vraty, zm\u00e4tenos\u0165, pomal\u00fd tlkot srdca, sympt\u00f3my podobn\u00e9 alkoholu a strata vedomia s\u00fa v\u0161etky pr\u00edznaky alkoholizmu.<\/p>\n<p>Ak niekto u\u017eije pr\u00edli\u0161 ve\u013ea lieku, vykon\u00e1 sa v\u00fdplach \u017eal\u00fadka a lie\u010dba ved\u013eaj\u0161\u00edch \u00fa\u010dinkov.<\/p>\n<p>Pri veden\u00ed vozidla, obsluhe strojov alebo inej pr\u00e1ci, ktor\u00e1 by mohla by\u0165 nebezpe\u010dn\u00e1, bu\u010fte opatrn\u00ed.<\/p>\n<p> p&gt; <\/p>\n<p>V pr\u00edpade ospalosti alebo z\u00e1vratov by ste tak\u00e9to veci nemali robi\u0165.<\/p>\n<p>Alkohol by sa nemal mie\u0161a\u0165 s Klonopinom. Alkohol zvy\u0161uje pravdepodobnos\u0165, \u017ee Klonopin sp\u00f4sob\u00ed z\u00e1va\u017en\u00e9 ved\u013eaj\u0161ie \u00fa\u010dinky. V d\u00f4sledku toho existuje v\u00e4\u010d\u0161ia \u0161anca, \u017ee budete ma\u0165 aj z\u00e1chvaty.<\/p>\n<p>\u010co m\u00e1 Klonopin?<\/p>\n<p>alergia: d\u00fdchavi\u010dnos\u0165, opuch pier, tv\u00e1re, jazyka alebo vyr\u00e1\u017eka <\/p>\n<p>Je tu tie\u017e \u0161anca, \u017ee sa objavia in\u00e9, menej z\u00e1va\u017en\u00e9 ved\u013eaj\u0161ie \u00fa\u010dinky.<\/p>\n<p>Pokra\u010dujte v u\u017e\u00edvan\u00ed lieku a povedzte svojmu lek\u00e1rovi, ak m\u00e1te:<\/p>\n<p>Ospalos\u0165 ; z\u00e1vrat alebo nepr\u00edjemn\u00fd pohyb; depresie; to\u010denie hlavy, nevo\u013enos\u0165, hna\u010dka alebo z\u00e1pcha; \u0165a\u017ekosti s mo\u010den\u00edm, no\u010dn\u00e9 mory, bolesti hlavy, sucho v \u00fastach, pokles sexu\u00e1lnej t\u00fa\u017eby a zmeny v spr\u00e1van\u00ed, to v\u0161etko s\u00fa pr\u00edznaky depresie.<\/p>\n<p>D\u00e1vkovanie a ako sa to rob\u00ed<\/p>\n<p>Lie\u010dba Klonopinom za\u010d\u00edna mal\u00fdmi d\u00e1vkami a postupne ich zvy\u0161uje, aby sa dosiahli \u010do najlep\u0161ie v\u00fdsledky. Preto\u017ee ka\u017ed\u00fd \u010dlovek m\u00e1 in\u00fd stav a reakciu tela na u\u017e\u00edvanie lieku, d\u00e1vkovanie je prisp\u00f4soben\u00e9 jeho potreb\u00e1m. Najbe\u017enej\u0161ia d\u00e1vka Klonopinu je 0,5 mg trikr\u00e1t denne. Ak sa nedosiahne terapeutick\u00fd \u00fa\u010dinok, d\u00e1vka sa m\u00f4\u017ee zvy\u0161ova\u0165 ka\u017ed\u00fd tret\u00ed de\u0148 lie\u010dby, k\u00fdm sa to nestane.<\/p>\n<p>Ke\u010f sa liek u\u017e\u00edva vo vysok\u00fdch d\u00e1vkach, najm\u00e4 po\u010das dlh\u00e9ho obdobia, m\u00f4\u017ee to sp\u00f4sobi\u0165 probl\u00e9my s artikul\u00e1ciou, diplopia, nystagmus, paradoxn\u00e9 reakcie (ako n\u00e1hle vzru\u0161enie) a anterogr\u00e1dna amn\u00e9zia. Nieko\u013ekokr\u00e1t m\u00e1 \u010dlovek reakciu z precitlivenosti, svalov\u00fa slabos\u0165 alebo depresiu. \u013dudia s niektor\u00fdmi typmi epilepsie m\u00f4\u017eu ma\u0165 viac z\u00e1chvatov, ak sa lie\u010dia dlh\u0161\u00ed \u010das.<\/p>\n","protected":false},"excerpt":{"rendered":"<p>K\u00fapte si tabletky Klonopin 2 mg na predaj vo Ve\u013ekej Brit\u00e1nii, Eur\u00f3pe a vo zvy\u0161ku sveta. Klonopin (Clonazepam) m\u00f4\u017ee pom\u00f4c\u0165 \u013eu\u010fom so z\u00e1chvatmi, panickou poruchou a \u00fazkos\u0165ou. Benzodiazep\u00edny s\u00fa lieky, v\u010faka ktor\u00fdm sa c\u00edtite pokojne.<\/p>\n<p>Klonazepam klonop\u00edn 2 mg mo\u017eno k\u00fapi\u0165 online za najlep\u0161iu cenu na najlep\u0161om mieste. Best Global Meds je zn\u00e1ma online lek\u00e1re\u0148, ktor\u00e1 pred\u00e1va iba leg\u00e1lne lieky. Ke\u010f si objedn\u00e1te online, m\u00f4\u017eete u\u0161etri\u0165 peniaze a \u010das.<\/p>\n<p>Spojen\u00e9 kr\u00e1\u013eovstvo, Eur\u00f3pa: Chcem Klonopin na predaj. V Eur\u00f3pe s\u00fa miesta, kde si m\u00f4\u017eete k\u00fapi\u0165 klonazepam online a k\u00fapi\u0165 klonop\u00edn 2 mg tablety.<\/p>\n","protected":false},"featured_media":5228,"comment_status":"open","ping_status":"closed","template":"","meta":[],"product_brand":[],"product_cat":[1117],"product_tag":[1370,1412,1382,1379,1378,1381,1380,1401,1414,1371,1372,1373,1374,1375,1416,1415,1395,1376,1377,1384,1385,1386,1387,1388,1390,1389,1391,1393,1410,1394,1398,1399,1400,1397,1396,1403,1405,1404,1406,1407,1408,1409,1383,1402,1411,1413,1417,1418,1392],"class_list":{"0":"post-5209","1":"product","2":"type-product","3":"status-publish","4":"has-post-thumbnail","6":"product_cat-kupte-si-tabletky-proti-bolesti-spanku-sexu","7":"product_tag-1-mg-klonopnu","8":"product_tag-abstinenn-prznaky-klonopnu","9":"product_tag-ako-dlho-trv-klonopn-aby-fungoval","10":"product_tag-ako-dlho-klonopn-vydr","11":"product_tag-ako-dlho-to-trv-km-sa-klonopn-dostane-do-kopy","12":"product_tag-ako-dlho-zostva-klonopn-vo-vaom-moi","13":"product_tag-ako-dlho-klonopn-zostva-vo-vaom-systme","14":"product_tag-klonopn-liek","15":"product_tag-ako-vyzer-klonopn","16":"product_tag-ativan-vs-klonopn","17":"product_tag-blue-klonopin","18":"product_tag-blue-klonopin-2mg","19":"product_tag-can-you-take-klonopin-for-life","20":"product_tag-clonazepam-klonopin-orange-pill-1-2","21":"product_tag-o-je-klonopn","22":"product_tag-o-je-vysok-dvka-klonopnu","23":"product_tag-dvky-klonopnu","24":"product_tag-generick-klonopn","25":"product_tag-half-life-of-klonopin","26":"product_tag-is-1mg-of-klonopin-a-low-dose","27":"product_tag-is-klonopin-a-benzo","28":"product_tag-is-klonopin-a-controlled-substance","29":"product_tag-is-klonopin-a-narcotic","30":"product_tag-klonopn","31":"product_tag-klonopn-1-mg","32":"product_tag-klonopn-10-mg","33":"product_tag-klonopn-2-mg","34":"product_tag-klonopn-a-alkohol","35":"product_tag-klonopn-na-chudnutie","36":"product_tag-klonopin-dosage","37":"product_tag-klonopn-generick","38":"product_tag-klonopin-half-life","39":"product_tag-klonopin-high","40":"product_tag-clonope-c3-adn-on-sleep","41":"product_tag-klonopn-prezkos","42":"product_tag-klonopin-pill","43":"product_tag-pouitie-klonopnu","44":"product_tag-klonopin-side-effects","45":"product_tag-klonopn-vs-ativan","46":"product_tag-klonopn-vs-valium","47":"product_tag-klonopn-vs-xanax","48":"product_tag-klonopin-vs-xanax-reddit","49":"product_tag-koko-hodn-medzi-dvkami-klonopnu","50":"product_tag-pred-c3-a1vkovanie-klonop-c3-adnom","51":"product_tag-klonopn-odvykanie","52":"product_tag-vedajie-inky-klonopnu","53":"product_tag-what-is-klonopin-used-for","54":"product_tag-xanax-vs-klonopn","55":"product_tag-z-c3-a1vislos-c5-a5-klonop-c3-adnu","57":"first","58":"instock","59":"shipping-taxable","60":"purchasable","61":"product-type-variable","62":"has-default-attributes"},"yoast_head":"<!-- This site is optimized with the Yoast SEO plugin v27.3 - https:\/\/yoast.com\/product\/yoast-seo-wordpress\/ -->\n<title>K\u00fapi\u0165 Klonopin 2 mg - Klonopin Online predaj - Najlep\u0161ie najlep\u0161ie glob\u00e1lne lieky<\/title>\n<meta name=\"description\" content=\"K\u00fapi\u0165 Klonopin 2 mg na predaj tabletky pre Spojen\u00e9 kr\u00e1\u013eovstvo, Eur\u00f3pu online. Klonopin (Clonazepam) lie\u010di z\u00e1chvaty, panick\u00fa poruchu a \u00fazkos\u0165. Tento liek je benzodiazep\u00edn.\" \/>\n<meta name=\"robots\" content=\"index, follow, max-snippet:-1, max-image-preview:large, max-video-preview:-1\" \/>\n<link rel=\"canonical\" href=\"https:\/\/medicinasinc.com\/sk\/product\/kupit-klonopin-2-mg\/\" \/>\n<meta property=\"og:locale\" content=\"en_US\" \/>\n<meta property=\"og:type\" content=\"article\" \/>\n<meta property=\"og:title\" content=\"K\u00fapi\u0165 Klonopin 2 mg - Klonopin Online predaj - Najlep\u0161ie najlep\u0161ie glob\u00e1lne lieky\" \/>\n<meta property=\"og:description\" content=\"K\u00fapi\u0165 Klonopin 2 mg na predaj tabletky pre Spojen\u00e9 kr\u00e1\u013eovstvo, Eur\u00f3pu online. Klonopin (Clonazepam) lie\u010di z\u00e1chvaty, panick\u00fa poruchu a \u00fazkos\u0165. Tento liek je benzodiazep\u00edn.\" \/>\n<meta property=\"og:url\" content=\"https:\/\/medicinasinc.com\/sk\/product\/kupit-klonopin-2-mg\/\" \/>\n<meta property=\"og:site_name\" content=\"Medicinas Inc\" \/>\n<meta property=\"article:modified_time\" content=\"2022-03-22T01:04:57+00:00\" \/>\n<meta property=\"og:image\" content=\"https:\/\/medicinasinc.com\/sk\/wp-content\/uploads\/sites\/10\/2022\/02\/Buy-Klonopin-2-mg.jpeg\" \/>\n\t<meta property=\"og:image:width\" content=\"236\" \/>\n\t<meta property=\"og:image:height\" content=\"296\" \/>\n\t<meta property=\"og:image:type\" content=\"image\/jpeg\" \/>\n<meta name=\"twitter:card\" content=\"summary_large_image\" \/>\n<meta name=\"twitter:label1\" content=\"Est. reading time\" \/>\n\t<meta name=\"twitter:data1\" content=\"4 minutes\" \/>\n<script type=\"application\/ld+json\" class=\"yoast-schema-graph\">{\"@context\":\"https:\\\/\\\/schema.org\",\"@graph\":[{\"@type\":\"WebPage\",\"@id\":\"https:\\\/\\\/medicinasinc.com\\\/sk\\\/product\\\/kupit-klonopin-2-mg\\\/\",\"url\":\"https:\\\/\\\/medicinasinc.com\\\/sk\\\/product\\\/kupit-klonopin-2-mg\\\/\",\"name\":\"K\u00fapi\u0165 Klonopin 2 mg - Klonopin Online predaj - Najlep\u0161ie najlep\u0161ie glob\u00e1lne lieky\",\"isPartOf\":{\"@id\":\"https:\\\/\\\/medicinasinc.com\\\/sk\\\/#website\"},\"primaryImageOfPage\":{\"@id\":\"https:\\\/\\\/medicinasinc.com\\\/sk\\\/product\\\/kupit-klonopin-2-mg\\\/#primaryimage\"},\"image\":{\"@id\":\"https:\\\/\\\/medicinasinc.com\\\/sk\\\/product\\\/kupit-klonopin-2-mg\\\/#primaryimage\"},\"thumbnailUrl\":\"https:\\\/\\\/medicinasinc.com\\\/sk\\\/wp-content\\\/uploads\\\/sites\\\/10\\\/2022\\\/02\\\/Buy-Klonopin-2-mg.jpeg\",\"datePublished\":\"2022-02-20T21:59:55+00:00\",\"dateModified\":\"2022-03-22T01:04:57+00:00\",\"description\":\"K\u00fapi\u0165 Klonopin 2 mg na predaj tabletky pre Spojen\u00e9 kr\u00e1\u013eovstvo, Eur\u00f3pu online. Klonopin (Clonazepam) lie\u010di z\u00e1chvaty, panick\u00fa poruchu a \u00fazkos\u0165. Tento liek je benzodiazep\u00edn.\",\"breadcrumb\":{\"@id\":\"https:\\\/\\\/medicinasinc.com\\\/sk\\\/product\\\/kupit-klonopin-2-mg\\\/#breadcrumb\"},\"inLanguage\":\"en-US\",\"potentialAction\":[{\"@type\":\"ReadAction\",\"target\":[\"https:\\\/\\\/medicinasinc.com\\\/sk\\\/product\\\/kupit-klonopin-2-mg\\\/\"]}]},{\"@type\":\"ImageObject\",\"inLanguage\":\"en-US\",\"@id\":\"https:\\\/\\\/medicinasinc.com\\\/sk\\\/product\\\/kupit-klonopin-2-mg\\\/#primaryimage\",\"url\":\"https:\\\/\\\/medicinasinc.com\\\/sk\\\/wp-content\\\/uploads\\\/sites\\\/10\\\/2022\\\/02\\\/Buy-Klonopin-2-mg.jpeg\",\"contentUrl\":\"https:\\\/\\\/medicinasinc.com\\\/sk\\\/wp-content\\\/uploads\\\/sites\\\/10\\\/2022\\\/02\\\/Buy-Klonopin-2-mg.jpeg\",\"width\":236,\"height\":296},{\"@type\":\"BreadcrumbList\",\"@id\":\"https:\\\/\\\/medicinasinc.com\\\/sk\\\/product\\\/kupit-klonopin-2-mg\\\/#breadcrumb\",\"itemListElement\":[{\"@type\":\"ListItem\",\"position\":1,\"name\":\"Obchod\",\"item\":\"https:\\\/\\\/medicinasinc.com\\\/sk\\\/obchod\\\/\"},{\"@type\":\"ListItem\",\"position\":2,\"name\":\"K\u00fapi\u0165 Klonopin 2 mg\"}]},{\"@type\":\"WebSite\",\"@id\":\"https:\\\/\\\/medicinasinc.com\\\/sk\\\/#website\",\"url\":\"https:\\\/\\\/medicinasinc.com\\\/sk\\\/\",\"name\":\"Medicinas Inc\",\"description\":\"Health Medical Clinic\",\"potentialAction\":[{\"@type\":\"SearchAction\",\"target\":{\"@type\":\"EntryPoint\",\"urlTemplate\":\"https:\\\/\\\/medicinasinc.com\\\/sk\\\/?s={search_term_string}\"},\"query-input\":{\"@type\":\"PropertyValueSpecification\",\"valueRequired\":true,\"valueName\":\"search_term_string\"}}],\"inLanguage\":\"en-US\"}]}<\/script>\n<!-- \/ Yoast SEO plugin. -->","yoast_head_json":{"title":"K\u00fapi\u0165 Klonopin 2 mg - Klonopin Online predaj - Najlep\u0161ie najlep\u0161ie glob\u00e1lne lieky","description":"K\u00fapi\u0165 Klonopin 2 mg na predaj tabletky pre Spojen\u00e9 kr\u00e1\u013eovstvo, Eur\u00f3pu online. Klonopin (Clonazepam) lie\u010di z\u00e1chvaty, panick\u00fa poruchu a \u00fazkos\u0165. Tento liek je benzodiazep\u00edn.","robots":{"index":"index","follow":"follow","max-snippet":"max-snippet:-1","max-image-preview":"max-image-preview:large","max-video-preview":"max-video-preview:-1"},"canonical":"https:\/\/medicinasinc.com\/sk\/product\/kupit-klonopin-2-mg\/","og_locale":"en_US","og_type":"article","og_title":"K\u00fapi\u0165 Klonopin 2 mg - Klonopin Online predaj - Najlep\u0161ie najlep\u0161ie glob\u00e1lne lieky","og_description":"K\u00fapi\u0165 Klonopin 2 mg na predaj tabletky pre Spojen\u00e9 kr\u00e1\u013eovstvo, Eur\u00f3pu online. Klonopin (Clonazepam) lie\u010di z\u00e1chvaty, panick\u00fa poruchu a \u00fazkos\u0165. Tento liek je benzodiazep\u00edn.","og_url":"https:\/\/medicinasinc.com\/sk\/product\/kupit-klonopin-2-mg\/","og_site_name":"Medicinas Inc","article_modified_time":"2022-03-22T01:04:57+00:00","og_image":[{"width":236,"height":296,"url":"https:\/\/medicinasinc.com\/sk\/wp-content\/uploads\/sites\/10\/2022\/02\/Buy-Klonopin-2-mg.jpeg","type":"image\/jpeg"}],"twitter_card":"summary_large_image","twitter_misc":{"Est. reading time":"4 minutes"},"schema":{"@context":"https:\/\/schema.org","@graph":[{"@type":"WebPage","@id":"https:\/\/medicinasinc.com\/sk\/product\/kupit-klonopin-2-mg\/","url":"https:\/\/medicinasinc.com\/sk\/product\/kupit-klonopin-2-mg\/","name":"K\u00fapi\u0165 Klonopin 2 mg - Klonopin Online predaj - Najlep\u0161ie najlep\u0161ie glob\u00e1lne lieky","isPartOf":{"@id":"https:\/\/medicinasinc.com\/sk\/#website"},"primaryImageOfPage":{"@id":"https:\/\/medicinasinc.com\/sk\/product\/kupit-klonopin-2-mg\/#primaryimage"},"image":{"@id":"https:\/\/medicinasinc.com\/sk\/product\/kupit-klonopin-2-mg\/#primaryimage"},"thumbnailUrl":"https:\/\/medicinasinc.com\/sk\/wp-content\/uploads\/sites\/10\/2022\/02\/Buy-Klonopin-2-mg.jpeg","datePublished":"2022-02-20T21:59:55+00:00","dateModified":"2022-03-22T01:04:57+00:00","description":"K\u00fapi\u0165 Klonopin 2 mg na predaj tabletky pre Spojen\u00e9 kr\u00e1\u013eovstvo, Eur\u00f3pu online. Klonopin (Clonazepam) lie\u010di z\u00e1chvaty, panick\u00fa poruchu a \u00fazkos\u0165. Tento liek je benzodiazep\u00edn.","breadcrumb":{"@id":"https:\/\/medicinasinc.com\/sk\/product\/kupit-klonopin-2-mg\/#breadcrumb"},"inLanguage":"en-US","potentialAction":[{"@type":"ReadAction","target":["https:\/\/medicinasinc.com\/sk\/product\/kupit-klonopin-2-mg\/"]}]},{"@type":"ImageObject","inLanguage":"en-US","@id":"https:\/\/medicinasinc.com\/sk\/product\/kupit-klonopin-2-mg\/#primaryimage","url":"https:\/\/medicinasinc.com\/sk\/wp-content\/uploads\/sites\/10\/2022\/02\/Buy-Klonopin-2-mg.jpeg","contentUrl":"https:\/\/medicinasinc.com\/sk\/wp-content\/uploads\/sites\/10\/2022\/02\/Buy-Klonopin-2-mg.jpeg","width":236,"height":296},{"@type":"BreadcrumbList","@id":"https:\/\/medicinasinc.com\/sk\/product\/kupit-klonopin-2-mg\/#breadcrumb","itemListElement":[{"@type":"ListItem","position":1,"name":"Obchod","item":"https:\/\/medicinasinc.com\/sk\/obchod\/"},{"@type":"ListItem","position":2,"name":"K\u00fapi\u0165 Klonopin 2 mg"}]},{"@type":"WebSite","@id":"https:\/\/medicinasinc.com\/sk\/#website","url":"https:\/\/medicinasinc.com\/sk\/","name":"Medicinas Inc","description":"Health Medical Clinic","potentialAction":[{"@type":"SearchAction","target":{"@type":"EntryPoint","urlTemplate":"https:\/\/medicinasinc.com\/sk\/?s={search_term_string}"},"query-input":{"@type":"PropertyValueSpecification","valueRequired":true,"valueName":"search_term_string"}}],"inLanguage":"en-US"}]}},"_links":{"self":[{"href":"https:\/\/medicinasinc.com\/sk\/wp-json\/wp\/v2\/product\/5209","targetHints":{"allow":["GET"]}}],"collection":[{"href":"https:\/\/medicinasinc.com\/sk\/wp-json\/wp\/v2\/product"}],"about":[{"href":"https:\/\/medicinasinc.com\/sk\/wp-json\/wp\/v2\/types\/product"}],"replies":[{"embeddable":true,"href":"https:\/\/medicinasinc.com\/sk\/wp-json\/wp\/v2\/comments?post=5209"}],"wp:featuredmedia":[{"embeddable":true,"href":"https:\/\/medicinasinc.com\/sk\/wp-json\/wp\/v2\/media\/5228"}],"wp:attachment":[{"href":"https:\/\/medicinasinc.com\/sk\/wp-json\/wp\/v2\/media?parent=5209"}],"wp:term":[{"taxonomy":"product_brand","embeddable":true,"href":"https:\/\/medicinasinc.com\/sk\/wp-json\/wp\/v2\/product_brand?post=5209"},{"taxonomy":"product_cat","embeddable":true,"href":"https:\/\/medicinasinc.com\/sk\/wp-json\/wp\/v2\/product_cat?post=5209"},{"taxonomy":"product_tag","embeddable":true,"href":"https:\/\/medicinasinc.com\/sk\/wp-json\/wp\/v2\/product_tag?post=5209"}],"curies":[{"name":"wp","href":"https:\/\/api.w.org\/{rel}","templated":true}]}}